{"id":7115,"date":"2022-11-30T21:17:08","date_gmt":"2022-11-30T19:17:08","guid":{"rendered":"https:\/\/eheating.lt\/?post_type=product&#038;p=7115"},"modified":"2024-08-15T20:02:38","modified_gmt":"2024-08-15T17:02:38","slug":"grindinio-sildymo-kolektorius-13-ziedu-magnum-premium-plastic-open-lt","status":"publish","type":"product","link":"https:\/\/eheating.lt\/en\/produktas\/grindinio-sildymo-kolektorius-13-ziedu-magnum-premium-plastic-open-lt\/","title":{"rendered":"Grindinio \u0161ildymo kolektorius 13 \u017eied\u0173 MAGNUM"},"content":{"rendered":"<ul>\n<li>Pagaminta i\u0161 atskir\u0173 plastikini\u0173 element\u0173, su 10 met\u0173 garantija<\/li>\n<li>Termostatin\u0117s grup\u0117s vo\u017etuvai M30x 1,5 tinka MAGNUM pavaroms<\/li>\n<li>Grup\u0117s su profesionaliu srauto matuokliu, kurio diapazonas yra 0-2,5 l\/min<\/li>\n<li>Grupin\u0117s jungtys, tinkamos \u00be\u201d eurokonusams<\/li>\n<li>Pirmin\u0117 jungtis 1\u201d U\u017esandarinama rutuliniais vo\u017etuvais<\/li>\n<li>Standarti\u0161kai kolektorius tiekiamas su montavimo med\u017eiaga<\/li>\n<li>Rutulinis vo\u017etuvas 1&#8243; su raudona rankena<\/li>\n<li>Srauto matuoklis Camflux 2,5 l\/m- 1\/2&#8243;<\/li>\n<li>Bimetalinis termometras su DB<\/li>\n<li>Automatin\u0117 oro i\u0161leidimo anga, nikeliuota 1\/2&#8243; + O \u017eiedas<\/li>\n<li>Rutulinis vo\u017etuvas 1&#8243; su m\u0117lyna rankena<\/li>\n<\/ul>\n<p>&nbsp;<\/p>\n<p><img decoding=\"async\" style=\"height: 30px;\" src=\"http:\/\/eheating.lt\/wp-content\/uploads\/2022\/12\/pdf.png\" \/><a href=\"http:\/\/eheating.lt\/wp-content\/uploads\/2023\/01\/Magnum-Heating-Premium-Plastic-Open-LT-datasheet.pdf\"><strong>Specifikacijos (Angl\u0173 k.)<\/strong><\/a><\/p>\n<p>&nbsp;<\/p>\n","protected":false},"excerpt":{"rendered":"<p>MAGNUM Premium Plastic Open kolektorius susideda i\u0161 atskir\u0173 plastikini\u0173 element\u0173, kurie sujungiami srieginiais strypais. D\u0117l to kolektorius yra modulinis.Atskiri elementai pagaminti i\u0161 stiklo pluo\u0161tu sustiprinto poliamido plastiko, kuris labai tinka auk\u0161tai ir \u017eemai temperat\u016brai.<\/p>\n","protected":false},"featured_media":8846,"comment_status":"closed","ping_status":"closed","template":"","meta":[],"product_brand":[],"product_cat":[160,159],"product_tag":[974],"class_list":{"0":"post-7115","1":"product","2":"type-product","3":"status-publish","4":"has-post-thumbnail","6":"product_cat-grindinio-sildymo-kolektoriai","7":"product_cat-kolektoriai","8":"product_tag-ean","10":"first","11":"onbackorder","12":"taxable","13":"shipping-taxable","14":"purchasable","15":"product-type-simple"},"yoast_head":"<!-- This site is optimized with the Yoast SEO Premium plugin v21.5 (Yoast SEO v27.3) - https:\/\/yoast.com\/product\/yoast-seo-premium-wordpress\/ -->\n<title>Grindinio \u0161ildymo kolektorius 13 \u017eied\u0173 MAGNUM Premium Plastic Open LT<\/title>\n<meta name=\"robots\" content=\"index, follow, max-snippet:-1, max-image-preview:large, max-video-preview:-1\" \/>\n<link rel=\"canonical\" href=\"https:\/\/eheating.lt\/produktas\/grindinio-sildymo-kolektorius-13-ziedu-magnum-premium-plastic-open-lt\/\" \/>\n<meta property=\"og:locale\" content=\"en_US\" \/>\n<meta property=\"og:type\" content=\"article\" \/>\n<meta property=\"og:title\" content=\"Grindinio \u0161ildymo kolektorius 13 \u017eied\u0173 MAGNUM Premium Plastic Open LT\" \/>\n<meta property=\"og:description\" content=\"MAGNUM Premium Plastic Open kolektorius susideda i\u0161 atskir\u0173 plastikini\u0173 element\u0173, kurie sujungiami srieginiais strypais. D\u0117l to kolektorius yra modulinis.Atskiri elementai pagaminti i\u0161 stiklo pluo\u0161tu sustiprinto poliamido plastiko, kuris labai tinka auk\u0161tai ir \u017eemai temperat\u016brai.\" \/>\n<meta property=\"og:url\" content=\"https:\/\/eheating.lt\/produktas\/grindinio-sildymo-kolektorius-13-ziedu-magnum-premium-plastic-open-lt\/\" \/>\n<meta property=\"og:site_name\" content=\"Elektronika Namams\" \/>\n<meta property=\"article:publisher\" content=\"https:\/\/www.facebook.com\/ElektronikaNamams\" \/>\n<meta property=\"article:modified_time\" content=\"2024-08-15T17:02:38+00:00\" \/>\n<meta property=\"og:image\" content=\"https:\/\/eheating.lt\/wp-content\/uploads\/2022\/11\/MagnumHeating-Premium-Plastic-.png\" \/>\n\t<meta property=\"og:image:width\" content=\"800\" \/>\n\t<meta property=\"og:image:height\" content=\"800\" \/>\n\t<meta property=\"og:image:type\" content=\"image\/png\" \/>\n<meta name=\"twitter:card\" content=\"summary_large_image\" \/>\n<meta name=\"twitter:label1\" content=\"Price\" \/>\n\t<meta name=\"twitter:data1\" content=\"823,24&nbsp;&euro;\" \/>\n\t<meta name=\"twitter:label2\" content=\"Availability\" \/>\n\t<meta name=\"twitter:data2\" content=\"On backorder\" \/>\n<script type=\"application\/ld+json\" class=\"yoast-schema-graph\">{\"@context\":\"https:\\\/\\\/schema.org\",\"@graph\":[{\"@type\":\"WebPage\",\"@id\":\"https:\\\/\\\/eheating.lt\\\/produktas\\\/grindinio-sildymo-kolektorius-13-ziedu-magnum-premium-plastic-open-lt\\\/\",\"url\":\"https:\\\/\\\/eheating.lt\\\/produktas\\\/grindinio-sildymo-kolektorius-13-ziedu-magnum-premium-plastic-open-lt\\\/\",\"name\":\"Grindinio \u0161ildymo kolektorius 13 \u017eied\u0173 MAGNUM Premium Plastic Open LT\",\"isPartOf\":{\"@id\":\"https:\\\/\\\/eheating.lt\\\/#website\"},\"primaryImageOfPage\":{\"@id\":\"https:\\\/\\\/eheating.lt\\\/produktas\\\/grindinio-sildymo-kolektorius-13-ziedu-magnum-premium-plastic-open-lt\\\/#primaryimage\"},\"image\":{\"@id\":\"https:\\\/\\\/eheating.lt\\\/produktas\\\/grindinio-sildymo-kolektorius-13-ziedu-magnum-premium-plastic-open-lt\\\/#primaryimage\"},\"thumbnailUrl\":\"https:\\\/\\\/eheating.lt\\\/wp-content\\\/uploads\\\/2022\\\/11\\\/MagnumHeating-Premium-Plastic-.png\",\"datePublished\":\"2022-11-30T19:17:08+00:00\",\"dateModified\":\"2024-08-15T17:02:38+00:00\",\"breadcrumb\":{\"@id\":\"https:\\\/\\\/eheating.lt\\\/produktas\\\/grindinio-sildymo-kolektorius-13-ziedu-magnum-premium-plastic-open-lt\\\/#breadcrumb\"},\"inLanguage\":\"en-US\",\"potentialAction\":[{\"@type\":\"ReadAction\",\"target\":[\"https:\\\/\\\/eheating.lt\\\/produktas\\\/grindinio-sildymo-kolektorius-13-ziedu-magnum-premium-plastic-open-lt\\\/\"]}]},{\"@type\":\"ImageObject\",\"inLanguage\":\"en-US\",\"@id\":\"https:\\\/\\\/eheating.lt\\\/produktas\\\/grindinio-sildymo-kolektorius-13-ziedu-magnum-premium-plastic-open-lt\\\/#primaryimage\",\"url\":\"https:\\\/\\\/eheating.lt\\\/wp-content\\\/uploads\\\/2022\\\/11\\\/MagnumHeating-Premium-Plastic-.png\",\"contentUrl\":\"https:\\\/\\\/eheating.lt\\\/wp-content\\\/uploads\\\/2022\\\/11\\\/MagnumHeating-Premium-Plastic-.png\",\"width\":800,\"height\":800,\"caption\":\"MAGNUM Premium Plastic Open LT\"},{\"@type\":\"BreadcrumbList\",\"@id\":\"https:\\\/\\\/eheating.lt\\\/produktas\\\/grindinio-sildymo-kolektorius-13-ziedu-magnum-premium-plastic-open-lt\\\/#breadcrumb\",\"itemListElement\":[{\"@type\":\"ListItem\",\"position\":1,\"name\":\"Prad\u017eia\",\"item\":\"https:\\\/\\\/eheating.lt\\\/en\\\/\"},{\"@type\":\"ListItem\",\"position\":2,\"name\":\"Shop\",\"item\":\"https:\\\/\\\/eheating.lt\\\/en\\\/?page_id=5734\"},{\"@type\":\"ListItem\",\"position\":3,\"name\":\"Grindinio \u0161ildymo kolektorius 13 \u017eied\u0173 MAGNUM Premium Plastic Open LT\"}]},{\"@type\":\"WebSite\",\"@id\":\"https:\\\/\\\/eheating.lt\\\/#website\",\"url\":\"https:\\\/\\\/eheating.lt\\\/\",\"name\":\"eHeating\",\"description\":\"Elektronika ir \u0161ildymas\",\"potentialAction\":[{\"@type\":\"SearchAction\",\"target\":{\"@type\":\"EntryPoint\",\"urlTemplate\":\"https:\\\/\\\/eheating.lt\\\/?s={search_term_string}\"},\"query-input\":{\"@type\":\"PropertyValueSpecification\",\"valueRequired\":true,\"valueName\":\"search_term_string\"}}],\"inLanguage\":\"en-US\"}]}<\/script>\n<meta property=\"product:price:amount\" content=\"823.24\" \/>\n<meta property=\"product:price:currency\" content=\"EUR\" \/>\n<meta property=\"og:availability\" content=\"backorder\" \/>\n<meta property=\"product:availability\" content=\"available for order\" \/>\n<meta property=\"product:retailer_item_id\" content=\"MAGNUM-PREM-PLAST-13\" \/>\n<meta property=\"product:condition\" content=\"new\" \/>\n<!-- \/ Yoast SEO Premium plugin. -->","yoast_head_json":{"title":"Grindinio \u0161ildymo kolektorius 13 \u017eied\u0173 MAGNUM Premium Plastic Open LT","robots":{"index":"index","follow":"follow","max-snippet":"max-snippet:-1","max-image-preview":"max-image-preview:large","max-video-preview":"max-video-preview:-1"},"canonical":"https:\/\/eheating.lt\/produktas\/grindinio-sildymo-kolektorius-13-ziedu-magnum-premium-plastic-open-lt\/","og_locale":"en_US","og_type":"article","og_title":"Grindinio \u0161ildymo kolektorius 13 \u017eied\u0173 MAGNUM Premium Plastic Open LT","og_description":"MAGNUM Premium Plastic Open kolektorius susideda i\u0161 atskir\u0173 plastikini\u0173 element\u0173, kurie sujungiami srieginiais strypais. D\u0117l to kolektorius yra modulinis.Atskiri elementai pagaminti i\u0161 stiklo pluo\u0161tu sustiprinto poliamido plastiko, kuris labai tinka auk\u0161tai ir \u017eemai temperat\u016brai.","og_url":"https:\/\/eheating.lt\/produktas\/grindinio-sildymo-kolektorius-13-ziedu-magnum-premium-plastic-open-lt\/","og_site_name":"Elektronika Namams","article_publisher":"https:\/\/www.facebook.com\/ElektronikaNamams","article_modified_time":"2024-08-15T17:02:38+00:00","og_image":[{"width":800,"height":800,"url":"https:\/\/eheating.lt\/wp-content\/uploads\/2022\/11\/MagnumHeating-Premium-Plastic-.png","type":"image\/png"}],"twitter_card":"summary_large_image","twitter_misc":{"Price":"823,24&nbsp;&euro;","Availability":"On backorder"},"schema":{"@context":"https:\/\/schema.org","@graph":[{"@type":"WebPage","@id":"https:\/\/eheating.lt\/produktas\/grindinio-sildymo-kolektorius-13-ziedu-magnum-premium-plastic-open-lt\/","url":"https:\/\/eheating.lt\/produktas\/grindinio-sildymo-kolektorius-13-ziedu-magnum-premium-plastic-open-lt\/","name":"Grindinio \u0161ildymo kolektorius 13 \u017eied\u0173 MAGNUM Premium Plastic Open LT","isPartOf":{"@id":"https:\/\/eheating.lt\/#website"},"primaryImageOfPage":{"@id":"https:\/\/eheating.lt\/produktas\/grindinio-sildymo-kolektorius-13-ziedu-magnum-premium-plastic-open-lt\/#primaryimage"},"image":{"@id":"https:\/\/eheating.lt\/produktas\/grindinio-sildymo-kolektorius-13-ziedu-magnum-premium-plastic-open-lt\/#primaryimage"},"thumbnailUrl":"https:\/\/eheating.lt\/wp-content\/uploads\/2022\/11\/MagnumHeating-Premium-Plastic-.png","datePublished":"2022-11-30T19:17:08+00:00","dateModified":"2024-08-15T17:02:38+00:00","breadcrumb":{"@id":"https:\/\/eheating.lt\/produktas\/grindinio-sildymo-kolektorius-13-ziedu-magnum-premium-plastic-open-lt\/#breadcrumb"},"inLanguage":"en-US","potentialAction":[{"@type":"ReadAction","target":["https:\/\/eheating.lt\/produktas\/grindinio-sildymo-kolektorius-13-ziedu-magnum-premium-plastic-open-lt\/"]}]},{"@type":"ImageObject","inLanguage":"en-US","@id":"https:\/\/eheating.lt\/produktas\/grindinio-sildymo-kolektorius-13-ziedu-magnum-premium-plastic-open-lt\/#primaryimage","url":"https:\/\/eheating.lt\/wp-content\/uploads\/2022\/11\/MagnumHeating-Premium-Plastic-.png","contentUrl":"https:\/\/eheating.lt\/wp-content\/uploads\/2022\/11\/MagnumHeating-Premium-Plastic-.png","width":800,"height":800,"caption":"MAGNUM Premium Plastic Open LT"},{"@type":"BreadcrumbList","@id":"https:\/\/eheating.lt\/produktas\/grindinio-sildymo-kolektorius-13-ziedu-magnum-premium-plastic-open-lt\/#breadcrumb","itemListElement":[{"@type":"ListItem","position":1,"name":"Prad\u017eia","item":"https:\/\/eheating.lt\/en\/"},{"@type":"ListItem","position":2,"name":"Shop","item":"https:\/\/eheating.lt\/en\/?page_id=5734"},{"@type":"ListItem","position":3,"name":"Grindinio \u0161ildymo kolektorius 13 \u017eied\u0173 MAGNUM Premium Plastic Open LT"}]},{"@type":"WebSite","@id":"https:\/\/eheating.lt\/#website","url":"https:\/\/eheating.lt\/","name":"eHeating","description":"Elektronika ir \u0161ildymas","potentialAction":[{"@type":"SearchAction","target":{"@type":"EntryPoint","urlTemplate":"https:\/\/eheating.lt\/?s={search_term_string}"},"query-input":{"@type":"PropertyValueSpecification","valueRequired":true,"valueName":"search_term_string"}}],"inLanguage":"en-US"}]},"product_price_amount":"823.24","product_price_currency":"EUR","og_availability":"backorder","product_availability":"available for order","product_retailer_item_id":"MAGNUM-PREM-PLAST-13","product_condition":"new"},"_links":{"self":[{"href":"https:\/\/eheating.lt\/en\/wp-json\/wp\/v2\/product\/7115","targetHints":{"allow":["GET"]}}],"collection":[{"href":"https:\/\/eheating.lt\/en\/wp-json\/wp\/v2\/product"}],"about":[{"href":"https:\/\/eheating.lt\/en\/wp-json\/wp\/v2\/types\/product"}],"replies":[{"embeddable":true,"href":"https:\/\/eheating.lt\/en\/wp-json\/wp\/v2\/comments?post=7115"}],"version-history":[{"count":0,"href":"https:\/\/eheating.lt\/en\/wp-json\/wp\/v2\/product\/7115\/revisions"}],"wp:featuredmedia":[{"embeddable":true,"href":"https:\/\/eheating.lt\/en\/wp-json\/wp\/v2\/media\/8846"}],"wp:attachment":[{"href":"https:\/\/eheating.lt\/en\/wp-json\/wp\/v2\/media?parent=7115"}],"wp:term":[{"taxonomy":"product_brand","embeddable":true,"href":"https:\/\/eheating.lt\/en\/wp-json\/wp\/v2\/product_brand?post=7115"},{"taxonomy":"product_cat","embeddable":true,"href":"https:\/\/eheating.lt\/en\/wp-json\/wp\/v2\/product_cat?post=7115"},{"taxonomy":"product_tag","embeddable":true,"href":"https:\/\/eheating.lt\/en\/wp-json\/wp\/v2\/product_tag?post=7115"}],"curies":[{"name":"wp","href":"https:\/\/api.w.org\/{rel}","templated":true}]}}