{"id":6916,"date":"2022-11-27T13:05:35","date_gmt":"2022-11-27T11:05:35","guid":{"rendered":"https:\/\/eheating.lt\/?post_type=product&#038;p=6916"},"modified":"2024-07-13T12:03:19","modified_gmt":"2024-07-13T09:03:19","slug":"cirkuliacinis-siurblys-wilo-yonos-pico-1-0-25-1-4-130","status":"publish","type":"product","link":"https:\/\/eheating.lt\/en\/produktas\/cirkuliacinis-siurblys-wilo-yonos-pico-1-0-25-1-4-130\/","title":{"rendered":"Cirkuliacinis siurblys Wilo Yonos PICO1.0 25\/1-4-130"},"content":{"rendered":"<p>Cirkuliacinis siurblys Wilo Yonos PICO yra nereikalaujantis prie\u017ei\u016bros cirkuliacinis siurblys, valdomas elektroniniu b\u016bdu. Siurblio auk\u0161t\u0105 efektyvum\u0105 u\u017etikrina atsparus blokavimui sinchroninis variklis, pagamintas pagal EMS technologij\u0105 ir \u012fmontuotas elektroninis galios reguliatorius bepakopiam dinaminio sl\u0117gio reguliavimui. Galima naudoti visuose \u0161ildymo ir kondicionavimo \u012frenginiuose. Reguliavimo re\u017eim\u0105 galima pasirinkti priklausomai nuo paskirties \u2013 radiatori\u0173 \/ grind\u0173 \u0161ildymo.<\/p>\n<hr \/>\n<p><strong><span style=\"font-size: 18px;\">Technin\u0117s specifikacijos:<\/span><\/strong><\/p>\n<ul>\n<li>LED ekranas<\/li>\n<li>Valdymas \u017ealiu mygtuku\/ratuku<\/li>\n<li>Standartin\u0117 Wilo-Connector elektros jugntis<\/li>\n<li>Du valdymo re\u017eimai: radiatoriams ir grindiniam \u0161ildymui<\/li>\n<li>Automatinio nuorinimo funkcija<\/li>\n<li>Lengvas pri\u0117jimas prie siurblio galvos tvirtinimo var\u017et\u0173<\/li>\n<li>Klaid\u0173 indikacija ir i\u0161vestis LED ekrane<\/li>\n<li>10 integruot\u0173 apsaug\u0173<\/li>\n<li>Elektros galios rodmuo W<\/li>\n<li>Maitinimo \u012ftampa 230V<\/li>\n<\/ul>\n<p>&nbsp;<\/p>\n<p><img decoding=\"async\" style=\"height: 30px;\" src=\"http:\/\/eheating.lt\/wp-content\/uploads\/2022\/12\/pdf.png\" \/><a href=\"http:\/\/eheating.lt\/wp-content\/uploads\/2023\/01\/Wilo-Yonos-PICO-montavimo-ir-naudojimo-instrukcija-1.pdf\"><strong>Instrukcija Nr.1 (Lietuvi\u0173 k.) <\/strong><\/a><\/p>\n<p><img decoding=\"async\" style=\"height: 30px;\" src=\"http:\/\/eheating.lt\/wp-content\/uploads\/2022\/12\/pdf.png\" \/><a href=\"http:\/\/eheating.lt\/wp-content\/uploads\/2023\/01\/Wilo-Yonos-PICO-montavimo-ir-naudojimo-instrukcija-2.pdf\"><strong>Instrukcija Nr.2 (Lietuvi\u0173 k.)<\/strong><\/a><\/p>\n<p>&nbsp;<\/p>\n<div id=\"product-tab\" class=\"woocommerce-tabs woocommerce-tabs-dmp083c4 resp-htabs\">\n<div class=\"resp-tabs-container\">\n<div id=\"tab-description\" class=\"tab-content resp-tab-content resp-tab-content-active\" aria-labelledby=\"tab_item-1\">\n<figure class=\"wp-block-table is-style-stripes\">\n<figure class=\"wp-block-table is-style-stripes\">\n<table style=\"width: 100%; height: 1128px;\" width=\"983\">\n<tbody>\n<tr style=\"height: 96px;\">\n<td style=\"height: 96px;\"><strong>Modelis<\/strong><\/td>\n<td style=\"height: 96px;\"><b>Vamzd\u017eio jungtis<\/b><\/td>\n<td style=\"height: 96px;\"><strong>Energijos vartojimo efektyvumo koeficientas(EEI)<\/strong><\/td>\n<td style=\"height: 96px;\"><strong>Montavimo ilgis\u00a0<\/strong><\/td>\n<td style=\"height: 96px;\"><strong>Maksimalus darbinis sl\u0117gis<\/strong><\/td>\n<td style=\"height: 96px;\"><strong>Maitinimo \u012ftampa<\/strong><\/td>\n<td style=\"height: 96px;\"><strong>Bendroji mas\u0117 (apyt.)<\/strong><\/td>\n<td style=\"height: 96px;\"><strong>Produkto numeris<\/strong><\/td>\n<\/tr>\n<tr style=\"height: 72px;\">\n<td style=\"height: 72px;\"><strong><span style=\"color: #000000;\">Yonos PICO 1.0 25\/1-4<\/span><\/strong><\/td>\n<td style=\"height: 72px; text-align: center;\">G 1\u00bd<\/td>\n<td style=\"height: 72px; text-align: center;\">0,20<\/td>\n<td style=\"height: 72px;\">180 mm<\/td>\n<td style=\"height: 72px;\">10 bar<\/td>\n<td style=\"height: 72px;\">1-230 V, 50\/60 Hz<\/td>\n<td style=\"height: 72px; text-align: center;\">2 kg<\/td>\n<td style=\"height: 72px;\">4248082<\/td>\n<\/tr>\n<tr style=\"height: 96px;\">\n<td style=\"height: 96px;\"><strong><span style=\"color: #000000;\">Yonos PICO 1.0 25\/1-4-130<\/span><\/strong><\/td>\n<td style=\"height: 96px; text-align: center;\">G 1\u00bd<\/td>\n<td style=\"height: 96px; text-align: center;\">0,20<\/td>\n<td style=\"height: 96px;\">130 mm<\/td>\n<td style=\"height: 96px;\">10 bar<\/td>\n<td style=\"height: 96px;\">1-230 V, 50\/60 Hz<\/td>\n<td style=\"height: 96px; text-align: center;\">1,9 kg<\/td>\n<td style=\"height: 96px;\">4248083<\/td>\n<\/tr>\n<tr style=\"height: 96px;\">\n<td style=\"height: 96px;\"><strong><span style=\"color: #000000;\">Yonos PICO 1.0 25\/1-5-130<\/span><\/strong><\/td>\n<td style=\"height: 96px; text-align: center;\">G 1\u00bd<\/td>\n<td style=\"height: 96px; text-align: center;\">0,20<\/td>\n<td style=\"height: 96px;\">130 mm<\/td>\n<td style=\"height: 96px;\">10 bar<\/td>\n<td style=\"height: 96px;\">1-230 V, 50\/60 Hz<\/td>\n<td style=\"height: 96px; text-align: center;\">1,9 kg<\/td>\n<td style=\"height: 96px;\">4248092<\/td>\n<\/tr>\n<tr style=\"height: 72px;\">\n<td style=\"height: 72px;\"><strong><span style=\"color: #000000;\">Yonos PICO 1.0 25\/1-6<\/span><\/strong><\/td>\n<td style=\"height: 72px; text-align: center;\">G 1\u00bd<\/td>\n<td style=\"height: 72px; text-align: center;\">0,20<\/td>\n<td style=\"height: 72px;\">180 mm<\/td>\n<td style=\"height: 72px;\">10 bar<\/td>\n<td style=\"height: 72px;\">1-230 V, 50\/60 Hz<\/td>\n<td style=\"height: 72px; text-align: center;\">2 kg<\/td>\n<td style=\"height: 72px;\">4248084<\/td>\n<\/tr>\n<tr style=\"height: 96px;\">\n<td style=\"height: 96px;\"><strong><span style=\"color: #000000;\">Yonos PICO 1.0 25\/1-6-130<\/span><\/strong><\/td>\n<td style=\"height: 96px; text-align: center;\">G 1\u00bd<\/td>\n<td style=\"height: 96px; text-align: center;\">0,20<\/td>\n<td style=\"height: 96px;\">130 mm<\/td>\n<td style=\"height: 96px;\">10 bar<\/td>\n<td style=\"height: 96px;\">1-230 V, 50\/60 Hz<\/td>\n<td style=\"height: 96px; text-align: center;\">1,9 kg<\/td>\n<td style=\"height: 96px;\">4248085<\/td>\n<\/tr>\n<tr style=\"height: 72px;\">\n<td style=\"height: 72px;\"><strong><span style=\"color: #000000;\">Yonos PICO 1.0 25\/1-8<\/span><\/strong><\/td>\n<td style=\"height: 72px; text-align: center;\">G 1\u00bd<\/td>\n<td style=\"height: 72px; text-align: center;\">0,23<\/td>\n<td style=\"height: 72px;\">180 mm<\/td>\n<td style=\"height: 72px;\">10 bar<\/td>\n<td style=\"height: 72px;\">1-230 V, 50\/60 Hz<\/td>\n<td style=\"height: 72px; text-align: center;\">2,3 kg<\/td>\n<td style=\"height: 72px;\">4248086<\/td>\n<\/tr>\n<tr style=\"height: 96px;\">\n<td style=\"height: 96px;\"><strong><span style=\"color: #000000;\">Yonos PICO 1.0 25\/1-8-130<\/span><\/strong><\/td>\n<td style=\"height: 96px; text-align: center;\">G 1\u00bd<\/td>\n<td style=\"height: 96px; text-align: center;\">0,23<\/td>\n<td style=\"height: 96px;\">130 mm<\/td>\n<td style=\"height: 96px;\">10 bar<\/td>\n<td style=\"height: 96px;\">1-230 V, 50\/60 Hz<\/td>\n<td style=\"height: 96px; text-align: center;\">2,1 kg<\/td>\n<td style=\"height: 96px;\">4248087<\/td>\n<\/tr>\n<\/tbody>\n<\/table>\n<\/figure>\n<\/figure>\n<\/div>\n<\/div>\n<\/div>\n<p>&nbsp;<\/p>\n<p style=\"text-align: center;\"><iframe src=\"\/\/www.youtube.com\/embed\/UeR_eTWw7Ns\" width=\"560\" height=\"314\" allowfullscreen=\"allowfullscreen\"><\/iframe><\/p>\n<p>&nbsp;<\/p>\n","protected":false},"excerpt":{"rendered":"<p>Grindinio ir radiatorinio \u0161ildymo cirkuliacinis siurblys Wilo Yonos PICO.<\/p>\n","protected":false},"featured_media":8859,"comment_status":"closed","ping_status":"closed","template":"","meta":[],"product_brand":[],"product_cat":[222],"product_tag":[974],"class_list":{"0":"post-6916","1":"product","2":"type-product","3":"status-publish","4":"has-post-thumbnail","6":"product_cat-cirkuliaciniai-siurbliai-sildymui","7":"product_tag-ean","9":"first","10":"onbackorder","11":"taxable","12":"shipping-taxable","13":"purchasable","14":"product-type-simple"},"yoast_head":"<!-- This site is optimized with the Yoast SEO Premium plugin v21.5 (Yoast SEO v27.4) - https:\/\/yoast.com\/product\/yoast-seo-premium-wordpress\/ -->\n<title>Cirkuliacinis siurblys Wilo Yonos PICO1.0 25\/1-4-130<\/title>\n<meta name=\"robots\" content=\"index, follow, max-snippet:-1, max-image-preview:large, max-video-preview:-1\" \/>\n<link rel=\"canonical\" href=\"https:\/\/eheating.lt\/en\/produktas\/cirkuliacinis-siurblys-wilo-yonos-pico-1-0-25-1-4-130\/\" \/>\n<meta property=\"og:locale\" content=\"en_US\" \/>\n<meta property=\"og:type\" content=\"article\" \/>\n<meta property=\"og:title\" content=\"Cirkuliacinis siurblys Wilo Yonos PICO1.0 25\/1-4-130\" \/>\n<meta property=\"og:description\" content=\"Grindinio ir radiatorinio \u0161ildymo cirkuliacinis siurblys Wilo Yonos PICO.\" \/>\n<meta property=\"og:url\" content=\"https:\/\/eheating.lt\/en\/produktas\/cirkuliacinis-siurblys-wilo-yonos-pico-1-0-25-1-4-130\/\" \/>\n<meta property=\"og:site_name\" content=\"Elektronika Namams\" \/>\n<meta property=\"article:publisher\" content=\"https:\/\/www.facebook.com\/ElektronikaNamams\" \/>\n<meta property=\"article:modified_time\" content=\"2024-07-13T09:03:19+00:00\" \/>\n<meta property=\"og:image\" content=\"https:\/\/eheating.lt\/wp-content\/uploads\/2022\/11\/Wilo-Yonos-PICO-1.png\" \/>\n\t<meta property=\"og:image:width\" content=\"800\" \/>\n\t<meta property=\"og:image:height\" content=\"800\" \/>\n\t<meta property=\"og:image:type\" content=\"image\/png\" \/>\n<meta name=\"twitter:card\" content=\"summary_large_image\" \/>\n<meta name=\"twitter:label1\" content=\"Price\" \/>\n\t<meta name=\"twitter:data1\" content=\"211,76&nbsp;&euro;\" \/>\n\t<meta name=\"twitter:label2\" content=\"Availability\" \/>\n\t<meta name=\"twitter:data2\" content=\"On backorder\" \/>\n<script type=\"application\/ld+json\" class=\"yoast-schema-graph\">{\"@context\":\"https:\\\/\\\/schema.org\",\"@graph\":[{\"@type\":\"WebPage\",\"@id\":\"https:\\\/\\\/eheating.lt\\\/en\\\/produktas\\\/cirkuliacinis-siurblys-wilo-yonos-pico-1-0-25-1-4-130\\\/\",\"url\":\"https:\\\/\\\/eheating.lt\\\/en\\\/produktas\\\/cirkuliacinis-siurblys-wilo-yonos-pico-1-0-25-1-4-130\\\/\",\"name\":\"Cirkuliacinis siurblys Wilo Yonos PICO1.0 25\\\/1-4-130\",\"isPartOf\":{\"@id\":\"https:\\\/\\\/eheating.lt\\\/#website\"},\"primaryImageOfPage\":{\"@id\":\"https:\\\/\\\/eheating.lt\\\/en\\\/produktas\\\/cirkuliacinis-siurblys-wilo-yonos-pico-1-0-25-1-4-130\\\/#primaryimage\"},\"image\":{\"@id\":\"https:\\\/\\\/eheating.lt\\\/en\\\/produktas\\\/cirkuliacinis-siurblys-wilo-yonos-pico-1-0-25-1-4-130\\\/#primaryimage\"},\"thumbnailUrl\":\"https:\\\/\\\/eheating.lt\\\/wp-content\\\/uploads\\\/2022\\\/11\\\/Wilo-Yonos-PICO-1.png\",\"datePublished\":\"2022-11-27T11:05:35+00:00\",\"dateModified\":\"2024-07-13T09:03:19+00:00\",\"breadcrumb\":{\"@id\":\"https:\\\/\\\/eheating.lt\\\/en\\\/produktas\\\/cirkuliacinis-siurblys-wilo-yonos-pico-1-0-25-1-4-130\\\/#breadcrumb\"},\"inLanguage\":\"en-US\",\"potentialAction\":[{\"@type\":\"ReadAction\",\"target\":[\"https:\\\/\\\/eheating.lt\\\/en\\\/produktas\\\/cirkuliacinis-siurblys-wilo-yonos-pico-1-0-25-1-4-130\\\/\"]}]},{\"@type\":\"ImageObject\",\"inLanguage\":\"en-US\",\"@id\":\"https:\\\/\\\/eheating.lt\\\/en\\\/produktas\\\/cirkuliacinis-siurblys-wilo-yonos-pico-1-0-25-1-4-130\\\/#primaryimage\",\"url\":\"https:\\\/\\\/eheating.lt\\\/wp-content\\\/uploads\\\/2022\\\/11\\\/Wilo-Yonos-PICO-1.png\",\"contentUrl\":\"https:\\\/\\\/eheating.lt\\\/wp-content\\\/uploads\\\/2022\\\/11\\\/Wilo-Yonos-PICO-1.png\",\"width\":800,\"height\":800,\"caption\":\"Wilo-Yonos PICO\"},{\"@type\":\"BreadcrumbList\",\"@id\":\"https:\\\/\\\/eheating.lt\\\/en\\\/produktas\\\/cirkuliacinis-siurblys-wilo-yonos-pico-1-0-25-1-4-130\\\/#breadcrumb\",\"itemListElement\":[{\"@type\":\"ListItem\",\"position\":1,\"name\":\"Prad\u017eia\",\"item\":\"https:\\\/\\\/eheating.lt\\\/en\\\/\"},{\"@type\":\"ListItem\",\"position\":2,\"name\":\"Shop\",\"item\":\"https:\\\/\\\/eheating.lt\\\/en\\\/?page_id=5734\"},{\"@type\":\"ListItem\",\"position\":3,\"name\":\"Cirkuliacinis siurblys Wilo Yonos PICO1.0 25\\\/1-4-130\"}]},{\"@type\":\"WebSite\",\"@id\":\"https:\\\/\\\/eheating.lt\\\/#website\",\"url\":\"https:\\\/\\\/eheating.lt\\\/\",\"name\":\"eHeating\",\"description\":\"Elektronika ir \u0161ildymas\",\"potentialAction\":[{\"@type\":\"SearchAction\",\"target\":{\"@type\":\"EntryPoint\",\"urlTemplate\":\"https:\\\/\\\/eheating.lt\\\/?s={search_term_string}\"},\"query-input\":{\"@type\":\"PropertyValueSpecification\",\"valueRequired\":true,\"valueName\":\"search_term_string\"}}],\"inLanguage\":\"en-US\"}]}<\/script>\n<meta property=\"product:price:amount\" content=\"211.76\" \/>\n<meta property=\"product:price:currency\" content=\"EUR\" \/>\n<meta property=\"og:availability\" content=\"backorder\" \/>\n<meta property=\"product:availability\" content=\"available for order\" \/>\n<meta property=\"product:retailer_item_id\" content=\"YONOS-PICO-25\/1-4-130\" \/>\n<meta property=\"product:condition\" content=\"new\" \/>\n<!-- \/ Yoast SEO Premium plugin. -->","yoast_head_json":{"title":"Cirkuliacinis siurblys Wilo Yonos PICO1.0 25\/1-4-130","robots":{"index":"index","follow":"follow","max-snippet":"max-snippet:-1","max-image-preview":"max-image-preview:large","max-video-preview":"max-video-preview:-1"},"canonical":"https:\/\/eheating.lt\/en\/produktas\/cirkuliacinis-siurblys-wilo-yonos-pico-1-0-25-1-4-130\/","og_locale":"en_US","og_type":"article","og_title":"Cirkuliacinis siurblys Wilo Yonos PICO1.0 25\/1-4-130","og_description":"Grindinio ir radiatorinio \u0161ildymo cirkuliacinis siurblys Wilo Yonos PICO.","og_url":"https:\/\/eheating.lt\/en\/produktas\/cirkuliacinis-siurblys-wilo-yonos-pico-1-0-25-1-4-130\/","og_site_name":"Elektronika Namams","article_publisher":"https:\/\/www.facebook.com\/ElektronikaNamams","article_modified_time":"2024-07-13T09:03:19+00:00","og_image":[{"width":800,"height":800,"url":"https:\/\/eheating.lt\/wp-content\/uploads\/2022\/11\/Wilo-Yonos-PICO-1.png","type":"image\/png"}],"twitter_card":"summary_large_image","twitter_misc":{"Price":"211,76&nbsp;&euro;","Availability":"On backorder"},"schema":{"@context":"https:\/\/schema.org","@graph":[{"@type":"WebPage","@id":"https:\/\/eheating.lt\/en\/produktas\/cirkuliacinis-siurblys-wilo-yonos-pico-1-0-25-1-4-130\/","url":"https:\/\/eheating.lt\/en\/produktas\/cirkuliacinis-siurblys-wilo-yonos-pico-1-0-25-1-4-130\/","name":"Cirkuliacinis siurblys Wilo Yonos PICO1.0 25\/1-4-130","isPartOf":{"@id":"https:\/\/eheating.lt\/#website"},"primaryImageOfPage":{"@id":"https:\/\/eheating.lt\/en\/produktas\/cirkuliacinis-siurblys-wilo-yonos-pico-1-0-25-1-4-130\/#primaryimage"},"image":{"@id":"https:\/\/eheating.lt\/en\/produktas\/cirkuliacinis-siurblys-wilo-yonos-pico-1-0-25-1-4-130\/#primaryimage"},"thumbnailUrl":"https:\/\/eheating.lt\/wp-content\/uploads\/2022\/11\/Wilo-Yonos-PICO-1.png","datePublished":"2022-11-27T11:05:35+00:00","dateModified":"2024-07-13T09:03:19+00:00","breadcrumb":{"@id":"https:\/\/eheating.lt\/en\/produktas\/cirkuliacinis-siurblys-wilo-yonos-pico-1-0-25-1-4-130\/#breadcrumb"},"inLanguage":"en-US","potentialAction":[{"@type":"ReadAction","target":["https:\/\/eheating.lt\/en\/produktas\/cirkuliacinis-siurblys-wilo-yonos-pico-1-0-25-1-4-130\/"]}]},{"@type":"ImageObject","inLanguage":"en-US","@id":"https:\/\/eheating.lt\/en\/produktas\/cirkuliacinis-siurblys-wilo-yonos-pico-1-0-25-1-4-130\/#primaryimage","url":"https:\/\/eheating.lt\/wp-content\/uploads\/2022\/11\/Wilo-Yonos-PICO-1.png","contentUrl":"https:\/\/eheating.lt\/wp-content\/uploads\/2022\/11\/Wilo-Yonos-PICO-1.png","width":800,"height":800,"caption":"Wilo-Yonos PICO"},{"@type":"BreadcrumbList","@id":"https:\/\/eheating.lt\/en\/produktas\/cirkuliacinis-siurblys-wilo-yonos-pico-1-0-25-1-4-130\/#breadcrumb","itemListElement":[{"@type":"ListItem","position":1,"name":"Prad\u017eia","item":"https:\/\/eheating.lt\/en\/"},{"@type":"ListItem","position":2,"name":"Shop","item":"https:\/\/eheating.lt\/en\/?page_id=5734"},{"@type":"ListItem","position":3,"name":"Cirkuliacinis siurblys Wilo Yonos PICO1.0 25\/1-4-130"}]},{"@type":"WebSite","@id":"https:\/\/eheating.lt\/#website","url":"https:\/\/eheating.lt\/","name":"eHeating","description":"Elektronika ir \u0161ildymas","potentialAction":[{"@type":"SearchAction","target":{"@type":"EntryPoint","urlTemplate":"https:\/\/eheating.lt\/?s={search_term_string}"},"query-input":{"@type":"PropertyValueSpecification","valueRequired":true,"valueName":"search_term_string"}}],"inLanguage":"en-US"}]},"product_price_amount":"211.76","product_price_currency":"EUR","og_availability":"backorder","product_availability":"available for order","product_retailer_item_id":"YONOS-PICO-25\/1-4-130","product_condition":"new"},"_links":{"self":[{"href":"https:\/\/eheating.lt\/en\/wp-json\/wp\/v2\/product\/6916","targetHints":{"allow":["GET"]}}],"collection":[{"href":"https:\/\/eheating.lt\/en\/wp-json\/wp\/v2\/product"}],"about":[{"href":"https:\/\/eheating.lt\/en\/wp-json\/wp\/v2\/types\/product"}],"replies":[{"embeddable":true,"href":"https:\/\/eheating.lt\/en\/wp-json\/wp\/v2\/comments?post=6916"}],"version-history":[{"count":1,"href":"https:\/\/eheating.lt\/en\/wp-json\/wp\/v2\/product\/6916\/revisions"}],"predecessor-version":[{"id":7998,"href":"https:\/\/eheating.lt\/en\/wp-json\/wp\/v2\/product\/6916\/revisions\/7998"}],"wp:featuredmedia":[{"embeddable":true,"href":"https:\/\/eheating.lt\/en\/wp-json\/wp\/v2\/media\/8859"}],"wp:attachment":[{"href":"https:\/\/eheating.lt\/en\/wp-json\/wp\/v2\/media?parent=6916"}],"wp:term":[{"taxonomy":"product_brand","embeddable":true,"href":"https:\/\/eheating.lt\/en\/wp-json\/wp\/v2\/product_brand?post=6916"},{"taxonomy":"product_cat","embeddable":true,"href":"https:\/\/eheating.lt\/en\/wp-json\/wp\/v2\/product_cat?post=6916"},{"taxonomy":"product_tag","embeddable":true,"href":"https:\/\/eheating.lt\/en\/wp-json\/wp\/v2\/product_tag?post=6916"}],"curies":[{"name":"wp","href":"https:\/\/api.w.org\/{rel}","templated":true}]}}