{"id":6911,"date":"2022-11-27T12:49:05","date_gmt":"2022-11-27T10:49:05","guid":{"rendered":"https:\/\/eheating.lt\/?post_type=product&#038;p=6911"},"modified":"2024-07-13T12:03:41","modified_gmt":"2024-07-13T09:03:41","slug":"cirkuliacinis-siurblys-wilo-yonos-maxo-30-05-10-pn-10","status":"publish","type":"product","link":"https:\/\/eheating.lt\/en\/produktas\/cirkuliacinis-siurblys-wilo-yonos-maxo-30-05-10-pn-10\/","title":{"rendered":"Cirkuliacinis siurblys Wilo Yonos MAXO 30\/0,5-10"},"content":{"rendered":"<p>Didelio efektyvumo siurblys Wilo-Yonos MAXO, su elektroniniu valdymu. Cirkuliacinis \u0161lapiojo rotoriaus siurblys, blokavimui atsparus sinchroninis (ECM) variklis ir integruotas galios reguliatorius bepakopiam diferencinio sl\u0117gio reguliavimui. Galima naudoti visuose \u0161ildymo, v\u0117dinimo ir kondicionavimo \u012frenginiuose. Da\u017enai naudojamas u\u017edarose \u0161aldymo sistemose ir pramoniniuose cirkuliaciniuose \u012frenginiuose.<\/p>\n<hr \/>\n<p><strong><span style=\"font-size: 18px;\">Privalumai:<\/span><\/strong><\/p>\n<ul>\n<li>Darbo re\u017eimo nustatymas<\/li>\n<li>Siurblio galios nustatymas (k\u0117limo auk\u0161tis)<\/li>\n<li>Galios pritaikymas pagal darbo re\u017eim\u0105<\/li>\n<li>\u0160velnaus paleidimo (\u201eSoftstart\u201c) funkcija<\/li>\n<li>Integruota kompleksin\u0117 variklio apsauga<\/li>\n<li>Bendrasis sutrikimo signalas (bepotencialis atjungiamasis kontaktas)<\/li>\n<li>LED rodmuo reikiamos darbin\u0117s vert\u0117s nustatymui<\/li>\n<li>LED ekranas k\u0117limo auk\u0161\u010dio ir klaid\u0173 kod\u0173 rodymui<\/li>\n<li>Elektros prijungimas su \u201eWilo\u201c ki\u0161tuku<\/li>\n<li>Gedimo indikatorius ir kontaktas bendrajam gedimo signalui<\/li>\n<li>\u012erenginio naudojimo apsauga su bendruoju vis\u0173 tip\u0173 sutrikim\u0173 signalu<\/li>\n<li>Did\u017eiausias efektyvumas d\u0117l ECM technologijos<\/li>\n<li>Greitas ir patogus elektros prijungimas su \u201eWilo\u201c ki\u0161tuku<\/li>\n<li>Paprasta instaliuoti d\u0117l universali\u0173j\u0173 flan\u0161\u0173 PN 6\/PN 10 (kai DN 40 &#8211; DN 65)<\/li>\n<\/ul>\n<p>&nbsp;<\/p>\n<p><img decoding=\"async\" style=\"height: 30px;\" src=\"http:\/\/eheating.lt\/wp-content\/uploads\/2022\/12\/pdf.png\" \/><a href=\"http:\/\/eheating.lt\/wp-content\/uploads\/2023\/01\/Wilo-Yonos-MAXO-montavimo-ir-naudojimo-instrukcija-1.pdf\"><strong>Instrukcija Nr.1 (Lietuvi\u0173 k.) <\/strong><\/a><\/p>\n<p><img decoding=\"async\" style=\"height: 30px;\" src=\"http:\/\/eheating.lt\/wp-content\/uploads\/2022\/12\/pdf.png\" \/><a href=\"http:\/\/eheating.lt\/wp-content\/uploads\/2023\/01\/Wilo-Yonos-MAXO-montavimo-ir-naudojimo-instrukcija-2.pdf\"><strong>Instrukcija Nr.2 (Lietuvi\u0173 k.) <\/strong><\/a><\/p>\n<p>&nbsp;<\/p>\n<div id=\"product-tab\" class=\"woocommerce-tabs woocommerce-tabs-dmp083c4 resp-htabs\">\n<div class=\"resp-tabs-container\">\n<div id=\"tab-description\" class=\"tab-content resp-tab-content resp-tab-content-active\" aria-labelledby=\"tab_item-1\">\n<figure class=\"wp-block-table is-style-stripes\">\n<figure class=\"wp-block-table is-style-stripes\">\n<table style=\"width: 100%; height: 1128px;\" width=\"983\">\n<tbody>\n<tr style=\"height: 96px;\">\n<td style=\"height: 96px;\"><strong>Modelis<\/strong><\/td>\n<td style=\"height: 96px;\"><b>Vamzd\u017eio jungtis<\/b><\/td>\n<td style=\"height: 96px;\"><strong>Energijos vartojimo efektyvumo koeficientas(EEI)<\/strong><\/td>\n<td style=\"height: 96px;\"><strong>Montavimo ilgis\u00a0<\/strong><\/td>\n<td style=\"height: 96px;\"><strong>Maksimalus darbinis sl\u0117gis<\/strong><\/td>\n<td style=\"height: 96px;\"><strong>Maitinimo \u012ftampa<\/strong><\/td>\n<td style=\"height: 96px;\"><strong>Bendroji mas\u0117 (apyt.)<\/strong><\/td>\n<td style=\"height: 96px;\"><strong>Produkto numeris<\/strong><\/td>\n<\/tr>\n<tr style=\"height: 72px;\">\n<td style=\"height: 72px;\"><strong><span style=\"color: #000000;\">Yonos MAXO 25\/0,5-7 PN 10<\/span><\/strong><\/td>\n<td style=\"height: 72px; text-align: center;\">G 1\u00bd<\/td>\n<td style=\"height: 72px; text-align: center;\">0,20<\/td>\n<td style=\"height: 72px;\">180 mm<\/td>\n<td style=\"height: 72px;\">10 bar<\/td>\n<td style=\"height: 72px;\">1-230 V, 50\/60 Hz<\/td>\n<td style=\"height: 72px; text-align: center;\">5,8 kg<\/td>\n<td style=\"height: 72px;\">2120639<\/td>\n<\/tr>\n<tr style=\"height: 72px;\">\n<td style=\"height: 72px;\"><strong><span style=\"color: #000000;\">Yonos MAXO 25\/0,5-10 PN 10<\/span><\/strong><\/td>\n<td style=\"height: 72px; text-align: center;\">G 1\u00bd<\/td>\n<td style=\"height: 72px; text-align: center;\">0,20<\/td>\n<td style=\"height: 72px;\">180 mm<\/td>\n<td style=\"height: 72px;\">10 bar<\/td>\n<td style=\"height: 72px;\">1-230 V, 50\/60 Hz<\/td>\n<td style=\"height: 72px; text-align: center;\">5,8 kg<\/td>\n<td style=\"height: 72px;\">2120640<\/td>\n<\/tr>\n<tr style=\"height: 72px;\">\n<td style=\"height: 72px;\"><strong><span style=\"color: #000000;\">Yonos MAXO 25\/0,5-12 PN 10<\/span><\/strong><\/td>\n<td style=\"height: 72px; text-align: center;\">G 1\u00bd<\/td>\n<td style=\"height: 72px; text-align: center;\">0,20<\/td>\n<td style=\"height: 72px;\">180 mm<\/td>\n<td style=\"height: 72px;\">10 bar<\/td>\n<td style=\"height: 72px;\">1-230 V, 50\/60 Hz<\/td>\n<td style=\"height: 72px; text-align: center;\">6,9 kg<\/td>\n<td style=\"height: 72px;\">2120641<\/td>\n<\/tr>\n<tr style=\"height: 96px;\">\n<td style=\"height: 96px;\"><strong><span style=\"color: #000000;\">Yonos MAXO 30\/0,5-7 PN 10<\/span><\/strong><\/td>\n<td style=\"height: 96px; text-align: center;\">G 2<\/td>\n<td style=\"height: 96px; text-align: center;\">0,20<\/td>\n<td style=\"height: 96px;\">180 mm<\/td>\n<td style=\"height: 96px;\">10 bar<\/td>\n<td style=\"height: 96px;\">1-230 V, 50\/60 Hz<\/td>\n<td style=\"height: 96px; text-align: center;\">5,9 kg<\/td>\n<td style=\"height: 96px;\">2120642<\/td>\n<\/tr>\n<tr style=\"height: 96px;\">\n<td style=\"height: 96px;\"><strong><span style=\"color: #000000;\">Yonos MAXO 30\/0,5-10 PN 10<\/span><\/strong><\/td>\n<td style=\"height: 96px; text-align: center;\">G 2<\/td>\n<td style=\"height: 96px; text-align: center;\">0,20<\/td>\n<td style=\"height: 96px;\">180 mm<\/td>\n<td style=\"height: 96px;\">10 bar<\/td>\n<td style=\"height: 96px;\">1-230 V, 50\/60 Hz<\/td>\n<td style=\"height: 96px; text-align: center;\">5,9 kg<\/td>\n<td style=\"height: 96px;\">2120643<\/td>\n<\/tr>\n<tr style=\"height: 72px;\">\n<td style=\"height: 72px;\"><strong><span style=\"color: #000000;\">Yonos MAXO 30\/0,5-12 PN 10<\/span><\/strong><\/td>\n<td style=\"height: 72px; text-align: center;\">G 2<\/td>\n<td style=\"height: 72px; text-align: center;\">0,20<\/td>\n<td style=\"height: 72px;\">180 mm<\/td>\n<td style=\"height: 72px;\">10 bar<\/td>\n<td style=\"height: 72px;\">1-230 V, 50\/60 Hz<\/td>\n<td style=\"height: 72px; text-align: center;\">7 kg<\/td>\n<td style=\"height: 72px;\">2120644<\/td>\n<\/tr>\n<tr style=\"height: 96px;\">\n<td style=\"height: 96px;\"><strong><span style=\"color: #000000;\">Yonos MAXO 32\/0,5-10 PN6\/10<\/span><\/strong><\/td>\n<td style=\"height: 96px; text-align: center;\">DN 32<\/td>\n<td style=\"height: 96px; text-align: center;\">0,20<\/td>\n<td style=\"height: 96px;\">220 mm<\/td>\n<td style=\"height: 96px;\">10 bar<\/td>\n<td style=\"height: 96px;\">1-230 V, 50\/60 Hz<\/td>\n<td style=\"height: 96px; text-align: center;\">9,4 kg<\/td>\n<td style=\"height: 96px;\">2210113<\/td>\n<\/tr>\n<tr style=\"height: 72px;\">\n<td style=\"height: 72px;\"><strong><span style=\"color: #000000;\">Yonos MAXO 32\/0,5-11 PN6\/10<\/span><\/strong><\/td>\n<td style=\"height: 72px; text-align: center;\">DN 32<\/td>\n<td style=\"height: 72px; text-align: center;\">0,20<\/td>\n<td style=\"height: 72px;\">220 mm<\/td>\n<td style=\"height: 72px;\">10 bar<\/td>\n<td style=\"height: 72px;\">1-230 V, 50\/60 Hz<\/td>\n<td style=\"height: 72px; text-align: center;\">11 kg<\/td>\n<td style=\"height: 72px;\">2210114<\/td>\n<\/tr>\n<\/tbody>\n<\/table>\n<\/figure>\n<\/figure>\n<\/div>\n<\/div>\n<\/div>\n<p>&nbsp;<\/p>\n<p style=\"text-align: center;\"><iframe src=\"\/\/www.youtube.com\/embed\/PfECdqcimmM\" width=\"560\" height=\"314\" allowfullscreen=\"allowfullscreen\"><\/iframe><\/p>\n<p>&nbsp;<\/p>\n","protected":false},"excerpt":{"rendered":"<p>Grindinio ir radiatorinio \u0161ildymo cirkuliacinis siurblys Wilo Yonos MAXO.<\/p>\n","protected":false},"featured_media":8857,"comment_status":"closed","ping_status":"closed","template":"","meta":[],"product_brand":[],"product_cat":[222],"product_tag":[974],"class_list":{"0":"post-6911","1":"product","2":"type-product","3":"status-publish","4":"has-post-thumbnail","6":"product_cat-cirkuliaciniai-siurbliai-sildymui","7":"product_tag-ean","9":"first","10":"onbackorder","11":"taxable","12":"shipping-taxable","13":"purchasable","14":"product-type-simple"},"yoast_head":"<!-- This site is optimized with the Yoast SEO Premium plugin v21.5 (Yoast SEO v27.4) - https:\/\/yoast.com\/product\/yoast-seo-premium-wordpress\/ -->\n<title>Cirkuliacinis siurblys Wilo Yonos MAXO 30\/0,5-10 PN 10<\/title>\n<meta name=\"robots\" content=\"index, follow, max-snippet:-1, max-image-preview:large, max-video-preview:-1\" \/>\n<link rel=\"canonical\" href=\"https:\/\/eheating.lt\/produktas\/cirkuliacinis-siurblys-wilo-yonos-maxo-30-05-10-pn-10\/\" \/>\n<meta property=\"og:locale\" content=\"en_US\" \/>\n<meta property=\"og:type\" content=\"article\" \/>\n<meta property=\"og:title\" content=\"Cirkuliacinis siurblys Wilo Yonos MAXO 30\/0,5-10 PN 10\" \/>\n<meta property=\"og:description\" content=\"Grindinio ir radiatorinio \u0161ildymo cirkuliacinis siurblys Wilo Yonos MAXO.\" \/>\n<meta property=\"og:url\" content=\"https:\/\/eheating.lt\/produktas\/cirkuliacinis-siurblys-wilo-yonos-maxo-30-05-10-pn-10\/\" \/>\n<meta property=\"og:site_name\" content=\"Elektronika Namams\" \/>\n<meta property=\"article:publisher\" content=\"https:\/\/www.facebook.com\/ElektronikaNamams\" \/>\n<meta property=\"article:modified_time\" content=\"2024-07-13T09:03:41+00:00\" \/>\n<meta property=\"og:image\" content=\"https:\/\/eheating.lt\/wp-content\/uploads\/2022\/11\/Wilo-Yonos-MAXO-1.png\" \/>\n\t<meta property=\"og:image:width\" content=\"800\" \/>\n\t<meta property=\"og:image:height\" content=\"800\" \/>\n\t<meta property=\"og:image:type\" content=\"image\/png\" \/>\n<meta name=\"twitter:card\" content=\"summary_large_image\" \/>\n<meta name=\"twitter:label1\" content=\"Price\" \/>\n\t<meta name=\"twitter:data1\" content=\"927,57&nbsp;&euro;\" \/>\n\t<meta name=\"twitter:label2\" content=\"Availability\" \/>\n\t<meta name=\"twitter:data2\" content=\"On backorder\" \/>\n<script type=\"application\/ld+json\" class=\"yoast-schema-graph\">{\"@context\":\"https:\\\/\\\/schema.org\",\"@graph\":[{\"@type\":\"WebPage\",\"@id\":\"https:\\\/\\\/eheating.lt\\\/produktas\\\/cirkuliacinis-siurblys-wilo-yonos-maxo-30-05-10-pn-10\\\/\",\"url\":\"https:\\\/\\\/eheating.lt\\\/produktas\\\/cirkuliacinis-siurblys-wilo-yonos-maxo-30-05-10-pn-10\\\/\",\"name\":\"Cirkuliacinis siurblys Wilo Yonos MAXO 30\\\/0,5-10 PN 10\",\"isPartOf\":{\"@id\":\"https:\\\/\\\/eheating.lt\\\/#website\"},\"primaryImageOfPage\":{\"@id\":\"https:\\\/\\\/eheating.lt\\\/produktas\\\/cirkuliacinis-siurblys-wilo-yonos-maxo-30-05-10-pn-10\\\/#primaryimage\"},\"image\":{\"@id\":\"https:\\\/\\\/eheating.lt\\\/produktas\\\/cirkuliacinis-siurblys-wilo-yonos-maxo-30-05-10-pn-10\\\/#primaryimage\"},\"thumbnailUrl\":\"https:\\\/\\\/eheating.lt\\\/wp-content\\\/uploads\\\/2022\\\/11\\\/Wilo-Yonos-MAXO-1.png\",\"datePublished\":\"2022-11-27T10:49:05+00:00\",\"dateModified\":\"2024-07-13T09:03:41+00:00\",\"breadcrumb\":{\"@id\":\"https:\\\/\\\/eheating.lt\\\/produktas\\\/cirkuliacinis-siurblys-wilo-yonos-maxo-30-05-10-pn-10\\\/#breadcrumb\"},\"inLanguage\":\"en-US\",\"potentialAction\":[{\"@type\":\"ReadAction\",\"target\":[\"https:\\\/\\\/eheating.lt\\\/produktas\\\/cirkuliacinis-siurblys-wilo-yonos-maxo-30-05-10-pn-10\\\/\"]}]},{\"@type\":\"ImageObject\",\"inLanguage\":\"en-US\",\"@id\":\"https:\\\/\\\/eheating.lt\\\/produktas\\\/cirkuliacinis-siurblys-wilo-yonos-maxo-30-05-10-pn-10\\\/#primaryimage\",\"url\":\"https:\\\/\\\/eheating.lt\\\/wp-content\\\/uploads\\\/2022\\\/11\\\/Wilo-Yonos-MAXO-1.png\",\"contentUrl\":\"https:\\\/\\\/eheating.lt\\\/wp-content\\\/uploads\\\/2022\\\/11\\\/Wilo-Yonos-MAXO-1.png\",\"width\":800,\"height\":800,\"caption\":\"Wilo-Yonos MAXO\"},{\"@type\":\"BreadcrumbList\",\"@id\":\"https:\\\/\\\/eheating.lt\\\/produktas\\\/cirkuliacinis-siurblys-wilo-yonos-maxo-30-05-10-pn-10\\\/#breadcrumb\",\"itemListElement\":[{\"@type\":\"ListItem\",\"position\":1,\"name\":\"Prad\u017eia\",\"item\":\"https:\\\/\\\/eheating.lt\\\/en\\\/\"},{\"@type\":\"ListItem\",\"position\":2,\"name\":\"Shop\",\"item\":\"https:\\\/\\\/eheating.lt\\\/en\\\/?page_id=5734\"},{\"@type\":\"ListItem\",\"position\":3,\"name\":\"Cirkuliacinis siurblys Wilo Yonos MAXO 30\\\/0,5-10 PN 10\"}]},{\"@type\":\"WebSite\",\"@id\":\"https:\\\/\\\/eheating.lt\\\/#website\",\"url\":\"https:\\\/\\\/eheating.lt\\\/\",\"name\":\"eHeating\",\"description\":\"Elektronika ir \u0161ildymas\",\"potentialAction\":[{\"@type\":\"SearchAction\",\"target\":{\"@type\":\"EntryPoint\",\"urlTemplate\":\"https:\\\/\\\/eheating.lt\\\/?s={search_term_string}\"},\"query-input\":{\"@type\":\"PropertyValueSpecification\",\"valueRequired\":true,\"valueName\":\"search_term_string\"}}],\"inLanguage\":\"en-US\"}]}<\/script>\n<meta property=\"product:price:amount\" content=\"927.57\" \/>\n<meta property=\"product:price:currency\" content=\"EUR\" \/>\n<meta property=\"og:availability\" content=\"backorder\" \/>\n<meta property=\"product:availability\" content=\"available for order\" \/>\n<meta property=\"product:retailer_item_id\" content=\"YONOS-MAXO-30\/0,5-10\" \/>\n<meta property=\"product:condition\" content=\"new\" \/>\n<!-- \/ Yoast SEO Premium plugin. -->","yoast_head_json":{"title":"Cirkuliacinis siurblys Wilo Yonos MAXO 30\/0,5-10 PN 10","robots":{"index":"index","follow":"follow","max-snippet":"max-snippet:-1","max-image-preview":"max-image-preview:large","max-video-preview":"max-video-preview:-1"},"canonical":"https:\/\/eheating.lt\/produktas\/cirkuliacinis-siurblys-wilo-yonos-maxo-30-05-10-pn-10\/","og_locale":"en_US","og_type":"article","og_title":"Cirkuliacinis siurblys Wilo Yonos MAXO 30\/0,5-10 PN 10","og_description":"Grindinio ir radiatorinio \u0161ildymo cirkuliacinis siurblys Wilo Yonos MAXO.","og_url":"https:\/\/eheating.lt\/produktas\/cirkuliacinis-siurblys-wilo-yonos-maxo-30-05-10-pn-10\/","og_site_name":"Elektronika Namams","article_publisher":"https:\/\/www.facebook.com\/ElektronikaNamams","article_modified_time":"2024-07-13T09:03:41+00:00","og_image":[{"width":800,"height":800,"url":"https:\/\/eheating.lt\/wp-content\/uploads\/2022\/11\/Wilo-Yonos-MAXO-1.png","type":"image\/png"}],"twitter_card":"summary_large_image","twitter_misc":{"Price":"927,57&nbsp;&euro;","Availability":"On backorder"},"schema":{"@context":"https:\/\/schema.org","@graph":[{"@type":"WebPage","@id":"https:\/\/eheating.lt\/produktas\/cirkuliacinis-siurblys-wilo-yonos-maxo-30-05-10-pn-10\/","url":"https:\/\/eheating.lt\/produktas\/cirkuliacinis-siurblys-wilo-yonos-maxo-30-05-10-pn-10\/","name":"Cirkuliacinis siurblys Wilo Yonos MAXO 30\/0,5-10 PN 10","isPartOf":{"@id":"https:\/\/eheating.lt\/#website"},"primaryImageOfPage":{"@id":"https:\/\/eheating.lt\/produktas\/cirkuliacinis-siurblys-wilo-yonos-maxo-30-05-10-pn-10\/#primaryimage"},"image":{"@id":"https:\/\/eheating.lt\/produktas\/cirkuliacinis-siurblys-wilo-yonos-maxo-30-05-10-pn-10\/#primaryimage"},"thumbnailUrl":"https:\/\/eheating.lt\/wp-content\/uploads\/2022\/11\/Wilo-Yonos-MAXO-1.png","datePublished":"2022-11-27T10:49:05+00:00","dateModified":"2024-07-13T09:03:41+00:00","breadcrumb":{"@id":"https:\/\/eheating.lt\/produktas\/cirkuliacinis-siurblys-wilo-yonos-maxo-30-05-10-pn-10\/#breadcrumb"},"inLanguage":"en-US","potentialAction":[{"@type":"ReadAction","target":["https:\/\/eheating.lt\/produktas\/cirkuliacinis-siurblys-wilo-yonos-maxo-30-05-10-pn-10\/"]}]},{"@type":"ImageObject","inLanguage":"en-US","@id":"https:\/\/eheating.lt\/produktas\/cirkuliacinis-siurblys-wilo-yonos-maxo-30-05-10-pn-10\/#primaryimage","url":"https:\/\/eheating.lt\/wp-content\/uploads\/2022\/11\/Wilo-Yonos-MAXO-1.png","contentUrl":"https:\/\/eheating.lt\/wp-content\/uploads\/2022\/11\/Wilo-Yonos-MAXO-1.png","width":800,"height":800,"caption":"Wilo-Yonos MAXO"},{"@type":"BreadcrumbList","@id":"https:\/\/eheating.lt\/produktas\/cirkuliacinis-siurblys-wilo-yonos-maxo-30-05-10-pn-10\/#breadcrumb","itemListElement":[{"@type":"ListItem","position":1,"name":"Prad\u017eia","item":"https:\/\/eheating.lt\/en\/"},{"@type":"ListItem","position":2,"name":"Shop","item":"https:\/\/eheating.lt\/en\/?page_id=5734"},{"@type":"ListItem","position":3,"name":"Cirkuliacinis siurblys Wilo Yonos MAXO 30\/0,5-10 PN 10"}]},{"@type":"WebSite","@id":"https:\/\/eheating.lt\/#website","url":"https:\/\/eheating.lt\/","name":"eHeating","description":"Elektronika ir \u0161ildymas","potentialAction":[{"@type":"SearchAction","target":{"@type":"EntryPoint","urlTemplate":"https:\/\/eheating.lt\/?s={search_term_string}"},"query-input":{"@type":"PropertyValueSpecification","valueRequired":true,"valueName":"search_term_string"}}],"inLanguage":"en-US"}]},"product_price_amount":"927.57","product_price_currency":"EUR","og_availability":"backorder","product_availability":"available for order","product_retailer_item_id":"YONOS-MAXO-30\/0,5-10","product_condition":"new"},"_links":{"self":[{"href":"https:\/\/eheating.lt\/en\/wp-json\/wp\/v2\/product\/6911","targetHints":{"allow":["GET"]}}],"collection":[{"href":"https:\/\/eheating.lt\/en\/wp-json\/wp\/v2\/product"}],"about":[{"href":"https:\/\/eheating.lt\/en\/wp-json\/wp\/v2\/types\/product"}],"replies":[{"embeddable":true,"href":"https:\/\/eheating.lt\/en\/wp-json\/wp\/v2\/comments?post=6911"}],"version-history":[{"count":1,"href":"https:\/\/eheating.lt\/en\/wp-json\/wp\/v2\/product\/6911\/revisions"}],"predecessor-version":[{"id":7993,"href":"https:\/\/eheating.lt\/en\/wp-json\/wp\/v2\/product\/6911\/revisions\/7993"}],"wp:featuredmedia":[{"embeddable":true,"href":"https:\/\/eheating.lt\/en\/wp-json\/wp\/v2\/media\/8857"}],"wp:attachment":[{"href":"https:\/\/eheating.lt\/en\/wp-json\/wp\/v2\/media?parent=6911"}],"wp:term":[{"taxonomy":"product_brand","embeddable":true,"href":"https:\/\/eheating.lt\/en\/wp-json\/wp\/v2\/product_brand?post=6911"},{"taxonomy":"product_cat","embeddable":true,"href":"https:\/\/eheating.lt\/en\/wp-json\/wp\/v2\/product_cat?post=6911"},{"taxonomy":"product_tag","embeddable":true,"href":"https:\/\/eheating.lt\/en\/wp-json\/wp\/v2\/product_tag?post=6911"}],"curies":[{"name":"wp","href":"https:\/\/api.w.org\/{rel}","templated":true}]}}