{"id":6624,"date":"2022-11-11T12:56:15","date_gmt":"2022-11-11T10:56:15","guid":{"rendered":"https:\/\/eheating.lt\/?post_type=product&#038;p=6624"},"modified":"2024-07-22T16:07:56","modified_gmt":"2024-07-22T13:07:56","slug":"vandens-sildytuvas-heatrae-sadia-250dd-megaflo-eco","status":"publish","type":"product","link":"https:\/\/eheating.lt\/en\/produktas\/vandens-sildytuvas-heatrae-sadia-250dd-megaflo-eco\/","title":{"rendered":"Vandens \u0161ildytuvas Heatrae Sadia 250DD Megaflo"},"content":{"rendered":"<p>Pagamintas i\u0161 ner\u016bdijan\u010dio plieno, su fantasti\u0161ku \u0161ilumos sulaikymu ir titaniniais \u0161ildymo elementais, <strong>Heatrae Megaflo Eco<\/strong> elektrinis vandens \u0161ildytuvas buvo sukurtas koncentruojantis \u012f efektyvum\u0105 ir gali atlaikyti iki 15 bar\u0173 sl\u0117g\u012f (iki 5 kart\u0173 daugiau, nei standartinis darbinis sl\u0117gis).<\/p>\n<hr \/>\n<p><span style=\"font-size: 18px;\"><strong>Technin\u0117s specifikacijos:<\/strong><\/span><\/p>\n<ul>\n<li>Tipas &#8211; Pastatomas<\/li>\n<li>Talpa (litrai) 250<\/li>\n<li>\u0160ildymo elemento nominalioji galia esant 240V: 6kW<\/li>\n<li>Skersmuo (mm) 600<\/li>\n<li>Atsparus dvipusis ner\u016bdijan\u010dio plieno korpusas \u2013 gali atlaikyti iki 15 bar\u0173 sl\u0117g\u012f<\/li>\n<li>Unikalus \u201eL formos\u201c ilgaam\u017eis titano \u0161ildytuvas panardinamas giliau ir suteikia geresn\u012f vandens \u0161ildym\u0105<\/li>\n<li>Izoliuotas i\u0161orinis korpusas \u2013 padidintas \u0161ildymo efektyvumas ir suma\u017eintas sl\u0117gis<\/li>\n<li>Patentuotas \u0161alto vandens \u012fleidimo difuzorius suma\u017eina \u0161alto ir kar\u0161to vandens mai\u0161ym\u0105si<\/li>\n<li>Unikali pl\u016bduriuojanti pertvar\u0173 sistema leid\u017eia pl\u0117stis vandeniui nedaudojant papildomo i\u0161sipl\u0117timo bako.<\/li>\n<li>N\u0117ra anodo \u2013 pa\u0161alina poreik\u012f j\u012f pakeisti arba pri\u017ei\u016br\u0117ti<\/li>\n<li>Iki 20 % didesnis vandens srautas nei \u012fprastuose vandens \u0161ildytuvuose<\/li>\n<li>Geresnis veikimas esant \u017eemam sl\u0117giui iki 1 baro<\/li>\n<li>Pagaminta Jungtin\u0117je Karalyst\u0117je<\/li>\n<li>\u012e komplekt\u0105 \u012feina: \u0160alto vandens \u012fleidimo valdymo komplektas: 0,3 MPa (3 bar\u0173) sl\u0117gio ma\u017einimo vo\u017etuvas, 0,8 MPa (8 bar\u0173) sl\u0117ginis vo\u017etuvas, 1\/4 izoliacinis vo\u017etuvas, atbulinis vo\u017etuvas, i\u0161leidimo vo\u017etuvas su \u017earnos jungtimi, reikalingos ver\u017el\u0117s ir pover\u017el\u0117s<\/li>\n<li>Gamykloje sumontuotas temperat\u016bros ir sl\u0117gio ribotuvas, nustatytas ties 90 laipsni\u0173 \/ 1 MPa (10 bar\u0173) (BS EN 1490)<\/li>\n<li>T&amp;P vo\u017etuvo rinkinys<\/li>\n<\/ul>\n<p>&nbsp;<\/p>\n<p><img decoding=\"async\" style=\"height: 30px;\" src=\"http:\/\/eheating.lt\/wp-content\/uploads\/2022\/12\/pdf.png\" \/><a href=\"http:\/\/eheating.lt\/wp-content\/uploads\/2023\/01\/Megaflo-Eco-installation-manual.pdf\"><strong>Instrukcija (Angl\u0173 k.) <\/strong><\/a><\/p>\n<p><img decoding=\"async\" style=\"height: 30px;\" src=\"http:\/\/eheating.lt\/wp-content\/uploads\/2022\/12\/pdf.png\" \/><a href=\"http:\/\/eheating.lt\/wp-content\/uploads\/2023\/01\/Megaflo-eco-direct-data-sheet.pdf\"><strong>Specifikacijos (Angl\u0173 k.)<\/strong><\/a><\/p>\n<p>&nbsp;<\/p>\n<div id=\"product-tab\" class=\"woocommerce-tabs woocommerce-tabs-dmp083c4 resp-htabs\">\n<div class=\"resp-tabs-container\">\n<div id=\"tab-description\" class=\"tab-content resp-tab-content resp-tab-content-active\" aria-labelledby=\"tab_item-1\">\n<figure class=\"wp-block-table is-style-stripes\">\n<figure class=\"wp-block-table is-style-stripes\">\n<table width=\"983\">\n<tbody>\n<tr>\n<td><strong>Modelis<\/strong><\/td>\n<td><strong>70D<\/strong><\/td>\n<td><strong>125DD<\/strong><\/td>\n<td><strong>145DD<\/strong><\/td>\n<td><strong>170DD<\/strong><\/td>\n<td><strong>210DD<\/strong><\/td>\n<td><strong>250DD<\/strong><\/td>\n<td><strong>300DD<\/strong><\/td>\n<td><strong>210DDD<\/strong><\/td>\n<td><strong>250DDD<\/strong><\/td>\n<td><strong>300DDD<\/strong><\/td>\n<td><strong>210DDDD<\/strong><\/td>\n<td><strong>250DDDD<\/strong><\/td>\n<td><strong>300DDDD<\/strong><\/td>\n<\/tr>\n<tr>\n<td>Produkto kodas<\/td>\n<td>95050460<\/td>\n<td>95050462<\/td>\n<td>95050464<\/td>\n<td>95050466<\/td>\n<td>95050468<\/td>\n<td>95050470<\/td>\n<td>95050473<\/td>\n<td>95050480<\/td>\n<td>95050471<\/td>\n<td>95050474<\/td>\n<td>95050476<\/td>\n<td>95050477<\/td>\n<td>95050478<\/td>\n<\/tr>\n<tr>\n<td>Nominali talpa (litrais)<\/td>\n<td>70 l<\/td>\n<td>125 l<\/td>\n<td>145 l<\/td>\n<td>170 l<\/td>\n<td>210 l<\/td>\n<td>250 l<\/td>\n<td>300 l<\/td>\n<td>210 l<\/td>\n<td>250 l<\/td>\n<td>300 l<\/td>\n<td>210 l<\/td>\n<td>250 l<\/td>\n<td>300 l<\/td>\n<\/tr>\n<tr>\n<td>Vidinis i\u0161sipl\u0117timas su pl\u016bduriuojan\u010dia pertvara<\/td>\n<td>Taip<\/td>\n<td>Taip<\/td>\n<td>Taip<\/td>\n<td>Taip<\/td>\n<td>Taip<\/td>\n<td>Taip<\/td>\n<td>Taip<\/td>\n<td>Taip<\/td>\n<td>Taip<\/td>\n<td>Taip<\/td>\n<td>Taip<\/td>\n<td>Taip<\/td>\n<td>Taip<\/td>\n<\/tr>\n<tr>\n<td>Izoliacijos storis (mm)<\/td>\n<td>60 mm<\/td>\n<td>60 mm<\/td>\n<td>60 mm<\/td>\n<td>60 mm<\/td>\n<td>60 mm<\/td>\n<td>60 mm<\/td>\n<td>60 mm<\/td>\n<td>60 mm<\/td>\n<td>60 mm<\/td>\n<td>60 mm<\/td>\n<td>60 mm<\/td>\n<td>60 mm<\/td>\n<td>60 mm<\/td>\n<\/tr>\n<tr>\n<td>Kaitinimo elemento galia (kW)<\/td>\n<td>1 x 3 kW<\/td>\n<td>2 x 3 kW<\/td>\n<td>2 x 3 kW<\/td>\n<td>2 x 3 kW<\/td>\n<td>2 x 3 kW<\/td>\n<td>2 x 3 kW<\/td>\n<td>2 x 3 kW<\/td>\n<td>3 x 3 kW<\/td>\n<td>3 x 3 kW<\/td>\n<td>3 x 3 kW<\/td>\n<td>4 x 3 kW<\/td>\n<td>4 x 3 kW<\/td>\n<td>4 x 3 kW<\/td>\n<\/tr>\n<tr>\n<td>Svoris tu\u0161\u010dio (kg)<\/td>\n<td>23 kg<\/td>\n<td>25 kg<\/td>\n<td>31 kg<\/td>\n<td>34 kg<\/td>\n<td>38 kg<\/td>\n<td>46 kg<\/td>\n<td>56 kg<\/td>\n<td>39 kg<\/td>\n<td>47 kg<\/td>\n<td>57 kg<\/td>\n<td>40 kg<\/td>\n<td>48 kg<\/td>\n<td>58 kg<\/td>\n<\/tr>\n<tr>\n<td>Visas svoris (kg)<\/td>\n<td>115 kg<\/td>\n<td>165 kg<\/td>\n<td>183 kg<\/td>\n<td>216 kg<\/td>\n<td>237 kg<\/td>\n<td>282 kg<\/td>\n<td>339 kg<\/td>\n<td>237 kg<\/td>\n<td>282 kg<\/td>\n<td>339 kg<\/td>\n<td>237 kg<\/td>\n<td>283 kg<\/td>\n<td>339 kg<\/td>\n<\/tr>\n<tr>\n<td>\u0160ilumos nuostoliai stovint (kWh\/24h)<\/td>\n<td>0.91 kWh<\/td>\n<td>1.05 kWh<\/td>\n<td>1.18 kWh<\/td>\n<td>1.20 kWh<\/td>\n<td>1.42 kWh<\/td>\n<td>1.61 kWh<\/td>\n<td>1.69 kWh<\/td>\n<td>1.42 kWh<\/td>\n<td>1.61 kWh<\/td>\n<td>1.69 kWh<\/td>\n<td>1.42 kWh<\/td>\n<td>1.61 kWh<\/td>\n<td>1.69 kWh<\/td>\n<\/tr>\n<tr>\n<td>\u0160ilumos nuostoliai stovint (kWh\/metus)<\/td>\n<td>332.15 kWh<\/td>\n<td>383.25 kWh<\/td>\n<td>430.20 kWh<\/td>\n<td>438 kWh<\/td>\n<td>518.30 kWh<\/td>\n<td>587.65 kWh<\/td>\n<td>616.85 kWh<\/td>\n<td>518.30 kWh<\/td>\n<td>587.65 kWh<\/td>\n<td>616.85 kWh<\/td>\n<td>518.30 kWh<\/td>\n<td>587.65 kWh<\/td>\n<td>616.85 kWh<\/td>\n<\/tr>\n<tr>\n<td>Maksimalus srautas esant 3 barams (l\/min.)<\/td>\n<td>76 l<\/td>\n<td>76 l<\/td>\n<td>76 l<\/td>\n<td>76 l<\/td>\n<td>76 l<\/td>\n<td>76 l<\/td>\n<td>76 l<\/td>\n<td>76 l<\/td>\n<td>76 l<\/td>\n<td>76 l<\/td>\n<td>76 l<\/td>\n<td>76 l<\/td>\n<td>76 l<\/td>\n<\/tr>\n<tr>\n<td>Maksimalus srautas esant 1 barui (l\/min.)<\/td>\n<td>45 l<\/td>\n<td>45 l<\/td>\n<td>45 l<\/td>\n<td>45 l<\/td>\n<td>45 l<\/td>\n<td>45 l<\/td>\n<td>45 l<\/td>\n<td>45 l<\/td>\n<td>45 l<\/td>\n<td>45 l<\/td>\n<td>45 l<\/td>\n<td>45 l<\/td>\n<td>45 l<\/td>\n<\/tr>\n<tr>\n<td>Pa\u0161ildymo laikas naudojant visus elementus (min.)<\/td>\n<td>92 min.<\/td>\n<td>71 min.<\/td>\n<td>79 min.<\/td>\n<td>93 min.<\/td>\n<td>102 min.<\/td>\n<td>121 min.<\/td>\n<td>146 min.<\/td>\n<td>68 min.<\/td>\n<td>81 min.<\/td>\n<td>97 min.<\/td>\n<td>51 min.<\/td>\n<td>60 min.<\/td>\n<td>73 min.<\/td>\n<\/tr>\n<\/tbody>\n<\/table>\n<\/figure>\n<\/figure>\n<\/div>\n<\/div>\n<\/div>\n","protected":false},"excerpt":{"rendered":"<p><strong>Heatrae Sadia Megaflo Eco<\/strong> pastatomi elektriniai vandens \u0161ildytuvai buvo sukurti tam, kad atitikt\u0173 \u0161iuolaikini\u0173 nam\u0173 savinink\u0173 poreikius ir l\u016bkes\u010dius. Nuo puikaus \u0161ilumos i\u0161laikymo ir na\u0161umo iki auk\u0161tos kokyb\u0117s ir naujovi\u0173 \u2013 vienuose patikimiausi\u0173 Jungtin\u0117je Karalyst\u0117je pagamint\u0173 elektrini\u0173 vandens \u0161ildytuv\u0173.<\/p>\n","protected":false},"featured_media":8309,"comment_status":"closed","ping_status":"closed","template":"","meta":[],"product_brand":[],"product_cat":[125,126,127],"product_tag":[],"class_list":{"0":"post-6624","1":"product","2":"type-product","3":"status-publish","4":"has-post-thumbnail","6":"product_cat-elektriniai-vandens-sildytuvai","7":"product_cat-vandens-sildytuvai","8":"product_cat-standartinio-plocio","10":"first","11":"onbackorder","12":"taxable","13":"shipping-taxable","14":"purchasable","15":"product-type-simple"},"yoast_head":"<!-- This site is optimized with the Yoast SEO Premium plugin v21.5 (Yoast SEO v27.4) - https:\/\/yoast.com\/product\/yoast-seo-premium-wordpress\/ -->\n<title>Vandens \u0161ildytuvas Heatrae Sadia 250DD Megaflo Eco<\/title>\n<meta name=\"robots\" content=\"index, follow, max-snippet:-1, max-image-preview:large, max-video-preview:-1\" \/>\n<link rel=\"canonical\" href=\"https:\/\/eheating.lt\/produktas\/vandens-sildytuvas-heatrae-sadia-250dd-megaflo-eco\/\" \/>\n<meta property=\"og:locale\" content=\"en_US\" \/>\n<meta property=\"og:type\" content=\"article\" \/>\n<meta property=\"og:title\" content=\"Vandens \u0161ildytuvas Heatrae Sadia 250DD Megaflo Eco\" \/>\n<meta property=\"og:description\" content=\"Heatrae Sadia Megaflo Eco pastatomi elektriniai vandens \u0161ildytuvai buvo sukurti tam, kad atitikt\u0173 \u0161iuolaikini\u0173 nam\u0173 savinink\u0173 poreikius ir l\u016bkes\u010dius. Nuo puikaus \u0161ilumos i\u0161laikymo ir na\u0161umo iki auk\u0161tos kokyb\u0117s ir naujovi\u0173 \u2013 vienuose patikimiausi\u0173 Jungtin\u0117je Karalyst\u0117je pagamint\u0173 elektrini\u0173 vandens \u0161ildytuv\u0173.\" \/>\n<meta property=\"og:url\" content=\"https:\/\/eheating.lt\/produktas\/vandens-sildytuvas-heatrae-sadia-250dd-megaflo-eco\/\" \/>\n<meta property=\"og:site_name\" content=\"Elektronika Namams\" \/>\n<meta property=\"article:publisher\" content=\"https:\/\/www.facebook.com\/ElektronikaNamams\" \/>\n<meta property=\"article:modified_time\" content=\"2024-07-22T13:07:56+00:00\" \/>\n<meta property=\"og:image\" content=\"https:\/\/eheating.lt\/wp-content\/uploads\/2022\/11\/Heatrae-Sadia-Megaflo-Eco-3.png\" \/>\n\t<meta property=\"og:image:width\" content=\"800\" \/>\n\t<meta property=\"og:image:height\" content=\"800\" \/>\n\t<meta property=\"og:image:type\" content=\"image\/png\" \/>\n<meta name=\"twitter:card\" content=\"summary_large_image\" \/>\n<meta name=\"twitter:label1\" content=\"Price\" \/>\n\t<meta name=\"twitter:data1\" content=\"1353,07&nbsp;&euro;\" \/>\n\t<meta name=\"twitter:label2\" content=\"Availability\" \/>\n\t<meta name=\"twitter:data2\" content=\"On backorder\" \/>\n<script type=\"application\/ld+json\" class=\"yoast-schema-graph\">{\"@context\":\"https:\\\/\\\/schema.org\",\"@graph\":[{\"@type\":\"WebPage\",\"@id\":\"https:\\\/\\\/eheating.lt\\\/produktas\\\/vandens-sildytuvas-heatrae-sadia-250dd-megaflo-eco\\\/\",\"url\":\"https:\\\/\\\/eheating.lt\\\/produktas\\\/vandens-sildytuvas-heatrae-sadia-250dd-megaflo-eco\\\/\",\"name\":\"Vandens \u0161ildytuvas Heatrae Sadia 250DD Megaflo Eco\",\"isPartOf\":{\"@id\":\"https:\\\/\\\/eheating.lt\\\/#website\"},\"primaryImageOfPage\":{\"@id\":\"https:\\\/\\\/eheating.lt\\\/produktas\\\/vandens-sildytuvas-heatrae-sadia-250dd-megaflo-eco\\\/#primaryimage\"},\"image\":{\"@id\":\"https:\\\/\\\/eheating.lt\\\/produktas\\\/vandens-sildytuvas-heatrae-sadia-250dd-megaflo-eco\\\/#primaryimage\"},\"thumbnailUrl\":\"https:\\\/\\\/eheating.lt\\\/wp-content\\\/uploads\\\/2022\\\/11\\\/Heatrae-Sadia-Megaflo-Eco-3.png\",\"datePublished\":\"2022-11-11T10:56:15+00:00\",\"dateModified\":\"2024-07-22T13:07:56+00:00\",\"breadcrumb\":{\"@id\":\"https:\\\/\\\/eheating.lt\\\/produktas\\\/vandens-sildytuvas-heatrae-sadia-250dd-megaflo-eco\\\/#breadcrumb\"},\"inLanguage\":\"en-US\",\"potentialAction\":[{\"@type\":\"ReadAction\",\"target\":[\"https:\\\/\\\/eheating.lt\\\/produktas\\\/vandens-sildytuvas-heatrae-sadia-250dd-megaflo-eco\\\/\"]}]},{\"@type\":\"ImageObject\",\"inLanguage\":\"en-US\",\"@id\":\"https:\\\/\\\/eheating.lt\\\/produktas\\\/vandens-sildytuvas-heatrae-sadia-250dd-megaflo-eco\\\/#primaryimage\",\"url\":\"https:\\\/\\\/eheating.lt\\\/wp-content\\\/uploads\\\/2022\\\/11\\\/Heatrae-Sadia-Megaflo-Eco-3.png\",\"contentUrl\":\"https:\\\/\\\/eheating.lt\\\/wp-content\\\/uploads\\\/2022\\\/11\\\/Heatrae-Sadia-Megaflo-Eco-3.png\",\"width\":800,\"height\":800,\"caption\":\"Heatrae Sadia Megaflo Eco\"},{\"@type\":\"BreadcrumbList\",\"@id\":\"https:\\\/\\\/eheating.lt\\\/produktas\\\/vandens-sildytuvas-heatrae-sadia-250dd-megaflo-eco\\\/#breadcrumb\",\"itemListElement\":[{\"@type\":\"ListItem\",\"position\":1,\"name\":\"Prad\u017eia\",\"item\":\"https:\\\/\\\/eheating.lt\\\/en\\\/\"},{\"@type\":\"ListItem\",\"position\":2,\"name\":\"Shop\",\"item\":\"https:\\\/\\\/eheating.lt\\\/en\\\/?page_id=5734\"},{\"@type\":\"ListItem\",\"position\":3,\"name\":\"Vandens \u0161ildytuvas Heatrae Sadia 250DD Megaflo Eco\"}]},{\"@type\":\"WebSite\",\"@id\":\"https:\\\/\\\/eheating.lt\\\/#website\",\"url\":\"https:\\\/\\\/eheating.lt\\\/\",\"name\":\"eHeating\",\"description\":\"Elektronika ir \u0161ildymas\",\"potentialAction\":[{\"@type\":\"SearchAction\",\"target\":{\"@type\":\"EntryPoint\",\"urlTemplate\":\"https:\\\/\\\/eheating.lt\\\/?s={search_term_string}\"},\"query-input\":{\"@type\":\"PropertyValueSpecification\",\"valueRequired\":true,\"valueName\":\"search_term_string\"}}],\"inLanguage\":\"en-US\"}]}<\/script>\n<meta property=\"product:price:amount\" content=\"1353.07\" \/>\n<meta property=\"product:price:currency\" content=\"EUR\" \/>\n<meta property=\"og:availability\" content=\"backorder\" \/>\n<meta property=\"product:availability\" content=\"available for order\" \/>\n<meta property=\"product:retailer_item_id\" content=\"SADIA-MEGAFLO-ECO-250L\" \/>\n<meta property=\"product:condition\" content=\"new\" \/>\n<!-- \/ Yoast SEO Premium plugin. -->","yoast_head_json":{"title":"Vandens \u0161ildytuvas Heatrae Sadia 250DD Megaflo Eco","robots":{"index":"index","follow":"follow","max-snippet":"max-snippet:-1","max-image-preview":"max-image-preview:large","max-video-preview":"max-video-preview:-1"},"canonical":"https:\/\/eheating.lt\/produktas\/vandens-sildytuvas-heatrae-sadia-250dd-megaflo-eco\/","og_locale":"en_US","og_type":"article","og_title":"Vandens \u0161ildytuvas Heatrae Sadia 250DD Megaflo Eco","og_description":"Heatrae Sadia Megaflo Eco pastatomi elektriniai vandens \u0161ildytuvai buvo sukurti tam, kad atitikt\u0173 \u0161iuolaikini\u0173 nam\u0173 savinink\u0173 poreikius ir l\u016bkes\u010dius. Nuo puikaus \u0161ilumos i\u0161laikymo ir na\u0161umo iki auk\u0161tos kokyb\u0117s ir naujovi\u0173 \u2013 vienuose patikimiausi\u0173 Jungtin\u0117je Karalyst\u0117je pagamint\u0173 elektrini\u0173 vandens \u0161ildytuv\u0173.","og_url":"https:\/\/eheating.lt\/produktas\/vandens-sildytuvas-heatrae-sadia-250dd-megaflo-eco\/","og_site_name":"Elektronika Namams","article_publisher":"https:\/\/www.facebook.com\/ElektronikaNamams","article_modified_time":"2024-07-22T13:07:56+00:00","og_image":[{"width":800,"height":800,"url":"https:\/\/eheating.lt\/wp-content\/uploads\/2022\/11\/Heatrae-Sadia-Megaflo-Eco-3.png","type":"image\/png"}],"twitter_card":"summary_large_image","twitter_misc":{"Price":"1353,07&nbsp;&euro;","Availability":"On backorder"},"schema":{"@context":"https:\/\/schema.org","@graph":[{"@type":"WebPage","@id":"https:\/\/eheating.lt\/produktas\/vandens-sildytuvas-heatrae-sadia-250dd-megaflo-eco\/","url":"https:\/\/eheating.lt\/produktas\/vandens-sildytuvas-heatrae-sadia-250dd-megaflo-eco\/","name":"Vandens \u0161ildytuvas Heatrae Sadia 250DD Megaflo Eco","isPartOf":{"@id":"https:\/\/eheating.lt\/#website"},"primaryImageOfPage":{"@id":"https:\/\/eheating.lt\/produktas\/vandens-sildytuvas-heatrae-sadia-250dd-megaflo-eco\/#primaryimage"},"image":{"@id":"https:\/\/eheating.lt\/produktas\/vandens-sildytuvas-heatrae-sadia-250dd-megaflo-eco\/#primaryimage"},"thumbnailUrl":"https:\/\/eheating.lt\/wp-content\/uploads\/2022\/11\/Heatrae-Sadia-Megaflo-Eco-3.png","datePublished":"2022-11-11T10:56:15+00:00","dateModified":"2024-07-22T13:07:56+00:00","breadcrumb":{"@id":"https:\/\/eheating.lt\/produktas\/vandens-sildytuvas-heatrae-sadia-250dd-megaflo-eco\/#breadcrumb"},"inLanguage":"en-US","potentialAction":[{"@type":"ReadAction","target":["https:\/\/eheating.lt\/produktas\/vandens-sildytuvas-heatrae-sadia-250dd-megaflo-eco\/"]}]},{"@type":"ImageObject","inLanguage":"en-US","@id":"https:\/\/eheating.lt\/produktas\/vandens-sildytuvas-heatrae-sadia-250dd-megaflo-eco\/#primaryimage","url":"https:\/\/eheating.lt\/wp-content\/uploads\/2022\/11\/Heatrae-Sadia-Megaflo-Eco-3.png","contentUrl":"https:\/\/eheating.lt\/wp-content\/uploads\/2022\/11\/Heatrae-Sadia-Megaflo-Eco-3.png","width":800,"height":800,"caption":"Heatrae Sadia Megaflo Eco"},{"@type":"BreadcrumbList","@id":"https:\/\/eheating.lt\/produktas\/vandens-sildytuvas-heatrae-sadia-250dd-megaflo-eco\/#breadcrumb","itemListElement":[{"@type":"ListItem","position":1,"name":"Prad\u017eia","item":"https:\/\/eheating.lt\/en\/"},{"@type":"ListItem","position":2,"name":"Shop","item":"https:\/\/eheating.lt\/en\/?page_id=5734"},{"@type":"ListItem","position":3,"name":"Vandens \u0161ildytuvas Heatrae Sadia 250DD Megaflo Eco"}]},{"@type":"WebSite","@id":"https:\/\/eheating.lt\/#website","url":"https:\/\/eheating.lt\/","name":"eHeating","description":"Elektronika ir \u0161ildymas","potentialAction":[{"@type":"SearchAction","target":{"@type":"EntryPoint","urlTemplate":"https:\/\/eheating.lt\/?s={search_term_string}"},"query-input":{"@type":"PropertyValueSpecification","valueRequired":true,"valueName":"search_term_string"}}],"inLanguage":"en-US"}]},"product_price_amount":"1353.07","product_price_currency":"EUR","og_availability":"backorder","product_availability":"available for order","product_retailer_item_id":"SADIA-MEGAFLO-ECO-250L","product_condition":"new"},"_links":{"self":[{"href":"https:\/\/eheating.lt\/en\/wp-json\/wp\/v2\/product\/6624","targetHints":{"allow":["GET"]}}],"collection":[{"href":"https:\/\/eheating.lt\/en\/wp-json\/wp\/v2\/product"}],"about":[{"href":"https:\/\/eheating.lt\/en\/wp-json\/wp\/v2\/types\/product"}],"replies":[{"embeddable":true,"href":"https:\/\/eheating.lt\/en\/wp-json\/wp\/v2\/comments?post=6624"}],"version-history":[{"count":1,"href":"https:\/\/eheating.lt\/en\/wp-json\/wp\/v2\/product\/6624\/revisions"}],"predecessor-version":[{"id":7662,"href":"https:\/\/eheating.lt\/en\/wp-json\/wp\/v2\/product\/6624\/revisions\/7662"}],"wp:featuredmedia":[{"embeddable":true,"href":"https:\/\/eheating.lt\/en\/wp-json\/wp\/v2\/media\/8309"}],"wp:attachment":[{"href":"https:\/\/eheating.lt\/en\/wp-json\/wp\/v2\/media?parent=6624"}],"wp:term":[{"taxonomy":"product_brand","embeddable":true,"href":"https:\/\/eheating.lt\/en\/wp-json\/wp\/v2\/product_brand?post=6624"},{"taxonomy":"product_cat","embeddable":true,"href":"https:\/\/eheating.lt\/en\/wp-json\/wp\/v2\/product_cat?post=6624"},{"taxonomy":"product_tag","embeddable":true,"href":"https:\/\/eheating.lt\/en\/wp-json\/wp\/v2\/product_tag?post=6624"}],"curies":[{"name":"wp","href":"https:\/\/api.w.org\/{rel}","templated":true}]}}