{"id":6575,"date":"2022-11-08T19:45:21","date_gmt":"2022-11-08T17:45:21","guid":{"rendered":"https:\/\/eheating.lt\/?post_type=product&#038;p=6575"},"modified":"2024-07-22T16:07:52","modified_gmt":"2024-07-22T13:07:52","slug":"vandens-sildytuvas-heatrae-sadia-dd170-slimline-megaflo-eco-direct","status":"publish","type":"product","link":"https:\/\/eheating.lt\/en\/produktas\/vandens-sildytuvas-heatrae-sadia-dd170-slimline-megaflo-eco-direct\/","title":{"rendered":"Vandens \u0161ildytuvas Heatrae Sadia DD170 Slimline"},"content":{"rendered":"<p>B\u016bdama auk\u0161tesn\u0117 ir siauresn\u0117 , <strong>Megaflo Eco Slimline <\/strong>serija gali talpinti didelius kiekius vandens ir u\u017etikrinti i\u0161skirtinai auk\u0161t\u0105 komforto ir kar\u0161to vandens na\u0161umo lyg\u012f, u\u017eimant ma\u017eesn\u012f plot\u0105.<\/p>\n<hr \/>\n<p><span style=\"font-size: 18px;\"><strong>Technin\u0117s specifikacijos:<\/strong><\/span><\/p>\n<ul>\n<li>Tipas &#8211; Pastatomas<\/li>\n<li>Talpa (litrai) 170<\/li>\n<li>Auk\u0161tis (mm) 1883<\/li>\n<li>Skersmuo (mm) 491<\/li>\n<li>Skersmuo ties jungiamosiomis dalimis (mm) 516<\/li>\n<li>\u012etampa 230V<\/li>\n<li>Pakaitinimo element\u0173 galia 2x3kW<\/li>\n<li>Svoris tu\u0161\u010dio (kg) 45<\/li>\n<li>Svoris u\u017epildyto (kg) 219<\/li>\n<li>Indo med\u017eiaga &#8211; Ner\u016bdijantis plienas<\/li>\n<li>Maksimalus vandens srautas: 70L\/min esant 3 Bar sl\u0117giui<\/li>\n<li>Vidin\u0117 pl\u016bduriuojanti pertvar\u0173 i\u0161sipl\u0117timo sistema, leid\u017eianti vandens \u0161ildytuv\u0105 naudoti be i\u0161sipl\u0117timo bakelio<\/li>\n<li>Unikalus \u201eL\u201c formos panardinamas titano \u0161ildytuvas maksimaliai padidina vandens \u0161ildymo efektyvum\u0105<\/li>\n<li>50mm \u012fpur\u0161kiam\u0173 put\u0173 ap\u0161ildymas, u\u017etikrina puik\u0173 \u0161ilumos i\u0161saugojim\u0105 ir energijos suvartojim\u0105<\/li>\n<\/ul>\n<p>&nbsp;<\/p>\n<p><img decoding=\"async\" style=\"height: 30px;\" src=\"http:\/\/eheating.lt\/wp-content\/uploads\/2022\/12\/pdf.png\" \/><a href=\"http:\/\/eheating.lt\/wp-content\/uploads\/2023\/01\/Megaflo-Eco-Slimline-manual.pdf\"><strong>Instrukcija (Angl\u0173 k.) <\/strong><\/a><\/p>\n<p><img decoding=\"async\" style=\"height: 30px;\" src=\"http:\/\/eheating.lt\/wp-content\/uploads\/2022\/12\/pdf.png\" \/><a href=\"http:\/\/eheating.lt\/wp-content\/uploads\/2023\/01\/Megaflo-Eco-Slimline-Direct-technical-data-sheet-1.pdf\"><strong>Specifikacijos (Angl\u0173 k.)<\/strong><\/a><\/p>\n<p>&nbsp;<\/p>\n<div id=\"product-tab\" class=\"woocommerce-tabs woocommerce-tabs-dmp083c4 resp-htabs\">\n<div class=\"resp-tabs-container\">\n<div id=\"tab-description\" class=\"tab-content resp-tab-content resp-tab-content-active\" aria-labelledby=\"tab_item-1\">\n<figure class=\"wp-block-table is-style-stripes\">\n<figure class=\"wp-block-table is-style-stripes\">\n<table width=\"983\">\n<tbody>\n<tr>\n<td><strong>Modelis<\/strong><\/td>\n<td><strong>D100<\/strong><\/td>\n<td><strong>DD125<\/strong><\/td>\n<td><strong>DD150<\/strong><\/td>\n<td><strong>DD170<\/strong><\/td>\n<td><b>DD200<\/b><\/td>\n<\/tr>\n<tr>\n<td>Produkto kodas<\/td>\n<td>7034087<\/td>\n<td>7034088<\/td>\n<td>7034089<\/td>\n<td>7034090<\/td>\n<td>7034091<\/td>\n<\/tr>\n<tr>\n<td>Nominali talpa (litrais)<\/td>\n<td>100 l<\/td>\n<td>125 l<\/td>\n<td>150 l<\/td>\n<td>170 l<\/td>\n<td>200 l<\/td>\n<\/tr>\n<tr>\n<td>Vidinis i\u0161sipl\u0117timas su pl\u016bduriuojan\u010dia pertvara<\/td>\n<td>Taip<\/td>\n<td>Taip<\/td>\n<td>Taip<\/td>\n<td>Taip<\/td>\n<td>Taip<\/td>\n<\/tr>\n<tr>\n<td>Izoliacijos storis (mm)<\/td>\n<td>50 mm<\/td>\n<td>50 mm<\/td>\n<td>50 mm<\/td>\n<td>50 mm<\/td>\n<td>50 mm<\/td>\n<\/tr>\n<tr>\n<td>Kaitinimo elemento galia (kW)<\/td>\n<td>1 x 3 kW<\/td>\n<td>2 x 3 kW<\/td>\n<td>2 x 3 kW<\/td>\n<td>2 x 3 kW<\/td>\n<td>2 x 3 kW<\/td>\n<\/tr>\n<tr>\n<td>Svoris tu\u0161\u010dio (kg)<\/td>\n<td>31 kg<\/td>\n<td>36 kg<\/td>\n<td>40 kg<\/td>\n<td>45 kg<\/td>\n<td>48 kg<\/td>\n<\/tr>\n<tr>\n<td>Visas svoris (kg)<\/td>\n<td>131 kg<\/td>\n<td>162 kg<\/td>\n<td>186 kg<\/td>\n<td>219 kg<\/td>\n<td>243 kg<\/td>\n<\/tr>\n<tr>\n<td>\u0160ilumos nuostoliai stovint (kWh\/24h)<\/td>\n<td>1.13 kWh<\/td>\n<td>1.38 kWh<\/td>\n<td>1.46 kWh<\/td>\n<td>1.72 kWh<\/td>\n<td>1.88 kWh<\/td>\n<\/tr>\n<tr>\n<td>\u0160ilumos nuostoliai stovint (kWh\/metus)<\/td>\n<td>412 kWh<\/td>\n<td>504 kWh<\/td>\n<td>533 kWh<\/td>\n<td>628 kWh<\/td>\n<td>708 kWh<\/td>\n<\/tr>\n<tr>\n<td>Maksimalus srautas esant 3 barams (l\/min.)<\/td>\n<td>70 l<\/td>\n<td>70 l<\/td>\n<td>70 l<\/td>\n<td>70 l<\/td>\n<td>70 l<\/td>\n<\/tr>\n<tr>\n<td>Maksimalus srautas esant 1 barui (l\/min.)<\/td>\n<td>40 l<\/td>\n<td>40 l<\/td>\n<td>40 l<\/td>\n<td>40 l<\/td>\n<td>40 l<\/td>\n<\/tr>\n<tr>\n<td>Temperat\u016bros ir sl\u0117gio apsauginis vo\u017etuvas (mm)<\/td>\n<td>729 mm<\/td>\n<td>970 mm<\/td>\n<td>1123 mm<\/td>\n<td>1361 mm<\/td>\n<td>1535 mm<\/td>\n<\/tr>\n<tr>\n<td>Auk\u0161tis (mm)<\/td>\n<td>1194 mm<\/td>\n<td>1440 mm<\/td>\n<td>1622 mm<\/td>\n<td>1883 mm<\/td>\n<td>2079 mm<\/td>\n<\/tr>\n<tr>\n<td>Skersmuo \u2013 tik cilindras (mm)<\/td>\n<td>491 mm<\/td>\n<td>491 mm<\/td>\n<td>491 mm<\/td>\n<td>491 mm<\/td>\n<td>491 mm<\/td>\n<\/tr>\n<tr>\n<td>Skersmuo \u2013 cilindras \u012fsk. temp.ir sl\u0117gio vo\u017etuv\u0105 (mm)<\/td>\n<td>516 mm<\/td>\n<td>516 mm<\/td>\n<td>516 mm<\/td>\n<td>516 mm<\/td>\n<td>516 mm<\/td>\n<\/tr>\n<\/tbody>\n<\/table>\n<\/figure>\n<\/figure>\n<\/div>\n<\/div>\n<\/div>\n","protected":false},"excerpt":{"rendered":"<p><strong>Heatrae Sadia Megaflo Eco Slimline<\/strong> yra kompakti\u0161ka <strong>Megaflo Eco<\/strong> versija, skirta namams, kuriuose yra ma\u017eai vietos kar\u0161to vandens talpyklai ir kur standartinio plo\u010dio vandens \u0161ildytuvai bus per plat\u016bs.<\/p>\n","protected":false},"featured_media":8293,"comment_status":"closed","ping_status":"closed","template":"","meta":[],"product_brand":[],"product_cat":[128,125,126],"product_tag":[],"class_list":{"0":"post-6575","1":"product","2":"type-product","3":"status-publish","4":"has-post-thumbnail","6":"product_cat-slimline-serija","7":"product_cat-elektriniai-vandens-sildytuvai","8":"product_cat-vandens-sildytuvai","10":"first","11":"onbackorder","12":"taxable","13":"shipping-taxable","14":"purchasable","15":"product-type-simple"},"yoast_head":"<!-- This site is optimized with the Yoast SEO Premium plugin v21.5 (Yoast SEO v27.4) - https:\/\/yoast.com\/product\/yoast-seo-premium-wordpress\/ -->\n<title>Vandens \u0161ildytuvas Heatrae Sadia DD170 Slimline Megaflo Eco Direct<\/title>\n<meta name=\"robots\" content=\"index, follow, max-snippet:-1, max-image-preview:large, max-video-preview:-1\" \/>\n<link rel=\"canonical\" href=\"https:\/\/eheating.lt\/produktas\/vandens-sildytuvas-heatrae-sadia-dd170-slimline-megaflo-eco-direct\/\" \/>\n<meta property=\"og:locale\" content=\"en_US\" \/>\n<meta property=\"og:type\" content=\"article\" \/>\n<meta property=\"og:title\" content=\"Vandens \u0161ildytuvas Heatrae Sadia DD170 Slimline Megaflo Eco Direct\" \/>\n<meta property=\"og:description\" content=\"Heatrae Sadia Megaflo Eco Slimline yra kompakti\u0161ka Megaflo Eco versija, skirta namams, kuriuose yra ma\u017eai vietos kar\u0161to vandens talpyklai ir kur standartinio plo\u010dio vandens \u0161ildytuvai bus per plat\u016bs.\" \/>\n<meta property=\"og:url\" content=\"https:\/\/eheating.lt\/produktas\/vandens-sildytuvas-heatrae-sadia-dd170-slimline-megaflo-eco-direct\/\" \/>\n<meta property=\"og:site_name\" content=\"Elektronika Namams\" \/>\n<meta property=\"article:publisher\" content=\"https:\/\/www.facebook.com\/ElektronikaNamams\" \/>\n<meta property=\"article:modified_time\" content=\"2024-07-22T13:07:52+00:00\" \/>\n<meta property=\"og:image\" content=\"https:\/\/eheating.lt\/wp-content\/uploads\/2022\/09\/HeatraeSadia-Slimline-2.png\" \/>\n\t<meta property=\"og:image:width\" content=\"800\" \/>\n\t<meta property=\"og:image:height\" content=\"1000\" \/>\n\t<meta property=\"og:image:type\" content=\"image\/png\" \/>\n<meta name=\"twitter:card\" content=\"summary_large_image\" \/>\n<meta name=\"twitter:label1\" content=\"Price\" \/>\n\t<meta name=\"twitter:data1\" content=\"1790,99&nbsp;&euro;\" \/>\n\t<meta name=\"twitter:label2\" content=\"Availability\" \/>\n\t<meta name=\"twitter:data2\" content=\"On backorder\" \/>\n<script type=\"application\/ld+json\" class=\"yoast-schema-graph\">{\"@context\":\"https:\\\/\\\/schema.org\",\"@graph\":[{\"@type\":\"WebPage\",\"@id\":\"https:\\\/\\\/eheating.lt\\\/produktas\\\/vandens-sildytuvas-heatrae-sadia-dd170-slimline-megaflo-eco-direct\\\/\",\"url\":\"https:\\\/\\\/eheating.lt\\\/produktas\\\/vandens-sildytuvas-heatrae-sadia-dd170-slimline-megaflo-eco-direct\\\/\",\"name\":\"Vandens \u0161ildytuvas Heatrae Sadia DD170 Slimline Megaflo Eco Direct\",\"isPartOf\":{\"@id\":\"https:\\\/\\\/eheating.lt\\\/#website\"},\"primaryImageOfPage\":{\"@id\":\"https:\\\/\\\/eheating.lt\\\/produktas\\\/vandens-sildytuvas-heatrae-sadia-dd170-slimline-megaflo-eco-direct\\\/#primaryimage\"},\"image\":{\"@id\":\"https:\\\/\\\/eheating.lt\\\/produktas\\\/vandens-sildytuvas-heatrae-sadia-dd170-slimline-megaflo-eco-direct\\\/#primaryimage\"},\"thumbnailUrl\":\"https:\\\/\\\/eheating.lt\\\/wp-content\\\/uploads\\\/2022\\\/09\\\/HeatraeSadia-Slimline-2.png\",\"datePublished\":\"2022-11-08T17:45:21+00:00\",\"dateModified\":\"2024-07-22T13:07:52+00:00\",\"breadcrumb\":{\"@id\":\"https:\\\/\\\/eheating.lt\\\/produktas\\\/vandens-sildytuvas-heatrae-sadia-dd170-slimline-megaflo-eco-direct\\\/#breadcrumb\"},\"inLanguage\":\"en-US\",\"potentialAction\":[{\"@type\":\"ReadAction\",\"target\":[\"https:\\\/\\\/eheating.lt\\\/produktas\\\/vandens-sildytuvas-heatrae-sadia-dd170-slimline-megaflo-eco-direct\\\/\"]}]},{\"@type\":\"ImageObject\",\"inLanguage\":\"en-US\",\"@id\":\"https:\\\/\\\/eheating.lt\\\/produktas\\\/vandens-sildytuvas-heatrae-sadia-dd170-slimline-megaflo-eco-direct\\\/#primaryimage\",\"url\":\"https:\\\/\\\/eheating.lt\\\/wp-content\\\/uploads\\\/2022\\\/09\\\/HeatraeSadia-Slimline-2.png\",\"contentUrl\":\"https:\\\/\\\/eheating.lt\\\/wp-content\\\/uploads\\\/2022\\\/09\\\/HeatraeSadia-Slimline-2.png\",\"width\":800,\"height\":1000,\"caption\":\"Vandens \u0161ildytuvas Heatrae Sadia Slimline\"},{\"@type\":\"BreadcrumbList\",\"@id\":\"https:\\\/\\\/eheating.lt\\\/produktas\\\/vandens-sildytuvas-heatrae-sadia-dd170-slimline-megaflo-eco-direct\\\/#breadcrumb\",\"itemListElement\":[{\"@type\":\"ListItem\",\"position\":1,\"name\":\"Prad\u017eia\",\"item\":\"https:\\\/\\\/eheating.lt\\\/en\\\/\"},{\"@type\":\"ListItem\",\"position\":2,\"name\":\"Shop\",\"item\":\"https:\\\/\\\/eheating.lt\\\/en\\\/?page_id=5734\"},{\"@type\":\"ListItem\",\"position\":3,\"name\":\"Vandens \u0161ildytuvas Heatrae Sadia DD170 Slimline Megaflo Eco Direct\"}]},{\"@type\":\"WebSite\",\"@id\":\"https:\\\/\\\/eheating.lt\\\/#website\",\"url\":\"https:\\\/\\\/eheating.lt\\\/\",\"name\":\"eHeating\",\"description\":\"Elektronika ir \u0161ildymas\",\"potentialAction\":[{\"@type\":\"SearchAction\",\"target\":{\"@type\":\"EntryPoint\",\"urlTemplate\":\"https:\\\/\\\/eheating.lt\\\/?s={search_term_string}\"},\"query-input\":{\"@type\":\"PropertyValueSpecification\",\"valueRequired\":true,\"valueName\":\"search_term_string\"}}],\"inLanguage\":\"en-US\"}]}<\/script>\n<meta property=\"product:price:amount\" content=\"1790.99\" \/>\n<meta property=\"product:price:currency\" content=\"EUR\" \/>\n<meta property=\"og:availability\" content=\"backorder\" \/>\n<meta property=\"product:availability\" content=\"available for order\" \/>\n<meta property=\"product:retailer_item_id\" content=\"SADIA-SLIMLINE-170L\" \/>\n<meta property=\"product:condition\" content=\"new\" \/>\n<!-- \/ Yoast SEO Premium plugin. -->","yoast_head_json":{"title":"Vandens \u0161ildytuvas Heatrae Sadia DD170 Slimline Megaflo Eco Direct","robots":{"index":"index","follow":"follow","max-snippet":"max-snippet:-1","max-image-preview":"max-image-preview:large","max-video-preview":"max-video-preview:-1"},"canonical":"https:\/\/eheating.lt\/produktas\/vandens-sildytuvas-heatrae-sadia-dd170-slimline-megaflo-eco-direct\/","og_locale":"en_US","og_type":"article","og_title":"Vandens \u0161ildytuvas Heatrae Sadia DD170 Slimline Megaflo Eco Direct","og_description":"Heatrae Sadia Megaflo Eco Slimline yra kompakti\u0161ka Megaflo Eco versija, skirta namams, kuriuose yra ma\u017eai vietos kar\u0161to vandens talpyklai ir kur standartinio plo\u010dio vandens \u0161ildytuvai bus per plat\u016bs.","og_url":"https:\/\/eheating.lt\/produktas\/vandens-sildytuvas-heatrae-sadia-dd170-slimline-megaflo-eco-direct\/","og_site_name":"Elektronika Namams","article_publisher":"https:\/\/www.facebook.com\/ElektronikaNamams","article_modified_time":"2024-07-22T13:07:52+00:00","og_image":[{"width":800,"height":1000,"url":"https:\/\/eheating.lt\/wp-content\/uploads\/2022\/09\/HeatraeSadia-Slimline-2.png","type":"image\/png"}],"twitter_card":"summary_large_image","twitter_misc":{"Price":"1790,99&nbsp;&euro;","Availability":"On backorder"},"schema":{"@context":"https:\/\/schema.org","@graph":[{"@type":"WebPage","@id":"https:\/\/eheating.lt\/produktas\/vandens-sildytuvas-heatrae-sadia-dd170-slimline-megaflo-eco-direct\/","url":"https:\/\/eheating.lt\/produktas\/vandens-sildytuvas-heatrae-sadia-dd170-slimline-megaflo-eco-direct\/","name":"Vandens \u0161ildytuvas Heatrae Sadia DD170 Slimline Megaflo Eco Direct","isPartOf":{"@id":"https:\/\/eheating.lt\/#website"},"primaryImageOfPage":{"@id":"https:\/\/eheating.lt\/produktas\/vandens-sildytuvas-heatrae-sadia-dd170-slimline-megaflo-eco-direct\/#primaryimage"},"image":{"@id":"https:\/\/eheating.lt\/produktas\/vandens-sildytuvas-heatrae-sadia-dd170-slimline-megaflo-eco-direct\/#primaryimage"},"thumbnailUrl":"https:\/\/eheating.lt\/wp-content\/uploads\/2022\/09\/HeatraeSadia-Slimline-2.png","datePublished":"2022-11-08T17:45:21+00:00","dateModified":"2024-07-22T13:07:52+00:00","breadcrumb":{"@id":"https:\/\/eheating.lt\/produktas\/vandens-sildytuvas-heatrae-sadia-dd170-slimline-megaflo-eco-direct\/#breadcrumb"},"inLanguage":"en-US","potentialAction":[{"@type":"ReadAction","target":["https:\/\/eheating.lt\/produktas\/vandens-sildytuvas-heatrae-sadia-dd170-slimline-megaflo-eco-direct\/"]}]},{"@type":"ImageObject","inLanguage":"en-US","@id":"https:\/\/eheating.lt\/produktas\/vandens-sildytuvas-heatrae-sadia-dd170-slimline-megaflo-eco-direct\/#primaryimage","url":"https:\/\/eheating.lt\/wp-content\/uploads\/2022\/09\/HeatraeSadia-Slimline-2.png","contentUrl":"https:\/\/eheating.lt\/wp-content\/uploads\/2022\/09\/HeatraeSadia-Slimline-2.png","width":800,"height":1000,"caption":"Vandens \u0161ildytuvas Heatrae Sadia Slimline"},{"@type":"BreadcrumbList","@id":"https:\/\/eheating.lt\/produktas\/vandens-sildytuvas-heatrae-sadia-dd170-slimline-megaflo-eco-direct\/#breadcrumb","itemListElement":[{"@type":"ListItem","position":1,"name":"Prad\u017eia","item":"https:\/\/eheating.lt\/en\/"},{"@type":"ListItem","position":2,"name":"Shop","item":"https:\/\/eheating.lt\/en\/?page_id=5734"},{"@type":"ListItem","position":3,"name":"Vandens \u0161ildytuvas Heatrae Sadia DD170 Slimline Megaflo Eco Direct"}]},{"@type":"WebSite","@id":"https:\/\/eheating.lt\/#website","url":"https:\/\/eheating.lt\/","name":"eHeating","description":"Elektronika ir \u0161ildymas","potentialAction":[{"@type":"SearchAction","target":{"@type":"EntryPoint","urlTemplate":"https:\/\/eheating.lt\/?s={search_term_string}"},"query-input":{"@type":"PropertyValueSpecification","valueRequired":true,"valueName":"search_term_string"}}],"inLanguage":"en-US"}]},"product_price_amount":"1790.99","product_price_currency":"EUR","og_availability":"backorder","product_availability":"available for order","product_retailer_item_id":"SADIA-SLIMLINE-170L","product_condition":"new"},"_links":{"self":[{"href":"https:\/\/eheating.lt\/en\/wp-json\/wp\/v2\/product\/6575","targetHints":{"allow":["GET"]}}],"collection":[{"href":"https:\/\/eheating.lt\/en\/wp-json\/wp\/v2\/product"}],"about":[{"href":"https:\/\/eheating.lt\/en\/wp-json\/wp\/v2\/types\/product"}],"replies":[{"embeddable":true,"href":"https:\/\/eheating.lt\/en\/wp-json\/wp\/v2\/comments?post=6575"}],"version-history":[{"count":1,"href":"https:\/\/eheating.lt\/en\/wp-json\/wp\/v2\/product\/6575\/revisions"}],"predecessor-version":[{"id":7657,"href":"https:\/\/eheating.lt\/en\/wp-json\/wp\/v2\/product\/6575\/revisions\/7657"}],"wp:featuredmedia":[{"embeddable":true,"href":"https:\/\/eheating.lt\/en\/wp-json\/wp\/v2\/media\/8293"}],"wp:attachment":[{"href":"https:\/\/eheating.lt\/en\/wp-json\/wp\/v2\/media?parent=6575"}],"wp:term":[{"taxonomy":"product_brand","embeddable":true,"href":"https:\/\/eheating.lt\/en\/wp-json\/wp\/v2\/product_brand?post=6575"},{"taxonomy":"product_cat","embeddable":true,"href":"https:\/\/eheating.lt\/en\/wp-json\/wp\/v2\/product_cat?post=6575"},{"taxonomy":"product_tag","embeddable":true,"href":"https:\/\/eheating.lt\/en\/wp-json\/wp\/v2\/product_tag?post=6575"}],"curies":[{"name":"wp","href":"https:\/\/api.w.org\/{rel}","templated":true}]}}