{"id":5990,"date":"2022-09-13T07:54:45","date_gmt":"2022-09-13T04:54:45","guid":{"rendered":"https:\/\/eheating.lt\/product\/wi-fi-thermostat-magnum-mrc\/"},"modified":"2026-02-18T17:46:30","modified_gmt":"2026-02-18T15:46:30","slug":"wifi-thermostat-magnum-mrc","status":"publish","type":"product","link":"https:\/\/eheating.lt\/en\/produktas\/wifi-thermostat-magnum-mrc\/","title":{"rendered":"Wi-Fi thermostat MAGNUM MRC white"},"content":{"rendered":"\t\t<div data-elementor-type=\"product-post\" data-elementor-id=\"5990\" class=\"elementor elementor-5990 elementor-3160\" data-elementor-post-type=\"product\">\n\t\t\t\t\t\t<section class=\"elementor-section elementor-top-section elementor-element elementor-element-220d0ce elementor-section-boxed elementor-section-height-default elementor-section-height-default\" data-id=\"220d0ce\" data-element_type=\"section\" data-e-type=\"section\">\r\n\t\t\r\n\t\t\t\t\t\t\t<div class=\"elementor-container elementor-column-gap-default\">\r\n\t\t\t\t\t\t\t\t\t\t\t<div class=\"elementor-column elementor-col-50 elementor-top-column elementor-element elementor-element-5ea666c\" data-id=\"5ea666c\" data-element_type=\"column\" data-e-type=\"column\">\r\n\t\t\t\t\t<div class=\"elementor-widget-wrap elementor-element-populated\">\r\n\t\t\t\t\t\t\t\t<div class=\"elementor-element elementor-element-3b23e405 elementor-widget elementor-widget-text-editor\" data-id=\"3b23e405\" data-element_type=\"widget\" data-e-type=\"widget\" data-widget_type=\"text-editor.default\">\n\t\t\t\t<div class=\"elementor-widget-container\">\n\t\t\t\t\t\t\t\t\t<p>WiFi termostatas <strong>Magnum MRC<\/strong> &#8211; paprasta valdyti i\u0161maniai!<\/p><hr \/><p><span style=\"font-size: 18px;\"><strong>Technin\u0117s specifikacijos:<\/strong><\/span><\/p><ul><li>\u012etampa 230V \u2013 50\/60 Hz<\/li><li>Maks. apkrova 16A \/ 230V<\/li><li>Temp. diapazonas +5 \/ +40\u00b0C<\/li><li>Korpusas IP21<\/li><li>Grind\u0173 jutiklis (12K) ir \u012fmontuotas kambario jutiklis<\/li><li>\u201eWi-Fi\u201c (2,4 GHz)<\/li><li>Lietimui jautrus ekranas<\/li><li>I\u0161mani vartotojo s\u0105saja<\/li><li>Galima nustatyti iki 3 \u0161ildymo cikl\u0173 per dien\u0105<\/li><li>Program\u0117l\u0117 skirta iOS ir Android<\/li><li>Veikia su Amazon Alexa ir Google Assistant<\/li><li>Protingas ir savaranki\u0161kai besimokantis<\/li><li>L\u0117to paleidimo funkcija<\/li><li>Medini\u0173 grind\u0173 apsauga (ribota 28\u00b0C)<\/li><li>Automatinis vasaros ir \u017eiemos laikas<\/li><li>Keli\u0173 program\u0173 funkcija (iki 3 period\u0173 per dien\u0105)<\/li><li>Daugiakalbis programavimas<\/li><li>Spalva: Balta (RAL9010)<\/li><li><strong>Su papildomu r\u0117meliu(<a href=\"https:\/\/eheating.lt\/produktas\/magnum-mrc-termostato-integracinis-remelis-baltas\/\">parduodama atskirai<\/a>) tinkantis JUNG LS990 r\u0117meli\u0173 serijai<\/strong><\/li><\/ul><p><img decoding=\"async\" style=\"height: 30px;\" src=\"http:\/\/eheating.lt\/wp-content\/uploads\/2022\/12\/pdf.png\" \/><a href=\"https:\/\/eheating.lt\/wp-content\/uploads\/2024\/05\/Magnum-Heating-MRC-WiFi-manual-LT.pdf\"><strong>Instrukcija (Lietuvi\u0173 k.)<\/strong><\/a><\/p><p><img decoding=\"async\" style=\"height: 30px;\" src=\"http:\/\/eheating.lt\/wp-content\/uploads\/2022\/12\/pdf.png\" \/><a href=\"http:\/\/eheating.lt\/wp-content\/uploads\/2023\/01\/Magnum-Heating-MRC-WiFi-manual.pdf\"><strong>Instrukcija (Angl\u0173 k.) <\/strong><\/a><\/p><p><img decoding=\"async\" style=\"height: 30px;\" src=\"http:\/\/eheating.lt\/wp-content\/uploads\/2022\/12\/pdf.png\" \/><a href=\"http:\/\/eheating.lt\/wp-content\/uploads\/2023\/01\/Magnum-Heating-MRC-WiFi-datasheet.pdf\"><strong>Specifikacijos (Angl\u0173 k.)<\/strong><\/a><\/p>\t\t\t\t\t\t\t\t<\/div>\n\t\t\t\t<\/div>\n\t\t\t\t<div class=\"elementor-element elementor-element-e72482b elementor-hidden-desktop elementor-widget elementor-widget-video\" data-id=\"e72482b\" data-element_type=\"widget\" data-e-type=\"widget\" data-settings=\"{&quot;youtube_url&quot;:&quot;https:\\\/\\\/www.youtube.com\\\/embed\\\/r1YO9hbOHhQ&quot;,&quot;video_type&quot;:&quot;youtube&quot;,&quot;controls&quot;:&quot;yes&quot;}\" data-widget_type=\"video.default\">\n\t\t\t\t<div class=\"elementor-widget-container\">\n\t\t\t\t\t\t\t<div class=\"elementor-wrapper elementor-open-inline\">\n\t\t\t<div class=\"elementor-video\"><\/div>\t\t<\/div>\n\t\t\t\t\t\t<\/div>\n\t\t\t\t<\/div>\n\t\t\t\t<div class=\"elementor-element elementor-element-87963fe elementor-hidden-desktop elementor-widget elementor-widget-video\" data-id=\"87963fe\" data-element_type=\"widget\" data-e-type=\"widget\" data-settings=\"{&quot;youtube_url&quot;:&quot;www.youtube.com\\\/embed\\\/VFTatRKd05M&quot;,&quot;video_type&quot;:&quot;youtube&quot;,&quot;controls&quot;:&quot;yes&quot;}\" data-widget_type=\"video.default\">\n\t\t\t\t<div class=\"elementor-widget-container\">\n\t\t\t\t\t\t\t<div class=\"elementor-wrapper elementor-open-inline\">\n\t\t\t<div class=\"elementor-video\"><\/div>\t\t<\/div>\n\t\t\t\t\t\t<\/div>\n\t\t\t\t<\/div>\n\t\t\t\t\t<\/div>\r\n\t\t\t\t<\/div>\r\n\t\t\t\t<div class=\"elementor-column elementor-col-50 elementor-top-column elementor-element elementor-element-88acf90 elementor-hidden-tablet elementor-hidden-mobile\" data-id=\"88acf90\" data-element_type=\"column\" data-e-type=\"column\">\r\n\t\t\t\t\t<div class=\"elementor-widget-wrap elementor-element-populated\">\r\n\t\t\t\t\t\t\t\t<div class=\"elementor-element elementor-element-ce0e67b elementor-widget elementor-widget-video\" data-id=\"ce0e67b\" data-element_type=\"widget\" data-e-type=\"widget\" data-settings=\"{&quot;youtube_url&quot;:&quot;https:\\\/\\\/www.youtube.com\\\/embed\\\/r1YO9hbOHhQ&quot;,&quot;video_type&quot;:&quot;youtube&quot;,&quot;controls&quot;:&quot;yes&quot;}\" data-widget_type=\"video.default\">\n\t\t\t\t<div class=\"elementor-widget-container\">\n\t\t\t\t\t\t\t<div class=\"elementor-wrapper elementor-open-inline\">\n\t\t\t<div class=\"elementor-video\"><\/div>\t\t<\/div>\n\t\t\t\t\t\t<\/div>\n\t\t\t\t<\/div>\n\t\t\t\t<div class=\"elementor-element elementor-element-eb52961 elementor-widget elementor-widget-video\" data-id=\"eb52961\" data-element_type=\"widget\" data-e-type=\"widget\" data-settings=\"{&quot;youtube_url&quot;:&quot;www.youtube.com\\\/embed\\\/VFTatRKd05M&quot;,&quot;video_type&quot;:&quot;youtube&quot;,&quot;controls&quot;:&quot;yes&quot;}\" data-widget_type=\"video.default\">\n\t\t\t\t<div class=\"elementor-widget-container\">\n\t\t\t\t\t\t\t<div class=\"elementor-wrapper elementor-open-inline\">\n\t\t\t<div class=\"elementor-video\"><\/div>\t\t<\/div>\n\t\t\t\t\t\t<\/div>\n\t\t\t\t<\/div>\n\t\t\t\t\t<\/div>\r\n\t\t\t\t<\/div>\r\n\t\t\t\t\t<\/div>\r\n\t\t\t\t<\/section>\r\n\t\t\t\t<\/div>\n\t\t","protected":false},"excerpt":{"rendered":"<p>The <strong>MAGNUM Remote Control<\/strong> smart WiFi thermostat (MRC) is the most advanced on the market and extremely easy to use. The MRC thermostat therefore has a completely new user interface that can be easily and intuitively controlled via the screen and the app.<\/p>\n","protected":false},"featured_media":29225,"comment_status":"open","ping_status":"closed","template":"","meta":[],"product_brand":[],"product_cat":[271,223,225,224],"product_tag":[975],"class_list":{"0":"post-5990","1":"product","2":"type-product","3":"status-publish","4":"has-post-thumbnail","6":"product_cat-electric-mat-thermostats","7":"product_cat-heating-control-automation","8":"product_cat-room-thermostats","9":"product_cat-wireless-wi-fi-thermostats","10":"product_tag-ean-en","12":"first","13":"outofstock","14":"purchasable","15":"product-type-simple"},"yoast_head":"<!-- This site is optimized with the Yoast SEO Premium plugin v21.5 (Yoast SEO v27.4) - https:\/\/yoast.com\/product\/yoast-seo-premium-wordpress\/ -->\n<title>WiFi thermostat MAGNUM MRC white - Elektronika Namams<\/title>\n<meta name=\"description\" content=\"Magnum MRC Wifi thermostat ; Voltage 230V ; Works with Amazon Alexa and Google Assistant ; Multilingual programming ; Touchscreen\" \/>\n<meta name=\"robots\" content=\"index, follow, max-snippet:-1, max-image-preview:large, max-video-preview:-1\" \/>\n<link rel=\"canonical\" href=\"https:\/\/eheating.lt\/en\/produktas\/wifi-thermostat-magnum-mrc\/\" \/>\n<meta property=\"og:locale\" content=\"en_US\" \/>\n<meta property=\"og:type\" content=\"article\" \/>\n<meta property=\"og:title\" content=\"Wi-Fi thermostat MAGNUM MRC white\" \/>\n<meta property=\"og:description\" content=\"Magnum MRC Wifi thermostat ; Voltage 230V ; Works with Amazon Alexa and Google Assistant ; Multilingual programming ; Touchscreen\" \/>\n<meta property=\"og:url\" content=\"https:\/\/eheating.lt\/en\/produktas\/wifi-thermostat-magnum-mrc\/\" \/>\n<meta property=\"og:site_name\" content=\"Elektronika Namams\" \/>\n<meta property=\"article:publisher\" content=\"https:\/\/www.facebook.com\/ElektronikaNamams\" \/>\n<meta property=\"article:modified_time\" content=\"2026-02-18T15:46:30+00:00\" \/>\n<meta property=\"og:image\" content=\"https:\/\/eheating.lt\/wp-content\/uploads\/2022\/09\/Magnum-Heating-MRC-7.png\" \/>\n\t<meta property=\"og:image:width\" content=\"800\" \/>\n\t<meta property=\"og:image:height\" content=\"800\" \/>\n\t<meta property=\"og:image:type\" content=\"image\/png\" \/>\n<meta name=\"twitter:card\" content=\"summary_large_image\" \/>\n<meta name=\"twitter:label1\" content=\"Price\" \/>\n\t<meta name=\"twitter:data1\" content=\"121,71&nbsp;&euro;\" \/>\n\t<meta name=\"twitter:label2\" content=\"Availability\" \/>\n\t<meta name=\"twitter:data2\" content=\"Out of stock\" \/>\n<script type=\"application\/ld+json\" class=\"yoast-schema-graph\">{\"@context\":\"https:\\\/\\\/schema.org\",\"@graph\":[{\"@type\":\"WebPage\",\"@id\":\"https:\\\/\\\/eheating.lt\\\/en\\\/produktas\\\/wifi-thermostat-magnum-mrc\\\/\",\"url\":\"https:\\\/\\\/eheating.lt\\\/en\\\/produktas\\\/wifi-thermostat-magnum-mrc\\\/\",\"name\":\"WiFi thermostat MAGNUM MRC white - Elektronika Namams\",\"isPartOf\":{\"@id\":\"https:\\\/\\\/eheating.lt\\\/#website\"},\"primaryImageOfPage\":{\"@id\":\"https:\\\/\\\/eheating.lt\\\/en\\\/produktas\\\/wifi-thermostat-magnum-mrc\\\/#primaryimage\"},\"image\":{\"@id\":\"https:\\\/\\\/eheating.lt\\\/en\\\/produktas\\\/wifi-thermostat-magnum-mrc\\\/#primaryimage\"},\"thumbnailUrl\":\"https:\\\/\\\/eheating.lt\\\/wp-content\\\/uploads\\\/2022\\\/09\\\/Magnum-Heating-MRC-7.png\",\"datePublished\":\"2022-09-13T04:54:45+00:00\",\"dateModified\":\"2026-02-18T15:46:30+00:00\",\"description\":\"Magnum MRC Wifi thermostat ; Voltage 230V ; Works with Amazon Alexa and Google Assistant ; Multilingual programming ; Touchscreen\",\"breadcrumb\":{\"@id\":\"https:\\\/\\\/eheating.lt\\\/en\\\/produktas\\\/wifi-thermostat-magnum-mrc\\\/#breadcrumb\"},\"inLanguage\":\"en-US\",\"potentialAction\":[{\"@type\":\"ReadAction\",\"target\":[\"https:\\\/\\\/eheating.lt\\\/en\\\/produktas\\\/wifi-thermostat-magnum-mrc\\\/\"]}]},{\"@type\":\"ImageObject\",\"inLanguage\":\"en-US\",\"@id\":\"https:\\\/\\\/eheating.lt\\\/en\\\/produktas\\\/wifi-thermostat-magnum-mrc\\\/#primaryimage\",\"url\":\"https:\\\/\\\/eheating.lt\\\/wp-content\\\/uploads\\\/2022\\\/09\\\/Magnum-Heating-MRC-7.png\",\"contentUrl\":\"https:\\\/\\\/eheating.lt\\\/wp-content\\\/uploads\\\/2022\\\/09\\\/Magnum-Heating-MRC-7.png\",\"width\":800,\"height\":800,\"caption\":\"Wifi termostatas Magnum Heating MRC\"},{\"@type\":\"BreadcrumbList\",\"@id\":\"https:\\\/\\\/eheating.lt\\\/en\\\/produktas\\\/wifi-thermostat-magnum-mrc\\\/#breadcrumb\",\"itemListElement\":[{\"@type\":\"ListItem\",\"position\":1,\"name\":\"Prad\u017eia\",\"item\":\"https:\\\/\\\/eheating.lt\\\/en\\\/\"},{\"@type\":\"ListItem\",\"position\":2,\"name\":\"Shop\",\"item\":\"https:\\\/\\\/eheating.lt\\\/en\\\/?page_id=5734\"},{\"@type\":\"ListItem\",\"position\":3,\"name\":\"Wi-Fi thermostat MAGNUM MRC white\"}]},{\"@type\":\"WebSite\",\"@id\":\"https:\\\/\\\/eheating.lt\\\/#website\",\"url\":\"https:\\\/\\\/eheating.lt\\\/\",\"name\":\"eHeating\",\"description\":\"Elektronika ir \u0161ildymas\",\"potentialAction\":[{\"@type\":\"SearchAction\",\"target\":{\"@type\":\"EntryPoint\",\"urlTemplate\":\"https:\\\/\\\/eheating.lt\\\/?s={search_term_string}\"},\"query-input\":{\"@type\":\"PropertyValueSpecification\",\"valueRequired\":true,\"valueName\":\"search_term_string\"}}],\"inLanguage\":\"en-US\"}]}<\/script>\n<meta property=\"product:price:amount\" content=\"121.71\" \/>\n<meta property=\"product:price:currency\" content=\"EUR\" \/>\n<meta property=\"og:availability\" content=\"out of stock\" \/>\n<meta property=\"product:availability\" content=\"out of stock\" \/>\n<meta property=\"product:retailer_item_id\" content=\"MRC-BALTAS\" \/>\n<meta property=\"product:condition\" content=\"new\" \/>\n<!-- \/ Yoast SEO Premium plugin. -->","yoast_head_json":{"title":"WiFi thermostat MAGNUM MRC white - Elektronika Namams","description":"Magnum MRC Wifi thermostat ; Voltage 230V ; Works with Amazon Alexa and Google Assistant ; Multilingual programming ; Touchscreen","robots":{"index":"index","follow":"follow","max-snippet":"max-snippet:-1","max-image-preview":"max-image-preview:large","max-video-preview":"max-video-preview:-1"},"canonical":"https:\/\/eheating.lt\/en\/produktas\/wifi-thermostat-magnum-mrc\/","og_locale":"en_US","og_type":"article","og_title":"Wi-Fi thermostat MAGNUM MRC white","og_description":"Magnum MRC Wifi thermostat ; Voltage 230V ; Works with Amazon Alexa and Google Assistant ; Multilingual programming ; Touchscreen","og_url":"https:\/\/eheating.lt\/en\/produktas\/wifi-thermostat-magnum-mrc\/","og_site_name":"Elektronika Namams","article_publisher":"https:\/\/www.facebook.com\/ElektronikaNamams","article_modified_time":"2026-02-18T15:46:30+00:00","og_image":[{"width":800,"height":800,"url":"https:\/\/eheating.lt\/wp-content\/uploads\/2022\/09\/Magnum-Heating-MRC-7.png","type":"image\/png"}],"twitter_card":"summary_large_image","twitter_misc":{"Price":"121,71&nbsp;&euro;","Availability":"Out of stock"},"schema":{"@context":"https:\/\/schema.org","@graph":[{"@type":"WebPage","@id":"https:\/\/eheating.lt\/en\/produktas\/wifi-thermostat-magnum-mrc\/","url":"https:\/\/eheating.lt\/en\/produktas\/wifi-thermostat-magnum-mrc\/","name":"WiFi thermostat MAGNUM MRC white - Elektronika Namams","isPartOf":{"@id":"https:\/\/eheating.lt\/#website"},"primaryImageOfPage":{"@id":"https:\/\/eheating.lt\/en\/produktas\/wifi-thermostat-magnum-mrc\/#primaryimage"},"image":{"@id":"https:\/\/eheating.lt\/en\/produktas\/wifi-thermostat-magnum-mrc\/#primaryimage"},"thumbnailUrl":"https:\/\/eheating.lt\/wp-content\/uploads\/2022\/09\/Magnum-Heating-MRC-7.png","datePublished":"2022-09-13T04:54:45+00:00","dateModified":"2026-02-18T15:46:30+00:00","description":"Magnum MRC Wifi thermostat ; Voltage 230V ; Works with Amazon Alexa and Google Assistant ; Multilingual programming ; Touchscreen","breadcrumb":{"@id":"https:\/\/eheating.lt\/en\/produktas\/wifi-thermostat-magnum-mrc\/#breadcrumb"},"inLanguage":"en-US","potentialAction":[{"@type":"ReadAction","target":["https:\/\/eheating.lt\/en\/produktas\/wifi-thermostat-magnum-mrc\/"]}]},{"@type":"ImageObject","inLanguage":"en-US","@id":"https:\/\/eheating.lt\/en\/produktas\/wifi-thermostat-magnum-mrc\/#primaryimage","url":"https:\/\/eheating.lt\/wp-content\/uploads\/2022\/09\/Magnum-Heating-MRC-7.png","contentUrl":"https:\/\/eheating.lt\/wp-content\/uploads\/2022\/09\/Magnum-Heating-MRC-7.png","width":800,"height":800,"caption":"Wifi termostatas Magnum Heating MRC"},{"@type":"BreadcrumbList","@id":"https:\/\/eheating.lt\/en\/produktas\/wifi-thermostat-magnum-mrc\/#breadcrumb","itemListElement":[{"@type":"ListItem","position":1,"name":"Prad\u017eia","item":"https:\/\/eheating.lt\/en\/"},{"@type":"ListItem","position":2,"name":"Shop","item":"https:\/\/eheating.lt\/en\/?page_id=5734"},{"@type":"ListItem","position":3,"name":"Wi-Fi thermostat MAGNUM MRC white"}]},{"@type":"WebSite","@id":"https:\/\/eheating.lt\/#website","url":"https:\/\/eheating.lt\/","name":"eHeating","description":"Elektronika ir \u0161ildymas","potentialAction":[{"@type":"SearchAction","target":{"@type":"EntryPoint","urlTemplate":"https:\/\/eheating.lt\/?s={search_term_string}"},"query-input":{"@type":"PropertyValueSpecification","valueRequired":true,"valueName":"search_term_string"}}],"inLanguage":"en-US"}]},"product_price_amount":"121.71","product_price_currency":"EUR","og_availability":"out of stock","product_availability":"out of stock","product_retailer_item_id":"MRC-BALTAS","product_condition":"new"},"_links":{"self":[{"href":"https:\/\/eheating.lt\/en\/wp-json\/wp\/v2\/product\/5990","targetHints":{"allow":["GET"]}}],"collection":[{"href":"https:\/\/eheating.lt\/en\/wp-json\/wp\/v2\/product"}],"about":[{"href":"https:\/\/eheating.lt\/en\/wp-json\/wp\/v2\/types\/product"}],"replies":[{"embeddable":true,"href":"https:\/\/eheating.lt\/en\/wp-json\/wp\/v2\/comments?post=5990"}],"version-history":[{"count":1,"href":"https:\/\/eheating.lt\/en\/wp-json\/wp\/v2\/product\/5990\/revisions"}],"predecessor-version":[{"id":39705,"href":"https:\/\/eheating.lt\/en\/wp-json\/wp\/v2\/product\/5990\/revisions\/39705"}],"wp:featuredmedia":[{"embeddable":true,"href":"https:\/\/eheating.lt\/en\/wp-json\/wp\/v2\/media\/29225"}],"wp:attachment":[{"href":"https:\/\/eheating.lt\/en\/wp-json\/wp\/v2\/media?parent=5990"}],"wp:term":[{"taxonomy":"product_brand","embeddable":true,"href":"https:\/\/eheating.lt\/en\/wp-json\/wp\/v2\/product_brand?post=5990"},{"taxonomy":"product_cat","embeddable":true,"href":"https:\/\/eheating.lt\/en\/wp-json\/wp\/v2\/product_cat?post=5990"},{"taxonomy":"product_tag","embeddable":true,"href":"https:\/\/eheating.lt\/en\/wp-json\/wp\/v2\/product_tag?post=5990"}],"curies":[{"name":"wp","href":"https:\/\/api.w.org\/{rel}","templated":true}]}}