{"id":5124,"date":"2022-10-13T21:03:43","date_gmt":"2022-10-13T18:03:43","guid":{"rendered":"https:\/\/eheating.lt\/?post_type=product&#038;p=5124"},"modified":"2024-11-24T17:48:21","modified_gmt":"2024-11-24T15:48:21","slug":"kryzminis-perjungiklis-1kl-karlik-junior-30whe-6l-ip54-su-pasvietimu-pilkos-grafito-spalvos","status":"publish","type":"product","link":"https:\/\/eheating.lt\/en\/produktas\/kryzminis-perjungiklis-1kl-karlik-junior-30whe-6l-ip54-su-pasvietimu-pilkos-grafito-spalvos\/","title":{"rendered":"Kry\u017eminis perjungiklis 1kl. KARLIK JUNIOR 30WHE-6L"},"content":{"rendered":"<p><strong>KARLIK JUNIOR<\/strong> serijos gaminiai gali b\u016bti naudojami visur, kur yra dulki\u0173 ir dr\u0117gm\u0117s, \u012fskaitant pramoninius objektus.<\/p>\n<hr \/>\n<ul>\n<li>Apsaugos indeksas IP 54<\/li>\n<li>Nominali srov\u0117 16 A<\/li>\n<li>Nominali \u012ftampa 250 V~<\/li>\n<li>Jungtis &#8211; var\u017etiniai kontaktai<\/li>\n<\/ul>\n<p>&nbsp;<\/p>\n<p style=\"text-align: center;\"><iframe src=\"\/\/www.youtube.com\/embed\/_1wDR-LB1y8\" width=\"560\" height=\"314\" allowfullscreen=\"allowfullscreen\"><\/iframe><\/p>\n","protected":false},"excerpt":{"rendered":"<p>Vir\u0161tinkinis hermetinis kry\u017eminis perjungiklis, 1 klavi\u0161o, su pa\u0161vietimu i\u0161 vidaus.<\/p>\n","protected":false},"featured_media":8932,"comment_status":"closed","ping_status":"closed","template":"","meta":[],"product_brand":[],"product_cat":[1346,1364,195],"product_tag":[],"class_list":{"0":"post-5124","1":"product","2":"type-product","3":"status-publish","4":"has-post-thumbnail","6":"product_cat-elektros-prekes","7":"product_cat-jungikliai-kistukiniai-lizdai","8":"product_cat-virstinkiniai-jungikliai","10":"first","11":"outofstock","12":"taxable","13":"shipping-taxable","14":"purchasable","15":"product-type-simple"},"yoast_head":"<!-- This site is optimized with the Yoast SEO Premium plugin v21.5 (Yoast SEO v27.3) - https:\/\/yoast.com\/product\/yoast-seo-premium-wordpress\/ -->\n<title>Kry\u017eminis perjungiklis 1kl. KARLIK JUNIOR 30WHE-6L IP54 su pa\u0161vietimu, pilkos\/grafito spalvos<\/title>\n<meta name=\"robots\" content=\"index, follow, max-snippet:-1, max-image-preview:large, max-video-preview:-1\" \/>\n<link rel=\"canonical\" href=\"https:\/\/eheating.lt\/produktas\/kryzminis-perjungiklis-1kl-karlik-junior-30whe-6l-ip54-su-pasvietimu-pilkos-grafito-spalvos\/\" \/>\n<meta property=\"og:locale\" content=\"en_US\" \/>\n<meta property=\"og:type\" content=\"article\" \/>\n<meta property=\"og:title\" content=\"Kry\u017eminis perjungiklis 1kl. KARLIK JUNIOR 30WHE-6L IP54 su pa\u0161vietimu, pilkos\/grafito spalvos\" \/>\n<meta property=\"og:description\" content=\"Vir\u0161tinkinis hermetinis kry\u017eminis perjungiklis, 1 klavi\u0161o, su pa\u0161vietimu i\u0161 vidaus.\" \/>\n<meta property=\"og:url\" content=\"https:\/\/eheating.lt\/produktas\/kryzminis-perjungiklis-1kl-karlik-junior-30whe-6l-ip54-su-pasvietimu-pilkos-grafito-spalvos\/\" \/>\n<meta property=\"og:site_name\" content=\"Elektronika Namams\" \/>\n<meta property=\"article:publisher\" content=\"https:\/\/www.facebook.com\/ElektronikaNamams\" \/>\n<meta property=\"article:modified_time\" content=\"2024-11-24T15:48:21+00:00\" \/>\n<meta property=\"og:image\" content=\"https:\/\/eheating.lt\/wp-content\/uploads\/2022\/10\/karlik-30WHE-6L-1.png\" \/>\n\t<meta property=\"og:image:width\" content=\"800\" \/>\n\t<meta property=\"og:image:height\" content=\"800\" \/>\n\t<meta property=\"og:image:type\" content=\"image\/png\" \/>\n<meta name=\"twitter:card\" content=\"summary_large_image\" \/>\n<meta name=\"twitter:label1\" content=\"Price\" \/>\n\t<meta name=\"twitter:data1\" content=\"5,30&nbsp;&euro;\" \/>\n\t<meta name=\"twitter:label2\" content=\"Availability\" \/>\n\t<meta name=\"twitter:data2\" content=\"Out of stock\" \/>\n<script type=\"application\/ld+json\" class=\"yoast-schema-graph\">{\"@context\":\"https:\\\/\\\/schema.org\",\"@graph\":[{\"@type\":\"WebPage\",\"@id\":\"https:\\\/\\\/eheating.lt\\\/produktas\\\/kryzminis-perjungiklis-1kl-karlik-junior-30whe-6l-ip54-su-pasvietimu-pilkos-grafito-spalvos\\\/\",\"url\":\"https:\\\/\\\/eheating.lt\\\/produktas\\\/kryzminis-perjungiklis-1kl-karlik-junior-30whe-6l-ip54-su-pasvietimu-pilkos-grafito-spalvos\\\/\",\"name\":\"Kry\u017eminis perjungiklis 1kl. KARLIK JUNIOR 30WHE-6L IP54 su pa\u0161vietimu, pilkos\\\/grafito spalvos\",\"isPartOf\":{\"@id\":\"https:\\\/\\\/eheating.lt\\\/#website\"},\"primaryImageOfPage\":{\"@id\":\"https:\\\/\\\/eheating.lt\\\/produktas\\\/kryzminis-perjungiklis-1kl-karlik-junior-30whe-6l-ip54-su-pasvietimu-pilkos-grafito-spalvos\\\/#primaryimage\"},\"image\":{\"@id\":\"https:\\\/\\\/eheating.lt\\\/produktas\\\/kryzminis-perjungiklis-1kl-karlik-junior-30whe-6l-ip54-su-pasvietimu-pilkos-grafito-spalvos\\\/#primaryimage\"},\"thumbnailUrl\":\"https:\\\/\\\/eheating.lt\\\/wp-content\\\/uploads\\\/2022\\\/10\\\/karlik-30WHE-6L-1.png\",\"datePublished\":\"2022-10-13T18:03:43+00:00\",\"dateModified\":\"2024-11-24T15:48:21+00:00\",\"breadcrumb\":{\"@id\":\"https:\\\/\\\/eheating.lt\\\/produktas\\\/kryzminis-perjungiklis-1kl-karlik-junior-30whe-6l-ip54-su-pasvietimu-pilkos-grafito-spalvos\\\/#breadcrumb\"},\"inLanguage\":\"en-US\",\"potentialAction\":[{\"@type\":\"ReadAction\",\"target\":[\"https:\\\/\\\/eheating.lt\\\/produktas\\\/kryzminis-perjungiklis-1kl-karlik-junior-30whe-6l-ip54-su-pasvietimu-pilkos-grafito-spalvos\\\/\"]}]},{\"@type\":\"ImageObject\",\"inLanguage\":\"en-US\",\"@id\":\"https:\\\/\\\/eheating.lt\\\/produktas\\\/kryzminis-perjungiklis-1kl-karlik-junior-30whe-6l-ip54-su-pasvietimu-pilkos-grafito-spalvos\\\/#primaryimage\",\"url\":\"https:\\\/\\\/eheating.lt\\\/wp-content\\\/uploads\\\/2022\\\/10\\\/karlik-30WHE-6L-1.png\",\"contentUrl\":\"https:\\\/\\\/eheating.lt\\\/wp-content\\\/uploads\\\/2022\\\/10\\\/karlik-30WHE-6L-1.png\",\"width\":800,\"height\":800,\"caption\":\"Karlik 30WHE-6L\"},{\"@type\":\"BreadcrumbList\",\"@id\":\"https:\\\/\\\/eheating.lt\\\/produktas\\\/kryzminis-perjungiklis-1kl-karlik-junior-30whe-6l-ip54-su-pasvietimu-pilkos-grafito-spalvos\\\/#breadcrumb\",\"itemListElement\":[{\"@type\":\"ListItem\",\"position\":1,\"name\":\"Prad\u017eia\",\"item\":\"https:\\\/\\\/eheating.lt\\\/en\\\/\"},{\"@type\":\"ListItem\",\"position\":2,\"name\":\"Shop\",\"item\":\"https:\\\/\\\/eheating.lt\\\/en\\\/?page_id=5734\"},{\"@type\":\"ListItem\",\"position\":3,\"name\":\"Kry\u017eminis perjungiklis 1kl. KARLIK JUNIOR 30WHE-6L IP54 su pa\u0161vietimu, pilkos\\\/grafito spalvos\"}]},{\"@type\":\"WebSite\",\"@id\":\"https:\\\/\\\/eheating.lt\\\/#website\",\"url\":\"https:\\\/\\\/eheating.lt\\\/\",\"name\":\"eHeating\",\"description\":\"Elektronika ir \u0161ildymas\",\"potentialAction\":[{\"@type\":\"SearchAction\",\"target\":{\"@type\":\"EntryPoint\",\"urlTemplate\":\"https:\\\/\\\/eheating.lt\\\/?s={search_term_string}\"},\"query-input\":{\"@type\":\"PropertyValueSpecification\",\"valueRequired\":true,\"valueName\":\"search_term_string\"}}],\"inLanguage\":\"en-US\"}]}<\/script>\n<meta property=\"product:price:amount\" content=\"5.30\" \/>\n<meta property=\"product:price:currency\" content=\"EUR\" \/>\n<meta property=\"og:availability\" content=\"out of stock\" \/>\n<meta property=\"product:availability\" content=\"out of stock\" \/>\n<meta property=\"product:retailer_item_id\" content=\"KARLIK-30WHE-6L\" \/>\n<meta property=\"product:condition\" content=\"new\" \/>\n<!-- \/ Yoast SEO Premium plugin. -->","yoast_head_json":{"title":"Kry\u017eminis perjungiklis 1kl. KARLIK JUNIOR 30WHE-6L IP54 su pa\u0161vietimu, pilkos\/grafito spalvos","robots":{"index":"index","follow":"follow","max-snippet":"max-snippet:-1","max-image-preview":"max-image-preview:large","max-video-preview":"max-video-preview:-1"},"canonical":"https:\/\/eheating.lt\/produktas\/kryzminis-perjungiklis-1kl-karlik-junior-30whe-6l-ip54-su-pasvietimu-pilkos-grafito-spalvos\/","og_locale":"en_US","og_type":"article","og_title":"Kry\u017eminis perjungiklis 1kl. KARLIK JUNIOR 30WHE-6L IP54 su pa\u0161vietimu, pilkos\/grafito spalvos","og_description":"Vir\u0161tinkinis hermetinis kry\u017eminis perjungiklis, 1 klavi\u0161o, su pa\u0161vietimu i\u0161 vidaus.","og_url":"https:\/\/eheating.lt\/produktas\/kryzminis-perjungiklis-1kl-karlik-junior-30whe-6l-ip54-su-pasvietimu-pilkos-grafito-spalvos\/","og_site_name":"Elektronika Namams","article_publisher":"https:\/\/www.facebook.com\/ElektronikaNamams","article_modified_time":"2024-11-24T15:48:21+00:00","og_image":[{"width":800,"height":800,"url":"https:\/\/eheating.lt\/wp-content\/uploads\/2022\/10\/karlik-30WHE-6L-1.png","type":"image\/png"}],"twitter_card":"summary_large_image","twitter_misc":{"Price":"5,30&nbsp;&euro;","Availability":"Out of stock"},"schema":{"@context":"https:\/\/schema.org","@graph":[{"@type":"WebPage","@id":"https:\/\/eheating.lt\/produktas\/kryzminis-perjungiklis-1kl-karlik-junior-30whe-6l-ip54-su-pasvietimu-pilkos-grafito-spalvos\/","url":"https:\/\/eheating.lt\/produktas\/kryzminis-perjungiklis-1kl-karlik-junior-30whe-6l-ip54-su-pasvietimu-pilkos-grafito-spalvos\/","name":"Kry\u017eminis perjungiklis 1kl. KARLIK JUNIOR 30WHE-6L IP54 su pa\u0161vietimu, pilkos\/grafito spalvos","isPartOf":{"@id":"https:\/\/eheating.lt\/#website"},"primaryImageOfPage":{"@id":"https:\/\/eheating.lt\/produktas\/kryzminis-perjungiklis-1kl-karlik-junior-30whe-6l-ip54-su-pasvietimu-pilkos-grafito-spalvos\/#primaryimage"},"image":{"@id":"https:\/\/eheating.lt\/produktas\/kryzminis-perjungiklis-1kl-karlik-junior-30whe-6l-ip54-su-pasvietimu-pilkos-grafito-spalvos\/#primaryimage"},"thumbnailUrl":"https:\/\/eheating.lt\/wp-content\/uploads\/2022\/10\/karlik-30WHE-6L-1.png","datePublished":"2022-10-13T18:03:43+00:00","dateModified":"2024-11-24T15:48:21+00:00","breadcrumb":{"@id":"https:\/\/eheating.lt\/produktas\/kryzminis-perjungiklis-1kl-karlik-junior-30whe-6l-ip54-su-pasvietimu-pilkos-grafito-spalvos\/#breadcrumb"},"inLanguage":"en-US","potentialAction":[{"@type":"ReadAction","target":["https:\/\/eheating.lt\/produktas\/kryzminis-perjungiklis-1kl-karlik-junior-30whe-6l-ip54-su-pasvietimu-pilkos-grafito-spalvos\/"]}]},{"@type":"ImageObject","inLanguage":"en-US","@id":"https:\/\/eheating.lt\/produktas\/kryzminis-perjungiklis-1kl-karlik-junior-30whe-6l-ip54-su-pasvietimu-pilkos-grafito-spalvos\/#primaryimage","url":"https:\/\/eheating.lt\/wp-content\/uploads\/2022\/10\/karlik-30WHE-6L-1.png","contentUrl":"https:\/\/eheating.lt\/wp-content\/uploads\/2022\/10\/karlik-30WHE-6L-1.png","width":800,"height":800,"caption":"Karlik 30WHE-6L"},{"@type":"BreadcrumbList","@id":"https:\/\/eheating.lt\/produktas\/kryzminis-perjungiklis-1kl-karlik-junior-30whe-6l-ip54-su-pasvietimu-pilkos-grafito-spalvos\/#breadcrumb","itemListElement":[{"@type":"ListItem","position":1,"name":"Prad\u017eia","item":"https:\/\/eheating.lt\/en\/"},{"@type":"ListItem","position":2,"name":"Shop","item":"https:\/\/eheating.lt\/en\/?page_id=5734"},{"@type":"ListItem","position":3,"name":"Kry\u017eminis perjungiklis 1kl. KARLIK JUNIOR 30WHE-6L IP54 su pa\u0161vietimu, pilkos\/grafito spalvos"}]},{"@type":"WebSite","@id":"https:\/\/eheating.lt\/#website","url":"https:\/\/eheating.lt\/","name":"eHeating","description":"Elektronika ir \u0161ildymas","potentialAction":[{"@type":"SearchAction","target":{"@type":"EntryPoint","urlTemplate":"https:\/\/eheating.lt\/?s={search_term_string}"},"query-input":{"@type":"PropertyValueSpecification","valueRequired":true,"valueName":"search_term_string"}}],"inLanguage":"en-US"}]},"product_price_amount":"5.30","product_price_currency":"EUR","og_availability":"out of stock","product_availability":"out of stock","product_retailer_item_id":"KARLIK-30WHE-6L","product_condition":"new"},"_links":{"self":[{"href":"https:\/\/eheating.lt\/en\/wp-json\/wp\/v2\/product\/5124","targetHints":{"allow":["GET"]}}],"collection":[{"href":"https:\/\/eheating.lt\/en\/wp-json\/wp\/v2\/product"}],"about":[{"href":"https:\/\/eheating.lt\/en\/wp-json\/wp\/v2\/types\/product"}],"replies":[{"embeddable":true,"href":"https:\/\/eheating.lt\/en\/wp-json\/wp\/v2\/comments?post=5124"}],"version-history":[{"count":0,"href":"https:\/\/eheating.lt\/en\/wp-json\/wp\/v2\/product\/5124\/revisions"}],"wp:featuredmedia":[{"embeddable":true,"href":"https:\/\/eheating.lt\/en\/wp-json\/wp\/v2\/media\/8932"}],"wp:attachment":[{"href":"https:\/\/eheating.lt\/en\/wp-json\/wp\/v2\/media?parent=5124"}],"wp:term":[{"taxonomy":"product_brand","embeddable":true,"href":"https:\/\/eheating.lt\/en\/wp-json\/wp\/v2\/product_brand?post=5124"},{"taxonomy":"product_cat","embeddable":true,"href":"https:\/\/eheating.lt\/en\/wp-json\/wp\/v2\/product_cat?post=5124"},{"taxonomy":"product_tag","embeddable":true,"href":"https:\/\/eheating.lt\/en\/wp-json\/wp\/v2\/product_tag?post=5124"}],"curies":[{"name":"wp","href":"https:\/\/api.w.org\/{rel}","templated":true}]}}