{"id":4612,"date":"2022-10-06T16:29:23","date_gmt":"2022-10-06T13:29:23","guid":{"rendered":"https:\/\/eheating.lt\/?post_type=product&#038;p=4612"},"modified":"2024-09-22T18:01:27","modified_gmt":"2024-09-22T15:01:27","slug":"temperaturos-jutiklis-latakams-tfd524-004","status":"publish","type":"product","link":"https:\/\/eheating.lt\/en\/produktas\/temperaturos-jutiklis-latakams-tfd524-004\/","title":{"rendered":"Temperat\u016bros jutiklis latakams TFD524 004"},"content":{"rendered":"<p>Jutiklio duomenys perduodami \u012f valdikl\u012f, kuris pagal valdiklyje nustatytas vertes valdo lauko \u0161ildymo sistem\u0105.<\/p>\n<hr \/>\n<p><span style=\"font-size: 18px;\"><strong>Technin\u0117s specifikacijos:<\/strong><\/span><\/p>\n<ul>\n<li>Ledo ir sniego aptikimas<\/li>\n<li>Skirtas valdikliams: <strong>EM<\/strong> <strong>52490<\/strong>, <strong>EM 52489<\/strong><\/li>\n<li>Montavimas \u2013 latakuose<\/li>\n<li>Kabelio ilgis 4 m<\/li>\n<\/ul>\n<p>&nbsp;<\/p>\n<div id=\"product-tab\" class=\"woocommerce-tabs woocommerce-tabs-dmp083c4 resp-htabs\">\n<div class=\"resp-tabs-container\">\n<div id=\"tab-description\" class=\"tab-content resp-tab-content resp-tab-content-active\" aria-labelledby=\"tab_item-1\">\n<figure class=\"wp-block-table is-style-stripes\">\n<figure class=\"wp-block-table is-style-stripes\">\n<table width=\"983\">\n<tbody>\n<tr>\n<td><strong>Modelis<\/strong><\/td>\n<td><strong>Maitinimo kabelio ilgis<\/strong><\/td>\n<td><strong>Komplekte maitinimo kabelis<\/strong><\/td>\n<\/tr>\n<tr>\n<td>Temperat\u016bros jutiklis<\/td>\n<td>4 m<\/td>\n<td>Taip<\/td>\n<\/tr>\n<\/tbody>\n<\/table>\n<p>&nbsp;<\/figure>\n<\/figure>\n<\/div>\n<\/div>\n<\/div>\n","protected":false},"excerpt":{"rendered":"<p>Temperat\u016bros jutiklis montuojamas latak\u0173 atitirpinimo sistemose.<\/p>\n","protected":false},"featured_media":8828,"comment_status":"closed","ping_status":"closed","template":"","meta":[],"product_brand":[],"product_cat":[229,1313],"product_tag":[975],"class_list":{"0":"post-4612","1":"product","2":"type-product","3":"status-publish","4":"has-post-thumbnail","6":"product_cat-frost-ice-protection","7":"product_cat-temperaturos-dregmes-jutikliai","8":"product_tag-ean-en","10":"first","11":"onbackorder","12":"taxable","13":"shipping-taxable","14":"purchasable","15":"product-type-simple"},"yoast_head":"<!-- This site is optimized with the Yoast SEO Premium plugin v21.5 (Yoast SEO v27.4) - https:\/\/yoast.com\/product\/yoast-seo-premium-wordpress\/ -->\n<title>Temperat\u016bros jutiklis latakams TFD524 004<\/title>\n<meta name=\"robots\" content=\"index, follow, max-snippet:-1, max-image-preview:large, max-video-preview:-1\" \/>\n<link rel=\"canonical\" href=\"https:\/\/eheating.lt\/produktas\/temperaturos-jutiklis-latakams-tfd524-004\/\" \/>\n<meta property=\"og:locale\" content=\"en_US\" \/>\n<meta property=\"og:type\" content=\"article\" \/>\n<meta property=\"og:title\" content=\"Temperat\u016bros jutiklis latakams TFD524 004\" \/>\n<meta property=\"og:description\" content=\"Temperat\u016bros jutiklis montuojamas latak\u0173 atitirpinimo sistemose.\" \/>\n<meta property=\"og:url\" content=\"https:\/\/eheating.lt\/produktas\/temperaturos-jutiklis-latakams-tfd524-004\/\" \/>\n<meta property=\"og:site_name\" content=\"Elektronika Namams\" \/>\n<meta property=\"article:publisher\" content=\"https:\/\/www.facebook.com\/ElektronikaNamams\" \/>\n<meta property=\"article:modified_time\" content=\"2024-09-22T15:01:27+00:00\" \/>\n<meta property=\"og:image\" content=\"https:\/\/eheating.lt\/wp-content\/uploads\/2022\/10\/ZAMEL-TFD524-004-2.png\" \/>\n\t<meta property=\"og:image:width\" content=\"800\" \/>\n\t<meta property=\"og:image:height\" content=\"800\" \/>\n\t<meta property=\"og:image:type\" content=\"image\/png\" \/>\n<meta name=\"twitter:card\" content=\"summary_large_image\" \/>\n<meta name=\"twitter:label1\" content=\"Price\" \/>\n\t<meta name=\"twitter:data1\" content=\"36,56&nbsp;&euro;\" \/>\n\t<meta name=\"twitter:label2\" content=\"Availability\" \/>\n\t<meta name=\"twitter:data2\" content=\"On backorder\" \/>\n<script type=\"application\/ld+json\" class=\"yoast-schema-graph\">{\"@context\":\"https:\\\/\\\/schema.org\",\"@graph\":[{\"@type\":\"WebPage\",\"@id\":\"https:\\\/\\\/eheating.lt\\\/produktas\\\/temperaturos-jutiklis-latakams-tfd524-004\\\/\",\"url\":\"https:\\\/\\\/eheating.lt\\\/produktas\\\/temperaturos-jutiklis-latakams-tfd524-004\\\/\",\"name\":\"Temperat\u016bros jutiklis latakams TFD524 004\",\"isPartOf\":{\"@id\":\"https:\\\/\\\/eheating.lt\\\/#website\"},\"primaryImageOfPage\":{\"@id\":\"https:\\\/\\\/eheating.lt\\\/produktas\\\/temperaturos-jutiklis-latakams-tfd524-004\\\/#primaryimage\"},\"image\":{\"@id\":\"https:\\\/\\\/eheating.lt\\\/produktas\\\/temperaturos-jutiklis-latakams-tfd524-004\\\/#primaryimage\"},\"thumbnailUrl\":\"https:\\\/\\\/eheating.lt\\\/wp-content\\\/uploads\\\/2022\\\/10\\\/ZAMEL-TFD524-004-2.png\",\"datePublished\":\"2022-10-06T13:29:23+00:00\",\"dateModified\":\"2024-09-22T15:01:27+00:00\",\"breadcrumb\":{\"@id\":\"https:\\\/\\\/eheating.lt\\\/produktas\\\/temperaturos-jutiklis-latakams-tfd524-004\\\/#breadcrumb\"},\"inLanguage\":\"en-US\",\"potentialAction\":[{\"@type\":\"ReadAction\",\"target\":[\"https:\\\/\\\/eheating.lt\\\/produktas\\\/temperaturos-jutiklis-latakams-tfd524-004\\\/\"]}]},{\"@type\":\"ImageObject\",\"inLanguage\":\"en-US\",\"@id\":\"https:\\\/\\\/eheating.lt\\\/produktas\\\/temperaturos-jutiklis-latakams-tfd524-004\\\/#primaryimage\",\"url\":\"https:\\\/\\\/eheating.lt\\\/wp-content\\\/uploads\\\/2022\\\/10\\\/ZAMEL-TFD524-004-2.png\",\"contentUrl\":\"https:\\\/\\\/eheating.lt\\\/wp-content\\\/uploads\\\/2022\\\/10\\\/ZAMEL-TFD524-004-2.png\",\"width\":800,\"height\":800,\"caption\":\"Zamel TFD524 004\"},{\"@type\":\"BreadcrumbList\",\"@id\":\"https:\\\/\\\/eheating.lt\\\/produktas\\\/temperaturos-jutiklis-latakams-tfd524-004\\\/#breadcrumb\",\"itemListElement\":[{\"@type\":\"ListItem\",\"position\":1,\"name\":\"Prad\u017eia\",\"item\":\"https:\\\/\\\/eheating.lt\\\/en\\\/\"},{\"@type\":\"ListItem\",\"position\":2,\"name\":\"Shop\",\"item\":\"https:\\\/\\\/eheating.lt\\\/en\\\/?page_id=5734\"},{\"@type\":\"ListItem\",\"position\":3,\"name\":\"Temperat\u016bros jutiklis latakams TFD524 004\"}]},{\"@type\":\"WebSite\",\"@id\":\"https:\\\/\\\/eheating.lt\\\/#website\",\"url\":\"https:\\\/\\\/eheating.lt\\\/\",\"name\":\"eHeating\",\"description\":\"Elektronika ir \u0161ildymas\",\"potentialAction\":[{\"@type\":\"SearchAction\",\"target\":{\"@type\":\"EntryPoint\",\"urlTemplate\":\"https:\\\/\\\/eheating.lt\\\/?s={search_term_string}\"},\"query-input\":{\"@type\":\"PropertyValueSpecification\",\"valueRequired\":true,\"valueName\":\"search_term_string\"}}],\"inLanguage\":\"en-US\"}]}<\/script>\n<meta property=\"product:price:amount\" content=\"36.56\" \/>\n<meta property=\"product:price:currency\" content=\"EUR\" \/>\n<meta property=\"og:availability\" content=\"backorder\" \/>\n<meta property=\"product:availability\" content=\"available for order\" \/>\n<meta property=\"product:retailer_item_id\" content=\"ZAMEL-TFD524-004\" \/>\n<meta property=\"product:condition\" content=\"new\" \/>\n<!-- \/ Yoast SEO Premium plugin. -->","yoast_head_json":{"title":"Temperat\u016bros jutiklis latakams TFD524 004","robots":{"index":"index","follow":"follow","max-snippet":"max-snippet:-1","max-image-preview":"max-image-preview:large","max-video-preview":"max-video-preview:-1"},"canonical":"https:\/\/eheating.lt\/produktas\/temperaturos-jutiklis-latakams-tfd524-004\/","og_locale":"en_US","og_type":"article","og_title":"Temperat\u016bros jutiklis latakams TFD524 004","og_description":"Temperat\u016bros jutiklis montuojamas latak\u0173 atitirpinimo sistemose.","og_url":"https:\/\/eheating.lt\/produktas\/temperaturos-jutiklis-latakams-tfd524-004\/","og_site_name":"Elektronika Namams","article_publisher":"https:\/\/www.facebook.com\/ElektronikaNamams","article_modified_time":"2024-09-22T15:01:27+00:00","og_image":[{"width":800,"height":800,"url":"https:\/\/eheating.lt\/wp-content\/uploads\/2022\/10\/ZAMEL-TFD524-004-2.png","type":"image\/png"}],"twitter_card":"summary_large_image","twitter_misc":{"Price":"36,56&nbsp;&euro;","Availability":"On backorder"},"schema":{"@context":"https:\/\/schema.org","@graph":[{"@type":"WebPage","@id":"https:\/\/eheating.lt\/produktas\/temperaturos-jutiklis-latakams-tfd524-004\/","url":"https:\/\/eheating.lt\/produktas\/temperaturos-jutiklis-latakams-tfd524-004\/","name":"Temperat\u016bros jutiklis latakams TFD524 004","isPartOf":{"@id":"https:\/\/eheating.lt\/#website"},"primaryImageOfPage":{"@id":"https:\/\/eheating.lt\/produktas\/temperaturos-jutiklis-latakams-tfd524-004\/#primaryimage"},"image":{"@id":"https:\/\/eheating.lt\/produktas\/temperaturos-jutiklis-latakams-tfd524-004\/#primaryimage"},"thumbnailUrl":"https:\/\/eheating.lt\/wp-content\/uploads\/2022\/10\/ZAMEL-TFD524-004-2.png","datePublished":"2022-10-06T13:29:23+00:00","dateModified":"2024-09-22T15:01:27+00:00","breadcrumb":{"@id":"https:\/\/eheating.lt\/produktas\/temperaturos-jutiklis-latakams-tfd524-004\/#breadcrumb"},"inLanguage":"en-US","potentialAction":[{"@type":"ReadAction","target":["https:\/\/eheating.lt\/produktas\/temperaturos-jutiklis-latakams-tfd524-004\/"]}]},{"@type":"ImageObject","inLanguage":"en-US","@id":"https:\/\/eheating.lt\/produktas\/temperaturos-jutiklis-latakams-tfd524-004\/#primaryimage","url":"https:\/\/eheating.lt\/wp-content\/uploads\/2022\/10\/ZAMEL-TFD524-004-2.png","contentUrl":"https:\/\/eheating.lt\/wp-content\/uploads\/2022\/10\/ZAMEL-TFD524-004-2.png","width":800,"height":800,"caption":"Zamel TFD524 004"},{"@type":"BreadcrumbList","@id":"https:\/\/eheating.lt\/produktas\/temperaturos-jutiklis-latakams-tfd524-004\/#breadcrumb","itemListElement":[{"@type":"ListItem","position":1,"name":"Prad\u017eia","item":"https:\/\/eheating.lt\/en\/"},{"@type":"ListItem","position":2,"name":"Shop","item":"https:\/\/eheating.lt\/en\/?page_id=5734"},{"@type":"ListItem","position":3,"name":"Temperat\u016bros jutiklis latakams TFD524 004"}]},{"@type":"WebSite","@id":"https:\/\/eheating.lt\/#website","url":"https:\/\/eheating.lt\/","name":"eHeating","description":"Elektronika ir \u0161ildymas","potentialAction":[{"@type":"SearchAction","target":{"@type":"EntryPoint","urlTemplate":"https:\/\/eheating.lt\/?s={search_term_string}"},"query-input":{"@type":"PropertyValueSpecification","valueRequired":true,"valueName":"search_term_string"}}],"inLanguage":"en-US"}]},"product_price_amount":"36.56","product_price_currency":"EUR","og_availability":"backorder","product_availability":"available for order","product_retailer_item_id":"ZAMEL-TFD524-004","product_condition":"new"},"_links":{"self":[{"href":"https:\/\/eheating.lt\/en\/wp-json\/wp\/v2\/product\/4612","targetHints":{"allow":["GET"]}}],"collection":[{"href":"https:\/\/eheating.lt\/en\/wp-json\/wp\/v2\/product"}],"about":[{"href":"https:\/\/eheating.lt\/en\/wp-json\/wp\/v2\/types\/product"}],"replies":[{"embeddable":true,"href":"https:\/\/eheating.lt\/en\/wp-json\/wp\/v2\/comments?post=4612"}],"version-history":[{"count":1,"href":"https:\/\/eheating.lt\/en\/wp-json\/wp\/v2\/product\/4612\/revisions"}],"predecessor-version":[{"id":6475,"href":"https:\/\/eheating.lt\/en\/wp-json\/wp\/v2\/product\/4612\/revisions\/6475"}],"wp:featuredmedia":[{"embeddable":true,"href":"https:\/\/eheating.lt\/en\/wp-json\/wp\/v2\/media\/8828"}],"wp:attachment":[{"href":"https:\/\/eheating.lt\/en\/wp-json\/wp\/v2\/media?parent=4612"}],"wp:term":[{"taxonomy":"product_brand","embeddable":true,"href":"https:\/\/eheating.lt\/en\/wp-json\/wp\/v2\/product_brand?post=4612"},{"taxonomy":"product_cat","embeddable":true,"href":"https:\/\/eheating.lt\/en\/wp-json\/wp\/v2\/product_cat?post=4612"},{"taxonomy":"product_tag","embeddable":true,"href":"https:\/\/eheating.lt\/en\/wp-json\/wp\/v2\/product_tag?post=4612"}],"curies":[{"name":"wp","href":"https:\/\/api.w.org\/{rel}","templated":true}]}}