{"id":4597,"date":"2022-10-06T15:49:27","date_gmt":"2022-10-06T12:49:27","guid":{"rendered":"https:\/\/eheating.lt\/?post_type=product&#038;p=4597"},"modified":"2024-09-22T21:02:08","modified_gmt":"2024-09-22T18:02:08","slug":"2-zonu-valdiklis-matec-em524-90","status":"publish","type":"product","link":"https:\/\/eheating.lt\/en\/produktas\/2-zonu-valdiklis-matec-em524-90\/","title":{"rendered":"2 zon\u0173 valdiklis Matec EM524 90"},"content":{"rendered":"<p>Prietaisas skirtas latak\u0173, va\u017eiuojam\u0173j\u0173 dali\u0173, ramp\u0173 ir t.t. atitirpinimo valdymui. Kartu su jutikliu turi b\u016bti naudojamas vienas i\u0161 jutikli\u0173: temperat\u016bros arba dr\u0117gm\u0117s. Jis kontroliuoja temperat\u016br\u0105 dviejose zonose, \u0161ildomose atskirais \u0161ildymo \u012frenginiais. Prietaisas skirtas latak\u0173, va\u017eiuojam\u0173j\u0173 dali\u0173, ramp\u0173 ir t.t. atitirpinimo valdymui.<\/p>\n<p><span style=\"color: #ff0000;\"><strong><span style=\"text-decoration: underline;\"><span style=\"font-size: 18px;\">D\u0116MESIO: <\/span><\/span><\/strong><span style=\"color: #000000;\">Kartu su \u012frenginiu turi b\u016bti naudojamas bent vienas i\u0161 \u0161i\u0173 jutikli\u0173:<\/span><\/span><\/p>\n<ul>\n<li><strong>ESF524 001<\/strong><\/li>\n<li><strong>TFF524 002<\/strong><\/li>\n<li><strong>ESD524 003<\/strong><\/li>\n<li><strong>TFD524 004<\/strong><\/li>\n<\/ul>\n<hr \/>\n<p><span style=\"font-size: 18px;\"><strong>Technin\u0117s specifikacijos:<\/strong><\/span><\/p>\n<ul>\n<li>Maitinimo \u012ftampa 230 volt\u0173<\/li>\n<li>4 valdymo mygtukai<\/li>\n<li>Temperat\u016bros nustatymo diapazonas nuo -45 iki 78 \u00baC<\/li>\n<li>Aplinkos temperat\u016bra nuo -20 iki 50 \u00baC<\/li>\n<li>Suveikimo temperat\u016bros diapazonas nuo 0 iki 6 \u00baC<\/li>\n<li>II apsaugos klas\u0117<\/li>\n<li>Korpuso apsaugos laipsnis IP20<\/li>\n<li>Korpuso matmenys 159\/90\/58 mm<\/li>\n<li>Rel\u0117s srov\u0117: 16 A<\/li>\n<\/ul>\n<p>&nbsp;<\/p>\n<p><img decoding=\"async\" style=\"height: 30px;\" src=\"http:\/\/eheating.lt\/wp-content\/uploads\/2022\/12\/pdf.png\" \/><a href=\"http:\/\/eheating.lt\/wp-content\/uploads\/2023\/01\/Zamel-EM52489-manual.pdf\"><strong>Instrukcija (Angl\u0173 k.)<\/strong><\/a><\/p>\n<p>&nbsp;<\/p>\n<div id=\"product-tab\" class=\"woocommerce-tabs woocommerce-tabs-dmp083c4 resp-htabs\">\n<div class=\"resp-tabs-container\">\n<div id=\"tab-description\" class=\"tab-content resp-tab-content resp-tab-content-active\" aria-labelledby=\"tab_item-1\">\n<figure class=\"wp-block-table is-style-stripes\">\n<figure class=\"wp-block-table is-style-stripes\">\n<table width=\"983\">\n<tbody>\n<tr>\n<td><strong>Plotis<\/strong><\/td>\n<td><strong>Modelis<\/strong><\/td>\n<td><b>Auk\u0161tis<\/b><\/td>\n<td><strong>Gylis<\/strong><\/td>\n<td><strong>Maitinimo \u012ftampa<\/strong><\/td>\n<\/tr>\n<tr>\n<td>159 mm<\/td>\n<td>Temperat\u016bros valdiklis<\/td>\n<td>90 mm<\/td>\n<td>58 mm<\/td>\n<td>230 V<\/td>\n<\/tr>\n<\/tbody>\n<\/table>\n<p>&nbsp;<\/figure>\n<\/figure>\n<\/div>\n<\/div>\n<\/div>\n","protected":false},"excerpt":{"rendered":"<p>Dviej\u0173 zon\u0173 apled\u0117jimo\/nutirpinimo valdiklis, skirtas valdyti elektrinio \u0161ildymo sistemas. Prietaisas turi LCD ekran\u0105, rodant\u012f esamus duomenis ir \u0161ildymo sistemos veikimo valandas.<\/p>\n","protected":false},"featured_media":8788,"comment_status":"closed","ping_status":"closed","template":"","meta":[],"product_brand":[],"product_cat":[229,232],"product_tag":[975],"class_list":{"0":"post-4597","1":"product","2":"type-product","3":"status-publish","4":"has-post-thumbnail","6":"product_cat-frost-ice-protection","7":"product_cat-control-automation-sensors","8":"product_tag-ean-en","10":"first","11":"onbackorder","12":"taxable","13":"shipping-taxable","14":"purchasable","15":"product-type-simple"},"yoast_head":"<!-- This site is optimized with the Yoast SEO Premium plugin v21.5 (Yoast SEO v27.4) - https:\/\/yoast.com\/product\/yoast-seo-premium-wordpress\/ -->\n<title>2 zon\u0173 valdiklis Matec EM524 90<\/title>\n<meta name=\"robots\" content=\"index, follow, max-snippet:-1, max-image-preview:large, max-video-preview:-1\" \/>\n<link rel=\"canonical\" href=\"https:\/\/eheating.lt\/produktas\/2-zonu-valdiklis-matec-em524-90\/\" \/>\n<meta property=\"og:locale\" content=\"en_US\" \/>\n<meta property=\"og:type\" content=\"article\" \/>\n<meta property=\"og:title\" content=\"2 zon\u0173 valdiklis Matec EM524 90\" \/>\n<meta property=\"og:description\" content=\"Dviej\u0173 zon\u0173 apled\u0117jimo\/nutirpinimo valdiklis, skirtas valdyti elektrinio \u0161ildymo sistemas. Prietaisas turi LCD ekran\u0105, rodant\u012f esamus duomenis ir \u0161ildymo sistemos veikimo valandas.\" \/>\n<meta property=\"og:url\" content=\"https:\/\/eheating.lt\/produktas\/2-zonu-valdiklis-matec-em524-90\/\" \/>\n<meta property=\"og:site_name\" content=\"Elektronika Namams\" \/>\n<meta property=\"article:publisher\" content=\"https:\/\/www.facebook.com\/ElektronikaNamams\" \/>\n<meta property=\"article:modified_time\" content=\"2024-09-22T18:02:08+00:00\" \/>\n<meta property=\"og:image\" content=\"https:\/\/eheating.lt\/wp-content\/uploads\/2022\/10\/ZAMEL-EM524-90-5.png\" \/>\n\t<meta property=\"og:image:width\" content=\"800\" \/>\n\t<meta property=\"og:image:height\" content=\"800\" \/>\n\t<meta property=\"og:image:type\" content=\"image\/png\" \/>\n<meta name=\"twitter:card\" content=\"summary_large_image\" \/>\n<meta name=\"twitter:label1\" content=\"Price\" \/>\n\t<meta name=\"twitter:data1\" content=\"455,68&nbsp;&euro;\" \/>\n\t<meta name=\"twitter:label2\" content=\"Availability\" \/>\n\t<meta name=\"twitter:data2\" content=\"On backorder\" \/>\n<script type=\"application\/ld+json\" class=\"yoast-schema-graph\">{\"@context\":\"https:\\\/\\\/schema.org\",\"@graph\":[{\"@type\":\"WebPage\",\"@id\":\"https:\\\/\\\/eheating.lt\\\/produktas\\\/2-zonu-valdiklis-matec-em524-90\\\/\",\"url\":\"https:\\\/\\\/eheating.lt\\\/produktas\\\/2-zonu-valdiklis-matec-em524-90\\\/\",\"name\":\"2 zon\u0173 valdiklis Matec EM524 90\",\"isPartOf\":{\"@id\":\"https:\\\/\\\/eheating.lt\\\/#website\"},\"primaryImageOfPage\":{\"@id\":\"https:\\\/\\\/eheating.lt\\\/produktas\\\/2-zonu-valdiklis-matec-em524-90\\\/#primaryimage\"},\"image\":{\"@id\":\"https:\\\/\\\/eheating.lt\\\/produktas\\\/2-zonu-valdiklis-matec-em524-90\\\/#primaryimage\"},\"thumbnailUrl\":\"https:\\\/\\\/eheating.lt\\\/wp-content\\\/uploads\\\/2022\\\/10\\\/ZAMEL-EM524-90-5.png\",\"datePublished\":\"2022-10-06T12:49:27+00:00\",\"dateModified\":\"2024-09-22T18:02:08+00:00\",\"breadcrumb\":{\"@id\":\"https:\\\/\\\/eheating.lt\\\/produktas\\\/2-zonu-valdiklis-matec-em524-90\\\/#breadcrumb\"},\"inLanguage\":\"en-US\",\"potentialAction\":[{\"@type\":\"ReadAction\",\"target\":[\"https:\\\/\\\/eheating.lt\\\/produktas\\\/2-zonu-valdiklis-matec-em524-90\\\/\"]}]},{\"@type\":\"ImageObject\",\"inLanguage\":\"en-US\",\"@id\":\"https:\\\/\\\/eheating.lt\\\/produktas\\\/2-zonu-valdiklis-matec-em524-90\\\/#primaryimage\",\"url\":\"https:\\\/\\\/eheating.lt\\\/wp-content\\\/uploads\\\/2022\\\/10\\\/ZAMEL-EM524-90-5.png\",\"contentUrl\":\"https:\\\/\\\/eheating.lt\\\/wp-content\\\/uploads\\\/2022\\\/10\\\/ZAMEL-EM524-90-5.png\",\"width\":800,\"height\":800,\"caption\":\"Zamel Matec EM524 90\"},{\"@type\":\"BreadcrumbList\",\"@id\":\"https:\\\/\\\/eheating.lt\\\/produktas\\\/2-zonu-valdiklis-matec-em524-90\\\/#breadcrumb\",\"itemListElement\":[{\"@type\":\"ListItem\",\"position\":1,\"name\":\"Prad\u017eia\",\"item\":\"https:\\\/\\\/eheating.lt\\\/en\\\/\"},{\"@type\":\"ListItem\",\"position\":2,\"name\":\"Shop\",\"item\":\"https:\\\/\\\/eheating.lt\\\/en\\\/?page_id=5734\"},{\"@type\":\"ListItem\",\"position\":3,\"name\":\"2 zon\u0173 valdiklis Matec EM524 90\"}]},{\"@type\":\"WebSite\",\"@id\":\"https:\\\/\\\/eheating.lt\\\/#website\",\"url\":\"https:\\\/\\\/eheating.lt\\\/\",\"name\":\"eHeating\",\"description\":\"Elektronika ir \u0161ildymas\",\"potentialAction\":[{\"@type\":\"SearchAction\",\"target\":{\"@type\":\"EntryPoint\",\"urlTemplate\":\"https:\\\/\\\/eheating.lt\\\/?s={search_term_string}\"},\"query-input\":{\"@type\":\"PropertyValueSpecification\",\"valueRequired\":true,\"valueName\":\"search_term_string\"}}],\"inLanguage\":\"en-US\"}]}<\/script>\n<meta property=\"product:price:amount\" content=\"455.68\" \/>\n<meta property=\"product:price:currency\" content=\"EUR\" \/>\n<meta property=\"og:availability\" content=\"backorder\" \/>\n<meta property=\"product:availability\" content=\"available for order\" \/>\n<meta property=\"product:retailer_item_id\" content=\"ZAMEL-EM524-90\" \/>\n<meta property=\"product:condition\" content=\"new\" \/>\n<!-- \/ Yoast SEO Premium plugin. -->","yoast_head_json":{"title":"2 zon\u0173 valdiklis Matec EM524 90","robots":{"index":"index","follow":"follow","max-snippet":"max-snippet:-1","max-image-preview":"max-image-preview:large","max-video-preview":"max-video-preview:-1"},"canonical":"https:\/\/eheating.lt\/produktas\/2-zonu-valdiklis-matec-em524-90\/","og_locale":"en_US","og_type":"article","og_title":"2 zon\u0173 valdiklis Matec EM524 90","og_description":"Dviej\u0173 zon\u0173 apled\u0117jimo\/nutirpinimo valdiklis, skirtas valdyti elektrinio \u0161ildymo sistemas. Prietaisas turi LCD ekran\u0105, rodant\u012f esamus duomenis ir \u0161ildymo sistemos veikimo valandas.","og_url":"https:\/\/eheating.lt\/produktas\/2-zonu-valdiklis-matec-em524-90\/","og_site_name":"Elektronika Namams","article_publisher":"https:\/\/www.facebook.com\/ElektronikaNamams","article_modified_time":"2024-09-22T18:02:08+00:00","og_image":[{"width":800,"height":800,"url":"https:\/\/eheating.lt\/wp-content\/uploads\/2022\/10\/ZAMEL-EM524-90-5.png","type":"image\/png"}],"twitter_card":"summary_large_image","twitter_misc":{"Price":"455,68&nbsp;&euro;","Availability":"On backorder"},"schema":{"@context":"https:\/\/schema.org","@graph":[{"@type":"WebPage","@id":"https:\/\/eheating.lt\/produktas\/2-zonu-valdiklis-matec-em524-90\/","url":"https:\/\/eheating.lt\/produktas\/2-zonu-valdiklis-matec-em524-90\/","name":"2 zon\u0173 valdiklis Matec EM524 90","isPartOf":{"@id":"https:\/\/eheating.lt\/#website"},"primaryImageOfPage":{"@id":"https:\/\/eheating.lt\/produktas\/2-zonu-valdiklis-matec-em524-90\/#primaryimage"},"image":{"@id":"https:\/\/eheating.lt\/produktas\/2-zonu-valdiklis-matec-em524-90\/#primaryimage"},"thumbnailUrl":"https:\/\/eheating.lt\/wp-content\/uploads\/2022\/10\/ZAMEL-EM524-90-5.png","datePublished":"2022-10-06T12:49:27+00:00","dateModified":"2024-09-22T18:02:08+00:00","breadcrumb":{"@id":"https:\/\/eheating.lt\/produktas\/2-zonu-valdiklis-matec-em524-90\/#breadcrumb"},"inLanguage":"en-US","potentialAction":[{"@type":"ReadAction","target":["https:\/\/eheating.lt\/produktas\/2-zonu-valdiklis-matec-em524-90\/"]}]},{"@type":"ImageObject","inLanguage":"en-US","@id":"https:\/\/eheating.lt\/produktas\/2-zonu-valdiklis-matec-em524-90\/#primaryimage","url":"https:\/\/eheating.lt\/wp-content\/uploads\/2022\/10\/ZAMEL-EM524-90-5.png","contentUrl":"https:\/\/eheating.lt\/wp-content\/uploads\/2022\/10\/ZAMEL-EM524-90-5.png","width":800,"height":800,"caption":"Zamel Matec EM524 90"},{"@type":"BreadcrumbList","@id":"https:\/\/eheating.lt\/produktas\/2-zonu-valdiklis-matec-em524-90\/#breadcrumb","itemListElement":[{"@type":"ListItem","position":1,"name":"Prad\u017eia","item":"https:\/\/eheating.lt\/en\/"},{"@type":"ListItem","position":2,"name":"Shop","item":"https:\/\/eheating.lt\/en\/?page_id=5734"},{"@type":"ListItem","position":3,"name":"2 zon\u0173 valdiklis Matec EM524 90"}]},{"@type":"WebSite","@id":"https:\/\/eheating.lt\/#website","url":"https:\/\/eheating.lt\/","name":"eHeating","description":"Elektronika ir \u0161ildymas","potentialAction":[{"@type":"SearchAction","target":{"@type":"EntryPoint","urlTemplate":"https:\/\/eheating.lt\/?s={search_term_string}"},"query-input":{"@type":"PropertyValueSpecification","valueRequired":true,"valueName":"search_term_string"}}],"inLanguage":"en-US"}]},"product_price_amount":"455.68","product_price_currency":"EUR","og_availability":"backorder","product_availability":"available for order","product_retailer_item_id":"ZAMEL-EM524-90","product_condition":"new"},"_links":{"self":[{"href":"https:\/\/eheating.lt\/en\/wp-json\/wp\/v2\/product\/4597","targetHints":{"allow":["GET"]}}],"collection":[{"href":"https:\/\/eheating.lt\/en\/wp-json\/wp\/v2\/product"}],"about":[{"href":"https:\/\/eheating.lt\/en\/wp-json\/wp\/v2\/types\/product"}],"replies":[{"embeddable":true,"href":"https:\/\/eheating.lt\/en\/wp-json\/wp\/v2\/comments?post=4597"}],"version-history":[{"count":1,"href":"https:\/\/eheating.lt\/en\/wp-json\/wp\/v2\/product\/4597\/revisions"}],"predecessor-version":[{"id":7024,"href":"https:\/\/eheating.lt\/en\/wp-json\/wp\/v2\/product\/4597\/revisions\/7024"}],"wp:featuredmedia":[{"embeddable":true,"href":"https:\/\/eheating.lt\/en\/wp-json\/wp\/v2\/media\/8788"}],"wp:attachment":[{"href":"https:\/\/eheating.lt\/en\/wp-json\/wp\/v2\/media?parent=4597"}],"wp:term":[{"taxonomy":"product_brand","embeddable":true,"href":"https:\/\/eheating.lt\/en\/wp-json\/wp\/v2\/product_brand?post=4597"},{"taxonomy":"product_cat","embeddable":true,"href":"https:\/\/eheating.lt\/en\/wp-json\/wp\/v2\/product_cat?post=4597"},{"taxonomy":"product_tag","embeddable":true,"href":"https:\/\/eheating.lt\/en\/wp-json\/wp\/v2\/product_tag?post=4597"}],"curies":[{"name":"wp","href":"https:\/\/api.w.org\/{rel}","templated":true}]}}