{"id":4583,"date":"2022-10-06T15:08:46","date_gmt":"2022-10-06T12:08:46","guid":{"rendered":"https:\/\/eheating.lt\/?post_type=product&#038;p=4583"},"modified":"2024-07-26T19:20:10","modified_gmt":"2024-07-26T16:20:10","slug":"lauko-elektrinis-kilimelis-7m%c2%b2-2100w-zamel-gmpd-70-300","status":"publish","type":"product","link":"https:\/\/eheating.lt\/en\/produktas\/lauko-elektrinis-kilimelis-7m%c2%b2-2100w-zamel-gmpd-70-300\/","title":{"rendered":"Lauko elektrinis kilim\u0117lis 7m\u00b2 2100W ZAMEL"},"content":{"rendered":"<p><strong>ZAMEL GMPD<\/strong> kilim\u0117lis skirtas naudoti lauke, po va\u017eiuojam\u0173j\u0173 dali\u0173 ar p\u0117s\u010di\u0173j\u0173 tak\u0173 pavir\u0161iumi, apsaugai nuo apled\u0117jimo. Kilim\u0117lis klojamas per vis\u0105 kelio plot\u0105 arba transporto priemon\u0117s rat\u0173 va\u017eiavimo trajektorijos plotuose. Kilim\u0117lis maitinamas i\u0161 vienos pus\u0117s, valdomas atskiru temperat\u016bros reguliatoriumi.<\/p>\n<hr \/>\n<p><span style=\"font-size: 18px;\"><strong>Produkto savyb\u0117s:<\/strong><\/span><\/p>\n<ul>\n<li>Lauko s\u0105lyg\u0173 kilim\u0117lis<\/li>\n<li>Naudojamas po betoniniais arba grindinio pavir\u0161iais<\/li>\n<li>Plotis: 450mm<\/li>\n<li>Galia: 300W\/m<sup>2<\/sup><\/li>\n<\/ul>\n<p>&nbsp;<\/p>\n<p><img decoding=\"async\" style=\"height: 30px;\" src=\"http:\/\/eheating.lt\/wp-content\/uploads\/2022\/12\/pdf.png\" \/><a href=\"http:\/\/eheating.lt\/wp-content\/uploads\/2023\/01\/Zamel-GMPD-manual.pdf\"><strong>Instrukcija (Angl\u0173 k.) <\/strong><\/a><\/p>\n<p>&nbsp;<\/p>\n<div id=\"product-tab\" class=\"woocommerce-tabs woocommerce-tabs-dmp083c4 resp-htabs\">\n<div class=\"resp-tabs-container\">\n<div id=\"tab-description\" class=\"tab-content resp-tab-content resp-tab-content-active\" aria-labelledby=\"tab_item-1\">\n<figure class=\"wp-block-table is-style-stripes\">\n<figure class=\"wp-block-table is-style-stripes\">\n<table style=\"height: 185px;\" width=\"983\">\n<tbody>\n<tr>\n<td><span style=\"font-size: 14px;\"><strong>Produkto pavadinimas<\/strong><\/span><\/td>\n<td><span style=\"font-size: 14px;\"><strong>Plotis<\/strong><\/span><\/td>\n<td><span style=\"font-size: 14px;\"><strong>W \u012f 1m\u00b2<\/strong><\/span><\/td>\n<td><span style=\"font-size: 14px;\"><strong>Storis<\/strong><\/span><\/td>\n<td><span style=\"font-size: 14px;\"><strong>Lipnus<\/strong><\/span><\/td>\n<td>\n<p style=\"text-align: left;\"><span style=\"font-size: 14px;\"><b>\u0160ildomas<\/b><\/span><\/p>\n<p style=\"text-align: left;\"><span style=\"font-size: 14px;\"><b> pavir\u0161ius<\/b><\/span><\/p>\n<\/td>\n<td><span style=\"font-size: 14px;\"><strong>Komplekte <\/strong><\/span><\/p>\n<p><span style=\"font-size: 14px;\"><strong>termostatas<\/strong><\/span><\/td>\n<td><span style=\"font-size: 14px;\"><strong>Ilgis<\/strong><\/span><\/td>\n<td><span style=\"font-size: 14px;\"><strong>Laidinink\u0173 <\/strong><\/span><\/p>\n<p><span style=\"font-size: 14px;\"><strong style=\"font-family: inherit;\">skai\u010dius<\/strong><\/span><\/td>\n<td><span style=\"font-size: 14px;\"><strong>Laidininko<\/strong><\/span><\/p>\n<p><span style=\"font-size: 14px;\"><strong> ilgis<\/strong><\/span><\/td>\n<td><span style=\"font-size: 14px;\"><strong>Komplekte <\/strong><\/span><\/p>\n<p><span style=\"font-size: 14px;\"><strong>valdiklis<\/strong><\/span><\/td>\n<td><span style=\"font-size: 14px;\"><strong>Prijungimo <\/strong><\/span><\/p>\n<p><span style=\"font-size: 14px;\"><strong>\u012ftampa<\/strong><\/span><\/td>\n<td><span style=\"font-size: 14px;\"><strong>Galia<\/strong><\/span><\/td>\n<td><span style=\"font-size: 14px;\"><strong>Komplekte grind\u0173<\/strong><\/span><\/p>\n<p><span style=\"font-size: 14px;\"><strong>jutiklis<\/strong><\/span><\/td>\n<\/tr>\n<tr>\n<td><span style=\"font-size: 14px;\">GMPD-20\/300<\/span><\/td>\n<td><span style=\"font-size: 14px;\">450 mm<\/span><\/td>\n<td><span style=\"font-size: 14px;\">300 W<\/span><\/td>\n<td><span style=\"font-size: 14px;\">6,00 mm<\/span><\/td>\n<td><span style=\"font-size: 14px;\">Ne<\/span><\/td>\n<td><span style=\"font-size: 14px;\">2,0 m2<\/span><\/td>\n<td><span style=\"font-size: 14px;\">Ne<\/span><\/td>\n<td><span style=\"font-size: 14px;\">4,0 m<\/span><\/td>\n<td style=\"text-align: center;\"><span style=\"font-size: 14px;\">1<\/span><\/td>\n<td><span style=\"font-size: 14px;\">5,0 m<\/span><\/td>\n<td><span style=\"font-size: 14px;\">Ne<\/span><\/td>\n<td><span style=\"font-size: 14px;\">230 V<\/span><\/td>\n<td><span style=\"font-size: 14px;\">600W<\/span><\/td>\n<td><span style=\"font-size: 14px;\">Ne<\/span><\/td>\n<\/tr>\n<tr>\n<td><span style=\"font-size: 14px;\">GMPD-30\/300<\/span><\/td>\n<td><span style=\"font-size: 14px;\">450 mm<\/span><\/td>\n<td><span style=\"font-size: 14px;\">300 W<\/span><\/td>\n<td><span style=\"font-size: 14px;\">5,60 mm<\/span><\/td>\n<td><span style=\"font-size: 14px;\">Ne<\/span><\/td>\n<td><span style=\"font-size: 14px;\">3,0 m2<\/span><\/td>\n<td><span style=\"font-size: 14px;\">Ne<\/span><\/td>\n<td><span style=\"font-size: 14px;\">6,0 m<\/span><\/td>\n<td style=\"text-align: center;\"><span style=\"font-size: 14px;\">1<\/span><\/td>\n<td><span style=\"font-size: 14px;\">5,0 m<\/span><\/td>\n<td><span style=\"font-size: 14px;\">Ne<\/span><\/td>\n<td><span style=\"font-size: 14px;\">230 V<\/span><\/td>\n<td><span style=\"font-size: 14px;\">900W<\/span><\/td>\n<td><span style=\"font-size: 14px;\">Ne<\/span><\/td>\n<\/tr>\n<tr>\n<td><span style=\"font-size: 14px;\">GMPD-40\/300<\/span><\/td>\n<td><span style=\"font-size: 14px;\">450 mm<\/span><\/td>\n<td><span style=\"font-size: 14px;\">300 W<\/span><\/td>\n<td><span style=\"font-size: 14px;\">5,90 mm<\/span><\/td>\n<td><span style=\"font-size: 14px;\">Ne<\/span><\/td>\n<td><span style=\"font-size: 14px;\">4,0 m2<\/span><\/td>\n<td><span style=\"font-size: 14px;\">Ne<\/span><\/td>\n<td><span style=\"font-size: 14px;\">8,0 m<\/span><\/td>\n<td style=\"text-align: center;\"><span style=\"font-size: 14px;\">1<\/span><\/td>\n<td><span style=\"font-size: 14px;\">5,0 m<\/span><\/td>\n<td><span style=\"font-size: 14px;\">Ne<\/span><\/td>\n<td><span style=\"font-size: 14px;\">230 V<\/span><\/td>\n<td><span style=\"font-size: 14px;\">1200W\u00a0<\/span><\/td>\n<td><span style=\"font-size: 14px;\">Ne<\/span><\/td>\n<\/tr>\n<tr>\n<td><span style=\"font-size: 14px;\">GMPD-50\/300<\/span><\/td>\n<td><span style=\"font-size: 14px;\">450 mm<\/span><\/td>\n<td><span style=\"font-size: 14px;\">300 W<\/span><\/td>\n<td><span style=\"font-size: 14px;\">6,20 mm<\/span><\/td>\n<td><span style=\"font-size: 14px;\">Ne<\/span><\/td>\n<td><span style=\"font-size: 14px;\">5,0 m2<\/span><\/td>\n<td><span style=\"font-size: 14px;\">Ne<\/span><\/td>\n<td><span style=\"font-size: 14px;\">10,0 m<\/span><\/td>\n<td style=\"text-align: center;\"><span style=\"font-size: 14px;\">1<\/span><\/td>\n<td><span style=\"font-size: 14px;\">5,0 m<\/span><\/td>\n<td><span style=\"font-size: 14px;\">Ne<\/span><\/td>\n<td><span style=\"font-size: 14px;\">230 V<\/span><\/td>\n<td><span style=\"font-size: 14px;\">1500W<\/span><\/td>\n<td><span style=\"font-size: 14px;\">Ne<\/span><\/td>\n<\/tr>\n<tr>\n<td><span style=\"font-size: 14px;\">GMPD-60\/300<\/span><\/td>\n<td><span style=\"font-size: 14px;\">450 mm<\/span><\/td>\n<td><span style=\"font-size: 14px;\">300 W<\/span><\/td>\n<td><span style=\"font-size: 14px;\">6,40 mm<\/span><\/td>\n<td><span style=\"font-size: 14px;\">Ne<\/span><\/td>\n<td><span style=\"font-size: 14px;\">6,0 m2<\/span><\/td>\n<td><span style=\"font-size: 14px;\">Ne<\/span><\/td>\n<td><span style=\"font-size: 14px;\">12,0 m<\/span><\/td>\n<td style=\"text-align: center;\"><span style=\"font-size: 14px;\">1<\/span><\/td>\n<td><span style=\"font-size: 14px;\">5,0 m<\/span><\/td>\n<td><span style=\"font-size: 14px;\">Ne<\/span><\/td>\n<td><span style=\"font-size: 14px;\">230 V<\/span><\/td>\n<td><span style=\"font-size: 14px;\">1800W\u00a0<\/span><\/td>\n<td><span style=\"font-size: 14px;\">Ne<\/span><\/td>\n<\/tr>\n<tr>\n<td><span style=\"font-size: 14px;\">GMPD-70\/300<\/span><\/td>\n<td><span style=\"font-size: 14px;\">450 mm<\/span><\/td>\n<td><span style=\"font-size: 14px;\">300 W<\/span><\/td>\n<td><span style=\"font-size: 14px;\">6,58 mm<\/span><\/td>\n<td><span style=\"font-size: 14px;\">Ne<\/span><\/td>\n<td><span style=\"font-size: 14px;\">7,0 m2<\/span><\/td>\n<td><span style=\"font-size: 14px;\">Ne<\/span><\/td>\n<td><span style=\"font-size: 14px;\">14,0 m<\/span><\/td>\n<td style=\"text-align: center;\"><span style=\"font-size: 14px;\">1<\/span><\/td>\n<td><span style=\"font-size: 14px;\">5,0 m<\/span><\/td>\n<td><span style=\"font-size: 14px;\">Ne<\/span><\/td>\n<td><span style=\"font-size: 14px;\">230 V<\/span><\/td>\n<td><span style=\"font-size: 14px;\">2100W\u00a0<\/span><\/td>\n<td><span style=\"font-size: 14px;\">Ne<\/span><\/td>\n<\/tr>\n<tr>\n<td><span style=\"font-size: 14px;\">GMPD-80\/300<\/span><\/td>\n<td><span style=\"font-size: 14px;\">450 mm<\/span><\/td>\n<td><span style=\"font-size: 14px;\">300 W<\/span><\/td>\n<td><span style=\"font-size: 14px;\">6,73 mm<\/span><\/td>\n<td><span style=\"font-size: 14px;\">Ne<\/span><\/td>\n<td><span style=\"font-size: 14px;\">8,0 m2<\/span><\/td>\n<td><span style=\"font-size: 14px;\">Ne<\/span><\/td>\n<td><span style=\"font-size: 14px;\">16,0 m<\/span><\/td>\n<td style=\"text-align: center;\"><span style=\"font-size: 14px;\">1<\/span><\/td>\n<td><span style=\"font-size: 14px;\">5,0 m<\/span><\/td>\n<td><span style=\"font-size: 14px;\">Ne<\/span><\/td>\n<td><span style=\"font-size: 14px;\">230 V<\/span><\/td>\n<td><span style=\"font-size: 14px;\">2400W\u00a0<\/span><\/td>\n<td><span style=\"font-size: 14px;\">Ne<\/span><\/td>\n<\/tr>\n<tr>\n<td><span style=\"font-size: 14px;\">GMPD-100\/300<\/span><\/td>\n<td><span style=\"font-size: 14px;\">450 mm<\/span><\/td>\n<td><span style=\"font-size: 14px;\">300 W<\/span><\/td>\n<td><span style=\"font-size: 14px;\">7,60 mm<\/span><\/td>\n<td><span style=\"font-size: 14px;\">Ne<\/span><\/td>\n<td><span style=\"font-size: 14px;\">10,0 m2<\/span><\/td>\n<td><span style=\"font-size: 14px;\">Ne<\/span><\/td>\n<td><span style=\"font-size: 14px;\">20,0 m<\/span><\/td>\n<td style=\"text-align: center;\"><span style=\"font-size: 14px;\">1<\/span><\/td>\n<td><span style=\"font-size: 14px;\">5,0 m<\/span><\/td>\n<td><span style=\"font-size: 14px;\">Ne<\/span><\/td>\n<td><span style=\"font-size: 14px;\">230 V<\/span><\/td>\n<td><span style=\"font-size: 14px;\">3000W\u00a0<\/span><\/td>\n<td><span style=\"font-size: 14px;\">Ne<\/span><\/td>\n<\/tr>\n<\/tbody>\n<\/table>\n<\/figure>\n<\/figure>\n<\/div>\n<\/div>\n<\/div>\n<p>&nbsp;<\/p>\n<p>&nbsp;<\/p>\n","protected":false},"excerpt":{"rendered":"<p>Lauko s\u0105lyg\u0173 \u0161ildymo kilim\u0117lis, kuris garantuoja teising\u0105 \u0161ildymo kabelio i\u0161d\u0117stym\u0105 ir \u0161ilumos pasiskirstym\u0105 po va\u017eiuojamosios dalies ar p\u0117s\u010di\u0173j\u0173 tak\u0173 pavir\u0161iumi.<\/p>\n","protected":false},"featured_media":8649,"comment_status":"closed","ping_status":"closed","template":"","meta":[],"product_brand":[],"product_cat":[229,272],"product_tag":[975],"class_list":{"0":"post-4583","1":"product","2":"type-product","3":"status-publish","4":"has-post-thumbnail","6":"product_cat-frost-ice-protection","7":"product_cat-outdoor-mats","8":"product_tag-ean-en","10":"first","11":"onbackorder","12":"taxable","13":"shipping-taxable","14":"purchasable","15":"product-type-simple"},"yoast_head":"<!-- This site is optimized with the Yoast SEO Premium plugin v21.5 (Yoast SEO v27.3) - https:\/\/yoast.com\/product\/yoast-seo-premium-wordpress\/ -->\n<title>Lauko elektrinis kilim\u0117lis 7m\u00b2 2100W ZAMEL GMPD-70\/300<\/title>\n<meta name=\"robots\" content=\"index, follow, max-snippet:-1, max-image-preview:large, max-video-preview:-1\" \/>\n<link rel=\"canonical\" href=\"https:\/\/eheating.lt\/produktas\/lauko-elektrinis-kilimelis-7m\u00b2-2100w-zamel-gmpd-70-300\/\" \/>\n<meta property=\"og:locale\" content=\"en_US\" \/>\n<meta property=\"og:type\" content=\"article\" \/>\n<meta property=\"og:title\" content=\"Lauko elektrinis kilim\u0117lis 7m\u00b2 2100W ZAMEL GMPD-70\/300\" \/>\n<meta property=\"og:description\" content=\"Lauko s\u0105lyg\u0173 \u0161ildymo kilim\u0117lis, kuris garantuoja teising\u0105 \u0161ildymo kabelio i\u0161d\u0117stym\u0105 ir \u0161ilumos pasiskirstym\u0105 po va\u017eiuojamosios dalies ar p\u0117s\u010di\u0173j\u0173 tak\u0173 pavir\u0161iumi.\" \/>\n<meta property=\"og:url\" content=\"https:\/\/eheating.lt\/produktas\/lauko-elektrinis-kilimelis-7m\u00b2-2100w-zamel-gmpd-70-300\/\" \/>\n<meta property=\"og:site_name\" content=\"Elektronika Namams\" \/>\n<meta property=\"article:publisher\" content=\"https:\/\/www.facebook.com\/ElektronikaNamams\" \/>\n<meta property=\"article:modified_time\" content=\"2024-07-26T16:20:10+00:00\" \/>\n<meta property=\"og:image\" content=\"https:\/\/eheating.lt\/wp-content\/uploads\/2022\/10\/ZAMEL-GMPD-2.png\" \/>\n\t<meta property=\"og:image:width\" content=\"800\" \/>\n\t<meta property=\"og:image:height\" content=\"800\" \/>\n\t<meta property=\"og:image:type\" content=\"image\/png\" \/>\n<meta name=\"twitter:card\" content=\"summary_large_image\" \/>\n<meta name=\"twitter:label1\" content=\"Price\" \/>\n\t<meta name=\"twitter:data1\" content=\"282,93&nbsp;&euro;\" \/>\n\t<meta name=\"twitter:label2\" content=\"Availability\" \/>\n\t<meta name=\"twitter:data2\" content=\"On backorder\" \/>\n<script type=\"application\/ld+json\" class=\"yoast-schema-graph\">{\"@context\":\"https:\\\/\\\/schema.org\",\"@graph\":[{\"@type\":\"WebPage\",\"@id\":\"https:\\\/\\\/eheating.lt\\\/produktas\\\/lauko-elektrinis-kilimelis-7m%c2%b2-2100w-zamel-gmpd-70-300\\\/\",\"url\":\"https:\\\/\\\/eheating.lt\\\/produktas\\\/lauko-elektrinis-kilimelis-7m%c2%b2-2100w-zamel-gmpd-70-300\\\/\",\"name\":\"Lauko elektrinis kilim\u0117lis 7m\u00b2 2100W ZAMEL GMPD-70\\\/300\",\"isPartOf\":{\"@id\":\"https:\\\/\\\/eheating.lt\\\/#website\"},\"primaryImageOfPage\":{\"@id\":\"https:\\\/\\\/eheating.lt\\\/produktas\\\/lauko-elektrinis-kilimelis-7m%c2%b2-2100w-zamel-gmpd-70-300\\\/#primaryimage\"},\"image\":{\"@id\":\"https:\\\/\\\/eheating.lt\\\/produktas\\\/lauko-elektrinis-kilimelis-7m%c2%b2-2100w-zamel-gmpd-70-300\\\/#primaryimage\"},\"thumbnailUrl\":\"https:\\\/\\\/eheating.lt\\\/wp-content\\\/uploads\\\/2022\\\/10\\\/ZAMEL-GMPD-2.png\",\"datePublished\":\"2022-10-06T12:08:46+00:00\",\"dateModified\":\"2024-07-26T16:20:10+00:00\",\"breadcrumb\":{\"@id\":\"https:\\\/\\\/eheating.lt\\\/produktas\\\/lauko-elektrinis-kilimelis-7m%c2%b2-2100w-zamel-gmpd-70-300\\\/#breadcrumb\"},\"inLanguage\":\"en-US\",\"potentialAction\":[{\"@type\":\"ReadAction\",\"target\":[\"https:\\\/\\\/eheating.lt\\\/produktas\\\/lauko-elektrinis-kilimelis-7m%c2%b2-2100w-zamel-gmpd-70-300\\\/\"]}]},{\"@type\":\"ImageObject\",\"inLanguage\":\"en-US\",\"@id\":\"https:\\\/\\\/eheating.lt\\\/produktas\\\/lauko-elektrinis-kilimelis-7m%c2%b2-2100w-zamel-gmpd-70-300\\\/#primaryimage\",\"url\":\"https:\\\/\\\/eheating.lt\\\/wp-content\\\/uploads\\\/2022\\\/10\\\/ZAMEL-GMPD-2.png\",\"contentUrl\":\"https:\\\/\\\/eheating.lt\\\/wp-content\\\/uploads\\\/2022\\\/10\\\/ZAMEL-GMPD-2.png\",\"width\":800,\"height\":800,\"caption\":\"Zamel GMPD\"},{\"@type\":\"BreadcrumbList\",\"@id\":\"https:\\\/\\\/eheating.lt\\\/produktas\\\/lauko-elektrinis-kilimelis-7m%c2%b2-2100w-zamel-gmpd-70-300\\\/#breadcrumb\",\"itemListElement\":[{\"@type\":\"ListItem\",\"position\":1,\"name\":\"Prad\u017eia\",\"item\":\"https:\\\/\\\/eheating.lt\\\/en\\\/\"},{\"@type\":\"ListItem\",\"position\":2,\"name\":\"Shop\",\"item\":\"https:\\\/\\\/eheating.lt\\\/en\\\/?page_id=5734\"},{\"@type\":\"ListItem\",\"position\":3,\"name\":\"Lauko elektrinis kilim\u0117lis 7m\u00b2 2100W ZAMEL GMPD-70\\\/300\"}]},{\"@type\":\"WebSite\",\"@id\":\"https:\\\/\\\/eheating.lt\\\/#website\",\"url\":\"https:\\\/\\\/eheating.lt\\\/\",\"name\":\"eHeating\",\"description\":\"Elektronika ir \u0161ildymas\",\"potentialAction\":[{\"@type\":\"SearchAction\",\"target\":{\"@type\":\"EntryPoint\",\"urlTemplate\":\"https:\\\/\\\/eheating.lt\\\/?s={search_term_string}\"},\"query-input\":{\"@type\":\"PropertyValueSpecification\",\"valueRequired\":true,\"valueName\":\"search_term_string\"}}],\"inLanguage\":\"en-US\"}]}<\/script>\n<meta property=\"product:price:amount\" content=\"282.93\" \/>\n<meta property=\"product:price:currency\" content=\"EUR\" \/>\n<meta property=\"og:availability\" content=\"backorder\" \/>\n<meta property=\"product:availability\" content=\"available for order\" \/>\n<meta property=\"product:retailer_item_id\" content=\"ZAMEL-GMPD-70\" \/>\n<meta property=\"product:condition\" content=\"new\" \/>\n<!-- \/ Yoast SEO Premium plugin. -->","yoast_head_json":{"title":"Lauko elektrinis kilim\u0117lis 7m\u00b2 2100W ZAMEL GMPD-70\/300","robots":{"index":"index","follow":"follow","max-snippet":"max-snippet:-1","max-image-preview":"max-image-preview:large","max-video-preview":"max-video-preview:-1"},"canonical":"https:\/\/eheating.lt\/produktas\/lauko-elektrinis-kilimelis-7m\u00b2-2100w-zamel-gmpd-70-300\/","og_locale":"en_US","og_type":"article","og_title":"Lauko elektrinis kilim\u0117lis 7m\u00b2 2100W ZAMEL GMPD-70\/300","og_description":"Lauko s\u0105lyg\u0173 \u0161ildymo kilim\u0117lis, kuris garantuoja teising\u0105 \u0161ildymo kabelio i\u0161d\u0117stym\u0105 ir \u0161ilumos pasiskirstym\u0105 po va\u017eiuojamosios dalies ar p\u0117s\u010di\u0173j\u0173 tak\u0173 pavir\u0161iumi.","og_url":"https:\/\/eheating.lt\/produktas\/lauko-elektrinis-kilimelis-7m\u00b2-2100w-zamel-gmpd-70-300\/","og_site_name":"Elektronika Namams","article_publisher":"https:\/\/www.facebook.com\/ElektronikaNamams","article_modified_time":"2024-07-26T16:20:10+00:00","og_image":[{"width":800,"height":800,"url":"https:\/\/eheating.lt\/wp-content\/uploads\/2022\/10\/ZAMEL-GMPD-2.png","type":"image\/png"}],"twitter_card":"summary_large_image","twitter_misc":{"Price":"282,93&nbsp;&euro;","Availability":"On backorder"},"schema":{"@context":"https:\/\/schema.org","@graph":[{"@type":"WebPage","@id":"https:\/\/eheating.lt\/produktas\/lauko-elektrinis-kilimelis-7m%c2%b2-2100w-zamel-gmpd-70-300\/","url":"https:\/\/eheating.lt\/produktas\/lauko-elektrinis-kilimelis-7m%c2%b2-2100w-zamel-gmpd-70-300\/","name":"Lauko elektrinis kilim\u0117lis 7m\u00b2 2100W ZAMEL GMPD-70\/300","isPartOf":{"@id":"https:\/\/eheating.lt\/#website"},"primaryImageOfPage":{"@id":"https:\/\/eheating.lt\/produktas\/lauko-elektrinis-kilimelis-7m%c2%b2-2100w-zamel-gmpd-70-300\/#primaryimage"},"image":{"@id":"https:\/\/eheating.lt\/produktas\/lauko-elektrinis-kilimelis-7m%c2%b2-2100w-zamel-gmpd-70-300\/#primaryimage"},"thumbnailUrl":"https:\/\/eheating.lt\/wp-content\/uploads\/2022\/10\/ZAMEL-GMPD-2.png","datePublished":"2022-10-06T12:08:46+00:00","dateModified":"2024-07-26T16:20:10+00:00","breadcrumb":{"@id":"https:\/\/eheating.lt\/produktas\/lauko-elektrinis-kilimelis-7m%c2%b2-2100w-zamel-gmpd-70-300\/#breadcrumb"},"inLanguage":"en-US","potentialAction":[{"@type":"ReadAction","target":["https:\/\/eheating.lt\/produktas\/lauko-elektrinis-kilimelis-7m%c2%b2-2100w-zamel-gmpd-70-300\/"]}]},{"@type":"ImageObject","inLanguage":"en-US","@id":"https:\/\/eheating.lt\/produktas\/lauko-elektrinis-kilimelis-7m%c2%b2-2100w-zamel-gmpd-70-300\/#primaryimage","url":"https:\/\/eheating.lt\/wp-content\/uploads\/2022\/10\/ZAMEL-GMPD-2.png","contentUrl":"https:\/\/eheating.lt\/wp-content\/uploads\/2022\/10\/ZAMEL-GMPD-2.png","width":800,"height":800,"caption":"Zamel GMPD"},{"@type":"BreadcrumbList","@id":"https:\/\/eheating.lt\/produktas\/lauko-elektrinis-kilimelis-7m%c2%b2-2100w-zamel-gmpd-70-300\/#breadcrumb","itemListElement":[{"@type":"ListItem","position":1,"name":"Prad\u017eia","item":"https:\/\/eheating.lt\/en\/"},{"@type":"ListItem","position":2,"name":"Shop","item":"https:\/\/eheating.lt\/en\/?page_id=5734"},{"@type":"ListItem","position":3,"name":"Lauko elektrinis kilim\u0117lis 7m\u00b2 2100W ZAMEL GMPD-70\/300"}]},{"@type":"WebSite","@id":"https:\/\/eheating.lt\/#website","url":"https:\/\/eheating.lt\/","name":"eHeating","description":"Elektronika ir \u0161ildymas","potentialAction":[{"@type":"SearchAction","target":{"@type":"EntryPoint","urlTemplate":"https:\/\/eheating.lt\/?s={search_term_string}"},"query-input":{"@type":"PropertyValueSpecification","valueRequired":true,"valueName":"search_term_string"}}],"inLanguage":"en-US"}]},"product_price_amount":"282.93","product_price_currency":"EUR","og_availability":"backorder","product_availability":"available for order","product_retailer_item_id":"ZAMEL-GMPD-70","product_condition":"new"},"_links":{"self":[{"href":"https:\/\/eheating.lt\/en\/wp-json\/wp\/v2\/product\/4583","targetHints":{"allow":["GET"]}}],"collection":[{"href":"https:\/\/eheating.lt\/en\/wp-json\/wp\/v2\/product"}],"about":[{"href":"https:\/\/eheating.lt\/en\/wp-json\/wp\/v2\/types\/product"}],"replies":[{"embeddable":true,"href":"https:\/\/eheating.lt\/en\/wp-json\/wp\/v2\/comments?post=4583"}],"version-history":[{"count":1,"href":"https:\/\/eheating.lt\/en\/wp-json\/wp\/v2\/product\/4583\/revisions"}],"predecessor-version":[{"id":8652,"href":"https:\/\/eheating.lt\/en\/wp-json\/wp\/v2\/product\/4583\/revisions\/8652"}],"wp:featuredmedia":[{"embeddable":true,"href":"https:\/\/eheating.lt\/en\/wp-json\/wp\/v2\/media\/8649"}],"wp:attachment":[{"href":"https:\/\/eheating.lt\/en\/wp-json\/wp\/v2\/media?parent=4583"}],"wp:term":[{"taxonomy":"product_brand","embeddable":true,"href":"https:\/\/eheating.lt\/en\/wp-json\/wp\/v2\/product_brand?post=4583"},{"taxonomy":"product_cat","embeddable":true,"href":"https:\/\/eheating.lt\/en\/wp-json\/wp\/v2\/product_cat?post=4583"},{"taxonomy":"product_tag","embeddable":true,"href":"https:\/\/eheating.lt\/en\/wp-json\/wp\/v2\/product_tag?post=4583"}],"curies":[{"name":"wp","href":"https:\/\/api.w.org\/{rel}","templated":true}]}}