{"id":4558,"date":"2022-10-06T11:12:58","date_gmt":"2022-10-06T08:12:58","guid":{"rendered":"https:\/\/eheating.lt\/?post_type=product&#038;p=4558"},"modified":"2025-02-24T17:24:52","modified_gmt":"2025-02-24T15:24:52","slug":"izoliacines-grindu-plokstes-magnum-isoplate","status":"publish","type":"product","link":"https:\/\/eheating.lt\/en\/produktas\/izoliacines-grindu-plokstes-magnum-isoplate\/","title":{"rendered":"Izoliacin\u0117s grind\u0173 plok\u0161t\u0117s MAGNUM Isoplate"},"content":{"rendered":"<p>\u0160ios plok\u0161t\u0117s suteikia galimyb\u0119 \u012frengti papildom\u0105 grind\u0173 izoliacij\u0105, kur galimas tik labai ribotas konstrukcijos auk\u0161tis. D\u0117l izoliacini\u0173 plok\u0161\u010di\u0173 atsparumo gniu\u017edymui, grind\u0173 \u0161ildymo sistem\u0105 <strong>MAGNUM Mat<\/strong> ir plyteles galima klijuoti tiesiogiai prie plok\u0161\u010di\u0173.<\/p>\n<hr \/>\n<p><span style=\"font-size: 18px;\"><strong>Savyb\u0117s:<\/strong><\/span><\/p>\n<ul>\n<li>Atsparus dr\u0117gmei ir pel\u0117siui<\/li>\n<li>Atsparus ugniai (B1 klas\u0117)<\/li>\n<li>Labai ma\u017eas dr\u0117gm\u0117s sug\u0117rimas<\/li>\n<li>Vandens sug\u0117rimas &gt;0,5% po 28 dien\u0173 po vandeniu pagal DIN53\u00a0421<\/li>\n<li>Tinka MAGNUM Mat<\/li>\n<li>Temp. atsparumas -30\u00b0C iki +70\u00b0C<\/li>\n<li>Stipris gniu\u017edymui &gt; 0,20 N\/mm2 pagal DIN 52\u00a0615<\/li>\n<\/ul>\n<hr \/>\n<p><span style=\"font-size: 18px;\"><strong>Komplekt\u0105 sudaro:<\/strong><\/span><\/p>\n<ul>\n<li>MAGNUM Isoplate 60 x 100cm (5vnt x 10 mm \/ 8vnt x 6 mm)<\/li>\n<li>Tvirtinimo med\u017eiaga<\/li>\n<li>Juosta<\/li>\n<\/ul>\n<p>&nbsp;<\/p>\n<p><img decoding=\"async\" style=\"height: 30px;\" src=\"http:\/\/eheating.lt\/wp-content\/uploads\/2022\/12\/pdf.png\" \/><a href=\"http:\/\/eheating.lt\/wp-content\/uploads\/2023\/01\/Magnum-Heating-Isoplate-datasheet.pdf\"><strong>Specifikacijos (Angl\u0173 k.)<\/strong><\/a><\/p>\n<p>&nbsp;<\/p>\n<div id=\"product-tab\" class=\"woocommerce-tabs woocommerce-tabs-dmp083c4 resp-htabs\">\n<div class=\"resp-tabs-container\">\n<div id=\"tab-description\" class=\"tab-content resp-tab-content resp-tab-content-active\" aria-labelledby=\"tab_item-1\">\n<figure class=\"wp-block-table is-style-stripes\">\n<figure class=\"wp-block-table is-style-stripes\">\n<table style=\"width: 80.1099%;\" width=\"983\">\n<tbody>\n<tr>\n<td style=\"width: 17.1711%;\"><strong>Produkto numeris\u00a0<\/strong><\/td>\n<td style=\"width: 15.3319%;\"><strong>Apra\u0161ymas<\/strong><\/td>\n<td style=\"width: 26.5658%;\"><strong>Med\u017eiaga\u00a0<\/strong><\/td>\n<td style=\"width: 12.0058%;\"><strong>Vienetas<\/strong><\/td>\n<td style=\"width: 19.8243%;\"><b>Matmenys<\/b><\/td>\n<td style=\"width: 11.8137%;\"><b>Storis<\/b><\/td>\n<\/tr>\n<tr>\n<td style=\"width: 17.1711%;\">630112<\/td>\n<td style=\"width: 15.3319%;\">MAGNUM Isoplate<\/td>\n<td style=\"width: 26.5658%;\">Polistireninis kietas putplastis<\/td>\n<td style=\"width: 12.0058%;\">13 m\u00b2<\/td>\n<td style=\"width: 19.8243%;\">5 plok\u0161t\u0117s 60 x 100 cm<\/td>\n<td style=\"width: 11.8137%;\">10 mm<\/td>\n<\/tr>\n<tr>\n<td style=\"width: 17.1711%;\">630113<\/td>\n<td style=\"width: 15.3319%;\">MAGNUM Isoplate<\/td>\n<td style=\"width: 26.5658%;\">Polistireninis kietas putplastis<\/td>\n<td style=\"width: 12.0058%;\">4,8 m\u00b2<\/td>\n<td style=\"width: 19.8243%;\">8 plok\u0161t\u0117s 60 x 100 cm<\/td>\n<td style=\"width: 11.8137%;\">6 mm<\/td>\n<\/tr>\n<\/tbody>\n<\/table>\n<p>&nbsp;<\/figure>\n<\/figure>\n<\/div>\n<\/div>\n<\/div>\n","protected":false},"excerpt":{"rendered":"<p><strong>MAGNUM Isoplate<\/strong> pagerina grind\u0173 izoliacines savybes ir taip padidina elektrin\u0117s grind\u0173 \u0161ildymo sistemos efektyvum\u0105. \u0160ios izoliacin\u0117s savyb\u0117s lemia ma\u017eesnes energijos s\u0105naudas.<\/p>\n","protected":false},"featured_media":8519,"comment_status":"closed","ping_status":"closed","template":"","meta":[],"product_brand":[],"product_cat":[236,237,235],"product_tag":[975],"class_list":{"0":"post-4558","1":"product","2":"type-product","3":"status-publish","4":"has-post-thumbnail","6":"product_cat-electric-mats","7":"product_cat-electric-heating-mats","8":"product_cat-electric-heating-mats-and-cables","9":"product_tag-ean-en","11":"first","12":"onbackorder","13":"taxable","14":"shipping-taxable","15":"purchasable","16":"product-type-variable"},"yoast_head":"<!-- This site is optimized with the Yoast SEO Premium plugin v21.5 (Yoast SEO v27.3) - https:\/\/yoast.com\/product\/yoast-seo-premium-wordpress\/ -->\n<title>Izoliacin\u0117s grind\u0173 plok\u0161t\u0117s MAGNUM Isoplate<\/title>\n<meta name=\"robots\" content=\"index, follow, max-snippet:-1, max-image-preview:large, max-video-preview:-1\" \/>\n<link rel=\"canonical\" href=\"https:\/\/eheating.lt\/en\/produktas\/izoliacines-grindu-plokstes-magnum-isoplate\/\" \/>\n<meta property=\"og:locale\" content=\"en_US\" \/>\n<meta property=\"og:type\" content=\"article\" \/>\n<meta property=\"og:title\" content=\"Izoliacin\u0117s grind\u0173 plok\u0161t\u0117s MAGNUM Isoplate\" \/>\n<meta property=\"og:description\" content=\"MAGNUM Isoplate pagerina grind\u0173 izoliacines savybes ir taip padidina elektrin\u0117s grind\u0173 \u0161ildymo sistemos efektyvum\u0105. \u0160ios izoliacin\u0117s savyb\u0117s lemia ma\u017eesnes energijos s\u0105naudas.\" \/>\n<meta property=\"og:url\" content=\"https:\/\/eheating.lt\/en\/produktas\/izoliacines-grindu-plokstes-magnum-isoplate\/\" \/>\n<meta property=\"og:site_name\" content=\"Elektronika Namams\" \/>\n<meta property=\"article:publisher\" content=\"https:\/\/www.facebook.com\/ElektronikaNamams\" \/>\n<meta property=\"article:modified_time\" content=\"2025-02-24T15:24:52+00:00\" \/>\n<meta property=\"og:image\" content=\"https:\/\/eheating.lt\/wp-content\/uploads\/2022\/10\/MagnumHeating-Isoplate-4.png\" \/>\n\t<meta property=\"og:image:width\" content=\"800\" \/>\n\t<meta property=\"og:image:height\" content=\"800\" \/>\n\t<meta property=\"og:image:type\" content=\"image\/png\" \/>\n<meta name=\"twitter:card\" content=\"summary_large_image\" \/>\n<meta name=\"twitter:label1\" content=\"Availability\" \/>\n\t<meta name=\"twitter:data1\" content=\"On backorder\" \/>\n<script type=\"application\/ld+json\" class=\"yoast-schema-graph\">{\"@context\":\"https:\\\/\\\/schema.org\",\"@graph\":[{\"@type\":\"WebPage\",\"@id\":\"https:\\\/\\\/eheating.lt\\\/en\\\/produktas\\\/izoliacines-grindu-plokstes-magnum-isoplate\\\/\",\"url\":\"https:\\\/\\\/eheating.lt\\\/en\\\/produktas\\\/izoliacines-grindu-plokstes-magnum-isoplate\\\/\",\"name\":\"Izoliacin\u0117s grind\u0173 plok\u0161t\u0117s MAGNUM Isoplate\",\"isPartOf\":{\"@id\":\"https:\\\/\\\/eheating.lt\\\/#website\"},\"primaryImageOfPage\":{\"@id\":\"https:\\\/\\\/eheating.lt\\\/en\\\/produktas\\\/izoliacines-grindu-plokstes-magnum-isoplate\\\/#primaryimage\"},\"image\":{\"@id\":\"https:\\\/\\\/eheating.lt\\\/en\\\/produktas\\\/izoliacines-grindu-plokstes-magnum-isoplate\\\/#primaryimage\"},\"thumbnailUrl\":\"https:\\\/\\\/eheating.lt\\\/wp-content\\\/uploads\\\/2022\\\/10\\\/MagnumHeating-Isoplate-4.png\",\"datePublished\":\"2022-10-06T08:12:58+00:00\",\"dateModified\":\"2025-02-24T15:24:52+00:00\",\"breadcrumb\":{\"@id\":\"https:\\\/\\\/eheating.lt\\\/en\\\/produktas\\\/izoliacines-grindu-plokstes-magnum-isoplate\\\/#breadcrumb\"},\"inLanguage\":\"en-US\",\"potentialAction\":[{\"@type\":\"ReadAction\",\"target\":[\"https:\\\/\\\/eheating.lt\\\/en\\\/produktas\\\/izoliacines-grindu-plokstes-magnum-isoplate\\\/\"]}]},{\"@type\":\"ImageObject\",\"inLanguage\":\"en-US\",\"@id\":\"https:\\\/\\\/eheating.lt\\\/en\\\/produktas\\\/izoliacines-grindu-plokstes-magnum-isoplate\\\/#primaryimage\",\"url\":\"https:\\\/\\\/eheating.lt\\\/wp-content\\\/uploads\\\/2022\\\/10\\\/MagnumHeating-Isoplate-4.png\",\"contentUrl\":\"https:\\\/\\\/eheating.lt\\\/wp-content\\\/uploads\\\/2022\\\/10\\\/MagnumHeating-Isoplate-4.png\",\"width\":800,\"height\":800,\"caption\":\"MAGNUM Isoplate\"},{\"@type\":\"BreadcrumbList\",\"@id\":\"https:\\\/\\\/eheating.lt\\\/en\\\/produktas\\\/izoliacines-grindu-plokstes-magnum-isoplate\\\/#breadcrumb\",\"itemListElement\":[{\"@type\":\"ListItem\",\"position\":1,\"name\":\"Prad\u017eia\",\"item\":\"https:\\\/\\\/eheating.lt\\\/en\\\/\"},{\"@type\":\"ListItem\",\"position\":2,\"name\":\"Shop\",\"item\":\"https:\\\/\\\/eheating.lt\\\/en\\\/?page_id=5734\"},{\"@type\":\"ListItem\",\"position\":3,\"name\":\"Izoliacin\u0117s grind\u0173 plok\u0161t\u0117s MAGNUM Isoplate\"}]},{\"@type\":\"WebSite\",\"@id\":\"https:\\\/\\\/eheating.lt\\\/#website\",\"url\":\"https:\\\/\\\/eheating.lt\\\/\",\"name\":\"eHeating\",\"description\":\"Elektronika ir \u0161ildymas\",\"potentialAction\":[{\"@type\":\"SearchAction\",\"target\":{\"@type\":\"EntryPoint\",\"urlTemplate\":\"https:\\\/\\\/eheating.lt\\\/?s={search_term_string}\"},\"query-input\":{\"@type\":\"PropertyValueSpecification\",\"valueRequired\":true,\"valueName\":\"search_term_string\"}}],\"inLanguage\":\"en-US\"}]}<\/script>\n<meta property=\"og:availability\" content=\"backorder\" \/>\n<meta property=\"product:availability\" content=\"available for order\" \/>\n<meta property=\"product:condition\" content=\"new\" \/>\n<!-- \/ Yoast SEO Premium plugin. -->","yoast_head_json":{"title":"Izoliacin\u0117s grind\u0173 plok\u0161t\u0117s MAGNUM Isoplate","robots":{"index":"index","follow":"follow","max-snippet":"max-snippet:-1","max-image-preview":"max-image-preview:large","max-video-preview":"max-video-preview:-1"},"canonical":"https:\/\/eheating.lt\/en\/produktas\/izoliacines-grindu-plokstes-magnum-isoplate\/","og_locale":"en_US","og_type":"article","og_title":"Izoliacin\u0117s grind\u0173 plok\u0161t\u0117s MAGNUM Isoplate","og_description":"MAGNUM Isoplate pagerina grind\u0173 izoliacines savybes ir taip padidina elektrin\u0117s grind\u0173 \u0161ildymo sistemos efektyvum\u0105. \u0160ios izoliacin\u0117s savyb\u0117s lemia ma\u017eesnes energijos s\u0105naudas.","og_url":"https:\/\/eheating.lt\/en\/produktas\/izoliacines-grindu-plokstes-magnum-isoplate\/","og_site_name":"Elektronika Namams","article_publisher":"https:\/\/www.facebook.com\/ElektronikaNamams","article_modified_time":"2025-02-24T15:24:52+00:00","og_image":[{"width":800,"height":800,"url":"https:\/\/eheating.lt\/wp-content\/uploads\/2022\/10\/MagnumHeating-Isoplate-4.png","type":"image\/png"}],"twitter_card":"summary_large_image","twitter_misc":{"Availability":"On backorder"},"schema":{"@context":"https:\/\/schema.org","@graph":[{"@type":"WebPage","@id":"https:\/\/eheating.lt\/en\/produktas\/izoliacines-grindu-plokstes-magnum-isoplate\/","url":"https:\/\/eheating.lt\/en\/produktas\/izoliacines-grindu-plokstes-magnum-isoplate\/","name":"Izoliacin\u0117s grind\u0173 plok\u0161t\u0117s MAGNUM Isoplate","isPartOf":{"@id":"https:\/\/eheating.lt\/#website"},"primaryImageOfPage":{"@id":"https:\/\/eheating.lt\/en\/produktas\/izoliacines-grindu-plokstes-magnum-isoplate\/#primaryimage"},"image":{"@id":"https:\/\/eheating.lt\/en\/produktas\/izoliacines-grindu-plokstes-magnum-isoplate\/#primaryimage"},"thumbnailUrl":"https:\/\/eheating.lt\/wp-content\/uploads\/2022\/10\/MagnumHeating-Isoplate-4.png","datePublished":"2022-10-06T08:12:58+00:00","dateModified":"2025-02-24T15:24:52+00:00","breadcrumb":{"@id":"https:\/\/eheating.lt\/en\/produktas\/izoliacines-grindu-plokstes-magnum-isoplate\/#breadcrumb"},"inLanguage":"en-US","potentialAction":[{"@type":"ReadAction","target":["https:\/\/eheating.lt\/en\/produktas\/izoliacines-grindu-plokstes-magnum-isoplate\/"]}]},{"@type":"ImageObject","inLanguage":"en-US","@id":"https:\/\/eheating.lt\/en\/produktas\/izoliacines-grindu-plokstes-magnum-isoplate\/#primaryimage","url":"https:\/\/eheating.lt\/wp-content\/uploads\/2022\/10\/MagnumHeating-Isoplate-4.png","contentUrl":"https:\/\/eheating.lt\/wp-content\/uploads\/2022\/10\/MagnumHeating-Isoplate-4.png","width":800,"height":800,"caption":"MAGNUM Isoplate"},{"@type":"BreadcrumbList","@id":"https:\/\/eheating.lt\/en\/produktas\/izoliacines-grindu-plokstes-magnum-isoplate\/#breadcrumb","itemListElement":[{"@type":"ListItem","position":1,"name":"Prad\u017eia","item":"https:\/\/eheating.lt\/en\/"},{"@type":"ListItem","position":2,"name":"Shop","item":"https:\/\/eheating.lt\/en\/?page_id=5734"},{"@type":"ListItem","position":3,"name":"Izoliacin\u0117s grind\u0173 plok\u0161t\u0117s MAGNUM Isoplate"}]},{"@type":"WebSite","@id":"https:\/\/eheating.lt\/#website","url":"https:\/\/eheating.lt\/","name":"eHeating","description":"Elektronika ir \u0161ildymas","potentialAction":[{"@type":"SearchAction","target":{"@type":"EntryPoint","urlTemplate":"https:\/\/eheating.lt\/?s={search_term_string}"},"query-input":{"@type":"PropertyValueSpecification","valueRequired":true,"valueName":"search_term_string"}}],"inLanguage":"en-US"}]},"og_availability":"backorder","product_availability":"available for order","product_condition":"new"},"_links":{"self":[{"href":"https:\/\/eheating.lt\/en\/wp-json\/wp\/v2\/product\/4558","targetHints":{"allow":["GET"]}}],"collection":[{"href":"https:\/\/eheating.lt\/en\/wp-json\/wp\/v2\/product"}],"about":[{"href":"https:\/\/eheating.lt\/en\/wp-json\/wp\/v2\/types\/product"}],"replies":[{"embeddable":true,"href":"https:\/\/eheating.lt\/en\/wp-json\/wp\/v2\/comments?post=4558"}],"version-history":[{"count":2,"href":"https:\/\/eheating.lt\/en\/wp-json\/wp\/v2\/product\/4558\/revisions"}],"predecessor-version":[{"id":38364,"href":"https:\/\/eheating.lt\/en\/wp-json\/wp\/v2\/product\/4558\/revisions\/38364"}],"wp:featuredmedia":[{"embeddable":true,"href":"https:\/\/eheating.lt\/en\/wp-json\/wp\/v2\/media\/8519"}],"wp:attachment":[{"href":"https:\/\/eheating.lt\/en\/wp-json\/wp\/v2\/media?parent=4558"}],"wp:term":[{"taxonomy":"product_brand","embeddable":true,"href":"https:\/\/eheating.lt\/en\/wp-json\/wp\/v2\/product_brand?post=4558"},{"taxonomy":"product_cat","embeddable":true,"href":"https:\/\/eheating.lt\/en\/wp-json\/wp\/v2\/product_cat?post=4558"},{"taxonomy":"product_tag","embeddable":true,"href":"https:\/\/eheating.lt\/en\/wp-json\/wp\/v2\/product_tag?post=4558"}],"curies":[{"name":"wp","href":"https:\/\/api.w.org\/{rel}","templated":true}]}}