{"id":4543,"date":"2022-10-05T08:56:55","date_gmt":"2022-10-05T05:56:55","guid":{"rendered":"https:\/\/eheating.lt\/?post_type=product&#038;p=4543"},"modified":"2024-07-13T12:14:09","modified_gmt":"2024-07-13T09:14:09","slug":"savireguliuojantis-sildymo-kabelis-4m-72w-zamel-gpru-4-18-vamzdziams","status":"publish","type":"product","link":"https:\/\/eheating.lt\/en\/produktas\/savireguliuojantis-sildymo-kabelis-4m-72w-zamel-gpru-4-18-vamzdziams\/","title":{"rendered":"Savireguliuojantis \u0161ildymo kabelis 4m 72W ZAMEL"},"content":{"rendered":"<p>\u0160ildymo kabelis <strong>ZAMEL GPRU <\/strong>4m 18W\/m .\u00a0 Ant kabelio \u012frengtas bimetalinis termostatas, kuris \u012fjungia \u0161ildym\u0105 esant +3\u00b0C temperat\u016brai ant vamzd\u017eio sienel\u0117s ir <span class=\"st\">atjungia vamzd\u017eio temperat\u016brai pasiekus +10<\/span><span class=\"st\">\u00b0C<\/span>. Kabelis baigiasi 230 V ki\u0161tuku. Kabelis tvirtinamas tiesiai prie vamzd\u017eio lipnia juosta, kad termostatas tiksliai prilipt\u0173 prie vamzd\u017eio sienel\u0117s.<\/p>\n<hr \/>\n<p><span style=\"font-size: 18px;\"><strong>Produkto savyb\u0117s:<\/strong><\/span><\/p>\n<ul>\n<li>Temperat\u016bros valdymas: +3\u00b0C \u012fjungta; +10\u00b0C i\u0161jungta<\/li>\n<li>Prietaisui nereikia atskiro temperat\u016bros reguliatoriaus<\/li>\n<li>Naudojimas &#8211; lauke\/viduje<\/li>\n<li>Galima jungti tiesiai \u012f 230V lizd\u0105<\/li>\n<\/ul>\n<p>&nbsp;<\/p>\n<p><img decoding=\"async\" style=\"height: 30px;\" src=\"http:\/\/eheating.lt\/wp-content\/uploads\/2022\/12\/pdf.png\" \/><a href=\"http:\/\/eheating.lt\/wp-content\/uploads\/2023\/01\/Zamel-GPRU-manual.pdf\"><strong>Instrukcija (Angl\u0173 k.) <\/strong><\/a><\/p>\n<p>&nbsp;<\/p>\n<div id=\"product-tab\" class=\"woocommerce-tabs woocommerce-tabs-dmp083c4 resp-htabs\">\n<div class=\"resp-tabs-container\">\n<div id=\"tab-description\" class=\"tab-content resp-tab-content resp-tab-content-active\" aria-labelledby=\"tab_item-1\">\n<figure class=\"wp-block-table is-style-stripes\">\n<figure class=\"wp-block-table is-style-stripes\">\n<table width=\"983\">\n<tbody>\n<tr>\n<td><strong>Produkto pavadinimas<\/strong><\/td>\n<td><strong>\u012etampa<\/strong><\/td>\n<td><strong>Spalva<\/strong><\/td>\n<td><strong>Ekranavimas<\/strong><\/td>\n<td><strong>Pritaikymas<\/strong><\/td>\n<td><strong>Kabelio tipas\u00a0\u00a0<\/strong><\/td>\n<td><b>\u0160ildymo galia\u00a0\u00a0<\/b><\/td>\n<td><strong>Skersmuo\u00a0\u00a0<\/strong><\/td>\n<td><strong>Ilgis\u00a0 \u00a0<\/strong><\/td>\n<td><strong>Maksimali darbin\u0117 temperat\u016bra<\/strong><\/td>\n<\/tr>\n<tr>\n<td>GPRU-2\/15<\/td>\n<td>230 V<\/td>\n<td>Juoda<\/td>\n<td>Pintas<\/td>\n<td>Vamzdyn\u0173 \u0161ildymas<\/td>\n<td>Lygiagreti, pastovi galia<\/td>\n<td>30 W<\/td>\n<td>5,06 mm<\/td>\n<td>2,0 m<\/td>\n<td>80 \u00b0C<\/td>\n<\/tr>\n<tr>\n<td>GPRU-4\/18<\/td>\n<td>230 V<\/td>\n<td>Juoda<\/td>\n<td>Pintas<\/td>\n<td>Vamzdyn\u0173 \u0161ildymas<\/td>\n<td>Lygiagreti, pastovi galia<\/td>\n<td>72 W<\/td>\n<td>5,06 mm<\/td>\n<td>4,0 m<\/td>\n<td>80 \u00b0C<\/td>\n<\/tr>\n<tr>\n<td>GPRU-6\/18<\/td>\n<td>230 V<\/td>\n<td>Juoda<\/td>\n<td>Pintas<\/td>\n<td>Vamzdyn\u0173 \u0161ildymas<\/td>\n<td>Lygiagreti, pastovi galia<\/td>\n<td>108 W<\/td>\n<td>5,55 mm<\/td>\n<td>6,0 m<\/td>\n<td>80 \u00b0C<\/td>\n<\/tr>\n<tr>\n<td>GPRU-10\/18<\/td>\n<td>230 V<\/td>\n<td>Juoda<\/td>\n<td>Pintas<\/td>\n<td>Vamzdyn\u0173 \u0161ildymas<\/td>\n<td>Lygiagreti, pastovi galia<\/td>\n<td>180 W<\/td>\n<td>5,48 mm<\/td>\n<td>10,0 m<\/td>\n<td>80 \u00b0C<\/td>\n<\/tr>\n<tr>\n<td>GPRU-14,5\/18<\/td>\n<td>230 V<\/td>\n<td>Juoda<\/td>\n<td>Pintas<\/td>\n<td>Vamzdyn\u0173 \u0161ildymas<\/td>\n<td>Lygiagreti, pastovi galia<\/td>\n<td>261 W<\/td>\n<td>5,78 mm<\/td>\n<td>14,5 m<\/td>\n<td>80 \u00b0C<\/td>\n<\/tr>\n<tr>\n<td>GPRU-20,5\/18<\/td>\n<td>230 V<\/td>\n<td>Juoda<\/td>\n<td>Pintas<\/td>\n<td>Vamzdyn\u0173 \u0161ildymas<\/td>\n<td>Lygiagreti, pastovi galia<\/td>\n<td>369 W<\/td>\n<td>5,63 mm<\/td>\n<td>20,5 m<\/td>\n<td>80 \u00b0C<\/td>\n<\/tr>\n<\/tbody>\n<\/table>\n<p>&nbsp;<\/figure>\n<\/figure>\n<\/div>\n<\/div>\n<\/div>\n","protected":false},"excerpt":{"rendered":"<p>\u0160ildymo kabelis skirtas vandens vamzd\u017ei\u0173 apsaugai nuo u\u017e\u0161alimo. \u012erengtas bimetalinis termostatas, kuris automati\u0161kai \u012fjungia\/i\u0161jungia \u0161ildym\u0105.<\/p>\n","protected":false},"featured_media":8718,"comment_status":"closed","ping_status":"closed","template":"","meta":[],"product_brand":[],"product_cat":[229,230,231],"product_tag":[975],"class_list":{"0":"post-4543","1":"product","2":"type-product","3":"status-publish","4":"has-post-thumbnail","6":"product_cat-frost-ice-protection","7":"product_cat-outdoor-heating-cables","8":"product_cat-self-regulatory","9":"product_tag-ean-en","11":"first","12":"onbackorder","13":"taxable","14":"shipping-taxable","15":"purchasable","16":"product-type-simple"},"yoast_head":"<!-- This site is optimized with the Yoast SEO Premium plugin v21.5 (Yoast SEO v27.3) - https:\/\/yoast.com\/product\/yoast-seo-premium-wordpress\/ -->\n<title>Savireguliuojantis \u0161ildymo kabelis 4m 72W ZAMEL GPRU-4\/18 vamzd\u017eiams<\/title>\n<meta name=\"robots\" content=\"index, follow, max-snippet:-1, max-image-preview:large, max-video-preview:-1\" \/>\n<link rel=\"canonical\" href=\"https:\/\/eheating.lt\/produktas\/savireguliuojantis-sildymo-kabelis-4m-72w-zamel-gpru-4-18-vamzdziams\/\" \/>\n<meta property=\"og:locale\" content=\"en_US\" \/>\n<meta property=\"og:type\" content=\"article\" \/>\n<meta property=\"og:title\" content=\"Savireguliuojantis \u0161ildymo kabelis 4m 72W ZAMEL GPRU-4\/18 vamzd\u017eiams\" \/>\n<meta property=\"og:description\" content=\"\u0160ildymo kabelis skirtas vandens vamzd\u017ei\u0173 apsaugai nuo u\u017e\u0161alimo. \u012erengtas bimetalinis termostatas, kuris automati\u0161kai \u012fjungia\/i\u0161jungia \u0161ildym\u0105.\" \/>\n<meta property=\"og:url\" content=\"https:\/\/eheating.lt\/produktas\/savireguliuojantis-sildymo-kabelis-4m-72w-zamel-gpru-4-18-vamzdziams\/\" \/>\n<meta property=\"og:site_name\" content=\"Elektronika Namams\" \/>\n<meta property=\"article:publisher\" content=\"https:\/\/www.facebook.com\/ElektronikaNamams\" \/>\n<meta property=\"article:modified_time\" content=\"2024-07-13T09:14:09+00:00\" \/>\n<meta property=\"og:image\" content=\"https:\/\/eheating.lt\/wp-content\/uploads\/2022\/10\/ZAMEL-GPRU-1.png\" \/>\n\t<meta property=\"og:image:width\" content=\"800\" \/>\n\t<meta property=\"og:image:height\" content=\"800\" \/>\n\t<meta property=\"og:image:type\" content=\"image\/png\" \/>\n<meta name=\"twitter:card\" content=\"summary_large_image\" \/>\n<meta name=\"twitter:label1\" content=\"Price\" \/>\n\t<meta name=\"twitter:data1\" content=\"65,65&nbsp;&euro;\" \/>\n\t<meta name=\"twitter:label2\" content=\"Availability\" \/>\n\t<meta name=\"twitter:data2\" content=\"On backorder\" \/>\n<script type=\"application\/ld+json\" class=\"yoast-schema-graph\">{\"@context\":\"https:\\\/\\\/schema.org\",\"@graph\":[{\"@type\":\"WebPage\",\"@id\":\"https:\\\/\\\/eheating.lt\\\/produktas\\\/savireguliuojantis-sildymo-kabelis-4m-72w-zamel-gpru-4-18-vamzdziams\\\/\",\"url\":\"https:\\\/\\\/eheating.lt\\\/produktas\\\/savireguliuojantis-sildymo-kabelis-4m-72w-zamel-gpru-4-18-vamzdziams\\\/\",\"name\":\"Savireguliuojantis \u0161ildymo kabelis 4m 72W ZAMEL GPRU-4\\\/18 vamzd\u017eiams\",\"isPartOf\":{\"@id\":\"https:\\\/\\\/eheating.lt\\\/#website\"},\"primaryImageOfPage\":{\"@id\":\"https:\\\/\\\/eheating.lt\\\/produktas\\\/savireguliuojantis-sildymo-kabelis-4m-72w-zamel-gpru-4-18-vamzdziams\\\/#primaryimage\"},\"image\":{\"@id\":\"https:\\\/\\\/eheating.lt\\\/produktas\\\/savireguliuojantis-sildymo-kabelis-4m-72w-zamel-gpru-4-18-vamzdziams\\\/#primaryimage\"},\"thumbnailUrl\":\"https:\\\/\\\/eheating.lt\\\/wp-content\\\/uploads\\\/2022\\\/10\\\/ZAMEL-GPRU-1.png\",\"datePublished\":\"2022-10-05T05:56:55+00:00\",\"dateModified\":\"2024-07-13T09:14:09+00:00\",\"breadcrumb\":{\"@id\":\"https:\\\/\\\/eheating.lt\\\/produktas\\\/savireguliuojantis-sildymo-kabelis-4m-72w-zamel-gpru-4-18-vamzdziams\\\/#breadcrumb\"},\"inLanguage\":\"en-US\",\"potentialAction\":[{\"@type\":\"ReadAction\",\"target\":[\"https:\\\/\\\/eheating.lt\\\/produktas\\\/savireguliuojantis-sildymo-kabelis-4m-72w-zamel-gpru-4-18-vamzdziams\\\/\"]}]},{\"@type\":\"ImageObject\",\"inLanguage\":\"en-US\",\"@id\":\"https:\\\/\\\/eheating.lt\\\/produktas\\\/savireguliuojantis-sildymo-kabelis-4m-72w-zamel-gpru-4-18-vamzdziams\\\/#primaryimage\",\"url\":\"https:\\\/\\\/eheating.lt\\\/wp-content\\\/uploads\\\/2022\\\/10\\\/ZAMEL-GPRU-1.png\",\"contentUrl\":\"https:\\\/\\\/eheating.lt\\\/wp-content\\\/uploads\\\/2022\\\/10\\\/ZAMEL-GPRU-1.png\",\"width\":800,\"height\":800,\"caption\":\"Zamel GPRU\"},{\"@type\":\"BreadcrumbList\",\"@id\":\"https:\\\/\\\/eheating.lt\\\/produktas\\\/savireguliuojantis-sildymo-kabelis-4m-72w-zamel-gpru-4-18-vamzdziams\\\/#breadcrumb\",\"itemListElement\":[{\"@type\":\"ListItem\",\"position\":1,\"name\":\"Prad\u017eia\",\"item\":\"https:\\\/\\\/eheating.lt\\\/en\\\/\"},{\"@type\":\"ListItem\",\"position\":2,\"name\":\"Shop\",\"item\":\"https:\\\/\\\/eheating.lt\\\/en\\\/?page_id=5734\"},{\"@type\":\"ListItem\",\"position\":3,\"name\":\"Savireguliuojantis \u0161ildymo kabelis 4m 72W ZAMEL GPRU-4\\\/18 vamzd\u017eiams\"}]},{\"@type\":\"WebSite\",\"@id\":\"https:\\\/\\\/eheating.lt\\\/#website\",\"url\":\"https:\\\/\\\/eheating.lt\\\/\",\"name\":\"eHeating\",\"description\":\"Elektronika ir \u0161ildymas\",\"potentialAction\":[{\"@type\":\"SearchAction\",\"target\":{\"@type\":\"EntryPoint\",\"urlTemplate\":\"https:\\\/\\\/eheating.lt\\\/?s={search_term_string}\"},\"query-input\":{\"@type\":\"PropertyValueSpecification\",\"valueRequired\":true,\"valueName\":\"search_term_string\"}}],\"inLanguage\":\"en-US\"}]}<\/script>\n<meta property=\"product:price:amount\" content=\"65.65\" \/>\n<meta property=\"product:price:currency\" content=\"EUR\" \/>\n<meta property=\"og:availability\" content=\"backorder\" \/>\n<meta property=\"product:availability\" content=\"available for order\" \/>\n<meta property=\"product:retailer_item_id\" content=\"ZAMEL-GPRU-4\" \/>\n<meta property=\"product:condition\" content=\"new\" \/>\n<!-- \/ Yoast SEO Premium plugin. -->","yoast_head_json":{"title":"Savireguliuojantis \u0161ildymo kabelis 4m 72W ZAMEL GPRU-4\/18 vamzd\u017eiams","robots":{"index":"index","follow":"follow","max-snippet":"max-snippet:-1","max-image-preview":"max-image-preview:large","max-video-preview":"max-video-preview:-1"},"canonical":"https:\/\/eheating.lt\/produktas\/savireguliuojantis-sildymo-kabelis-4m-72w-zamel-gpru-4-18-vamzdziams\/","og_locale":"en_US","og_type":"article","og_title":"Savireguliuojantis \u0161ildymo kabelis 4m 72W ZAMEL GPRU-4\/18 vamzd\u017eiams","og_description":"\u0160ildymo kabelis skirtas vandens vamzd\u017ei\u0173 apsaugai nuo u\u017e\u0161alimo. \u012erengtas bimetalinis termostatas, kuris automati\u0161kai \u012fjungia\/i\u0161jungia \u0161ildym\u0105.","og_url":"https:\/\/eheating.lt\/produktas\/savireguliuojantis-sildymo-kabelis-4m-72w-zamel-gpru-4-18-vamzdziams\/","og_site_name":"Elektronika Namams","article_publisher":"https:\/\/www.facebook.com\/ElektronikaNamams","article_modified_time":"2024-07-13T09:14:09+00:00","og_image":[{"width":800,"height":800,"url":"https:\/\/eheating.lt\/wp-content\/uploads\/2022\/10\/ZAMEL-GPRU-1.png","type":"image\/png"}],"twitter_card":"summary_large_image","twitter_misc":{"Price":"65,65&nbsp;&euro;","Availability":"On backorder"},"schema":{"@context":"https:\/\/schema.org","@graph":[{"@type":"WebPage","@id":"https:\/\/eheating.lt\/produktas\/savireguliuojantis-sildymo-kabelis-4m-72w-zamel-gpru-4-18-vamzdziams\/","url":"https:\/\/eheating.lt\/produktas\/savireguliuojantis-sildymo-kabelis-4m-72w-zamel-gpru-4-18-vamzdziams\/","name":"Savireguliuojantis \u0161ildymo kabelis 4m 72W ZAMEL GPRU-4\/18 vamzd\u017eiams","isPartOf":{"@id":"https:\/\/eheating.lt\/#website"},"primaryImageOfPage":{"@id":"https:\/\/eheating.lt\/produktas\/savireguliuojantis-sildymo-kabelis-4m-72w-zamel-gpru-4-18-vamzdziams\/#primaryimage"},"image":{"@id":"https:\/\/eheating.lt\/produktas\/savireguliuojantis-sildymo-kabelis-4m-72w-zamel-gpru-4-18-vamzdziams\/#primaryimage"},"thumbnailUrl":"https:\/\/eheating.lt\/wp-content\/uploads\/2022\/10\/ZAMEL-GPRU-1.png","datePublished":"2022-10-05T05:56:55+00:00","dateModified":"2024-07-13T09:14:09+00:00","breadcrumb":{"@id":"https:\/\/eheating.lt\/produktas\/savireguliuojantis-sildymo-kabelis-4m-72w-zamel-gpru-4-18-vamzdziams\/#breadcrumb"},"inLanguage":"en-US","potentialAction":[{"@type":"ReadAction","target":["https:\/\/eheating.lt\/produktas\/savireguliuojantis-sildymo-kabelis-4m-72w-zamel-gpru-4-18-vamzdziams\/"]}]},{"@type":"ImageObject","inLanguage":"en-US","@id":"https:\/\/eheating.lt\/produktas\/savireguliuojantis-sildymo-kabelis-4m-72w-zamel-gpru-4-18-vamzdziams\/#primaryimage","url":"https:\/\/eheating.lt\/wp-content\/uploads\/2022\/10\/ZAMEL-GPRU-1.png","contentUrl":"https:\/\/eheating.lt\/wp-content\/uploads\/2022\/10\/ZAMEL-GPRU-1.png","width":800,"height":800,"caption":"Zamel GPRU"},{"@type":"BreadcrumbList","@id":"https:\/\/eheating.lt\/produktas\/savireguliuojantis-sildymo-kabelis-4m-72w-zamel-gpru-4-18-vamzdziams\/#breadcrumb","itemListElement":[{"@type":"ListItem","position":1,"name":"Prad\u017eia","item":"https:\/\/eheating.lt\/en\/"},{"@type":"ListItem","position":2,"name":"Shop","item":"https:\/\/eheating.lt\/en\/?page_id=5734"},{"@type":"ListItem","position":3,"name":"Savireguliuojantis \u0161ildymo kabelis 4m 72W ZAMEL GPRU-4\/18 vamzd\u017eiams"}]},{"@type":"WebSite","@id":"https:\/\/eheating.lt\/#website","url":"https:\/\/eheating.lt\/","name":"eHeating","description":"Elektronika ir \u0161ildymas","potentialAction":[{"@type":"SearchAction","target":{"@type":"EntryPoint","urlTemplate":"https:\/\/eheating.lt\/?s={search_term_string}"},"query-input":{"@type":"PropertyValueSpecification","valueRequired":true,"valueName":"search_term_string"}}],"inLanguage":"en-US"}]},"product_price_amount":"65.65","product_price_currency":"EUR","og_availability":"backorder","product_availability":"available for order","product_retailer_item_id":"ZAMEL-GPRU-4","product_condition":"new"},"_links":{"self":[{"href":"https:\/\/eheating.lt\/en\/wp-json\/wp\/v2\/product\/4543","targetHints":{"allow":["GET"]}}],"collection":[{"href":"https:\/\/eheating.lt\/en\/wp-json\/wp\/v2\/product"}],"about":[{"href":"https:\/\/eheating.lt\/en\/wp-json\/wp\/v2\/types\/product"}],"replies":[{"embeddable":true,"href":"https:\/\/eheating.lt\/en\/wp-json\/wp\/v2\/comments?post=4543"}],"version-history":[{"count":0,"href":"https:\/\/eheating.lt\/en\/wp-json\/wp\/v2\/product\/4543\/revisions"}],"wp:featuredmedia":[{"embeddable":true,"href":"https:\/\/eheating.lt\/en\/wp-json\/wp\/v2\/media\/8718"}],"wp:attachment":[{"href":"https:\/\/eheating.lt\/en\/wp-json\/wp\/v2\/media?parent=4543"}],"wp:term":[{"taxonomy":"product_brand","embeddable":true,"href":"https:\/\/eheating.lt\/en\/wp-json\/wp\/v2\/product_brand?post=4543"},{"taxonomy":"product_cat","embeddable":true,"href":"https:\/\/eheating.lt\/en\/wp-json\/wp\/v2\/product_cat?post=4543"},{"taxonomy":"product_tag","embeddable":true,"href":"https:\/\/eheating.lt\/en\/wp-json\/wp\/v2\/product_tag?post=4543"}],"curies":[{"name":"wp","href":"https:\/\/api.w.org\/{rel}","templated":true}]}}