{"id":4534,"date":"2022-10-04T22:35:11","date_gmt":"2022-10-04T19:35:11","guid":{"rendered":"https:\/\/eheating.lt\/?post_type=product&#038;p=4534"},"modified":"2024-09-22T21:25:40","modified_gmt":"2024-09-22T18:25:40","slug":"lauko-sildymo-kabelis-51m-1020w-zamel-gpsy-510-20-takams","status":"publish","type":"product","link":"https:\/\/eheating.lt\/en\/produktas\/lauko-sildymo-kabelis-51m-1020w-zamel-gpsy-510-20-takams\/","title":{"rendered":"Lauko \u0161ildymo kabelis 51m 1020W ZAMEL"},"content":{"rendered":"<p>\u0160ildymo kabelis <strong>ZAMEL GPSY <\/strong>51m 20W\/m . Kabelis maitinamas i\u0161 vienos pus\u0117s, valdomas atskiru temperat\u016bros reguliatoriumi. Skirtas naudoti lauke po laiptais, rampomis ir kitokiais takeliais. Naudojamas kaip \u0161ildymo elementas apsaugos nuo apled\u0117jimo sistemose. Kabelis tvirtinamas tiesiai prie betoninio i\u0161lyginamojo sluoksnio specialia plienine juosta <strong>ZAMEL<\/strong> <strong>TMS-01<\/strong>, laikan\u010dia kabel\u012f tinkamoje vietoje.<\/p>\n<hr \/>\n<p><span style=\"font-size: 18px;\"><strong>Produkto savyb\u0117s:<\/strong><\/span><\/p>\n<ul>\n<li>\u012evairi\u0173 tak\u0173 apsaugai nuo apled\u0117jimo<\/li>\n<li>3 m maitinimo laidas.<\/li>\n<li>\u0160ildymo kabelis 51 m ilgio.<\/li>\n<\/ul>\n<p>&nbsp;<\/p>\n<p><img decoding=\"async\" style=\"height: 30px;\" src=\"http:\/\/eheating.lt\/wp-content\/uploads\/2022\/12\/pdf.png\" \/><a href=\"http:\/\/eheating.lt\/wp-content\/uploads\/2023\/01\/Zamel-GPSY-manual.pdf\"><strong>Instrukcija (Angl\u0173 k.) <\/strong><\/a><\/p>\n<p>&nbsp;<\/p>\n<div id=\"product-tab\" class=\"woocommerce-tabs woocommerce-tabs-dmp083c4 resp-htabs\">\n<div class=\"resp-tabs-container\">\n<div id=\"tab-description\" class=\"tab-content resp-tab-content resp-tab-content-active\" aria-labelledby=\"tab_item-1\">\n<figure class=\"wp-block-table is-style-stripes\">\n<figure class=\"wp-block-table is-style-stripes\">\n<table width=\"983\">\n<tbody>\n<tr>\n<td><strong>Produkto pavadinimas<\/strong><\/td>\n<td><strong>\u012etampa<\/strong><\/td>\n<td><strong>Spalva<\/strong><\/td>\n<td><strong>Ekranavimas<\/strong><\/td>\n<td><strong>Pritaikymas<\/strong><\/td>\n<td><strong>Kabelio tipas\u00a0\u00a0<\/strong><\/td>\n<td><b>\u0160ildymo galia\u00a0\u00a0<\/b><\/td>\n<td><strong>Skersmuo\u00a0\u00a0<\/strong><\/td>\n<td><strong>Ilgis\u00a0 \u00a0<\/strong><\/td>\n<\/tr>\n<tr>\n<td>GPSY-9,5\/20<\/td>\n<td>230 V<\/td>\n<td>Juoda<\/td>\n<td>Pintas<\/td>\n<td>Pavir\u0161iaus \u0161ildymas<\/td>\n<td>Lygiagreti, pastovi galia<\/td>\n<td>190 W<\/td>\n<td>5,88 mm<\/td>\n<td>9,5 m<\/td>\n<\/tr>\n<tr>\n<td>GPSY-15,0\/20<\/td>\n<td>230 V<\/td>\n<td>Juoda<\/td>\n<td>Pintas<\/td>\n<td>Pavir\u0161iaus \u0161ildymas<\/td>\n<td>Lygiagreti, pastovi galia<\/td>\n<td>300 W<\/td>\n<td>5,95 mm<\/td>\n<td>15,0 m<\/td>\n<\/tr>\n<tr>\n<td>GPSY-22,0\/20<\/td>\n<td>230 V<\/td>\n<td>Juoda<\/td>\n<td>Pintas<\/td>\n<td>Pavir\u0161iaus \u0161ildymas<\/td>\n<td>Lygiagreti, pastovi galia<\/td>\n<td>440 W<\/td>\n<td>6,20 mm<\/td>\n<td>22,0 m<\/td>\n<\/tr>\n<tr>\n<td>GPSY-26,5\/20<\/td>\n<td>230 V<\/td>\n<td>Juoda<\/td>\n<td>Pintas<\/td>\n<td>Pavir\u0161iaus \u0161ildymas<\/td>\n<td>Lygiagreti, pastovi galia<\/td>\n<td>530 W<\/td>\n<td>6,18 mm<\/td>\n<td>26,5 m<\/td>\n<\/tr>\n<tr>\n<td>GPSY-40,5\/20<\/td>\n<td>230 V<\/td>\n<td>Juoda<\/td>\n<td>Pintas<\/td>\n<td>Pavir\u0161iaus \u0161ildymas<\/td>\n<td>Lygiagreti, pastovi galia<\/td>\n<td>810 W<\/td>\n<td>6,30 mm<\/td>\n<td>40,5 m<\/td>\n<\/tr>\n<tr>\n<td>GPSY-51,0\/20<\/td>\n<td>230 V<\/td>\n<td>Juoda<\/td>\n<td>Pintas<\/td>\n<td>Pavir\u0161iaus \u0161ildymas<\/td>\n<td>Lygiagreti, pastovi galia<\/td>\n<td>1020 W<\/td>\n<td>6,02 mm<\/td>\n<td>51,0 m<\/td>\n<\/tr>\n<tr>\n<td>GPSY-60,0\/20<\/td>\n<td>230 V<\/td>\n<td>Juoda<\/td>\n<td>Pintas<\/td>\n<td>Pavir\u0161iaus \u0161ildymas<\/td>\n<td>Lygiagreti, pastovi galia<\/td>\n<td>1200 W<\/td>\n<td>6,20 mm<\/td>\n<td>60,0 m<\/td>\n<\/tr>\n<tr>\n<td>GPSY-70,0\/20<\/td>\n<td>230 V<\/td>\n<td>Juoda<\/td>\n<td>Pintas<\/td>\n<td>Pavir\u0161iaus \u0161ildymas<\/td>\n<td>Lygiagreti, pastovi galia<\/td>\n<td>1400 W<\/td>\n<td>6,30 mm<\/td>\n<td>70,0 m<\/td>\n<\/tr>\n<tr>\n<td>GPSY-80,0\/20<\/td>\n<td>230 V<\/td>\n<td>Juoda<\/td>\n<td>Pintas<\/td>\n<td>Pavir\u0161iaus \u0161ildymas<\/td>\n<td>Lygiagreti, pastovi galia<\/td>\n<td>1600 W<\/td>\n<td>6,25 mm<\/td>\n<td>80,0 m<\/td>\n<\/tr>\n<tr>\n<td>GPSY-90,0\/20<\/td>\n<td>230 V<\/td>\n<td>Juoda<\/td>\n<td>Pintas<\/td>\n<td>Pavir\u0161iaus \u0161ildymas<\/td>\n<td>Lygiagreti, pastovi galia<\/td>\n<td>1800 W<\/td>\n<td>6,30 mm<\/td>\n<td>90,0 m<\/td>\n<\/tr>\n<tr>\n<td>GPSY-100,0\/20<\/td>\n<td>230 V<\/td>\n<td>Juoda<\/td>\n<td>Pintas<\/td>\n<td>Pavir\u0161iaus \u0161ildymas<\/td>\n<td>Lygiagreti, pastovi galia<\/td>\n<td>2000 W<\/td>\n<td>6,35 mm<\/td>\n<td>100,0 m<\/td>\n<\/tr>\n<\/tbody>\n<\/table>\n<p>&nbsp;<\/figure>\n<\/figure>\n<\/div>\n<\/div>\n<\/div>\n<p>&nbsp;<\/p>\n<p style=\"text-align: center;\"><iframe src=\"\/\/www.youtube.com\/embed\/BU5lWBAH8UM\" width=\"560\" height=\"314\" allowfullscreen=\"allowfullscreen\"><\/iframe><\/p>\n","protected":false},"excerpt":{"rendered":"<p>Kabelis veikiantis kaip \u0161ilumos \u0161altinis \u017eiemos oro s\u0105lygoms jautriose vietose. Skirtas takeliams, laiptams, rampoms.<\/p>\n","protected":false},"featured_media":8662,"comment_status":"closed","ping_status":"closed","template":"","meta":[],"product_brand":[],"product_cat":[151,153,152],"product_tag":[975],"class_list":{"0":"post-4534","1":"product","2":"type-product","3":"status-publish","4":"has-post-thumbnail","6":"product_cat-apsauga-nuo-uzsalimo-apledejimo","7":"product_cat-betonui-ir-trinkelems","8":"product_cat-lauko-sildymo-kabeliai","9":"product_tag-ean-en","11":"first","12":"onbackorder","13":"taxable","14":"shipping-taxable","15":"purchasable","16":"product-type-simple"},"yoast_head":"<!-- This site is optimized with the Yoast SEO Premium plugin v21.5 (Yoast SEO v27.3) - https:\/\/yoast.com\/product\/yoast-seo-premium-wordpress\/ -->\n<title>Lauko \u0161ildymo kabelis 51m 1020W ZAMEL GPSY-51,0\/20 takams<\/title>\n<meta name=\"robots\" content=\"index, follow, max-snippet:-1, max-image-preview:large, max-video-preview:-1\" \/>\n<link rel=\"canonical\" href=\"https:\/\/eheating.lt\/produktas\/lauko-sildymo-kabelis-51m-1020w-zamel-gpsy-510-20-takams\/\" \/>\n<meta property=\"og:locale\" content=\"en_US\" \/>\n<meta property=\"og:type\" content=\"article\" \/>\n<meta property=\"og:title\" content=\"Lauko \u0161ildymo kabelis 51m 1020W ZAMEL GPSY-51,0\/20 takams\" \/>\n<meta property=\"og:description\" content=\"Kabelis veikiantis kaip \u0161ilumos \u0161altinis \u017eiemos oro s\u0105lygoms jautriose vietose. Skirtas takeliams, laiptams, rampoms.\" \/>\n<meta property=\"og:url\" content=\"https:\/\/eheating.lt\/produktas\/lauko-sildymo-kabelis-51m-1020w-zamel-gpsy-510-20-takams\/\" \/>\n<meta property=\"og:site_name\" content=\"Elektronika Namams\" \/>\n<meta property=\"article:publisher\" content=\"https:\/\/www.facebook.com\/ElektronikaNamams\" \/>\n<meta property=\"article:modified_time\" content=\"2024-09-22T18:25:40+00:00\" \/>\n<meta property=\"og:image\" content=\"https:\/\/eheating.lt\/wp-content\/uploads\/2022\/10\/ZAMEL-GPSY-1.png\" \/>\n\t<meta property=\"og:image:width\" content=\"800\" \/>\n\t<meta property=\"og:image:height\" content=\"800\" \/>\n\t<meta property=\"og:image:type\" content=\"image\/png\" \/>\n<meta name=\"twitter:card\" content=\"summary_large_image\" \/>\n<meta name=\"twitter:label1\" content=\"Price\" \/>\n\t<meta name=\"twitter:data1\" content=\"122,54&nbsp;&euro;\" \/>\n\t<meta name=\"twitter:label2\" content=\"Availability\" \/>\n\t<meta name=\"twitter:data2\" content=\"On backorder\" \/>\n<script type=\"application\/ld+json\" class=\"yoast-schema-graph\">{\"@context\":\"https:\\\/\\\/schema.org\",\"@graph\":[{\"@type\":\"WebPage\",\"@id\":\"https:\\\/\\\/eheating.lt\\\/produktas\\\/lauko-sildymo-kabelis-51m-1020w-zamel-gpsy-510-20-takams\\\/\",\"url\":\"https:\\\/\\\/eheating.lt\\\/produktas\\\/lauko-sildymo-kabelis-51m-1020w-zamel-gpsy-510-20-takams\\\/\",\"name\":\"Lauko \u0161ildymo kabelis 51m 1020W ZAMEL GPSY-51,0\\\/20 takams\",\"isPartOf\":{\"@id\":\"https:\\\/\\\/eheating.lt\\\/#website\"},\"primaryImageOfPage\":{\"@id\":\"https:\\\/\\\/eheating.lt\\\/produktas\\\/lauko-sildymo-kabelis-51m-1020w-zamel-gpsy-510-20-takams\\\/#primaryimage\"},\"image\":{\"@id\":\"https:\\\/\\\/eheating.lt\\\/produktas\\\/lauko-sildymo-kabelis-51m-1020w-zamel-gpsy-510-20-takams\\\/#primaryimage\"},\"thumbnailUrl\":\"https:\\\/\\\/eheating.lt\\\/wp-content\\\/uploads\\\/2022\\\/10\\\/ZAMEL-GPSY-1.png\",\"datePublished\":\"2022-10-04T19:35:11+00:00\",\"dateModified\":\"2024-09-22T18:25:40+00:00\",\"breadcrumb\":{\"@id\":\"https:\\\/\\\/eheating.lt\\\/produktas\\\/lauko-sildymo-kabelis-51m-1020w-zamel-gpsy-510-20-takams\\\/#breadcrumb\"},\"inLanguage\":\"en-US\",\"potentialAction\":[{\"@type\":\"ReadAction\",\"target\":[\"https:\\\/\\\/eheating.lt\\\/produktas\\\/lauko-sildymo-kabelis-51m-1020w-zamel-gpsy-510-20-takams\\\/\"]}]},{\"@type\":\"ImageObject\",\"inLanguage\":\"en-US\",\"@id\":\"https:\\\/\\\/eheating.lt\\\/produktas\\\/lauko-sildymo-kabelis-51m-1020w-zamel-gpsy-510-20-takams\\\/#primaryimage\",\"url\":\"https:\\\/\\\/eheating.lt\\\/wp-content\\\/uploads\\\/2022\\\/10\\\/ZAMEL-GPSY-1.png\",\"contentUrl\":\"https:\\\/\\\/eheating.lt\\\/wp-content\\\/uploads\\\/2022\\\/10\\\/ZAMEL-GPSY-1.png\",\"width\":800,\"height\":800,\"caption\":\"Zamel GPSY\"},{\"@type\":\"BreadcrumbList\",\"@id\":\"https:\\\/\\\/eheating.lt\\\/produktas\\\/lauko-sildymo-kabelis-51m-1020w-zamel-gpsy-510-20-takams\\\/#breadcrumb\",\"itemListElement\":[{\"@type\":\"ListItem\",\"position\":1,\"name\":\"Prad\u017eia\",\"item\":\"https:\\\/\\\/eheating.lt\\\/en\\\/\"},{\"@type\":\"ListItem\",\"position\":2,\"name\":\"Shop\",\"item\":\"https:\\\/\\\/eheating.lt\\\/en\\\/?page_id=5734\"},{\"@type\":\"ListItem\",\"position\":3,\"name\":\"Lauko \u0161ildymo kabelis 51m 1020W ZAMEL GPSY-51,0\\\/20 takams\"}]},{\"@type\":\"WebSite\",\"@id\":\"https:\\\/\\\/eheating.lt\\\/#website\",\"url\":\"https:\\\/\\\/eheating.lt\\\/\",\"name\":\"eHeating\",\"description\":\"Elektronika ir \u0161ildymas\",\"potentialAction\":[{\"@type\":\"SearchAction\",\"target\":{\"@type\":\"EntryPoint\",\"urlTemplate\":\"https:\\\/\\\/eheating.lt\\\/?s={search_term_string}\"},\"query-input\":{\"@type\":\"PropertyValueSpecification\",\"valueRequired\":true,\"valueName\":\"search_term_string\"}}],\"inLanguage\":\"en-US\"}]}<\/script>\n<meta property=\"product:price:amount\" content=\"122.54\" \/>\n<meta property=\"product:price:currency\" content=\"EUR\" \/>\n<meta property=\"og:availability\" content=\"backorder\" \/>\n<meta property=\"product:availability\" content=\"available for order\" \/>\n<meta property=\"product:retailer_item_id\" content=\"ZAMEL-GPSY-51\" \/>\n<meta property=\"product:condition\" content=\"new\" \/>\n<!-- \/ Yoast SEO Premium plugin. -->","yoast_head_json":{"title":"Lauko \u0161ildymo kabelis 51m 1020W ZAMEL GPSY-51,0\/20 takams","robots":{"index":"index","follow":"follow","max-snippet":"max-snippet:-1","max-image-preview":"max-image-preview:large","max-video-preview":"max-video-preview:-1"},"canonical":"https:\/\/eheating.lt\/produktas\/lauko-sildymo-kabelis-51m-1020w-zamel-gpsy-510-20-takams\/","og_locale":"en_US","og_type":"article","og_title":"Lauko \u0161ildymo kabelis 51m 1020W ZAMEL GPSY-51,0\/20 takams","og_description":"Kabelis veikiantis kaip \u0161ilumos \u0161altinis \u017eiemos oro s\u0105lygoms jautriose vietose. Skirtas takeliams, laiptams, rampoms.","og_url":"https:\/\/eheating.lt\/produktas\/lauko-sildymo-kabelis-51m-1020w-zamel-gpsy-510-20-takams\/","og_site_name":"Elektronika Namams","article_publisher":"https:\/\/www.facebook.com\/ElektronikaNamams","article_modified_time":"2024-09-22T18:25:40+00:00","og_image":[{"width":800,"height":800,"url":"https:\/\/eheating.lt\/wp-content\/uploads\/2022\/10\/ZAMEL-GPSY-1.png","type":"image\/png"}],"twitter_card":"summary_large_image","twitter_misc":{"Price":"122,54&nbsp;&euro;","Availability":"On backorder"},"schema":{"@context":"https:\/\/schema.org","@graph":[{"@type":"WebPage","@id":"https:\/\/eheating.lt\/produktas\/lauko-sildymo-kabelis-51m-1020w-zamel-gpsy-510-20-takams\/","url":"https:\/\/eheating.lt\/produktas\/lauko-sildymo-kabelis-51m-1020w-zamel-gpsy-510-20-takams\/","name":"Lauko \u0161ildymo kabelis 51m 1020W ZAMEL GPSY-51,0\/20 takams","isPartOf":{"@id":"https:\/\/eheating.lt\/#website"},"primaryImageOfPage":{"@id":"https:\/\/eheating.lt\/produktas\/lauko-sildymo-kabelis-51m-1020w-zamel-gpsy-510-20-takams\/#primaryimage"},"image":{"@id":"https:\/\/eheating.lt\/produktas\/lauko-sildymo-kabelis-51m-1020w-zamel-gpsy-510-20-takams\/#primaryimage"},"thumbnailUrl":"https:\/\/eheating.lt\/wp-content\/uploads\/2022\/10\/ZAMEL-GPSY-1.png","datePublished":"2022-10-04T19:35:11+00:00","dateModified":"2024-09-22T18:25:40+00:00","breadcrumb":{"@id":"https:\/\/eheating.lt\/produktas\/lauko-sildymo-kabelis-51m-1020w-zamel-gpsy-510-20-takams\/#breadcrumb"},"inLanguage":"en-US","potentialAction":[{"@type":"ReadAction","target":["https:\/\/eheating.lt\/produktas\/lauko-sildymo-kabelis-51m-1020w-zamel-gpsy-510-20-takams\/"]}]},{"@type":"ImageObject","inLanguage":"en-US","@id":"https:\/\/eheating.lt\/produktas\/lauko-sildymo-kabelis-51m-1020w-zamel-gpsy-510-20-takams\/#primaryimage","url":"https:\/\/eheating.lt\/wp-content\/uploads\/2022\/10\/ZAMEL-GPSY-1.png","contentUrl":"https:\/\/eheating.lt\/wp-content\/uploads\/2022\/10\/ZAMEL-GPSY-1.png","width":800,"height":800,"caption":"Zamel GPSY"},{"@type":"BreadcrumbList","@id":"https:\/\/eheating.lt\/produktas\/lauko-sildymo-kabelis-51m-1020w-zamel-gpsy-510-20-takams\/#breadcrumb","itemListElement":[{"@type":"ListItem","position":1,"name":"Prad\u017eia","item":"https:\/\/eheating.lt\/en\/"},{"@type":"ListItem","position":2,"name":"Shop","item":"https:\/\/eheating.lt\/en\/?page_id=5734"},{"@type":"ListItem","position":3,"name":"Lauko \u0161ildymo kabelis 51m 1020W ZAMEL GPSY-51,0\/20 takams"}]},{"@type":"WebSite","@id":"https:\/\/eheating.lt\/#website","url":"https:\/\/eheating.lt\/","name":"eHeating","description":"Elektronika ir \u0161ildymas","potentialAction":[{"@type":"SearchAction","target":{"@type":"EntryPoint","urlTemplate":"https:\/\/eheating.lt\/?s={search_term_string}"},"query-input":{"@type":"PropertyValueSpecification","valueRequired":true,"valueName":"search_term_string"}}],"inLanguage":"en-US"}]},"product_price_amount":"122.54","product_price_currency":"EUR","og_availability":"backorder","product_availability":"available for order","product_retailer_item_id":"ZAMEL-GPSY-51","product_condition":"new"},"_links":{"self":[{"href":"https:\/\/eheating.lt\/en\/wp-json\/wp\/v2\/product\/4534","targetHints":{"allow":["GET"]}}],"collection":[{"href":"https:\/\/eheating.lt\/en\/wp-json\/wp\/v2\/product"}],"about":[{"href":"https:\/\/eheating.lt\/en\/wp-json\/wp\/v2\/types\/product"}],"replies":[{"embeddable":true,"href":"https:\/\/eheating.lt\/en\/wp-json\/wp\/v2\/comments?post=4534"}],"version-history":[{"count":1,"href":"https:\/\/eheating.lt\/en\/wp-json\/wp\/v2\/product\/4534\/revisions"}],"predecessor-version":[{"id":7694,"href":"https:\/\/eheating.lt\/en\/wp-json\/wp\/v2\/product\/4534\/revisions\/7694"}],"wp:featuredmedia":[{"embeddable":true,"href":"https:\/\/eheating.lt\/en\/wp-json\/wp\/v2\/media\/8662"}],"wp:attachment":[{"href":"https:\/\/eheating.lt\/en\/wp-json\/wp\/v2\/media?parent=4534"}],"wp:term":[{"taxonomy":"product_brand","embeddable":true,"href":"https:\/\/eheating.lt\/en\/wp-json\/wp\/v2\/product_brand?post=4534"},{"taxonomy":"product_cat","embeddable":true,"href":"https:\/\/eheating.lt\/en\/wp-json\/wp\/v2\/product_cat?post=4534"},{"taxonomy":"product_tag","embeddable":true,"href":"https:\/\/eheating.lt\/en\/wp-json\/wp\/v2\/product_tag?post=4534"}],"curies":[{"name":"wp","href":"https:\/\/api.w.org\/{rel}","templated":true}]}}