{"id":4522,"date":"2022-10-04T09:36:12","date_gmt":"2022-10-04T06:36:12","guid":{"rendered":"https:\/\/eheating.lt\/?post_type=product&#038;p=4522"},"modified":"2024-09-22T21:46:05","modified_gmt":"2024-09-22T18:46:05","slug":"lauko-sildymo-kabelis-60m-1080w-zamel-gprn-60-18-latakams","status":"publish","type":"product","link":"https:\/\/eheating.lt\/en\/produktas\/lauko-sildymo-kabelis-60m-1080w-zamel-gprn-60-18-latakams\/","title":{"rendered":"Lauko \u0161ildymo kabelis 60m 1080W ZAMEL"},"content":{"rendered":"<p>\u0160ildymo kabelis <strong>ZAMEL GPRN<\/strong> 60m 18W\/m . Izoliacija atspari UV spinduliams. Kabelis maitinamas i\u0161 vienos pus\u0117s ir valdomas atskiru temperat\u016bros reguliatoriumi. Skirtas naudoti lauke latakuose kaip kaitinimo elementas nuo apled\u0117jimo. Jis taip pat gali b\u016bti naudojamas ant stog\u0173, ta\u010diau naudojant individualias tvirtinimo sistemas.<\/p>\n<hr \/>\n<p><span style=\"font-size: 18px;\"><strong>Produkto savyb\u0117s:<\/strong><\/span><\/p>\n<ul>\n<li>Latak\u0173 ir lietvamzd\u017ei\u0173 apsaugai nuo apled\u0117jimo<\/li>\n<li>5 m maitinimo laidas.<\/li>\n<li>\u0160ildymo kabelis 60 m ilgio.<\/li>\n<\/ul>\n<p>&nbsp;<\/p>\n<p><img decoding=\"async\" style=\"height: 30px;\" src=\"http:\/\/eheating.lt\/wp-content\/uploads\/2022\/12\/pdf.png\" \/><a href=\"http:\/\/eheating.lt\/wp-content\/uploads\/2023\/01\/Zamel-GPRN-manual.pdf\"><strong>Instrukcija (Angl\u0173 k.) <\/strong><\/a><\/p>\n<p>&nbsp;<\/p>\n<div id=\"product-tab\" class=\"woocommerce-tabs woocommerce-tabs-dmp083c4 resp-htabs\">\n<div class=\"resp-tabs-container\">\n<div id=\"tab-description\" class=\"tab-content resp-tab-content resp-tab-content-active\" aria-labelledby=\"tab_item-1\">\n<figure class=\"wp-block-table is-style-stripes\">\n<figure class=\"wp-block-table is-style-stripes\">\n<table width=\"983\">\n<tbody>\n<tr>\n<td><strong>Produkto pavadinimas<\/strong><\/td>\n<td><strong>\u012etampa<\/strong><\/td>\n<td><strong>Spalva<\/strong><\/td>\n<td><strong>Ekranavimas<\/strong><\/td>\n<td><strong>Pritaikymas<\/strong><\/td>\n<td><strong>Kabelio tipas\u00a0\u00a0<\/strong><\/td>\n<td><b>\u0160ildymo galia\u00a0\u00a0<\/b><\/td>\n<td><strong>Skersmuo\u00a0\u00a0<\/strong><\/td>\n<td><strong>Ilgis\u00a0 \u00a0<\/strong><\/td>\n<\/tr>\n<tr>\n<td>GPRN-12\/18<\/td>\n<td>230 V<\/td>\n<td>Juoda<\/td>\n<td>Pintas<\/td>\n<td>Latakas \/ stogas<\/td>\n<td>Lygiagreti, pastovi galia<\/td>\n<td>216 W<\/td>\n<td>5,80 mm<\/td>\n<td>12,0 m<\/td>\n<\/tr>\n<tr>\n<td>GPRN-18\/18<\/td>\n<td>230 V<\/td>\n<td>Juoda<\/td>\n<td>Pintas<\/td>\n<td>Latakas \/ stogas<\/td>\n<td>Lygiagreti, pastovi galia<\/td>\n<td>324 W<\/td>\n<td>6,00 mm<\/td>\n<td>18,0 m<\/td>\n<\/tr>\n<tr>\n<td>GPRN-24\/18<\/td>\n<td>230 V<\/td>\n<td>Juoda<\/td>\n<td>Pintas<\/td>\n<td>Latakas \/ stogas<\/td>\n<td>Lygiagreti, pastovi galia<\/td>\n<td>432 W<\/td>\n<td>5,95 mm<\/td>\n<td>24,0 m<\/td>\n<\/tr>\n<tr>\n<td>GPRN-29\/18<\/td>\n<td>230 V<\/td>\n<td>Juoda<\/td>\n<td>Pintas<\/td>\n<td>Latakas \/ stogas<\/td>\n<td>Lygiagreti, pastovi galia<\/td>\n<td>522 W<\/td>\n<td>6,00 mm<\/td>\n<td>29,0 m<\/td>\n<\/tr>\n<tr>\n<td>GPRN-36\/18<\/td>\n<td>230 V<\/td>\n<td>Juoda<\/td>\n<td>Pintas<\/td>\n<td>Latakas \/ stogas<\/td>\n<td>Lygiagreti, pastovi galia<\/td>\n<td>648 W<\/td>\n<td>6,30 mm<\/td>\n<td>36,0 m<\/td>\n<\/tr>\n<tr>\n<td>GPRN-43\/18<\/td>\n<td>230 V<\/td>\n<td>Juoda<\/td>\n<td>Pintas<\/td>\n<td>Latakas \/ stogas<\/td>\n<td>Lygiagreti, pastovi galia<\/td>\n<td>774 W<\/td>\n<td>6,30 mm<\/td>\n<td>43,0 m<\/td>\n<\/tr>\n<tr>\n<td>GPRN-50\/18<\/td>\n<td>230 V<\/td>\n<td>Juoda<\/td>\n<td>Pintas<\/td>\n<td>Latakas \/ stogas<\/td>\n<td>Lygiagreti, pastovi galia<\/td>\n<td>900 W<\/td>\n<td>6,20 mm<\/td>\n<td>50,0 m<\/td>\n<\/tr>\n<tr>\n<td>GPRN-60\/18<\/td>\n<td>230 V<\/td>\n<td>Juoda<\/td>\n<td>Pintas<\/td>\n<td>Latakas \/ stogas<\/td>\n<td>Lygiagreti, pastovi galia<\/td>\n<td>1080 W<\/td>\n<td>6,30 mm<\/td>\n<td>60,0 m<\/td>\n<\/tr>\n<tr>\n<td>GPRN-70\/18<\/td>\n<td>230 V<\/td>\n<td>Juoda<\/td>\n<td>Pintas<\/td>\n<td>Latakas \/ stogas<\/td>\n<td>Lygiagreti, pastovi galia<\/td>\n<td>1260 W<\/td>\n<td>6,10 mm<\/td>\n<td>70,0 m<\/td>\n<\/tr>\n<tr>\n<td>GPRN-80\/18<\/td>\n<td>230 V<\/td>\n<td>Juoda<\/td>\n<td>Pintas<\/td>\n<td>Latakas \/ stogas<\/td>\n<td>Lygiagreti, pastovi galia<\/td>\n<td>1440 W<\/td>\n<td>6,10 mm<\/td>\n<td>80,0 m<\/td>\n<\/tr>\n<tr>\n<td>GPRN-90\/18<\/td>\n<td>230 V<\/td>\n<td>Juoda<\/td>\n<td>Pintas<\/td>\n<td>Latakas \/ stogas<\/td>\n<td>Lygiagreti, pastovi galia<\/td>\n<td>1620 W<\/td>\n<td>6,30 mm<\/td>\n<td>90,0 m<\/td>\n<\/tr>\n<tr>\n<td>GPRN-100\/18<\/td>\n<td>230 V<\/td>\n<td>Juoda<\/td>\n<td>Pintas<\/td>\n<td>Latakas \/ stogas<\/td>\n<td>Lygiagreti, pastovi galia<\/td>\n<td>1800 W<\/td>\n<td>6,35 mm<\/td>\n<td>100,0 m<\/td>\n<\/tr>\n<\/tbody>\n<\/table>\n<p>&nbsp;<\/figure>\n<\/figure>\n<\/div>\n<\/div>\n<\/div>\n","protected":false},"excerpt":{"rendered":"<p>Kabelis veikiantis kaip \u0161ilumos \u0161altinis \u017eiemos oro s\u0105lygoms jautriose vietose. Valdomas atskiru temperat\u016bros reguliatoriumi.<\/p>\n","protected":false},"featured_media":8674,"comment_status":"closed","ping_status":"closed","template":"","meta":[],"product_brand":[],"product_cat":[151,152,155],"product_tag":[974],"class_list":{"0":"post-4522","1":"product","2":"type-product","3":"status-publish","4":"has-post-thumbnail","6":"product_cat-apsauga-nuo-uzsalimo-apledejimo","7":"product_cat-lauko-sildymo-kabeliai","8":"product_cat-lietvamzdziams-ilajoms","9":"product_tag-ean","11":"first","12":"onbackorder","13":"taxable","14":"shipping-taxable","15":"purchasable","16":"product-type-simple"},"yoast_head":"<!-- This site is optimized with the Yoast SEO Premium plugin v21.5 (Yoast SEO v27.3) - https:\/\/yoast.com\/product\/yoast-seo-premium-wordpress\/ -->\n<title>Lauko \u0161ildymo kabelis 60m 1080W ZAMEL GPRN-60\/18 latakams<\/title>\n<meta name=\"robots\" content=\"index, follow, max-snippet:-1, max-image-preview:large, max-video-preview:-1\" \/>\n<link rel=\"canonical\" href=\"https:\/\/eheating.lt\/en\/produktas\/lauko-sildymo-kabelis-60m-1080w-zamel-gprn-60-18-latakams\/\" \/>\n<meta property=\"og:locale\" content=\"en_US\" \/>\n<meta property=\"og:type\" content=\"article\" \/>\n<meta property=\"og:title\" content=\"Lauko \u0161ildymo kabelis 60m 1080W ZAMEL GPRN-60\/18 latakams\" \/>\n<meta property=\"og:description\" content=\"Kabelis veikiantis kaip \u0161ilumos \u0161altinis \u017eiemos oro s\u0105lygoms jautriose vietose. Valdomas atskiru temperat\u016bros reguliatoriumi.\" \/>\n<meta property=\"og:url\" content=\"https:\/\/eheating.lt\/en\/produktas\/lauko-sildymo-kabelis-60m-1080w-zamel-gprn-60-18-latakams\/\" \/>\n<meta property=\"og:site_name\" content=\"Elektronika Namams\" \/>\n<meta property=\"article:publisher\" content=\"https:\/\/www.facebook.com\/ElektronikaNamams\" \/>\n<meta property=\"article:modified_time\" content=\"2024-09-22T18:46:05+00:00\" \/>\n<meta property=\"og:image\" content=\"https:\/\/eheating.lt\/wp-content\/uploads\/2022\/10\/ZAMEL-GPRN-2.png\" \/>\n\t<meta property=\"og:image:width\" content=\"800\" \/>\n\t<meta property=\"og:image:height\" content=\"800\" \/>\n\t<meta property=\"og:image:type\" content=\"image\/png\" \/>\n<meta name=\"twitter:card\" content=\"summary_large_image\" \/>\n<meta name=\"twitter:label1\" content=\"Price\" \/>\n\t<meta name=\"twitter:data1\" content=\"151,89&nbsp;&euro;\" \/>\n\t<meta name=\"twitter:label2\" content=\"Availability\" \/>\n\t<meta name=\"twitter:data2\" content=\"On backorder\" \/>\n<script type=\"application\/ld+json\" class=\"yoast-schema-graph\">{\"@context\":\"https:\\\/\\\/schema.org\",\"@graph\":[{\"@type\":\"WebPage\",\"@id\":\"https:\\\/\\\/eheating.lt\\\/en\\\/produktas\\\/lauko-sildymo-kabelis-60m-1080w-zamel-gprn-60-18-latakams\\\/\",\"url\":\"https:\\\/\\\/eheating.lt\\\/en\\\/produktas\\\/lauko-sildymo-kabelis-60m-1080w-zamel-gprn-60-18-latakams\\\/\",\"name\":\"Lauko \u0161ildymo kabelis 60m 1080W ZAMEL GPRN-60\\\/18 latakams\",\"isPartOf\":{\"@id\":\"https:\\\/\\\/eheating.lt\\\/#website\"},\"primaryImageOfPage\":{\"@id\":\"https:\\\/\\\/eheating.lt\\\/en\\\/produktas\\\/lauko-sildymo-kabelis-60m-1080w-zamel-gprn-60-18-latakams\\\/#primaryimage\"},\"image\":{\"@id\":\"https:\\\/\\\/eheating.lt\\\/en\\\/produktas\\\/lauko-sildymo-kabelis-60m-1080w-zamel-gprn-60-18-latakams\\\/#primaryimage\"},\"thumbnailUrl\":\"https:\\\/\\\/eheating.lt\\\/wp-content\\\/uploads\\\/2022\\\/10\\\/ZAMEL-GPRN-2.png\",\"datePublished\":\"2022-10-04T06:36:12+00:00\",\"dateModified\":\"2024-09-22T18:46:05+00:00\",\"breadcrumb\":{\"@id\":\"https:\\\/\\\/eheating.lt\\\/en\\\/produktas\\\/lauko-sildymo-kabelis-60m-1080w-zamel-gprn-60-18-latakams\\\/#breadcrumb\"},\"inLanguage\":\"en-US\",\"potentialAction\":[{\"@type\":\"ReadAction\",\"target\":[\"https:\\\/\\\/eheating.lt\\\/en\\\/produktas\\\/lauko-sildymo-kabelis-60m-1080w-zamel-gprn-60-18-latakams\\\/\"]}]},{\"@type\":\"ImageObject\",\"inLanguage\":\"en-US\",\"@id\":\"https:\\\/\\\/eheating.lt\\\/en\\\/produktas\\\/lauko-sildymo-kabelis-60m-1080w-zamel-gprn-60-18-latakams\\\/#primaryimage\",\"url\":\"https:\\\/\\\/eheating.lt\\\/wp-content\\\/uploads\\\/2022\\\/10\\\/ZAMEL-GPRN-2.png\",\"contentUrl\":\"https:\\\/\\\/eheating.lt\\\/wp-content\\\/uploads\\\/2022\\\/10\\\/ZAMEL-GPRN-2.png\",\"width\":800,\"height\":800,\"caption\":\"Zamel GPRN\"},{\"@type\":\"BreadcrumbList\",\"@id\":\"https:\\\/\\\/eheating.lt\\\/en\\\/produktas\\\/lauko-sildymo-kabelis-60m-1080w-zamel-gprn-60-18-latakams\\\/#breadcrumb\",\"itemListElement\":[{\"@type\":\"ListItem\",\"position\":1,\"name\":\"Prad\u017eia\",\"item\":\"https:\\\/\\\/eheating.lt\\\/en\\\/\"},{\"@type\":\"ListItem\",\"position\":2,\"name\":\"Shop\",\"item\":\"https:\\\/\\\/eheating.lt\\\/en\\\/?page_id=5734\"},{\"@type\":\"ListItem\",\"position\":3,\"name\":\"Lauko \u0161ildymo kabelis 60m 1080W ZAMEL GPRN-60\\\/18 latakams\"}]},{\"@type\":\"WebSite\",\"@id\":\"https:\\\/\\\/eheating.lt\\\/#website\",\"url\":\"https:\\\/\\\/eheating.lt\\\/\",\"name\":\"eHeating\",\"description\":\"Elektronika ir \u0161ildymas\",\"potentialAction\":[{\"@type\":\"SearchAction\",\"target\":{\"@type\":\"EntryPoint\",\"urlTemplate\":\"https:\\\/\\\/eheating.lt\\\/?s={search_term_string}\"},\"query-input\":{\"@type\":\"PropertyValueSpecification\",\"valueRequired\":true,\"valueName\":\"search_term_string\"}}],\"inLanguage\":\"en-US\"}]}<\/script>\n<meta property=\"product:price:amount\" content=\"151.89\" \/>\n<meta property=\"product:price:currency\" content=\"EUR\" \/>\n<meta property=\"og:availability\" content=\"backorder\" \/>\n<meta property=\"product:availability\" content=\"available for order\" \/>\n<meta property=\"product:retailer_item_id\" content=\"ZAMEL-GPRN-60\" \/>\n<meta property=\"product:condition\" content=\"new\" \/>\n<!-- \/ Yoast SEO Premium plugin. -->","yoast_head_json":{"title":"Lauko \u0161ildymo kabelis 60m 1080W ZAMEL GPRN-60\/18 latakams","robots":{"index":"index","follow":"follow","max-snippet":"max-snippet:-1","max-image-preview":"max-image-preview:large","max-video-preview":"max-video-preview:-1"},"canonical":"https:\/\/eheating.lt\/en\/produktas\/lauko-sildymo-kabelis-60m-1080w-zamel-gprn-60-18-latakams\/","og_locale":"en_US","og_type":"article","og_title":"Lauko \u0161ildymo kabelis 60m 1080W ZAMEL GPRN-60\/18 latakams","og_description":"Kabelis veikiantis kaip \u0161ilumos \u0161altinis \u017eiemos oro s\u0105lygoms jautriose vietose. Valdomas atskiru temperat\u016bros reguliatoriumi.","og_url":"https:\/\/eheating.lt\/en\/produktas\/lauko-sildymo-kabelis-60m-1080w-zamel-gprn-60-18-latakams\/","og_site_name":"Elektronika Namams","article_publisher":"https:\/\/www.facebook.com\/ElektronikaNamams","article_modified_time":"2024-09-22T18:46:05+00:00","og_image":[{"width":800,"height":800,"url":"https:\/\/eheating.lt\/wp-content\/uploads\/2022\/10\/ZAMEL-GPRN-2.png","type":"image\/png"}],"twitter_card":"summary_large_image","twitter_misc":{"Price":"151,89&nbsp;&euro;","Availability":"On backorder"},"schema":{"@context":"https:\/\/schema.org","@graph":[{"@type":"WebPage","@id":"https:\/\/eheating.lt\/en\/produktas\/lauko-sildymo-kabelis-60m-1080w-zamel-gprn-60-18-latakams\/","url":"https:\/\/eheating.lt\/en\/produktas\/lauko-sildymo-kabelis-60m-1080w-zamel-gprn-60-18-latakams\/","name":"Lauko \u0161ildymo kabelis 60m 1080W ZAMEL GPRN-60\/18 latakams","isPartOf":{"@id":"https:\/\/eheating.lt\/#website"},"primaryImageOfPage":{"@id":"https:\/\/eheating.lt\/en\/produktas\/lauko-sildymo-kabelis-60m-1080w-zamel-gprn-60-18-latakams\/#primaryimage"},"image":{"@id":"https:\/\/eheating.lt\/en\/produktas\/lauko-sildymo-kabelis-60m-1080w-zamel-gprn-60-18-latakams\/#primaryimage"},"thumbnailUrl":"https:\/\/eheating.lt\/wp-content\/uploads\/2022\/10\/ZAMEL-GPRN-2.png","datePublished":"2022-10-04T06:36:12+00:00","dateModified":"2024-09-22T18:46:05+00:00","breadcrumb":{"@id":"https:\/\/eheating.lt\/en\/produktas\/lauko-sildymo-kabelis-60m-1080w-zamel-gprn-60-18-latakams\/#breadcrumb"},"inLanguage":"en-US","potentialAction":[{"@type":"ReadAction","target":["https:\/\/eheating.lt\/en\/produktas\/lauko-sildymo-kabelis-60m-1080w-zamel-gprn-60-18-latakams\/"]}]},{"@type":"ImageObject","inLanguage":"en-US","@id":"https:\/\/eheating.lt\/en\/produktas\/lauko-sildymo-kabelis-60m-1080w-zamel-gprn-60-18-latakams\/#primaryimage","url":"https:\/\/eheating.lt\/wp-content\/uploads\/2022\/10\/ZAMEL-GPRN-2.png","contentUrl":"https:\/\/eheating.lt\/wp-content\/uploads\/2022\/10\/ZAMEL-GPRN-2.png","width":800,"height":800,"caption":"Zamel GPRN"},{"@type":"BreadcrumbList","@id":"https:\/\/eheating.lt\/en\/produktas\/lauko-sildymo-kabelis-60m-1080w-zamel-gprn-60-18-latakams\/#breadcrumb","itemListElement":[{"@type":"ListItem","position":1,"name":"Prad\u017eia","item":"https:\/\/eheating.lt\/en\/"},{"@type":"ListItem","position":2,"name":"Shop","item":"https:\/\/eheating.lt\/en\/?page_id=5734"},{"@type":"ListItem","position":3,"name":"Lauko \u0161ildymo kabelis 60m 1080W ZAMEL GPRN-60\/18 latakams"}]},{"@type":"WebSite","@id":"https:\/\/eheating.lt\/#website","url":"https:\/\/eheating.lt\/","name":"eHeating","description":"Elektronika ir \u0161ildymas","potentialAction":[{"@type":"SearchAction","target":{"@type":"EntryPoint","urlTemplate":"https:\/\/eheating.lt\/?s={search_term_string}"},"query-input":{"@type":"PropertyValueSpecification","valueRequired":true,"valueName":"search_term_string"}}],"inLanguage":"en-US"}]},"product_price_amount":"151.89","product_price_currency":"EUR","og_availability":"backorder","product_availability":"available for order","product_retailer_item_id":"ZAMEL-GPRN-60","product_condition":"new"},"_links":{"self":[{"href":"https:\/\/eheating.lt\/en\/wp-json\/wp\/v2\/product\/4522","targetHints":{"allow":["GET"]}}],"collection":[{"href":"https:\/\/eheating.lt\/en\/wp-json\/wp\/v2\/product"}],"about":[{"href":"https:\/\/eheating.lt\/en\/wp-json\/wp\/v2\/types\/product"}],"replies":[{"embeddable":true,"href":"https:\/\/eheating.lt\/en\/wp-json\/wp\/v2\/comments?post=4522"}],"version-history":[{"count":1,"href":"https:\/\/eheating.lt\/en\/wp-json\/wp\/v2\/product\/4522\/revisions"}],"predecessor-version":[{"id":7710,"href":"https:\/\/eheating.lt\/en\/wp-json\/wp\/v2\/product\/4522\/revisions\/7710"}],"wp:featuredmedia":[{"embeddable":true,"href":"https:\/\/eheating.lt\/en\/wp-json\/wp\/v2\/media\/8674"}],"wp:attachment":[{"href":"https:\/\/eheating.lt\/en\/wp-json\/wp\/v2\/media?parent=4522"}],"wp:term":[{"taxonomy":"product_brand","embeddable":true,"href":"https:\/\/eheating.lt\/en\/wp-json\/wp\/v2\/product_brand?post=4522"},{"taxonomy":"product_cat","embeddable":true,"href":"https:\/\/eheating.lt\/en\/wp-json\/wp\/v2\/product_cat?post=4522"},{"taxonomy":"product_tag","embeddable":true,"href":"https:\/\/eheating.lt\/en\/wp-json\/wp\/v2\/product_tag?post=4522"}],"curies":[{"name":"wp","href":"https:\/\/api.w.org\/{rel}","templated":true}]}}