{"id":4456,"date":"2022-10-03T16:22:01","date_gmt":"2022-10-03T13:22:01","guid":{"rendered":"https:\/\/eheating.lt\/?post_type=product&#038;p=4456"},"modified":"2025-02-24T17:27:06","modified_gmt":"2025-02-24T15:27:06","slug":"sildymo-kabelio-sujungimo-komplektas","status":"publish","type":"product","link":"https:\/\/eheating.lt\/en\/produktas\/sildymo-kabelio-sujungimo-komplektas\/","title":{"rendered":"\u0160ildymo kabelio sujungimo komplektas"},"content":{"rendered":"<p>Rinkinyje yra visi reikalingi komponentai, \u012fskaitant kar\u0161tyje susitraukian\u010dius vamzdelius (termo vamzdelius) ir jungtis.<\/p>\n<p>&nbsp;<\/p>\n<p><strong>Naudojimas:<\/strong> 1 rinkinys skirtas vienam kabelio jungimui<\/p>\n","protected":false},"excerpt":{"rendered":"<p>Kabelio sujungimo komplektas, skirtas pa\u017eeisto kabelio sujungimui arba \u0161ildymo kabeli\u0173 sujungimui tarpusavyje.<\/p>\n","protected":false},"featured_media":8754,"comment_status":"closed","ping_status":"closed","template":"","meta":[],"product_brand":[],"product_cat":[229,235,775],"product_tag":[975],"class_list":{"0":"post-4456","1":"product","2":"type-product","3":"status-publish","4":"has-post-thumbnail","6":"product_cat-frost-ice-protection","7":"product_cat-electric-heating-mats-and-cables","8":"product_cat-installation-materials","9":"product_tag-ean-en","11":"first","12":"onbackorder","13":"taxable","14":"shipping-taxable","15":"purchasable","16":"product-type-simple"},"yoast_head":"<!-- This site is optimized with the Yoast SEO Premium plugin v21.5 (Yoast SEO v27.3) - https:\/\/yoast.com\/product\/yoast-seo-premium-wordpress\/ -->\n<title>\u0160ildymo kabelio sujungimo komplektas<\/title>\n<meta name=\"robots\" content=\"index, follow, max-snippet:-1, max-image-preview:large, max-video-preview:-1\" \/>\n<link rel=\"canonical\" href=\"https:\/\/eheating.lt\/produktas\/sildymo-kabelio-sujungimo-komplektas\/\" \/>\n<meta property=\"og:locale\" content=\"en_US\" \/>\n<meta property=\"og:type\" content=\"article\" \/>\n<meta property=\"og:title\" content=\"\u0160ildymo kabelio sujungimo komplektas\" \/>\n<meta property=\"og:description\" content=\"Kabelio sujungimo komplektas, skirtas pa\u017eeisto kabelio sujungimui arba \u0161ildymo kabeli\u0173 sujungimui tarpusavyje.\" \/>\n<meta property=\"og:url\" content=\"https:\/\/eheating.lt\/produktas\/sildymo-kabelio-sujungimo-komplektas\/\" \/>\n<meta property=\"og:site_name\" content=\"Elektronika Namams\" \/>\n<meta property=\"article:publisher\" content=\"https:\/\/www.facebook.com\/ElektronikaNamams\" \/>\n<meta property=\"article:modified_time\" content=\"2025-02-24T15:27:06+00:00\" \/>\n<meta property=\"og:image\" content=\"https:\/\/eheating.lt\/wp-content\/uploads\/2022\/10\/MAGNUM-INSULATION-CONNECTION-1.png\" \/>\n\t<meta property=\"og:image:width\" content=\"800\" \/>\n\t<meta property=\"og:image:height\" content=\"800\" \/>\n\t<meta property=\"og:image:type\" content=\"image\/png\" \/>\n<meta name=\"twitter:card\" content=\"summary_large_image\" \/>\n<meta name=\"twitter:label1\" content=\"Price\" \/>\n\t<meta name=\"twitter:data1\" content=\"14,69&nbsp;&euro;\" \/>\n\t<meta name=\"twitter:label2\" content=\"Availability\" \/>\n\t<meta name=\"twitter:data2\" content=\"On backorder\" \/>\n<script type=\"application\/ld+json\" class=\"yoast-schema-graph\">{\"@context\":\"https:\\\/\\\/schema.org\",\"@graph\":[{\"@type\":\"WebPage\",\"@id\":\"https:\\\/\\\/eheating.lt\\\/produktas\\\/sildymo-kabelio-sujungimo-komplektas\\\/\",\"url\":\"https:\\\/\\\/eheating.lt\\\/produktas\\\/sildymo-kabelio-sujungimo-komplektas\\\/\",\"name\":\"\u0160ildymo kabelio sujungimo komplektas\",\"isPartOf\":{\"@id\":\"https:\\\/\\\/eheating.lt\\\/#website\"},\"primaryImageOfPage\":{\"@id\":\"https:\\\/\\\/eheating.lt\\\/produktas\\\/sildymo-kabelio-sujungimo-komplektas\\\/#primaryimage\"},\"image\":{\"@id\":\"https:\\\/\\\/eheating.lt\\\/produktas\\\/sildymo-kabelio-sujungimo-komplektas\\\/#primaryimage\"},\"thumbnailUrl\":\"https:\\\/\\\/eheating.lt\\\/wp-content\\\/uploads\\\/2022\\\/10\\\/MAGNUM-INSULATION-CONNECTION-1.png\",\"datePublished\":\"2022-10-03T13:22:01+00:00\",\"dateModified\":\"2025-02-24T15:27:06+00:00\",\"breadcrumb\":{\"@id\":\"https:\\\/\\\/eheating.lt\\\/produktas\\\/sildymo-kabelio-sujungimo-komplektas\\\/#breadcrumb\"},\"inLanguage\":\"en-US\",\"potentialAction\":[{\"@type\":\"ReadAction\",\"target\":[\"https:\\\/\\\/eheating.lt\\\/produktas\\\/sildymo-kabelio-sujungimo-komplektas\\\/\"]}]},{\"@type\":\"ImageObject\",\"inLanguage\":\"en-US\",\"@id\":\"https:\\\/\\\/eheating.lt\\\/produktas\\\/sildymo-kabelio-sujungimo-komplektas\\\/#primaryimage\",\"url\":\"https:\\\/\\\/eheating.lt\\\/wp-content\\\/uploads\\\/2022\\\/10\\\/MAGNUM-INSULATION-CONNECTION-1.png\",\"contentUrl\":\"https:\\\/\\\/eheating.lt\\\/wp-content\\\/uploads\\\/2022\\\/10\\\/MAGNUM-INSULATION-CONNECTION-1.png\",\"width\":800,\"height\":800,\"caption\":\"MAGNUM insulation connection\"},{\"@type\":\"BreadcrumbList\",\"@id\":\"https:\\\/\\\/eheating.lt\\\/produktas\\\/sildymo-kabelio-sujungimo-komplektas\\\/#breadcrumb\",\"itemListElement\":[{\"@type\":\"ListItem\",\"position\":1,\"name\":\"Prad\u017eia\",\"item\":\"https:\\\/\\\/eheating.lt\\\/en\\\/\"},{\"@type\":\"ListItem\",\"position\":2,\"name\":\"Shop\",\"item\":\"https:\\\/\\\/eheating.lt\\\/en\\\/?page_id=5734\"},{\"@type\":\"ListItem\",\"position\":3,\"name\":\"\u0160ildymo kabelio sujungimo komplektas\"}]},{\"@type\":\"WebSite\",\"@id\":\"https:\\\/\\\/eheating.lt\\\/#website\",\"url\":\"https:\\\/\\\/eheating.lt\\\/\",\"name\":\"eHeating\",\"description\":\"Elektronika ir \u0161ildymas\",\"potentialAction\":[{\"@type\":\"SearchAction\",\"target\":{\"@type\":\"EntryPoint\",\"urlTemplate\":\"https:\\\/\\\/eheating.lt\\\/?s={search_term_string}\"},\"query-input\":{\"@type\":\"PropertyValueSpecification\",\"valueRequired\":true,\"valueName\":\"search_term_string\"}}],\"inLanguage\":\"en-US\"}]}<\/script>\n<meta property=\"product:price:amount\" content=\"14.69\" \/>\n<meta property=\"product:price:currency\" content=\"EUR\" \/>\n<meta property=\"og:availability\" content=\"backorder\" \/>\n<meta property=\"product:availability\" content=\"available for order\" \/>\n<meta property=\"product:retailer_item_id\" content=\"MAGNUM-INSULATION-KIT\" \/>\n<meta property=\"product:condition\" content=\"new\" \/>\n<!-- \/ Yoast SEO Premium plugin. -->","yoast_head_json":{"title":"\u0160ildymo kabelio sujungimo komplektas","robots":{"index":"index","follow":"follow","max-snippet":"max-snippet:-1","max-image-preview":"max-image-preview:large","max-video-preview":"max-video-preview:-1"},"canonical":"https:\/\/eheating.lt\/produktas\/sildymo-kabelio-sujungimo-komplektas\/","og_locale":"en_US","og_type":"article","og_title":"\u0160ildymo kabelio sujungimo komplektas","og_description":"Kabelio sujungimo komplektas, skirtas pa\u017eeisto kabelio sujungimui arba \u0161ildymo kabeli\u0173 sujungimui tarpusavyje.","og_url":"https:\/\/eheating.lt\/produktas\/sildymo-kabelio-sujungimo-komplektas\/","og_site_name":"Elektronika Namams","article_publisher":"https:\/\/www.facebook.com\/ElektronikaNamams","article_modified_time":"2025-02-24T15:27:06+00:00","og_image":[{"width":800,"height":800,"url":"https:\/\/eheating.lt\/wp-content\/uploads\/2022\/10\/MAGNUM-INSULATION-CONNECTION-1.png","type":"image\/png"}],"twitter_card":"summary_large_image","twitter_misc":{"Price":"14,69&nbsp;&euro;","Availability":"On backorder"},"schema":{"@context":"https:\/\/schema.org","@graph":[{"@type":"WebPage","@id":"https:\/\/eheating.lt\/produktas\/sildymo-kabelio-sujungimo-komplektas\/","url":"https:\/\/eheating.lt\/produktas\/sildymo-kabelio-sujungimo-komplektas\/","name":"\u0160ildymo kabelio sujungimo komplektas","isPartOf":{"@id":"https:\/\/eheating.lt\/#website"},"primaryImageOfPage":{"@id":"https:\/\/eheating.lt\/produktas\/sildymo-kabelio-sujungimo-komplektas\/#primaryimage"},"image":{"@id":"https:\/\/eheating.lt\/produktas\/sildymo-kabelio-sujungimo-komplektas\/#primaryimage"},"thumbnailUrl":"https:\/\/eheating.lt\/wp-content\/uploads\/2022\/10\/MAGNUM-INSULATION-CONNECTION-1.png","datePublished":"2022-10-03T13:22:01+00:00","dateModified":"2025-02-24T15:27:06+00:00","breadcrumb":{"@id":"https:\/\/eheating.lt\/produktas\/sildymo-kabelio-sujungimo-komplektas\/#breadcrumb"},"inLanguage":"en-US","potentialAction":[{"@type":"ReadAction","target":["https:\/\/eheating.lt\/produktas\/sildymo-kabelio-sujungimo-komplektas\/"]}]},{"@type":"ImageObject","inLanguage":"en-US","@id":"https:\/\/eheating.lt\/produktas\/sildymo-kabelio-sujungimo-komplektas\/#primaryimage","url":"https:\/\/eheating.lt\/wp-content\/uploads\/2022\/10\/MAGNUM-INSULATION-CONNECTION-1.png","contentUrl":"https:\/\/eheating.lt\/wp-content\/uploads\/2022\/10\/MAGNUM-INSULATION-CONNECTION-1.png","width":800,"height":800,"caption":"MAGNUM insulation connection"},{"@type":"BreadcrumbList","@id":"https:\/\/eheating.lt\/produktas\/sildymo-kabelio-sujungimo-komplektas\/#breadcrumb","itemListElement":[{"@type":"ListItem","position":1,"name":"Prad\u017eia","item":"https:\/\/eheating.lt\/en\/"},{"@type":"ListItem","position":2,"name":"Shop","item":"https:\/\/eheating.lt\/en\/?page_id=5734"},{"@type":"ListItem","position":3,"name":"\u0160ildymo kabelio sujungimo komplektas"}]},{"@type":"WebSite","@id":"https:\/\/eheating.lt\/#website","url":"https:\/\/eheating.lt\/","name":"eHeating","description":"Elektronika ir \u0161ildymas","potentialAction":[{"@type":"SearchAction","target":{"@type":"EntryPoint","urlTemplate":"https:\/\/eheating.lt\/?s={search_term_string}"},"query-input":{"@type":"PropertyValueSpecification","valueRequired":true,"valueName":"search_term_string"}}],"inLanguage":"en-US"}]},"product_price_amount":"14.69","product_price_currency":"EUR","og_availability":"backorder","product_availability":"available for order","product_retailer_item_id":"MAGNUM-INSULATION-KIT","product_condition":"new"},"_links":{"self":[{"href":"https:\/\/eheating.lt\/en\/wp-json\/wp\/v2\/product\/4456","targetHints":{"allow":["GET"]}}],"collection":[{"href":"https:\/\/eheating.lt\/en\/wp-json\/wp\/v2\/product"}],"about":[{"href":"https:\/\/eheating.lt\/en\/wp-json\/wp\/v2\/types\/product"}],"replies":[{"embeddable":true,"href":"https:\/\/eheating.lt\/en\/wp-json\/wp\/v2\/comments?post=4456"}],"version-history":[{"count":1,"href":"https:\/\/eheating.lt\/en\/wp-json\/wp\/v2\/product\/4456\/revisions"}],"predecessor-version":[{"id":38366,"href":"https:\/\/eheating.lt\/en\/wp-json\/wp\/v2\/product\/4456\/revisions\/38366"}],"wp:featuredmedia":[{"embeddable":true,"href":"https:\/\/eheating.lt\/en\/wp-json\/wp\/v2\/media\/8754"}],"wp:attachment":[{"href":"https:\/\/eheating.lt\/en\/wp-json\/wp\/v2\/media?parent=4456"}],"wp:term":[{"taxonomy":"product_brand","embeddable":true,"href":"https:\/\/eheating.lt\/en\/wp-json\/wp\/v2\/product_brand?post=4456"},{"taxonomy":"product_cat","embeddable":true,"href":"https:\/\/eheating.lt\/en\/wp-json\/wp\/v2\/product_cat?post=4456"},{"taxonomy":"product_tag","embeddable":true,"href":"https:\/\/eheating.lt\/en\/wp-json\/wp\/v2\/product_tag?post=4456"}],"curies":[{"name":"wp","href":"https:\/\/api.w.org\/{rel}","templated":true}]}}