{"id":4444,"date":"2022-10-03T15:45:47","date_gmt":"2022-10-03T12:45:47","guid":{"rendered":"https:\/\/eheating.lt\/?post_type=product&#038;p=4444"},"modified":"2025-02-24T17:28:21","modified_gmt":"2025-02-24T15:28:21","slug":"magnum-heating-kabelio-laikiklis-latakui-10vnt","status":"publish","type":"product","link":"https:\/\/eheating.lt\/en\/produktas\/magnum-heating-kabelio-laikiklis-latakui-10vnt\/","title":{"rendered":"MAGNUM HEATING kabelio laikiklis latakui (10vnt.)"},"content":{"rendered":"<p><span style=\"font-size: 18px;\"><strong>Montavimas:<\/strong><\/span><\/p>\n<p>Latakuose rekumenduojama naudoti po 1 laikikl\u012f kas 50cm \u0161ildymo kabelio trasos.<\/p>\n<hr \/>\n<p><strong>Pakuot\u0117je:<\/strong> 10 vnt. laikikli\u0173<\/p>\n","protected":false},"excerpt":{"rendered":"<p>Su \u0161iais laikikliais galite lengvai pritvirtinti \u0161ildymo kabelius latakuose, i\u0161laikant tarp kabelio kilp\u0173 tinkam\u0105 atstum\u0105.<\/p>\n","protected":false},"featured_media":8748,"comment_status":"closed","ping_status":"closed","template":"","meta":[],"product_brand":[],"product_cat":[151,140,148],"product_tag":[974],"class_list":{"0":"post-4444","1":"product","2":"type-product","3":"status-publish","4":"has-post-thumbnail","6":"product_cat-apsauga-nuo-uzsalimo-apledejimo","7":"product_cat-elektriniai-sildymo-kilimeliai-kabeliai","8":"product_cat-montavimo-medziagos","9":"product_tag-ean","11":"first","12":"instock","13":"taxable","14":"shipping-taxable","15":"purchasable","16":"product-type-simple"},"yoast_head":"<!-- This site is optimized with the Yoast SEO Premium plugin v21.5 (Yoast SEO v27.3) - https:\/\/yoast.com\/product\/yoast-seo-premium-wordpress\/ -->\n<title>MAGNUM HEATING kabelio laikiklis latakui (10vnt.)<\/title>\n<meta name=\"robots\" content=\"index, follow, max-snippet:-1, max-image-preview:large, max-video-preview:-1\" \/>\n<link rel=\"canonical\" href=\"https:\/\/eheating.lt\/en\/produktas\/magnum-heating-kabelio-laikiklis-latakui-10vnt\/\" \/>\n<meta property=\"og:locale\" content=\"en_US\" \/>\n<meta property=\"og:type\" content=\"article\" \/>\n<meta property=\"og:title\" content=\"MAGNUM HEATING kabelio laikiklis latakui (10vnt.)\" \/>\n<meta property=\"og:description\" content=\"Su \u0161iais laikikliais galite lengvai pritvirtinti \u0161ildymo kabelius latakuose, i\u0161laikant tarp kabelio kilp\u0173 tinkam\u0105 atstum\u0105.\" \/>\n<meta property=\"og:url\" content=\"https:\/\/eheating.lt\/en\/produktas\/magnum-heating-kabelio-laikiklis-latakui-10vnt\/\" \/>\n<meta property=\"og:site_name\" content=\"Elektronika Namams\" \/>\n<meta property=\"article:publisher\" content=\"https:\/\/www.facebook.com\/ElektronikaNamams\" \/>\n<meta property=\"article:modified_time\" content=\"2025-02-24T15:28:21+00:00\" \/>\n<meta property=\"og:image\" content=\"https:\/\/eheating.lt\/wp-content\/uploads\/2022\/10\/MAGNUM-GUTTER-CLIP-1.png\" \/>\n\t<meta property=\"og:image:width\" content=\"800\" \/>\n\t<meta property=\"og:image:height\" content=\"800\" \/>\n\t<meta property=\"og:image:type\" content=\"image\/png\" \/>\n<meta name=\"twitter:card\" content=\"summary_large_image\" \/>\n<meta name=\"twitter:label1\" content=\"Price\" \/>\n\t<meta name=\"twitter:data1\" content=\"14,84&nbsp;&euro;\" \/>\n\t<meta name=\"twitter:label2\" content=\"Availability\" \/>\n\t<meta name=\"twitter:data2\" content=\"In stock\" \/>\n<script type=\"application\/ld+json\" class=\"yoast-schema-graph\">{\"@context\":\"https:\\\/\\\/schema.org\",\"@graph\":[{\"@type\":\"WebPage\",\"@id\":\"https:\\\/\\\/eheating.lt\\\/en\\\/produktas\\\/magnum-heating-kabelio-laikiklis-latakui-10vnt\\\/\",\"url\":\"https:\\\/\\\/eheating.lt\\\/en\\\/produktas\\\/magnum-heating-kabelio-laikiklis-latakui-10vnt\\\/\",\"name\":\"MAGNUM HEATING kabelio laikiklis latakui (10vnt.)\",\"isPartOf\":{\"@id\":\"https:\\\/\\\/eheating.lt\\\/#website\"},\"primaryImageOfPage\":{\"@id\":\"https:\\\/\\\/eheating.lt\\\/en\\\/produktas\\\/magnum-heating-kabelio-laikiklis-latakui-10vnt\\\/#primaryimage\"},\"image\":{\"@id\":\"https:\\\/\\\/eheating.lt\\\/en\\\/produktas\\\/magnum-heating-kabelio-laikiklis-latakui-10vnt\\\/#primaryimage\"},\"thumbnailUrl\":\"https:\\\/\\\/eheating.lt\\\/wp-content\\\/uploads\\\/2022\\\/10\\\/MAGNUM-GUTTER-CLIP-1.png\",\"datePublished\":\"2022-10-03T12:45:47+00:00\",\"dateModified\":\"2025-02-24T15:28:21+00:00\",\"breadcrumb\":{\"@id\":\"https:\\\/\\\/eheating.lt\\\/en\\\/produktas\\\/magnum-heating-kabelio-laikiklis-latakui-10vnt\\\/#breadcrumb\"},\"inLanguage\":\"en-US\",\"potentialAction\":[{\"@type\":\"ReadAction\",\"target\":[\"https:\\\/\\\/eheating.lt\\\/en\\\/produktas\\\/magnum-heating-kabelio-laikiklis-latakui-10vnt\\\/\"]}]},{\"@type\":\"ImageObject\",\"inLanguage\":\"en-US\",\"@id\":\"https:\\\/\\\/eheating.lt\\\/en\\\/produktas\\\/magnum-heating-kabelio-laikiklis-latakui-10vnt\\\/#primaryimage\",\"url\":\"https:\\\/\\\/eheating.lt\\\/wp-content\\\/uploads\\\/2022\\\/10\\\/MAGNUM-GUTTER-CLIP-1.png\",\"contentUrl\":\"https:\\\/\\\/eheating.lt\\\/wp-content\\\/uploads\\\/2022\\\/10\\\/MAGNUM-GUTTER-CLIP-1.png\",\"width\":800,\"height\":800,\"caption\":\"MAGNUM gutter clip\"},{\"@type\":\"BreadcrumbList\",\"@id\":\"https:\\\/\\\/eheating.lt\\\/en\\\/produktas\\\/magnum-heating-kabelio-laikiklis-latakui-10vnt\\\/#breadcrumb\",\"itemListElement\":[{\"@type\":\"ListItem\",\"position\":1,\"name\":\"Prad\u017eia\",\"item\":\"https:\\\/\\\/eheating.lt\\\/en\\\/\"},{\"@type\":\"ListItem\",\"position\":2,\"name\":\"Shop\",\"item\":\"https:\\\/\\\/eheating.lt\\\/en\\\/?page_id=5734\"},{\"@type\":\"ListItem\",\"position\":3,\"name\":\"MAGNUM HEATING kabelio laikiklis latakui (10vnt.)\"}]},{\"@type\":\"WebSite\",\"@id\":\"https:\\\/\\\/eheating.lt\\\/#website\",\"url\":\"https:\\\/\\\/eheating.lt\\\/\",\"name\":\"eHeating\",\"description\":\"Elektronika ir \u0161ildymas\",\"potentialAction\":[{\"@type\":\"SearchAction\",\"target\":{\"@type\":\"EntryPoint\",\"urlTemplate\":\"https:\\\/\\\/eheating.lt\\\/?s={search_term_string}\"},\"query-input\":{\"@type\":\"PropertyValueSpecification\",\"valueRequired\":true,\"valueName\":\"search_term_string\"}}],\"inLanguage\":\"en-US\"}]}<\/script>\n<meta property=\"product:price:amount\" content=\"14.84\" \/>\n<meta property=\"product:price:currency\" content=\"EUR\" \/>\n<meta property=\"og:availability\" content=\"instock\" \/>\n<meta property=\"product:availability\" content=\"instock\" \/>\n<meta property=\"product:retailer_item_id\" content=\"MAGNUM-GUTTER-CLIPS\" \/>\n<meta property=\"product:condition\" content=\"new\" \/>\n<!-- \/ Yoast SEO Premium plugin. -->","yoast_head_json":{"title":"MAGNUM HEATING kabelio laikiklis latakui (10vnt.)","robots":{"index":"index","follow":"follow","max-snippet":"max-snippet:-1","max-image-preview":"max-image-preview:large","max-video-preview":"max-video-preview:-1"},"canonical":"https:\/\/eheating.lt\/en\/produktas\/magnum-heating-kabelio-laikiklis-latakui-10vnt\/","og_locale":"en_US","og_type":"article","og_title":"MAGNUM HEATING kabelio laikiklis latakui (10vnt.)","og_description":"Su \u0161iais laikikliais galite lengvai pritvirtinti \u0161ildymo kabelius latakuose, i\u0161laikant tarp kabelio kilp\u0173 tinkam\u0105 atstum\u0105.","og_url":"https:\/\/eheating.lt\/en\/produktas\/magnum-heating-kabelio-laikiklis-latakui-10vnt\/","og_site_name":"Elektronika Namams","article_publisher":"https:\/\/www.facebook.com\/ElektronikaNamams","article_modified_time":"2025-02-24T15:28:21+00:00","og_image":[{"width":800,"height":800,"url":"https:\/\/eheating.lt\/wp-content\/uploads\/2022\/10\/MAGNUM-GUTTER-CLIP-1.png","type":"image\/png"}],"twitter_card":"summary_large_image","twitter_misc":{"Price":"14,84&nbsp;&euro;","Availability":"In stock"},"schema":{"@context":"https:\/\/schema.org","@graph":[{"@type":"WebPage","@id":"https:\/\/eheating.lt\/en\/produktas\/magnum-heating-kabelio-laikiklis-latakui-10vnt\/","url":"https:\/\/eheating.lt\/en\/produktas\/magnum-heating-kabelio-laikiklis-latakui-10vnt\/","name":"MAGNUM HEATING kabelio laikiklis latakui (10vnt.)","isPartOf":{"@id":"https:\/\/eheating.lt\/#website"},"primaryImageOfPage":{"@id":"https:\/\/eheating.lt\/en\/produktas\/magnum-heating-kabelio-laikiklis-latakui-10vnt\/#primaryimage"},"image":{"@id":"https:\/\/eheating.lt\/en\/produktas\/magnum-heating-kabelio-laikiklis-latakui-10vnt\/#primaryimage"},"thumbnailUrl":"https:\/\/eheating.lt\/wp-content\/uploads\/2022\/10\/MAGNUM-GUTTER-CLIP-1.png","datePublished":"2022-10-03T12:45:47+00:00","dateModified":"2025-02-24T15:28:21+00:00","breadcrumb":{"@id":"https:\/\/eheating.lt\/en\/produktas\/magnum-heating-kabelio-laikiklis-latakui-10vnt\/#breadcrumb"},"inLanguage":"en-US","potentialAction":[{"@type":"ReadAction","target":["https:\/\/eheating.lt\/en\/produktas\/magnum-heating-kabelio-laikiklis-latakui-10vnt\/"]}]},{"@type":"ImageObject","inLanguage":"en-US","@id":"https:\/\/eheating.lt\/en\/produktas\/magnum-heating-kabelio-laikiklis-latakui-10vnt\/#primaryimage","url":"https:\/\/eheating.lt\/wp-content\/uploads\/2022\/10\/MAGNUM-GUTTER-CLIP-1.png","contentUrl":"https:\/\/eheating.lt\/wp-content\/uploads\/2022\/10\/MAGNUM-GUTTER-CLIP-1.png","width":800,"height":800,"caption":"MAGNUM gutter clip"},{"@type":"BreadcrumbList","@id":"https:\/\/eheating.lt\/en\/produktas\/magnum-heating-kabelio-laikiklis-latakui-10vnt\/#breadcrumb","itemListElement":[{"@type":"ListItem","position":1,"name":"Prad\u017eia","item":"https:\/\/eheating.lt\/en\/"},{"@type":"ListItem","position":2,"name":"Shop","item":"https:\/\/eheating.lt\/en\/?page_id=5734"},{"@type":"ListItem","position":3,"name":"MAGNUM HEATING kabelio laikiklis latakui (10vnt.)"}]},{"@type":"WebSite","@id":"https:\/\/eheating.lt\/#website","url":"https:\/\/eheating.lt\/","name":"eHeating","description":"Elektronika ir \u0161ildymas","potentialAction":[{"@type":"SearchAction","target":{"@type":"EntryPoint","urlTemplate":"https:\/\/eheating.lt\/?s={search_term_string}"},"query-input":{"@type":"PropertyValueSpecification","valueRequired":true,"valueName":"search_term_string"}}],"inLanguage":"en-US"}]},"product_price_amount":"14.84","product_price_currency":"EUR","og_availability":"instock","product_availability":"instock","product_retailer_item_id":"MAGNUM-GUTTER-CLIPS","product_condition":"new"},"_links":{"self":[{"href":"https:\/\/eheating.lt\/en\/wp-json\/wp\/v2\/product\/4444","targetHints":{"allow":["GET"]}}],"collection":[{"href":"https:\/\/eheating.lt\/en\/wp-json\/wp\/v2\/product"}],"about":[{"href":"https:\/\/eheating.lt\/en\/wp-json\/wp\/v2\/types\/product"}],"replies":[{"embeddable":true,"href":"https:\/\/eheating.lt\/en\/wp-json\/wp\/v2\/comments?post=4444"}],"version-history":[{"count":1,"href":"https:\/\/eheating.lt\/en\/wp-json\/wp\/v2\/product\/4444\/revisions"}],"predecessor-version":[{"id":38370,"href":"https:\/\/eheating.lt\/en\/wp-json\/wp\/v2\/product\/4444\/revisions\/38370"}],"wp:featuredmedia":[{"embeddable":true,"href":"https:\/\/eheating.lt\/en\/wp-json\/wp\/v2\/media\/8748"}],"wp:attachment":[{"href":"https:\/\/eheating.lt\/en\/wp-json\/wp\/v2\/media?parent=4444"}],"wp:term":[{"taxonomy":"product_brand","embeddable":true,"href":"https:\/\/eheating.lt\/en\/wp-json\/wp\/v2\/product_brand?post=4444"},{"taxonomy":"product_cat","embeddable":true,"href":"https:\/\/eheating.lt\/en\/wp-json\/wp\/v2\/product_cat?post=4444"},{"taxonomy":"product_tag","embeddable":true,"href":"https:\/\/eheating.lt\/en\/wp-json\/wp\/v2\/product_tag?post=4444"}],"curies":[{"name":"wp","href":"https:\/\/api.w.org\/{rel}","templated":true}]}}