{"id":4311,"date":"2022-09-28T19:05:09","date_gmt":"2022-09-28T16:05:09","guid":{"rendered":"https:\/\/eheating.lt\/?post_type=product&#038;p=4311"},"modified":"2025-02-24T17:29:43","modified_gmt":"2025-02-24T15:29:43","slug":"magnum-apsaugine-garo-izoliacine-plevele-3m-x-4m-x-01mm","status":"publish","type":"product","link":"https:\/\/eheating.lt\/en\/produktas\/magnum-apsaugine-garo-izoliacine-plevele-3m-x-4m-x-01mm\/","title":{"rendered":"MAGNUM apsaugin\u0117 garo izoliacin\u0117 pl\u0117vel\u0117 (3m"},"content":{"rendered":"<p>Naudojant elektrinio \u0161ildymo folij\u0105, reikia naudoti \u0161i\u0105 gar\u0173 izoliacin\u0119 pl\u0117vel\u0119, o esant poreikiui, galima naudoti ir kelis sluoksnius visam \u0161ildymo sistemos pavir\u0161iui. Taip visi\u0161kai u\u017edaroma elektrin\u0117 grind\u0173 \u0161ildymo sistema ir u\u017etikrinama, kad elektrin\u0117 folija b\u016bt\u0173 apsaugota nuo dr\u0117gm\u0117s, pavyzd\u017eiui, kai ant grind\u0173 i\u0161silieja vanduo. Apsaugin\u0117 pl\u0117vel\u0117 parduodama 12m\u00b2 (3m x 4m) pakuot\u0117je.<\/p>\n","protected":false},"excerpt":{"rendered":"<p>Apsaugin\u0117 pl\u0117vel\u0117 elektrinio \u0161ildymo folijoms<\/p>\n","protected":false},"featured_media":8563,"comment_status":"closed","ping_status":"closed","template":"","meta":[],"product_brand":[],"product_cat":[235,794],"product_tag":[],"class_list":{"0":"post-4311","1":"product","2":"type-product","3":"status-publish","4":"has-post-thumbnail","6":"product_cat-electric-heating-mats-and-cables","7":"product_cat-underfloor-heating-foil","9":"first","10":"onbackorder","11":"taxable","12":"shipping-taxable","13":"purchasable","14":"product-type-simple"},"yoast_head":"<!-- This site is optimized with the Yoast SEO Premium plugin v21.5 (Yoast SEO v27.3) - https:\/\/yoast.com\/product\/yoast-seo-premium-wordpress\/ -->\n<title>MAGNUM apsaugin\u0117 garo izoliacin\u0117 pl\u0117vel\u0117 (3m x 4m x 0,1mm)<\/title>\n<meta name=\"robots\" content=\"index, follow, max-snippet:-1, max-image-preview:large, max-video-preview:-1\" \/>\n<link rel=\"canonical\" href=\"https:\/\/eheating.lt\/en\/produktas\/magnum-apsaugine-garo-izoliacine-plevele-3m-x-4m-x-01mm\/\" \/>\n<meta property=\"og:locale\" content=\"en_US\" \/>\n<meta property=\"og:type\" content=\"article\" \/>\n<meta property=\"og:title\" content=\"MAGNUM apsaugin\u0117 garo izoliacin\u0117 pl\u0117vel\u0117 (3m x 4m x 0,1mm)\" \/>\n<meta property=\"og:description\" content=\"Apsaugin\u0117 pl\u0117vel\u0117 elektrinio \u0161ildymo folijoms\" \/>\n<meta property=\"og:url\" content=\"https:\/\/eheating.lt\/en\/produktas\/magnum-apsaugine-garo-izoliacine-plevele-3m-x-4m-x-01mm\/\" \/>\n<meta property=\"og:site_name\" content=\"Elektronika Namams\" \/>\n<meta property=\"article:publisher\" content=\"https:\/\/www.facebook.com\/ElektronikaNamams\" \/>\n<meta property=\"article:modified_time\" content=\"2025-02-24T15:29:43+00:00\" \/>\n<meta property=\"og:image\" content=\"https:\/\/eheating.lt\/wp-content\/uploads\/2022\/09\/MagnumHeating-Vapour-1-1.png\" \/>\n\t<meta property=\"og:image:width\" content=\"800\" \/>\n\t<meta property=\"og:image:height\" content=\"800\" \/>\n\t<meta property=\"og:image:type\" content=\"image\/png\" \/>\n<meta name=\"twitter:card\" content=\"summary_large_image\" \/>\n<meta name=\"twitter:label1\" content=\"Price\" \/>\n\t<meta name=\"twitter:data1\" content=\"16,67&nbsp;&euro;\" \/>\n\t<meta name=\"twitter:label2\" content=\"Availability\" \/>\n\t<meta name=\"twitter:data2\" content=\"On backorder\" \/>\n<script type=\"application\/ld+json\" class=\"yoast-schema-graph\">{\"@context\":\"https:\\\/\\\/schema.org\",\"@graph\":[{\"@type\":\"WebPage\",\"@id\":\"https:\\\/\\\/eheating.lt\\\/en\\\/produktas\\\/magnum-apsaugine-garo-izoliacine-plevele-3m-x-4m-x-01mm\\\/\",\"url\":\"https:\\\/\\\/eheating.lt\\\/en\\\/produktas\\\/magnum-apsaugine-garo-izoliacine-plevele-3m-x-4m-x-01mm\\\/\",\"name\":\"MAGNUM apsaugin\u0117 garo izoliacin\u0117 pl\u0117vel\u0117 (3m x 4m x 0,1mm)\",\"isPartOf\":{\"@id\":\"https:\\\/\\\/eheating.lt\\\/#website\"},\"primaryImageOfPage\":{\"@id\":\"https:\\\/\\\/eheating.lt\\\/en\\\/produktas\\\/magnum-apsaugine-garo-izoliacine-plevele-3m-x-4m-x-01mm\\\/#primaryimage\"},\"image\":{\"@id\":\"https:\\\/\\\/eheating.lt\\\/en\\\/produktas\\\/magnum-apsaugine-garo-izoliacine-plevele-3m-x-4m-x-01mm\\\/#primaryimage\"},\"thumbnailUrl\":\"https:\\\/\\\/eheating.lt\\\/wp-content\\\/uploads\\\/2022\\\/09\\\/MagnumHeating-Vapour-1-1.png\",\"datePublished\":\"2022-09-28T16:05:09+00:00\",\"dateModified\":\"2025-02-24T15:29:43+00:00\",\"breadcrumb\":{\"@id\":\"https:\\\/\\\/eheating.lt\\\/en\\\/produktas\\\/magnum-apsaugine-garo-izoliacine-plevele-3m-x-4m-x-01mm\\\/#breadcrumb\"},\"inLanguage\":\"en-US\",\"potentialAction\":[{\"@type\":\"ReadAction\",\"target\":[\"https:\\\/\\\/eheating.lt\\\/en\\\/produktas\\\/magnum-apsaugine-garo-izoliacine-plevele-3m-x-4m-x-01mm\\\/\"]}]},{\"@type\":\"ImageObject\",\"inLanguage\":\"en-US\",\"@id\":\"https:\\\/\\\/eheating.lt\\\/en\\\/produktas\\\/magnum-apsaugine-garo-izoliacine-plevele-3m-x-4m-x-01mm\\\/#primaryimage\",\"url\":\"https:\\\/\\\/eheating.lt\\\/wp-content\\\/uploads\\\/2022\\\/09\\\/MagnumHeating-Vapour-1-1.png\",\"contentUrl\":\"https:\\\/\\\/eheating.lt\\\/wp-content\\\/uploads\\\/2022\\\/09\\\/MagnumHeating-Vapour-1-1.png\",\"width\":800,\"height\":800,\"caption\":\"MAGNUM Vapour\"},{\"@type\":\"BreadcrumbList\",\"@id\":\"https:\\\/\\\/eheating.lt\\\/en\\\/produktas\\\/magnum-apsaugine-garo-izoliacine-plevele-3m-x-4m-x-01mm\\\/#breadcrumb\",\"itemListElement\":[{\"@type\":\"ListItem\",\"position\":1,\"name\":\"Prad\u017eia\",\"item\":\"https:\\\/\\\/eheating.lt\\\/en\\\/\"},{\"@type\":\"ListItem\",\"position\":2,\"name\":\"Shop\",\"item\":\"https:\\\/\\\/eheating.lt\\\/en\\\/?page_id=5734\"},{\"@type\":\"ListItem\",\"position\":3,\"name\":\"MAGNUM apsaugin\u0117 garo izoliacin\u0117 pl\u0117vel\u0117 (3m x 4m x 0,1mm)\"}]},{\"@type\":\"WebSite\",\"@id\":\"https:\\\/\\\/eheating.lt\\\/#website\",\"url\":\"https:\\\/\\\/eheating.lt\\\/\",\"name\":\"eHeating\",\"description\":\"Elektronika ir \u0161ildymas\",\"potentialAction\":[{\"@type\":\"SearchAction\",\"target\":{\"@type\":\"EntryPoint\",\"urlTemplate\":\"https:\\\/\\\/eheating.lt\\\/?s={search_term_string}\"},\"query-input\":{\"@type\":\"PropertyValueSpecification\",\"valueRequired\":true,\"valueName\":\"search_term_string\"}}],\"inLanguage\":\"en-US\"}]}<\/script>\n<meta property=\"product:price:amount\" content=\"16.67\" \/>\n<meta property=\"product:price:currency\" content=\"EUR\" \/>\n<meta property=\"og:availability\" content=\"backorder\" \/>\n<meta property=\"product:availability\" content=\"available for order\" \/>\n<meta property=\"product:retailer_item_id\" content=\"MAGNUM-VAPOUR\" \/>\n<meta property=\"product:condition\" content=\"new\" \/>\n<!-- \/ Yoast SEO Premium plugin. -->","yoast_head_json":{"title":"MAGNUM apsaugin\u0117 garo izoliacin\u0117 pl\u0117vel\u0117 (3m x 4m x 0,1mm)","robots":{"index":"index","follow":"follow","max-snippet":"max-snippet:-1","max-image-preview":"max-image-preview:large","max-video-preview":"max-video-preview:-1"},"canonical":"https:\/\/eheating.lt\/en\/produktas\/magnum-apsaugine-garo-izoliacine-plevele-3m-x-4m-x-01mm\/","og_locale":"en_US","og_type":"article","og_title":"MAGNUM apsaugin\u0117 garo izoliacin\u0117 pl\u0117vel\u0117 (3m x 4m x 0,1mm)","og_description":"Apsaugin\u0117 pl\u0117vel\u0117 elektrinio \u0161ildymo folijoms","og_url":"https:\/\/eheating.lt\/en\/produktas\/magnum-apsaugine-garo-izoliacine-plevele-3m-x-4m-x-01mm\/","og_site_name":"Elektronika Namams","article_publisher":"https:\/\/www.facebook.com\/ElektronikaNamams","article_modified_time":"2025-02-24T15:29:43+00:00","og_image":[{"width":800,"height":800,"url":"https:\/\/eheating.lt\/wp-content\/uploads\/2022\/09\/MagnumHeating-Vapour-1-1.png","type":"image\/png"}],"twitter_card":"summary_large_image","twitter_misc":{"Price":"16,67&nbsp;&euro;","Availability":"On backorder"},"schema":{"@context":"https:\/\/schema.org","@graph":[{"@type":"WebPage","@id":"https:\/\/eheating.lt\/en\/produktas\/magnum-apsaugine-garo-izoliacine-plevele-3m-x-4m-x-01mm\/","url":"https:\/\/eheating.lt\/en\/produktas\/magnum-apsaugine-garo-izoliacine-plevele-3m-x-4m-x-01mm\/","name":"MAGNUM apsaugin\u0117 garo izoliacin\u0117 pl\u0117vel\u0117 (3m x 4m x 0,1mm)","isPartOf":{"@id":"https:\/\/eheating.lt\/#website"},"primaryImageOfPage":{"@id":"https:\/\/eheating.lt\/en\/produktas\/magnum-apsaugine-garo-izoliacine-plevele-3m-x-4m-x-01mm\/#primaryimage"},"image":{"@id":"https:\/\/eheating.lt\/en\/produktas\/magnum-apsaugine-garo-izoliacine-plevele-3m-x-4m-x-01mm\/#primaryimage"},"thumbnailUrl":"https:\/\/eheating.lt\/wp-content\/uploads\/2022\/09\/MagnumHeating-Vapour-1-1.png","datePublished":"2022-09-28T16:05:09+00:00","dateModified":"2025-02-24T15:29:43+00:00","breadcrumb":{"@id":"https:\/\/eheating.lt\/en\/produktas\/magnum-apsaugine-garo-izoliacine-plevele-3m-x-4m-x-01mm\/#breadcrumb"},"inLanguage":"en-US","potentialAction":[{"@type":"ReadAction","target":["https:\/\/eheating.lt\/en\/produktas\/magnum-apsaugine-garo-izoliacine-plevele-3m-x-4m-x-01mm\/"]}]},{"@type":"ImageObject","inLanguage":"en-US","@id":"https:\/\/eheating.lt\/en\/produktas\/magnum-apsaugine-garo-izoliacine-plevele-3m-x-4m-x-01mm\/#primaryimage","url":"https:\/\/eheating.lt\/wp-content\/uploads\/2022\/09\/MagnumHeating-Vapour-1-1.png","contentUrl":"https:\/\/eheating.lt\/wp-content\/uploads\/2022\/09\/MagnumHeating-Vapour-1-1.png","width":800,"height":800,"caption":"MAGNUM Vapour"},{"@type":"BreadcrumbList","@id":"https:\/\/eheating.lt\/en\/produktas\/magnum-apsaugine-garo-izoliacine-plevele-3m-x-4m-x-01mm\/#breadcrumb","itemListElement":[{"@type":"ListItem","position":1,"name":"Prad\u017eia","item":"https:\/\/eheating.lt\/en\/"},{"@type":"ListItem","position":2,"name":"Shop","item":"https:\/\/eheating.lt\/en\/?page_id=5734"},{"@type":"ListItem","position":3,"name":"MAGNUM apsaugin\u0117 garo izoliacin\u0117 pl\u0117vel\u0117 (3m x 4m x 0,1mm)"}]},{"@type":"WebSite","@id":"https:\/\/eheating.lt\/#website","url":"https:\/\/eheating.lt\/","name":"eHeating","description":"Elektronika ir \u0161ildymas","potentialAction":[{"@type":"SearchAction","target":{"@type":"EntryPoint","urlTemplate":"https:\/\/eheating.lt\/?s={search_term_string}"},"query-input":{"@type":"PropertyValueSpecification","valueRequired":true,"valueName":"search_term_string"}}],"inLanguage":"en-US"}]},"product_price_amount":"16.67","product_price_currency":"EUR","og_availability":"backorder","product_availability":"available for order","product_retailer_item_id":"MAGNUM-VAPOUR","product_condition":"new"},"_links":{"self":[{"href":"https:\/\/eheating.lt\/en\/wp-json\/wp\/v2\/product\/4311","targetHints":{"allow":["GET"]}}],"collection":[{"href":"https:\/\/eheating.lt\/en\/wp-json\/wp\/v2\/product"}],"about":[{"href":"https:\/\/eheating.lt\/en\/wp-json\/wp\/v2\/types\/product"}],"replies":[{"embeddable":true,"href":"https:\/\/eheating.lt\/en\/wp-json\/wp\/v2\/comments?post=4311"}],"version-history":[{"count":2,"href":"https:\/\/eheating.lt\/en\/wp-json\/wp\/v2\/product\/4311\/revisions"}],"predecessor-version":[{"id":38372,"href":"https:\/\/eheating.lt\/en\/wp-json\/wp\/v2\/product\/4311\/revisions\/38372"}],"wp:featuredmedia":[{"embeddable":true,"href":"https:\/\/eheating.lt\/en\/wp-json\/wp\/v2\/media\/8563"}],"wp:attachment":[{"href":"https:\/\/eheating.lt\/en\/wp-json\/wp\/v2\/media?parent=4311"}],"wp:term":[{"taxonomy":"product_brand","embeddable":true,"href":"https:\/\/eheating.lt\/en\/wp-json\/wp\/v2\/product_brand?post=4311"},{"taxonomy":"product_cat","embeddable":true,"href":"https:\/\/eheating.lt\/en\/wp-json\/wp\/v2\/product_cat?post=4311"},{"taxonomy":"product_tag","embeddable":true,"href":"https:\/\/eheating.lt\/en\/wp-json\/wp\/v2\/product_tag?post=4311"}],"curies":[{"name":"wp","href":"https:\/\/api.w.org\/{rel}","templated":true}]}}