{"id":4301,"date":"2022-09-28T18:12:31","date_gmt":"2022-09-28T15:12:31","guid":{"rendered":"https:\/\/eheating.lt\/?post_type=product&#038;p=4301"},"modified":"2025-02-24T17:42:27","modified_gmt":"2025-02-24T15:42:27","slug":"lubinis-sildytuvas-magnum-sol-premium-300w","status":"publish","type":"product","link":"https:\/\/eheating.lt\/en\/produktas\/lubinis-sildytuvas-magnum-sol-premium-300w\/","title":{"rendered":"Lubinis \u0161ildytuvas MAGNUM Sol Premium 300W"},"content":{"rendered":"<p>Lub\u0173 \u0161ildytuvai \u0161ildo visk\u0105 ir visus spinduliavimo diapazone taip pat, kaip saul\u0117 \u0161ildo \u017eem\u0119. Da\u017eniausiai naudojami, kai \u0161ildymo reikia trump\u0105 laik\u0105. Idealiai tinka kambariams, kurie n\u0117ra nuolat u\u017eimti, reikia pa\u0161ildyti iki temperat\u016bros ar trump\u0105 laik\u0105 ar kai ant sien\u0173 ma\u017eai vietos kitai \u0161ildymo sistemai \u012frengti. <strong>MAGNUM Sol<\/strong> lub\u0173 \u0161ildymo plok\u0161tes lengva montuoti \u012f pakabinamas lubas arba montuoti tiesiai ant lub\u0173 naudojant specialius laikiklius, kuriuos turi kiekviena panel\u0117. Plok\u0161t\u0117s gali b\u016bti valdomos termostatiniu arba moduliaciniu b\u016bdu, kuris suma\u017eina energijos nuostolius. \u0160ildytuvus galima valdyti per paprastus \u012fjungimo\/i\u0161jungimo termostatus arba belaid\u017eius termostatus. MAGNUM Sol Premium modelis gali b\u016bti montuojamas ir naudojamas dr\u0117gnose patalpose.<\/p>\n<hr \/>\n<p><span style=\"font-size: 18px;\"><strong>Technin\u0117s specifikacijos:<\/strong><\/span><\/p>\n<ul>\n<li>300 ir 750 W galingumo<\/li>\n<li>Pajungimo \u012ftampa 230V\/50Hz<\/li>\n<li>IP54 klas\u0117<\/li>\n<li>Spalva RAL 9010<\/li>\n<\/ul>\n<p>&nbsp;<\/p>\n<p><img decoding=\"async\" style=\"height: 30px;\" src=\"http:\/\/eheating.lt\/wp-content\/uploads\/2022\/12\/pdf.png\" \/><a href=\"http:\/\/eheating.lt\/wp-content\/uploads\/2023\/01\/Magnum-Heating-Sol-Premium-manual.pdf\"><strong>Instrukcija (Angl\u0173 k.) <\/strong><\/a><\/p>\n<p><img decoding=\"async\" style=\"height: 30px;\" src=\"http:\/\/eheating.lt\/wp-content\/uploads\/2022\/12\/pdf.png\" \/><a href=\"http:\/\/eheating.lt\/wp-content\/uploads\/2023\/01\/Magnum-Heating-Sol-Premium-datasheet.pdf\"><strong>Specifikacijos (Angl\u0173 k.)<\/strong><\/a><\/p>\n<p>&nbsp;<\/p>\n<hr \/>\n<figure class=\"wp-block-table is-style-stripes\">\n<table>\n<tbody>\n<tr>\n<td><strong>Produkto numeris\u00a0<\/strong><\/td>\n<td><strong>Apra\u0161ymas<\/strong><\/td>\n<td><strong>Tipas<\/strong><\/td>\n<td><strong>Galia<\/strong><\/td>\n<td><strong>Matmenys<\/strong><\/td>\n<\/tr>\n<tr>\n<td>610331<\/td>\n<td>MAGNUM Sol Premium<\/td>\n<td>300<\/td>\n<td>300 W<\/td>\n<td>592 x 592 x 30 mm<\/td>\n<\/tr>\n<tr>\n<td>610751<\/td>\n<td>MAGNUM Sol Premium<\/td>\n<td>750<\/td>\n<td>750 W<\/td>\n<td>1192 x 592 x 30 mm<\/td>\n<\/tr>\n<\/tbody>\n<\/table>\n<\/figure>\n","protected":false},"excerpt":{"rendered":"<p><strong>MAGNUM Sol<\/strong> lubiniai \u0161ildytuvai gali b\u016bti montuojami \u201enepastebimai\u201c \u012f pakabinamas lubas ir suteikia maksimali\u0105 laisv\u0119, kuriant interjero dizain\u0105 arba parod\u0173 sal\u0117s \u012frengimui ir bet kokiam biurui, salonui ar parduotuvei. Naudojant integruot\u0105 pakabos laikikl\u012f, plok\u0161tes galima taip pat tvirtinti tiesiai prie bet koki\u0173 lub\u0173.<\/p>\n","protected":false},"featured_media":8637,"comment_status":"closed","ping_status":"closed","template":"","meta":[],"product_brand":[],"product_cat":[149,169],"product_tag":[974],"class_list":{"0":"post-4301","1":"product","2":"type-product","3":"status-publish","4":"has-post-thumbnail","6":"product_cat-elektrinis-lubinis-sildymas","7":"product_cat-lubiniai-sildytuvai","8":"product_tag-ean","10":"first","11":"onbackorder","12":"taxable","13":"shipping-taxable","14":"purchasable","15":"product-type-simple"},"yoast_head":"<!-- This site is optimized with the Yoast SEO Premium plugin v21.5 (Yoast SEO v27.4) - https:\/\/yoast.com\/product\/yoast-seo-premium-wordpress\/ -->\n<title>Lubinis \u0161ildytuvas MAGNUM Sol Premium 300W<\/title>\n<meta name=\"robots\" content=\"index, follow, max-snippet:-1, max-image-preview:large, max-video-preview:-1\" \/>\n<link rel=\"canonical\" href=\"https:\/\/eheating.lt\/en\/produktas\/lubinis-sildytuvas-magnum-sol-premium-300w\/\" \/>\n<meta property=\"og:locale\" content=\"en_US\" \/>\n<meta property=\"og:type\" content=\"article\" \/>\n<meta property=\"og:title\" content=\"Lubinis \u0161ildytuvas MAGNUM Sol Premium 300W\" \/>\n<meta property=\"og:description\" content=\"MAGNUM Sol lubiniai \u0161ildytuvai gali b\u016bti montuojami \u201enepastebimai\u201c \u012f pakabinamas lubas ir suteikia maksimali\u0105 laisv\u0119, kuriant interjero dizain\u0105 arba parod\u0173 sal\u0117s \u012frengimui ir bet kokiam biurui, salonui ar parduotuvei. Naudojant integruot\u0105 pakabos laikikl\u012f, plok\u0161tes galima taip pat tvirtinti tiesiai prie bet koki\u0173 lub\u0173.\" \/>\n<meta property=\"og:url\" content=\"https:\/\/eheating.lt\/en\/produktas\/lubinis-sildytuvas-magnum-sol-premium-300w\/\" \/>\n<meta property=\"og:site_name\" content=\"Elektronika Namams\" \/>\n<meta property=\"article:publisher\" content=\"https:\/\/www.facebook.com\/ElektronikaNamams\" \/>\n<meta property=\"article:modified_time\" content=\"2025-02-24T15:42:27+00:00\" \/>\n<meta property=\"og:image\" content=\"https:\/\/eheating.lt\/wp-content\/uploads\/2022\/09\/MagnumHeating-Sol-1-4.png\" \/>\n\t<meta property=\"og:image:width\" content=\"800\" \/>\n\t<meta property=\"og:image:height\" content=\"800\" \/>\n\t<meta property=\"og:image:type\" content=\"image\/png\" \/>\n<meta name=\"twitter:card\" content=\"summary_large_image\" \/>\n<meta name=\"twitter:label1\" content=\"Price\" \/>\n\t<meta name=\"twitter:data1\" content=\"308,73&nbsp;&euro;\" \/>\n\t<meta name=\"twitter:label2\" content=\"Availability\" \/>\n\t<meta name=\"twitter:data2\" content=\"On backorder\" \/>\n<script type=\"application\/ld+json\" class=\"yoast-schema-graph\">{\"@context\":\"https:\\\/\\\/schema.org\",\"@graph\":[{\"@type\":\"WebPage\",\"@id\":\"https:\\\/\\\/eheating.lt\\\/en\\\/produktas\\\/lubinis-sildytuvas-magnum-sol-premium-300w\\\/\",\"url\":\"https:\\\/\\\/eheating.lt\\\/en\\\/produktas\\\/lubinis-sildytuvas-magnum-sol-premium-300w\\\/\",\"name\":\"Lubinis \u0161ildytuvas MAGNUM Sol Premium 300W\",\"isPartOf\":{\"@id\":\"https:\\\/\\\/eheating.lt\\\/#website\"},\"primaryImageOfPage\":{\"@id\":\"https:\\\/\\\/eheating.lt\\\/en\\\/produktas\\\/lubinis-sildytuvas-magnum-sol-premium-300w\\\/#primaryimage\"},\"image\":{\"@id\":\"https:\\\/\\\/eheating.lt\\\/en\\\/produktas\\\/lubinis-sildytuvas-magnum-sol-premium-300w\\\/#primaryimage\"},\"thumbnailUrl\":\"https:\\\/\\\/eheating.lt\\\/wp-content\\\/uploads\\\/2022\\\/09\\\/MagnumHeating-Sol-1-4.png\",\"datePublished\":\"2022-09-28T15:12:31+00:00\",\"dateModified\":\"2025-02-24T15:42:27+00:00\",\"breadcrumb\":{\"@id\":\"https:\\\/\\\/eheating.lt\\\/en\\\/produktas\\\/lubinis-sildytuvas-magnum-sol-premium-300w\\\/#breadcrumb\"},\"inLanguage\":\"en-US\",\"potentialAction\":[{\"@type\":\"ReadAction\",\"target\":[\"https:\\\/\\\/eheating.lt\\\/en\\\/produktas\\\/lubinis-sildytuvas-magnum-sol-premium-300w\\\/\"]}]},{\"@type\":\"ImageObject\",\"inLanguage\":\"en-US\",\"@id\":\"https:\\\/\\\/eheating.lt\\\/en\\\/produktas\\\/lubinis-sildytuvas-magnum-sol-premium-300w\\\/#primaryimage\",\"url\":\"https:\\\/\\\/eheating.lt\\\/wp-content\\\/uploads\\\/2022\\\/09\\\/MagnumHeating-Sol-1-4.png\",\"contentUrl\":\"https:\\\/\\\/eheating.lt\\\/wp-content\\\/uploads\\\/2022\\\/09\\\/MagnumHeating-Sol-1-4.png\",\"width\":800,\"height\":800,\"caption\":\"MAGNUM Sol Premium\"},{\"@type\":\"BreadcrumbList\",\"@id\":\"https:\\\/\\\/eheating.lt\\\/en\\\/produktas\\\/lubinis-sildytuvas-magnum-sol-premium-300w\\\/#breadcrumb\",\"itemListElement\":[{\"@type\":\"ListItem\",\"position\":1,\"name\":\"Prad\u017eia\",\"item\":\"https:\\\/\\\/eheating.lt\\\/en\\\/\"},{\"@type\":\"ListItem\",\"position\":2,\"name\":\"Shop\",\"item\":\"https:\\\/\\\/eheating.lt\\\/en\\\/?page_id=5734\"},{\"@type\":\"ListItem\",\"position\":3,\"name\":\"Lubinis \u0161ildytuvas MAGNUM Sol Premium 300W\"}]},{\"@type\":\"WebSite\",\"@id\":\"https:\\\/\\\/eheating.lt\\\/#website\",\"url\":\"https:\\\/\\\/eheating.lt\\\/\",\"name\":\"eHeating\",\"description\":\"Elektronika ir \u0161ildymas\",\"potentialAction\":[{\"@type\":\"SearchAction\",\"target\":{\"@type\":\"EntryPoint\",\"urlTemplate\":\"https:\\\/\\\/eheating.lt\\\/?s={search_term_string}\"},\"query-input\":{\"@type\":\"PropertyValueSpecification\",\"valueRequired\":true,\"valueName\":\"search_term_string\"}}],\"inLanguage\":\"en-US\"}]}<\/script>\n<meta property=\"product:price:amount\" content=\"308.73\" \/>\n<meta property=\"product:price:currency\" content=\"EUR\" \/>\n<meta property=\"og:availability\" content=\"backorder\" \/>\n<meta property=\"product:availability\" content=\"available for order\" \/>\n<meta property=\"product:retailer_item_id\" content=\"MAGNUM-SOL-P-300\" \/>\n<meta property=\"product:condition\" content=\"new\" \/>\n<!-- \/ Yoast SEO Premium plugin. -->","yoast_head_json":{"title":"Lubinis \u0161ildytuvas MAGNUM Sol Premium 300W","robots":{"index":"index","follow":"follow","max-snippet":"max-snippet:-1","max-image-preview":"max-image-preview:large","max-video-preview":"max-video-preview:-1"},"canonical":"https:\/\/eheating.lt\/en\/produktas\/lubinis-sildytuvas-magnum-sol-premium-300w\/","og_locale":"en_US","og_type":"article","og_title":"Lubinis \u0161ildytuvas MAGNUM Sol Premium 300W","og_description":"MAGNUM Sol lubiniai \u0161ildytuvai gali b\u016bti montuojami \u201enepastebimai\u201c \u012f pakabinamas lubas ir suteikia maksimali\u0105 laisv\u0119, kuriant interjero dizain\u0105 arba parod\u0173 sal\u0117s \u012frengimui ir bet kokiam biurui, salonui ar parduotuvei. Naudojant integruot\u0105 pakabos laikikl\u012f, plok\u0161tes galima taip pat tvirtinti tiesiai prie bet koki\u0173 lub\u0173.","og_url":"https:\/\/eheating.lt\/en\/produktas\/lubinis-sildytuvas-magnum-sol-premium-300w\/","og_site_name":"Elektronika Namams","article_publisher":"https:\/\/www.facebook.com\/ElektronikaNamams","article_modified_time":"2025-02-24T15:42:27+00:00","og_image":[{"width":800,"height":800,"url":"https:\/\/eheating.lt\/wp-content\/uploads\/2022\/09\/MagnumHeating-Sol-1-4.png","type":"image\/png"}],"twitter_card":"summary_large_image","twitter_misc":{"Price":"308,73&nbsp;&euro;","Availability":"On backorder"},"schema":{"@context":"https:\/\/schema.org","@graph":[{"@type":"WebPage","@id":"https:\/\/eheating.lt\/en\/produktas\/lubinis-sildytuvas-magnum-sol-premium-300w\/","url":"https:\/\/eheating.lt\/en\/produktas\/lubinis-sildytuvas-magnum-sol-premium-300w\/","name":"Lubinis \u0161ildytuvas MAGNUM Sol Premium 300W","isPartOf":{"@id":"https:\/\/eheating.lt\/#website"},"primaryImageOfPage":{"@id":"https:\/\/eheating.lt\/en\/produktas\/lubinis-sildytuvas-magnum-sol-premium-300w\/#primaryimage"},"image":{"@id":"https:\/\/eheating.lt\/en\/produktas\/lubinis-sildytuvas-magnum-sol-premium-300w\/#primaryimage"},"thumbnailUrl":"https:\/\/eheating.lt\/wp-content\/uploads\/2022\/09\/MagnumHeating-Sol-1-4.png","datePublished":"2022-09-28T15:12:31+00:00","dateModified":"2025-02-24T15:42:27+00:00","breadcrumb":{"@id":"https:\/\/eheating.lt\/en\/produktas\/lubinis-sildytuvas-magnum-sol-premium-300w\/#breadcrumb"},"inLanguage":"en-US","potentialAction":[{"@type":"ReadAction","target":["https:\/\/eheating.lt\/en\/produktas\/lubinis-sildytuvas-magnum-sol-premium-300w\/"]}]},{"@type":"ImageObject","inLanguage":"en-US","@id":"https:\/\/eheating.lt\/en\/produktas\/lubinis-sildytuvas-magnum-sol-premium-300w\/#primaryimage","url":"https:\/\/eheating.lt\/wp-content\/uploads\/2022\/09\/MagnumHeating-Sol-1-4.png","contentUrl":"https:\/\/eheating.lt\/wp-content\/uploads\/2022\/09\/MagnumHeating-Sol-1-4.png","width":800,"height":800,"caption":"MAGNUM Sol Premium"},{"@type":"BreadcrumbList","@id":"https:\/\/eheating.lt\/en\/produktas\/lubinis-sildytuvas-magnum-sol-premium-300w\/#breadcrumb","itemListElement":[{"@type":"ListItem","position":1,"name":"Prad\u017eia","item":"https:\/\/eheating.lt\/en\/"},{"@type":"ListItem","position":2,"name":"Shop","item":"https:\/\/eheating.lt\/en\/?page_id=5734"},{"@type":"ListItem","position":3,"name":"Lubinis \u0161ildytuvas MAGNUM Sol Premium 300W"}]},{"@type":"WebSite","@id":"https:\/\/eheating.lt\/#website","url":"https:\/\/eheating.lt\/","name":"eHeating","description":"Elektronika ir \u0161ildymas","potentialAction":[{"@type":"SearchAction","target":{"@type":"EntryPoint","urlTemplate":"https:\/\/eheating.lt\/?s={search_term_string}"},"query-input":{"@type":"PropertyValueSpecification","valueRequired":true,"valueName":"search_term_string"}}],"inLanguage":"en-US"}]},"product_price_amount":"308.73","product_price_currency":"EUR","og_availability":"backorder","product_availability":"available for order","product_retailer_item_id":"MAGNUM-SOL-P-300","product_condition":"new"},"_links":{"self":[{"href":"https:\/\/eheating.lt\/en\/wp-json\/wp\/v2\/product\/4301","targetHints":{"allow":["GET"]}}],"collection":[{"href":"https:\/\/eheating.lt\/en\/wp-json\/wp\/v2\/product"}],"about":[{"href":"https:\/\/eheating.lt\/en\/wp-json\/wp\/v2\/types\/product"}],"replies":[{"embeddable":true,"href":"https:\/\/eheating.lt\/en\/wp-json\/wp\/v2\/comments?post=4301"}],"version-history":[{"count":2,"href":"https:\/\/eheating.lt\/en\/wp-json\/wp\/v2\/product\/4301\/revisions"}],"predecessor-version":[{"id":38410,"href":"https:\/\/eheating.lt\/en\/wp-json\/wp\/v2\/product\/4301\/revisions\/38410"}],"wp:featuredmedia":[{"embeddable":true,"href":"https:\/\/eheating.lt\/en\/wp-json\/wp\/v2\/media\/8637"}],"wp:attachment":[{"href":"https:\/\/eheating.lt\/en\/wp-json\/wp\/v2\/media?parent=4301"}],"wp:term":[{"taxonomy":"product_brand","embeddable":true,"href":"https:\/\/eheating.lt\/en\/wp-json\/wp\/v2\/product_brand?post=4301"},{"taxonomy":"product_cat","embeddable":true,"href":"https:\/\/eheating.lt\/en\/wp-json\/wp\/v2\/product_cat?post=4301"},{"taxonomy":"product_tag","embeddable":true,"href":"https:\/\/eheating.lt\/en\/wp-json\/wp\/v2\/product_tag?post=4301"}],"curies":[{"name":"wp","href":"https:\/\/api.w.org\/{rel}","templated":true}]}}