{"id":4291,"date":"2022-09-28T17:29:17","date_gmt":"2022-09-28T14:29:17","guid":{"rendered":"https:\/\/eheating.lt\/?post_type=product&#038;p=4291"},"modified":"2025-02-24T17:30:51","modified_gmt":"2025-02-24T15:30:51","slug":"izoliacinis-paklotas-folijai-magnum-isofoam","status":"publish","type":"product","link":"https:\/\/eheating.lt\/en\/produktas\/izoliacinis-paklotas-folijai-magnum-isofoam\/","title":{"rendered":"Izoliacinis paklotas \u0161ildymo folijai MAGNUM Isofoam"},"content":{"rendered":"<p>Tai specialus paklotas u\u017etikrinti, kad \u0161iluma neb\u016bt\u0173 praleid\u017eiama \u012f apa\u010di\u0105, kad b\u016bt\u0173 nukreipta visa <strong>MAGNUM Foil<\/strong> generuojama \u0161iluma link grind\u0173 pavir\u0161iaus.<\/p>\n<hr \/>\n<p><span style=\"font-size: 18px;\"><strong>Savyb\u0117s:<\/strong><\/span><\/p>\n<ul>\n<li>Lengvas<\/li>\n<li>Optimalus triuk\u0161mo ma\u017einimas<\/li>\n<li>Puiki \u0161ilumos izoliacija<\/li>\n<li>I\u0161lygina nedidelius grind\u0173 nelygumus<\/li>\n<li>Lengva montuoti ir pjaustyti<\/li>\n<li>Tik 6 mm storio<\/li>\n<li><strong>Tinka MAGNUM folijai<\/strong><\/li>\n<\/ul>\n<hr \/>\n<p><span style=\"font-size: 18px;\"><strong>Papildoma informacija:<\/strong><\/span><\/p>\n<ul>\n<li>Storis 6mm<\/li>\n<li>Tankis 28kg\/m<sup>3<\/sup><\/li>\n<li>Atsparumas kar\u0161\u010diui 0,19m<sup>2<\/sup>K\/W<\/li>\n<li>\u0160ilumos perdavimo koeficientas 0,029-0,034W\/(mK)<\/li>\n<li>Garso slopinimas 18 dB EN ISO 10140<\/li>\n<li>\u017dingsni\u0173 triuk\u0161mo slopinimas 9 % EN 16205<\/li>\n<li>Netinka naudoti \u0161lapiose patalpose<\/li>\n<\/ul>\n<p>&nbsp;<\/p>\n<p><img decoding=\"async\" style=\"height: 30px;\" src=\"http:\/\/eheating.lt\/wp-content\/uploads\/2022\/12\/pdf.png\" \/><a href=\"http:\/\/eheating.lt\/wp-content\/uploads\/2023\/01\/Magnum-Heating-Isofoam-datasheet.pdf\"><strong>Specifikacijos (Angl\u0173 k.)<\/strong><\/a><\/p>\n<p>&nbsp;<\/p>\n<div id=\"product-tab\" class=\"woocommerce-tabs woocommerce-tabs-dmp083c4 resp-htabs\">\n<div class=\"resp-tabs-container\">\n<div id=\"tab-description\" class=\"tab-content resp-tab-content resp-tab-content-active\" aria-labelledby=\"tab_item-1\">\n<figure class=\"wp-block-table is-style-stripes\">\n<figure class=\"wp-block-table is-style-stripes\">\n<table style=\"height: 48px; width: 80.1099%;\" width=\"80.1099%\">\n<tbody>\n<tr style=\"height: 24px;\">\n<td style=\"width: 17.1711%; height: 24px;\"><strong>Produkto numeris\u00a0<\/strong><\/td>\n<td style=\"width: 26.7839%; height: 24px;\"><strong>Apra\u0161ymas<\/strong><\/td>\n<td style=\"width: 15.1138%; height: 24px;\"><strong>Vienetas\u00a0<\/strong><\/td>\n<td style=\"width: 20.1857%; height: 24px;\"><strong>\u00a0Matmenys\u00a0<\/strong><\/td>\n<td style=\"width: 13.2925%;\"><b>Storis<\/b><\/td>\n<\/tr>\n<tr style=\"height: 24px;\">\n<td style=\"width: 17.1711%; height: 24px;\">730300<\/td>\n<td style=\"width: 26.7839%; height: 24px;\">MAGNUM Isofoam PS Insulation<\/td>\n<td style=\"width: 15.1138%; height: 24px;\">6 m\u00b2<\/td>\n<td style=\"width: 20.1857%; height: 24px;\">10 plok\u0161\u010di\u0173 120 x 50 cm<\/td>\n<td style=\"width: 13.2925%; height: 24px;\">6 mm<\/td>\n<\/tr>\n<\/tbody>\n<\/table>\n<p>&nbsp;<\/figure>\n<\/figure>\n<\/div>\n<\/div>\n<\/div>\n","protected":false},"excerpt":{"rendered":"<p><strong>MAGNUM Isofoam<\/strong> yra 6 mm storio grind\u0173 izoliacija i\u0161 pilnai perdirbt\u0173 med\u017eiag\u0173. Isofoam strukt\u016br\u0105 sudaro ma\u017e\u0173 u\u017edar\u0173 element\u0173, turin\u010di\u0173 puik\u0173 izoliacin\u012f poveik\u012f.<\/p>\n","protected":false},"featured_media":8581,"comment_status":"closed","ping_status":"closed","template":"","meta":[],"product_brand":[],"product_cat":[235,794],"product_tag":[975],"class_list":{"0":"post-4291","1":"product","2":"type-product","3":"status-publish","4":"has-post-thumbnail","6":"product_cat-electric-heating-mats-and-cables","7":"product_cat-underfloor-heating-foil","8":"product_tag-ean-en","10":"first","11":"onbackorder","12":"taxable","13":"shipping-taxable","14":"purchasable","15":"product-type-simple"},"yoast_head":"<!-- This site is optimized with the Yoast SEO Premium plugin v21.5 (Yoast SEO v27.3) - https:\/\/yoast.com\/product\/yoast-seo-premium-wordpress\/ -->\n<title>Izoliacinis paklotas \u0161ildymo folijai MAGNUM Isofoam<\/title>\n<meta name=\"robots\" content=\"index, follow, max-snippet:-1, max-image-preview:large, max-video-preview:-1\" \/>\n<link rel=\"canonical\" href=\"https:\/\/eheating.lt\/produktas\/izoliacinis-paklotas-folijai-magnum-isofoam\/\" \/>\n<meta property=\"og:locale\" content=\"en_US\" \/>\n<meta property=\"og:type\" content=\"article\" \/>\n<meta property=\"og:title\" content=\"Izoliacinis paklotas \u0161ildymo folijai MAGNUM Isofoam\" \/>\n<meta property=\"og:description\" content=\"MAGNUM Isofoam yra 6 mm storio grind\u0173 izoliacija i\u0161 pilnai perdirbt\u0173 med\u017eiag\u0173. Isofoam strukt\u016br\u0105 sudaro ma\u017e\u0173 u\u017edar\u0173 element\u0173, turin\u010di\u0173 puik\u0173 izoliacin\u012f poveik\u012f.\" \/>\n<meta property=\"og:url\" content=\"https:\/\/eheating.lt\/produktas\/izoliacinis-paklotas-folijai-magnum-isofoam\/\" \/>\n<meta property=\"og:site_name\" content=\"Elektronika Namams\" \/>\n<meta property=\"article:publisher\" content=\"https:\/\/www.facebook.com\/ElektronikaNamams\" \/>\n<meta property=\"article:modified_time\" content=\"2025-02-24T15:30:51+00:00\" \/>\n<meta property=\"og:image\" content=\"https:\/\/eheating.lt\/wp-content\/uploads\/2022\/09\/MagnumHeating-Isofoam-4.png\" \/>\n\t<meta property=\"og:image:width\" content=\"800\" \/>\n\t<meta property=\"og:image:height\" content=\"800\" \/>\n\t<meta property=\"og:image:type\" content=\"image\/png\" \/>\n<meta name=\"twitter:card\" content=\"summary_large_image\" \/>\n<meta name=\"twitter:label1\" content=\"Price\" \/>\n\t<meta name=\"twitter:data1\" content=\"27,15&nbsp;&euro;\" \/>\n\t<meta name=\"twitter:label2\" content=\"Availability\" \/>\n\t<meta name=\"twitter:data2\" content=\"On backorder\" \/>\n<script type=\"application\/ld+json\" class=\"yoast-schema-graph\">{\"@context\":\"https:\\\/\\\/schema.org\",\"@graph\":[{\"@type\":\"WebPage\",\"@id\":\"https:\\\/\\\/eheating.lt\\\/produktas\\\/izoliacinis-paklotas-folijai-magnum-isofoam\\\/\",\"url\":\"https:\\\/\\\/eheating.lt\\\/produktas\\\/izoliacinis-paklotas-folijai-magnum-isofoam\\\/\",\"name\":\"Izoliacinis paklotas \u0161ildymo folijai MAGNUM Isofoam\",\"isPartOf\":{\"@id\":\"https:\\\/\\\/eheating.lt\\\/#website\"},\"primaryImageOfPage\":{\"@id\":\"https:\\\/\\\/eheating.lt\\\/produktas\\\/izoliacinis-paklotas-folijai-magnum-isofoam\\\/#primaryimage\"},\"image\":{\"@id\":\"https:\\\/\\\/eheating.lt\\\/produktas\\\/izoliacinis-paklotas-folijai-magnum-isofoam\\\/#primaryimage\"},\"thumbnailUrl\":\"https:\\\/\\\/eheating.lt\\\/wp-content\\\/uploads\\\/2022\\\/09\\\/MagnumHeating-Isofoam-4.png\",\"datePublished\":\"2022-09-28T14:29:17+00:00\",\"dateModified\":\"2025-02-24T15:30:51+00:00\",\"breadcrumb\":{\"@id\":\"https:\\\/\\\/eheating.lt\\\/produktas\\\/izoliacinis-paklotas-folijai-magnum-isofoam\\\/#breadcrumb\"},\"inLanguage\":\"en-US\",\"potentialAction\":[{\"@type\":\"ReadAction\",\"target\":[\"https:\\\/\\\/eheating.lt\\\/produktas\\\/izoliacinis-paklotas-folijai-magnum-isofoam\\\/\"]}]},{\"@type\":\"ImageObject\",\"inLanguage\":\"en-US\",\"@id\":\"https:\\\/\\\/eheating.lt\\\/produktas\\\/izoliacinis-paklotas-folijai-magnum-isofoam\\\/#primaryimage\",\"url\":\"https:\\\/\\\/eheating.lt\\\/wp-content\\\/uploads\\\/2022\\\/09\\\/MagnumHeating-Isofoam-4.png\",\"contentUrl\":\"https:\\\/\\\/eheating.lt\\\/wp-content\\\/uploads\\\/2022\\\/09\\\/MagnumHeating-Isofoam-4.png\",\"width\":800,\"height\":800,\"caption\":\"MAGNUM Isofoam\"},{\"@type\":\"BreadcrumbList\",\"@id\":\"https:\\\/\\\/eheating.lt\\\/produktas\\\/izoliacinis-paklotas-folijai-magnum-isofoam\\\/#breadcrumb\",\"itemListElement\":[{\"@type\":\"ListItem\",\"position\":1,\"name\":\"Prad\u017eia\",\"item\":\"https:\\\/\\\/eheating.lt\\\/en\\\/\"},{\"@type\":\"ListItem\",\"position\":2,\"name\":\"Shop\",\"item\":\"https:\\\/\\\/eheating.lt\\\/en\\\/?page_id=5734\"},{\"@type\":\"ListItem\",\"position\":3,\"name\":\"Izoliacinis paklotas \u0161ildymo folijai MAGNUM Isofoam\"}]},{\"@type\":\"WebSite\",\"@id\":\"https:\\\/\\\/eheating.lt\\\/#website\",\"url\":\"https:\\\/\\\/eheating.lt\\\/\",\"name\":\"eHeating\",\"description\":\"Elektronika ir \u0161ildymas\",\"potentialAction\":[{\"@type\":\"SearchAction\",\"target\":{\"@type\":\"EntryPoint\",\"urlTemplate\":\"https:\\\/\\\/eheating.lt\\\/?s={search_term_string}\"},\"query-input\":{\"@type\":\"PropertyValueSpecification\",\"valueRequired\":true,\"valueName\":\"search_term_string\"}}],\"inLanguage\":\"en-US\"}]}<\/script>\n<meta property=\"product:price:amount\" content=\"27.15\" \/>\n<meta property=\"product:price:currency\" content=\"EUR\" \/>\n<meta property=\"og:availability\" content=\"backorder\" \/>\n<meta property=\"product:availability\" content=\"available for order\" \/>\n<meta property=\"product:retailer_item_id\" content=\"MAGNUM-ISOFOAM\" \/>\n<meta property=\"product:condition\" content=\"new\" \/>\n<!-- \/ Yoast SEO Premium plugin. -->","yoast_head_json":{"title":"Izoliacinis paklotas \u0161ildymo folijai MAGNUM Isofoam","robots":{"index":"index","follow":"follow","max-snippet":"max-snippet:-1","max-image-preview":"max-image-preview:large","max-video-preview":"max-video-preview:-1"},"canonical":"https:\/\/eheating.lt\/produktas\/izoliacinis-paklotas-folijai-magnum-isofoam\/","og_locale":"en_US","og_type":"article","og_title":"Izoliacinis paklotas \u0161ildymo folijai MAGNUM Isofoam","og_description":"MAGNUM Isofoam yra 6 mm storio grind\u0173 izoliacija i\u0161 pilnai perdirbt\u0173 med\u017eiag\u0173. Isofoam strukt\u016br\u0105 sudaro ma\u017e\u0173 u\u017edar\u0173 element\u0173, turin\u010di\u0173 puik\u0173 izoliacin\u012f poveik\u012f.","og_url":"https:\/\/eheating.lt\/produktas\/izoliacinis-paklotas-folijai-magnum-isofoam\/","og_site_name":"Elektronika Namams","article_publisher":"https:\/\/www.facebook.com\/ElektronikaNamams","article_modified_time":"2025-02-24T15:30:51+00:00","og_image":[{"width":800,"height":800,"url":"https:\/\/eheating.lt\/wp-content\/uploads\/2022\/09\/MagnumHeating-Isofoam-4.png","type":"image\/png"}],"twitter_card":"summary_large_image","twitter_misc":{"Price":"27,15&nbsp;&euro;","Availability":"On backorder"},"schema":{"@context":"https:\/\/schema.org","@graph":[{"@type":"WebPage","@id":"https:\/\/eheating.lt\/produktas\/izoliacinis-paklotas-folijai-magnum-isofoam\/","url":"https:\/\/eheating.lt\/produktas\/izoliacinis-paklotas-folijai-magnum-isofoam\/","name":"Izoliacinis paklotas \u0161ildymo folijai MAGNUM Isofoam","isPartOf":{"@id":"https:\/\/eheating.lt\/#website"},"primaryImageOfPage":{"@id":"https:\/\/eheating.lt\/produktas\/izoliacinis-paklotas-folijai-magnum-isofoam\/#primaryimage"},"image":{"@id":"https:\/\/eheating.lt\/produktas\/izoliacinis-paklotas-folijai-magnum-isofoam\/#primaryimage"},"thumbnailUrl":"https:\/\/eheating.lt\/wp-content\/uploads\/2022\/09\/MagnumHeating-Isofoam-4.png","datePublished":"2022-09-28T14:29:17+00:00","dateModified":"2025-02-24T15:30:51+00:00","breadcrumb":{"@id":"https:\/\/eheating.lt\/produktas\/izoliacinis-paklotas-folijai-magnum-isofoam\/#breadcrumb"},"inLanguage":"en-US","potentialAction":[{"@type":"ReadAction","target":["https:\/\/eheating.lt\/produktas\/izoliacinis-paklotas-folijai-magnum-isofoam\/"]}]},{"@type":"ImageObject","inLanguage":"en-US","@id":"https:\/\/eheating.lt\/produktas\/izoliacinis-paklotas-folijai-magnum-isofoam\/#primaryimage","url":"https:\/\/eheating.lt\/wp-content\/uploads\/2022\/09\/MagnumHeating-Isofoam-4.png","contentUrl":"https:\/\/eheating.lt\/wp-content\/uploads\/2022\/09\/MagnumHeating-Isofoam-4.png","width":800,"height":800,"caption":"MAGNUM Isofoam"},{"@type":"BreadcrumbList","@id":"https:\/\/eheating.lt\/produktas\/izoliacinis-paklotas-folijai-magnum-isofoam\/#breadcrumb","itemListElement":[{"@type":"ListItem","position":1,"name":"Prad\u017eia","item":"https:\/\/eheating.lt\/en\/"},{"@type":"ListItem","position":2,"name":"Shop","item":"https:\/\/eheating.lt\/en\/?page_id=5734"},{"@type":"ListItem","position":3,"name":"Izoliacinis paklotas \u0161ildymo folijai MAGNUM Isofoam"}]},{"@type":"WebSite","@id":"https:\/\/eheating.lt\/#website","url":"https:\/\/eheating.lt\/","name":"eHeating","description":"Elektronika ir \u0161ildymas","potentialAction":[{"@type":"SearchAction","target":{"@type":"EntryPoint","urlTemplate":"https:\/\/eheating.lt\/?s={search_term_string}"},"query-input":{"@type":"PropertyValueSpecification","valueRequired":true,"valueName":"search_term_string"}}],"inLanguage":"en-US"}]},"product_price_amount":"27.15","product_price_currency":"EUR","og_availability":"backorder","product_availability":"available for order","product_retailer_item_id":"MAGNUM-ISOFOAM","product_condition":"new"},"_links":{"self":[{"href":"https:\/\/eheating.lt\/en\/wp-json\/wp\/v2\/product\/4291","targetHints":{"allow":["GET"]}}],"collection":[{"href":"https:\/\/eheating.lt\/en\/wp-json\/wp\/v2\/product"}],"about":[{"href":"https:\/\/eheating.lt\/en\/wp-json\/wp\/v2\/types\/product"}],"replies":[{"embeddable":true,"href":"https:\/\/eheating.lt\/en\/wp-json\/wp\/v2\/comments?post=4291"}],"version-history":[{"count":2,"href":"https:\/\/eheating.lt\/en\/wp-json\/wp\/v2\/product\/4291\/revisions"}],"predecessor-version":[{"id":38375,"href":"https:\/\/eheating.lt\/en\/wp-json\/wp\/v2\/product\/4291\/revisions\/38375"}],"wp:featuredmedia":[{"embeddable":true,"href":"https:\/\/eheating.lt\/en\/wp-json\/wp\/v2\/media\/8581"}],"wp:attachment":[{"href":"https:\/\/eheating.lt\/en\/wp-json\/wp\/v2\/media?parent=4291"}],"wp:term":[{"taxonomy":"product_brand","embeddable":true,"href":"https:\/\/eheating.lt\/en\/wp-json\/wp\/v2\/product_brand?post=4291"},{"taxonomy":"product_cat","embeddable":true,"href":"https:\/\/eheating.lt\/en\/wp-json\/wp\/v2\/product_cat?post=4291"},{"taxonomy":"product_tag","embeddable":true,"href":"https:\/\/eheating.lt\/en\/wp-json\/wp\/v2\/product_tag?post=4291"}],"curies":[{"name":"wp","href":"https:\/\/api.w.org\/{rel}","templated":true}]}}