{"id":4280,"date":"2022-09-28T16:07:09","date_gmt":"2022-09-28T13:07:09","guid":{"rendered":"https:\/\/eheating.lt\/?post_type=product&#038;p=4280"},"modified":"2025-02-24T17:31:15","modified_gmt":"2025-02-24T15:31:15","slug":"elektrine-sildymo-folija-komplektas-5m%c2%b2-600w-magnum-foil","status":"publish","type":"product","link":"https:\/\/eheating.lt\/en\/produktas\/elektrine-sildymo-folija-komplektas-5m%c2%b2-600w-magnum-foil\/","title":{"rendered":"Elektrin\u0117 \u0161ildymo folija(komplektas) 5m\u00b2 600W MAGNUM"},"content":{"rendered":"<p>\u0160i izoliacin\u0117 plok\u0161t\u0117 u\u017etikrina papildom\u0105 \u0161ilumos izoliacij\u0105, taip pat pasi\u017eymi triuk\u0161mo slopinimo savyb\u0117mis. Taip pat reikalinga 0,1mm storio garo izoliacin\u0117 plevel\u0117, kuri montuojama vir\u0161 folijos.<\/p>\n<p>&nbsp;<\/p>\n<p><span style=\"color: #ff0000;\"><span style=\"text-decoration: underline;\"><span style=\"font-size: 20px;\"><strong><span style=\"font-size: 18px;\">D\u0116MESIO<\/span>: <\/strong><\/span><\/span><span style=\"color: #000000;\">MAGNUM folija visada turi b\u016bti montuojama su polistireno izoliaciniu paklotu MAGNUM Isofoam\u00a0ir MAGNUM garo izoliacine plevele.<\/span><\/span><\/p>\n<hr \/>\n<p><span style=\"font-size: 18px;\"><strong>Magnum Foil komplekte:<\/strong><\/span><\/p>\n<ul>\n<li>Folija ritinyje 5, 10 arba 15m<sup>2<\/sup> (120 vat\u0173\/m\u00b2)<\/li>\n<li>Wi-Fi termostatas Magnum MRC su grind\u0173 temperat\u016bros jutikliu<\/li>\n<li>Lankstus gofruotas vamzdis grind\u0173 jutikliui<\/li>\n<li>Izoliacin\u0117 juosta<\/li>\n<li>Prijungimo gnybtai<\/li>\n<li>Sl\u0117gio paskirstymo ir u\u017espaudimo repl\u0117mis<\/li>\n<\/ul>\n<hr \/>\n<p><span style=\"font-size: 18px;\"><strong>Papildoma informacija:<\/strong><\/span><\/p>\n<ul>\n<li>Storis 3mm<\/li>\n<li>Plotis 600mm<\/li>\n<li>Galia 120W\/m<sup>2<\/sup><\/li>\n<li>Tinka naudoti po parketu, laminatu, kilimimine danga<\/li>\n<li>Netinka naudoti po plytel\u0117mis<\/li>\n<li>Netinka naudoti \u0161lapiose patalpose<\/li>\n<\/ul>\n<p>&nbsp;<\/p>\n<p><img decoding=\"async\" style=\"height: 30px;\" src=\"http:\/\/eheating.lt\/wp-content\/uploads\/2022\/12\/pdf.png\" \/><a href=\"http:\/\/eheating.lt\/wp-content\/uploads\/2023\/01\/Magnum-Heating-Foil-manual.pdf\"><strong>Instrukcija (Angl\u0173 k.)<\/strong><\/a><\/p>\n<p>&nbsp;<\/p>\n<hr \/>\n<div class=\"wp-block-cover alignfull is-light is-style-cornered\">\n<div class=\"wp-block-cover__inner-container\">\n<div class=\"wp-block-jetpack-layout-grid alignwide column1-desktop-grid__span-24 column1-desktop-grid__start-1 column1-desktop-grid__row-1 column1-tablet-grid__span-16 column1-tablet-grid__start-1 column1-tablet-grid__row-1 column1-mobile-grid__span-8 column1-mobile-grid__start-1 column1-mobile-grid__row-1 editorskit-no-mobile\">\n<div class=\"wp-block-jetpack-layout-grid-column wp-block-jetpack-layout-grid__padding-none is-vertically-aligned-top editorskit-no-mobile\">\n<div class=\"wp-container-2 wp-block-columns\">\n<div class=\"wp-container-1 wp-block-column\">\n<figure class=\"wp-block-table alignwide is-style-stripes\">\n<table>\n<tbody>\n<tr>\n<td><strong>Produkto numeris<\/strong><\/td>\n<td><strong>Apra\u0161ymas<\/strong><\/td>\n<td><strong>Matmenys\u00a0<\/strong><\/td>\n<td><strong>\u00a0Galia\u00a0<\/strong><\/td>\n<\/tr>\n<tr>\n<td>361005<\/td>\n<td>MAGNUM Foil komplektas 5 m2 *<\/td>\n<td>0,6 x 8,4 m<\/td>\n<td>600 W<\/td>\n<\/tr>\n<tr>\n<td>361010<\/td>\n<td>MAGNUM Foil komplektas 10 m2 *<\/td>\n<td>0,6 x 16,8 m<\/td>\n<td>1200 W<\/td>\n<\/tr>\n<tr>\n<td>361015<\/td>\n<td>MAGNUM Foil komplektas 15 m2 *<\/td>\n<td>0,6 x 25 m<\/td>\n<td>1800 W<\/td>\n<\/tr>\n<tr>\n<td>361110<\/td>\n<td>MAGNUM Foil papildymas 10 m2 **<\/td>\n<td>0,6 x 16,8 m<\/td>\n<td>1200 W<\/td>\n<\/tr>\n<\/tbody>\n<\/table>\n<p>&nbsp;<\/p>\n<p><strong>*<\/strong>Rinkin\u012f sudaro: MAGNUM Folija 120 W\/m\u00b2, MAGNUM MRC WiFi termostatas su grind\u0173 jutikliu, lankstus vamzdelis jutikliui, 2 x 15 m jungiamasis laidas juodas\/m\u0117lynas, reikalingos u\u017espaudimo jungtys, u\u017espaudimo repl\u0117s, vulkanizuota izoliacin\u0117 juosta, montavimo juosta, montavimo instrukcijos.<\/p>\n<p><strong>**<\/strong> Papildym\u0105 sudaro: folija 10 m\u00b2, 2 x 15 m juodas\/m\u0117lynas jungiamasis laidas, reikalingos u\u017espaudimo jungtys, vulkanizuota izoliacin\u0117 juosta, montavimo juosta.<\/figure>\n<\/div>\n<\/div>\n<\/div>\n<\/div>\n<\/div>\n<\/div>\n<p>&nbsp;<\/p>\n<p style=\"text-align: center;\"><iframe src=\"\/\/www.youtube.com\/embed\/Jqc-E8E8nQo\" width=\"560\" height=\"314\" allowfullscreen=\"allowfullscreen\"><\/iframe><\/p>\n<p>&nbsp;<\/p>\n","protected":false},"excerpt":{"rendered":"<p><strong>MAGNUM Foil<\/strong> \u0161ildymo folija gali b\u016bti dedama tiesiai po med\u017eiu, parketu ar laminatu. Itin plona grind\u0173 \u0161ildymo sistema (tik 3 mm) valdoma per skaitmenin\u012f termostat\u0105 su grind\u0173 jutikliu.<\/p>\n","protected":false},"featured_media":8567,"comment_status":"closed","ping_status":"closed","template":"","meta":[],"product_brand":[],"product_cat":[235,794],"product_tag":[975],"class_list":{"0":"post-4280","1":"product","2":"type-product","3":"status-publish","4":"has-post-thumbnail","6":"product_cat-electric-heating-mats-and-cables","7":"product_cat-underfloor-heating-foil","8":"product_tag-ean-en","10":"first","11":"onbackorder","12":"taxable","13":"shipping-taxable","14":"purchasable","15":"product-type-simple"},"yoast_head":"<!-- This site is optimized with the Yoast SEO Premium plugin v21.5 (Yoast SEO v27.3) - https:\/\/yoast.com\/product\/yoast-seo-premium-wordpress\/ -->\n<title>Elektrin\u0117 \u0161ildymo folija(komplektas) 5m\u00b2 600W MAGNUM Foil<\/title>\n<meta name=\"robots\" content=\"index, follow, max-snippet:-1, max-image-preview:large, max-video-preview:-1\" \/>\n<link rel=\"canonical\" href=\"https:\/\/eheating.lt\/en\/produktas\/elektrine-sildymo-folija-komplektas-5m\u00b2-600w-magnum-foil\/\" \/>\n<meta property=\"og:locale\" content=\"en_US\" \/>\n<meta property=\"og:type\" content=\"article\" \/>\n<meta property=\"og:title\" content=\"Elektrin\u0117 \u0161ildymo folija(komplektas) 5m\u00b2 600W MAGNUM Foil\" \/>\n<meta property=\"og:description\" content=\"MAGNUM Foil \u0161ildymo folija gali b\u016bti dedama tiesiai po med\u017eiu, parketu ar laminatu. Itin plona grind\u0173 \u0161ildymo sistema (tik 3 mm) valdoma per skaitmenin\u012f termostat\u0105 su grind\u0173 jutikliu.\" \/>\n<meta property=\"og:url\" content=\"https:\/\/eheating.lt\/en\/produktas\/elektrine-sildymo-folija-komplektas-5m\u00b2-600w-magnum-foil\/\" \/>\n<meta property=\"og:site_name\" content=\"Elektronika Namams\" \/>\n<meta property=\"article:publisher\" content=\"https:\/\/www.facebook.com\/ElektronikaNamams\" \/>\n<meta property=\"article:modified_time\" content=\"2025-02-24T15:31:15+00:00\" \/>\n<meta property=\"og:image\" content=\"https:\/\/eheating.lt\/wp-content\/uploads\/2022\/09\/MagnumHeating-Foil-4-1.png\" \/>\n\t<meta property=\"og:image:width\" content=\"800\" \/>\n\t<meta property=\"og:image:height\" content=\"800\" \/>\n\t<meta property=\"og:image:type\" content=\"image\/png\" \/>\n<meta name=\"twitter:card\" content=\"summary_large_image\" \/>\n<meta name=\"twitter:label1\" content=\"Price\" \/>\n\t<meta name=\"twitter:data1\" content=\"268,06&nbsp;&euro;\" \/>\n\t<meta name=\"twitter:label2\" content=\"Availability\" \/>\n\t<meta name=\"twitter:data2\" content=\"On backorder\" \/>\n<script type=\"application\/ld+json\" class=\"yoast-schema-graph\">{\"@context\":\"https:\\\/\\\/schema.org\",\"@graph\":[{\"@type\":\"WebPage\",\"@id\":\"https:\\\/\\\/eheating.lt\\\/en\\\/produktas\\\/elektrine-sildymo-folija-komplektas-5m%c2%b2-600w-magnum-foil\\\/\",\"url\":\"https:\\\/\\\/eheating.lt\\\/en\\\/produktas\\\/elektrine-sildymo-folija-komplektas-5m%c2%b2-600w-magnum-foil\\\/\",\"name\":\"Elektrin\u0117 \u0161ildymo folija(komplektas) 5m\u00b2 600W MAGNUM Foil\",\"isPartOf\":{\"@id\":\"https:\\\/\\\/eheating.lt\\\/#website\"},\"primaryImageOfPage\":{\"@id\":\"https:\\\/\\\/eheating.lt\\\/en\\\/produktas\\\/elektrine-sildymo-folija-komplektas-5m%c2%b2-600w-magnum-foil\\\/#primaryimage\"},\"image\":{\"@id\":\"https:\\\/\\\/eheating.lt\\\/en\\\/produktas\\\/elektrine-sildymo-folija-komplektas-5m%c2%b2-600w-magnum-foil\\\/#primaryimage\"},\"thumbnailUrl\":\"https:\\\/\\\/eheating.lt\\\/wp-content\\\/uploads\\\/2022\\\/09\\\/MagnumHeating-Foil-4-1.png\",\"datePublished\":\"2022-09-28T13:07:09+00:00\",\"dateModified\":\"2025-02-24T15:31:15+00:00\",\"breadcrumb\":{\"@id\":\"https:\\\/\\\/eheating.lt\\\/en\\\/produktas\\\/elektrine-sildymo-folija-komplektas-5m%c2%b2-600w-magnum-foil\\\/#breadcrumb\"},\"inLanguage\":\"en-US\",\"potentialAction\":[{\"@type\":\"ReadAction\",\"target\":[\"https:\\\/\\\/eheating.lt\\\/en\\\/produktas\\\/elektrine-sildymo-folija-komplektas-5m%c2%b2-600w-magnum-foil\\\/\"]}]},{\"@type\":\"ImageObject\",\"inLanguage\":\"en-US\",\"@id\":\"https:\\\/\\\/eheating.lt\\\/en\\\/produktas\\\/elektrine-sildymo-folija-komplektas-5m%c2%b2-600w-magnum-foil\\\/#primaryimage\",\"url\":\"https:\\\/\\\/eheating.lt\\\/wp-content\\\/uploads\\\/2022\\\/09\\\/MagnumHeating-Foil-4-1.png\",\"contentUrl\":\"https:\\\/\\\/eheating.lt\\\/wp-content\\\/uploads\\\/2022\\\/09\\\/MagnumHeating-Foil-4-1.png\",\"width\":800,\"height\":800,\"caption\":\"MAGNUM Foil\"},{\"@type\":\"BreadcrumbList\",\"@id\":\"https:\\\/\\\/eheating.lt\\\/en\\\/produktas\\\/elektrine-sildymo-folija-komplektas-5m%c2%b2-600w-magnum-foil\\\/#breadcrumb\",\"itemListElement\":[{\"@type\":\"ListItem\",\"position\":1,\"name\":\"Prad\u017eia\",\"item\":\"https:\\\/\\\/eheating.lt\\\/en\\\/\"},{\"@type\":\"ListItem\",\"position\":2,\"name\":\"Shop\",\"item\":\"https:\\\/\\\/eheating.lt\\\/en\\\/?page_id=5734\"},{\"@type\":\"ListItem\",\"position\":3,\"name\":\"Elektrin\u0117 \u0161ildymo folija(komplektas) 5m\u00b2 600W MAGNUM Foil\"}]},{\"@type\":\"WebSite\",\"@id\":\"https:\\\/\\\/eheating.lt\\\/#website\",\"url\":\"https:\\\/\\\/eheating.lt\\\/\",\"name\":\"eHeating\",\"description\":\"Elektronika ir \u0161ildymas\",\"potentialAction\":[{\"@type\":\"SearchAction\",\"target\":{\"@type\":\"EntryPoint\",\"urlTemplate\":\"https:\\\/\\\/eheating.lt\\\/?s={search_term_string}\"},\"query-input\":{\"@type\":\"PropertyValueSpecification\",\"valueRequired\":true,\"valueName\":\"search_term_string\"}}],\"inLanguage\":\"en-US\"}]}<\/script>\n<meta property=\"product:price:amount\" content=\"268.06\" \/>\n<meta property=\"product:price:currency\" content=\"EUR\" \/>\n<meta property=\"og:availability\" content=\"backorder\" \/>\n<meta property=\"product:availability\" content=\"available for order\" \/>\n<meta property=\"product:retailer_item_id\" content=\"MAGNUM-FOIL-SET-5\" \/>\n<meta property=\"product:condition\" content=\"new\" \/>\n<!-- \/ Yoast SEO Premium plugin. -->","yoast_head_json":{"title":"Elektrin\u0117 \u0161ildymo folija(komplektas) 5m\u00b2 600W MAGNUM Foil","robots":{"index":"index","follow":"follow","max-snippet":"max-snippet:-1","max-image-preview":"max-image-preview:large","max-video-preview":"max-video-preview:-1"},"canonical":"https:\/\/eheating.lt\/en\/produktas\/elektrine-sildymo-folija-komplektas-5m\u00b2-600w-magnum-foil\/","og_locale":"en_US","og_type":"article","og_title":"Elektrin\u0117 \u0161ildymo folija(komplektas) 5m\u00b2 600W MAGNUM Foil","og_description":"MAGNUM Foil \u0161ildymo folija gali b\u016bti dedama tiesiai po med\u017eiu, parketu ar laminatu. Itin plona grind\u0173 \u0161ildymo sistema (tik 3 mm) valdoma per skaitmenin\u012f termostat\u0105 su grind\u0173 jutikliu.","og_url":"https:\/\/eheating.lt\/en\/produktas\/elektrine-sildymo-folija-komplektas-5m\u00b2-600w-magnum-foil\/","og_site_name":"Elektronika Namams","article_publisher":"https:\/\/www.facebook.com\/ElektronikaNamams","article_modified_time":"2025-02-24T15:31:15+00:00","og_image":[{"width":800,"height":800,"url":"https:\/\/eheating.lt\/wp-content\/uploads\/2022\/09\/MagnumHeating-Foil-4-1.png","type":"image\/png"}],"twitter_card":"summary_large_image","twitter_misc":{"Price":"268,06&nbsp;&euro;","Availability":"On backorder"},"schema":{"@context":"https:\/\/schema.org","@graph":[{"@type":"WebPage","@id":"https:\/\/eheating.lt\/en\/produktas\/elektrine-sildymo-folija-komplektas-5m%c2%b2-600w-magnum-foil\/","url":"https:\/\/eheating.lt\/en\/produktas\/elektrine-sildymo-folija-komplektas-5m%c2%b2-600w-magnum-foil\/","name":"Elektrin\u0117 \u0161ildymo folija(komplektas) 5m\u00b2 600W MAGNUM Foil","isPartOf":{"@id":"https:\/\/eheating.lt\/#website"},"primaryImageOfPage":{"@id":"https:\/\/eheating.lt\/en\/produktas\/elektrine-sildymo-folija-komplektas-5m%c2%b2-600w-magnum-foil\/#primaryimage"},"image":{"@id":"https:\/\/eheating.lt\/en\/produktas\/elektrine-sildymo-folija-komplektas-5m%c2%b2-600w-magnum-foil\/#primaryimage"},"thumbnailUrl":"https:\/\/eheating.lt\/wp-content\/uploads\/2022\/09\/MagnumHeating-Foil-4-1.png","datePublished":"2022-09-28T13:07:09+00:00","dateModified":"2025-02-24T15:31:15+00:00","breadcrumb":{"@id":"https:\/\/eheating.lt\/en\/produktas\/elektrine-sildymo-folija-komplektas-5m%c2%b2-600w-magnum-foil\/#breadcrumb"},"inLanguage":"en-US","potentialAction":[{"@type":"ReadAction","target":["https:\/\/eheating.lt\/en\/produktas\/elektrine-sildymo-folija-komplektas-5m%c2%b2-600w-magnum-foil\/"]}]},{"@type":"ImageObject","inLanguage":"en-US","@id":"https:\/\/eheating.lt\/en\/produktas\/elektrine-sildymo-folija-komplektas-5m%c2%b2-600w-magnum-foil\/#primaryimage","url":"https:\/\/eheating.lt\/wp-content\/uploads\/2022\/09\/MagnumHeating-Foil-4-1.png","contentUrl":"https:\/\/eheating.lt\/wp-content\/uploads\/2022\/09\/MagnumHeating-Foil-4-1.png","width":800,"height":800,"caption":"MAGNUM Foil"},{"@type":"BreadcrumbList","@id":"https:\/\/eheating.lt\/en\/produktas\/elektrine-sildymo-folija-komplektas-5m%c2%b2-600w-magnum-foil\/#breadcrumb","itemListElement":[{"@type":"ListItem","position":1,"name":"Prad\u017eia","item":"https:\/\/eheating.lt\/en\/"},{"@type":"ListItem","position":2,"name":"Shop","item":"https:\/\/eheating.lt\/en\/?page_id=5734"},{"@type":"ListItem","position":3,"name":"Elektrin\u0117 \u0161ildymo folija(komplektas) 5m\u00b2 600W MAGNUM Foil"}]},{"@type":"WebSite","@id":"https:\/\/eheating.lt\/#website","url":"https:\/\/eheating.lt\/","name":"eHeating","description":"Elektronika ir \u0161ildymas","potentialAction":[{"@type":"SearchAction","target":{"@type":"EntryPoint","urlTemplate":"https:\/\/eheating.lt\/?s={search_term_string}"},"query-input":{"@type":"PropertyValueSpecification","valueRequired":true,"valueName":"search_term_string"}}],"inLanguage":"en-US"}]},"product_price_amount":"268.06","product_price_currency":"EUR","og_availability":"backorder","product_availability":"available for order","product_retailer_item_id":"MAGNUM-FOIL-SET-5","product_condition":"new"},"_links":{"self":[{"href":"https:\/\/eheating.lt\/en\/wp-json\/wp\/v2\/product\/4280","targetHints":{"allow":["GET"]}}],"collection":[{"href":"https:\/\/eheating.lt\/en\/wp-json\/wp\/v2\/product"}],"about":[{"href":"https:\/\/eheating.lt\/en\/wp-json\/wp\/v2\/types\/product"}],"replies":[{"embeddable":true,"href":"https:\/\/eheating.lt\/en\/wp-json\/wp\/v2\/comments?post=4280"}],"version-history":[{"count":2,"href":"https:\/\/eheating.lt\/en\/wp-json\/wp\/v2\/product\/4280\/revisions"}],"predecessor-version":[{"id":38376,"href":"https:\/\/eheating.lt\/en\/wp-json\/wp\/v2\/product\/4280\/revisions\/38376"}],"wp:featuredmedia":[{"embeddable":true,"href":"https:\/\/eheating.lt\/en\/wp-json\/wp\/v2\/media\/8567"}],"wp:attachment":[{"href":"https:\/\/eheating.lt\/en\/wp-json\/wp\/v2\/media?parent=4280"}],"wp:term":[{"taxonomy":"product_brand","embeddable":true,"href":"https:\/\/eheating.lt\/en\/wp-json\/wp\/v2\/product_brand?post=4280"},{"taxonomy":"product_cat","embeddable":true,"href":"https:\/\/eheating.lt\/en\/wp-json\/wp\/v2\/product_cat?post=4280"},{"taxonomy":"product_tag","embeddable":true,"href":"https:\/\/eheating.lt\/en\/wp-json\/wp\/v2\/product_tag?post=4280"}],"curies":[{"name":"wp","href":"https:\/\/api.w.org\/{rel}","templated":true}]}}