{"id":4276,"date":"2022-09-28T12:07:11","date_gmt":"2022-09-28T09:07:11","guid":{"rendered":"https:\/\/eheating.lt\/?post_type=product&#038;p=4276"},"modified":"2025-02-24T17:32:15","modified_gmt":"2025-02-24T15:32:15","slug":"pagrindas-grindims-magnum-duoboard","status":"publish","type":"product","link":"https:\/\/eheating.lt\/en\/produktas\/pagrindas-grindims-magnum-duoboard\/","title":{"rendered":"Pagrindas grindims MAGNUM DuoBoard"},"content":{"rendered":"<p><strong>MAGNUM DuoBoard<\/strong> skirtas montuoti ant grind\u0173 \u0161ildymo iki suteikti lyg\u0173, stabil\u0173 ir lyg\u0173 pagrind\u0105 kloti mink\u0161toms dangoms. <strong>\u201eDuoBoard\u201c<\/strong> sudaro du HDF plok\u0161\u010di\u0173 sluoksniai (kiekvieno matmenys 1200 x 600 x 3 mm): apatin\u0117 ir vir\u0161utin\u0117 plok\u0161t\u0117. <strong>DuoBoards<\/strong> pasi\u017eymi ma\u017eu konstrukcijos auk\u0161\u010diu, puikiu ilgaam\u017ei\u0161kumu ir dideliu \u0161ilumos laidumu.<\/p>\n<hr \/>\n<p><span style=\"font-size: 18px;\"><strong>Papildoma informacija:<\/strong><\/span><\/p>\n<ul>\n<li>Auk\u0161tis 3mm<\/li>\n<li>Plotis 600mm<\/li>\n<li>Ilgis 1200mm<\/li>\n<li>Tankis 860 (kg\/m)<\/li>\n<li>\u0160ilumos laidumas \u03bb 0,192 (W\/mK)<\/li>\n<li>Atsparumas kar\u0161\u010diui R 0,037 (mK\/W)<\/li>\n<li>Lenkimo stipris pagal EN 310 \u2265 23 (N\/mm)<\/li>\n<li>Tempimo stipris pagal EN 319 \u2265 65 (N\/mm)<\/li>\n<\/ul>\n<p>&nbsp;<\/p>\n<div id=\"product-tab\" class=\"woocommerce-tabs woocommerce-tabs-dmp083c4 resp-htabs\">\n<div class=\"resp-tabs-container\">\n<div id=\"tab-description\" class=\"tab-content resp-tab-content resp-tab-content-active\" aria-labelledby=\"tab_item-1\">\n<figure class=\"wp-block-table is-style-stripes\">\n<figure class=\"wp-block-table is-style-stripes\">\n<table style=\"height: 48px; width: 80.1099%;\" width=\"80.1099%\">\n<tbody>\n<tr style=\"height: 24px;\">\n<td style=\"width: 17.1711%; height: 24px;\"><strong>Produkto numeris\u00a0<\/strong><\/td>\n<td style=\"width: 22.4894%; height: 24px;\"><strong>Apra\u0161ymas<\/strong><\/td>\n<td style=\"width: 19.4083%; height: 24px;\"><strong>m\u00b2<\/strong><\/td>\n<td style=\"width: 12.0058%; height: 24px;\"><strong>Med\u017eiaga<\/strong><\/td>\n<td style=\"width: 19.8243%; height: 24px;\"><b>Matmenys<\/b><\/td>\n<\/tr>\n<tr style=\"height: 24px;\">\n<td style=\"width: 17.1711%; height: 24px;\">430030<\/td>\n<td style=\"width: 22.4894%; height: 24px;\">MAGNUM DuoBoard 2 x 4<\/td>\n<td style=\"width: 19.4083%; height: 24px;\">2,88 m\u00b2<\/td>\n<td style=\"width: 12.0058%; height: 24px;\">HDF plok\u0161t\u0117<\/td>\n<td style=\"width: 19.8243%; height: 24px;\">1200 x 600 x 3 mm<\/td>\n<\/tr>\n<\/tbody>\n<\/table>\n<p>&nbsp;<\/figure>\n<\/figure>\n<\/div>\n<\/div>\n<\/div>\n","protected":false},"excerpt":{"rendered":"<p><strong>MAGNUM DuoBoard <\/strong>\u00a0yra stabilus pagrindas mink\u0161tai grind\u0173 dangai(kilimas, PVC, guma, linoleumas,vinilas ir kt.) ir <strong>Magnum HeatBoard<\/strong> \u0161ildymo sistemoms.<\/p>\n","protected":false},"featured_media":8535,"comment_status":"closed","ping_status":"closed","template":"","meta":[],"product_brand":[],"product_cat":[143,140],"product_tag":[974],"class_list":{"0":"post-4276","1":"product","2":"type-product","3":"status-publish","4":"has-post-thumbnail","6":"product_cat-elektrines-grindines-sildymo-plokstes","7":"product_cat-elektriniai-sildymo-kilimeliai-kabeliai","8":"product_tag-ean","10":"first","11":"onbackorder","12":"taxable","13":"shipping-taxable","14":"purchasable","15":"product-type-simple"},"yoast_head":"<!-- This site is optimized with the Yoast SEO Premium plugin v21.5 (Yoast SEO v27.3) - https:\/\/yoast.com\/product\/yoast-seo-premium-wordpress\/ -->\n<title>Pagrindas grindims MAGNUM DuoBoard<\/title>\n<meta name=\"robots\" content=\"index, follow, max-snippet:-1, max-image-preview:large, max-video-preview:-1\" \/>\n<link rel=\"canonical\" href=\"https:\/\/eheating.lt\/produktas\/pagrindas-grindims-magnum-duoboard\/\" \/>\n<meta property=\"og:locale\" content=\"en_US\" \/>\n<meta property=\"og:type\" content=\"article\" \/>\n<meta property=\"og:title\" content=\"Pagrindas grindims MAGNUM DuoBoard\" \/>\n<meta property=\"og:description\" content=\"MAGNUM DuoBoard \u00a0yra stabilus pagrindas mink\u0161tai grind\u0173 dangai(kilimas, PVC, guma, linoleumas,vinilas ir kt.) ir Magnum HeatBoard \u0161ildymo sistemoms.\" \/>\n<meta property=\"og:url\" content=\"https:\/\/eheating.lt\/produktas\/pagrindas-grindims-magnum-duoboard\/\" \/>\n<meta property=\"og:site_name\" content=\"Elektronika Namams\" \/>\n<meta property=\"article:publisher\" content=\"https:\/\/www.facebook.com\/ElektronikaNamams\" \/>\n<meta property=\"article:modified_time\" content=\"2025-02-24T15:32:15+00:00\" \/>\n<meta property=\"og:image\" content=\"https:\/\/eheating.lt\/wp-content\/uploads\/2022\/09\/MagnumHeating-DuoBoard-1.png\" \/>\n\t<meta property=\"og:image:width\" content=\"800\" \/>\n\t<meta property=\"og:image:height\" content=\"800\" \/>\n\t<meta property=\"og:image:type\" content=\"image\/png\" \/>\n<meta name=\"twitter:card\" content=\"summary_large_image\" \/>\n<meta name=\"twitter:label1\" content=\"Price\" \/>\n\t<meta name=\"twitter:data1\" content=\"69,75&nbsp;&euro;\" \/>\n\t<meta name=\"twitter:label2\" content=\"Availability\" \/>\n\t<meta name=\"twitter:data2\" content=\"On backorder\" \/>\n<script type=\"application\/ld+json\" class=\"yoast-schema-graph\">{\"@context\":\"https:\\\/\\\/schema.org\",\"@graph\":[{\"@type\":\"WebPage\",\"@id\":\"https:\\\/\\\/eheating.lt\\\/produktas\\\/pagrindas-grindims-magnum-duoboard\\\/\",\"url\":\"https:\\\/\\\/eheating.lt\\\/produktas\\\/pagrindas-grindims-magnum-duoboard\\\/\",\"name\":\"Pagrindas grindims MAGNUM DuoBoard\",\"isPartOf\":{\"@id\":\"https:\\\/\\\/eheating.lt\\\/#website\"},\"primaryImageOfPage\":{\"@id\":\"https:\\\/\\\/eheating.lt\\\/produktas\\\/pagrindas-grindims-magnum-duoboard\\\/#primaryimage\"},\"image\":{\"@id\":\"https:\\\/\\\/eheating.lt\\\/produktas\\\/pagrindas-grindims-magnum-duoboard\\\/#primaryimage\"},\"thumbnailUrl\":\"https:\\\/\\\/eheating.lt\\\/wp-content\\\/uploads\\\/2022\\\/09\\\/MagnumHeating-DuoBoard-1.png\",\"datePublished\":\"2022-09-28T09:07:11+00:00\",\"dateModified\":\"2025-02-24T15:32:15+00:00\",\"breadcrumb\":{\"@id\":\"https:\\\/\\\/eheating.lt\\\/produktas\\\/pagrindas-grindims-magnum-duoboard\\\/#breadcrumb\"},\"inLanguage\":\"en-US\",\"potentialAction\":[{\"@type\":\"ReadAction\",\"target\":[\"https:\\\/\\\/eheating.lt\\\/produktas\\\/pagrindas-grindims-magnum-duoboard\\\/\"]}]},{\"@type\":\"ImageObject\",\"inLanguage\":\"en-US\",\"@id\":\"https:\\\/\\\/eheating.lt\\\/produktas\\\/pagrindas-grindims-magnum-duoboard\\\/#primaryimage\",\"url\":\"https:\\\/\\\/eheating.lt\\\/wp-content\\\/uploads\\\/2022\\\/09\\\/MagnumHeating-DuoBoard-1.png\",\"contentUrl\":\"https:\\\/\\\/eheating.lt\\\/wp-content\\\/uploads\\\/2022\\\/09\\\/MagnumHeating-DuoBoard-1.png\",\"width\":800,\"height\":800,\"caption\":\"MAGNUM DuoBoard\"},{\"@type\":\"BreadcrumbList\",\"@id\":\"https:\\\/\\\/eheating.lt\\\/produktas\\\/pagrindas-grindims-magnum-duoboard\\\/#breadcrumb\",\"itemListElement\":[{\"@type\":\"ListItem\",\"position\":1,\"name\":\"Prad\u017eia\",\"item\":\"https:\\\/\\\/eheating.lt\\\/en\\\/\"},{\"@type\":\"ListItem\",\"position\":2,\"name\":\"Shop\",\"item\":\"https:\\\/\\\/eheating.lt\\\/en\\\/?page_id=5734\"},{\"@type\":\"ListItem\",\"position\":3,\"name\":\"Pagrindas grindims MAGNUM DuoBoard\"}]},{\"@type\":\"WebSite\",\"@id\":\"https:\\\/\\\/eheating.lt\\\/#website\",\"url\":\"https:\\\/\\\/eheating.lt\\\/\",\"name\":\"eHeating\",\"description\":\"Elektronika ir \u0161ildymas\",\"potentialAction\":[{\"@type\":\"SearchAction\",\"target\":{\"@type\":\"EntryPoint\",\"urlTemplate\":\"https:\\\/\\\/eheating.lt\\\/?s={search_term_string}\"},\"query-input\":{\"@type\":\"PropertyValueSpecification\",\"valueRequired\":true,\"valueName\":\"search_term_string\"}}],\"inLanguage\":\"en-US\"}]}<\/script>\n<meta property=\"product:price:amount\" content=\"69.75\" \/>\n<meta property=\"product:price:currency\" content=\"EUR\" \/>\n<meta property=\"og:availability\" content=\"backorder\" \/>\n<meta property=\"product:availability\" content=\"available for order\" \/>\n<meta property=\"product:retailer_item_id\" content=\"MAGNUM-DUOBOARD\" \/>\n<meta property=\"product:condition\" content=\"new\" \/>\n<!-- \/ Yoast SEO Premium plugin. -->","yoast_head_json":{"title":"Pagrindas grindims MAGNUM DuoBoard","robots":{"index":"index","follow":"follow","max-snippet":"max-snippet:-1","max-image-preview":"max-image-preview:large","max-video-preview":"max-video-preview:-1"},"canonical":"https:\/\/eheating.lt\/produktas\/pagrindas-grindims-magnum-duoboard\/","og_locale":"en_US","og_type":"article","og_title":"Pagrindas grindims MAGNUM DuoBoard","og_description":"MAGNUM DuoBoard \u00a0yra stabilus pagrindas mink\u0161tai grind\u0173 dangai(kilimas, PVC, guma, linoleumas,vinilas ir kt.) ir Magnum HeatBoard \u0161ildymo sistemoms.","og_url":"https:\/\/eheating.lt\/produktas\/pagrindas-grindims-magnum-duoboard\/","og_site_name":"Elektronika Namams","article_publisher":"https:\/\/www.facebook.com\/ElektronikaNamams","article_modified_time":"2025-02-24T15:32:15+00:00","og_image":[{"width":800,"height":800,"url":"https:\/\/eheating.lt\/wp-content\/uploads\/2022\/09\/MagnumHeating-DuoBoard-1.png","type":"image\/png"}],"twitter_card":"summary_large_image","twitter_misc":{"Price":"69,75&nbsp;&euro;","Availability":"On backorder"},"schema":{"@context":"https:\/\/schema.org","@graph":[{"@type":"WebPage","@id":"https:\/\/eheating.lt\/produktas\/pagrindas-grindims-magnum-duoboard\/","url":"https:\/\/eheating.lt\/produktas\/pagrindas-grindims-magnum-duoboard\/","name":"Pagrindas grindims MAGNUM DuoBoard","isPartOf":{"@id":"https:\/\/eheating.lt\/#website"},"primaryImageOfPage":{"@id":"https:\/\/eheating.lt\/produktas\/pagrindas-grindims-magnum-duoboard\/#primaryimage"},"image":{"@id":"https:\/\/eheating.lt\/produktas\/pagrindas-grindims-magnum-duoboard\/#primaryimage"},"thumbnailUrl":"https:\/\/eheating.lt\/wp-content\/uploads\/2022\/09\/MagnumHeating-DuoBoard-1.png","datePublished":"2022-09-28T09:07:11+00:00","dateModified":"2025-02-24T15:32:15+00:00","breadcrumb":{"@id":"https:\/\/eheating.lt\/produktas\/pagrindas-grindims-magnum-duoboard\/#breadcrumb"},"inLanguage":"en-US","potentialAction":[{"@type":"ReadAction","target":["https:\/\/eheating.lt\/produktas\/pagrindas-grindims-magnum-duoboard\/"]}]},{"@type":"ImageObject","inLanguage":"en-US","@id":"https:\/\/eheating.lt\/produktas\/pagrindas-grindims-magnum-duoboard\/#primaryimage","url":"https:\/\/eheating.lt\/wp-content\/uploads\/2022\/09\/MagnumHeating-DuoBoard-1.png","contentUrl":"https:\/\/eheating.lt\/wp-content\/uploads\/2022\/09\/MagnumHeating-DuoBoard-1.png","width":800,"height":800,"caption":"MAGNUM DuoBoard"},{"@type":"BreadcrumbList","@id":"https:\/\/eheating.lt\/produktas\/pagrindas-grindims-magnum-duoboard\/#breadcrumb","itemListElement":[{"@type":"ListItem","position":1,"name":"Prad\u017eia","item":"https:\/\/eheating.lt\/en\/"},{"@type":"ListItem","position":2,"name":"Shop","item":"https:\/\/eheating.lt\/en\/?page_id=5734"},{"@type":"ListItem","position":3,"name":"Pagrindas grindims MAGNUM DuoBoard"}]},{"@type":"WebSite","@id":"https:\/\/eheating.lt\/#website","url":"https:\/\/eheating.lt\/","name":"eHeating","description":"Elektronika ir \u0161ildymas","potentialAction":[{"@type":"SearchAction","target":{"@type":"EntryPoint","urlTemplate":"https:\/\/eheating.lt\/?s={search_term_string}"},"query-input":{"@type":"PropertyValueSpecification","valueRequired":true,"valueName":"search_term_string"}}],"inLanguage":"en-US"}]},"product_price_amount":"69.75","product_price_currency":"EUR","og_availability":"backorder","product_availability":"available for order","product_retailer_item_id":"MAGNUM-DUOBOARD","product_condition":"new"},"_links":{"self":[{"href":"https:\/\/eheating.lt\/en\/wp-json\/wp\/v2\/product\/4276","targetHints":{"allow":["GET"]}}],"collection":[{"href":"https:\/\/eheating.lt\/en\/wp-json\/wp\/v2\/product"}],"about":[{"href":"https:\/\/eheating.lt\/en\/wp-json\/wp\/v2\/types\/product"}],"replies":[{"embeddable":true,"href":"https:\/\/eheating.lt\/en\/wp-json\/wp\/v2\/comments?post=4276"}],"version-history":[{"count":2,"href":"https:\/\/eheating.lt\/en\/wp-json\/wp\/v2\/product\/4276\/revisions"}],"predecessor-version":[{"id":38378,"href":"https:\/\/eheating.lt\/en\/wp-json\/wp\/v2\/product\/4276\/revisions\/38378"}],"wp:featuredmedia":[{"embeddable":true,"href":"https:\/\/eheating.lt\/en\/wp-json\/wp\/v2\/media\/8535"}],"wp:attachment":[{"href":"https:\/\/eheating.lt\/en\/wp-json\/wp\/v2\/media?parent=4276"}],"wp:term":[{"taxonomy":"product_brand","embeddable":true,"href":"https:\/\/eheating.lt\/en\/wp-json\/wp\/v2\/product_brand?post=4276"},{"taxonomy":"product_cat","embeddable":true,"href":"https:\/\/eheating.lt\/en\/wp-json\/wp\/v2\/product_cat?post=4276"},{"taxonomy":"product_tag","embeddable":true,"href":"https:\/\/eheating.lt\/en\/wp-json\/wp\/v2\/product_tag?post=4276"}],"curies":[{"name":"wp","href":"https:\/\/api.w.org\/{rel}","templated":true}]}}