{"id":4254,"date":"2022-09-28T10:35:26","date_gmt":"2022-09-28T07:35:26","guid":{"rendered":"https:\/\/eheating.lt\/?post_type=product&#038;p=4254"},"modified":"2025-02-24T17:32:36","modified_gmt":"2025-02-24T15:32:36","slug":"plokste-elektriniam-grindu-sildymui-magnum-heatboard-e","status":"publish","type":"product","link":"https:\/\/eheating.lt\/en\/produktas\/plokste-elektriniam-grindu-sildymui-magnum-heatboard-e\/","title":{"rendered":"Plok\u0161t\u0117 elektriniam grind\u0173 \u0161ildymui MAGNUM HeatBoard"},"content":{"rendered":"<p><strong>MAGNUM HeatBoard<\/strong> labai lengva pjaustyti pagal\u00a0 reikiami\u0105 dyd\u012f. Sumontavus plok\u0161tes, Magnum HeatBoard \u0161ildymo kabel\u012f galima tiesiog \u012fspausti \u012f plok\u0161t\u0117s griovelius. Vienam kvadratiniui metrui (1 m<sup>2)<\/sup> plok\u0161t\u0117s sunaudojama apie devyni metrai (9m) \u0161ildymo kabelio.<\/p>\n<hr \/>\n<p><span style=\"font-size: 18px;\"><strong>Magnum HeatBoard E komplekte:<\/strong><\/span><\/p>\n<ul>\n<li>11 HeatBoard E sistemos plok\u0161\u010di\u0173<\/li>\n<li>5m<sup>2<\/sup> veltinio u\u017edengimui prie\u0161 montuojant dang\u0105<\/li>\n<li>Apsaugin\u0117s pir\u0161tin\u0117s<\/li>\n<\/ul>\n<hr \/>\n<p><span style=\"font-size: 18px;\"><strong>Papildoma informacija:<\/strong><\/span><\/p>\n<ul>\n<li>Storis 12mm<\/li>\n<li>Plotis nuo 594mm<\/li>\n<li>Ilgis 778mm<\/li>\n<li>Minimalus auk\u0161tis su grind\u0173 danga 20mm<\/li>\n<li>Tinka naudoti po parketu ir laminatu<\/li>\n<li>Netinka naudoti po plytel\u0117mis ir \u0161lapiose patalpose<\/li>\n<li>PVC ir Kiliminei dangai papildomai naudojama <strong>Magnum DuoBoard<\/strong><\/li>\n<\/ul>\n<p>&nbsp;<\/p>\n<p><img decoding=\"async\" style=\"height: 30px;\" src=\"http:\/\/eheating.lt\/wp-content\/uploads\/2022\/12\/pdf.png\" \/><a href=\"http:\/\/eheating.lt\/wp-content\/uploads\/2023\/01\/Magnum-Heating-HeatBoard-manual-2.pdf\"><strong>Instrukcija (Angl\u0173 k.)<\/strong><\/a><\/p>\n<p>&nbsp;<\/p>\n<div id=\"product-tab\" class=\"woocommerce-tabs woocommerce-tabs-dmp083c4 resp-htabs\">\n<div class=\"resp-tabs-container\">\n<div id=\"tab-description\" class=\"tab-content resp-tab-content resp-tab-content-active\" aria-labelledby=\"tab_item-1\">\n<figure class=\"wp-block-table is-style-stripes\">\n<figure class=\"wp-block-table is-style-stripes\">\n<table style=\"height: 48px; width: 80.1099%;\" width=\"80.1099%\">\n<tbody>\n<tr style=\"height: 24px;\">\n<td style=\"width: 17.1711%; height: 24px;\"><strong>Produkto numeris\u00a0<\/strong><\/td>\n<td style=\"width: 22.4894%; height: 24px;\"><strong>Apra\u0161ymas<\/strong><\/td>\n<td style=\"width: 19.4083%; height: 24px;\"><strong>m\u00b2<\/strong><\/td>\n<td style=\"width: 12.0058%; height: 24px;\"><strong>Matmenys\u00a0<\/strong><\/td>\n<td style=\"width: 19.8243%; height: 24px;\"><strong>Vienetas<\/strong><\/td>\n<\/tr>\n<tr style=\"height: 24px;\">\n<td style=\"width: 17.1711%; height: 24px;\">430010<\/td>\n<td style=\"width: 22.4894%; height: 24px;\">MAGNUM HeatBoard 12 mm<\/td>\n<td style=\"width: 19.4083%; height: 24px;\">12 m\u00b2<\/td>\n<td style=\"width: 12.0058%; height: 24px;\">78 x 58 cm<\/td>\n<td style=\"width: 19.8243%;\">11 plok\u0161\u010di\u0173<\/td>\n<\/tr>\n<\/tbody>\n<\/table>\n<\/figure>\n<\/figure>\n<\/div>\n<\/div>\n<\/div>\n<p>&nbsp;<\/p>\n<p>&nbsp;<\/p>\n<p style=\"text-align: center;\"><iframe src=\"\/\/www.youtube.com\/embed\/SRX9bRQdaw8\" width=\"560\" height=\"314\" allowfullscreen=\"allowfullscreen\"><\/iframe><\/p>\n","protected":false},"excerpt":{"rendered":"<p><strong>MAGNUM HeatBoard <\/strong>\u00a0yra plona grind\u0173 \u0161ildymo sistema (tik 12mm) montajama tiesiai po medin\u0117mis, parketo arba laminato grindimis.<\/p>\n","protected":false},"featured_media":8539,"comment_status":"closed","ping_status":"closed","template":"","meta":[],"product_brand":[],"product_cat":[143,140],"product_tag":[974],"class_list":{"0":"post-4254","1":"product","2":"type-product","3":"status-publish","4":"has-post-thumbnail","6":"product_cat-elektrines-grindines-sildymo-plokstes","7":"product_cat-elektriniai-sildymo-kilimeliai-kabeliai","8":"product_tag-ean","10":"first","11":"onbackorder","12":"taxable","13":"shipping-taxable","14":"purchasable","15":"product-type-simple"},"yoast_head":"<!-- This site is optimized with the Yoast SEO Premium plugin v21.5 (Yoast SEO v27.3) - https:\/\/yoast.com\/product\/yoast-seo-premium-wordpress\/ -->\n<title>Plok\u0161t\u0117 elektriniam grind\u0173 \u0161ildymui MAGNUM HeatBoard E<\/title>\n<meta name=\"robots\" content=\"index, follow, max-snippet:-1, max-image-preview:large, max-video-preview:-1\" \/>\n<link rel=\"canonical\" href=\"https:\/\/eheating.lt\/en\/produktas\/plokste-elektriniam-grindu-sildymui-magnum-heatboard-e\/\" \/>\n<meta property=\"og:locale\" content=\"en_US\" \/>\n<meta property=\"og:type\" content=\"article\" \/>\n<meta property=\"og:title\" content=\"Plok\u0161t\u0117 elektriniam grind\u0173 \u0161ildymui MAGNUM HeatBoard E\" \/>\n<meta property=\"og:description\" content=\"MAGNUM HeatBoard \u00a0yra plona grind\u0173 \u0161ildymo sistema (tik 12mm) montajama tiesiai po medin\u0117mis, parketo arba laminato grindimis.\" \/>\n<meta property=\"og:url\" content=\"https:\/\/eheating.lt\/en\/produktas\/plokste-elektriniam-grindu-sildymui-magnum-heatboard-e\/\" \/>\n<meta property=\"og:site_name\" content=\"Elektronika Namams\" \/>\n<meta property=\"article:publisher\" content=\"https:\/\/www.facebook.com\/ElektronikaNamams\" \/>\n<meta property=\"article:modified_time\" content=\"2025-02-24T15:32:36+00:00\" \/>\n<meta property=\"og:image\" content=\"https:\/\/eheating.lt\/wp-content\/uploads\/2022\/09\/MagnumHeating-HeatBoard-E-1-1.png\" \/>\n\t<meta property=\"og:image:width\" content=\"800\" \/>\n\t<meta property=\"og:image:height\" content=\"800\" \/>\n\t<meta property=\"og:image:type\" content=\"image\/png\" \/>\n<meta name=\"twitter:card\" content=\"summary_large_image\" \/>\n<meta name=\"twitter:label1\" content=\"Price\" \/>\n\t<meta name=\"twitter:data1\" content=\"164,33&nbsp;&euro;\" \/>\n\t<meta name=\"twitter:label2\" content=\"Availability\" \/>\n\t<meta name=\"twitter:data2\" content=\"On backorder\" \/>\n<script type=\"application\/ld+json\" class=\"yoast-schema-graph\">{\"@context\":\"https:\\\/\\\/schema.org\",\"@graph\":[{\"@type\":\"WebPage\",\"@id\":\"https:\\\/\\\/eheating.lt\\\/en\\\/produktas\\\/plokste-elektriniam-grindu-sildymui-magnum-heatboard-e\\\/\",\"url\":\"https:\\\/\\\/eheating.lt\\\/en\\\/produktas\\\/plokste-elektriniam-grindu-sildymui-magnum-heatboard-e\\\/\",\"name\":\"Plok\u0161t\u0117 elektriniam grind\u0173 \u0161ildymui MAGNUM HeatBoard E\",\"isPartOf\":{\"@id\":\"https:\\\/\\\/eheating.lt\\\/#website\"},\"primaryImageOfPage\":{\"@id\":\"https:\\\/\\\/eheating.lt\\\/en\\\/produktas\\\/plokste-elektriniam-grindu-sildymui-magnum-heatboard-e\\\/#primaryimage\"},\"image\":{\"@id\":\"https:\\\/\\\/eheating.lt\\\/en\\\/produktas\\\/plokste-elektriniam-grindu-sildymui-magnum-heatboard-e\\\/#primaryimage\"},\"thumbnailUrl\":\"https:\\\/\\\/eheating.lt\\\/wp-content\\\/uploads\\\/2022\\\/09\\\/MagnumHeating-HeatBoard-E-1-1.png\",\"datePublished\":\"2022-09-28T07:35:26+00:00\",\"dateModified\":\"2025-02-24T15:32:36+00:00\",\"breadcrumb\":{\"@id\":\"https:\\\/\\\/eheating.lt\\\/en\\\/produktas\\\/plokste-elektriniam-grindu-sildymui-magnum-heatboard-e\\\/#breadcrumb\"},\"inLanguage\":\"en-US\",\"potentialAction\":[{\"@type\":\"ReadAction\",\"target\":[\"https:\\\/\\\/eheating.lt\\\/en\\\/produktas\\\/plokste-elektriniam-grindu-sildymui-magnum-heatboard-e\\\/\"]}]},{\"@type\":\"ImageObject\",\"inLanguage\":\"en-US\",\"@id\":\"https:\\\/\\\/eheating.lt\\\/en\\\/produktas\\\/plokste-elektriniam-grindu-sildymui-magnum-heatboard-e\\\/#primaryimage\",\"url\":\"https:\\\/\\\/eheating.lt\\\/wp-content\\\/uploads\\\/2022\\\/09\\\/MagnumHeating-HeatBoard-E-1-1.png\",\"contentUrl\":\"https:\\\/\\\/eheating.lt\\\/wp-content\\\/uploads\\\/2022\\\/09\\\/MagnumHeating-HeatBoard-E-1-1.png\",\"width\":800,\"height\":800,\"caption\":\"MAGNUM HeatBoard (E)\"},{\"@type\":\"BreadcrumbList\",\"@id\":\"https:\\\/\\\/eheating.lt\\\/en\\\/produktas\\\/plokste-elektriniam-grindu-sildymui-magnum-heatboard-e\\\/#breadcrumb\",\"itemListElement\":[{\"@type\":\"ListItem\",\"position\":1,\"name\":\"Prad\u017eia\",\"item\":\"https:\\\/\\\/eheating.lt\\\/en\\\/\"},{\"@type\":\"ListItem\",\"position\":2,\"name\":\"Shop\",\"item\":\"https:\\\/\\\/eheating.lt\\\/en\\\/?page_id=5734\"},{\"@type\":\"ListItem\",\"position\":3,\"name\":\"Plok\u0161t\u0117 elektriniam grind\u0173 \u0161ildymui MAGNUM HeatBoard E\"}]},{\"@type\":\"WebSite\",\"@id\":\"https:\\\/\\\/eheating.lt\\\/#website\",\"url\":\"https:\\\/\\\/eheating.lt\\\/\",\"name\":\"eHeating\",\"description\":\"Elektronika ir \u0161ildymas\",\"potentialAction\":[{\"@type\":\"SearchAction\",\"target\":{\"@type\":\"EntryPoint\",\"urlTemplate\":\"https:\\\/\\\/eheating.lt\\\/?s={search_term_string}\"},\"query-input\":{\"@type\":\"PropertyValueSpecification\",\"valueRequired\":true,\"valueName\":\"search_term_string\"}}],\"inLanguage\":\"en-US\"}]}<\/script>\n<meta property=\"product:price:amount\" content=\"164.33\" \/>\n<meta property=\"product:price:currency\" content=\"EUR\" \/>\n<meta property=\"og:availability\" content=\"backorder\" \/>\n<meta property=\"product:availability\" content=\"available for order\" \/>\n<meta property=\"product:retailer_item_id\" content=\"MAGNUM-HEATBOARD\" \/>\n<meta property=\"product:condition\" content=\"new\" \/>\n<!-- \/ Yoast SEO Premium plugin. -->","yoast_head_json":{"title":"Plok\u0161t\u0117 elektriniam grind\u0173 \u0161ildymui MAGNUM HeatBoard E","robots":{"index":"index","follow":"follow","max-snippet":"max-snippet:-1","max-image-preview":"max-image-preview:large","max-video-preview":"max-video-preview:-1"},"canonical":"https:\/\/eheating.lt\/en\/produktas\/plokste-elektriniam-grindu-sildymui-magnum-heatboard-e\/","og_locale":"en_US","og_type":"article","og_title":"Plok\u0161t\u0117 elektriniam grind\u0173 \u0161ildymui MAGNUM HeatBoard E","og_description":"MAGNUM HeatBoard \u00a0yra plona grind\u0173 \u0161ildymo sistema (tik 12mm) montajama tiesiai po medin\u0117mis, parketo arba laminato grindimis.","og_url":"https:\/\/eheating.lt\/en\/produktas\/plokste-elektriniam-grindu-sildymui-magnum-heatboard-e\/","og_site_name":"Elektronika Namams","article_publisher":"https:\/\/www.facebook.com\/ElektronikaNamams","article_modified_time":"2025-02-24T15:32:36+00:00","og_image":[{"width":800,"height":800,"url":"https:\/\/eheating.lt\/wp-content\/uploads\/2022\/09\/MagnumHeating-HeatBoard-E-1-1.png","type":"image\/png"}],"twitter_card":"summary_large_image","twitter_misc":{"Price":"164,33&nbsp;&euro;","Availability":"On backorder"},"schema":{"@context":"https:\/\/schema.org","@graph":[{"@type":"WebPage","@id":"https:\/\/eheating.lt\/en\/produktas\/plokste-elektriniam-grindu-sildymui-magnum-heatboard-e\/","url":"https:\/\/eheating.lt\/en\/produktas\/plokste-elektriniam-grindu-sildymui-magnum-heatboard-e\/","name":"Plok\u0161t\u0117 elektriniam grind\u0173 \u0161ildymui MAGNUM HeatBoard E","isPartOf":{"@id":"https:\/\/eheating.lt\/#website"},"primaryImageOfPage":{"@id":"https:\/\/eheating.lt\/en\/produktas\/plokste-elektriniam-grindu-sildymui-magnum-heatboard-e\/#primaryimage"},"image":{"@id":"https:\/\/eheating.lt\/en\/produktas\/plokste-elektriniam-grindu-sildymui-magnum-heatboard-e\/#primaryimage"},"thumbnailUrl":"https:\/\/eheating.lt\/wp-content\/uploads\/2022\/09\/MagnumHeating-HeatBoard-E-1-1.png","datePublished":"2022-09-28T07:35:26+00:00","dateModified":"2025-02-24T15:32:36+00:00","breadcrumb":{"@id":"https:\/\/eheating.lt\/en\/produktas\/plokste-elektriniam-grindu-sildymui-magnum-heatboard-e\/#breadcrumb"},"inLanguage":"en-US","potentialAction":[{"@type":"ReadAction","target":["https:\/\/eheating.lt\/en\/produktas\/plokste-elektriniam-grindu-sildymui-magnum-heatboard-e\/"]}]},{"@type":"ImageObject","inLanguage":"en-US","@id":"https:\/\/eheating.lt\/en\/produktas\/plokste-elektriniam-grindu-sildymui-magnum-heatboard-e\/#primaryimage","url":"https:\/\/eheating.lt\/wp-content\/uploads\/2022\/09\/MagnumHeating-HeatBoard-E-1-1.png","contentUrl":"https:\/\/eheating.lt\/wp-content\/uploads\/2022\/09\/MagnumHeating-HeatBoard-E-1-1.png","width":800,"height":800,"caption":"MAGNUM HeatBoard (E)"},{"@type":"BreadcrumbList","@id":"https:\/\/eheating.lt\/en\/produktas\/plokste-elektriniam-grindu-sildymui-magnum-heatboard-e\/#breadcrumb","itemListElement":[{"@type":"ListItem","position":1,"name":"Prad\u017eia","item":"https:\/\/eheating.lt\/en\/"},{"@type":"ListItem","position":2,"name":"Shop","item":"https:\/\/eheating.lt\/en\/?page_id=5734"},{"@type":"ListItem","position":3,"name":"Plok\u0161t\u0117 elektriniam grind\u0173 \u0161ildymui MAGNUM HeatBoard E"}]},{"@type":"WebSite","@id":"https:\/\/eheating.lt\/#website","url":"https:\/\/eheating.lt\/","name":"eHeating","description":"Elektronika ir \u0161ildymas","potentialAction":[{"@type":"SearchAction","target":{"@type":"EntryPoint","urlTemplate":"https:\/\/eheating.lt\/?s={search_term_string}"},"query-input":{"@type":"PropertyValueSpecification","valueRequired":true,"valueName":"search_term_string"}}],"inLanguage":"en-US"}]},"product_price_amount":"164.33","product_price_currency":"EUR","og_availability":"backorder","product_availability":"available for order","product_retailer_item_id":"MAGNUM-HEATBOARD","product_condition":"new"},"_links":{"self":[{"href":"https:\/\/eheating.lt\/en\/wp-json\/wp\/v2\/product\/4254","targetHints":{"allow":["GET"]}}],"collection":[{"href":"https:\/\/eheating.lt\/en\/wp-json\/wp\/v2\/product"}],"about":[{"href":"https:\/\/eheating.lt\/en\/wp-json\/wp\/v2\/types\/product"}],"replies":[{"embeddable":true,"href":"https:\/\/eheating.lt\/en\/wp-json\/wp\/v2\/comments?post=4254"}],"version-history":[{"count":2,"href":"https:\/\/eheating.lt\/en\/wp-json\/wp\/v2\/product\/4254\/revisions"}],"predecessor-version":[{"id":38379,"href":"https:\/\/eheating.lt\/en\/wp-json\/wp\/v2\/product\/4254\/revisions\/38379"}],"wp:featuredmedia":[{"embeddable":true,"href":"https:\/\/eheating.lt\/en\/wp-json\/wp\/v2\/media\/8539"}],"wp:attachment":[{"href":"https:\/\/eheating.lt\/en\/wp-json\/wp\/v2\/media?parent=4254"}],"wp:term":[{"taxonomy":"product_brand","embeddable":true,"href":"https:\/\/eheating.lt\/en\/wp-json\/wp\/v2\/product_brand?post=4254"},{"taxonomy":"product_cat","embeddable":true,"href":"https:\/\/eheating.lt\/en\/wp-json\/wp\/v2\/product_cat?post=4254"},{"taxonomy":"product_tag","embeddable":true,"href":"https:\/\/eheating.lt\/en\/wp-json\/wp\/v2\/product_tag?post=4254"}],"curies":[{"name":"wp","href":"https:\/\/api.w.org\/{rel}","templated":true}]}}