{"id":4235,"date":"2022-09-27T18:58:53","date_gmt":"2022-09-27T15:58:53","guid":{"rendered":"https:\/\/eheating.lt\/?post_type=product&#038;p=4235"},"modified":"2025-02-24T17:34:19","modified_gmt":"2025-02-24T15:34:19","slug":"elektrinis-veidrodziu-sildymo-kilimelis-40x58cm-50w-magnum-look","status":"publish","type":"product","link":"https:\/\/eheating.lt\/en\/produktas\/elektrinis-veidrodziu-sildymo-kilimelis-40x58cm-50w-magnum-look\/","title":{"rendered":"Elektrinis veidrod\u017ei\u0173 \u0161ildymo kilim\u0117lis 40x58cm 50W"},"content":{"rendered":"<p><strong>MAGNUM Look<\/strong> yra \u012fjungiamas ir naudojamas per \u0161viesos jungikl\u012f, akimirksniu apsaugo nuo rasojimo. Tai taip pat u\u017ekerta keli\u0105 nemalonioms rank\u0161luos\u010di\u0173 \u017eym\u0117ms, kurios lieka atsiradus\u012f kondensat\u0105 pa\u0161alinus rankiniu b\u016bdu. \u0160ildym\u0105 jungiant per vonios kambario \u0161viesos jungikl\u012f, i\u0161vengiame nereikalingo energijos \u0161vaistymo. MAGNUM Look veidrodinis \u0161ildymas yra lipni \u0161ildymo folija, kuri\u0105 galima montuoti tiesiai ant veidrod\u017eio galin\u0117s pus\u0117s.<\/p>\n<p>&nbsp;<\/p>\n<p><span style=\"color: #ff0000;\"><span style=\"text-decoration: underline;\"><span style=\"font-size: 18px;\"><strong>D\u0116MESIO: <\/strong><\/span><\/span><span style=\"color: #000000;\">Pl\u0117vel\u0117 turi labai didel\u012f sukibim\u0105, tod\u0117l ji yra pritvirtinama visam laikui.<\/span><\/span><\/p>\n<hr \/>\n<p><span style=\"font-size: 18px;\"><strong>Magnum Look komplekte:<\/strong><\/span><\/p>\n<ul>\n<li>\u0160ildymo folija su lipniu pavir\u0161iumi<\/li>\n<li>1 metro ilgio maitinimo kabelis<\/li>\n<li>Montavimo instrukcija (Angl\u0173 k.)<\/li>\n<\/ul>\n<p>&nbsp;<\/p>\n<p><img decoding=\"async\" style=\"height: 30px;\" src=\"http:\/\/eheating.lt\/wp-content\/uploads\/2022\/12\/pdf.png\" \/><a href=\"http:\/\/eheating.lt\/wp-content\/uploads\/2023\/01\/Magnum-Heating-Look-manual.pdf\"><strong>Instrukcija (Angl\u0173 k.) <\/strong><\/a><\/p>\n<p><img decoding=\"async\" style=\"height: 30px;\" src=\"http:\/\/eheating.lt\/wp-content\/uploads\/2022\/12\/pdf.png\" \/><a href=\"http:\/\/eheating.lt\/wp-content\/uploads\/2023\/01\/Magnum-Heating-Look-datasheet.pdf\"><strong>Specifikacijos (Angl\u0173 k.)<\/strong><\/a><\/p>\n<p>&nbsp;<\/p>\n<hr \/>\n<div class=\"wp-block-cover alignfull is-light is-style-cornered\">\n<div class=\"wp-block-cover__inner-container\">\n<div class=\"wp-block-jetpack-layout-grid alignwide column1-desktop-grid__span-24 column1-desktop-grid__start-1 column1-desktop-grid__row-1 column1-tablet-grid__span-16 column1-tablet-grid__start-1 column1-tablet-grid__row-1 column1-mobile-grid__span-8 column1-mobile-grid__start-1 column1-mobile-grid__row-1 editorskit-no-mobile\">\n<div class=\"wp-block-jetpack-layout-grid-column wp-block-jetpack-layout-grid__padding-none is-vertically-aligned-top editorskit-no-mobile\">\n<div class=\"wp-container-2 wp-block-columns\">\n<div class=\"wp-container-1 wp-block-column\">\n<figure class=\"wp-block-table alignwide is-style-stripes\">\n<table>\n<tbody>\n<tr>\n<td><strong>Produkto numeris<\/strong><\/td>\n<td><strong>Apra\u0161ymas<\/strong><\/td>\n<td><strong>Galia\u00a0<\/strong><\/td>\n<td><strong>\u00a0Matmenys\u00a0<\/strong><\/td>\n<\/tr>\n<tr>\n<td>310035<\/td>\n<td>MAGNUM Look Mirror heating<\/td>\n<td>50 W<\/td>\n<td>Apvalus 35 cm<\/td>\n<\/tr>\n<tr>\n<td>310029<\/td>\n<td>MAGNUM Look Mirror heating<\/td>\n<td>27 W<\/td>\n<td>29 x 29 cm<\/td>\n<\/tr>\n<tr>\n<td>310050<\/td>\n<td>MAGNUM Look Mirror heating<\/td>\n<td>50 W<\/td>\n<td>36 x 50 cm<\/td>\n<\/tr>\n<tr>\n<td>310058<\/td>\n<td>MAGNUM Look Mirror heating<\/td>\n<td>50 W<\/td>\n<td>40 x 58 cm<\/td>\n<\/tr>\n<tr>\n<td>310055<\/td>\n<td>MAGNUM Look Mirror heating<\/td>\n<td>70 W<\/td>\n<td>50 x 58 cm<\/td>\n<\/tr>\n<tr>\n<td>310075<\/td>\n<td>MAGNUM Look Mirror heating<\/td>\n<td>100 W<\/td>\n<td>57 x 75 cm<\/td>\n<\/tr>\n<tr>\n<td>310085<\/td>\n<td>MAGNUM Look Mirror heating<\/td>\n<td>120 W<\/td>\n<td>58 x 85 cm<\/td>\n<\/tr>\n<tr>\n<td>310110<\/td>\n<td>MAGNUM Look Mirror heating<\/td>\n<td>150 W<\/td>\n<td>57 x 110 cm<\/td>\n<\/tr>\n<\/tbody>\n<\/table>\n<\/figure>\n<\/div>\n<\/div>\n<\/div>\n<\/div>\n<\/div>\n<\/div>\n","protected":false},"excerpt":{"rendered":"<p><strong>MAGNUM Look<\/strong> veidrodinis \u0161ildymas neleid\u017eia veidrod\u017eiui aprasoti skutimosi ir makia\u017eo naudojimo metu. Veid\u017eod\u017eio nebereikia valyti po du\u0161o ar kar\u0161to vandens naudojimo.<\/p>\n","protected":false},"featured_media":8611,"comment_status":"closed","ping_status":"closed","template":"","meta":[],"product_brand":[],"product_cat":[140,144],"product_tag":[974],"class_list":{"0":"post-4235","1":"product","2":"type-product","3":"status-publish","4":"has-post-thumbnail","6":"product_cat-elektriniai-sildymo-kilimeliai-kabeliai","7":"product_cat-veidrodzio-sildymo-kilimeliai","8":"product_tag-ean","10":"first","11":"onbackorder","12":"taxable","13":"shipping-taxable","14":"purchasable","15":"product-type-simple"},"yoast_head":"<!-- This site is optimized with the Yoast SEO Premium plugin v21.5 (Yoast SEO v27.3) - https:\/\/yoast.com\/product\/yoast-seo-premium-wordpress\/ -->\n<title>Elektrinis veidrod\u017ei\u0173 \u0161ildymo kilim\u0117lis 40x58cm 50W MAGNUM Look<\/title>\n<meta name=\"robots\" content=\"index, follow, max-snippet:-1, max-image-preview:large, max-video-preview:-1\" \/>\n<link rel=\"canonical\" href=\"https:\/\/eheating.lt\/en\/produktas\/elektrinis-veidrodziu-sildymo-kilimelis-40x58cm-50w-magnum-look\/\" \/>\n<meta property=\"og:locale\" content=\"en_US\" \/>\n<meta property=\"og:type\" content=\"article\" \/>\n<meta property=\"og:title\" content=\"Elektrinis veidrod\u017ei\u0173 \u0161ildymo kilim\u0117lis 40x58cm 50W MAGNUM Look\" \/>\n<meta property=\"og:description\" content=\"MAGNUM Look veidrodinis \u0161ildymas neleid\u017eia veidrod\u017eiui aprasoti skutimosi ir makia\u017eo naudojimo metu. Veid\u017eod\u017eio nebereikia valyti po du\u0161o ar kar\u0161to vandens naudojimo.\" \/>\n<meta property=\"og:url\" content=\"https:\/\/eheating.lt\/en\/produktas\/elektrinis-veidrodziu-sildymo-kilimelis-40x58cm-50w-magnum-look\/\" \/>\n<meta property=\"og:site_name\" content=\"Elektronika Namams\" \/>\n<meta property=\"article:publisher\" content=\"https:\/\/www.facebook.com\/ElektronikaNamams\" \/>\n<meta property=\"article:modified_time\" content=\"2025-02-24T15:34:19+00:00\" \/>\n<meta property=\"og:image\" content=\"https:\/\/eheating.lt\/wp-content\/uploads\/2022\/09\/MagnumHeating-Look-2.png\" \/>\n\t<meta property=\"og:image:width\" content=\"800\" \/>\n\t<meta property=\"og:image:height\" content=\"800\" \/>\n\t<meta property=\"og:image:type\" content=\"image\/png\" \/>\n<meta name=\"twitter:card\" content=\"summary_large_image\" \/>\n<meta name=\"twitter:label1\" content=\"Price\" \/>\n\t<meta name=\"twitter:data1\" content=\"50,92&nbsp;&euro;\" \/>\n\t<meta name=\"twitter:label2\" content=\"Availability\" \/>\n\t<meta name=\"twitter:data2\" content=\"On backorder\" \/>\n<script type=\"application\/ld+json\" class=\"yoast-schema-graph\">{\"@context\":\"https:\\\/\\\/schema.org\",\"@graph\":[{\"@type\":\"WebPage\",\"@id\":\"https:\\\/\\\/eheating.lt\\\/en\\\/produktas\\\/elektrinis-veidrodziu-sildymo-kilimelis-40x58cm-50w-magnum-look\\\/\",\"url\":\"https:\\\/\\\/eheating.lt\\\/en\\\/produktas\\\/elektrinis-veidrodziu-sildymo-kilimelis-40x58cm-50w-magnum-look\\\/\",\"name\":\"Elektrinis veidrod\u017ei\u0173 \u0161ildymo kilim\u0117lis 40x58cm 50W MAGNUM Look\",\"isPartOf\":{\"@id\":\"https:\\\/\\\/eheating.lt\\\/#website\"},\"primaryImageOfPage\":{\"@id\":\"https:\\\/\\\/eheating.lt\\\/en\\\/produktas\\\/elektrinis-veidrodziu-sildymo-kilimelis-40x58cm-50w-magnum-look\\\/#primaryimage\"},\"image\":{\"@id\":\"https:\\\/\\\/eheating.lt\\\/en\\\/produktas\\\/elektrinis-veidrodziu-sildymo-kilimelis-40x58cm-50w-magnum-look\\\/#primaryimage\"},\"thumbnailUrl\":\"https:\\\/\\\/eheating.lt\\\/wp-content\\\/uploads\\\/2022\\\/09\\\/MagnumHeating-Look-2.png\",\"datePublished\":\"2022-09-27T15:58:53+00:00\",\"dateModified\":\"2025-02-24T15:34:19+00:00\",\"breadcrumb\":{\"@id\":\"https:\\\/\\\/eheating.lt\\\/en\\\/produktas\\\/elektrinis-veidrodziu-sildymo-kilimelis-40x58cm-50w-magnum-look\\\/#breadcrumb\"},\"inLanguage\":\"en-US\",\"potentialAction\":[{\"@type\":\"ReadAction\",\"target\":[\"https:\\\/\\\/eheating.lt\\\/en\\\/produktas\\\/elektrinis-veidrodziu-sildymo-kilimelis-40x58cm-50w-magnum-look\\\/\"]}]},{\"@type\":\"ImageObject\",\"inLanguage\":\"en-US\",\"@id\":\"https:\\\/\\\/eheating.lt\\\/en\\\/produktas\\\/elektrinis-veidrodziu-sildymo-kilimelis-40x58cm-50w-magnum-look\\\/#primaryimage\",\"url\":\"https:\\\/\\\/eheating.lt\\\/wp-content\\\/uploads\\\/2022\\\/09\\\/MagnumHeating-Look-2.png\",\"contentUrl\":\"https:\\\/\\\/eheating.lt\\\/wp-content\\\/uploads\\\/2022\\\/09\\\/MagnumHeating-Look-2.png\",\"width\":800,\"height\":800,\"caption\":\"MAGNUM Look\"},{\"@type\":\"BreadcrumbList\",\"@id\":\"https:\\\/\\\/eheating.lt\\\/en\\\/produktas\\\/elektrinis-veidrodziu-sildymo-kilimelis-40x58cm-50w-magnum-look\\\/#breadcrumb\",\"itemListElement\":[{\"@type\":\"ListItem\",\"position\":1,\"name\":\"Prad\u017eia\",\"item\":\"https:\\\/\\\/eheating.lt\\\/en\\\/\"},{\"@type\":\"ListItem\",\"position\":2,\"name\":\"Shop\",\"item\":\"https:\\\/\\\/eheating.lt\\\/en\\\/?page_id=5734\"},{\"@type\":\"ListItem\",\"position\":3,\"name\":\"Elektrinis veidrod\u017ei\u0173 \u0161ildymo kilim\u0117lis 40x58cm 50W MAGNUM Look\"}]},{\"@type\":\"WebSite\",\"@id\":\"https:\\\/\\\/eheating.lt\\\/#website\",\"url\":\"https:\\\/\\\/eheating.lt\\\/\",\"name\":\"eHeating\",\"description\":\"Elektronika ir \u0161ildymas\",\"potentialAction\":[{\"@type\":\"SearchAction\",\"target\":{\"@type\":\"EntryPoint\",\"urlTemplate\":\"https:\\\/\\\/eheating.lt\\\/?s={search_term_string}\"},\"query-input\":{\"@type\":\"PropertyValueSpecification\",\"valueRequired\":true,\"valueName\":\"search_term_string\"}}],\"inLanguage\":\"en-US\"}]}<\/script>\n<meta property=\"product:price:amount\" content=\"50.92\" \/>\n<meta property=\"product:price:currency\" content=\"EUR\" \/>\n<meta property=\"og:availability\" content=\"backorder\" \/>\n<meta property=\"product:availability\" content=\"available for order\" \/>\n<meta property=\"product:retailer_item_id\" content=\"MAGNUM-LOOK-40x58\" \/>\n<meta property=\"product:condition\" content=\"new\" \/>\n<!-- \/ Yoast SEO Premium plugin. -->","yoast_head_json":{"title":"Elektrinis veidrod\u017ei\u0173 \u0161ildymo kilim\u0117lis 40x58cm 50W MAGNUM Look","robots":{"index":"index","follow":"follow","max-snippet":"max-snippet:-1","max-image-preview":"max-image-preview:large","max-video-preview":"max-video-preview:-1"},"canonical":"https:\/\/eheating.lt\/en\/produktas\/elektrinis-veidrodziu-sildymo-kilimelis-40x58cm-50w-magnum-look\/","og_locale":"en_US","og_type":"article","og_title":"Elektrinis veidrod\u017ei\u0173 \u0161ildymo kilim\u0117lis 40x58cm 50W MAGNUM Look","og_description":"MAGNUM Look veidrodinis \u0161ildymas neleid\u017eia veidrod\u017eiui aprasoti skutimosi ir makia\u017eo naudojimo metu. Veid\u017eod\u017eio nebereikia valyti po du\u0161o ar kar\u0161to vandens naudojimo.","og_url":"https:\/\/eheating.lt\/en\/produktas\/elektrinis-veidrodziu-sildymo-kilimelis-40x58cm-50w-magnum-look\/","og_site_name":"Elektronika Namams","article_publisher":"https:\/\/www.facebook.com\/ElektronikaNamams","article_modified_time":"2025-02-24T15:34:19+00:00","og_image":[{"width":800,"height":800,"url":"https:\/\/eheating.lt\/wp-content\/uploads\/2022\/09\/MagnumHeating-Look-2.png","type":"image\/png"}],"twitter_card":"summary_large_image","twitter_misc":{"Price":"50,92&nbsp;&euro;","Availability":"On backorder"},"schema":{"@context":"https:\/\/schema.org","@graph":[{"@type":"WebPage","@id":"https:\/\/eheating.lt\/en\/produktas\/elektrinis-veidrodziu-sildymo-kilimelis-40x58cm-50w-magnum-look\/","url":"https:\/\/eheating.lt\/en\/produktas\/elektrinis-veidrodziu-sildymo-kilimelis-40x58cm-50w-magnum-look\/","name":"Elektrinis veidrod\u017ei\u0173 \u0161ildymo kilim\u0117lis 40x58cm 50W MAGNUM Look","isPartOf":{"@id":"https:\/\/eheating.lt\/#website"},"primaryImageOfPage":{"@id":"https:\/\/eheating.lt\/en\/produktas\/elektrinis-veidrodziu-sildymo-kilimelis-40x58cm-50w-magnum-look\/#primaryimage"},"image":{"@id":"https:\/\/eheating.lt\/en\/produktas\/elektrinis-veidrodziu-sildymo-kilimelis-40x58cm-50w-magnum-look\/#primaryimage"},"thumbnailUrl":"https:\/\/eheating.lt\/wp-content\/uploads\/2022\/09\/MagnumHeating-Look-2.png","datePublished":"2022-09-27T15:58:53+00:00","dateModified":"2025-02-24T15:34:19+00:00","breadcrumb":{"@id":"https:\/\/eheating.lt\/en\/produktas\/elektrinis-veidrodziu-sildymo-kilimelis-40x58cm-50w-magnum-look\/#breadcrumb"},"inLanguage":"en-US","potentialAction":[{"@type":"ReadAction","target":["https:\/\/eheating.lt\/en\/produktas\/elektrinis-veidrodziu-sildymo-kilimelis-40x58cm-50w-magnum-look\/"]}]},{"@type":"ImageObject","inLanguage":"en-US","@id":"https:\/\/eheating.lt\/en\/produktas\/elektrinis-veidrodziu-sildymo-kilimelis-40x58cm-50w-magnum-look\/#primaryimage","url":"https:\/\/eheating.lt\/wp-content\/uploads\/2022\/09\/MagnumHeating-Look-2.png","contentUrl":"https:\/\/eheating.lt\/wp-content\/uploads\/2022\/09\/MagnumHeating-Look-2.png","width":800,"height":800,"caption":"MAGNUM Look"},{"@type":"BreadcrumbList","@id":"https:\/\/eheating.lt\/en\/produktas\/elektrinis-veidrodziu-sildymo-kilimelis-40x58cm-50w-magnum-look\/#breadcrumb","itemListElement":[{"@type":"ListItem","position":1,"name":"Prad\u017eia","item":"https:\/\/eheating.lt\/en\/"},{"@type":"ListItem","position":2,"name":"Shop","item":"https:\/\/eheating.lt\/en\/?page_id=5734"},{"@type":"ListItem","position":3,"name":"Elektrinis veidrod\u017ei\u0173 \u0161ildymo kilim\u0117lis 40x58cm 50W MAGNUM Look"}]},{"@type":"WebSite","@id":"https:\/\/eheating.lt\/#website","url":"https:\/\/eheating.lt\/","name":"eHeating","description":"Elektronika ir \u0161ildymas","potentialAction":[{"@type":"SearchAction","target":{"@type":"EntryPoint","urlTemplate":"https:\/\/eheating.lt\/?s={search_term_string}"},"query-input":{"@type":"PropertyValueSpecification","valueRequired":true,"valueName":"search_term_string"}}],"inLanguage":"en-US"}]},"product_price_amount":"50.92","product_price_currency":"EUR","og_availability":"backorder","product_availability":"available for order","product_retailer_item_id":"MAGNUM-LOOK-40x58","product_condition":"new"},"_links":{"self":[{"href":"https:\/\/eheating.lt\/en\/wp-json\/wp\/v2\/product\/4235","targetHints":{"allow":["GET"]}}],"collection":[{"href":"https:\/\/eheating.lt\/en\/wp-json\/wp\/v2\/product"}],"about":[{"href":"https:\/\/eheating.lt\/en\/wp-json\/wp\/v2\/types\/product"}],"replies":[{"embeddable":true,"href":"https:\/\/eheating.lt\/en\/wp-json\/wp\/v2\/comments?post=4235"}],"version-history":[{"count":2,"href":"https:\/\/eheating.lt\/en\/wp-json\/wp\/v2\/product\/4235\/revisions"}],"predecessor-version":[{"id":38383,"href":"https:\/\/eheating.lt\/en\/wp-json\/wp\/v2\/product\/4235\/revisions\/38383"}],"wp:featuredmedia":[{"embeddable":true,"href":"https:\/\/eheating.lt\/en\/wp-json\/wp\/v2\/media\/8611"}],"wp:attachment":[{"href":"https:\/\/eheating.lt\/en\/wp-json\/wp\/v2\/media?parent=4235"}],"wp:term":[{"taxonomy":"product_brand","embeddable":true,"href":"https:\/\/eheating.lt\/en\/wp-json\/wp\/v2\/product_brand?post=4235"},{"taxonomy":"product_cat","embeddable":true,"href":"https:\/\/eheating.lt\/en\/wp-json\/wp\/v2\/product_cat?post=4235"},{"taxonomy":"product_tag","embeddable":true,"href":"https:\/\/eheating.lt\/en\/wp-json\/wp\/v2\/product_tag?post=4235"}],"curies":[{"name":"wp","href":"https:\/\/api.w.org\/{rel}","templated":true}]}}