{"id":4225,"date":"2022-09-27T17:33:42","date_gmt":"2022-09-27T14:33:42","guid":{"rendered":"https:\/\/eheating.lt\/?post_type=product&#038;p=4225"},"modified":"2025-02-24T17:38:02","modified_gmt":"2025-02-24T15:38:02","slug":"elektrinis-sildymo-kabelis-1706m-2900w-magnum-cable","status":"publish","type":"product","link":"https:\/\/eheating.lt\/en\/produktas\/elektrinis-sildymo-kabelis-1706m-2900w-magnum-cable\/","title":{"rendered":"Elektrinis \u0161ildymo kabelis 170,6m 2900W MAGNUM"},"content":{"rendered":"<p><span style=\"font-size: 18px;\"><strong>Magnum Cable 17W komplekte:<\/strong><\/span><\/p>\n<ul>\n<li>\u0160ildymo kabelis<\/li>\n<li>Juosta montavimui<\/li>\n<li>Lankstus gofruotas vamzdis grind\u0173 jutikliui<\/li>\n<li>Montavimo instrukcija (Angl\u0173 k.)<\/li>\n<\/ul>\n<hr \/>\n<p><span style=\"font-size: 18px;\"><strong>Papildoma informacija:<\/strong><\/span><\/p>\n<ul>\n<li>17W \u012f kabelio metr\u0105, 230V<\/li>\n<li>Galia 115-200W\/m<sup>2<\/sup><\/li>\n<li>2,5 metro trij\u0173 laid\u0173 maitinimo kabelis<\/li>\n<li>Minimalus auk\u0161tis nuo grind\u0173 pavir\u0161iaus 30mm<\/li>\n<li>Visas korpusas su aliuminio apvalkalu<\/li>\n<li>Unikali aklina jungtis tarp \u0161ildymo ir prijungimo laido<\/li>\n<li>Chromo\/nikelio atsparumo viela<\/li>\n<li>XLPE \u00a0izoliacija<\/li>\n<li>PVC apsauginis apvalkalas<\/li>\n<li>Kabelio skersmuo apytiksl. 7 mm<\/li>\n<li>Galia 17W<\/li>\n<li>VDE patvirtintas ir atitinkantis Europos CE standartus<\/li>\n<\/ul>\n<p>&nbsp;<\/p>\n<p><img decoding=\"async\" style=\"height: 30px;\" src=\"http:\/\/eheating.lt\/wp-content\/uploads\/2022\/12\/pdf.png\" \/><a href=\"http:\/\/eheating.lt\/wp-content\/uploads\/2023\/01\/Magnum-Heating-Cable-manual.pdf\"><strong>Instrukcija (Angl\u0173 k.) <\/strong><\/a><\/p>\n<p><img decoding=\"async\" style=\"height: 30px;\" src=\"http:\/\/eheating.lt\/wp-content\/uploads\/2022\/12\/pdf.png\" \/><a href=\"http:\/\/eheating.lt\/wp-content\/uploads\/2023\/01\/Magnum-Heating-Cable-17-datasheet.pdf\"><strong>Specifikacijos (Angl\u0173 k.)<\/strong><\/a><\/p>\n<p>&nbsp;<\/p>\n<hr \/>\n<div class=\"wp-block-cover alignfull is-light is-style-cornered\">\n<div class=\"wp-block-cover__inner-container\">\n<div class=\"wp-block-jetpack-layout-grid alignwide column1-desktop-grid__span-24 column1-desktop-grid__start-1 column1-desktop-grid__row-1 column1-tablet-grid__span-16 column1-tablet-grid__start-1 column1-tablet-grid__row-1 column1-mobile-grid__span-8 column1-mobile-grid__start-1 column1-mobile-grid__row-1 editorskit-no-mobile\">\n<div class=\"wp-block-jetpack-layout-grid-column wp-block-jetpack-layout-grid__padding-none is-vertically-aligned-top editorskit-no-mobile\">\n<div class=\"wp-container-2 wp-block-columns\">\n<div class=\"wp-container-1 wp-block-column\">\n<figure class=\"wp-block-table alignwide is-style-stripes\">\n<table>\n<tbody>\n<tr>\n<td><strong>Produkto numeris<\/strong><\/td>\n<td><strong>Apra\u0161ymas<\/strong><\/td>\n<td><strong>Ilgis\u00a0 \u00a0\u00a0<\/strong><\/td>\n<td><strong>\u00a0Galia\u00a0<\/strong><\/td>\n<td><strong>Srov\u0117(A)<\/strong><\/td>\n<td><strong>Var\u017ea\u00a0<b>\u03a9<\/b><\/strong><\/td>\n<\/tr>\n<tr>\n<td>120300<\/td>\n<td>MAGNUM Cable 17<\/td>\n<td>17,6 m<\/td>\n<td>300 W<\/td>\n<td>1,3<\/td>\n<td>177<\/td>\n<\/tr>\n<tr>\n<td>120500<\/td>\n<td>MAGNUM Cable 17<\/td>\n<td>29,4 m<\/td>\n<td>500 W<\/td>\n<td>2,2<\/td>\n<td>109<\/td>\n<\/tr>\n<tr>\n<td>120700<\/td>\n<td>MAGNUM Cable 17<\/td>\n<td>41,2 m<\/td>\n<td>700 W<\/td>\n<td>3<\/td>\n<td>76<\/td>\n<\/tr>\n<tr>\n<td>121000<\/td>\n<td>MAGNUM Cable 17<\/td>\n<td>58,8 m<\/td>\n<td>1000 W<\/td>\n<td>4,3<\/td>\n<td>53<\/td>\n<\/tr>\n<tr>\n<td>121250<\/td>\n<td>MAGNUM Cable 17<\/td>\n<td>73,5 m<\/td>\n<td>1250 W<\/td>\n<td>5,5<\/td>\n<td>42<\/td>\n<\/tr>\n<tr>\n<td>121700<\/td>\n<td>MAGNUM Cable 17<\/td>\n<td>100 m<\/td>\n<td>1700 W<\/td>\n<td>7,4<\/td>\n<td>31<\/td>\n<\/tr>\n<tr>\n<td>122100<\/td>\n<td>MAGNUM Cable 17<\/td>\n<td>123,5 m<\/td>\n<td>2100 W<\/td>\n<td>9<\/td>\n<td>25<\/td>\n<\/tr>\n<tr>\n<td>122600<\/td>\n<td>MAGNUM Cable 17<\/td>\n<td>152,9 m<\/td>\n<td>2600 W<\/td>\n<td>11,3<\/td>\n<td>20<\/td>\n<\/tr>\n<tr>\n<td>122900<\/td>\n<td>MAGNUM Cable 17<\/td>\n<td>170,6 m<\/td>\n<td>2900 W<\/td>\n<td>12,8<\/td>\n<td>18<\/td>\n<\/tr>\n<tr>\n<td>123300<\/td>\n<td>MAGNUM Cable 17<\/td>\n<td>194,1 m<\/td>\n<td>3300 W<\/td>\n<td>14,3<\/td>\n<td>16<\/td>\n<\/tr>\n<\/tbody>\n<\/table>\n<\/figure>\n<\/div>\n<\/div>\n<\/div>\n<\/div>\n<\/div>\n<\/div>\n<p>&nbsp;<\/p>\n<p>&nbsp;<\/p>\n<p style=\"text-align: center;\">\n","protected":false},"excerpt":{"rendered":"<p><strong>MAGNUM Cable<\/strong>\u00a0yra grind\u0173 \u0161ildymo kabelis skirtas montuoti betonuojamose grindyse. Atstumas tarp klojamo kabelio kilp\u0173 nulemia gali\u0105 viename m<sup>2<\/sup>. Tai suteikia jums laisv\u0119 pasirinkti reikiam\u0105 \u0161ildymo gali\u0105 pagal J\u016bs\u0173 poreikius<\/p>\n","protected":false},"featured_media":8606,"comment_status":"closed","ping_status":"closed","template":"","meta":[],"product_brand":[],"product_cat":[140,145],"product_tag":[974],"class_list":{"0":"post-4225","1":"product","2":"type-product","3":"status-publish","4":"has-post-thumbnail","6":"product_cat-elektriniai-sildymo-kilimeliai-kabeliai","7":"product_cat-sildymo-kabeliai","8":"product_tag-ean","10":"first","11":"onbackorder","12":"taxable","13":"shipping-taxable","14":"purchasable","15":"product-type-simple"},"yoast_head":"<!-- This site is optimized with the Yoast SEO Premium plugin v21.5 (Yoast SEO v27.3) - https:\/\/yoast.com\/product\/yoast-seo-premium-wordpress\/ -->\n<title>Elektrinis \u0161ildymo kabelis 170,6m 2900W MAGNUM Cable<\/title>\n<meta name=\"robots\" content=\"index, follow, max-snippet:-1, max-image-preview:large, max-video-preview:-1\" \/>\n<link rel=\"canonical\" href=\"https:\/\/eheating.lt\/en\/produktas\/elektrinis-sildymo-kabelis-1706m-2900w-magnum-cable\/\" \/>\n<meta property=\"og:locale\" content=\"en_US\" \/>\n<meta property=\"og:type\" content=\"article\" \/>\n<meta property=\"og:title\" content=\"Elektrinis \u0161ildymo kabelis 170,6m 2900W MAGNUM Cable\" \/>\n<meta property=\"og:description\" content=\"MAGNUM Cable\u00a0yra grind\u0173 \u0161ildymo kabelis skirtas montuoti betonuojamose grindyse. Atstumas tarp klojamo kabelio kilp\u0173 nulemia gali\u0105 viename m2. Tai suteikia jums laisv\u0119 pasirinkti reikiam\u0105 \u0161ildymo gali\u0105 pagal J\u016bs\u0173 poreikius\" \/>\n<meta property=\"og:url\" content=\"https:\/\/eheating.lt\/en\/produktas\/elektrinis-sildymo-kabelis-1706m-2900w-magnum-cable\/\" \/>\n<meta property=\"og:site_name\" content=\"Elektronika Namams\" \/>\n<meta property=\"article:publisher\" content=\"https:\/\/www.facebook.com\/ElektronikaNamams\" \/>\n<meta property=\"article:modified_time\" content=\"2025-02-24T15:38:02+00:00\" \/>\n<meta property=\"og:image\" content=\"https:\/\/eheating.lt\/wp-content\/uploads\/2022\/09\/MagnumHeating-Heating-Cable-Yellow-4-2.png\" \/>\n\t<meta property=\"og:image:width\" content=\"800\" \/>\n\t<meta property=\"og:image:height\" content=\"800\" \/>\n\t<meta property=\"og:image:type\" content=\"image\/png\" \/>\n<meta name=\"twitter:card\" content=\"summary_large_image\" \/>\n<meta name=\"twitter:label1\" content=\"Price\" \/>\n\t<meta name=\"twitter:data1\" content=\"395,55&nbsp;&euro;\" \/>\n\t<meta name=\"twitter:label2\" content=\"Availability\" \/>\n\t<meta name=\"twitter:data2\" content=\"On backorder\" \/>\n<script type=\"application\/ld+json\" class=\"yoast-schema-graph\">{\"@context\":\"https:\\\/\\\/schema.org\",\"@graph\":[{\"@type\":\"WebPage\",\"@id\":\"https:\\\/\\\/eheating.lt\\\/en\\\/produktas\\\/elektrinis-sildymo-kabelis-1706m-2900w-magnum-cable\\\/\",\"url\":\"https:\\\/\\\/eheating.lt\\\/en\\\/produktas\\\/elektrinis-sildymo-kabelis-1706m-2900w-magnum-cable\\\/\",\"name\":\"Elektrinis \u0161ildymo kabelis 170,6m 2900W MAGNUM Cable\",\"isPartOf\":{\"@id\":\"https:\\\/\\\/eheating.lt\\\/#website\"},\"primaryImageOfPage\":{\"@id\":\"https:\\\/\\\/eheating.lt\\\/en\\\/produktas\\\/elektrinis-sildymo-kabelis-1706m-2900w-magnum-cable\\\/#primaryimage\"},\"image\":{\"@id\":\"https:\\\/\\\/eheating.lt\\\/en\\\/produktas\\\/elektrinis-sildymo-kabelis-1706m-2900w-magnum-cable\\\/#primaryimage\"},\"thumbnailUrl\":\"https:\\\/\\\/eheating.lt\\\/wp-content\\\/uploads\\\/2022\\\/09\\\/MagnumHeating-Heating-Cable-Yellow-4-2.png\",\"datePublished\":\"2022-09-27T14:33:42+00:00\",\"dateModified\":\"2025-02-24T15:38:02+00:00\",\"breadcrumb\":{\"@id\":\"https:\\\/\\\/eheating.lt\\\/en\\\/produktas\\\/elektrinis-sildymo-kabelis-1706m-2900w-magnum-cable\\\/#breadcrumb\"},\"inLanguage\":\"en-US\",\"potentialAction\":[{\"@type\":\"ReadAction\",\"target\":[\"https:\\\/\\\/eheating.lt\\\/en\\\/produktas\\\/elektrinis-sildymo-kabelis-1706m-2900w-magnum-cable\\\/\"]}]},{\"@type\":\"ImageObject\",\"inLanguage\":\"en-US\",\"@id\":\"https:\\\/\\\/eheating.lt\\\/en\\\/produktas\\\/elektrinis-sildymo-kabelis-1706m-2900w-magnum-cable\\\/#primaryimage\",\"url\":\"https:\\\/\\\/eheating.lt\\\/wp-content\\\/uploads\\\/2022\\\/09\\\/MagnumHeating-Heating-Cable-Yellow-4-2.png\",\"contentUrl\":\"https:\\\/\\\/eheating.lt\\\/wp-content\\\/uploads\\\/2022\\\/09\\\/MagnumHeating-Heating-Cable-Yellow-4-2.png\",\"width\":800,\"height\":800,\"caption\":\"MAGNUM Cable 17\"},{\"@type\":\"BreadcrumbList\",\"@id\":\"https:\\\/\\\/eheating.lt\\\/en\\\/produktas\\\/elektrinis-sildymo-kabelis-1706m-2900w-magnum-cable\\\/#breadcrumb\",\"itemListElement\":[{\"@type\":\"ListItem\",\"position\":1,\"name\":\"Prad\u017eia\",\"item\":\"https:\\\/\\\/eheating.lt\\\/en\\\/\"},{\"@type\":\"ListItem\",\"position\":2,\"name\":\"Shop\",\"item\":\"https:\\\/\\\/eheating.lt\\\/en\\\/?page_id=5734\"},{\"@type\":\"ListItem\",\"position\":3,\"name\":\"Elektrinis \u0161ildymo kabelis 170,6m 2900W MAGNUM Cable\"}]},{\"@type\":\"WebSite\",\"@id\":\"https:\\\/\\\/eheating.lt\\\/#website\",\"url\":\"https:\\\/\\\/eheating.lt\\\/\",\"name\":\"eHeating\",\"description\":\"Elektronika ir \u0161ildymas\",\"potentialAction\":[{\"@type\":\"SearchAction\",\"target\":{\"@type\":\"EntryPoint\",\"urlTemplate\":\"https:\\\/\\\/eheating.lt\\\/?s={search_term_string}\"},\"query-input\":{\"@type\":\"PropertyValueSpecification\",\"valueRequired\":true,\"valueName\":\"search_term_string\"}}],\"inLanguage\":\"en-US\"}]}<\/script>\n<meta property=\"product:price:amount\" content=\"395.55\" \/>\n<meta property=\"product:price:currency\" content=\"EUR\" \/>\n<meta property=\"og:availability\" content=\"backorder\" \/>\n<meta property=\"product:availability\" content=\"available for order\" \/>\n<meta property=\"product:retailer_item_id\" content=\"MAGNUM-CAB17-170.6\" \/>\n<meta property=\"product:condition\" content=\"new\" \/>\n<!-- \/ Yoast SEO Premium plugin. -->","yoast_head_json":{"title":"Elektrinis \u0161ildymo kabelis 170,6m 2900W MAGNUM Cable","robots":{"index":"index","follow":"follow","max-snippet":"max-snippet:-1","max-image-preview":"max-image-preview:large","max-video-preview":"max-video-preview:-1"},"canonical":"https:\/\/eheating.lt\/en\/produktas\/elektrinis-sildymo-kabelis-1706m-2900w-magnum-cable\/","og_locale":"en_US","og_type":"article","og_title":"Elektrinis \u0161ildymo kabelis 170,6m 2900W MAGNUM Cable","og_description":"MAGNUM Cable\u00a0yra grind\u0173 \u0161ildymo kabelis skirtas montuoti betonuojamose grindyse. Atstumas tarp klojamo kabelio kilp\u0173 nulemia gali\u0105 viename m2. Tai suteikia jums laisv\u0119 pasirinkti reikiam\u0105 \u0161ildymo gali\u0105 pagal J\u016bs\u0173 poreikius","og_url":"https:\/\/eheating.lt\/en\/produktas\/elektrinis-sildymo-kabelis-1706m-2900w-magnum-cable\/","og_site_name":"Elektronika Namams","article_publisher":"https:\/\/www.facebook.com\/ElektronikaNamams","article_modified_time":"2025-02-24T15:38:02+00:00","og_image":[{"width":800,"height":800,"url":"https:\/\/eheating.lt\/wp-content\/uploads\/2022\/09\/MagnumHeating-Heating-Cable-Yellow-4-2.png","type":"image\/png"}],"twitter_card":"summary_large_image","twitter_misc":{"Price":"395,55&nbsp;&euro;","Availability":"On backorder"},"schema":{"@context":"https:\/\/schema.org","@graph":[{"@type":"WebPage","@id":"https:\/\/eheating.lt\/en\/produktas\/elektrinis-sildymo-kabelis-1706m-2900w-magnum-cable\/","url":"https:\/\/eheating.lt\/en\/produktas\/elektrinis-sildymo-kabelis-1706m-2900w-magnum-cable\/","name":"Elektrinis \u0161ildymo kabelis 170,6m 2900W MAGNUM Cable","isPartOf":{"@id":"https:\/\/eheating.lt\/#website"},"primaryImageOfPage":{"@id":"https:\/\/eheating.lt\/en\/produktas\/elektrinis-sildymo-kabelis-1706m-2900w-magnum-cable\/#primaryimage"},"image":{"@id":"https:\/\/eheating.lt\/en\/produktas\/elektrinis-sildymo-kabelis-1706m-2900w-magnum-cable\/#primaryimage"},"thumbnailUrl":"https:\/\/eheating.lt\/wp-content\/uploads\/2022\/09\/MagnumHeating-Heating-Cable-Yellow-4-2.png","datePublished":"2022-09-27T14:33:42+00:00","dateModified":"2025-02-24T15:38:02+00:00","breadcrumb":{"@id":"https:\/\/eheating.lt\/en\/produktas\/elektrinis-sildymo-kabelis-1706m-2900w-magnum-cable\/#breadcrumb"},"inLanguage":"en-US","potentialAction":[{"@type":"ReadAction","target":["https:\/\/eheating.lt\/en\/produktas\/elektrinis-sildymo-kabelis-1706m-2900w-magnum-cable\/"]}]},{"@type":"ImageObject","inLanguage":"en-US","@id":"https:\/\/eheating.lt\/en\/produktas\/elektrinis-sildymo-kabelis-1706m-2900w-magnum-cable\/#primaryimage","url":"https:\/\/eheating.lt\/wp-content\/uploads\/2022\/09\/MagnumHeating-Heating-Cable-Yellow-4-2.png","contentUrl":"https:\/\/eheating.lt\/wp-content\/uploads\/2022\/09\/MagnumHeating-Heating-Cable-Yellow-4-2.png","width":800,"height":800,"caption":"MAGNUM Cable 17"},{"@type":"BreadcrumbList","@id":"https:\/\/eheating.lt\/en\/produktas\/elektrinis-sildymo-kabelis-1706m-2900w-magnum-cable\/#breadcrumb","itemListElement":[{"@type":"ListItem","position":1,"name":"Prad\u017eia","item":"https:\/\/eheating.lt\/en\/"},{"@type":"ListItem","position":2,"name":"Shop","item":"https:\/\/eheating.lt\/en\/?page_id=5734"},{"@type":"ListItem","position":3,"name":"Elektrinis \u0161ildymo kabelis 170,6m 2900W MAGNUM Cable"}]},{"@type":"WebSite","@id":"https:\/\/eheating.lt\/#website","url":"https:\/\/eheating.lt\/","name":"eHeating","description":"Elektronika ir \u0161ildymas","potentialAction":[{"@type":"SearchAction","target":{"@type":"EntryPoint","urlTemplate":"https:\/\/eheating.lt\/?s={search_term_string}"},"query-input":{"@type":"PropertyValueSpecification","valueRequired":true,"valueName":"search_term_string"}}],"inLanguage":"en-US"}]},"product_price_amount":"395.55","product_price_currency":"EUR","og_availability":"backorder","product_availability":"available for order","product_retailer_item_id":"MAGNUM-CAB17-170.6","product_condition":"new"},"_links":{"self":[{"href":"https:\/\/eheating.lt\/en\/wp-json\/wp\/v2\/product\/4225","targetHints":{"allow":["GET"]}}],"collection":[{"href":"https:\/\/eheating.lt\/en\/wp-json\/wp\/v2\/product"}],"about":[{"href":"https:\/\/eheating.lt\/en\/wp-json\/wp\/v2\/types\/product"}],"replies":[{"embeddable":true,"href":"https:\/\/eheating.lt\/en\/wp-json\/wp\/v2\/comments?post=4225"}],"version-history":[{"count":2,"href":"https:\/\/eheating.lt\/en\/wp-json\/wp\/v2\/product\/4225\/revisions"}],"predecessor-version":[{"id":38395,"href":"https:\/\/eheating.lt\/en\/wp-json\/wp\/v2\/product\/4225\/revisions\/38395"}],"wp:featuredmedia":[{"embeddable":true,"href":"https:\/\/eheating.lt\/en\/wp-json\/wp\/v2\/media\/8606"}],"wp:attachment":[{"href":"https:\/\/eheating.lt\/en\/wp-json\/wp\/v2\/media?parent=4225"}],"wp:term":[{"taxonomy":"product_brand","embeddable":true,"href":"https:\/\/eheating.lt\/en\/wp-json\/wp\/v2\/product_brand?post=4225"},{"taxonomy":"product_cat","embeddable":true,"href":"https:\/\/eheating.lt\/en\/wp-json\/wp\/v2\/product_cat?post=4225"},{"taxonomy":"product_tag","embeddable":true,"href":"https:\/\/eheating.lt\/en\/wp-json\/wp\/v2\/product_tag?post=4225"}],"curies":[{"name":"wp","href":"https:\/\/api.w.org\/{rel}","templated":true}]}}