{"id":4016,"date":"2022-09-26T19:36:34","date_gmt":"2022-09-26T16:36:34","guid":{"rendered":"https:\/\/eheating.lt\/?post_type=product&#038;p=4016"},"modified":"2025-02-25T20:11:16","modified_gmt":"2025-02-25T18:11:16","slug":"lauko-sildymo-kabelis-magnum-trace-hot-water-9w-m","status":"publish","type":"product","link":"https:\/\/eheating.lt\/en\/produktas\/lauko-sildymo-kabelis-magnum-trace-hot-water-9w-m\/","title":{"rendered":"Lauko \u0161ildymo kabelis MAGNUM Trace Hot"},"content":{"rendered":"<p>Nuolat nenaudojamuose \u010diaupuose kar\u0161tas vanduo tarp vandens \u0161ildytuvo ir vandens \u010diaupo atv\u0117sta ir norint juo naudotis tenka laukti, kol atitek\u0117s kar\u0161tas vanduo. Panaikinti \u0161iuos nuostolius naudojamas <strong>MAGNUM Trace Hot Water <\/strong>\u0161ildymo kabelis. <strong>MAGNUM Trace Hot Water <\/strong>kabelio montavimas yra greitas ir paprastas, o kabel\u012f galima trumpinti pagal tikslius vamzd\u017ei\u0173 ilgius. Montuojant j\u012f ant vamzd\u017ei\u0173 (po \u0161ilumine izoliacija), \u0161ilumos nuostoliai pa\u0161alinami ir vanduo i\u0161lieka norimos temperat\u016bros. Srov\u0117 pati reguliuojasi pagal temperat\u016br\u0105 vamzdyje. Savaime reguliuojan\u010dios savyb\u0117s padidina saugum\u0105 ir patikimum\u0105.<\/p>\n<p><span style=\"color: #ff0000;\"><strong><span style=\"text-decoration: underline;\"><span style=\"font-size: 18px;\">D\u0116MESIO: <\/span><\/span><\/strong><span style=\"color: #000000;\">\u0160ildymo kabeliai kartu su geriamuoju vandeniu vamzd\u017eiai turi b\u016bti nuolat kontroliuojami termostatu.<\/span><\/span><\/p>\n<hr \/>\n<p><span style=\"font-size: 18px;\"><strong>Papildoma informacija:<\/strong><\/span><\/p>\n<ul>\n<li>Rekomenduojama naudoti papildom\u0105 temperat\u016bros reguliatori\u0173. Veiksmingiausias yra valdiklis su jutikliu, matuojan\u010diu vamzd\u017eio temperat\u016br\u0105.<\/li>\n<li>Maks.temperat\u016bra &#8211; 85\u00b0C<\/li>\n<li>Min.darbin\u0117 temperat\u016bra \u2013 30\u00b0C<\/li>\n<li>Suveikimo temperat\u016bra +5\u00b0C<\/li>\n<li>Maks. var\u017ea 18,2 Ohm\/km<\/li>\n<li>Nominali \u012ftampa 230V<\/li>\n<li>I\u0161orinis \u0161arvas \u2013 Alavuotas varis<\/li>\n<li>100 % atsparus vandeniui<\/li>\n<li>Matmenys 13 x 6,8 mm<\/li>\n<li>Min. lenkimo spindulys 25 mm<\/li>\n<li>Svoris 12 kg\/100 m<\/li>\n<li>Spalva Ruda<\/li>\n<li>DIN EN 62395-1 sertifikatas<\/li>\n<li>Garantija 2 metai<\/li>\n<\/ul>\n<p>&nbsp;<\/p>\n<p><span style=\"color: #ff0000;\"><strong><span style=\"text-decoration: underline;\"><span style=\"font-size: 18px;\">D\u0116MESIO: <\/span><\/span><\/strong><span style=\"color: #000000;\">\u0160is kabelis u\u017esakomas metrais !!!<\/span><\/span><\/p>\n<p>&nbsp;<\/p>\n<p><img decoding=\"async\" style=\"height: 30px;\" src=\"http:\/\/eheating.lt\/wp-content\/uploads\/2022\/12\/pdf.png\" \/><a href=\"http:\/\/eheating.lt\/wp-content\/uploads\/2023\/01\/Magnum-Heating-Trace-Hot-Water-datasheet.pdf\"><strong>Specifikacijos (Angl\u0173 k.)<\/strong><\/a><\/p>\n<p>&nbsp;<\/p>\n<hr \/>\n<p>&nbsp;<\/p>\n<figure class=\"wp-block-table is-style-stripes\">\n<table>\n<tbody>\n<tr>\n<td><strong>Produkto numeris\u00a0<\/strong><\/td>\n<td><strong>Apra\u0161ymas<\/strong><\/td>\n<td><strong>Galia \u012f 1 metr\u0105<\/strong><\/td>\n<td><b>\u012etampa<\/b><\/td>\n<\/tr>\n<tr>\n<td>159555<\/td>\n<td>MAGNUM Trace Hot Water &#8211; per metre<\/td>\n<td>9 W @ 55\u00b0C<\/td>\n<td>230 V<\/td>\n<\/tr>\n<tr>\n<td>159565<\/td>\n<td>MAGNUM Trace Hot Water &#8211; per metre<\/td>\n<td>12 W @ 65\u00b0C<\/td>\n<td>230 V<\/td>\n<\/tr>\n<\/tbody>\n<\/table>\n<p>&nbsp;<\/figure>\n","protected":false},"excerpt":{"rendered":"<p><strong>MAGNUM Trace Hot Water<\/strong> yra savireguliuojantis \u0161ildymo kabelis, skirtas kompensuoti nuostolius atsirandan\u010dius kar\u0161to vandens paskirstymo sistemose.<\/p>\n","protected":false},"featured_media":8684,"comment_status":"closed","ping_status":"closed","template":"","meta":[],"product_brand":[],"product_cat":[229,230,231],"product_tag":[974],"class_list":{"0":"post-4016","1":"product","2":"type-product","3":"status-publish","4":"has-post-thumbnail","6":"product_cat-frost-ice-protection","7":"product_cat-outdoor-heating-cables","8":"product_cat-self-regulatory","9":"product_tag-ean","11":"first","12":"onbackorder","13":"taxable","14":"shipping-taxable","15":"purchasable","16":"product-type-simple"},"yoast_head":"<!-- This site is optimized with the Yoast SEO Premium plugin v21.5 (Yoast SEO v27.5) - https:\/\/yoast.com\/product\/yoast-seo-premium-wordpress\/ -->\n<title>Lauko \u0161ildymo kabelis MAGNUM Trace Hot Water 9W \/m<\/title>\n<meta name=\"robots\" content=\"index, follow, max-snippet:-1, max-image-preview:large, max-video-preview:-1\" \/>\n<link rel=\"canonical\" href=\"https:\/\/eheating.lt\/produktas\/lauko-sildymo-kabelis-magnum-trace-hot-water-9w-m\/\" \/>\n<meta property=\"og:locale\" content=\"en_US\" \/>\n<meta property=\"og:type\" content=\"article\" \/>\n<meta property=\"og:title\" content=\"Lauko \u0161ildymo kabelis MAGNUM Trace Hot Water 9W \/m\" \/>\n<meta property=\"og:description\" content=\"MAGNUM Trace Hot Water yra savireguliuojantis \u0161ildymo kabelis, skirtas kompensuoti nuostolius atsirandan\u010dius kar\u0161to vandens paskirstymo sistemose.\" \/>\n<meta property=\"og:url\" content=\"https:\/\/eheating.lt\/produktas\/lauko-sildymo-kabelis-magnum-trace-hot-water-9w-m\/\" \/>\n<meta property=\"og:site_name\" content=\"Elektronika Namams\" \/>\n<meta property=\"article:publisher\" content=\"https:\/\/www.facebook.com\/ElektronikaNamams\" \/>\n<meta property=\"article:modified_time\" content=\"2025-02-25T18:11:16+00:00\" \/>\n<meta property=\"og:image\" content=\"https:\/\/eheating.lt\/wp-content\/uploads\/2022\/09\/MagnumHeating-Trace-Hot-Water-1-1.png\" \/>\n\t<meta property=\"og:image:width\" content=\"800\" \/>\n\t<meta property=\"og:image:height\" content=\"800\" \/>\n\t<meta property=\"og:image:type\" content=\"image\/png\" \/>\n<meta name=\"twitter:card\" content=\"summary_large_image\" \/>\n<meta name=\"twitter:label1\" content=\"Price\" \/>\n\t<meta name=\"twitter:data1\" content=\"8,60&nbsp;&euro;\" \/>\n\t<meta name=\"twitter:label2\" content=\"Availability\" \/>\n\t<meta name=\"twitter:data2\" content=\"On backorder\" \/>\n<script type=\"application\/ld+json\" class=\"yoast-schema-graph\">{\"@context\":\"https:\\\/\\\/schema.org\",\"@graph\":[{\"@type\":\"WebPage\",\"@id\":\"https:\\\/\\\/eheating.lt\\\/produktas\\\/lauko-sildymo-kabelis-magnum-trace-hot-water-9w-m\\\/\",\"url\":\"https:\\\/\\\/eheating.lt\\\/produktas\\\/lauko-sildymo-kabelis-magnum-trace-hot-water-9w-m\\\/\",\"name\":\"Lauko \u0161ildymo kabelis MAGNUM Trace Hot Water 9W \\\/m\",\"isPartOf\":{\"@id\":\"https:\\\/\\\/eheating.lt\\\/#website\"},\"primaryImageOfPage\":{\"@id\":\"https:\\\/\\\/eheating.lt\\\/produktas\\\/lauko-sildymo-kabelis-magnum-trace-hot-water-9w-m\\\/#primaryimage\"},\"image\":{\"@id\":\"https:\\\/\\\/eheating.lt\\\/produktas\\\/lauko-sildymo-kabelis-magnum-trace-hot-water-9w-m\\\/#primaryimage\"},\"thumbnailUrl\":\"https:\\\/\\\/eheating.lt\\\/wp-content\\\/uploads\\\/2022\\\/09\\\/MagnumHeating-Trace-Hot-Water-1-1.png\",\"datePublished\":\"2022-09-26T16:36:34+00:00\",\"dateModified\":\"2025-02-25T18:11:16+00:00\",\"breadcrumb\":{\"@id\":\"https:\\\/\\\/eheating.lt\\\/produktas\\\/lauko-sildymo-kabelis-magnum-trace-hot-water-9w-m\\\/#breadcrumb\"},\"inLanguage\":\"en-US\",\"potentialAction\":[{\"@type\":\"ReadAction\",\"target\":[\"https:\\\/\\\/eheating.lt\\\/produktas\\\/lauko-sildymo-kabelis-magnum-trace-hot-water-9w-m\\\/\"]}]},{\"@type\":\"ImageObject\",\"inLanguage\":\"en-US\",\"@id\":\"https:\\\/\\\/eheating.lt\\\/produktas\\\/lauko-sildymo-kabelis-magnum-trace-hot-water-9w-m\\\/#primaryimage\",\"url\":\"https:\\\/\\\/eheating.lt\\\/wp-content\\\/uploads\\\/2022\\\/09\\\/MagnumHeating-Trace-Hot-Water-1-1.png\",\"contentUrl\":\"https:\\\/\\\/eheating.lt\\\/wp-content\\\/uploads\\\/2022\\\/09\\\/MagnumHeating-Trace-Hot-Water-1-1.png\",\"width\":800,\"height\":800,\"caption\":\"MAGNUM Trace Hot Water\"},{\"@type\":\"BreadcrumbList\",\"@id\":\"https:\\\/\\\/eheating.lt\\\/produktas\\\/lauko-sildymo-kabelis-magnum-trace-hot-water-9w-m\\\/#breadcrumb\",\"itemListElement\":[{\"@type\":\"ListItem\",\"position\":1,\"name\":\"Prad\u017eia\",\"item\":\"https:\\\/\\\/eheating.lt\\\/en\\\/\"},{\"@type\":\"ListItem\",\"position\":2,\"name\":\"Shop\",\"item\":\"https:\\\/\\\/eheating.lt\\\/en\\\/?page_id=5734\"},{\"@type\":\"ListItem\",\"position\":3,\"name\":\"Lauko \u0161ildymo kabelis MAGNUM Trace Hot Water 9W \\\/m\"}]},{\"@type\":\"WebSite\",\"@id\":\"https:\\\/\\\/eheating.lt\\\/#website\",\"url\":\"https:\\\/\\\/eheating.lt\\\/\",\"name\":\"eHeating\",\"description\":\"Elektronika ir \u0161ildymas\",\"potentialAction\":[{\"@type\":\"SearchAction\",\"target\":{\"@type\":\"EntryPoint\",\"urlTemplate\":\"https:\\\/\\\/eheating.lt\\\/?s={search_term_string}\"},\"query-input\":{\"@type\":\"PropertyValueSpecification\",\"valueRequired\":true,\"valueName\":\"search_term_string\"}}],\"inLanguage\":\"en-US\"}]}<\/script>\n<meta property=\"product:price:amount\" content=\"8.60\" \/>\n<meta property=\"product:price:currency\" content=\"EUR\" \/>\n<meta property=\"og:availability\" content=\"backorder\" \/>\n<meta property=\"product:availability\" content=\"available for order\" \/>\n<meta property=\"product:retailer_item_id\" content=\"MAGNUM-TRACE-HOT-WATER-9W\" \/>\n<meta property=\"product:condition\" content=\"new\" \/>\n<!-- \/ Yoast SEO Premium plugin. -->","yoast_head_json":{"title":"Lauko \u0161ildymo kabelis MAGNUM Trace Hot Water 9W \/m","robots":{"index":"index","follow":"follow","max-snippet":"max-snippet:-1","max-image-preview":"max-image-preview:large","max-video-preview":"max-video-preview:-1"},"canonical":"https:\/\/eheating.lt\/produktas\/lauko-sildymo-kabelis-magnum-trace-hot-water-9w-m\/","og_locale":"en_US","og_type":"article","og_title":"Lauko \u0161ildymo kabelis MAGNUM Trace Hot Water 9W \/m","og_description":"MAGNUM Trace Hot Water yra savireguliuojantis \u0161ildymo kabelis, skirtas kompensuoti nuostolius atsirandan\u010dius kar\u0161to vandens paskirstymo sistemose.","og_url":"https:\/\/eheating.lt\/produktas\/lauko-sildymo-kabelis-magnum-trace-hot-water-9w-m\/","og_site_name":"Elektronika Namams","article_publisher":"https:\/\/www.facebook.com\/ElektronikaNamams","article_modified_time":"2025-02-25T18:11:16+00:00","og_image":[{"width":800,"height":800,"url":"https:\/\/eheating.lt\/wp-content\/uploads\/2022\/09\/MagnumHeating-Trace-Hot-Water-1-1.png","type":"image\/png"}],"twitter_card":"summary_large_image","twitter_misc":{"Price":"8,60&nbsp;&euro;","Availability":"On backorder"},"schema":{"@context":"https:\/\/schema.org","@graph":[{"@type":"WebPage","@id":"https:\/\/eheating.lt\/produktas\/lauko-sildymo-kabelis-magnum-trace-hot-water-9w-m\/","url":"https:\/\/eheating.lt\/produktas\/lauko-sildymo-kabelis-magnum-trace-hot-water-9w-m\/","name":"Lauko \u0161ildymo kabelis MAGNUM Trace Hot Water 9W \/m","isPartOf":{"@id":"https:\/\/eheating.lt\/#website"},"primaryImageOfPage":{"@id":"https:\/\/eheating.lt\/produktas\/lauko-sildymo-kabelis-magnum-trace-hot-water-9w-m\/#primaryimage"},"image":{"@id":"https:\/\/eheating.lt\/produktas\/lauko-sildymo-kabelis-magnum-trace-hot-water-9w-m\/#primaryimage"},"thumbnailUrl":"https:\/\/eheating.lt\/wp-content\/uploads\/2022\/09\/MagnumHeating-Trace-Hot-Water-1-1.png","datePublished":"2022-09-26T16:36:34+00:00","dateModified":"2025-02-25T18:11:16+00:00","breadcrumb":{"@id":"https:\/\/eheating.lt\/produktas\/lauko-sildymo-kabelis-magnum-trace-hot-water-9w-m\/#breadcrumb"},"inLanguage":"en-US","potentialAction":[{"@type":"ReadAction","target":["https:\/\/eheating.lt\/produktas\/lauko-sildymo-kabelis-magnum-trace-hot-water-9w-m\/"]}]},{"@type":"ImageObject","inLanguage":"en-US","@id":"https:\/\/eheating.lt\/produktas\/lauko-sildymo-kabelis-magnum-trace-hot-water-9w-m\/#primaryimage","url":"https:\/\/eheating.lt\/wp-content\/uploads\/2022\/09\/MagnumHeating-Trace-Hot-Water-1-1.png","contentUrl":"https:\/\/eheating.lt\/wp-content\/uploads\/2022\/09\/MagnumHeating-Trace-Hot-Water-1-1.png","width":800,"height":800,"caption":"MAGNUM Trace Hot Water"},{"@type":"BreadcrumbList","@id":"https:\/\/eheating.lt\/produktas\/lauko-sildymo-kabelis-magnum-trace-hot-water-9w-m\/#breadcrumb","itemListElement":[{"@type":"ListItem","position":1,"name":"Prad\u017eia","item":"https:\/\/eheating.lt\/en\/"},{"@type":"ListItem","position":2,"name":"Shop","item":"https:\/\/eheating.lt\/en\/?page_id=5734"},{"@type":"ListItem","position":3,"name":"Lauko \u0161ildymo kabelis MAGNUM Trace Hot Water 9W \/m"}]},{"@type":"WebSite","@id":"https:\/\/eheating.lt\/#website","url":"https:\/\/eheating.lt\/","name":"eHeating","description":"Elektronika ir \u0161ildymas","potentialAction":[{"@type":"SearchAction","target":{"@type":"EntryPoint","urlTemplate":"https:\/\/eheating.lt\/?s={search_term_string}"},"query-input":{"@type":"PropertyValueSpecification","valueRequired":true,"valueName":"search_term_string"}}],"inLanguage":"en-US"}]},"product_price_amount":"8.60","product_price_currency":"EUR","og_availability":"backorder","product_availability":"available for order","product_retailer_item_id":"MAGNUM-TRACE-HOT-WATER-9W","product_condition":"new"},"_links":{"self":[{"href":"https:\/\/eheating.lt\/en\/wp-json\/wp\/v2\/product\/4016","targetHints":{"allow":["GET"]}}],"collection":[{"href":"https:\/\/eheating.lt\/en\/wp-json\/wp\/v2\/product"}],"about":[{"href":"https:\/\/eheating.lt\/en\/wp-json\/wp\/v2\/types\/product"}],"replies":[{"embeddable":true,"href":"https:\/\/eheating.lt\/en\/wp-json\/wp\/v2\/comments?post=4016"}],"version-history":[{"count":2,"href":"https:\/\/eheating.lt\/en\/wp-json\/wp\/v2\/product\/4016\/revisions"}],"predecessor-version":[{"id":38543,"href":"https:\/\/eheating.lt\/en\/wp-json\/wp\/v2\/product\/4016\/revisions\/38543"}],"wp:featuredmedia":[{"embeddable":true,"href":"https:\/\/eheating.lt\/en\/wp-json\/wp\/v2\/media\/8684"}],"wp:attachment":[{"href":"https:\/\/eheating.lt\/en\/wp-json\/wp\/v2\/media?parent=4016"}],"wp:term":[{"taxonomy":"product_brand","embeddable":true,"href":"https:\/\/eheating.lt\/en\/wp-json\/wp\/v2\/product_brand?post=4016"},{"taxonomy":"product_cat","embeddable":true,"href":"https:\/\/eheating.lt\/en\/wp-json\/wp\/v2\/product_cat?post=4016"},{"taxonomy":"product_tag","embeddable":true,"href":"https:\/\/eheating.lt\/en\/wp-json\/wp\/v2\/product_tag?post=4016"}],"curies":[{"name":"wp","href":"https:\/\/api.w.org\/{rel}","templated":true}]}}