{"id":4000,"date":"2022-09-26T18:21:03","date_gmt":"2022-09-26T15:21:03","guid":{"rendered":"https:\/\/eheating.lt\/?post_type=product&#038;p=4000"},"modified":"2025-02-25T20:11:50","modified_gmt":"2025-02-25T18:11:50","slug":"din-termostatas-magnum-etn-4-sniego-tirpinimo-sistemu-valdymui","status":"publish","type":"product","link":"https:\/\/eheating.lt\/en\/produktas\/din-termostatas-magnum-etn-4-sniego-tirpinimo-sistemu-valdymui\/","title":{"rendered":"DIN termostatas MAGNUM ETN-4 sniego tirpinimo"},"content":{"rendered":"<p><strong>MAGNUM<\/strong> <strong>ETN-4<\/strong>\u00a0valdiklis ledo ir sniego tirpdymui latakuose ar nedideliuose \u017eem\u0117s plotuose bei saun\u0173 valdymui. Naudojant rodmenis i\u0161 temperat\u016bros ir dr\u0117gm\u0117s davikli\u0173, valdiklis u\u017etikrina ekonomi\u0161k\u0105 energijos valdym\u0105, laikant aik\u0161teles ar stogus be ledo ir sniego. Dr\u0117gm\u0117s jutikliui, sumontuotam lauko aik\u0161tel\u0117je ar latake, aptikus dr\u0117gm\u0119, <strong>ETN-4<\/strong>\u00a0valdiklis aktyvuoja sniego tirpinimo sistem\u0105. Kai jutiklis i\u0161d\u017ei\u016bsta, termostatas bus aktyvav\u0119s \u0161ildym\u0105 pasirinkt\u0105 laik\u0105.<\/p>\n<hr \/>\n<p><span style=\"font-size: 18px;\"><strong>Termostato funkcijos:<\/strong><\/span><\/p>\n<ul>\n<li>Platus temperat\u016bros diapazonas: nuo -19,5\u00b0C iki +70\u00b0C<\/li>\n<li>Optimalus saugumas d\u0117l \u012fmontuoto 2 poli\u0173 16A atkabiklio<\/li>\n<li>Paprastas meniu ir programavimas<\/li>\n<li>Didelis ekranas su ap\u0161vietimu<\/li>\n<li>Komplekte kartu su plonu grind\u0173 jutikliu, palengvinan\u010diu jo montavim\u0105<\/li>\n<\/ul>\n<hr \/>\n<p><span style=\"font-size: 18px;\"><strong>Technin\u0117s specifikacijos:<\/strong><\/span><\/p>\n<ul>\n<li>Maitinimo \u012ftampa 230V \u00b110% 50\/60 Hz<\/li>\n<li>\u012ejungimo\/i\u0161jungimo diferencialas 0,4\u00b0C<\/li>\n<li>Temperat\u016bros nustatymas -19,5\u00b0C \/ +70\u00b0C<\/li>\n<li>I\u0161\u0117jimo rel\u0117 2 poli\u0173 16A 3600W<\/li>\n<li>Energijos suvartojimas bud\u0117jimo r\u0117\u017eime 5VA<\/li>\n<li>Temp. diapazonas (aplinkos) -19,5\u00b0C \/ +55\u00b0C<\/li>\n<li>Korpusas IP20<\/li>\n<li>Matmenys 88,5\/52,9\/57,3 mm<\/li>\n<li>Ekrano pa\u0161vietimas<\/li>\n<li>Jutiklio tipas NTC (12 K\u03a9) 3 m max. 100 m<\/li>\n<\/ul>\n<p>&nbsp;<\/p>\n<p><img decoding=\"async\" style=\"height: 30px;\" src=\"http:\/\/eheating.lt\/wp-content\/uploads\/2022\/12\/pdf.png\" \/><a href=\"http:\/\/eheating.lt\/wp-content\/uploads\/2023\/01\/Magnum-Heating-ETN4-manual.pdf\"><strong>Instrukcija (Angl\u0173 k.) <\/strong><\/a><\/p>\n<p><img decoding=\"async\" style=\"height: 30px;\" src=\"http:\/\/eheating.lt\/wp-content\/uploads\/2022\/12\/pdf.png\" \/><a href=\"http:\/\/eheating.lt\/wp-content\/uploads\/2023\/01\/Magnum-Heating-ETN4-datasheet.pdf&quot;\"><strong>Specifikacijos (Angl\u0173 k.)<\/strong><\/a><\/p>\n<p>&nbsp;<\/p>\n","protected":false},"excerpt":{"rendered":"<p><strong>ETN-4<\/strong> termostatas apsaugai nuo u\u017e\u0161alimo, ledo ir sniego atitirpinimui ar net saunos valdymui. Lengva valdyti ir programuoti. Naudodamas rodmenis i\u0161 temperat\u016bros ir dregm\u0117s davikli\u0173, valdiklis u\u017etikrina ekonomi\u0161k\u0105 energijos suvartojim\u0105.<\/p>\n","protected":false},"featured_media":8790,"comment_status":"closed","ping_status":"closed","template":"","meta":[],"product_brand":[],"product_cat":[151,158],"product_tag":[974],"class_list":{"0":"post-4000","1":"product","2":"type-product","3":"status-publish","4":"has-post-thumbnail","6":"product_cat-apsauga-nuo-uzsalimo-apledejimo","7":"product_cat-valdymo-automatika","8":"product_tag-ean","10":"first","11":"onbackorder","12":"taxable","13":"shipping-taxable","14":"purchasable","15":"product-type-simple"},"yoast_head":"<!-- This site is optimized with the Yoast SEO Premium plugin v21.5 (Yoast SEO v27.3) - https:\/\/yoast.com\/product\/yoast-seo-premium-wordpress\/ -->\n<title>DIN termostatas MAGNUM ETN-4 sniego tirpinimo sistem\u0173 valdymui<\/title>\n<meta name=\"robots\" content=\"index, follow, max-snippet:-1, max-image-preview:large, max-video-preview:-1\" \/>\n<link rel=\"canonical\" href=\"https:\/\/eheating.lt\/en\/produktas\/din-termostatas-magnum-etn-4-sniego-tirpinimo-sistemu-valdymui\/\" \/>\n<meta property=\"og:locale\" content=\"en_US\" \/>\n<meta property=\"og:type\" content=\"article\" \/>\n<meta property=\"og:title\" content=\"DIN termostatas MAGNUM ETN-4 sniego tirpinimo sistem\u0173 valdymui\" \/>\n<meta property=\"og:description\" content=\"ETN-4 termostatas apsaugai nuo u\u017e\u0161alimo, ledo ir sniego atitirpinimui ar net saunos valdymui. Lengva valdyti ir programuoti. Naudodamas rodmenis i\u0161 temperat\u016bros ir dregm\u0117s davikli\u0173, valdiklis u\u017etikrina ekonomi\u0161k\u0105 energijos suvartojim\u0105.\" \/>\n<meta property=\"og:url\" content=\"https:\/\/eheating.lt\/en\/produktas\/din-termostatas-magnum-etn-4-sniego-tirpinimo-sistemu-valdymui\/\" \/>\n<meta property=\"og:site_name\" content=\"Elektronika Namams\" \/>\n<meta property=\"article:publisher\" content=\"https:\/\/www.facebook.com\/ElektronikaNamams\" \/>\n<meta property=\"article:modified_time\" content=\"2025-02-25T18:11:50+00:00\" \/>\n<meta property=\"og:image\" content=\"https:\/\/eheating.lt\/wp-content\/uploads\/2022\/09\/MagnumHeating-ETN-4-1.png\" \/>\n\t<meta property=\"og:image:width\" content=\"800\" \/>\n\t<meta property=\"og:image:height\" content=\"800\" \/>\n\t<meta property=\"og:image:type\" content=\"image\/png\" \/>\n<meta name=\"twitter:card\" content=\"summary_large_image\" \/>\n<meta name=\"twitter:label1\" content=\"Price\" \/>\n\t<meta name=\"twitter:data1\" content=\"126,46&nbsp;&euro;\" \/>\n\t<meta name=\"twitter:label2\" content=\"Availability\" \/>\n\t<meta name=\"twitter:data2\" content=\"On backorder\" \/>\n<script type=\"application\/ld+json\" class=\"yoast-schema-graph\">{\"@context\":\"https:\\\/\\\/schema.org\",\"@graph\":[{\"@type\":\"WebPage\",\"@id\":\"https:\\\/\\\/eheating.lt\\\/en\\\/produktas\\\/din-termostatas-magnum-etn-4-sniego-tirpinimo-sistemu-valdymui\\\/\",\"url\":\"https:\\\/\\\/eheating.lt\\\/en\\\/produktas\\\/din-termostatas-magnum-etn-4-sniego-tirpinimo-sistemu-valdymui\\\/\",\"name\":\"DIN termostatas MAGNUM ETN-4 sniego tirpinimo sistem\u0173 valdymui\",\"isPartOf\":{\"@id\":\"https:\\\/\\\/eheating.lt\\\/#website\"},\"primaryImageOfPage\":{\"@id\":\"https:\\\/\\\/eheating.lt\\\/en\\\/produktas\\\/din-termostatas-magnum-etn-4-sniego-tirpinimo-sistemu-valdymui\\\/#primaryimage\"},\"image\":{\"@id\":\"https:\\\/\\\/eheating.lt\\\/en\\\/produktas\\\/din-termostatas-magnum-etn-4-sniego-tirpinimo-sistemu-valdymui\\\/#primaryimage\"},\"thumbnailUrl\":\"https:\\\/\\\/eheating.lt\\\/wp-content\\\/uploads\\\/2022\\\/09\\\/MagnumHeating-ETN-4-1.png\",\"datePublished\":\"2022-09-26T15:21:03+00:00\",\"dateModified\":\"2025-02-25T18:11:50+00:00\",\"breadcrumb\":{\"@id\":\"https:\\\/\\\/eheating.lt\\\/en\\\/produktas\\\/din-termostatas-magnum-etn-4-sniego-tirpinimo-sistemu-valdymui\\\/#breadcrumb\"},\"inLanguage\":\"en-US\",\"potentialAction\":[{\"@type\":\"ReadAction\",\"target\":[\"https:\\\/\\\/eheating.lt\\\/en\\\/produktas\\\/din-termostatas-magnum-etn-4-sniego-tirpinimo-sistemu-valdymui\\\/\"]}]},{\"@type\":\"ImageObject\",\"inLanguage\":\"en-US\",\"@id\":\"https:\\\/\\\/eheating.lt\\\/en\\\/produktas\\\/din-termostatas-magnum-etn-4-sniego-tirpinimo-sistemu-valdymui\\\/#primaryimage\",\"url\":\"https:\\\/\\\/eheating.lt\\\/wp-content\\\/uploads\\\/2022\\\/09\\\/MagnumHeating-ETN-4-1.png\",\"contentUrl\":\"https:\\\/\\\/eheating.lt\\\/wp-content\\\/uploads\\\/2022\\\/09\\\/MagnumHeating-ETN-4-1.png\",\"width\":800,\"height\":800,\"caption\":\"MAGNUM ETN-4\"},{\"@type\":\"BreadcrumbList\",\"@id\":\"https:\\\/\\\/eheating.lt\\\/en\\\/produktas\\\/din-termostatas-magnum-etn-4-sniego-tirpinimo-sistemu-valdymui\\\/#breadcrumb\",\"itemListElement\":[{\"@type\":\"ListItem\",\"position\":1,\"name\":\"Prad\u017eia\",\"item\":\"https:\\\/\\\/eheating.lt\\\/en\\\/\"},{\"@type\":\"ListItem\",\"position\":2,\"name\":\"Shop\",\"item\":\"https:\\\/\\\/eheating.lt\\\/en\\\/?page_id=5734\"},{\"@type\":\"ListItem\",\"position\":3,\"name\":\"DIN termostatas MAGNUM ETN-4 sniego tirpinimo sistem\u0173 valdymui\"}]},{\"@type\":\"WebSite\",\"@id\":\"https:\\\/\\\/eheating.lt\\\/#website\",\"url\":\"https:\\\/\\\/eheating.lt\\\/\",\"name\":\"eHeating\",\"description\":\"Elektronika ir \u0161ildymas\",\"potentialAction\":[{\"@type\":\"SearchAction\",\"target\":{\"@type\":\"EntryPoint\",\"urlTemplate\":\"https:\\\/\\\/eheating.lt\\\/?s={search_term_string}\"},\"query-input\":{\"@type\":\"PropertyValueSpecification\",\"valueRequired\":true,\"valueName\":\"search_term_string\"}}],\"inLanguage\":\"en-US\"}]}<\/script>\n<meta property=\"product:price:amount\" content=\"126.46\" \/>\n<meta property=\"product:price:currency\" content=\"EUR\" \/>\n<meta property=\"og:availability\" content=\"backorder\" \/>\n<meta property=\"product:availability\" content=\"available for order\" \/>\n<meta property=\"product:retailer_item_id\" content=\"MAGNUM-ETR4\" \/>\n<meta property=\"product:condition\" content=\"new\" \/>\n<!-- \/ Yoast SEO Premium plugin. -->","yoast_head_json":{"title":"DIN termostatas MAGNUM ETN-4 sniego tirpinimo sistem\u0173 valdymui","robots":{"index":"index","follow":"follow","max-snippet":"max-snippet:-1","max-image-preview":"max-image-preview:large","max-video-preview":"max-video-preview:-1"},"canonical":"https:\/\/eheating.lt\/en\/produktas\/din-termostatas-magnum-etn-4-sniego-tirpinimo-sistemu-valdymui\/","og_locale":"en_US","og_type":"article","og_title":"DIN termostatas MAGNUM ETN-4 sniego tirpinimo sistem\u0173 valdymui","og_description":"ETN-4 termostatas apsaugai nuo u\u017e\u0161alimo, ledo ir sniego atitirpinimui ar net saunos valdymui. Lengva valdyti ir programuoti. Naudodamas rodmenis i\u0161 temperat\u016bros ir dregm\u0117s davikli\u0173, valdiklis u\u017etikrina ekonomi\u0161k\u0105 energijos suvartojim\u0105.","og_url":"https:\/\/eheating.lt\/en\/produktas\/din-termostatas-magnum-etn-4-sniego-tirpinimo-sistemu-valdymui\/","og_site_name":"Elektronika Namams","article_publisher":"https:\/\/www.facebook.com\/ElektronikaNamams","article_modified_time":"2025-02-25T18:11:50+00:00","og_image":[{"width":800,"height":800,"url":"https:\/\/eheating.lt\/wp-content\/uploads\/2022\/09\/MagnumHeating-ETN-4-1.png","type":"image\/png"}],"twitter_card":"summary_large_image","twitter_misc":{"Price":"126,46&nbsp;&euro;","Availability":"On backorder"},"schema":{"@context":"https:\/\/schema.org","@graph":[{"@type":"WebPage","@id":"https:\/\/eheating.lt\/en\/produktas\/din-termostatas-magnum-etn-4-sniego-tirpinimo-sistemu-valdymui\/","url":"https:\/\/eheating.lt\/en\/produktas\/din-termostatas-magnum-etn-4-sniego-tirpinimo-sistemu-valdymui\/","name":"DIN termostatas MAGNUM ETN-4 sniego tirpinimo sistem\u0173 valdymui","isPartOf":{"@id":"https:\/\/eheating.lt\/#website"},"primaryImageOfPage":{"@id":"https:\/\/eheating.lt\/en\/produktas\/din-termostatas-magnum-etn-4-sniego-tirpinimo-sistemu-valdymui\/#primaryimage"},"image":{"@id":"https:\/\/eheating.lt\/en\/produktas\/din-termostatas-magnum-etn-4-sniego-tirpinimo-sistemu-valdymui\/#primaryimage"},"thumbnailUrl":"https:\/\/eheating.lt\/wp-content\/uploads\/2022\/09\/MagnumHeating-ETN-4-1.png","datePublished":"2022-09-26T15:21:03+00:00","dateModified":"2025-02-25T18:11:50+00:00","breadcrumb":{"@id":"https:\/\/eheating.lt\/en\/produktas\/din-termostatas-magnum-etn-4-sniego-tirpinimo-sistemu-valdymui\/#breadcrumb"},"inLanguage":"en-US","potentialAction":[{"@type":"ReadAction","target":["https:\/\/eheating.lt\/en\/produktas\/din-termostatas-magnum-etn-4-sniego-tirpinimo-sistemu-valdymui\/"]}]},{"@type":"ImageObject","inLanguage":"en-US","@id":"https:\/\/eheating.lt\/en\/produktas\/din-termostatas-magnum-etn-4-sniego-tirpinimo-sistemu-valdymui\/#primaryimage","url":"https:\/\/eheating.lt\/wp-content\/uploads\/2022\/09\/MagnumHeating-ETN-4-1.png","contentUrl":"https:\/\/eheating.lt\/wp-content\/uploads\/2022\/09\/MagnumHeating-ETN-4-1.png","width":800,"height":800,"caption":"MAGNUM ETN-4"},{"@type":"BreadcrumbList","@id":"https:\/\/eheating.lt\/en\/produktas\/din-termostatas-magnum-etn-4-sniego-tirpinimo-sistemu-valdymui\/#breadcrumb","itemListElement":[{"@type":"ListItem","position":1,"name":"Prad\u017eia","item":"https:\/\/eheating.lt\/en\/"},{"@type":"ListItem","position":2,"name":"Shop","item":"https:\/\/eheating.lt\/en\/?page_id=5734"},{"@type":"ListItem","position":3,"name":"DIN termostatas MAGNUM ETN-4 sniego tirpinimo sistem\u0173 valdymui"}]},{"@type":"WebSite","@id":"https:\/\/eheating.lt\/#website","url":"https:\/\/eheating.lt\/","name":"eHeating","description":"Elektronika ir \u0161ildymas","potentialAction":[{"@type":"SearchAction","target":{"@type":"EntryPoint","urlTemplate":"https:\/\/eheating.lt\/?s={search_term_string}"},"query-input":{"@type":"PropertyValueSpecification","valueRequired":true,"valueName":"search_term_string"}}],"inLanguage":"en-US"}]},"product_price_amount":"126.46","product_price_currency":"EUR","og_availability":"backorder","product_availability":"available for order","product_retailer_item_id":"MAGNUM-ETR4","product_condition":"new"},"_links":{"self":[{"href":"https:\/\/eheating.lt\/en\/wp-json\/wp\/v2\/product\/4000","targetHints":{"allow":["GET"]}}],"collection":[{"href":"https:\/\/eheating.lt\/en\/wp-json\/wp\/v2\/product"}],"about":[{"href":"https:\/\/eheating.lt\/en\/wp-json\/wp\/v2\/types\/product"}],"replies":[{"embeddable":true,"href":"https:\/\/eheating.lt\/en\/wp-json\/wp\/v2\/comments?post=4000"}],"version-history":[{"count":2,"href":"https:\/\/eheating.lt\/en\/wp-json\/wp\/v2\/product\/4000\/revisions"}],"predecessor-version":[{"id":38544,"href":"https:\/\/eheating.lt\/en\/wp-json\/wp\/v2\/product\/4000\/revisions\/38544"}],"wp:featuredmedia":[{"embeddable":true,"href":"https:\/\/eheating.lt\/en\/wp-json\/wp\/v2\/media\/8790"}],"wp:attachment":[{"href":"https:\/\/eheating.lt\/en\/wp-json\/wp\/v2\/media?parent=4000"}],"wp:term":[{"taxonomy":"product_brand","embeddable":true,"href":"https:\/\/eheating.lt\/en\/wp-json\/wp\/v2\/product_brand?post=4000"},{"taxonomy":"product_cat","embeddable":true,"href":"https:\/\/eheating.lt\/en\/wp-json\/wp\/v2\/product_cat?post=4000"},{"taxonomy":"product_tag","embeddable":true,"href":"https:\/\/eheating.lt\/en\/wp-json\/wp\/v2\/product_tag?post=4000"}],"curies":[{"name":"wp","href":"https:\/\/api.w.org\/{rel}","templated":true}]}}