{"id":3994,"date":"2022-09-26T16:19:58","date_gmt":"2022-09-26T13:19:58","guid":{"rendered":"https:\/\/eheating.lt\/?post_type=product&#038;p=3994"},"modified":"2025-02-25T20:13:02","modified_gmt":"2025-02-25T18:13:02","slug":"lauko-sildymo-kabelis-100m-3000w-magnum-outdoor-betonui","status":"publish","type":"product","link":"https:\/\/eheating.lt\/en\/produktas\/lauko-sildymo-kabelis-100m-3000w-magnum-outdoor-betonui\/","title":{"rendered":"Lauko \u0161ildymo kabelis 100m 3000W MAGNUM"},"content":{"rendered":"<p><strong>MAGNUM Outdoor<\/strong> \u2013 tai itin pa\u017eangi \u0161ildymo kabeli\u0173 sistema &#8211; 2 jutikliai, matuojantys dr\u0117gm\u0119 kartu su lauko temperat\u016bra ir pagal u\u017esakym\u0105 pagaminta valdymo spinta. Aliuminio apvalkalas apsaugo var\u017eos laidus nuo mechanini\u0173 pa\u017eeidim\u0173 ir ekranuoja kabel\u012f nuo EMS (elektromagnetin\u0117s spinduliuot\u0117s), tad kabelis netrukdo mobili\u0173j\u0173 telefon\u0173, elektra valdom\u0173 gara\u017eo vart\u0173 ir vart\u0173, apsaugos \u012frengini\u0173 ir kt. darbui. Kabelis yra su XLPE vidiniais apvalkalais ir PVC i\u0161oriniu apvalkalu, atspariu chemini\u0173 med\u017eiag\u0173 poveikiui.<\/p>\n<hr \/>\n<p><span style=\"font-size: 18px;\"><strong>Sukomplektuotos sistemos<\/strong><\/span><br \/>\nMAGNUM Outdoor instaliacijos yra specialiai brai\u017eomos ir projektuojamos pagal u\u017esakym\u0105. Proporcingai kabeli\u0173\/kilim\u0117li\u0173 skai\u010diui ir galiai gaminama ir \u012frengiama pilna vandeniui nepralaidi valdymo spinta (IP-65). Didesniems projektams valdymo spinta gali b\u016bti i\u0161pl\u0117sta \u012ftraukiant moduliuojan\u010dius iki 50 kW galios reguliatorius, kurie apsaugo nuo did\u017eiausi\u0173 apkrov\u0173 ir taupo energij\u0105. Sistema gali b\u016bti \u012fdiegta tiek 230V, tiek 400V.<\/p>\n<p>&nbsp;<\/p>\n<p><strong><span style=\"color: #ff0000; font-size: 17px;\">MAGNUM Outdoor kabeliui suteikiama 10 met\u0173 garantija elektrinei kabelio funkcijai.<\/span><\/strong><\/p>\n<p>&nbsp;<\/p>\n<p><img decoding=\"async\" style=\"height: 30px;\" src=\"http:\/\/eheating.lt\/wp-content\/uploads\/2022\/12\/pdf.png\" \/><a href=\"http:\/\/eheating.lt\/wp-content\/uploads\/2023\/01\/Magnum-Heating-Outdoor-manual.pdf\"><strong>Instrukcija (Angl\u0173 k.) <\/strong><\/a><\/p>\n<p><img decoding=\"async\" style=\"height: 30px;\" src=\"http:\/\/eheating.lt\/wp-content\/uploads\/2022\/12\/pdf.png\" \/><a href=\"http:\/\/eheating.lt\/wp-content\/uploads\/2023\/01\/Magnum-Heating-Outdoor-Cable-Concrete-datasheet.pdf\"><strong>Specifikacijos (Angl\u0173 k.) <\/strong><\/a><\/p>\n<p>&nbsp;<\/p>\n<hr \/>\n<div class=\"wp-block-cover alignfull is-light is-style-cornered is-style-cornered-right is-style-cornered-yellow is-style-cornered-small\">\n<div class=\"wp-block-cover__inner-container\">\n<div class=\"wp-block-jetpack-layout-grid alignwide column1-desktop-grid__span-23 column1-desktop-grid__start-1 column1-desktop-grid__row-1 column1-tablet-grid__span-16 column1-tablet-grid__start-1 column1-tablet-grid__row-1 column1-mobile-grid__span-8 column1-mobile-grid__start-1 column1-mobile-grid__row-1\">\n<div class=\"wp-block-jetpack-layout-grid-column wp-block-jetpack-layout-grid__padding-none\">\n<figure class=\"wp-block-table is-style-stripes editorskit-no-mobile\">\n<table>\n<tbody>\n<tr>\n<td><strong>Produkto numeris <\/strong><\/td>\n<td><strong>Apra\u0161ymas<\/strong><\/td>\n<td><strong>Ilgis\u00a0 \u00a0\u00a0<\/strong><\/td>\n<td><strong>\u00a0Jungiamojo kabelio ilgis\u00a0<\/strong><\/td>\n<td><strong>Galia<\/strong><\/td>\n<td><strong>\u012etampa<\/strong><\/td>\n<td><strong>Srov\u0117(A)<\/strong><\/td>\n<td><strong>Var\u017ea <b>\u03a9<\/b><\/strong><\/td>\n<\/tr>\n<tr>\n<td>120308<\/td>\n<td>MAGNUM Outdoor Cable Concrete 30W\/m<sup>1<\/sup><\/td>\n<td>10 m<\/td>\n<td>4 m<\/td>\n<td>300 W<\/td>\n<td>230V<\/td>\n<td>1,3<\/td>\n<td>176<\/td>\n<\/tr>\n<tr>\n<td>120458<\/td>\n<td>MAGNUM Outdoor Cable Concrete 30W\/m<sup>1<\/sup><\/td>\n<td>15 m<\/td>\n<td>4 m<\/td>\n<td>450 W<\/td>\n<td>230V<\/td>\n<td>2,0<\/td>\n<td>118<\/td>\n<\/tr>\n<tr>\n<td>120608<\/td>\n<td>MAGNUM Outdoor Cable Concrete 30W\/m<sup>1<\/sup><\/td>\n<td>20 m<\/td>\n<td>4 m<\/td>\n<td>600 W<\/td>\n<td>230V<\/td>\n<td>2,6<\/td>\n<td>88<\/td>\n<\/tr>\n<tr>\n<td>120758<\/td>\n<td>MAGNUM Outdoor Cable Concrete 30W\/m<sup>1<\/sup><\/td>\n<td>25 m<\/td>\n<td>4 m<\/td>\n<td>750 W<\/td>\n<td>230V<\/td>\n<td>3,3<\/td>\n<td>71<\/td>\n<\/tr>\n<tr>\n<td>120908<\/td>\n<td>MAGNUM Outdoor Cable Concrete 30W\/m<sup>1<\/sup><\/td>\n<td>30 m<\/td>\n<td>4 m<\/td>\n<td>900 W<\/td>\n<td>230V<\/td>\n<td>3,9<\/td>\n<td>59<\/td>\n<\/tr>\n<tr>\n<td>121208<\/td>\n<td>MAGNUM Outdoor Cable Concrete 30W\/m<sup>1<\/sup><\/td>\n<td>40 m<\/td>\n<td>4 m<\/td>\n<td>1200 W<\/td>\n<td>230V<\/td>\n<td>5,2<\/td>\n<td>44<\/td>\n<\/tr>\n<tr>\n<td>121508<\/td>\n<td>MAGNUM Outdoor Cable Concrete 30W\/m<sup>1<\/sup><\/td>\n<td>50 m<\/td>\n<td>4 m<\/td>\n<td>1500 W<\/td>\n<td>230V<\/td>\n<td>6,5<\/td>\n<td>35<\/td>\n<\/tr>\n<tr>\n<td>121808<\/td>\n<td>MAGNUM Outdoor Cable Concrete 30W\/m<sup>1<\/sup><\/td>\n<td>60 m<\/td>\n<td>4 m<\/td>\n<td>1800 W<\/td>\n<td>230V<\/td>\n<td>7,8<\/td>\n<td>29<\/td>\n<\/tr>\n<tr>\n<td>122108<\/td>\n<td>MAGNUM Outdoor Cable Concrete 30W\/m<sup>1<\/sup><\/td>\n<td>70 m<\/td>\n<td>4 m<\/td>\n<td>2100 W<\/td>\n<td>230V<\/td>\n<td>9,1<\/td>\n<td>25<\/td>\n<\/tr>\n<tr>\n<td>122408<\/td>\n<td>MAGNUM Outdoor Cable Concrete 30W\/m<sup>1<\/sup><\/td>\n<td>80 m<\/td>\n<td>4 m<\/td>\n<td>2400 W<\/td>\n<td>230V<\/td>\n<td>10,4<\/td>\n<td>22<\/td>\n<\/tr>\n<tr>\n<td>123008<\/td>\n<td>MAGNUM Outdoor Cable Concrete 30W\/m<sup>1<\/sup><\/td>\n<td>100 m<\/td>\n<td>4 m<\/td>\n<td>3000 W<\/td>\n<td>230V<\/td>\n<td>13,0<\/td>\n<td>18<\/td>\n<\/tr>\n<tr>\n<td>123408<\/td>\n<td>MAGNUM Outdoor Cable Concrete 30W\/m<sup>1<\/sup><\/td>\n<td>113 m<\/td>\n<td>4 m<\/td>\n<td>3400 W<\/td>\n<td>230V<\/td>\n<td>14,8<\/td>\n<td>16<\/td>\n<\/tr>\n<tr>\n<td>123608<\/td>\n<td>MAGNUM Outdoor Cable Concrete 30W\/m<sup>1<\/sup><\/td>\n<td>120 m<\/td>\n<td>4 m<\/td>\n<td>3600 W<\/td>\n<td>230V<\/td>\n<td>15,7<\/td>\n<td>15<\/td>\n<\/tr>\n<tr>\n<td>124208<\/td>\n<td>MAGNUM Outdoor Cable Concrete 30W\/m<sup>1<\/sup><\/td>\n<td>140 m<\/td>\n<td>4 m<\/td>\n<td>4200 W<\/td>\n<td>230V<\/td>\n<td>18,3<\/td>\n<td>13<\/td>\n<\/tr>\n<\/tbody>\n<\/table>\n<\/figure>\n<\/div>\n<\/div>\n<\/div>\n<\/div>\n","protected":false},"excerpt":{"rendered":"<p>\u0160is kabelis skirtas ypa\u010d dideliems plotams, pavyzd\u017eiui, pakrovimo prieplaukoms ar automobili\u0173 stov\u0117jimo aik\u0161teli\u0173 \u012fva\u017eiavimams, kur b\u016btina u\u017etikrinti saugum\u0105. MAGNUM Outdoor kabelis gali b\u016bti tvirtinamas tiesiai prie armat\u016bros prie\u0161 pilant sm\u0117lio sluoksn\u012f, beton\u0105 ar asfalt\u0105.<\/p>\n","protected":false},"featured_media":8659,"comment_status":"closed","ping_status":"closed","template":"","meta":[],"product_brand":[],"product_cat":[151,153,152],"product_tag":[974],"class_list":{"0":"post-3994","1":"product","2":"type-product","3":"status-publish","4":"has-post-thumbnail","6":"product_cat-apsauga-nuo-uzsalimo-apledejimo","7":"product_cat-betonui-ir-trinkelems","8":"product_cat-lauko-sildymo-kabeliai","9":"product_tag-ean","11":"first","12":"onbackorder","13":"taxable","14":"shipping-taxable","15":"purchasable","16":"product-type-simple"},"yoast_head":"<!-- This site is optimized with the Yoast SEO Premium plugin v21.5 (Yoast SEO v27.3) - https:\/\/yoast.com\/product\/yoast-seo-premium-wordpress\/ -->\n<title>Lauko \u0161ildymo kabelis 100m 3000W MAGNUM Outdoor betonui<\/title>\n<meta name=\"robots\" content=\"index, follow, max-snippet:-1, max-image-preview:large, max-video-preview:-1\" \/>\n<link rel=\"canonical\" href=\"https:\/\/eheating.lt\/en\/produktas\/lauko-sildymo-kabelis-100m-3000w-magnum-outdoor-betonui\/\" \/>\n<meta property=\"og:locale\" content=\"en_US\" \/>\n<meta property=\"og:type\" content=\"article\" \/>\n<meta property=\"og:title\" content=\"Lauko \u0161ildymo kabelis 100m 3000W MAGNUM Outdoor betonui\" \/>\n<meta property=\"og:description\" content=\"\u0160is kabelis skirtas ypa\u010d dideliems plotams, pavyzd\u017eiui, pakrovimo prieplaukoms ar automobili\u0173 stov\u0117jimo aik\u0161teli\u0173 \u012fva\u017eiavimams, kur b\u016btina u\u017etikrinti saugum\u0105. MAGNUM Outdoor kabelis gali b\u016bti tvirtinamas tiesiai prie armat\u016bros prie\u0161 pilant sm\u0117lio sluoksn\u012f, beton\u0105 ar asfalt\u0105.\" \/>\n<meta property=\"og:url\" content=\"https:\/\/eheating.lt\/en\/produktas\/lauko-sildymo-kabelis-100m-3000w-magnum-outdoor-betonui\/\" \/>\n<meta property=\"og:site_name\" content=\"Elektronika Namams\" \/>\n<meta property=\"article:publisher\" content=\"https:\/\/www.facebook.com\/ElektronikaNamams\" \/>\n<meta property=\"article:modified_time\" content=\"2025-02-25T18:13:02+00:00\" \/>\n<meta property=\"og:image\" content=\"https:\/\/eheating.lt\/wp-content\/uploads\/2022\/09\/MagnumHeating-Cable-Concrete-2.png\" \/>\n\t<meta property=\"og:image:width\" content=\"800\" \/>\n\t<meta property=\"og:image:height\" content=\"800\" \/>\n\t<meta property=\"og:image:type\" content=\"image\/png\" \/>\n<meta name=\"twitter:card\" content=\"summary_large_image\" \/>\n<meta name=\"twitter:label1\" content=\"Price\" \/>\n\t<meta name=\"twitter:data1\" content=\"260,26&nbsp;&euro;\" \/>\n\t<meta name=\"twitter:label2\" content=\"Availability\" \/>\n\t<meta name=\"twitter:data2\" content=\"On backorder\" \/>\n<script type=\"application\/ld+json\" class=\"yoast-schema-graph\">{\"@context\":\"https:\\\/\\\/schema.org\",\"@graph\":[{\"@type\":\"WebPage\",\"@id\":\"https:\\\/\\\/eheating.lt\\\/en\\\/produktas\\\/lauko-sildymo-kabelis-100m-3000w-magnum-outdoor-betonui\\\/\",\"url\":\"https:\\\/\\\/eheating.lt\\\/en\\\/produktas\\\/lauko-sildymo-kabelis-100m-3000w-magnum-outdoor-betonui\\\/\",\"name\":\"Lauko \u0161ildymo kabelis 100m 3000W MAGNUM Outdoor betonui\",\"isPartOf\":{\"@id\":\"https:\\\/\\\/eheating.lt\\\/#website\"},\"primaryImageOfPage\":{\"@id\":\"https:\\\/\\\/eheating.lt\\\/en\\\/produktas\\\/lauko-sildymo-kabelis-100m-3000w-magnum-outdoor-betonui\\\/#primaryimage\"},\"image\":{\"@id\":\"https:\\\/\\\/eheating.lt\\\/en\\\/produktas\\\/lauko-sildymo-kabelis-100m-3000w-magnum-outdoor-betonui\\\/#primaryimage\"},\"thumbnailUrl\":\"https:\\\/\\\/eheating.lt\\\/wp-content\\\/uploads\\\/2022\\\/09\\\/MagnumHeating-Cable-Concrete-2.png\",\"datePublished\":\"2022-09-26T13:19:58+00:00\",\"dateModified\":\"2025-02-25T18:13:02+00:00\",\"breadcrumb\":{\"@id\":\"https:\\\/\\\/eheating.lt\\\/en\\\/produktas\\\/lauko-sildymo-kabelis-100m-3000w-magnum-outdoor-betonui\\\/#breadcrumb\"},\"inLanguage\":\"en-US\",\"potentialAction\":[{\"@type\":\"ReadAction\",\"target\":[\"https:\\\/\\\/eheating.lt\\\/en\\\/produktas\\\/lauko-sildymo-kabelis-100m-3000w-magnum-outdoor-betonui\\\/\"]}]},{\"@type\":\"ImageObject\",\"inLanguage\":\"en-US\",\"@id\":\"https:\\\/\\\/eheating.lt\\\/en\\\/produktas\\\/lauko-sildymo-kabelis-100m-3000w-magnum-outdoor-betonui\\\/#primaryimage\",\"url\":\"https:\\\/\\\/eheating.lt\\\/wp-content\\\/uploads\\\/2022\\\/09\\\/MagnumHeating-Cable-Concrete-2.png\",\"contentUrl\":\"https:\\\/\\\/eheating.lt\\\/wp-content\\\/uploads\\\/2022\\\/09\\\/MagnumHeating-Cable-Concrete-2.png\",\"width\":800,\"height\":800,\"caption\":\"MAGNUM Outdoor Cable Concrete\"},{\"@type\":\"BreadcrumbList\",\"@id\":\"https:\\\/\\\/eheating.lt\\\/en\\\/produktas\\\/lauko-sildymo-kabelis-100m-3000w-magnum-outdoor-betonui\\\/#breadcrumb\",\"itemListElement\":[{\"@type\":\"ListItem\",\"position\":1,\"name\":\"Prad\u017eia\",\"item\":\"https:\\\/\\\/eheating.lt\\\/en\\\/\"},{\"@type\":\"ListItem\",\"position\":2,\"name\":\"Shop\",\"item\":\"https:\\\/\\\/eheating.lt\\\/en\\\/?page_id=5734\"},{\"@type\":\"ListItem\",\"position\":3,\"name\":\"Lauko \u0161ildymo kabelis 100m 3000W MAGNUM Outdoor betonui\"}]},{\"@type\":\"WebSite\",\"@id\":\"https:\\\/\\\/eheating.lt\\\/#website\",\"url\":\"https:\\\/\\\/eheating.lt\\\/\",\"name\":\"eHeating\",\"description\":\"Elektronika ir \u0161ildymas\",\"potentialAction\":[{\"@type\":\"SearchAction\",\"target\":{\"@type\":\"EntryPoint\",\"urlTemplate\":\"https:\\\/\\\/eheating.lt\\\/?s={search_term_string}\"},\"query-input\":{\"@type\":\"PropertyValueSpecification\",\"valueRequired\":true,\"valueName\":\"search_term_string\"}}],\"inLanguage\":\"en-US\"}]}<\/script>\n<meta property=\"product:price:amount\" content=\"260.26\" \/>\n<meta property=\"product:price:currency\" content=\"EUR\" \/>\n<meta property=\"og:availability\" content=\"backorder\" \/>\n<meta property=\"product:availability\" content=\"available for order\" \/>\n<meta property=\"product:retailer_item_id\" content=\"MAGNUM-CAB-CONCR-100\" \/>\n<meta property=\"product:condition\" content=\"new\" \/>\n<!-- \/ Yoast SEO Premium plugin. -->","yoast_head_json":{"title":"Lauko \u0161ildymo kabelis 100m 3000W MAGNUM Outdoor betonui","robots":{"index":"index","follow":"follow","max-snippet":"max-snippet:-1","max-image-preview":"max-image-preview:large","max-video-preview":"max-video-preview:-1"},"canonical":"https:\/\/eheating.lt\/en\/produktas\/lauko-sildymo-kabelis-100m-3000w-magnum-outdoor-betonui\/","og_locale":"en_US","og_type":"article","og_title":"Lauko \u0161ildymo kabelis 100m 3000W MAGNUM Outdoor betonui","og_description":"\u0160is kabelis skirtas ypa\u010d dideliems plotams, pavyzd\u017eiui, pakrovimo prieplaukoms ar automobili\u0173 stov\u0117jimo aik\u0161teli\u0173 \u012fva\u017eiavimams, kur b\u016btina u\u017etikrinti saugum\u0105. MAGNUM Outdoor kabelis gali b\u016bti tvirtinamas tiesiai prie armat\u016bros prie\u0161 pilant sm\u0117lio sluoksn\u012f, beton\u0105 ar asfalt\u0105.","og_url":"https:\/\/eheating.lt\/en\/produktas\/lauko-sildymo-kabelis-100m-3000w-magnum-outdoor-betonui\/","og_site_name":"Elektronika Namams","article_publisher":"https:\/\/www.facebook.com\/ElektronikaNamams","article_modified_time":"2025-02-25T18:13:02+00:00","og_image":[{"width":800,"height":800,"url":"https:\/\/eheating.lt\/wp-content\/uploads\/2022\/09\/MagnumHeating-Cable-Concrete-2.png","type":"image\/png"}],"twitter_card":"summary_large_image","twitter_misc":{"Price":"260,26&nbsp;&euro;","Availability":"On backorder"},"schema":{"@context":"https:\/\/schema.org","@graph":[{"@type":"WebPage","@id":"https:\/\/eheating.lt\/en\/produktas\/lauko-sildymo-kabelis-100m-3000w-magnum-outdoor-betonui\/","url":"https:\/\/eheating.lt\/en\/produktas\/lauko-sildymo-kabelis-100m-3000w-magnum-outdoor-betonui\/","name":"Lauko \u0161ildymo kabelis 100m 3000W MAGNUM Outdoor betonui","isPartOf":{"@id":"https:\/\/eheating.lt\/#website"},"primaryImageOfPage":{"@id":"https:\/\/eheating.lt\/en\/produktas\/lauko-sildymo-kabelis-100m-3000w-magnum-outdoor-betonui\/#primaryimage"},"image":{"@id":"https:\/\/eheating.lt\/en\/produktas\/lauko-sildymo-kabelis-100m-3000w-magnum-outdoor-betonui\/#primaryimage"},"thumbnailUrl":"https:\/\/eheating.lt\/wp-content\/uploads\/2022\/09\/MagnumHeating-Cable-Concrete-2.png","datePublished":"2022-09-26T13:19:58+00:00","dateModified":"2025-02-25T18:13:02+00:00","breadcrumb":{"@id":"https:\/\/eheating.lt\/en\/produktas\/lauko-sildymo-kabelis-100m-3000w-magnum-outdoor-betonui\/#breadcrumb"},"inLanguage":"en-US","potentialAction":[{"@type":"ReadAction","target":["https:\/\/eheating.lt\/en\/produktas\/lauko-sildymo-kabelis-100m-3000w-magnum-outdoor-betonui\/"]}]},{"@type":"ImageObject","inLanguage":"en-US","@id":"https:\/\/eheating.lt\/en\/produktas\/lauko-sildymo-kabelis-100m-3000w-magnum-outdoor-betonui\/#primaryimage","url":"https:\/\/eheating.lt\/wp-content\/uploads\/2022\/09\/MagnumHeating-Cable-Concrete-2.png","contentUrl":"https:\/\/eheating.lt\/wp-content\/uploads\/2022\/09\/MagnumHeating-Cable-Concrete-2.png","width":800,"height":800,"caption":"MAGNUM Outdoor Cable Concrete"},{"@type":"BreadcrumbList","@id":"https:\/\/eheating.lt\/en\/produktas\/lauko-sildymo-kabelis-100m-3000w-magnum-outdoor-betonui\/#breadcrumb","itemListElement":[{"@type":"ListItem","position":1,"name":"Prad\u017eia","item":"https:\/\/eheating.lt\/en\/"},{"@type":"ListItem","position":2,"name":"Shop","item":"https:\/\/eheating.lt\/en\/?page_id=5734"},{"@type":"ListItem","position":3,"name":"Lauko \u0161ildymo kabelis 100m 3000W MAGNUM Outdoor betonui"}]},{"@type":"WebSite","@id":"https:\/\/eheating.lt\/#website","url":"https:\/\/eheating.lt\/","name":"eHeating","description":"Elektronika ir \u0161ildymas","potentialAction":[{"@type":"SearchAction","target":{"@type":"EntryPoint","urlTemplate":"https:\/\/eheating.lt\/?s={search_term_string}"},"query-input":{"@type":"PropertyValueSpecification","valueRequired":true,"valueName":"search_term_string"}}],"inLanguage":"en-US"}]},"product_price_amount":"260.26","product_price_currency":"EUR","og_availability":"backorder","product_availability":"available for order","product_retailer_item_id":"MAGNUM-CAB-CONCR-100","product_condition":"new"},"_links":{"self":[{"href":"https:\/\/eheating.lt\/en\/wp-json\/wp\/v2\/product\/3994","targetHints":{"allow":["GET"]}}],"collection":[{"href":"https:\/\/eheating.lt\/en\/wp-json\/wp\/v2\/product"}],"about":[{"href":"https:\/\/eheating.lt\/en\/wp-json\/wp\/v2\/types\/product"}],"replies":[{"embeddable":true,"href":"https:\/\/eheating.lt\/en\/wp-json\/wp\/v2\/comments?post=3994"}],"version-history":[{"count":2,"href":"https:\/\/eheating.lt\/en\/wp-json\/wp\/v2\/product\/3994\/revisions"}],"predecessor-version":[{"id":38548,"href":"https:\/\/eheating.lt\/en\/wp-json\/wp\/v2\/product\/3994\/revisions\/38548"}],"wp:featuredmedia":[{"embeddable":true,"href":"https:\/\/eheating.lt\/en\/wp-json\/wp\/v2\/media\/8659"}],"wp:attachment":[{"href":"https:\/\/eheating.lt\/en\/wp-json\/wp\/v2\/media?parent=3994"}],"wp:term":[{"taxonomy":"product_brand","embeddable":true,"href":"https:\/\/eheating.lt\/en\/wp-json\/wp\/v2\/product_brand?post=3994"},{"taxonomy":"product_cat","embeddable":true,"href":"https:\/\/eheating.lt\/en\/wp-json\/wp\/v2\/product_cat?post=3994"},{"taxonomy":"product_tag","embeddable":true,"href":"https:\/\/eheating.lt\/en\/wp-json\/wp\/v2\/product_tag?post=3994"}],"curies":[{"name":"wp","href":"https:\/\/api.w.org\/{rel}","templated":true}]}}