{"id":38970,"date":"2025-03-19T12:56:01","date_gmt":"2025-03-19T10:56:01","guid":{"rendered":"https:\/\/eheating.lt\/?post_type=product&#038;p=38970"},"modified":"2025-03-19T13:16:24","modified_gmt":"2025-03-19T11:16:24","slug":"sonoff-trvzb-zigbee-3-0-termostatine-galva","status":"publish","type":"product","link":"https:\/\/eheating.lt\/en\/produktas\/sonoff-trvzb-zigbee-3-0-termostatine-galva\/","title":{"rendered":"Sonoff TRVZB Zigbee 3.0 termostatin\u0117 galva"},"content":{"rendered":"<p style=\"font-weight: 400;\">Sonoff TRVZB yra termostatinis radiatoriaus vo\u017etuvas, bendraujantis per Zigbee 3.0 protokol\u0105. Sen\u0105 vo\u017etuvo valdikl\u012f galite pakeisti nauju Sonoff i\u0161maniuoju vo\u017etuvo valdikliu grei\u010diau nei per 5 minutes. \u012erenginys veikia su 3 AA tipo baterijomis ir bet kuriuo metu galite nustatyti norim\u0105 temperat\u016br\u0105 arba suplanuoti ver\u010di\u0173 automatin\u012f pasikeitim\u0105 vo\u017etuvo valdiklyje arba program\u0117l\u0117je. Jame taip pat yra u\u017eraktas nuo vaik\u0173, lango atidarymo aptikimas ir i\u0161matuotos temperat\u016bros istorija. Tai padeda sukurti efektyvi\u0105 \u0161ildymo valdymo sistem\u0105 ir optimizuoti s\u0105skait\u0105 u\u017e energij\u0105.<\/p>\n<hr \/>\n<p><strong><span style=\"font-size: 18px;\">Pagrindin\u0117s savyb\u0117s:<\/span><\/strong><\/p>\n<ul>\n<li>Valdomas per Zigbee: Sonoff TRV gali prisijungti prie Sonoff Zigbee bridge pro arba Sonoff NSPanel Pro. (sena sonoff\u00a0ZBbridgecentral\u0117s versija netinkama)<\/li>\n<li>Tikslus temperat\u016bros valdymas: b\u016bkite informuoti apie savo radiatori\u0173 temperat\u016br\u0105, kad ir kur b\u016btum\u0117te!<\/li>\n<li>Platus temperat\u016bros nustatym\u0173 diapazonas: nustatykite kambario temperat\u016br\u0105 nuo 5\u00b0C iki 30\u00b0C.<\/li>\n<li>Nustatykite tvarkara\u0161t\u012f, pagr\u012fst\u0105 savo tvarkara\u0161\u010diu, ir \u012fsitikinkite, kad visada gr\u012f\u017etate namo su patogia nam\u0173 temperat\u016bra.<\/li>\n<\/ul>\n<p>&nbsp;<\/p>\n<p><strong><span style=\"font-size: 18px;\">Technin\u0117s specifikacijos:<\/span><\/strong><\/p>\n<ul>\n<li>Gamintojas &#8211; Sonoff<\/li>\n<li>Belaid\u017eio ry\u0161io protokolas: ZigBee 3.0<\/li>\n<li>Maitinimas: 3x AA baterijos<\/li>\n<li>Program\u0117l\u0117s: Amazon Alexa, Ewelink, Google Home, Home Assistant, IFTTT<\/li>\n<li>Sriegis: M30 x 1,5<\/li>\n<li>Temperat\u016bros nustatymas: -4\u00b0C-35\u00b0C<\/li>\n<\/ul>\n<p>&nbsp;<\/p>\n<p><img decoding=\"async\" style=\"height: 30px;\" src=\"http:\/\/eheating.lt\/wp-content\/uploads\/2022\/12\/pdf.png\" \/><a href=\"https:\/\/eheating.lt\/wp-content\/uploads\/2025\/03\/Sonoff-TRVZB-manual.pdf\"><strong>Instrukcija (Angl\u0173 k.)<\/strong><\/a><\/p>\n","protected":false},"excerpt":{"rendered":"<p><strong>Sonoff TRVZB<\/strong> elektronin\u0117 termostatin\u0117 galva, kuri yra alternatyva tradicin\u0117ms termo galvoms. Su LCD ekranu bei ZigBee 3.0 ry\u0161iu<\/p>\n","protected":false},"featured_media":38971,"comment_status":"closed","ping_status":"closed","template":"","meta":[],"product_brand":[],"product_cat":[137,133],"product_tag":[974],"class_list":{"0":"post-38970","1":"product","2":"type-product","3":"status-publish","4":"has-post-thumbnail","6":"product_cat-radiatoriu-termostatines-galvos","7":"product_cat-sildymo-valdymo-automatika","8":"product_tag-ean","10":"first","11":"instock","12":"taxable","13":"shipping-taxable","14":"purchasable","15":"product-type-simple"},"yoast_head":"<!-- This site is optimized with the Yoast SEO Premium plugin v21.5 (Yoast SEO v27.3) - https:\/\/yoast.com\/product\/yoast-seo-premium-wordpress\/ -->\n<title>Sonoff TRVZB Zigbee 3.0 termostatin\u0117 galva<\/title>\n<meta name=\"description\" content=\"Sonoff TRVZB Zigbee 3.0 termostatin\u0117 galva ; Parametr\u0173 konfig\u016bravimas ; Veikia baterijomis ; LCD ekranas ; ZigBee 3.0 protokolas\" \/>\n<meta name=\"robots\" content=\"index, follow, max-snippet:-1, max-image-preview:large, max-video-preview:-1\" \/>\n<link rel=\"canonical\" href=\"https:\/\/eheating.lt\/produktas\/sonoff-trvzb-zigbee-3-0-termostatine-galva\/\" \/>\n<meta property=\"og:locale\" content=\"en_US\" \/>\n<meta property=\"og:type\" content=\"article\" \/>\n<meta property=\"og:title\" content=\"Sonoff TRVZB Zigbee 3.0 termostatin\u0117 galva\" \/>\n<meta property=\"og:description\" content=\"Sonoff TRVZB Zigbee 3.0 termostatin\u0117 galva ; Parametr\u0173 konfig\u016bravimas ; Veikia baterijomis ; LCD ekranas ; ZigBee 3.0 protokolas\" \/>\n<meta property=\"og:url\" content=\"https:\/\/eheating.lt\/produktas\/sonoff-trvzb-zigbee-3-0-termostatine-galva\/\" \/>\n<meta property=\"og:site_name\" content=\"Elektronika Namams\" \/>\n<meta property=\"article:publisher\" content=\"https:\/\/www.facebook.com\/ElektronikaNamams\" \/>\n<meta property=\"article:modified_time\" content=\"2025-03-19T11:16:24+00:00\" \/>\n<meta property=\"og:image\" content=\"https:\/\/eheating.lt\/wp-content\/uploads\/2025\/03\/Sonoff-TRVZB-Zigbee-3.0-termostatine-galva.png\" \/>\n\t<meta property=\"og:image:width\" content=\"800\" \/>\n\t<meta property=\"og:image:height\" content=\"800\" \/>\n\t<meta property=\"og:image:type\" content=\"image\/png\" \/>\n<meta name=\"twitter:card\" content=\"summary_large_image\" \/>\n<meta name=\"twitter:label1\" content=\"Price\" \/>\n\t<meta name=\"twitter:data1\" content=\"31,25&nbsp;&euro;\" \/>\n\t<meta name=\"twitter:label2\" content=\"Availability\" \/>\n\t<meta name=\"twitter:data2\" content=\"In stock\" \/>\n<script type=\"application\/ld+json\" class=\"yoast-schema-graph\">{\"@context\":\"https:\\\/\\\/schema.org\",\"@graph\":[{\"@type\":\"WebPage\",\"@id\":\"https:\\\/\\\/eheating.lt\\\/produktas\\\/sonoff-trvzb-zigbee-3-0-termostatine-galva\\\/\",\"url\":\"https:\\\/\\\/eheating.lt\\\/produktas\\\/sonoff-trvzb-zigbee-3-0-termostatine-galva\\\/\",\"name\":\"Sonoff TRVZB Zigbee 3.0 termostatin\u0117 galva\",\"isPartOf\":{\"@id\":\"https:\\\/\\\/eheating.lt\\\/#website\"},\"primaryImageOfPage\":{\"@id\":\"https:\\\/\\\/eheating.lt\\\/produktas\\\/sonoff-trvzb-zigbee-3-0-termostatine-galva\\\/#primaryimage\"},\"image\":{\"@id\":\"https:\\\/\\\/eheating.lt\\\/produktas\\\/sonoff-trvzb-zigbee-3-0-termostatine-galva\\\/#primaryimage\"},\"thumbnailUrl\":\"https:\\\/\\\/eheating.lt\\\/wp-content\\\/uploads\\\/2025\\\/03\\\/Sonoff-TRVZB-Zigbee-3.0-termostatine-galva.png\",\"datePublished\":\"2025-03-19T10:56:01+00:00\",\"dateModified\":\"2025-03-19T11:16:24+00:00\",\"description\":\"Sonoff TRVZB Zigbee 3.0 termostatin\u0117 galva ; Parametr\u0173 konfig\u016bravimas ; Veikia baterijomis ; LCD ekranas ; ZigBee 3.0 protokolas\",\"breadcrumb\":{\"@id\":\"https:\\\/\\\/eheating.lt\\\/produktas\\\/sonoff-trvzb-zigbee-3-0-termostatine-galva\\\/#breadcrumb\"},\"inLanguage\":\"en-US\",\"potentialAction\":[{\"@type\":\"ReadAction\",\"target\":[\"https:\\\/\\\/eheating.lt\\\/produktas\\\/sonoff-trvzb-zigbee-3-0-termostatine-galva\\\/\"]}]},{\"@type\":\"ImageObject\",\"inLanguage\":\"en-US\",\"@id\":\"https:\\\/\\\/eheating.lt\\\/produktas\\\/sonoff-trvzb-zigbee-3-0-termostatine-galva\\\/#primaryimage\",\"url\":\"https:\\\/\\\/eheating.lt\\\/wp-content\\\/uploads\\\/2025\\\/03\\\/Sonoff-TRVZB-Zigbee-3.0-termostatine-galva.png\",\"contentUrl\":\"https:\\\/\\\/eheating.lt\\\/wp-content\\\/uploads\\\/2025\\\/03\\\/Sonoff-TRVZB-Zigbee-3.0-termostatine-galva.png\",\"width\":800,\"height\":800,\"caption\":\"Sonoff TRVZB Zigbee 3.0 termostatin\u0117 galva\"},{\"@type\":\"BreadcrumbList\",\"@id\":\"https:\\\/\\\/eheating.lt\\\/produktas\\\/sonoff-trvzb-zigbee-3-0-termostatine-galva\\\/#breadcrumb\",\"itemListElement\":[{\"@type\":\"ListItem\",\"position\":1,\"name\":\"Prad\u017eia\",\"item\":\"https:\\\/\\\/eheating.lt\\\/en\\\/\"},{\"@type\":\"ListItem\",\"position\":2,\"name\":\"Shop\",\"item\":\"https:\\\/\\\/eheating.lt\\\/en\\\/?page_id=5734\"},{\"@type\":\"ListItem\",\"position\":3,\"name\":\"Sonoff TRVZB Zigbee 3.0 termostatin\u0117 galva\"}]},{\"@type\":\"WebSite\",\"@id\":\"https:\\\/\\\/eheating.lt\\\/#website\",\"url\":\"https:\\\/\\\/eheating.lt\\\/\",\"name\":\"eHeating\",\"description\":\"Elektronika ir \u0161ildymas\",\"potentialAction\":[{\"@type\":\"SearchAction\",\"target\":{\"@type\":\"EntryPoint\",\"urlTemplate\":\"https:\\\/\\\/eheating.lt\\\/?s={search_term_string}\"},\"query-input\":{\"@type\":\"PropertyValueSpecification\",\"valueRequired\":true,\"valueName\":\"search_term_string\"}}],\"inLanguage\":\"en-US\"}]}<\/script>\n<meta property=\"product:price:amount\" content=\"31.25\" \/>\n<meta property=\"product:price:currency\" content=\"EUR\" \/>\n<meta property=\"og:availability\" content=\"instock\" \/>\n<meta property=\"product:availability\" content=\"instock\" \/>\n<meta property=\"product:retailer_item_id\" content=\"SONOFF-TRVZB\" \/>\n<meta property=\"product:condition\" content=\"new\" \/>\n<!-- \/ Yoast SEO Premium plugin. -->","yoast_head_json":{"title":"Sonoff TRVZB Zigbee 3.0 termostatin\u0117 galva","description":"Sonoff TRVZB Zigbee 3.0 termostatin\u0117 galva ; Parametr\u0173 konfig\u016bravimas ; Veikia baterijomis ; LCD ekranas ; ZigBee 3.0 protokolas","robots":{"index":"index","follow":"follow","max-snippet":"max-snippet:-1","max-image-preview":"max-image-preview:large","max-video-preview":"max-video-preview:-1"},"canonical":"https:\/\/eheating.lt\/produktas\/sonoff-trvzb-zigbee-3-0-termostatine-galva\/","og_locale":"en_US","og_type":"article","og_title":"Sonoff TRVZB Zigbee 3.0 termostatin\u0117 galva","og_description":"Sonoff TRVZB Zigbee 3.0 termostatin\u0117 galva ; Parametr\u0173 konfig\u016bravimas ; Veikia baterijomis ; LCD ekranas ; ZigBee 3.0 protokolas","og_url":"https:\/\/eheating.lt\/produktas\/sonoff-trvzb-zigbee-3-0-termostatine-galva\/","og_site_name":"Elektronika Namams","article_publisher":"https:\/\/www.facebook.com\/ElektronikaNamams","article_modified_time":"2025-03-19T11:16:24+00:00","og_image":[{"width":800,"height":800,"url":"https:\/\/eheating.lt\/wp-content\/uploads\/2025\/03\/Sonoff-TRVZB-Zigbee-3.0-termostatine-galva.png","type":"image\/png"}],"twitter_card":"summary_large_image","twitter_misc":{"Price":"31,25&nbsp;&euro;","Availability":"In stock"},"schema":{"@context":"https:\/\/schema.org","@graph":[{"@type":"WebPage","@id":"https:\/\/eheating.lt\/produktas\/sonoff-trvzb-zigbee-3-0-termostatine-galva\/","url":"https:\/\/eheating.lt\/produktas\/sonoff-trvzb-zigbee-3-0-termostatine-galva\/","name":"Sonoff TRVZB Zigbee 3.0 termostatin\u0117 galva","isPartOf":{"@id":"https:\/\/eheating.lt\/#website"},"primaryImageOfPage":{"@id":"https:\/\/eheating.lt\/produktas\/sonoff-trvzb-zigbee-3-0-termostatine-galva\/#primaryimage"},"image":{"@id":"https:\/\/eheating.lt\/produktas\/sonoff-trvzb-zigbee-3-0-termostatine-galva\/#primaryimage"},"thumbnailUrl":"https:\/\/eheating.lt\/wp-content\/uploads\/2025\/03\/Sonoff-TRVZB-Zigbee-3.0-termostatine-galva.png","datePublished":"2025-03-19T10:56:01+00:00","dateModified":"2025-03-19T11:16:24+00:00","description":"Sonoff TRVZB Zigbee 3.0 termostatin\u0117 galva ; Parametr\u0173 konfig\u016bravimas ; Veikia baterijomis ; LCD ekranas ; ZigBee 3.0 protokolas","breadcrumb":{"@id":"https:\/\/eheating.lt\/produktas\/sonoff-trvzb-zigbee-3-0-termostatine-galva\/#breadcrumb"},"inLanguage":"en-US","potentialAction":[{"@type":"ReadAction","target":["https:\/\/eheating.lt\/produktas\/sonoff-trvzb-zigbee-3-0-termostatine-galva\/"]}]},{"@type":"ImageObject","inLanguage":"en-US","@id":"https:\/\/eheating.lt\/produktas\/sonoff-trvzb-zigbee-3-0-termostatine-galva\/#primaryimage","url":"https:\/\/eheating.lt\/wp-content\/uploads\/2025\/03\/Sonoff-TRVZB-Zigbee-3.0-termostatine-galva.png","contentUrl":"https:\/\/eheating.lt\/wp-content\/uploads\/2025\/03\/Sonoff-TRVZB-Zigbee-3.0-termostatine-galva.png","width":800,"height":800,"caption":"Sonoff TRVZB Zigbee 3.0 termostatin\u0117 galva"},{"@type":"BreadcrumbList","@id":"https:\/\/eheating.lt\/produktas\/sonoff-trvzb-zigbee-3-0-termostatine-galva\/#breadcrumb","itemListElement":[{"@type":"ListItem","position":1,"name":"Prad\u017eia","item":"https:\/\/eheating.lt\/en\/"},{"@type":"ListItem","position":2,"name":"Shop","item":"https:\/\/eheating.lt\/en\/?page_id=5734"},{"@type":"ListItem","position":3,"name":"Sonoff TRVZB Zigbee 3.0 termostatin\u0117 galva"}]},{"@type":"WebSite","@id":"https:\/\/eheating.lt\/#website","url":"https:\/\/eheating.lt\/","name":"eHeating","description":"Elektronika ir \u0161ildymas","potentialAction":[{"@type":"SearchAction","target":{"@type":"EntryPoint","urlTemplate":"https:\/\/eheating.lt\/?s={search_term_string}"},"query-input":{"@type":"PropertyValueSpecification","valueRequired":true,"valueName":"search_term_string"}}],"inLanguage":"en-US"}]},"product_price_amount":"31.25","product_price_currency":"EUR","og_availability":"instock","product_availability":"instock","product_retailer_item_id":"SONOFF-TRVZB","product_condition":"new"},"_links":{"self":[{"href":"https:\/\/eheating.lt\/en\/wp-json\/wp\/v2\/product\/38970","targetHints":{"allow":["GET"]}}],"collection":[{"href":"https:\/\/eheating.lt\/en\/wp-json\/wp\/v2\/product"}],"about":[{"href":"https:\/\/eheating.lt\/en\/wp-json\/wp\/v2\/types\/product"}],"replies":[{"embeddable":true,"href":"https:\/\/eheating.lt\/en\/wp-json\/wp\/v2\/comments?post=38970"}],"version-history":[{"count":1,"href":"https:\/\/eheating.lt\/en\/wp-json\/wp\/v2\/product\/38970\/revisions"}],"predecessor-version":[{"id":38981,"href":"https:\/\/eheating.lt\/en\/wp-json\/wp\/v2\/product\/38970\/revisions\/38981"}],"wp:featuredmedia":[{"embeddable":true,"href":"https:\/\/eheating.lt\/en\/wp-json\/wp\/v2\/media\/38971"}],"wp:attachment":[{"href":"https:\/\/eheating.lt\/en\/wp-json\/wp\/v2\/media?parent=38970"}],"wp:term":[{"taxonomy":"product_brand","embeddable":true,"href":"https:\/\/eheating.lt\/en\/wp-json\/wp\/v2\/product_brand?post=38970"},{"taxonomy":"product_cat","embeddable":true,"href":"https:\/\/eheating.lt\/en\/wp-json\/wp\/v2\/product_cat?post=38970"},{"taxonomy":"product_tag","embeddable":true,"href":"https:\/\/eheating.lt\/en\/wp-json\/wp\/v2\/product_tag?post=38970"}],"curies":[{"name":"wp","href":"https:\/\/api.w.org\/{rel}","templated":true}]}}