{"id":38960,"date":"2025-03-19T12:30:59","date_gmt":"2025-03-19T10:30:59","guid":{"rendered":"https:\/\/eheating.lt\/?post_type=product&#038;p=38960"},"modified":"2025-03-19T12:46:51","modified_gmt":"2025-03-19T10:46:51","slug":"avatto-trv07-zigbee-3-0-tuya-termostatine-galva","status":"publish","type":"product","link":"https:\/\/eheating.lt\/en\/produktas\/avatto-trv07-zigbee-3-0-tuya-termostatine-galva\/","title":{"rendered":"Avatto TRV07 Zigbee 3.0 TUYA termostatin\u0117"},"content":{"rendered":"<p style=\"font-weight: 400;\">Avatto TRV07 termostatinis vo\u017etuvas yra prakti\u0161kas \u012frenginys, kuriuo gal\u0117site patogiai valdyti nam\u0173 \u0161ildym\u0105. Naudodamiesi \u201eTuya Smart\u201c program\u0117le gal\u0117site nuotoliniu b\u016bdu valdyti prietais\u0105 ir sudaryti veikimo grafikus. Su &#8220;ZigBee Gateway Hub&#8221; (\u012f komplekt\u0105 ne\u012feina) gal\u0117site naudotis visomis termostatinio vo\u017etuvo si\u016blomomis funkcijomis. Yra daug nauding\u0173 funkcij\u0173, pavyzd\u017eiui, atviro lango aptikimas ir automatinis kalki\u0173 \u0161alinimas. Jame taip pat \u012fmontuotas \u201eZigBee 3.0\u201c modulis. Yra LCD ekranas, kuris leid\u017eia lengvai pasiekti svarbiausi\u0105 informacij\u0105, o komplekte rasite daugyb\u0119 adapteri\u0173 tip\u0173, tod\u0117l netur\u0117site joki\u0173 sunkum\u0173 montuodami prietais\u0105.<\/p>\n<hr \/>\n<p><strong><span style=\"font-size: 18px;\">Technin\u0117s specifikacijos:<\/span><\/strong><\/p>\n<ul>\n<li>Gamintojas &#8211; Avatto<\/li>\n<li>Modelis: TRV07<\/li>\n<li>Spalva: Balta<\/li>\n<li>Maitinimas: 3 x 1,5V AA baterijos (nepridedamos)<\/li>\n<li>Apsaugos laipsnis: IP20<\/li>\n<li>Sriegis: M30 x 1,5<\/li>\n<li>Matmenys: 58,4 mm x 97 mm x 58,4 mm<\/li>\n<li>Belaid\u017eio ry\u0161io protokolas: ZigBee 3.0<\/li>\n<\/ul>\n<p>&nbsp;<\/p>\n<p><span style=\"font-size: 16px;\"><strong>Pakuot\u0117je:<\/strong><\/span><\/p>\n<ul>\n<li>Termostatinis vo\u017etuvas<\/li>\n<li>Danfoss RA adapteris<\/li>\n<li>Danfoss RAV adapteris<\/li>\n<li>Danfoss RAVL adapteris<\/li>\n<li>M28 adapteris<\/li>\n<li>Caleffi adapteris<\/li>\n<li>Giacomini adapteris<\/li>\n<li>Instrukcija<\/li>\n<\/ul>\n","protected":false},"excerpt":{"rendered":"<p><b>Avatto TRV07<\/b> elektronin\u0117 termostatin\u0117 galva, kuri yra alternatyva tradicin\u0117ms termo galvoms. Su LCD ekranu bei ZigBee 3.0 ry\u0161iu<\/p>\n","protected":false},"featured_media":38963,"comment_status":"closed","ping_status":"closed","template":"","meta":[],"product_brand":[],"product_cat":[137,133],"product_tag":[974],"class_list":{"0":"post-38960","1":"product","2":"type-product","3":"status-publish","4":"has-post-thumbnail","6":"product_cat-radiatoriu-termostatines-galvos","7":"product_cat-sildymo-valdymo-automatika","8":"product_tag-ean","10":"first","11":"onbackorder","12":"taxable","13":"shipping-taxable","14":"purchasable","15":"product-type-simple"},"yoast_head":"<!-- This site is optimized with the Yoast SEO Premium plugin v21.5 (Yoast SEO v27.3) - https:\/\/yoast.com\/product\/yoast-seo-premium-wordpress\/ -->\n<title>Avatto TRV07 Zigbee 3.0 TUYA termostatin\u0117 galva<\/title>\n<meta name=\"description\" content=\"Avatto TRV07 Zigbee 3.0 TUYA termostatin\u0117 galva ; Parametr\u0173 konfig\u016bravimas ; Veikia baterijomis ; LCD ekranas ; ZigBee 3.0 protokolas\" \/>\n<meta name=\"robots\" content=\"index, follow, max-snippet:-1, max-image-preview:large, max-video-preview:-1\" \/>\n<link rel=\"canonical\" href=\"https:\/\/eheating.lt\/produktas\/avatto-trv07-zigbee-3-0-tuya-termostatine-galva\/\" \/>\n<meta property=\"og:locale\" content=\"en_US\" \/>\n<meta property=\"og:type\" content=\"article\" \/>\n<meta property=\"og:title\" content=\"Avatto TRV07 Zigbee 3.0 TUYA termostatin\u0117 galva\" \/>\n<meta property=\"og:description\" content=\"Avatto TRV07 Zigbee 3.0 TUYA termostatin\u0117 galva ; Parametr\u0173 konfig\u016bravimas ; Veikia baterijomis ; LCD ekranas ; ZigBee 3.0 protokolas\" \/>\n<meta property=\"og:url\" content=\"https:\/\/eheating.lt\/produktas\/avatto-trv07-zigbee-3-0-tuya-termostatine-galva\/\" \/>\n<meta property=\"og:site_name\" content=\"Elektronika Namams\" \/>\n<meta property=\"article:publisher\" content=\"https:\/\/www.facebook.com\/ElektronikaNamams\" \/>\n<meta property=\"article:modified_time\" content=\"2025-03-19T10:46:51+00:00\" \/>\n<meta property=\"og:image\" content=\"https:\/\/eheating.lt\/wp-content\/uploads\/2025\/03\/Avatto-TRV07-Zigbee-3.0-TUYA-termostatine-galva.png\" \/>\n\t<meta property=\"og:image:width\" content=\"800\" \/>\n\t<meta property=\"og:image:height\" content=\"800\" \/>\n\t<meta property=\"og:image:type\" content=\"image\/png\" \/>\n<meta name=\"twitter:card\" content=\"summary_large_image\" \/>\n<meta name=\"twitter:label1\" content=\"Price\" \/>\n\t<meta name=\"twitter:data1\" content=\"32,67&nbsp;&euro;\" \/>\n\t<meta name=\"twitter:label2\" content=\"Availability\" \/>\n\t<meta name=\"twitter:data2\" content=\"On backorder\" \/>\n<script type=\"application\/ld+json\" class=\"yoast-schema-graph\">{\"@context\":\"https:\\\/\\\/schema.org\",\"@graph\":[{\"@type\":\"WebPage\",\"@id\":\"https:\\\/\\\/eheating.lt\\\/produktas\\\/avatto-trv07-zigbee-3-0-tuya-termostatine-galva\\\/\",\"url\":\"https:\\\/\\\/eheating.lt\\\/produktas\\\/avatto-trv07-zigbee-3-0-tuya-termostatine-galva\\\/\",\"name\":\"Avatto TRV07 Zigbee 3.0 TUYA termostatin\u0117 galva\",\"isPartOf\":{\"@id\":\"https:\\\/\\\/eheating.lt\\\/#website\"},\"primaryImageOfPage\":{\"@id\":\"https:\\\/\\\/eheating.lt\\\/produktas\\\/avatto-trv07-zigbee-3-0-tuya-termostatine-galva\\\/#primaryimage\"},\"image\":{\"@id\":\"https:\\\/\\\/eheating.lt\\\/produktas\\\/avatto-trv07-zigbee-3-0-tuya-termostatine-galva\\\/#primaryimage\"},\"thumbnailUrl\":\"https:\\\/\\\/eheating.lt\\\/wp-content\\\/uploads\\\/2025\\\/03\\\/Avatto-TRV07-Zigbee-3.0-TUYA-termostatine-galva.png\",\"datePublished\":\"2025-03-19T10:30:59+00:00\",\"dateModified\":\"2025-03-19T10:46:51+00:00\",\"description\":\"Avatto TRV07 Zigbee 3.0 TUYA termostatin\u0117 galva ; Parametr\u0173 konfig\u016bravimas ; Veikia baterijomis ; LCD ekranas ; ZigBee 3.0 protokolas\",\"breadcrumb\":{\"@id\":\"https:\\\/\\\/eheating.lt\\\/produktas\\\/avatto-trv07-zigbee-3-0-tuya-termostatine-galva\\\/#breadcrumb\"},\"inLanguage\":\"en-US\",\"potentialAction\":[{\"@type\":\"ReadAction\",\"target\":[\"https:\\\/\\\/eheating.lt\\\/produktas\\\/avatto-trv07-zigbee-3-0-tuya-termostatine-galva\\\/\"]}]},{\"@type\":\"ImageObject\",\"inLanguage\":\"en-US\",\"@id\":\"https:\\\/\\\/eheating.lt\\\/produktas\\\/avatto-trv07-zigbee-3-0-tuya-termostatine-galva\\\/#primaryimage\",\"url\":\"https:\\\/\\\/eheating.lt\\\/wp-content\\\/uploads\\\/2025\\\/03\\\/Avatto-TRV07-Zigbee-3.0-TUYA-termostatine-galva.png\",\"contentUrl\":\"https:\\\/\\\/eheating.lt\\\/wp-content\\\/uploads\\\/2025\\\/03\\\/Avatto-TRV07-Zigbee-3.0-TUYA-termostatine-galva.png\",\"width\":800,\"height\":800,\"caption\":\"Avatto TRV07 Zigbee 3.0 TUYA termostatin\u0117 galva\"},{\"@type\":\"BreadcrumbList\",\"@id\":\"https:\\\/\\\/eheating.lt\\\/produktas\\\/avatto-trv07-zigbee-3-0-tuya-termostatine-galva\\\/#breadcrumb\",\"itemListElement\":[{\"@type\":\"ListItem\",\"position\":1,\"name\":\"Prad\u017eia\",\"item\":\"https:\\\/\\\/eheating.lt\\\/en\\\/\"},{\"@type\":\"ListItem\",\"position\":2,\"name\":\"Shop\",\"item\":\"https:\\\/\\\/eheating.lt\\\/en\\\/?page_id=5734\"},{\"@type\":\"ListItem\",\"position\":3,\"name\":\"Avatto TRV07 Zigbee 3.0 TUYA termostatin\u0117 galva\"}]},{\"@type\":\"WebSite\",\"@id\":\"https:\\\/\\\/eheating.lt\\\/#website\",\"url\":\"https:\\\/\\\/eheating.lt\\\/\",\"name\":\"eHeating\",\"description\":\"Elektronika ir \u0161ildymas\",\"potentialAction\":[{\"@type\":\"SearchAction\",\"target\":{\"@type\":\"EntryPoint\",\"urlTemplate\":\"https:\\\/\\\/eheating.lt\\\/?s={search_term_string}\"},\"query-input\":{\"@type\":\"PropertyValueSpecification\",\"valueRequired\":true,\"valueName\":\"search_term_string\"}}],\"inLanguage\":\"en-US\"}]}<\/script>\n<meta property=\"product:price:amount\" content=\"32.67\" \/>\n<meta property=\"product:price:currency\" content=\"EUR\" \/>\n<meta property=\"og:availability\" content=\"backorder\" \/>\n<meta property=\"product:availability\" content=\"available for order\" \/>\n<meta property=\"product:retailer_item_id\" content=\"AVATTO-TRV07-Z\" \/>\n<meta property=\"product:condition\" content=\"new\" \/>\n<!-- \/ Yoast SEO Premium plugin. -->","yoast_head_json":{"title":"Avatto TRV07 Zigbee 3.0 TUYA termostatin\u0117 galva","description":"Avatto TRV07 Zigbee 3.0 TUYA termostatin\u0117 galva ; Parametr\u0173 konfig\u016bravimas ; Veikia baterijomis ; LCD ekranas ; ZigBee 3.0 protokolas","robots":{"index":"index","follow":"follow","max-snippet":"max-snippet:-1","max-image-preview":"max-image-preview:large","max-video-preview":"max-video-preview:-1"},"canonical":"https:\/\/eheating.lt\/produktas\/avatto-trv07-zigbee-3-0-tuya-termostatine-galva\/","og_locale":"en_US","og_type":"article","og_title":"Avatto TRV07 Zigbee 3.0 TUYA termostatin\u0117 galva","og_description":"Avatto TRV07 Zigbee 3.0 TUYA termostatin\u0117 galva ; Parametr\u0173 konfig\u016bravimas ; Veikia baterijomis ; LCD ekranas ; ZigBee 3.0 protokolas","og_url":"https:\/\/eheating.lt\/produktas\/avatto-trv07-zigbee-3-0-tuya-termostatine-galva\/","og_site_name":"Elektronika Namams","article_publisher":"https:\/\/www.facebook.com\/ElektronikaNamams","article_modified_time":"2025-03-19T10:46:51+00:00","og_image":[{"width":800,"height":800,"url":"https:\/\/eheating.lt\/wp-content\/uploads\/2025\/03\/Avatto-TRV07-Zigbee-3.0-TUYA-termostatine-galva.png","type":"image\/png"}],"twitter_card":"summary_large_image","twitter_misc":{"Price":"32,67&nbsp;&euro;","Availability":"On backorder"},"schema":{"@context":"https:\/\/schema.org","@graph":[{"@type":"WebPage","@id":"https:\/\/eheating.lt\/produktas\/avatto-trv07-zigbee-3-0-tuya-termostatine-galva\/","url":"https:\/\/eheating.lt\/produktas\/avatto-trv07-zigbee-3-0-tuya-termostatine-galva\/","name":"Avatto TRV07 Zigbee 3.0 TUYA termostatin\u0117 galva","isPartOf":{"@id":"https:\/\/eheating.lt\/#website"},"primaryImageOfPage":{"@id":"https:\/\/eheating.lt\/produktas\/avatto-trv07-zigbee-3-0-tuya-termostatine-galva\/#primaryimage"},"image":{"@id":"https:\/\/eheating.lt\/produktas\/avatto-trv07-zigbee-3-0-tuya-termostatine-galva\/#primaryimage"},"thumbnailUrl":"https:\/\/eheating.lt\/wp-content\/uploads\/2025\/03\/Avatto-TRV07-Zigbee-3.0-TUYA-termostatine-galva.png","datePublished":"2025-03-19T10:30:59+00:00","dateModified":"2025-03-19T10:46:51+00:00","description":"Avatto TRV07 Zigbee 3.0 TUYA termostatin\u0117 galva ; Parametr\u0173 konfig\u016bravimas ; Veikia baterijomis ; LCD ekranas ; ZigBee 3.0 protokolas","breadcrumb":{"@id":"https:\/\/eheating.lt\/produktas\/avatto-trv07-zigbee-3-0-tuya-termostatine-galva\/#breadcrumb"},"inLanguage":"en-US","potentialAction":[{"@type":"ReadAction","target":["https:\/\/eheating.lt\/produktas\/avatto-trv07-zigbee-3-0-tuya-termostatine-galva\/"]}]},{"@type":"ImageObject","inLanguage":"en-US","@id":"https:\/\/eheating.lt\/produktas\/avatto-trv07-zigbee-3-0-tuya-termostatine-galva\/#primaryimage","url":"https:\/\/eheating.lt\/wp-content\/uploads\/2025\/03\/Avatto-TRV07-Zigbee-3.0-TUYA-termostatine-galva.png","contentUrl":"https:\/\/eheating.lt\/wp-content\/uploads\/2025\/03\/Avatto-TRV07-Zigbee-3.0-TUYA-termostatine-galva.png","width":800,"height":800,"caption":"Avatto TRV07 Zigbee 3.0 TUYA termostatin\u0117 galva"},{"@type":"BreadcrumbList","@id":"https:\/\/eheating.lt\/produktas\/avatto-trv07-zigbee-3-0-tuya-termostatine-galva\/#breadcrumb","itemListElement":[{"@type":"ListItem","position":1,"name":"Prad\u017eia","item":"https:\/\/eheating.lt\/en\/"},{"@type":"ListItem","position":2,"name":"Shop","item":"https:\/\/eheating.lt\/en\/?page_id=5734"},{"@type":"ListItem","position":3,"name":"Avatto TRV07 Zigbee 3.0 TUYA termostatin\u0117 galva"}]},{"@type":"WebSite","@id":"https:\/\/eheating.lt\/#website","url":"https:\/\/eheating.lt\/","name":"eHeating","description":"Elektronika ir \u0161ildymas","potentialAction":[{"@type":"SearchAction","target":{"@type":"EntryPoint","urlTemplate":"https:\/\/eheating.lt\/?s={search_term_string}"},"query-input":{"@type":"PropertyValueSpecification","valueRequired":true,"valueName":"search_term_string"}}],"inLanguage":"en-US"}]},"product_price_amount":"32.67","product_price_currency":"EUR","og_availability":"backorder","product_availability":"available for order","product_retailer_item_id":"AVATTO-TRV07-Z","product_condition":"new"},"_links":{"self":[{"href":"https:\/\/eheating.lt\/en\/wp-json\/wp\/v2\/product\/38960","targetHints":{"allow":["GET"]}}],"collection":[{"href":"https:\/\/eheating.lt\/en\/wp-json\/wp\/v2\/product"}],"about":[{"href":"https:\/\/eheating.lt\/en\/wp-json\/wp\/v2\/types\/product"}],"replies":[{"embeddable":true,"href":"https:\/\/eheating.lt\/en\/wp-json\/wp\/v2\/comments?post=38960"}],"version-history":[{"count":1,"href":"https:\/\/eheating.lt\/en\/wp-json\/wp\/v2\/product\/38960\/revisions"}],"predecessor-version":[{"id":38969,"href":"https:\/\/eheating.lt\/en\/wp-json\/wp\/v2\/product\/38960\/revisions\/38969"}],"wp:featuredmedia":[{"embeddable":true,"href":"https:\/\/eheating.lt\/en\/wp-json\/wp\/v2\/media\/38963"}],"wp:attachment":[{"href":"https:\/\/eheating.lt\/en\/wp-json\/wp\/v2\/media?parent=38960"}],"wp:term":[{"taxonomy":"product_brand","embeddable":true,"href":"https:\/\/eheating.lt\/en\/wp-json\/wp\/v2\/product_brand?post=38960"},{"taxonomy":"product_cat","embeddable":true,"href":"https:\/\/eheating.lt\/en\/wp-json\/wp\/v2\/product_cat?post=38960"},{"taxonomy":"product_tag","embeddable":true,"href":"https:\/\/eheating.lt\/en\/wp-json\/wp\/v2\/product_tag?post=38960"}],"curies":[{"name":"wp","href":"https:\/\/api.w.org\/{rel}","templated":true}]}}