{"id":38889,"date":"2025-03-06T15:03:06","date_gmt":"2025-03-06T13:03:06","guid":{"rendered":"https:\/\/eheating.lt\/?post_type=product&#038;p=38889"},"modified":"2025-03-06T19:12:14","modified_gmt":"2025-03-06T17:12:14","slug":"tado-wireless-temperature-sensor-x","status":"publish","type":"product","link":"https:\/\/eheating.lt\/en\/produktas\/tado-wireless-temperature-sensor-x\/","title":{"rendered":"tado\u00b0 Wireless Temperature Sensor X"},"content":{"rendered":"\t\t<div data-elementor-type=\"product-post\" data-elementor-id=\"38889\" class=\"elementor elementor-38889 elementor-38888\" data-elementor-post-type=\"product\">\n\t\t\t\t\t\t<section class=\"elementor-section elementor-top-section elementor-element elementor-element-32772b1c elementor-section-boxed elementor-section-height-default elementor-section-height-default\" data-id=\"32772b1c\" data-element_type=\"section\" data-e-type=\"section\">\r\n\t\t\r\n\t\t\t\t\t\t\t<div class=\"elementor-container elementor-column-gap-default\">\r\n\t\t\t\t\t\t\t\t\t\t\t<div class=\"elementor-column elementor-col-100 elementor-top-column elementor-element elementor-element-3535a239\" data-id=\"3535a239\" data-element_type=\"column\" data-e-type=\"column\">\r\n\t\t\t\t\t<div class=\"elementor-widget-wrap elementor-element-populated\">\r\n\t\t\t\t\t\t\t\t<div class=\"elementor-element elementor-element-5630ea2c elementor-widget elementor-widget-text-editor\" data-id=\"5630ea2c\" data-element_type=\"widget\" data-e-type=\"widget\" data-widget_type=\"text-editor.default\">\n\t\t\t\t<div class=\"elementor-widget-container\">\n\t\t\t\t\t\t\t\t\t<p><span style=\"letter-spacing: 0.07px; font-family: var( --e-global-typography-primary-font-family ), Poppins; font-size: var( --e-global-typography-primary-font-size ); font-weight: var( --e-global-typography-primary-font-weight ); color: var(--porto-body-color);\">tado\u00b0 <\/span><span style=\"color: inherit; font-family: inherit; letter-spacing: 0.005em;\">Wireless Temperature Sensor X is an optional extra for the Smart Radiator Thermostat X, allowing for more accurate temperature measurement and greater comfort.tiksliau matuoti temperat\u016br\u0105 ir u\u017etikrinti didesn\u012f komfort\u0105.&nbsp;<\/span>Temperature measurement is not limited to the location of the radiator &#8211; it can be carried out anywhere &#8211; where it matters most to you. Easy DIY installation at home using the tado\u00b0 app. The wireless temperature sensor can be mounted on a wall or any surface.&nbsp;Every radiator in the same room will heat to your preferred temperature &#8211; if they are equipped with the smart radiator thermostat X.  <\/p>\n<hr>\n<p><span style=\"font-size: 18px;\"><strong>Main features:<\/strong><\/span><\/p>\n<p><span style=\"font-size: 18px;\"><strong>&nbsp;<\/strong><\/span><\/p>\n<p><b>Make your heating more efficient<\/b><\/p>\n<p>The wireless temperature sensor X measures the temperature where it matters most to you. So your tado\u00b0 Smart Radiator Thermostat X will reach the desired temperature very precisely. &nbsp;<\/p>\n<p><b>More comfort, more convenience<\/b><\/p>\n<p>If you have several radiators with tado\u00b0 Smart Radiator Thermostats X in one room, control them all at the same time with the wireless temperature sensor X.<\/p>\n<p><b>Easy installation<br><\/b>Place the wireless temperature sensor X where you want to measure the temperature. Place it on a wall or any surface using a stand (available as an accessory) to keep it stable. Installation is easy and can be done in just a few minutes.  <\/p>\n<p><strong>Extended connectivity<br><\/strong>For future-proof heating control, tado\u00b0 Line X uses the new smart home standard Matter. It allows you to connect and control different smart home devices within the same system. The tado\u00b0 Bridge X (not included) or any other router with Thread boundaries allows your devices to connect to your smart home network using the Thread protocol.  <\/p>\n<p><strong>Make your life more comfortable<br><\/strong>For even more comfort, subscribe to our Auto-Assist all-round feel-good package on the app: reveal data on your individual energy consumption compared to previous months. Get insights into unusual heating usage and tips on how to solve potential problems yourself. With Auto-Assist, geofencing and open window detection are fully automated, so your temperature is adjusted automatically &#8211; no notifications required. \u20ac3.99\/month, \u20ac29.99\/year, can be cancelled at any time.<\/p>\n<hr>\n<p><span style=\"font-size: 18px;\"><strong>Technical specifications:<\/strong><\/span><\/p>\n<ul>\n<li>Power: 3x AAA batteries<\/li>\n<li>Colour: Black<\/li>\n<li>LCD display<\/li>\n<li>Dimensions: 100 x 100 x 21 mm<\/li>\n<li><span style=\"letter-spacing: 0.07px;\">Works with Amazon Alexa, Apple HomeKit and Google Assistant<\/span><\/li>\n<\/ul>\n<hr>\n<p><span style=\"font-size: 16px;\"><strong>What&#8217;s included:<\/strong><\/span><\/p>\n<ul>\n<li>Wireless temperature sensor X (wired; relay and OpenTherm)&nbsp;<\/li>\n<li>3x AAA battery&nbsp;<\/li>\n<li>2x wall fixing screw&nbsp;<\/li>\n<li>2x wall plug&nbsp;<\/li>\n<li>3x sticky pads<\/li>\n<\/ul>\n<div>&nbsp;<\/div>\n<p><img decoding=\"async\" style=\"height: 30px;\" src=\"http:\/\/eheating.lt\/wp-content\/uploads\/2022\/12\/pdf.png\"><a href=\"https:\/\/eheating.lt\/wp-content\/uploads\/2025\/03\/tado%C2%B0-Wireless-Temperature-Sensor-X-manual.pdf\"><strong>Instructions (English)<\/strong><\/a><\/p>\t\t\t\t\t\t\t\t<\/div>\n\t\t\t\t<\/div>\n\t\t\t\t\t<\/div>\r\n\t\t\t\t<\/div>\r\n\t\t\t\t\t<\/div>\r\n\t\t\t\t<\/section>\r\n\t\t\t\t<section class=\"elementor-section elementor-top-section elementor-element elementor-element-769098d elementor-section-boxed elementor-section-height-default elementor-section-height-default\" data-id=\"769098d\" data-element_type=\"section\" data-e-type=\"section\">\r\n\t\t\r\n\t\t\t\t\t\t\t<div class=\"elementor-container elementor-column-gap-default\">\r\n\t\t\t\t\t\t\t\t\t\t\t<div class=\"elementor-column elementor-col-100 elementor-top-column elementor-element elementor-element-99e1ce3\" data-id=\"99e1ce3\" data-element_type=\"column\" data-e-type=\"column\">\r\n\t\t\t\t\t<div class=\"elementor-widget-wrap elementor-element-populated\">\r\n\t\t\t\t\t\t\t\t<div class=\"elementor-element elementor-element-6f0aa02 elementor-widget elementor-widget-spacer\" data-id=\"6f0aa02\" data-element_type=\"widget\" data-e-type=\"widget\" data-widget_type=\"spacer.default\">\n\t\t\t\t<div class=\"elementor-widget-container\">\n\t\t\t\t\t\t\t<div class=\"elementor-spacer\">\n\t\t\t<div class=\"elementor-spacer-inner\"><\/div>\n\t\t<\/div>\n\t\t\t\t\t\t<\/div>\n\t\t\t\t<\/div>\n\t\t\t\t\t<\/div>\r\n\t\t\t\t<\/div>\r\n\t\t\t\t\t<\/div>\r\n\t\t\t\t<\/section>\r\n\t\t\t\t<\/div>\n\t\t","protected":false},"excerpt":{"rendered":"<p>tado\u00b0 Wireless Temperature Sensor X<\/p>\n<ul>\n<li>Make the most of Smart Radiator Thermostat X<\/li>\n<li>Measure temperature where it matters most to you<\/li>\n<li>Multiple smart radiator thermostatic heads X per room, all controlled by a wireless temperature sensor X<\/li>\n<li>Home-mounted &#8211; simply attach to any wall or table.<\/li>\n<\/ul>\n","protected":false},"featured_media":38891,"comment_status":"closed","ping_status":"closed","template":"","meta":[],"product_brand":[],"product_cat":[223,275],"product_tag":[975],"class_list":{"0":"post-38889","1":"product","2":"type-product","3":"status-publish","4":"has-post-thumbnail","6":"product_cat-heating-control-automation","7":"product_cat-temperature-sensors","8":"product_tag-ean-en","10":"first","11":"onbackorder","12":"taxable","13":"shipping-taxable","14":"purchasable","15":"product-type-simple"},"yoast_head":"<!-- This site is optimized with the Yoast SEO Premium plugin v21.5 (Yoast SEO v27.4) - https:\/\/yoast.com\/product\/yoast-seo-premium-wordpress\/ -->\n<title>tado\u00b0 Wireless Temperature Sensor X<\/title>\n<meta name=\"description\" content=\"tado\u00b0 Wireless Temperature Sensor X ; Measure the temperature where it matters most ; Make the most of Smart Radiator Thermostats X\" \/>\n<meta name=\"robots\" content=\"index, follow, max-snippet:-1, max-image-preview:large, max-video-preview:-1\" \/>\n<link rel=\"canonical\" href=\"https:\/\/eheating.lt\/en\/produktas\/tado-wireless-temperature-sensor-x\/\" \/>\n<meta property=\"og:locale\" content=\"en_US\" \/>\n<meta property=\"og:type\" content=\"article\" \/>\n<meta property=\"og:title\" content=\"tado\u00b0 Wireless Temperature Sensor X\" \/>\n<meta property=\"og:description\" content=\"tado\u00b0 Wireless Temperature Sensor X ; Measure the temperature where it matters most ; Make the most of Smart Radiator Thermostats X\" \/>\n<meta property=\"og:url\" content=\"https:\/\/eheating.lt\/en\/produktas\/tado-wireless-temperature-sensor-x\/\" \/>\n<meta property=\"og:site_name\" content=\"Elektronika Namams\" \/>\n<meta property=\"article:publisher\" content=\"https:\/\/www.facebook.com\/ElektronikaNamams\" \/>\n<meta property=\"article:modified_time\" content=\"2025-03-06T17:12:14+00:00\" \/>\n<meta property=\"og:image\" content=\"https:\/\/eheating.lt\/wp-content\/uploads\/2025\/03\/tado\u00b0-belaidis-temperaturos-jutiklis-X.png\" \/>\n\t<meta property=\"og:image:width\" content=\"800\" \/>\n\t<meta property=\"og:image:height\" content=\"800\" \/>\n\t<meta property=\"og:image:type\" content=\"image\/png\" \/>\n<meta name=\"twitter:card\" content=\"summary_large_image\" \/>\n<meta name=\"twitter:label1\" content=\"Price\" \/>\n\t<meta name=\"twitter:data1\" content=\"95,00&nbsp;&euro;\" \/>\n\t<meta name=\"twitter:label2\" content=\"Availability\" \/>\n\t<meta name=\"twitter:data2\" content=\"On backorder\" \/>\n<script type=\"application\/ld+json\" class=\"yoast-schema-graph\">{\"@context\":\"https:\\\/\\\/schema.org\",\"@graph\":[{\"@type\":\"WebPage\",\"@id\":\"https:\\\/\\\/eheating.lt\\\/en\\\/produktas\\\/tado-wireless-temperature-sensor-x\\\/\",\"url\":\"https:\\\/\\\/eheating.lt\\\/en\\\/produktas\\\/tado-wireless-temperature-sensor-x\\\/\",\"name\":\"tado\u00b0 Wireless Temperature Sensor X\",\"isPartOf\":{\"@id\":\"https:\\\/\\\/eheating.lt\\\/#website\"},\"primaryImageOfPage\":{\"@id\":\"https:\\\/\\\/eheating.lt\\\/en\\\/produktas\\\/tado-wireless-temperature-sensor-x\\\/#primaryimage\"},\"image\":{\"@id\":\"https:\\\/\\\/eheating.lt\\\/en\\\/produktas\\\/tado-wireless-temperature-sensor-x\\\/#primaryimage\"},\"thumbnailUrl\":\"https:\\\/\\\/eheating.lt\\\/wp-content\\\/uploads\\\/2025\\\/03\\\/tado\u00b0-belaidis-temperaturos-jutiklis-X.png\",\"datePublished\":\"2025-03-06T13:03:06+00:00\",\"dateModified\":\"2025-03-06T17:12:14+00:00\",\"description\":\"tado\u00b0 Wireless Temperature Sensor X ; Measure the temperature where it matters most ; Make the most of Smart Radiator Thermostats X\",\"breadcrumb\":{\"@id\":\"https:\\\/\\\/eheating.lt\\\/en\\\/produktas\\\/tado-wireless-temperature-sensor-x\\\/#breadcrumb\"},\"inLanguage\":\"en-US\",\"potentialAction\":[{\"@type\":\"ReadAction\",\"target\":[\"https:\\\/\\\/eheating.lt\\\/en\\\/produktas\\\/tado-wireless-temperature-sensor-x\\\/\"]}]},{\"@type\":\"ImageObject\",\"inLanguage\":\"en-US\",\"@id\":\"https:\\\/\\\/eheating.lt\\\/en\\\/produktas\\\/tado-wireless-temperature-sensor-x\\\/#primaryimage\",\"url\":\"https:\\\/\\\/eheating.lt\\\/wp-content\\\/uploads\\\/2025\\\/03\\\/tado\u00b0-belaidis-temperaturos-jutiklis-X.png\",\"contentUrl\":\"https:\\\/\\\/eheating.lt\\\/wp-content\\\/uploads\\\/2025\\\/03\\\/tado\u00b0-belaidis-temperaturos-jutiklis-X.png\",\"width\":800,\"height\":800,\"caption\":\"tado\u00b0 belaidis temperat\u016bros jutiklis X\"},{\"@type\":\"BreadcrumbList\",\"@id\":\"https:\\\/\\\/eheating.lt\\\/en\\\/produktas\\\/tado-wireless-temperature-sensor-x\\\/#breadcrumb\",\"itemListElement\":[{\"@type\":\"ListItem\",\"position\":1,\"name\":\"Prad\u017eia\",\"item\":\"https:\\\/\\\/eheating.lt\\\/en\\\/\"},{\"@type\":\"ListItem\",\"position\":2,\"name\":\"Shop\",\"item\":\"https:\\\/\\\/eheating.lt\\\/en\\\/?page_id=5734\"},{\"@type\":\"ListItem\",\"position\":3,\"name\":\"tado\u00b0 Wireless Temperature Sensor X\"}]},{\"@type\":\"WebSite\",\"@id\":\"https:\\\/\\\/eheating.lt\\\/#website\",\"url\":\"https:\\\/\\\/eheating.lt\\\/\",\"name\":\"eHeating\",\"description\":\"Elektronika ir \u0161ildymas\",\"potentialAction\":[{\"@type\":\"SearchAction\",\"target\":{\"@type\":\"EntryPoint\",\"urlTemplate\":\"https:\\\/\\\/eheating.lt\\\/?s={search_term_string}\"},\"query-input\":{\"@type\":\"PropertyValueSpecification\",\"valueRequired\":true,\"valueName\":\"search_term_string\"}}],\"inLanguage\":\"en-US\"}]}<\/script>\n<meta property=\"product:price:amount\" content=\"95.00\" \/>\n<meta property=\"product:price:currency\" content=\"EUR\" \/>\n<meta property=\"og:availability\" content=\"backorder\" \/>\n<meta property=\"product:availability\" content=\"available for order\" \/>\n<meta property=\"product:retailer_item_id\" content=\"TADO-SENSOR-X\" \/>\n<meta property=\"product:condition\" content=\"new\" \/>\n<!-- \/ Yoast SEO Premium plugin. -->","yoast_head_json":{"title":"tado\u00b0 Wireless Temperature Sensor X","description":"tado\u00b0 Wireless Temperature Sensor X ; Measure the temperature where it matters most ; Make the most of Smart Radiator Thermostats X","robots":{"index":"index","follow":"follow","max-snippet":"max-snippet:-1","max-image-preview":"max-image-preview:large","max-video-preview":"max-video-preview:-1"},"canonical":"https:\/\/eheating.lt\/en\/produktas\/tado-wireless-temperature-sensor-x\/","og_locale":"en_US","og_type":"article","og_title":"tado\u00b0 Wireless Temperature Sensor X","og_description":"tado\u00b0 Wireless Temperature Sensor X ; Measure the temperature where it matters most ; Make the most of Smart Radiator Thermostats X","og_url":"https:\/\/eheating.lt\/en\/produktas\/tado-wireless-temperature-sensor-x\/","og_site_name":"Elektronika Namams","article_publisher":"https:\/\/www.facebook.com\/ElektronikaNamams","article_modified_time":"2025-03-06T17:12:14+00:00","og_image":[{"width":800,"height":800,"url":"https:\/\/eheating.lt\/wp-content\/uploads\/2025\/03\/tado\u00b0-belaidis-temperaturos-jutiklis-X.png","type":"image\/png"}],"twitter_card":"summary_large_image","twitter_misc":{"Price":"95,00&nbsp;&euro;","Availability":"On backorder"},"schema":{"@context":"https:\/\/schema.org","@graph":[{"@type":"WebPage","@id":"https:\/\/eheating.lt\/en\/produktas\/tado-wireless-temperature-sensor-x\/","url":"https:\/\/eheating.lt\/en\/produktas\/tado-wireless-temperature-sensor-x\/","name":"tado\u00b0 Wireless Temperature Sensor X","isPartOf":{"@id":"https:\/\/eheating.lt\/#website"},"primaryImageOfPage":{"@id":"https:\/\/eheating.lt\/en\/produktas\/tado-wireless-temperature-sensor-x\/#primaryimage"},"image":{"@id":"https:\/\/eheating.lt\/en\/produktas\/tado-wireless-temperature-sensor-x\/#primaryimage"},"thumbnailUrl":"https:\/\/eheating.lt\/wp-content\/uploads\/2025\/03\/tado\u00b0-belaidis-temperaturos-jutiklis-X.png","datePublished":"2025-03-06T13:03:06+00:00","dateModified":"2025-03-06T17:12:14+00:00","description":"tado\u00b0 Wireless Temperature Sensor X ; Measure the temperature where it matters most ; Make the most of Smart Radiator Thermostats X","breadcrumb":{"@id":"https:\/\/eheating.lt\/en\/produktas\/tado-wireless-temperature-sensor-x\/#breadcrumb"},"inLanguage":"en-US","potentialAction":[{"@type":"ReadAction","target":["https:\/\/eheating.lt\/en\/produktas\/tado-wireless-temperature-sensor-x\/"]}]},{"@type":"ImageObject","inLanguage":"en-US","@id":"https:\/\/eheating.lt\/en\/produktas\/tado-wireless-temperature-sensor-x\/#primaryimage","url":"https:\/\/eheating.lt\/wp-content\/uploads\/2025\/03\/tado\u00b0-belaidis-temperaturos-jutiklis-X.png","contentUrl":"https:\/\/eheating.lt\/wp-content\/uploads\/2025\/03\/tado\u00b0-belaidis-temperaturos-jutiklis-X.png","width":800,"height":800,"caption":"tado\u00b0 belaidis temperat\u016bros jutiklis X"},{"@type":"BreadcrumbList","@id":"https:\/\/eheating.lt\/en\/produktas\/tado-wireless-temperature-sensor-x\/#breadcrumb","itemListElement":[{"@type":"ListItem","position":1,"name":"Prad\u017eia","item":"https:\/\/eheating.lt\/en\/"},{"@type":"ListItem","position":2,"name":"Shop","item":"https:\/\/eheating.lt\/en\/?page_id=5734"},{"@type":"ListItem","position":3,"name":"tado\u00b0 Wireless Temperature Sensor X"}]},{"@type":"WebSite","@id":"https:\/\/eheating.lt\/#website","url":"https:\/\/eheating.lt\/","name":"eHeating","description":"Elektronika ir \u0161ildymas","potentialAction":[{"@type":"SearchAction","target":{"@type":"EntryPoint","urlTemplate":"https:\/\/eheating.lt\/?s={search_term_string}"},"query-input":{"@type":"PropertyValueSpecification","valueRequired":true,"valueName":"search_term_string"}}],"inLanguage":"en-US"}]},"product_price_amount":"95.00","product_price_currency":"EUR","og_availability":"backorder","product_availability":"available for order","product_retailer_item_id":"TADO-SENSOR-X","product_condition":"new"},"_links":{"self":[{"href":"https:\/\/eheating.lt\/en\/wp-json\/wp\/v2\/product\/38889","targetHints":{"allow":["GET"]}}],"collection":[{"href":"https:\/\/eheating.lt\/en\/wp-json\/wp\/v2\/product"}],"about":[{"href":"https:\/\/eheating.lt\/en\/wp-json\/wp\/v2\/types\/product"}],"replies":[{"embeddable":true,"href":"https:\/\/eheating.lt\/en\/wp-json\/wp\/v2\/comments?post=38889"}],"version-history":[{"count":3,"href":"https:\/\/eheating.lt\/en\/wp-json\/wp\/v2\/product\/38889\/revisions"}],"predecessor-version":[{"id":38941,"href":"https:\/\/eheating.lt\/en\/wp-json\/wp\/v2\/product\/38889\/revisions\/38941"}],"wp:featuredmedia":[{"embeddable":true,"href":"https:\/\/eheating.lt\/en\/wp-json\/wp\/v2\/media\/38891"}],"wp:attachment":[{"href":"https:\/\/eheating.lt\/en\/wp-json\/wp\/v2\/media?parent=38889"}],"wp:term":[{"taxonomy":"product_brand","embeddable":true,"href":"https:\/\/eheating.lt\/en\/wp-json\/wp\/v2\/product_brand?post=38889"},{"taxonomy":"product_cat","embeddable":true,"href":"https:\/\/eheating.lt\/en\/wp-json\/wp\/v2\/product_cat?post=38889"},{"taxonomy":"product_tag","embeddable":true,"href":"https:\/\/eheating.lt\/en\/wp-json\/wp\/v2\/product_tag?post=38889"}],"curies":[{"name":"wp","href":"https:\/\/api.w.org\/{rel}","templated":true}]}}