{"id":38836,"date":"2025-03-02T19:38:56","date_gmt":"2025-03-02T17:38:56","guid":{"rendered":"https:\/\/eheating.lt\/?post_type=product&#038;p=38836"},"modified":"2025-03-02T20:29:33","modified_gmt":"2025-03-02T18:29:33","slug":"tado-bridge-x-internet-module","status":"publish","type":"product","link":"https:\/\/eheating.lt\/en\/produktas\/tado-bridge-x-internet-module\/","title":{"rendered":"tado\u00b0 Bridge X internet module"},"content":{"rendered":"\t\t<div data-elementor-type=\"product-post\" data-elementor-id=\"38836\" class=\"elementor elementor-38836 elementor-38835\" data-elementor-post-type=\"product\">\n\t\t\t\t\t\t<section class=\"elementor-section elementor-top-section elementor-element elementor-element-32772b1c elementor-section-boxed elementor-section-height-default elementor-section-height-default\" data-id=\"32772b1c\" data-element_type=\"section\" data-e-type=\"section\">\r\n\t\t\r\n\t\t\t\t\t\t\t<div class=\"elementor-container elementor-column-gap-default\">\r\n\t\t\t\t\t\t\t\t\t\t\t<div class=\"elementor-column elementor-col-100 elementor-top-column elementor-element elementor-element-3535a239\" data-id=\"3535a239\" data-element_type=\"column\" data-e-type=\"column\">\r\n\t\t\t\t\t<div class=\"elementor-widget-wrap elementor-element-populated\">\r\n\t\t\t\t\t\t\t\t<div class=\"elementor-element elementor-element-5630ea2c elementor-widget elementor-widget-text-editor\" data-id=\"5630ea2c\" data-element_type=\"widget\" data-e-type=\"widget\" data-widget_type=\"text-editor.default\">\n\t\t\t\t<div class=\"elementor-widget-container\">\n\t\t\t\t\t\t\t\t\t<p>Bridge X connects all tado\u00b0 X products to the internet. Only one Bridge X is needed per house. If you have a larger home, a second Bridge X can be used as a signal booster.  &nbsp;<span style=\"color: inherit; font-family: inherit; letter-spacing: 0.005em;\">Compatible with tado\u00b0 X devices.<\/span><\/p>\n<hr>\n<p><span style=\"font-size: 18px;\"><strong>Main features:<\/strong><\/span><\/p>\n<p><span style=\"font-size: 18px;\"><strong>&nbsp;<\/strong><\/span><\/p>\n<ul>\n<li>&#8220;Bridge X&#8221; connects&nbsp;<span style=\"letter-spacing: 0.07px;\">tado\u00b0&nbsp;<\/span>X \u012frenginius su kitais i\u0161mani\u0173j\u0173 nam\u0173 tinkle esan\u010diais \u201eMatter\u201c \u012frenginiais ir internetu, tod\u0117l galima valdyti naudojant program\u0117l\u0119. Suprojektuota Vokietijoje, i\u0161maniojo \u0161ildymo ekspert\u0173. <\/li>\n<li>If you have a tado\u00b0 X-Series smart thermostat or other Matter device but don&#8217;t have a Thread border router, you need Bridge X.<\/li>\n<li>Simply plug the Bridge X into any wall socket and connect to your Wifi.<\/li>\n<li>Future technology: tado\u00b0 X uses Matter, the new smart home standard. It allows you to connect and control different smart home devices within the same system. &#8220;Bridge X connects your tado\u00b0 X devices to your smart home network. In larger homes, it serves as a range booster.   <\/li>\n<li>&#8220;Bridge X&#8221; is not compatible with the tado\u00b0 Line V3+ series or older devices, or any smart home devices that do not support Matter.<\/li>\n<\/ul>\n<hr>\n<p><span style=\"font-size: 18px;\"><strong>Technical specifications:<\/strong><\/span><\/p>\n<ul>\n<li>Power supply: 230V<\/li>\n<li>Color: White<\/li>\n<li>Wi-Fi 2.4GHz connection<\/li>\n<li><span style=\"letter-spacing: 0.07px;\">Works with Amazon Alexa, Apple HomeKit and Google Assistant<\/span><\/li>\n<li><span style=\"letter-spacing: 0.07px;\">Dimensions: 60 x 60 x 31 mm<\/span><\/li>\n<\/ul>\n<hr>\n<p><span style=\"font-size: 16px;\"><strong>What&#8217;s included:<\/strong><\/span><\/p>\n<ul>\n<li>Bridge X internet module<\/li>\n<li>UK power adapter<\/li>\n<li>EU power adapter&nbsp;<\/li>\n<\/ul>\n<div>&nbsp;<\/div>\n<p><img decoding=\"async\" style=\"height: 30px;\" src=\"http:\/\/eheating.lt\/wp-content\/uploads\/2022\/12\/pdf.png\"><a href=\"https:\/\/eheating.lt\/wp-content\/uploads\/2025\/03\/tado%C2%B0-Bridge-X-manual.pdf\"><strong>Instructions (English)<\/strong><\/a><\/p>\t\t\t\t\t\t\t\t<\/div>\n\t\t\t\t<\/div>\n\t\t\t\t\t<\/div>\r\n\t\t\t\t<\/div>\r\n\t\t\t\t\t<\/div>\r\n\t\t\t\t<\/section>\r\n\t\t\t\t<section class=\"elementor-section elementor-top-section elementor-element elementor-element-769098d elementor-section-boxed elementor-section-height-default elementor-section-height-default\" data-id=\"769098d\" data-element_type=\"section\" data-e-type=\"section\">\r\n\t\t\r\n\t\t\t\t\t\t\t<div class=\"elementor-container elementor-column-gap-default\">\r\n\t\t\t\t\t\t\t\t\t\t\t<div class=\"elementor-column elementor-col-100 elementor-top-column elementor-element elementor-element-99e1ce3\" data-id=\"99e1ce3\" data-element_type=\"column\" data-e-type=\"column\">\r\n\t\t\t\t\t<div class=\"elementor-widget-wrap elementor-element-populated\">\r\n\t\t\t\t\t\t\t\t<div class=\"elementor-element elementor-element-6f0aa02 elementor-widget elementor-widget-spacer\" data-id=\"6f0aa02\" data-element_type=\"widget\" data-e-type=\"widget\" data-widget_type=\"spacer.default\">\n\t\t\t\t<div class=\"elementor-widget-container\">\n\t\t\t\t\t\t\t<div class=\"elementor-spacer\">\n\t\t\t<div class=\"elementor-spacer-inner\"><\/div>\n\t\t<\/div>\n\t\t\t\t\t\t<\/div>\n\t\t\t\t<\/div>\n\t\t\t\t\t<\/div>\r\n\t\t\t\t<\/div>\r\n\t\t\t\t\t<\/div>\r\n\t\t\t\t<\/section>\r\n\t\t\t\t<\/div>\n\t\t","protected":false},"excerpt":{"rendered":"<p>tado\u00b0 Bridge X internet module<\/p>\n<ul>\n<li>Enables the X-Series to communicate with other Matter devices in the smart home and connect them to the internet.<\/li>\n<li>tado\u00b0 for X-Series smart thermostats: digitally connects to other online systems and other brands of Matter-enabled devices.<\/li>\n<li>One module for a complete smart hardware setup with Thread<\/li>\n<li>Extends the connectivity range of Thread networks to larger homes<\/li>\n<\/ul>\n","protected":false},"featured_media":38838,"comment_status":"closed","ping_status":"closed","template":"","meta":[],"product_brand":[],"product_cat":[233,223],"product_tag":[975],"class_list":{"0":"post-38836","1":"product","2":"type-product","3":"status-publish","4":"has-post-thumbnail","6":"product_cat-control-panels","7":"product_cat-heating-control-automation","8":"product_tag-ean-en","10":"first","11":"onbackorder","12":"taxable","13":"shipping-taxable","14":"purchasable","15":"product-type-simple"},"yoast_head":"<!-- This site is optimized with the Yoast SEO Premium plugin v21.5 (Yoast SEO v27.3) - https:\/\/yoast.com\/product\/yoast-seo-premium-wordpress\/ -->\n<title>tado\u00b0 Bridge X internet module<\/title>\n<meta name=\"description\" content=\"tado\u00b0 Bridge X Internet Module ; Control via mobile app ; One module for complete smart setup with Thread\" \/>\n<meta name=\"robots\" content=\"index, follow, max-snippet:-1, max-image-preview:large, max-video-preview:-1\" \/>\n<link rel=\"canonical\" href=\"https:\/\/eheating.lt\/en\/produktas\/tado-bridge-x-internet-module\/\" \/>\n<meta property=\"og:locale\" content=\"en_US\" \/>\n<meta property=\"og:type\" content=\"article\" \/>\n<meta property=\"og:title\" content=\"tado\u00b0 Bridge X internet module\" \/>\n<meta property=\"og:description\" content=\"tado\u00b0 Bridge X Internet Module ; Control via mobile app ; One module for complete smart setup with Thread\" \/>\n<meta property=\"og:url\" content=\"https:\/\/eheating.lt\/en\/produktas\/tado-bridge-x-internet-module\/\" \/>\n<meta property=\"og:site_name\" content=\"Elektronika Namams\" \/>\n<meta property=\"article:publisher\" content=\"https:\/\/www.facebook.com\/ElektronikaNamams\" \/>\n<meta property=\"article:modified_time\" content=\"2025-03-02T18:29:33+00:00\" \/>\n<meta property=\"og:image\" content=\"https:\/\/eheating.lt\/wp-content\/uploads\/2025\/03\/tado\u00b0-Bridge-X-interneto-modulis.png\" \/>\n\t<meta property=\"og:image:width\" content=\"800\" \/>\n\t<meta property=\"og:image:height\" content=\"800\" \/>\n\t<meta property=\"og:image:type\" content=\"image\/png\" \/>\n<meta name=\"twitter:card\" content=\"summary_large_image\" \/>\n<meta name=\"twitter:label1\" content=\"Price\" \/>\n\t<meta name=\"twitter:data1\" content=\"65,00&nbsp;&euro;\" \/>\n\t<meta name=\"twitter:label2\" content=\"Availability\" \/>\n\t<meta name=\"twitter:data2\" content=\"On backorder\" \/>\n<script type=\"application\/ld+json\" class=\"yoast-schema-graph\">{\"@context\":\"https:\\\/\\\/schema.org\",\"@graph\":[{\"@type\":\"WebPage\",\"@id\":\"https:\\\/\\\/eheating.lt\\\/en\\\/produktas\\\/tado-bridge-x-internet-module\\\/\",\"url\":\"https:\\\/\\\/eheating.lt\\\/en\\\/produktas\\\/tado-bridge-x-internet-module\\\/\",\"name\":\"tado\u00b0 Bridge X internet module\",\"isPartOf\":{\"@id\":\"https:\\\/\\\/eheating.lt\\\/#website\"},\"primaryImageOfPage\":{\"@id\":\"https:\\\/\\\/eheating.lt\\\/en\\\/produktas\\\/tado-bridge-x-internet-module\\\/#primaryimage\"},\"image\":{\"@id\":\"https:\\\/\\\/eheating.lt\\\/en\\\/produktas\\\/tado-bridge-x-internet-module\\\/#primaryimage\"},\"thumbnailUrl\":\"https:\\\/\\\/eheating.lt\\\/wp-content\\\/uploads\\\/2025\\\/03\\\/tado\u00b0-Bridge-X-interneto-modulis.png\",\"datePublished\":\"2025-03-02T17:38:56+00:00\",\"dateModified\":\"2025-03-02T18:29:33+00:00\",\"description\":\"tado\u00b0 Bridge X Internet Module ; Control via mobile app ; One module for complete smart setup with Thread\",\"breadcrumb\":{\"@id\":\"https:\\\/\\\/eheating.lt\\\/en\\\/produktas\\\/tado-bridge-x-internet-module\\\/#breadcrumb\"},\"inLanguage\":\"en-US\",\"potentialAction\":[{\"@type\":\"ReadAction\",\"target\":[\"https:\\\/\\\/eheating.lt\\\/en\\\/produktas\\\/tado-bridge-x-internet-module\\\/\"]}]},{\"@type\":\"ImageObject\",\"inLanguage\":\"en-US\",\"@id\":\"https:\\\/\\\/eheating.lt\\\/en\\\/produktas\\\/tado-bridge-x-internet-module\\\/#primaryimage\",\"url\":\"https:\\\/\\\/eheating.lt\\\/wp-content\\\/uploads\\\/2025\\\/03\\\/tado\u00b0-Bridge-X-interneto-modulis.png\",\"contentUrl\":\"https:\\\/\\\/eheating.lt\\\/wp-content\\\/uploads\\\/2025\\\/03\\\/tado\u00b0-Bridge-X-interneto-modulis.png\",\"width\":800,\"height\":800,\"caption\":\"tado\u00b0 Bridge X interneto modulis\"},{\"@type\":\"BreadcrumbList\",\"@id\":\"https:\\\/\\\/eheating.lt\\\/en\\\/produktas\\\/tado-bridge-x-internet-module\\\/#breadcrumb\",\"itemListElement\":[{\"@type\":\"ListItem\",\"position\":1,\"name\":\"Prad\u017eia\",\"item\":\"https:\\\/\\\/eheating.lt\\\/en\\\/\"},{\"@type\":\"ListItem\",\"position\":2,\"name\":\"Shop\",\"item\":\"https:\\\/\\\/eheating.lt\\\/en\\\/?page_id=5734\"},{\"@type\":\"ListItem\",\"position\":3,\"name\":\"tado\u00b0 Bridge X internet module\"}]},{\"@type\":\"WebSite\",\"@id\":\"https:\\\/\\\/eheating.lt\\\/#website\",\"url\":\"https:\\\/\\\/eheating.lt\\\/\",\"name\":\"eHeating\",\"description\":\"Elektronika ir \u0161ildymas\",\"potentialAction\":[{\"@type\":\"SearchAction\",\"target\":{\"@type\":\"EntryPoint\",\"urlTemplate\":\"https:\\\/\\\/eheating.lt\\\/?s={search_term_string}\"},\"query-input\":{\"@type\":\"PropertyValueSpecification\",\"valueRequired\":true,\"valueName\":\"search_term_string\"}}],\"inLanguage\":\"en-US\"}]}<\/script>\n<meta property=\"product:price:amount\" content=\"65.00\" \/>\n<meta property=\"product:price:currency\" content=\"EUR\" \/>\n<meta property=\"og:availability\" content=\"backorder\" \/>\n<meta property=\"product:availability\" content=\"available for order\" \/>\n<meta property=\"product:retailer_item_id\" content=\"TADO-BRIDGE-X\" \/>\n<meta property=\"product:condition\" content=\"new\" \/>\n<!-- \/ Yoast SEO Premium plugin. -->","yoast_head_json":{"title":"tado\u00b0 Bridge X internet module","description":"tado\u00b0 Bridge X Internet Module ; Control via mobile app ; One module for complete smart setup with Thread","robots":{"index":"index","follow":"follow","max-snippet":"max-snippet:-1","max-image-preview":"max-image-preview:large","max-video-preview":"max-video-preview:-1"},"canonical":"https:\/\/eheating.lt\/en\/produktas\/tado-bridge-x-internet-module\/","og_locale":"en_US","og_type":"article","og_title":"tado\u00b0 Bridge X internet module","og_description":"tado\u00b0 Bridge X Internet Module ; Control via mobile app ; One module for complete smart setup with Thread","og_url":"https:\/\/eheating.lt\/en\/produktas\/tado-bridge-x-internet-module\/","og_site_name":"Elektronika Namams","article_publisher":"https:\/\/www.facebook.com\/ElektronikaNamams","article_modified_time":"2025-03-02T18:29:33+00:00","og_image":[{"width":800,"height":800,"url":"https:\/\/eheating.lt\/wp-content\/uploads\/2025\/03\/tado\u00b0-Bridge-X-interneto-modulis.png","type":"image\/png"}],"twitter_card":"summary_large_image","twitter_misc":{"Price":"65,00&nbsp;&euro;","Availability":"On backorder"},"schema":{"@context":"https:\/\/schema.org","@graph":[{"@type":"WebPage","@id":"https:\/\/eheating.lt\/en\/produktas\/tado-bridge-x-internet-module\/","url":"https:\/\/eheating.lt\/en\/produktas\/tado-bridge-x-internet-module\/","name":"tado\u00b0 Bridge X internet module","isPartOf":{"@id":"https:\/\/eheating.lt\/#website"},"primaryImageOfPage":{"@id":"https:\/\/eheating.lt\/en\/produktas\/tado-bridge-x-internet-module\/#primaryimage"},"image":{"@id":"https:\/\/eheating.lt\/en\/produktas\/tado-bridge-x-internet-module\/#primaryimage"},"thumbnailUrl":"https:\/\/eheating.lt\/wp-content\/uploads\/2025\/03\/tado\u00b0-Bridge-X-interneto-modulis.png","datePublished":"2025-03-02T17:38:56+00:00","dateModified":"2025-03-02T18:29:33+00:00","description":"tado\u00b0 Bridge X Internet Module ; Control via mobile app ; One module for complete smart setup with Thread","breadcrumb":{"@id":"https:\/\/eheating.lt\/en\/produktas\/tado-bridge-x-internet-module\/#breadcrumb"},"inLanguage":"en-US","potentialAction":[{"@type":"ReadAction","target":["https:\/\/eheating.lt\/en\/produktas\/tado-bridge-x-internet-module\/"]}]},{"@type":"ImageObject","inLanguage":"en-US","@id":"https:\/\/eheating.lt\/en\/produktas\/tado-bridge-x-internet-module\/#primaryimage","url":"https:\/\/eheating.lt\/wp-content\/uploads\/2025\/03\/tado\u00b0-Bridge-X-interneto-modulis.png","contentUrl":"https:\/\/eheating.lt\/wp-content\/uploads\/2025\/03\/tado\u00b0-Bridge-X-interneto-modulis.png","width":800,"height":800,"caption":"tado\u00b0 Bridge X interneto modulis"},{"@type":"BreadcrumbList","@id":"https:\/\/eheating.lt\/en\/produktas\/tado-bridge-x-internet-module\/#breadcrumb","itemListElement":[{"@type":"ListItem","position":1,"name":"Prad\u017eia","item":"https:\/\/eheating.lt\/en\/"},{"@type":"ListItem","position":2,"name":"Shop","item":"https:\/\/eheating.lt\/en\/?page_id=5734"},{"@type":"ListItem","position":3,"name":"tado\u00b0 Bridge X internet module"}]},{"@type":"WebSite","@id":"https:\/\/eheating.lt\/#website","url":"https:\/\/eheating.lt\/","name":"eHeating","description":"Elektronika ir \u0161ildymas","potentialAction":[{"@type":"SearchAction","target":{"@type":"EntryPoint","urlTemplate":"https:\/\/eheating.lt\/?s={search_term_string}"},"query-input":{"@type":"PropertyValueSpecification","valueRequired":true,"valueName":"search_term_string"}}],"inLanguage":"en-US"}]},"product_price_amount":"65.00","product_price_currency":"EUR","og_availability":"backorder","product_availability":"available for order","product_retailer_item_id":"TADO-BRIDGE-X","product_condition":"new"},"_links":{"self":[{"href":"https:\/\/eheating.lt\/en\/wp-json\/wp\/v2\/product\/38836","targetHints":{"allow":["GET"]}}],"collection":[{"href":"https:\/\/eheating.lt\/en\/wp-json\/wp\/v2\/product"}],"about":[{"href":"https:\/\/eheating.lt\/en\/wp-json\/wp\/v2\/types\/product"}],"replies":[{"embeddable":true,"href":"https:\/\/eheating.lt\/en\/wp-json\/wp\/v2\/comments?post=38836"}],"version-history":[{"count":5,"href":"https:\/\/eheating.lt\/en\/wp-json\/wp\/v2\/product\/38836\/revisions"}],"predecessor-version":[{"id":38871,"href":"https:\/\/eheating.lt\/en\/wp-json\/wp\/v2\/product\/38836\/revisions\/38871"}],"wp:featuredmedia":[{"embeddable":true,"href":"https:\/\/eheating.lt\/en\/wp-json\/wp\/v2\/media\/38838"}],"wp:attachment":[{"href":"https:\/\/eheating.lt\/en\/wp-json\/wp\/v2\/media?parent=38836"}],"wp:term":[{"taxonomy":"product_brand","embeddable":true,"href":"https:\/\/eheating.lt\/en\/wp-json\/wp\/v2\/product_brand?post=38836"},{"taxonomy":"product_cat","embeddable":true,"href":"https:\/\/eheating.lt\/en\/wp-json\/wp\/v2\/product_cat?post=38836"},{"taxonomy":"product_tag","embeddable":true,"href":"https:\/\/eheating.lt\/en\/wp-json\/wp\/v2\/product_tag?post=38836"}],"curies":[{"name":"wp","href":"https:\/\/api.w.org\/{rel}","templated":true}]}}