{"id":37704,"date":"2024-12-07T15:16:57","date_gmt":"2024-12-07T13:16:57","guid":{"rendered":"https:\/\/eheating.lt\/?post_type=product&#038;p=37704"},"modified":"2025-02-13T16:23:34","modified_gmt":"2025-02-13T14:23:34","slug":"wireless-thermostat-control-panel-magnum-h128-cc","status":"publish","type":"product","link":"https:\/\/eheating.lt\/en\/produktas\/wireless-thermostat-control-panel-magnum-h128-cc\/","title":{"rendered":"Wireless thermostat control panel MAGNUM H128-CC"},"content":{"rendered":"\t\t<div data-elementor-type=\"product-post\" data-elementor-id=\"37704\" class=\"elementor elementor-37704 elementor-37703\" data-elementor-post-type=\"product\">\n\t\t\t\t\t\t<section class=\"elementor-section elementor-top-section elementor-element elementor-element-8185c9d elementor-section-boxed elementor-section-height-default elementor-section-height-default\" data-id=\"8185c9d\" data-element_type=\"section\" data-e-type=\"section\">\r\n\t\t\r\n\t\t\t\t\t\t\t<div class=\"elementor-container elementor-column-gap-default\">\r\n\t\t\t\t\t\t\t\t\t\t\t<div class=\"elementor-column elementor-col-50 elementor-top-column elementor-element elementor-element-8879f78\" data-id=\"8879f78\" data-element_type=\"column\" data-e-type=\"column\">\r\n\t\t\t\t\t<div class=\"elementor-widget-wrap elementor-element-populated\">\r\n\t\t\t\t\t\t\t\t<div class=\"elementor-element elementor-element-ea37ffc elementor-widget elementor-widget-video\" data-id=\"ea37ffc\" data-element_type=\"widget\" data-e-type=\"widget\" data-settings=\"{&quot;youtube_url&quot;:&quot;https:\\\/\\\/www.youtube.com\\\/watch?v=tlLWikKIx-E&quot;,&quot;video_type&quot;:&quot;youtube&quot;,&quot;controls&quot;:&quot;yes&quot;}\" data-widget_type=\"video.default\">\n\t\t\t\t<div class=\"elementor-widget-container\">\n\t\t\t\t\t\t\t<div class=\"elementor-wrapper elementor-open-inline\">\n\t\t\t<div class=\"elementor-video\"><\/div>\t\t<\/div>\n\t\t\t\t\t\t<\/div>\n\t\t\t\t<\/div>\n\t\t\t\t\t<\/div>\r\n\t\t\t\t<\/div>\r\n\t\t\t\t<div class=\"elementor-column elementor-col-50 elementor-top-column elementor-element elementor-element-1a730cf\" data-id=\"1a730cf\" data-element_type=\"column\" data-e-type=\"column\">\r\n\t\t\t\t\t<div class=\"elementor-widget-wrap elementor-element-populated\">\r\n\t\t\t\t\t\t\t\t<div class=\"elementor-element elementor-element-a47c1ea elementor-widget elementor-widget-text-editor\" data-id=\"a47c1ea\" data-element_type=\"widget\" data-e-type=\"widget\" data-widget_type=\"text-editor.default\">\n\t\t\t\t<div class=\"elementor-widget-container\">\n\t\t\t\t\t\t\t\t\t<p style=\"margin-bottom: 10px; font-family: Roboto, Poppins; color: #7b858a;\">The stylish and wireless <span style=\"font-weight: bold;\">H128<\/span> thermostats with WiFi function are programmable thermostats for controlling underfloor water heating systems. The app is available in the Apple App Store and Google Play Store, and you can also use the system in another Smart Life or Tuya app you have already registered.  The app allows you to program and adjust settings. Additional <span style=\"font-weight: bold; margin-bottom: 0px;\">Magnum H128<\/span> wireless thermostats can be easily added to control different rooms (groups).<\/p>\n\t\t\t\t\t\t\t\t<\/div>\n\t\t\t\t<\/div>\n\t\t\t\t\t<\/div>\r\n\t\t\t\t<\/div>\r\n\t\t\t\t\t<\/div>\r\n\t\t\t\t<\/section>\r\n\t\t\t\t<section class=\"elementor-section elementor-top-section elementor-element elementor-element-ad1a249 elementor-section-boxed elementor-section-height-default elementor-section-height-default\" data-id=\"ad1a249\" data-element_type=\"section\" data-e-type=\"section\">\r\n\t\t\r\n\t\t\t\t\t\t\t<div class=\"elementor-container elementor-column-gap-default\">\r\n\t\t\t\t\t\t\t\t\t\t\t<div class=\"elementor-column elementor-col-100 elementor-top-column elementor-element elementor-element-acfea43\" data-id=\"acfea43\" data-element_type=\"column\" data-e-type=\"column\">\r\n\t\t\t\t\t<div class=\"elementor-widget-wrap elementor-element-populated\">\r\n\t\t\t\t\t\t\t\t<div class=\"elementor-element elementor-element-4ca198e elementor-widget elementor-widget-spacer\" data-id=\"4ca198e\" data-element_type=\"widget\" data-e-type=\"widget\" data-widget_type=\"spacer.default\">\n\t\t\t\t<div class=\"elementor-widget-container\">\n\t\t\t\t\t\t\t<div class=\"elementor-spacer\">\n\t\t\t<div class=\"elementor-spacer-inner\"><\/div>\n\t\t<\/div>\n\t\t\t\t\t\t<\/div>\n\t\t\t\t<\/div>\n\t\t\t\t\t<\/div>\r\n\t\t\t\t<\/div>\r\n\t\t\t\t\t<\/div>\r\n\t\t\t\t<\/section>\r\n\t\t\t\t<section class=\"elementor-section elementor-top-section elementor-element elementor-element-5b3e17b6 elementor-section-boxed elementor-section-height-default elementor-section-height-default\" data-id=\"5b3e17b6\" data-element_type=\"section\" data-e-type=\"section\">\r\n\t\t\r\n\t\t\t\t\t\t\t<div class=\"elementor-container elementor-column-gap-default\">\r\n\t\t\t\t\t\t\t\t\t\t\t<div class=\"elementor-column elementor-col-100 elementor-top-column elementor-element elementor-element-60b653dc\" data-id=\"60b653dc\" data-element_type=\"column\" data-e-type=\"column\">\r\n\t\t\t\t\t<div class=\"elementor-widget-wrap elementor-element-populated\">\r\n\t\t\t\t\t\t\t\t<div class=\"elementor-element elementor-element-6cd03b94 elementor-widget elementor-widget-text-editor\" data-id=\"6cd03b94\" data-element_type=\"widget\" data-e-type=\"widget\" data-widget_type=\"text-editor.default\">\n\t\t\t\t<div class=\"elementor-widget-container\">\n\t\t\t\t\t\t\t\t\t<p> <\/p><p><span style=\"font-size: 18px;\"><strong>Technical specifications:<\/strong><\/span><\/p><ul><li>&#8220;Zigbee connectivity to other smart devices for the smart home<\/li><li>Long range wireless connection to thermostats 100m (open space)<\/li><li>&#8220;Zigbee wireless range &#8211; 30m (open space)<\/li><li>8-zone wireless control<\/li><li>Cascade communication with other thermostat control panels for whole house heating\/cooling<\/li><li>Automatic cooling and heating mode suitable for a heat pump system<\/li><li>Both NC and NO electrothermal actuators can be connected<\/li><li>Up to 8 control panels per system &#8211; wired connection<\/li><li>Controlling your Tuya smart home<\/li><li>&#8220;Voice control of Alexa and Google Assistant<\/li><li>Controlled over a Wi-Fi network<\/li><li>Compatible with most smart home systems<\/li><li>App for iOS and Android<\/li><li>Easy installation<\/li><li>Minimalist design<\/li><li>The thermostat control panel is powered by 100-240VAC 50\/60Hz<\/li><li>Storage temp. and humidity -10 ~ 60\u00b0C, 0 ~ 90% relative humidity<\/li><li>Operating temp. and humidity 0 ~ 50 \u00b0C, 0 ~ 80 % relative humidity<\/li><li>Colour White<\/li><li>IP rating IP40<\/li><\/ul><hr><p><span style=\"font-size: 18px;\"><strong>Set includes:<\/strong><\/span><\/p><ul><li>Thermostat control panel<\/li><li>Tuya Zigbee communication module<\/li><li>Antenna<\/li><li>Power plug<\/li><li>Fixing elements<\/li><li>Instructions for use<\/li><\/ul><div> <\/div><div> <\/div><p><img decoding=\"async\" style=\"height: 30px;\" src=\"https:\/\/eheating.lt\/wp-content\/uploads\/2022\/12\/pdf-e1720524145211.png\"><a href=\"https:\/\/eheating.lt\/wp-content\/uploads\/2024\/12\/MAGNUM-H128-CC-manual-1.pdf\"><strong>Instructions (English)<\/strong><\/a><\/p>\t\t\t\t\t\t\t\t<\/div>\n\t\t\t\t<\/div>\n\t\t\t\t\t<\/div>\r\n\t\t\t\t<\/div>\r\n\t\t\t\t\t<\/div>\r\n\t\t\t\t<\/section>\r\n\t\t\t\t<\/div>\n\t\t","protected":false},"excerpt":{"rendered":"<p><strong>The Magnum H128<\/strong> is a WiFi-enabled wireless control system for underfloor water heating systems.<\/p>\n<ul>\n<li>8-zone wireless control<\/li>\n<li>Controlled over a Wi-Fi network<\/li>\n<li>Wireless communication with thermostats 100m (open space)<\/li>\n<li>App for iOS and Android<\/li>\n<li>Includes Tuya Zigbee communication module<\/li>\n<\/ul>\n","protected":false},"featured_media":37951,"comment_status":"closed","ping_status":"closed","template":"","meta":[],"product_brand":[],"product_cat":[233,223],"product_tag":[975],"class_list":{"0":"post-37704","1":"product","2":"type-product","3":"status-publish","4":"has-post-thumbnail","6":"product_cat-control-panels","7":"product_cat-heating-control-automation","8":"product_tag-ean-en","10":"first","11":"instock","12":"taxable","13":"shipping-taxable","14":"purchasable","15":"product-type-simple"},"yoast_head":"<!-- This site is optimized with the Yoast SEO Premium plugin v21.5 (Yoast SEO v27.4) - https:\/\/yoast.com\/product\/yoast-seo-premium-wordpress\/ -->\n<title>Wireless thermostat control panel MAGNUM H128-CC<\/title>\n<meta name=\"description\" content=\"Wireless thermostat control panel ; 8 zone wireless control ; Wi-Fi controlled ; App for iOS and Android; Controlled over a Wi-Fi network\" \/>\n<meta name=\"robots\" content=\"index, follow, max-snippet:-1, max-image-preview:large, max-video-preview:-1\" \/>\n<link rel=\"canonical\" href=\"https:\/\/eheating.lt\/en\/produktas\/wireless-thermostat-control-panel-magnum-h128-cc\/\" \/>\n<meta property=\"og:locale\" content=\"en_US\" \/>\n<meta property=\"og:type\" content=\"article\" \/>\n<meta property=\"og:title\" content=\"Wireless thermostat control panel MAGNUM H128-CC\" \/>\n<meta property=\"og:description\" content=\"Wireless thermostat control panel ; 8 zone wireless control ; Wi-Fi controlled ; App for iOS and Android; Controlled over a Wi-Fi network\" \/>\n<meta property=\"og:url\" content=\"https:\/\/eheating.lt\/en\/produktas\/wireless-thermostat-control-panel-magnum-h128-cc\/\" \/>\n<meta property=\"og:site_name\" content=\"Elektronika Namams\" \/>\n<meta property=\"article:publisher\" content=\"https:\/\/www.facebook.com\/ElektronikaNamams\" \/>\n<meta property=\"article:modified_time\" content=\"2025-02-13T14:23:34+00:00\" \/>\n<meta property=\"og:image\" content=\"https:\/\/eheating.lt\/wp-content\/uploads\/2024\/12\/Belaidziu-termostatu-valdymo-centrale-MAGNUM-H128-CC-3.png\" \/>\n\t<meta property=\"og:image:width\" content=\"800\" \/>\n\t<meta property=\"og:image:height\" content=\"800\" \/>\n\t<meta property=\"og:image:type\" content=\"image\/png\" \/>\n<meta name=\"twitter:card\" content=\"summary_large_image\" \/>\n<meta name=\"twitter:label1\" content=\"Price\" \/>\n\t<meta name=\"twitter:data1\" content=\"286,66&nbsp;&euro;\" \/>\n\t<meta name=\"twitter:label2\" content=\"Availability\" \/>\n\t<meta name=\"twitter:data2\" content=\"In stock\" \/>\n<script type=\"application\/ld+json\" class=\"yoast-schema-graph\">{\"@context\":\"https:\\\/\\\/schema.org\",\"@graph\":[{\"@type\":\"WebPage\",\"@id\":\"https:\\\/\\\/eheating.lt\\\/en\\\/produktas\\\/wireless-thermostat-control-panel-magnum-h128-cc\\\/\",\"url\":\"https:\\\/\\\/eheating.lt\\\/en\\\/produktas\\\/wireless-thermostat-control-panel-magnum-h128-cc\\\/\",\"name\":\"Wireless thermostat control panel MAGNUM H128-CC\",\"isPartOf\":{\"@id\":\"https:\\\/\\\/eheating.lt\\\/#website\"},\"primaryImageOfPage\":{\"@id\":\"https:\\\/\\\/eheating.lt\\\/en\\\/produktas\\\/wireless-thermostat-control-panel-magnum-h128-cc\\\/#primaryimage\"},\"image\":{\"@id\":\"https:\\\/\\\/eheating.lt\\\/en\\\/produktas\\\/wireless-thermostat-control-panel-magnum-h128-cc\\\/#primaryimage\"},\"thumbnailUrl\":\"https:\\\/\\\/eheating.lt\\\/wp-content\\\/uploads\\\/2024\\\/12\\\/Belaidziu-termostatu-valdymo-centrale-MAGNUM-H128-CC-3.png\",\"datePublished\":\"2024-12-07T13:16:57+00:00\",\"dateModified\":\"2025-02-13T14:23:34+00:00\",\"description\":\"Wireless thermostat control panel ; 8 zone wireless control ; Wi-Fi controlled ; App for iOS and Android; Controlled over a Wi-Fi network\",\"breadcrumb\":{\"@id\":\"https:\\\/\\\/eheating.lt\\\/en\\\/produktas\\\/wireless-thermostat-control-panel-magnum-h128-cc\\\/#breadcrumb\"},\"inLanguage\":\"en-US\",\"potentialAction\":[{\"@type\":\"ReadAction\",\"target\":[\"https:\\\/\\\/eheating.lt\\\/en\\\/produktas\\\/wireless-thermostat-control-panel-magnum-h128-cc\\\/\"]}]},{\"@type\":\"ImageObject\",\"inLanguage\":\"en-US\",\"@id\":\"https:\\\/\\\/eheating.lt\\\/en\\\/produktas\\\/wireless-thermostat-control-panel-magnum-h128-cc\\\/#primaryimage\",\"url\":\"https:\\\/\\\/eheating.lt\\\/wp-content\\\/uploads\\\/2024\\\/12\\\/Belaidziu-termostatu-valdymo-centrale-MAGNUM-H128-CC-3.png\",\"contentUrl\":\"https:\\\/\\\/eheating.lt\\\/wp-content\\\/uploads\\\/2024\\\/12\\\/Belaidziu-termostatu-valdymo-centrale-MAGNUM-H128-CC-3.png\",\"width\":800,\"height\":800,\"caption\":\"Belaid\u017ei\u0173 termostat\u0173 valdymo central\u0117 MAGNUM H128-CC\"},{\"@type\":\"BreadcrumbList\",\"@id\":\"https:\\\/\\\/eheating.lt\\\/en\\\/produktas\\\/wireless-thermostat-control-panel-magnum-h128-cc\\\/#breadcrumb\",\"itemListElement\":[{\"@type\":\"ListItem\",\"position\":1,\"name\":\"Prad\u017eia\",\"item\":\"https:\\\/\\\/eheating.lt\\\/en\\\/\"},{\"@type\":\"ListItem\",\"position\":2,\"name\":\"Shop\",\"item\":\"https:\\\/\\\/eheating.lt\\\/en\\\/?page_id=5734\"},{\"@type\":\"ListItem\",\"position\":3,\"name\":\"Wireless thermostat control panel MAGNUM H128-CC\"}]},{\"@type\":\"WebSite\",\"@id\":\"https:\\\/\\\/eheating.lt\\\/#website\",\"url\":\"https:\\\/\\\/eheating.lt\\\/\",\"name\":\"eHeating\",\"description\":\"Elektronika ir \u0161ildymas\",\"potentialAction\":[{\"@type\":\"SearchAction\",\"target\":{\"@type\":\"EntryPoint\",\"urlTemplate\":\"https:\\\/\\\/eheating.lt\\\/?s={search_term_string}\"},\"query-input\":{\"@type\":\"PropertyValueSpecification\",\"valueRequired\":true,\"valueName\":\"search_term_string\"}}],\"inLanguage\":\"en-US\"}]}<\/script>\n<meta property=\"product:price:amount\" content=\"286.66\" \/>\n<meta property=\"product:price:currency\" content=\"EUR\" \/>\n<meta property=\"og:availability\" content=\"instock\" \/>\n<meta property=\"product:availability\" content=\"instock\" \/>\n<meta property=\"product:retailer_item_id\" content=\"MAGNUM-H128-CC\" \/>\n<meta property=\"product:condition\" content=\"new\" \/>\n<!-- \/ Yoast SEO Premium plugin. -->","yoast_head_json":{"title":"Wireless thermostat control panel MAGNUM H128-CC","description":"Wireless thermostat control panel ; 8 zone wireless control ; Wi-Fi controlled ; App for iOS and Android; Controlled over a Wi-Fi network","robots":{"index":"index","follow":"follow","max-snippet":"max-snippet:-1","max-image-preview":"max-image-preview:large","max-video-preview":"max-video-preview:-1"},"canonical":"https:\/\/eheating.lt\/en\/produktas\/wireless-thermostat-control-panel-magnum-h128-cc\/","og_locale":"en_US","og_type":"article","og_title":"Wireless thermostat control panel MAGNUM H128-CC","og_description":"Wireless thermostat control panel ; 8 zone wireless control ; Wi-Fi controlled ; App for iOS and Android; Controlled over a Wi-Fi network","og_url":"https:\/\/eheating.lt\/en\/produktas\/wireless-thermostat-control-panel-magnum-h128-cc\/","og_site_name":"Elektronika Namams","article_publisher":"https:\/\/www.facebook.com\/ElektronikaNamams","article_modified_time":"2025-02-13T14:23:34+00:00","og_image":[{"width":800,"height":800,"url":"https:\/\/eheating.lt\/wp-content\/uploads\/2024\/12\/Belaidziu-termostatu-valdymo-centrale-MAGNUM-H128-CC-3.png","type":"image\/png"}],"twitter_card":"summary_large_image","twitter_misc":{"Price":"286,66&nbsp;&euro;","Availability":"In stock"},"schema":{"@context":"https:\/\/schema.org","@graph":[{"@type":"WebPage","@id":"https:\/\/eheating.lt\/en\/produktas\/wireless-thermostat-control-panel-magnum-h128-cc\/","url":"https:\/\/eheating.lt\/en\/produktas\/wireless-thermostat-control-panel-magnum-h128-cc\/","name":"Wireless thermostat control panel MAGNUM H128-CC","isPartOf":{"@id":"https:\/\/eheating.lt\/#website"},"primaryImageOfPage":{"@id":"https:\/\/eheating.lt\/en\/produktas\/wireless-thermostat-control-panel-magnum-h128-cc\/#primaryimage"},"image":{"@id":"https:\/\/eheating.lt\/en\/produktas\/wireless-thermostat-control-panel-magnum-h128-cc\/#primaryimage"},"thumbnailUrl":"https:\/\/eheating.lt\/wp-content\/uploads\/2024\/12\/Belaidziu-termostatu-valdymo-centrale-MAGNUM-H128-CC-3.png","datePublished":"2024-12-07T13:16:57+00:00","dateModified":"2025-02-13T14:23:34+00:00","description":"Wireless thermostat control panel ; 8 zone wireless control ; Wi-Fi controlled ; App for iOS and Android; Controlled over a Wi-Fi network","breadcrumb":{"@id":"https:\/\/eheating.lt\/en\/produktas\/wireless-thermostat-control-panel-magnum-h128-cc\/#breadcrumb"},"inLanguage":"en-US","potentialAction":[{"@type":"ReadAction","target":["https:\/\/eheating.lt\/en\/produktas\/wireless-thermostat-control-panel-magnum-h128-cc\/"]}]},{"@type":"ImageObject","inLanguage":"en-US","@id":"https:\/\/eheating.lt\/en\/produktas\/wireless-thermostat-control-panel-magnum-h128-cc\/#primaryimage","url":"https:\/\/eheating.lt\/wp-content\/uploads\/2024\/12\/Belaidziu-termostatu-valdymo-centrale-MAGNUM-H128-CC-3.png","contentUrl":"https:\/\/eheating.lt\/wp-content\/uploads\/2024\/12\/Belaidziu-termostatu-valdymo-centrale-MAGNUM-H128-CC-3.png","width":800,"height":800,"caption":"Belaid\u017ei\u0173 termostat\u0173 valdymo central\u0117 MAGNUM H128-CC"},{"@type":"BreadcrumbList","@id":"https:\/\/eheating.lt\/en\/produktas\/wireless-thermostat-control-panel-magnum-h128-cc\/#breadcrumb","itemListElement":[{"@type":"ListItem","position":1,"name":"Prad\u017eia","item":"https:\/\/eheating.lt\/en\/"},{"@type":"ListItem","position":2,"name":"Shop","item":"https:\/\/eheating.lt\/en\/?page_id=5734"},{"@type":"ListItem","position":3,"name":"Wireless thermostat control panel MAGNUM H128-CC"}]},{"@type":"WebSite","@id":"https:\/\/eheating.lt\/#website","url":"https:\/\/eheating.lt\/","name":"eHeating","description":"Elektronika ir \u0161ildymas","potentialAction":[{"@type":"SearchAction","target":{"@type":"EntryPoint","urlTemplate":"https:\/\/eheating.lt\/?s={search_term_string}"},"query-input":{"@type":"PropertyValueSpecification","valueRequired":true,"valueName":"search_term_string"}}],"inLanguage":"en-US"}]},"product_price_amount":"286.66","product_price_currency":"EUR","og_availability":"instock","product_availability":"instock","product_retailer_item_id":"MAGNUM-H128-CC","product_condition":"new"},"_links":{"self":[{"href":"https:\/\/eheating.lt\/en\/wp-json\/wp\/v2\/product\/37704","targetHints":{"allow":["GET"]}}],"collection":[{"href":"https:\/\/eheating.lt\/en\/wp-json\/wp\/v2\/product"}],"about":[{"href":"https:\/\/eheating.lt\/en\/wp-json\/wp\/v2\/types\/product"}],"replies":[{"embeddable":true,"href":"https:\/\/eheating.lt\/en\/wp-json\/wp\/v2\/comments?post=37704"}],"version-history":[{"count":6,"href":"https:\/\/eheating.lt\/en\/wp-json\/wp\/v2\/product\/37704\/revisions"}],"predecessor-version":[{"id":38098,"href":"https:\/\/eheating.lt\/en\/wp-json\/wp\/v2\/product\/37704\/revisions\/38098"}],"wp:featuredmedia":[{"embeddable":true,"href":"https:\/\/eheating.lt\/en\/wp-json\/wp\/v2\/media\/37951"}],"wp:attachment":[{"href":"https:\/\/eheating.lt\/en\/wp-json\/wp\/v2\/media?parent=37704"}],"wp:term":[{"taxonomy":"product_brand","embeddable":true,"href":"https:\/\/eheating.lt\/en\/wp-json\/wp\/v2\/product_brand?post=37704"},{"taxonomy":"product_cat","embeddable":true,"href":"https:\/\/eheating.lt\/en\/wp-json\/wp\/v2\/product_cat?post=37704"},{"taxonomy":"product_tag","embeddable":true,"href":"https:\/\/eheating.lt\/en\/wp-json\/wp\/v2\/product_tag?post=37704"}],"curies":[{"name":"wp","href":"https:\/\/api.w.org\/{rel}","templated":true}]}}