{"id":36560,"date":"2024-11-21T14:43:18","date_gmt":"2024-11-21T12:43:18","guid":{"rendered":"https:\/\/eheating.lt\/?post_type=product&#038;p=36560"},"modified":"2024-11-23T16:20:41","modified_gmt":"2024-11-23T14:20:41","slug":"grindu-pasvietimo-lempute-jung-ls1539-oswmlnw-juoda-spalva","status":"publish","type":"product","link":"https:\/\/eheating.lt\/en\/produktas\/grindu-pasvietimo-lempute-jung-ls1539-oswmlnw-juoda-spalva\/","title":{"rendered":"Grind\u0173 pa\u0161vietimo lemput\u0117 JUNG LS1539-OSWMLNW (Juoda"},"content":{"rendered":"","protected":false},"excerpt":{"rendered":"<ul>\n<li>Gamintojas: JUNG<\/li>\n<li>\u0160viesos spalvos temperat\u016bra: 4000K (Baltos \u0161viesos diodas)<\/li>\n<li>Galios s\u0105naudos: max. 0.5W<\/li>\n<\/ul>\n","protected":false},"featured_media":37199,"comment_status":"closed","ping_status":"closed","template":"","meta":[],"product_brand":[],"product_cat":[1346,1364],"product_tag":[],"class_list":{"0":"post-36560","1":"product","2":"type-product","3":"status-publish","4":"has-post-thumbnail","6":"product_cat-elektros-prekes","7":"product_cat-jungikliai-kistukiniai-lizdai","9":"first","10":"onbackorder","11":"purchasable","12":"product-type-simple"},"yoast_head":"<!-- This site is optimized with the Yoast SEO Premium plugin v21.5 (Yoast SEO v27.3) - https:\/\/yoast.com\/product\/yoast-seo-premium-wordpress\/ -->\n<title>Grind\u0173 pa\u0161vietimo lemput\u0117 JUNG LS1539-OSWMLNW (Juoda spalva)<\/title>\n<meta name=\"robots\" content=\"index, follow, max-snippet:-1, max-image-preview:large, max-video-preview:-1\" \/>\n<link rel=\"canonical\" href=\"https:\/\/eheating.lt\/produktas\/grindu-pasvietimo-lempute-jung-ls1539-oswmlnw-juoda-spalva\/\" \/>\n<meta property=\"og:locale\" content=\"en_US\" \/>\n<meta property=\"og:type\" content=\"article\" \/>\n<meta property=\"og:title\" content=\"Grind\u0173 pa\u0161vietimo lemput\u0117 JUNG LS1539-OSWMLNW (Juoda spalva)\" \/>\n<meta property=\"og:description\" content=\"Gamintojas: JUNG  \u0160viesos spalvos temperat\u016bra: 4000K (Baltos \u0161viesos diodas)  Galios s\u0105naudos: max. 0.5W\" \/>\n<meta property=\"og:url\" content=\"https:\/\/eheating.lt\/produktas\/grindu-pasvietimo-lempute-jung-ls1539-oswmlnw-juoda-spalva\/\" \/>\n<meta property=\"og:site_name\" content=\"Elektronika Namams\" \/>\n<meta property=\"article:publisher\" content=\"https:\/\/www.facebook.com\/ElektronikaNamams\" \/>\n<meta property=\"article:modified_time\" content=\"2024-11-23T14:20:41+00:00\" \/>\n<meta property=\"og:image\" content=\"https:\/\/eheating.lt\/wp-content\/uploads\/2024\/10\/Grindu-pasvietimo-lempute-JUNG-LS1539-OSWMLNW-Juoda-spalva.png\" \/>\n\t<meta property=\"og:image:width\" content=\"800\" \/>\n\t<meta property=\"og:image:height\" content=\"800\" \/>\n\t<meta property=\"og:image:type\" content=\"image\/png\" \/>\n<meta name=\"twitter:card\" content=\"summary_large_image\" \/>\n<meta name=\"twitter:label1\" content=\"Price\" \/>\n\t<meta name=\"twitter:data1\" content=\"71,47&nbsp;&euro;\" \/>\n\t<meta name=\"twitter:label2\" content=\"Availability\" \/>\n\t<meta name=\"twitter:data2\" content=\"On backorder\" \/>\n<script type=\"application\/ld+json\" class=\"yoast-schema-graph\">{\"@context\":\"https:\\\/\\\/schema.org\",\"@graph\":[{\"@type\":\"WebPage\",\"@id\":\"https:\\\/\\\/eheating.lt\\\/produktas\\\/grindu-pasvietimo-lempute-jung-ls1539-oswmlnw-juoda-spalva\\\/\",\"url\":\"https:\\\/\\\/eheating.lt\\\/produktas\\\/grindu-pasvietimo-lempute-jung-ls1539-oswmlnw-juoda-spalva\\\/\",\"name\":\"Grind\u0173 pa\u0161vietimo lemput\u0117 JUNG LS1539-OSWMLNW (Juoda spalva)\",\"isPartOf\":{\"@id\":\"https:\\\/\\\/eheating.lt\\\/#website\"},\"primaryImageOfPage\":{\"@id\":\"https:\\\/\\\/eheating.lt\\\/produktas\\\/grindu-pasvietimo-lempute-jung-ls1539-oswmlnw-juoda-spalva\\\/#primaryimage\"},\"image\":{\"@id\":\"https:\\\/\\\/eheating.lt\\\/produktas\\\/grindu-pasvietimo-lempute-jung-ls1539-oswmlnw-juoda-spalva\\\/#primaryimage\"},\"thumbnailUrl\":\"https:\\\/\\\/eheating.lt\\\/wp-content\\\/uploads\\\/2024\\\/10\\\/Grindu-pasvietimo-lempute-JUNG-LS1539-OSWMLNW-Juoda-spalva.png\",\"datePublished\":\"2024-11-21T12:43:18+00:00\",\"dateModified\":\"2024-11-23T14:20:41+00:00\",\"breadcrumb\":{\"@id\":\"https:\\\/\\\/eheating.lt\\\/produktas\\\/grindu-pasvietimo-lempute-jung-ls1539-oswmlnw-juoda-spalva\\\/#breadcrumb\"},\"inLanguage\":\"en-US\",\"potentialAction\":[{\"@type\":\"ReadAction\",\"target\":[\"https:\\\/\\\/eheating.lt\\\/produktas\\\/grindu-pasvietimo-lempute-jung-ls1539-oswmlnw-juoda-spalva\\\/\"]}]},{\"@type\":\"ImageObject\",\"inLanguage\":\"en-US\",\"@id\":\"https:\\\/\\\/eheating.lt\\\/produktas\\\/grindu-pasvietimo-lempute-jung-ls1539-oswmlnw-juoda-spalva\\\/#primaryimage\",\"url\":\"https:\\\/\\\/eheating.lt\\\/wp-content\\\/uploads\\\/2024\\\/10\\\/Grindu-pasvietimo-lempute-JUNG-LS1539-OSWMLNW-Juoda-spalva.png\",\"contentUrl\":\"https:\\\/\\\/eheating.lt\\\/wp-content\\\/uploads\\\/2024\\\/10\\\/Grindu-pasvietimo-lempute-JUNG-LS1539-OSWMLNW-Juoda-spalva.png\",\"width\":800,\"height\":800,\"caption\":\"Grind\u0173 pa\u0161vietimo lemput\u0117 JUNG LS1539-OSWMLNW (Juoda spalva)\"},{\"@type\":\"BreadcrumbList\",\"@id\":\"https:\\\/\\\/eheating.lt\\\/produktas\\\/grindu-pasvietimo-lempute-jung-ls1539-oswmlnw-juoda-spalva\\\/#breadcrumb\",\"itemListElement\":[{\"@type\":\"ListItem\",\"position\":1,\"name\":\"Prad\u017eia\",\"item\":\"https:\\\/\\\/eheating.lt\\\/en\\\/\"},{\"@type\":\"ListItem\",\"position\":2,\"name\":\"Shop\",\"item\":\"https:\\\/\\\/eheating.lt\\\/en\\\/?page_id=5734\"},{\"@type\":\"ListItem\",\"position\":3,\"name\":\"Grind\u0173 pa\u0161vietimo lemput\u0117 JUNG LS1539-OSWMLNW (Juoda spalva)\"}]},{\"@type\":\"WebSite\",\"@id\":\"https:\\\/\\\/eheating.lt\\\/#website\",\"url\":\"https:\\\/\\\/eheating.lt\\\/\",\"name\":\"eHeating\",\"description\":\"Elektronika ir \u0161ildymas\",\"potentialAction\":[{\"@type\":\"SearchAction\",\"target\":{\"@type\":\"EntryPoint\",\"urlTemplate\":\"https:\\\/\\\/eheating.lt\\\/?s={search_term_string}\"},\"query-input\":{\"@type\":\"PropertyValueSpecification\",\"valueRequired\":true,\"valueName\":\"search_term_string\"}}],\"inLanguage\":\"en-US\"}]}<\/script>\n<meta property=\"product:price:amount\" content=\"71.47\" \/>\n<meta property=\"product:price:currency\" content=\"EUR\" \/>\n<meta property=\"og:availability\" content=\"backorder\" \/>\n<meta property=\"product:availability\" content=\"available for order\" \/>\n<meta property=\"product:retailer_item_id\" content=\"56ee44200803\" \/>\n<meta property=\"product:condition\" content=\"new\" \/>\n<!-- \/ Yoast SEO Premium plugin. -->","yoast_head_json":{"title":"Grind\u0173 pa\u0161vietimo lemput\u0117 JUNG LS1539-OSWMLNW (Juoda spalva)","robots":{"index":"index","follow":"follow","max-snippet":"max-snippet:-1","max-image-preview":"max-image-preview:large","max-video-preview":"max-video-preview:-1"},"canonical":"https:\/\/eheating.lt\/produktas\/grindu-pasvietimo-lempute-jung-ls1539-oswmlnw-juoda-spalva\/","og_locale":"en_US","og_type":"article","og_title":"Grind\u0173 pa\u0161vietimo lemput\u0117 JUNG LS1539-OSWMLNW (Juoda spalva)","og_description":"Gamintojas: JUNG  \u0160viesos spalvos temperat\u016bra: 4000K (Baltos \u0161viesos diodas)  Galios s\u0105naudos: max. 0.5W","og_url":"https:\/\/eheating.lt\/produktas\/grindu-pasvietimo-lempute-jung-ls1539-oswmlnw-juoda-spalva\/","og_site_name":"Elektronika Namams","article_publisher":"https:\/\/www.facebook.com\/ElektronikaNamams","article_modified_time":"2024-11-23T14:20:41+00:00","og_image":[{"width":800,"height":800,"url":"https:\/\/eheating.lt\/wp-content\/uploads\/2024\/10\/Grindu-pasvietimo-lempute-JUNG-LS1539-OSWMLNW-Juoda-spalva.png","type":"image\/png"}],"twitter_card":"summary_large_image","twitter_misc":{"Price":"71,47&nbsp;&euro;","Availability":"On backorder"},"schema":{"@context":"https:\/\/schema.org","@graph":[{"@type":"WebPage","@id":"https:\/\/eheating.lt\/produktas\/grindu-pasvietimo-lempute-jung-ls1539-oswmlnw-juoda-spalva\/","url":"https:\/\/eheating.lt\/produktas\/grindu-pasvietimo-lempute-jung-ls1539-oswmlnw-juoda-spalva\/","name":"Grind\u0173 pa\u0161vietimo lemput\u0117 JUNG LS1539-OSWMLNW (Juoda spalva)","isPartOf":{"@id":"https:\/\/eheating.lt\/#website"},"primaryImageOfPage":{"@id":"https:\/\/eheating.lt\/produktas\/grindu-pasvietimo-lempute-jung-ls1539-oswmlnw-juoda-spalva\/#primaryimage"},"image":{"@id":"https:\/\/eheating.lt\/produktas\/grindu-pasvietimo-lempute-jung-ls1539-oswmlnw-juoda-spalva\/#primaryimage"},"thumbnailUrl":"https:\/\/eheating.lt\/wp-content\/uploads\/2024\/10\/Grindu-pasvietimo-lempute-JUNG-LS1539-OSWMLNW-Juoda-spalva.png","datePublished":"2024-11-21T12:43:18+00:00","dateModified":"2024-11-23T14:20:41+00:00","breadcrumb":{"@id":"https:\/\/eheating.lt\/produktas\/grindu-pasvietimo-lempute-jung-ls1539-oswmlnw-juoda-spalva\/#breadcrumb"},"inLanguage":"en-US","potentialAction":[{"@type":"ReadAction","target":["https:\/\/eheating.lt\/produktas\/grindu-pasvietimo-lempute-jung-ls1539-oswmlnw-juoda-spalva\/"]}]},{"@type":"ImageObject","inLanguage":"en-US","@id":"https:\/\/eheating.lt\/produktas\/grindu-pasvietimo-lempute-jung-ls1539-oswmlnw-juoda-spalva\/#primaryimage","url":"https:\/\/eheating.lt\/wp-content\/uploads\/2024\/10\/Grindu-pasvietimo-lempute-JUNG-LS1539-OSWMLNW-Juoda-spalva.png","contentUrl":"https:\/\/eheating.lt\/wp-content\/uploads\/2024\/10\/Grindu-pasvietimo-lempute-JUNG-LS1539-OSWMLNW-Juoda-spalva.png","width":800,"height":800,"caption":"Grind\u0173 pa\u0161vietimo lemput\u0117 JUNG LS1539-OSWMLNW (Juoda spalva)"},{"@type":"BreadcrumbList","@id":"https:\/\/eheating.lt\/produktas\/grindu-pasvietimo-lempute-jung-ls1539-oswmlnw-juoda-spalva\/#breadcrumb","itemListElement":[{"@type":"ListItem","position":1,"name":"Prad\u017eia","item":"https:\/\/eheating.lt\/en\/"},{"@type":"ListItem","position":2,"name":"Shop","item":"https:\/\/eheating.lt\/en\/?page_id=5734"},{"@type":"ListItem","position":3,"name":"Grind\u0173 pa\u0161vietimo lemput\u0117 JUNG LS1539-OSWMLNW (Juoda spalva)"}]},{"@type":"WebSite","@id":"https:\/\/eheating.lt\/#website","url":"https:\/\/eheating.lt\/","name":"eHeating","description":"Elektronika ir \u0161ildymas","potentialAction":[{"@type":"SearchAction","target":{"@type":"EntryPoint","urlTemplate":"https:\/\/eheating.lt\/?s={search_term_string}"},"query-input":{"@type":"PropertyValueSpecification","valueRequired":true,"valueName":"search_term_string"}}],"inLanguage":"en-US"}]},"product_price_amount":"71.47","product_price_currency":"EUR","og_availability":"backorder","product_availability":"available for order","product_retailer_item_id":"56ee44200803","product_condition":"new"},"_links":{"self":[{"href":"https:\/\/eheating.lt\/en\/wp-json\/wp\/v2\/product\/36560","targetHints":{"allow":["GET"]}}],"collection":[{"href":"https:\/\/eheating.lt\/en\/wp-json\/wp\/v2\/product"}],"about":[{"href":"https:\/\/eheating.lt\/en\/wp-json\/wp\/v2\/types\/product"}],"replies":[{"embeddable":true,"href":"https:\/\/eheating.lt\/en\/wp-json\/wp\/v2\/comments?post=36560"}],"version-history":[{"count":0,"href":"https:\/\/eheating.lt\/en\/wp-json\/wp\/v2\/product\/36560\/revisions"}],"wp:featuredmedia":[{"embeddable":true,"href":"https:\/\/eheating.lt\/en\/wp-json\/wp\/v2\/media\/37199"}],"wp:attachment":[{"href":"https:\/\/eheating.lt\/en\/wp-json\/wp\/v2\/media?parent=36560"}],"wp:term":[{"taxonomy":"product_brand","embeddable":true,"href":"https:\/\/eheating.lt\/en\/wp-json\/wp\/v2\/product_brand?post=36560"},{"taxonomy":"product_cat","embeddable":true,"href":"https:\/\/eheating.lt\/en\/wp-json\/wp\/v2\/product_cat?post=36560"},{"taxonomy":"product_tag","embeddable":true,"href":"https:\/\/eheating.lt\/en\/wp-json\/wp\/v2\/product_tag?post=36560"}],"curies":[{"name":"wp","href":"https:\/\/api.w.org\/{rel}","templated":true}]}}