{"id":34491,"date":"2024-09-22T20:32:44","date_gmt":"2024-09-22T17:32:44","guid":{"rendered":"https:\/\/eheating.lt\/?post_type=product&#038;p=34491"},"modified":"2025-02-25T13:29:22","modified_gmt":"2025-02-25T11:29:22","slug":"sildymo-valdymo-spinta-36kw-magnum-outdoor-control","status":"publish","type":"product","link":"https:\/\/eheating.lt\/en\/produktas\/sildymo-valdymo-spinta-36kw-magnum-outdoor-control\/","title":{"rendered":"\u0160ildymo valdymo spinta 3,6kW MAGNUM Outdoor"},"content":{"rendered":"<p>Valdymo spintos gali b\u016bti surenkamos pagal individual\u0173 projekt\u0105 arba pasirenkamos i\u0161 standartini\u0173 komplektacij\u0173 su reikiamais kontaktoriais, automatiniais i\u0161jungikliais, nuotekio rel\u0117mis ir gnybt\u0173 juostomis lengvam maitinimo ir \u0161ildymo kabeli\u0173 prijungimui. Didesniems darbams skyd\u0105 galima i\u0161pl\u0117sti iki 50kW moduliuojan\u010diais galios reguliatoriais, kurie apsaugo nuo momentimi\u0173 apkrov\u0173 ir taupo energij\u0105.<\/p>\n<hr \/>\n<p><span style=\"font-size: 18px;\"><strong>Technin\u0117s specifikacijos:<\/strong><\/span><\/p>\n<ul>\n<li>IP65 valdymo spinta<\/li>\n<li>ETO2-4550 DIN termostatas 0\u00b0C \/ +5\u00b0C 230V<\/li>\n<li>2x ETOG-56 jutikliai (Dr\u0117gm\u0117s ir temperat\u016bros)<\/li>\n<li>Kiekvienai komplektacijai reikalingi kontaktoriai<\/li>\n<li>Gnybtai j\u0117gos kabeli\u0173 prijungimui<\/li>\n<li>Indikacin\u0117s lemput\u0117s<\/li>\n<\/ul>\n<p>&nbsp;<\/p>\n<p><img decoding=\"async\" style=\"height: 30px;\" src=\"http:\/\/eheating.lt\/wp-content\/uploads\/2022\/12\/pdf.png\" \/><a href=\"http:\/\/eheating.lt\/wp-content\/uploads\/2023\/01\/Magnum-Heating-Outdoor-Control-datasheet.pdf\"><strong>Specifikacijos (Angl\u0173 k.)<\/strong><\/a><\/p>\n<p>&nbsp;<\/p>\n<hr \/>\n<div class=\"wp-block-cover alignfull is-light is-style-cornered\">\n<div class=\"wp-block-cover__inner-container\">\n<div class=\"wp-block-jetpack-layout-grid alignwide column1-desktop-grid__span-24 column1-desktop-grid__start-1 column1-desktop-grid__row-1 column1-tablet-grid__span-16 column1-tablet-grid__start-1 column1-tablet-grid__row-1 column1-mobile-grid__span-8 column1-mobile-grid__start-1 column1-mobile-grid__row-1 editorskit-no-mobile\">\n<div class=\"wp-block-jetpack-layout-grid-column wp-block-jetpack-layout-grid__padding-none is-vertically-aligned-top editorskit-no-mobile\">\n<div class=\"wp-container-2 wp-block-columns\">\n<div class=\"wp-container-1 wp-block-column\">\n<figure class=\"wp-block-table alignwide is-style-stripes\">\n<table>\n<tbody>\n<tr>\n<td><strong>Produkto numeris<\/strong><\/td>\n<td><strong>Apra\u0161ymas<\/strong><\/td>\n<td><strong>Galia<\/strong><\/td>\n<td><strong>Spintos matmenys<\/strong><\/td>\n<td><strong>Vienetas<\/strong><\/td>\n<\/tr>\n<tr>\n<td>900004<\/td>\n<td>MAGNUM Outdoor control cabinet<\/td>\n<td>3,6 kW<\/td>\n<td>430 x 310 x 160 mm<\/td>\n<td>Komplektas &#8211;\u00a0 \u00a0ETO2-4550 DIN termostatas ir 2x ETOG-56 jutiklis<\/td>\n<\/tr>\n<tr>\n<td>900010<\/td>\n<td>MAGNUM Outdoor control cabinet<\/td>\n<td>10 kW<\/td>\n<td>500 x 400 x 200 mm<\/td>\n<td>Komplektas &#8211;\u00a0 \u00a0ETO2-4550 DIN termostatas ir 2x ETOG-56 jutiklis<\/td>\n<\/tr>\n<tr>\n<td>900020<\/td>\n<td>MAGNUM Outdoor control cabinet<\/td>\n<td>20 kW<\/td>\n<td>500 x 400 x 200 mm<\/td>\n<td>Komplektas &#8211;\u00a0 \u00a0ETO2-4550 DIN termostatas ir 2x ETOG-56 jutiklis<\/td>\n<\/tr>\n<tr>\n<td>900030<\/td>\n<td>MAGNUM Outdoor control cabinet<\/td>\n<td>30 kW<\/td>\n<td>700 x 520 x 253 mm<\/td>\n<td>Komplektas &#8211;\u00a0 \u00a0ETO2-4550 DIN termostatas ir 2x ETOG-56 jutiklis<\/td>\n<\/tr>\n<tr>\n<td>900040<\/td>\n<td>MAGNUM Outdoor control cabinet<\/td>\n<td>40 kW<\/td>\n<td>700 x 520 x 253\u00a0mm<\/td>\n<td>Komplektas &#8211;\u00a0 \u00a0ETO2-4550 DIN termostatas ir 2x ETOG-56 jutiklis<\/td>\n<\/tr>\n<tr>\n<td>900050<\/td>\n<td>MAGNUM Outdoor control cabinet<\/td>\n<td>50 kW<\/td>\n<td>700 x 520 x 253 mm<\/td>\n<td>Komplektas &#8211;\u00a0 \u00a0ETO2-4550 DIN termostatas ir 2x ETOG-56 jutiklis<\/td>\n<\/tr>\n<\/tbody>\n<\/table>\n<\/figure>\n<\/div>\n<\/div>\n<\/div>\n<\/div>\n<\/div>\n<\/div>\n","protected":false},"excerpt":{"rendered":"<p>Sukomplektuotos ir surinktos IP65 valdymo spintos pasirenkamos pagal lauko kabeli\u0173\/kilim\u0117li\u0173 skai\u010di\u0173 ir gali\u0105. Sistema gali b\u016bti naudojama tiek 230V, tiek 400V \u012ftampai.<\/p>\n","protected":false},"featured_media":8808,"comment_status":"closed","ping_status":"closed","template":"","meta":[],"product_brand":[],"product_cat":[229,232],"product_tag":[975],"class_list":{"0":"post-34491","1":"product","2":"type-product","3":"status-publish","4":"has-post-thumbnail","6":"product_cat-frost-ice-protection","7":"product_cat-control-automation-sensors","8":"product_tag-ean-en","10":"first","11":"onbackorder","12":"taxable","13":"shipping-taxable","14":"purchasable","15":"product-type-simple"},"yoast_head":"<!-- This site is optimized with the Yoast SEO Premium plugin v21.5 (Yoast SEO v27.4) - https:\/\/yoast.com\/product\/yoast-seo-premium-wordpress\/ -->\n<title>\u0160ildymo valdymo spinta 3,6kW MAGNUM Outdoor Control<\/title>\n<meta name=\"robots\" content=\"index, follow, max-snippet:-1, max-image-preview:large, max-video-preview:-1\" \/>\n<link rel=\"canonical\" href=\"https:\/\/eheating.lt\/en\/produktas\/sildymo-valdymo-spinta-36kw-magnum-outdoor-control\/\" \/>\n<meta property=\"og:locale\" content=\"en_US\" \/>\n<meta property=\"og:type\" content=\"article\" \/>\n<meta property=\"og:title\" content=\"\u0160ildymo valdymo spinta 3,6kW MAGNUM Outdoor Control\" \/>\n<meta property=\"og:description\" content=\"Sukomplektuotos ir surinktos IP65 valdymo spintos pasirenkamos pagal lauko kabeli\u0173\/kilim\u0117li\u0173 skai\u010di\u0173 ir gali\u0105. Sistema gali b\u016bti naudojama tiek 230V, tiek 400V \u012ftampai.\" \/>\n<meta property=\"og:url\" content=\"https:\/\/eheating.lt\/en\/produktas\/sildymo-valdymo-spinta-36kw-magnum-outdoor-control\/\" \/>\n<meta property=\"og:site_name\" content=\"Elektronika Namams\" \/>\n<meta property=\"article:publisher\" content=\"https:\/\/www.facebook.com\/ElektronikaNamams\" \/>\n<meta property=\"article:modified_time\" content=\"2025-02-25T11:29:22+00:00\" \/>\n<meta property=\"og:image\" content=\"https:\/\/eheating.lt\/wp-content\/uploads\/2022\/09\/MagnumHeating-Outdoor-Control-3-1.png\" \/>\n\t<meta property=\"og:image:width\" content=\"800\" \/>\n\t<meta property=\"og:image:height\" content=\"800\" \/>\n\t<meta property=\"og:image:type\" content=\"image\/png\" \/>\n<meta name=\"twitter:card\" content=\"summary_large_image\" \/>\n<meta name=\"twitter:label1\" content=\"Price\" \/>\n\t<meta name=\"twitter:data1\" content=\"2026,03&nbsp;&euro;\" \/>\n\t<meta name=\"twitter:label2\" content=\"Availability\" \/>\n\t<meta name=\"twitter:data2\" content=\"On backorder\" \/>\n<script type=\"application\/ld+json\" class=\"yoast-schema-graph\">{\"@context\":\"https:\\\/\\\/schema.org\",\"@graph\":[{\"@type\":\"WebPage\",\"@id\":\"https:\\\/\\\/eheating.lt\\\/en\\\/produktas\\\/sildymo-valdymo-spinta-36kw-magnum-outdoor-control\\\/\",\"url\":\"https:\\\/\\\/eheating.lt\\\/en\\\/produktas\\\/sildymo-valdymo-spinta-36kw-magnum-outdoor-control\\\/\",\"name\":\"\u0160ildymo valdymo spinta 3,6kW MAGNUM Outdoor Control\",\"isPartOf\":{\"@id\":\"https:\\\/\\\/eheating.lt\\\/#website\"},\"primaryImageOfPage\":{\"@id\":\"https:\\\/\\\/eheating.lt\\\/en\\\/produktas\\\/sildymo-valdymo-spinta-36kw-magnum-outdoor-control\\\/#primaryimage\"},\"image\":{\"@id\":\"https:\\\/\\\/eheating.lt\\\/en\\\/produktas\\\/sildymo-valdymo-spinta-36kw-magnum-outdoor-control\\\/#primaryimage\"},\"thumbnailUrl\":\"https:\\\/\\\/eheating.lt\\\/wp-content\\\/uploads\\\/2022\\\/09\\\/MagnumHeating-Outdoor-Control-3-1.png\",\"datePublished\":\"2024-09-22T17:32:44+00:00\",\"dateModified\":\"2025-02-25T11:29:22+00:00\",\"breadcrumb\":{\"@id\":\"https:\\\/\\\/eheating.lt\\\/en\\\/produktas\\\/sildymo-valdymo-spinta-36kw-magnum-outdoor-control\\\/#breadcrumb\"},\"inLanguage\":\"en-US\",\"potentialAction\":[{\"@type\":\"ReadAction\",\"target\":[\"https:\\\/\\\/eheating.lt\\\/en\\\/produktas\\\/sildymo-valdymo-spinta-36kw-magnum-outdoor-control\\\/\"]}]},{\"@type\":\"ImageObject\",\"inLanguage\":\"en-US\",\"@id\":\"https:\\\/\\\/eheating.lt\\\/en\\\/produktas\\\/sildymo-valdymo-spinta-36kw-magnum-outdoor-control\\\/#primaryimage\",\"url\":\"https:\\\/\\\/eheating.lt\\\/wp-content\\\/uploads\\\/2022\\\/09\\\/MagnumHeating-Outdoor-Control-3-1.png\",\"contentUrl\":\"https:\\\/\\\/eheating.lt\\\/wp-content\\\/uploads\\\/2022\\\/09\\\/MagnumHeating-Outdoor-Control-3-1.png\",\"width\":800,\"height\":800,\"caption\":\"MAGNUM Outdoor Control\"},{\"@type\":\"BreadcrumbList\",\"@id\":\"https:\\\/\\\/eheating.lt\\\/en\\\/produktas\\\/sildymo-valdymo-spinta-36kw-magnum-outdoor-control\\\/#breadcrumb\",\"itemListElement\":[{\"@type\":\"ListItem\",\"position\":1,\"name\":\"Prad\u017eia\",\"item\":\"https:\\\/\\\/eheating.lt\\\/en\\\/\"},{\"@type\":\"ListItem\",\"position\":2,\"name\":\"Shop\",\"item\":\"https:\\\/\\\/eheating.lt\\\/en\\\/?page_id=5734\"},{\"@type\":\"ListItem\",\"position\":3,\"name\":\"\u0160ildymo valdymo spinta 3,6kW MAGNUM Outdoor Control\"}]},{\"@type\":\"WebSite\",\"@id\":\"https:\\\/\\\/eheating.lt\\\/#website\",\"url\":\"https:\\\/\\\/eheating.lt\\\/\",\"name\":\"eHeating\",\"description\":\"Elektronika ir \u0161ildymas\",\"potentialAction\":[{\"@type\":\"SearchAction\",\"target\":{\"@type\":\"EntryPoint\",\"urlTemplate\":\"https:\\\/\\\/eheating.lt\\\/?s={search_term_string}\"},\"query-input\":{\"@type\":\"PropertyValueSpecification\",\"valueRequired\":true,\"valueName\":\"search_term_string\"}}],\"inLanguage\":\"en-US\"}]}<\/script>\n<meta property=\"product:price:amount\" content=\"2026.03\" \/>\n<meta property=\"product:price:currency\" content=\"EUR\" \/>\n<meta property=\"og:availability\" content=\"backorder\" \/>\n<meta property=\"product:availability\" content=\"available for order\" \/>\n<meta property=\"product:retailer_item_id\" content=\"MAGNUM-OUTDOOR-3.6\" \/>\n<meta property=\"product:condition\" content=\"new\" \/>\n<!-- \/ Yoast SEO Premium plugin. -->","yoast_head_json":{"title":"\u0160ildymo valdymo spinta 3,6kW MAGNUM Outdoor Control","robots":{"index":"index","follow":"follow","max-snippet":"max-snippet:-1","max-image-preview":"max-image-preview:large","max-video-preview":"max-video-preview:-1"},"canonical":"https:\/\/eheating.lt\/en\/produktas\/sildymo-valdymo-spinta-36kw-magnum-outdoor-control\/","og_locale":"en_US","og_type":"article","og_title":"\u0160ildymo valdymo spinta 3,6kW MAGNUM Outdoor Control","og_description":"Sukomplektuotos ir surinktos IP65 valdymo spintos pasirenkamos pagal lauko kabeli\u0173\/kilim\u0117li\u0173 skai\u010di\u0173 ir gali\u0105. Sistema gali b\u016bti naudojama tiek 230V, tiek 400V \u012ftampai.","og_url":"https:\/\/eheating.lt\/en\/produktas\/sildymo-valdymo-spinta-36kw-magnum-outdoor-control\/","og_site_name":"Elektronika Namams","article_publisher":"https:\/\/www.facebook.com\/ElektronikaNamams","article_modified_time":"2025-02-25T11:29:22+00:00","og_image":[{"width":800,"height":800,"url":"https:\/\/eheating.lt\/wp-content\/uploads\/2022\/09\/MagnumHeating-Outdoor-Control-3-1.png","type":"image\/png"}],"twitter_card":"summary_large_image","twitter_misc":{"Price":"2026,03&nbsp;&euro;","Availability":"On backorder"},"schema":{"@context":"https:\/\/schema.org","@graph":[{"@type":"WebPage","@id":"https:\/\/eheating.lt\/en\/produktas\/sildymo-valdymo-spinta-36kw-magnum-outdoor-control\/","url":"https:\/\/eheating.lt\/en\/produktas\/sildymo-valdymo-spinta-36kw-magnum-outdoor-control\/","name":"\u0160ildymo valdymo spinta 3,6kW MAGNUM Outdoor Control","isPartOf":{"@id":"https:\/\/eheating.lt\/#website"},"primaryImageOfPage":{"@id":"https:\/\/eheating.lt\/en\/produktas\/sildymo-valdymo-spinta-36kw-magnum-outdoor-control\/#primaryimage"},"image":{"@id":"https:\/\/eheating.lt\/en\/produktas\/sildymo-valdymo-spinta-36kw-magnum-outdoor-control\/#primaryimage"},"thumbnailUrl":"https:\/\/eheating.lt\/wp-content\/uploads\/2022\/09\/MagnumHeating-Outdoor-Control-3-1.png","datePublished":"2024-09-22T17:32:44+00:00","dateModified":"2025-02-25T11:29:22+00:00","breadcrumb":{"@id":"https:\/\/eheating.lt\/en\/produktas\/sildymo-valdymo-spinta-36kw-magnum-outdoor-control\/#breadcrumb"},"inLanguage":"en-US","potentialAction":[{"@type":"ReadAction","target":["https:\/\/eheating.lt\/en\/produktas\/sildymo-valdymo-spinta-36kw-magnum-outdoor-control\/"]}]},{"@type":"ImageObject","inLanguage":"en-US","@id":"https:\/\/eheating.lt\/en\/produktas\/sildymo-valdymo-spinta-36kw-magnum-outdoor-control\/#primaryimage","url":"https:\/\/eheating.lt\/wp-content\/uploads\/2022\/09\/MagnumHeating-Outdoor-Control-3-1.png","contentUrl":"https:\/\/eheating.lt\/wp-content\/uploads\/2022\/09\/MagnumHeating-Outdoor-Control-3-1.png","width":800,"height":800,"caption":"MAGNUM Outdoor Control"},{"@type":"BreadcrumbList","@id":"https:\/\/eheating.lt\/en\/produktas\/sildymo-valdymo-spinta-36kw-magnum-outdoor-control\/#breadcrumb","itemListElement":[{"@type":"ListItem","position":1,"name":"Prad\u017eia","item":"https:\/\/eheating.lt\/en\/"},{"@type":"ListItem","position":2,"name":"Shop","item":"https:\/\/eheating.lt\/en\/?page_id=5734"},{"@type":"ListItem","position":3,"name":"\u0160ildymo valdymo spinta 3,6kW MAGNUM Outdoor Control"}]},{"@type":"WebSite","@id":"https:\/\/eheating.lt\/#website","url":"https:\/\/eheating.lt\/","name":"eHeating","description":"Elektronika ir \u0161ildymas","potentialAction":[{"@type":"SearchAction","target":{"@type":"EntryPoint","urlTemplate":"https:\/\/eheating.lt\/?s={search_term_string}"},"query-input":{"@type":"PropertyValueSpecification","valueRequired":true,"valueName":"search_term_string"}}],"inLanguage":"en-US"}]},"product_price_amount":"2026.03","product_price_currency":"EUR","og_availability":"backorder","product_availability":"available for order","product_retailer_item_id":"MAGNUM-OUTDOOR-3.6","product_condition":"new"},"_links":{"self":[{"href":"https:\/\/eheating.lt\/en\/wp-json\/wp\/v2\/product\/34491","targetHints":{"allow":["GET"]}}],"collection":[{"href":"https:\/\/eheating.lt\/en\/wp-json\/wp\/v2\/product"}],"about":[{"href":"https:\/\/eheating.lt\/en\/wp-json\/wp\/v2\/types\/product"}],"replies":[{"embeddable":true,"href":"https:\/\/eheating.lt\/en\/wp-json\/wp\/v2\/comments?post=34491"}],"version-history":[{"count":1,"href":"https:\/\/eheating.lt\/en\/wp-json\/wp\/v2\/product\/34491\/revisions"}],"predecessor-version":[{"id":38490,"href":"https:\/\/eheating.lt\/en\/wp-json\/wp\/v2\/product\/34491\/revisions\/38490"}],"wp:featuredmedia":[{"embeddable":true,"href":"https:\/\/eheating.lt\/en\/wp-json\/wp\/v2\/media\/8808"}],"wp:attachment":[{"href":"https:\/\/eheating.lt\/en\/wp-json\/wp\/v2\/media?parent=34491"}],"wp:term":[{"taxonomy":"product_brand","embeddable":true,"href":"https:\/\/eheating.lt\/en\/wp-json\/wp\/v2\/product_brand?post=34491"},{"taxonomy":"product_cat","embeddable":true,"href":"https:\/\/eheating.lt\/en\/wp-json\/wp\/v2\/product_cat?post=34491"},{"taxonomy":"product_tag","embeddable":true,"href":"https:\/\/eheating.lt\/en\/wp-json\/wp\/v2\/product_tag?post=34491"}],"curies":[{"name":"wp","href":"https:\/\/api.w.org\/{rel}","templated":true}]}}