{"id":34474,"date":"2024-09-22T15:55:21","date_gmt":"2024-09-22T12:55:21","guid":{"rendered":"https:\/\/eheating.lt\/?post_type=product&#038;p=34474"},"modified":"2025-02-25T13:44:18","modified_gmt":"2025-02-25T11:44:18","slug":"lauko-sildymo-kabelis-3m-magnum-trace-water","status":"publish","type":"product","link":"https:\/\/eheating.lt\/en\/produktas\/lauko-sildymo-kabelis-3m-magnum-trace-water\/","title":{"rendered":"Lauko \u0161ildymo kabelis 3m MAGNUM Trace"},"content":{"rendered":"<p><strong>MAGNUM Trace Water<\/strong> gali b\u016bti kerpamas pagal reikaling\u0105 ilg\u012f. Savireguliuojan\u010diois savyb\u0117s padidina saugum\u0105 ir patikimum\u0105 reguliuojant atiduodam\u0105 \u0161ilumos temperat\u016br\u0105 \u012f vamzd\u017eius, \u0161io kabelio i\u0161or\u0117 yra padengta poliolefinu, kuris atitinka visus reikalavimus ir tod\u0117l gali b\u016bti saugiai naudojamas geriamojo vandens sistemose.<\/p>\n<hr \/>\n<p><span style=\"font-size: 18px;\"><strong>Magnum Trace Water komplektas:<\/strong><\/span><\/p>\n<p>Paruo\u0161ti naudoti \u0161ildymo elementai su \u012fmontuotu termostatu. Lengva naudoti ir montuoti. \u012erengtas termostatas, kuris \u012fsijungia \u017eemesn\u0117je nei 5\u00b0C temperat\u016broje ir i\u0161sijungia \u017eemiau -10\u00b0C.<\/p>\n<ul>\n<li>Maitinimo jung\u010di\u0173 rinkinys<\/li>\n<li>Kabelis su u\u017ebaigimo sandarikliu<\/li>\n<li>\u00be colio varin\u0117 kabelio jungtis \u012f vamzd\u012f<\/li>\n<\/ul>\n<hr \/>\n<p><span style=\"font-size: 18px;\"><strong>Papildoma informacija:<\/strong><\/span><\/p>\n<ul>\n<li>Rekomenduojama naudoti papildom\u0105 temperat\u016bros reguliatori\u0173. Veiksmingiausias yra valdiklis, matuojantis aplinkos temperat\u016br\u0105.<\/li>\n<li>Maks temperat\u016bra &#8211; 65\u00b0C<\/li>\n<li>Darbin\u0117 temperat\u016bra \u2013 40\u00b0C<\/li>\n<li>Suveikimo temperat\u016bra +5\u00b0C<\/li>\n<li>Maks. var\u017ea 18 Ohm\/km<\/li>\n<li>Nominali \u012ftampa 230V<\/li>\n<li>I\u0161orinis \u0161arvas \u2013 Alavuotas varis<\/li>\n<li>Poliolefino i\u0161orin\u0117 danga<\/li>\n<li>100 % atsparus vandeniui<\/li>\n<li>Matmenys 8 x 5,9 mm<\/li>\n<li>Min. lenkimo spindulys 25 mm<\/li>\n<li>Svoris 7,3 kg\/100 m<\/li>\n<li>Spalva Violetin\u0117<\/li>\n<li>DIN EN 62395-1 sertifikatas<\/li>\n<li>Garantija 2 metai<\/li>\n<\/ul>\n<p>&nbsp;<\/p>\n<p><img decoding=\"async\" style=\"height: 30px;\" src=\"http:\/\/eheating.lt\/wp-content\/uploads\/2022\/12\/pdf.png\" \/><a href=\"http:\/\/eheating.lt\/wp-content\/uploads\/2023\/01\/Magnum-Heating-Trace-Water-datasheet.pdf\"><strong>Specifikacijos (Angl\u0173 k.)<\/strong><\/a><\/p>\n<p>&nbsp;<\/p>\n<hr \/>\n<p>&nbsp;<\/p>\n<figure class=\"wp-block-table is-style-stripes\">\n<table>\n<tbody>\n<tr>\n<td><strong>Produkto numeris\u00a0<\/strong><\/td>\n<td><strong>Apra\u0161ymas<\/strong><\/td>\n<td><strong>Ilgis<\/strong><\/td>\n<td><b>Galia<\/b><\/td>\n<td><strong>\u012etampa<\/strong><\/td>\n<\/tr>\n<tr>\n<td>159002<\/td>\n<td>MAGNUM Trace Water Set<\/td>\n<td>2 m<\/td>\n<td>20 W @ 10\u00b0C<\/td>\n<td>230 V<\/td>\n<\/tr>\n<tr>\n<td>159003<\/td>\n<td>MAGNUM Trace Water Set<\/td>\n<td>3 m<\/td>\n<td>30 W @ 10\u00b0C<\/td>\n<td>230 V<\/td>\n<\/tr>\n<tr>\n<td>159004<\/td>\n<td>MAGNUM Trace Water Set<\/td>\n<td>4 m<\/td>\n<td>40 W @ 10\u00b0C<\/td>\n<td>230 V<\/td>\n<\/tr>\n<tr>\n<td>159005<\/td>\n<td>MAGNUM Trace Water Set<\/td>\n<td>5 m<\/td>\n<td>50 W @ 10\u00b0C<\/td>\n<td>230 V<\/td>\n<\/tr>\n<tr>\n<td>159006<\/td>\n<td>MAGNUM Trace Water Set<\/td>\n<td>6 m<\/td>\n<td>60 W @ 10\u00b0C<\/td>\n<td>230 V<\/td>\n<\/tr>\n<tr>\n<td>159008<\/td>\n<td>MAGNUM Trace Water Set<\/td>\n<td>8 m<\/td>\n<td>80 W @ 10\u00b0C<\/td>\n<td>230 V<\/td>\n<\/tr>\n<tr>\n<td>159010<\/td>\n<td>MAGNUM Trace Water Set<\/td>\n<td>10 m<\/td>\n<td>100 W @ 10\u00b0C<\/td>\n<td>230 V<\/td>\n<\/tr>\n<tr>\n<td>159013<\/td>\n<td>MAGNUM Trace Water Set<\/td>\n<td>13 m<\/td>\n<td>130 W @ 10\u00b0C<\/td>\n<td>230 V<\/td>\n<\/tr>\n<tr>\n<td>159020<\/td>\n<td>MAGNUM Trace Water Set<\/td>\n<td>20 m<\/td>\n<td>200 W @ 10\u00b0C<\/td>\n<td>230 V<\/td>\n<\/tr>\n<tr>\n<td>159025<\/td>\n<td>MAGNUM Trace Water Set<\/td>\n<td>25 m<\/td>\n<td>250 W @ 10\u00b0C<\/td>\n<td>230 V<\/td>\n<\/tr>\n<\/tbody>\n<\/table>\n<p>&nbsp;<\/figure>\n","protected":false},"excerpt":{"rendered":"<p><strong>MAGNUM Trace Water<\/strong> yra savireguliuojantis \u0161ildymo kabelis, kuri gali b\u016bti naudojamas apsaugai nuo vamzdyn\u0173 u\u017e\u0161alimo arba vamzdyn\u0173 temperat\u016brai palaikyti iki 65\u00b0C.<\/p>\n","protected":false},"featured_media":8714,"comment_status":"closed","ping_status":"closed","template":"","meta":[],"product_brand":[],"product_cat":[151,152,156],"product_tag":[974],"class_list":{"0":"post-34474","1":"product","2":"type-product","3":"status-publish","4":"has-post-thumbnail","6":"product_cat-apsauga-nuo-uzsalimo-apledejimo","7":"product_cat-lauko-sildymo-kabeliai","8":"product_cat-savireguliuojantys","9":"product_tag-ean","11":"first","12":"onbackorder","13":"taxable","14":"shipping-taxable","15":"purchasable","16":"product-type-simple"},"yoast_head":"<!-- This site is optimized with the Yoast SEO Premium plugin v21.5 (Yoast SEO v27.4) - https:\/\/yoast.com\/product\/yoast-seo-premium-wordpress\/ -->\n<title>Lauko \u0161ildymo kabelis 3m MAGNUM Trace Water<\/title>\n<meta name=\"robots\" content=\"index, follow, max-snippet:-1, max-image-preview:large, max-video-preview:-1\" \/>\n<link rel=\"canonical\" href=\"https:\/\/eheating.lt\/en\/produktas\/lauko-sildymo-kabelis-3m-magnum-trace-water\/\" \/>\n<meta property=\"og:locale\" content=\"en_US\" \/>\n<meta property=\"og:type\" content=\"article\" \/>\n<meta property=\"og:title\" content=\"Lauko \u0161ildymo kabelis 3m MAGNUM Trace Water\" \/>\n<meta property=\"og:description\" content=\"MAGNUM Trace Water yra savireguliuojantis \u0161ildymo kabelis, kuri gali b\u016bti naudojamas apsaugai nuo vamzdyn\u0173 u\u017e\u0161alimo arba vamzdyn\u0173 temperat\u016brai palaikyti iki 65\u00b0C.\" \/>\n<meta property=\"og:url\" content=\"https:\/\/eheating.lt\/en\/produktas\/lauko-sildymo-kabelis-3m-magnum-trace-water\/\" \/>\n<meta property=\"og:site_name\" content=\"Elektronika Namams\" \/>\n<meta property=\"article:publisher\" content=\"https:\/\/www.facebook.com\/ElektronikaNamams\" \/>\n<meta property=\"article:modified_time\" content=\"2025-02-25T11:44:18+00:00\" \/>\n<meta property=\"og:image\" content=\"https:\/\/eheating.lt\/wp-content\/uploads\/2022\/09\/MagnumHeating-Trace-Water-1-1.png\" \/>\n\t<meta property=\"og:image:width\" content=\"800\" \/>\n\t<meta property=\"og:image:height\" content=\"800\" \/>\n\t<meta property=\"og:image:type\" content=\"image\/png\" \/>\n<meta name=\"twitter:card\" content=\"summary_large_image\" \/>\n<meta name=\"twitter:label1\" content=\"Price\" \/>\n\t<meta name=\"twitter:data1\" content=\"75,70&nbsp;&euro;\" \/>\n\t<meta name=\"twitter:label2\" content=\"Availability\" \/>\n\t<meta name=\"twitter:data2\" content=\"On backorder\" \/>\n<script type=\"application\/ld+json\" class=\"yoast-schema-graph\">{\"@context\":\"https:\\\/\\\/schema.org\",\"@graph\":[{\"@type\":\"WebPage\",\"@id\":\"https:\\\/\\\/eheating.lt\\\/en\\\/produktas\\\/lauko-sildymo-kabelis-3m-magnum-trace-water\\\/\",\"url\":\"https:\\\/\\\/eheating.lt\\\/en\\\/produktas\\\/lauko-sildymo-kabelis-3m-magnum-trace-water\\\/\",\"name\":\"Lauko \u0161ildymo kabelis 3m MAGNUM Trace Water\",\"isPartOf\":{\"@id\":\"https:\\\/\\\/eheating.lt\\\/#website\"},\"primaryImageOfPage\":{\"@id\":\"https:\\\/\\\/eheating.lt\\\/en\\\/produktas\\\/lauko-sildymo-kabelis-3m-magnum-trace-water\\\/#primaryimage\"},\"image\":{\"@id\":\"https:\\\/\\\/eheating.lt\\\/en\\\/produktas\\\/lauko-sildymo-kabelis-3m-magnum-trace-water\\\/#primaryimage\"},\"thumbnailUrl\":\"https:\\\/\\\/eheating.lt\\\/wp-content\\\/uploads\\\/2022\\\/09\\\/MagnumHeating-Trace-Water-1-1.png\",\"datePublished\":\"2024-09-22T12:55:21+00:00\",\"dateModified\":\"2025-02-25T11:44:18+00:00\",\"breadcrumb\":{\"@id\":\"https:\\\/\\\/eheating.lt\\\/en\\\/produktas\\\/lauko-sildymo-kabelis-3m-magnum-trace-water\\\/#breadcrumb\"},\"inLanguage\":\"en-US\",\"potentialAction\":[{\"@type\":\"ReadAction\",\"target\":[\"https:\\\/\\\/eheating.lt\\\/en\\\/produktas\\\/lauko-sildymo-kabelis-3m-magnum-trace-water\\\/\"]}]},{\"@type\":\"ImageObject\",\"inLanguage\":\"en-US\",\"@id\":\"https:\\\/\\\/eheating.lt\\\/en\\\/produktas\\\/lauko-sildymo-kabelis-3m-magnum-trace-water\\\/#primaryimage\",\"url\":\"https:\\\/\\\/eheating.lt\\\/wp-content\\\/uploads\\\/2022\\\/09\\\/MagnumHeating-Trace-Water-1-1.png\",\"contentUrl\":\"https:\\\/\\\/eheating.lt\\\/wp-content\\\/uploads\\\/2022\\\/09\\\/MagnumHeating-Trace-Water-1-1.png\",\"width\":800,\"height\":800,\"caption\":\"MAGNUM Trace Water\"},{\"@type\":\"BreadcrumbList\",\"@id\":\"https:\\\/\\\/eheating.lt\\\/en\\\/produktas\\\/lauko-sildymo-kabelis-3m-magnum-trace-water\\\/#breadcrumb\",\"itemListElement\":[{\"@type\":\"ListItem\",\"position\":1,\"name\":\"Prad\u017eia\",\"item\":\"https:\\\/\\\/eheating.lt\\\/en\\\/\"},{\"@type\":\"ListItem\",\"position\":2,\"name\":\"Shop\",\"item\":\"https:\\\/\\\/eheating.lt\\\/en\\\/?page_id=5734\"},{\"@type\":\"ListItem\",\"position\":3,\"name\":\"Lauko \u0161ildymo kabelis 3m MAGNUM Trace Water\"}]},{\"@type\":\"WebSite\",\"@id\":\"https:\\\/\\\/eheating.lt\\\/#website\",\"url\":\"https:\\\/\\\/eheating.lt\\\/\",\"name\":\"eHeating\",\"description\":\"Elektronika ir \u0161ildymas\",\"potentialAction\":[{\"@type\":\"SearchAction\",\"target\":{\"@type\":\"EntryPoint\",\"urlTemplate\":\"https:\\\/\\\/eheating.lt\\\/?s={search_term_string}\"},\"query-input\":{\"@type\":\"PropertyValueSpecification\",\"valueRequired\":true,\"valueName\":\"search_term_string\"}}],\"inLanguage\":\"en-US\"}]}<\/script>\n<meta property=\"product:price:amount\" content=\"75.70\" \/>\n<meta property=\"product:price:currency\" content=\"EUR\" \/>\n<meta property=\"og:availability\" content=\"backorder\" \/>\n<meta property=\"product:availability\" content=\"available for order\" \/>\n<meta property=\"product:retailer_item_id\" content=\"MAGNUM-TRACE-WATER-3M\" \/>\n<meta property=\"product:condition\" content=\"new\" \/>\n<!-- \/ Yoast SEO Premium plugin. -->","yoast_head_json":{"title":"Lauko \u0161ildymo kabelis 3m MAGNUM Trace Water","robots":{"index":"index","follow":"follow","max-snippet":"max-snippet:-1","max-image-preview":"max-image-preview:large","max-video-preview":"max-video-preview:-1"},"canonical":"https:\/\/eheating.lt\/en\/produktas\/lauko-sildymo-kabelis-3m-magnum-trace-water\/","og_locale":"en_US","og_type":"article","og_title":"Lauko \u0161ildymo kabelis 3m MAGNUM Trace Water","og_description":"MAGNUM Trace Water yra savireguliuojantis \u0161ildymo kabelis, kuri gali b\u016bti naudojamas apsaugai nuo vamzdyn\u0173 u\u017e\u0161alimo arba vamzdyn\u0173 temperat\u016brai palaikyti iki 65\u00b0C.","og_url":"https:\/\/eheating.lt\/en\/produktas\/lauko-sildymo-kabelis-3m-magnum-trace-water\/","og_site_name":"Elektronika Namams","article_publisher":"https:\/\/www.facebook.com\/ElektronikaNamams","article_modified_time":"2025-02-25T11:44:18+00:00","og_image":[{"width":800,"height":800,"url":"https:\/\/eheating.lt\/wp-content\/uploads\/2022\/09\/MagnumHeating-Trace-Water-1-1.png","type":"image\/png"}],"twitter_card":"summary_large_image","twitter_misc":{"Price":"75,70&nbsp;&euro;","Availability":"On backorder"},"schema":{"@context":"https:\/\/schema.org","@graph":[{"@type":"WebPage","@id":"https:\/\/eheating.lt\/en\/produktas\/lauko-sildymo-kabelis-3m-magnum-trace-water\/","url":"https:\/\/eheating.lt\/en\/produktas\/lauko-sildymo-kabelis-3m-magnum-trace-water\/","name":"Lauko \u0161ildymo kabelis 3m MAGNUM Trace Water","isPartOf":{"@id":"https:\/\/eheating.lt\/#website"},"primaryImageOfPage":{"@id":"https:\/\/eheating.lt\/en\/produktas\/lauko-sildymo-kabelis-3m-magnum-trace-water\/#primaryimage"},"image":{"@id":"https:\/\/eheating.lt\/en\/produktas\/lauko-sildymo-kabelis-3m-magnum-trace-water\/#primaryimage"},"thumbnailUrl":"https:\/\/eheating.lt\/wp-content\/uploads\/2022\/09\/MagnumHeating-Trace-Water-1-1.png","datePublished":"2024-09-22T12:55:21+00:00","dateModified":"2025-02-25T11:44:18+00:00","breadcrumb":{"@id":"https:\/\/eheating.lt\/en\/produktas\/lauko-sildymo-kabelis-3m-magnum-trace-water\/#breadcrumb"},"inLanguage":"en-US","potentialAction":[{"@type":"ReadAction","target":["https:\/\/eheating.lt\/en\/produktas\/lauko-sildymo-kabelis-3m-magnum-trace-water\/"]}]},{"@type":"ImageObject","inLanguage":"en-US","@id":"https:\/\/eheating.lt\/en\/produktas\/lauko-sildymo-kabelis-3m-magnum-trace-water\/#primaryimage","url":"https:\/\/eheating.lt\/wp-content\/uploads\/2022\/09\/MagnumHeating-Trace-Water-1-1.png","contentUrl":"https:\/\/eheating.lt\/wp-content\/uploads\/2022\/09\/MagnumHeating-Trace-Water-1-1.png","width":800,"height":800,"caption":"MAGNUM Trace Water"},{"@type":"BreadcrumbList","@id":"https:\/\/eheating.lt\/en\/produktas\/lauko-sildymo-kabelis-3m-magnum-trace-water\/#breadcrumb","itemListElement":[{"@type":"ListItem","position":1,"name":"Prad\u017eia","item":"https:\/\/eheating.lt\/en\/"},{"@type":"ListItem","position":2,"name":"Shop","item":"https:\/\/eheating.lt\/en\/?page_id=5734"},{"@type":"ListItem","position":3,"name":"Lauko \u0161ildymo kabelis 3m MAGNUM Trace Water"}]},{"@type":"WebSite","@id":"https:\/\/eheating.lt\/#website","url":"https:\/\/eheating.lt\/","name":"eHeating","description":"Elektronika ir \u0161ildymas","potentialAction":[{"@type":"SearchAction","target":{"@type":"EntryPoint","urlTemplate":"https:\/\/eheating.lt\/?s={search_term_string}"},"query-input":{"@type":"PropertyValueSpecification","valueRequired":true,"valueName":"search_term_string"}}],"inLanguage":"en-US"}]},"product_price_amount":"75.70","product_price_currency":"EUR","og_availability":"backorder","product_availability":"available for order","product_retailer_item_id":"MAGNUM-TRACE-WATER-3M","product_condition":"new"},"_links":{"self":[{"href":"https:\/\/eheating.lt\/en\/wp-json\/wp\/v2\/product\/34474","targetHints":{"allow":["GET"]}}],"collection":[{"href":"https:\/\/eheating.lt\/en\/wp-json\/wp\/v2\/product"}],"about":[{"href":"https:\/\/eheating.lt\/en\/wp-json\/wp\/v2\/types\/product"}],"replies":[{"embeddable":true,"href":"https:\/\/eheating.lt\/en\/wp-json\/wp\/v2\/comments?post=34474"}],"version-history":[{"count":1,"href":"https:\/\/eheating.lt\/en\/wp-json\/wp\/v2\/product\/34474\/revisions"}],"predecessor-version":[{"id":38497,"href":"https:\/\/eheating.lt\/en\/wp-json\/wp\/v2\/product\/34474\/revisions\/38497"}],"wp:featuredmedia":[{"embeddable":true,"href":"https:\/\/eheating.lt\/en\/wp-json\/wp\/v2\/media\/8714"}],"wp:attachment":[{"href":"https:\/\/eheating.lt\/en\/wp-json\/wp\/v2\/media?parent=34474"}],"wp:term":[{"taxonomy":"product_brand","embeddable":true,"href":"https:\/\/eheating.lt\/en\/wp-json\/wp\/v2\/product_brand?post=34474"},{"taxonomy":"product_cat","embeddable":true,"href":"https:\/\/eheating.lt\/en\/wp-json\/wp\/v2\/product_cat?post=34474"},{"taxonomy":"product_tag","embeddable":true,"href":"https:\/\/eheating.lt\/en\/wp-json\/wp\/v2\/product_tag?post=34474"}],"curies":[{"name":"wp","href":"https:\/\/api.w.org\/{rel}","templated":true}]}}