{"id":34438,"date":"2024-09-22T12:43:16","date_gmt":"2024-09-22T09:43:16","guid":{"rendered":"https:\/\/eheating.lt\/?post_type=product&#038;p=34438"},"modified":"2025-02-25T13:50:29","modified_gmt":"2025-02-25T11:50:29","slug":"lauko-sildymo-kabelis-1m-11w-m-magnum-trace-micro","status":"publish","type":"product","link":"https:\/\/eheating.lt\/en\/produktas\/lauko-sildymo-kabelis-1m-11w-m-magnum-trace-micro\/","title":{"rendered":"Lauko \u0161ildymo kabelis 1m 11W\/m MAGNUM"},"content":{"rendered":"<p>\u0160is kabelis ypa\u010d tinka naudoti ma\u017eo skersmens vamzd\u017eiams ir \u012frenginiams. Taip pat gali b\u016bti trumpinamas pagal poreik\u012f. Neperkaista, net kai kabelis tarpusavyje persidengia. Srov\u0117 reguliuojasi pagal temperat\u016br\u0105 vamzdyje. Kabel\u012f galima \u012fsigyti su ner\u016bdijan\u010dio plieno, termoplastiniu i\u0161oriniu apvalkalu ir, jei reikalingas didesnis atsparumas korozijai &#8211; su fluoropolimero i\u0161ore.<\/p>\n<hr \/>\n<p><span style=\"font-size: 18px;\"><strong>Papildoma informacija:<\/strong><\/span><\/p>\n<ul>\n<li>Rekomenduojama naudoti papildom\u0105 temperat\u016bros reguliatori\u0173. Veiksmingiausias yra valdiklis, matuojantis aplinkos temperat\u016br\u0105.<\/li>\n<li>Maks temperat\u016bra &#8211; 85\u00b0C<\/li>\n<li>Min. darbin\u0117 temperat\u016bra \u2013 30\u00b0C<\/li>\n<li>Maks. var\u017ea 18 Ohm\/km<\/li>\n<li>Galia prie 10\u00b0C 11\/17W<\/li>\n<li>Nominali \u012ftampa 230V<\/li>\n<li>I\u0161orinis \u0161arvas \u2013 Alavuotas varis<\/li>\n<li>100 % atsparus vandeniui<\/li>\n<li>Matmenys 8 x 5 mm<\/li>\n<li>Lenkimo spindulys 25 mm<\/li>\n<li>Svoris 7 kg\/100 m<\/li>\n<li>Spalva Raudona\/M\u0117lyna (Fluoropolimerin\u0117)<\/li>\n<li>VDE sertifikatas<\/li>\n<li>IP67 atsparumas<\/li>\n<li>Garantija 2 metai<\/li>\n<\/ul>\n<p>&nbsp;<\/p>\n<p><img decoding=\"async\" style=\"height: 30px;\" src=\"http:\/\/eheating.lt\/wp-content\/uploads\/2022\/12\/pdf.png\" \/><a href=\"http:\/\/eheating.lt\/wp-content\/uploads\/2023\/01\/Magnum-Heating-Trace-Micro-datasheet-1.pdf\"><strong>Specifikacijos (Angl\u0173 k.)<\/strong><\/a><\/p>\n<p>&nbsp;<\/p>\n<hr \/>\n<p>&nbsp;<\/p>\n<figure class=\"wp-block-table is-style-stripes\">\n<table>\n<tbody>\n<tr>\n<td><strong>Produkto numeris\u00a0<\/strong><\/td>\n<td><strong>Apra\u0161ymas<\/strong><\/td>\n<td><strong>Ilgis<\/strong><\/td>\n<td><b>Galia<\/b><\/td>\n<td><strong>\u012etampa<\/strong><\/td>\n<\/tr>\n<tr>\n<td>150211<\/td>\n<td>MAGNUM Trace Micro 11<\/td>\n<td>B\u0117ginis metras<\/td>\n<td>11 W @ 10\u00b0C<\/td>\n<td>230 V<\/td>\n<\/tr>\n<tr>\n<td>150411<\/td>\n<td>MAGNUM Trace Micro 11<\/td>\n<td>25 m komplektas<\/td>\n<td>11 W @ 10\u00b0C<\/td>\n<td>230 V<\/td>\n<\/tr>\n<tr>\n<td>150511<\/td>\n<td>MAGNUM Trace Micro 11<\/td>\n<td>50 m komplektas<\/td>\n<td>11 W @ 10\u00b0C<\/td>\n<td>230 V<\/td>\n<\/tr>\n<tr>\n<td>150611<\/td>\n<td>MAGNUM Trace Micro 11<\/td>\n<td>100 m komplektas<\/td>\n<td>11 W @ 10\u00b0C<\/td>\n<td>230 V<\/td>\n<\/tr>\n<tr>\n<td>150217<\/td>\n<td>MAGNUM Trace Micro 17<\/td>\n<td>B\u0117ginis metras<\/td>\n<td>17 W @ 10\u00b0C<\/td>\n<td>230 V<\/td>\n<\/tr>\n<tr>\n<td>150417<\/td>\n<td>MAGNUM Trace Micro 17<\/td>\n<td>25 m komplektas<\/td>\n<td>17 W @ 10\u00b0C<\/td>\n<td>230 V<\/td>\n<\/tr>\n<tr>\n<td>150517<\/td>\n<td>MAGNUM Trace Micro 17<\/td>\n<td>50 m komplektas<\/td>\n<td>17 W @ 10\u00b0C<\/td>\n<td>230 V<\/td>\n<\/tr>\n<tr>\n<td>150617<\/td>\n<td>MAGNUM Trace Micro 17<\/td>\n<td>100 m komplektas<\/td>\n<td>17 W @ 10\u00b0C<\/td>\n<td>230 V<\/td>\n<\/tr>\n<\/tbody>\n<\/table>\n<\/figure>\n<p>&nbsp;<\/p>\n<p>&nbsp;<\/p>\n","protected":false},"excerpt":{"rendered":"<p><strong>MAGNUM Trace Micro<\/strong> yra pramoninis savireguliuojantis \u0161ildymo kabelis, kuris gali b\u016bti naudojamas apsaugai nuo u\u017e\u0161alimo arba temperat\u016bros reguliavimui vamzd\u017eiuose ir \u012frenginiuose.<\/p>\n","protected":false},"featured_media":8692,"comment_status":"closed","ping_status":"closed","template":"","meta":[],"product_brand":[],"product_cat":[229,230,231],"product_tag":[974],"class_list":{"0":"post-34438","1":"product","2":"type-product","3":"status-publish","4":"has-post-thumbnail","6":"product_cat-frost-ice-protection","7":"product_cat-outdoor-heating-cables","8":"product_cat-self-regulatory","9":"product_tag-ean","11":"first","12":"onbackorder","13":"taxable","14":"shipping-taxable","15":"purchasable","16":"product-type-simple"},"yoast_head":"<!-- This site is optimized with the Yoast SEO Premium plugin v21.5 (Yoast SEO v27.3) - https:\/\/yoast.com\/product\/yoast-seo-premium-wordpress\/ -->\n<title>Lauko \u0161ildymo kabelis 1m 11W\/m MAGNUM Trace Micro<\/title>\n<meta name=\"robots\" content=\"index, follow, max-snippet:-1, max-image-preview:large, max-video-preview:-1\" \/>\n<link rel=\"canonical\" href=\"https:\/\/eheating.lt\/produktas\/lauko-sildymo-kabelis-1m-11w-m-magnum-trace-micro\/\" \/>\n<meta property=\"og:locale\" content=\"en_US\" \/>\n<meta property=\"og:type\" content=\"article\" \/>\n<meta property=\"og:title\" content=\"Lauko \u0161ildymo kabelis 1m 11W\/m MAGNUM Trace Micro\" \/>\n<meta property=\"og:description\" content=\"MAGNUM Trace Micro yra pramoninis savireguliuojantis \u0161ildymo kabelis, kuris gali b\u016bti naudojamas apsaugai nuo u\u017e\u0161alimo arba temperat\u016bros reguliavimui vamzd\u017eiuose ir \u012frenginiuose.\" \/>\n<meta property=\"og:url\" content=\"https:\/\/eheating.lt\/produktas\/lauko-sildymo-kabelis-1m-11w-m-magnum-trace-micro\/\" \/>\n<meta property=\"og:site_name\" content=\"Elektronika Namams\" \/>\n<meta property=\"article:publisher\" content=\"https:\/\/www.facebook.com\/ElektronikaNamams\" \/>\n<meta property=\"article:modified_time\" content=\"2025-02-25T11:50:29+00:00\" \/>\n<meta property=\"og:image\" content=\"https:\/\/eheating.lt\/wp-content\/uploads\/2022\/09\/MagnumHeating-Trace-Micro-3.png\" \/>\n\t<meta property=\"og:image:width\" content=\"800\" \/>\n\t<meta property=\"og:image:height\" content=\"800\" \/>\n\t<meta property=\"og:image:type\" content=\"image\/png\" \/>\n<meta name=\"twitter:card\" content=\"summary_large_image\" \/>\n<meta name=\"twitter:label1\" content=\"Price\" \/>\n\t<meta name=\"twitter:data1\" content=\"6,53&nbsp;&euro;\" \/>\n\t<meta name=\"twitter:label2\" content=\"Availability\" \/>\n\t<meta name=\"twitter:data2\" content=\"On backorder\" \/>\n<script type=\"application\/ld+json\" class=\"yoast-schema-graph\">{\"@context\":\"https:\\\/\\\/schema.org\",\"@graph\":[{\"@type\":\"WebPage\",\"@id\":\"https:\\\/\\\/eheating.lt\\\/produktas\\\/lauko-sildymo-kabelis-1m-11w-m-magnum-trace-micro\\\/\",\"url\":\"https:\\\/\\\/eheating.lt\\\/produktas\\\/lauko-sildymo-kabelis-1m-11w-m-magnum-trace-micro\\\/\",\"name\":\"Lauko \u0161ildymo kabelis 1m 11W\\\/m MAGNUM Trace Micro\",\"isPartOf\":{\"@id\":\"https:\\\/\\\/eheating.lt\\\/#website\"},\"primaryImageOfPage\":{\"@id\":\"https:\\\/\\\/eheating.lt\\\/produktas\\\/lauko-sildymo-kabelis-1m-11w-m-magnum-trace-micro\\\/#primaryimage\"},\"image\":{\"@id\":\"https:\\\/\\\/eheating.lt\\\/produktas\\\/lauko-sildymo-kabelis-1m-11w-m-magnum-trace-micro\\\/#primaryimage\"},\"thumbnailUrl\":\"https:\\\/\\\/eheating.lt\\\/wp-content\\\/uploads\\\/2022\\\/09\\\/MagnumHeating-Trace-Micro-3.png\",\"datePublished\":\"2024-09-22T09:43:16+00:00\",\"dateModified\":\"2025-02-25T11:50:29+00:00\",\"breadcrumb\":{\"@id\":\"https:\\\/\\\/eheating.lt\\\/produktas\\\/lauko-sildymo-kabelis-1m-11w-m-magnum-trace-micro\\\/#breadcrumb\"},\"inLanguage\":\"en-US\",\"potentialAction\":[{\"@type\":\"ReadAction\",\"target\":[\"https:\\\/\\\/eheating.lt\\\/produktas\\\/lauko-sildymo-kabelis-1m-11w-m-magnum-trace-micro\\\/\"]}]},{\"@type\":\"ImageObject\",\"inLanguage\":\"en-US\",\"@id\":\"https:\\\/\\\/eheating.lt\\\/produktas\\\/lauko-sildymo-kabelis-1m-11w-m-magnum-trace-micro\\\/#primaryimage\",\"url\":\"https:\\\/\\\/eheating.lt\\\/wp-content\\\/uploads\\\/2022\\\/09\\\/MagnumHeating-Trace-Micro-3.png\",\"contentUrl\":\"https:\\\/\\\/eheating.lt\\\/wp-content\\\/uploads\\\/2022\\\/09\\\/MagnumHeating-Trace-Micro-3.png\",\"width\":800,\"height\":800,\"caption\":\"MAGNUM Trace Micro\"},{\"@type\":\"BreadcrumbList\",\"@id\":\"https:\\\/\\\/eheating.lt\\\/produktas\\\/lauko-sildymo-kabelis-1m-11w-m-magnum-trace-micro\\\/#breadcrumb\",\"itemListElement\":[{\"@type\":\"ListItem\",\"position\":1,\"name\":\"Prad\u017eia\",\"item\":\"https:\\\/\\\/eheating.lt\\\/en\\\/\"},{\"@type\":\"ListItem\",\"position\":2,\"name\":\"Shop\",\"item\":\"https:\\\/\\\/eheating.lt\\\/en\\\/?page_id=5734\"},{\"@type\":\"ListItem\",\"position\":3,\"name\":\"Lauko \u0161ildymo kabelis 1m 11W\\\/m MAGNUM Trace Micro\"}]},{\"@type\":\"WebSite\",\"@id\":\"https:\\\/\\\/eheating.lt\\\/#website\",\"url\":\"https:\\\/\\\/eheating.lt\\\/\",\"name\":\"eHeating\",\"description\":\"Elektronika ir \u0161ildymas\",\"potentialAction\":[{\"@type\":\"SearchAction\",\"target\":{\"@type\":\"EntryPoint\",\"urlTemplate\":\"https:\\\/\\\/eheating.lt\\\/?s={search_term_string}\"},\"query-input\":{\"@type\":\"PropertyValueSpecification\",\"valueRequired\":true,\"valueName\":\"search_term_string\"}}],\"inLanguage\":\"en-US\"}]}<\/script>\n<meta property=\"product:price:amount\" content=\"6.53\" \/>\n<meta property=\"product:price:currency\" content=\"EUR\" \/>\n<meta property=\"og:availability\" content=\"backorder\" \/>\n<meta property=\"product:availability\" content=\"available for order\" \/>\n<meta property=\"product:retailer_item_id\" content=\"MAGNUM-TRACE-MICRO-1-11W\" \/>\n<meta property=\"product:condition\" content=\"new\" \/>\n<!-- \/ Yoast SEO Premium plugin. -->","yoast_head_json":{"title":"Lauko \u0161ildymo kabelis 1m 11W\/m MAGNUM Trace Micro","robots":{"index":"index","follow":"follow","max-snippet":"max-snippet:-1","max-image-preview":"max-image-preview:large","max-video-preview":"max-video-preview:-1"},"canonical":"https:\/\/eheating.lt\/produktas\/lauko-sildymo-kabelis-1m-11w-m-magnum-trace-micro\/","og_locale":"en_US","og_type":"article","og_title":"Lauko \u0161ildymo kabelis 1m 11W\/m MAGNUM Trace Micro","og_description":"MAGNUM Trace Micro yra pramoninis savireguliuojantis \u0161ildymo kabelis, kuris gali b\u016bti naudojamas apsaugai nuo u\u017e\u0161alimo arba temperat\u016bros reguliavimui vamzd\u017eiuose ir \u012frenginiuose.","og_url":"https:\/\/eheating.lt\/produktas\/lauko-sildymo-kabelis-1m-11w-m-magnum-trace-micro\/","og_site_name":"Elektronika Namams","article_publisher":"https:\/\/www.facebook.com\/ElektronikaNamams","article_modified_time":"2025-02-25T11:50:29+00:00","og_image":[{"width":800,"height":800,"url":"https:\/\/eheating.lt\/wp-content\/uploads\/2022\/09\/MagnumHeating-Trace-Micro-3.png","type":"image\/png"}],"twitter_card":"summary_large_image","twitter_misc":{"Price":"6,53&nbsp;&euro;","Availability":"On backorder"},"schema":{"@context":"https:\/\/schema.org","@graph":[{"@type":"WebPage","@id":"https:\/\/eheating.lt\/produktas\/lauko-sildymo-kabelis-1m-11w-m-magnum-trace-micro\/","url":"https:\/\/eheating.lt\/produktas\/lauko-sildymo-kabelis-1m-11w-m-magnum-trace-micro\/","name":"Lauko \u0161ildymo kabelis 1m 11W\/m MAGNUM Trace Micro","isPartOf":{"@id":"https:\/\/eheating.lt\/#website"},"primaryImageOfPage":{"@id":"https:\/\/eheating.lt\/produktas\/lauko-sildymo-kabelis-1m-11w-m-magnum-trace-micro\/#primaryimage"},"image":{"@id":"https:\/\/eheating.lt\/produktas\/lauko-sildymo-kabelis-1m-11w-m-magnum-trace-micro\/#primaryimage"},"thumbnailUrl":"https:\/\/eheating.lt\/wp-content\/uploads\/2022\/09\/MagnumHeating-Trace-Micro-3.png","datePublished":"2024-09-22T09:43:16+00:00","dateModified":"2025-02-25T11:50:29+00:00","breadcrumb":{"@id":"https:\/\/eheating.lt\/produktas\/lauko-sildymo-kabelis-1m-11w-m-magnum-trace-micro\/#breadcrumb"},"inLanguage":"en-US","potentialAction":[{"@type":"ReadAction","target":["https:\/\/eheating.lt\/produktas\/lauko-sildymo-kabelis-1m-11w-m-magnum-trace-micro\/"]}]},{"@type":"ImageObject","inLanguage":"en-US","@id":"https:\/\/eheating.lt\/produktas\/lauko-sildymo-kabelis-1m-11w-m-magnum-trace-micro\/#primaryimage","url":"https:\/\/eheating.lt\/wp-content\/uploads\/2022\/09\/MagnumHeating-Trace-Micro-3.png","contentUrl":"https:\/\/eheating.lt\/wp-content\/uploads\/2022\/09\/MagnumHeating-Trace-Micro-3.png","width":800,"height":800,"caption":"MAGNUM Trace Micro"},{"@type":"BreadcrumbList","@id":"https:\/\/eheating.lt\/produktas\/lauko-sildymo-kabelis-1m-11w-m-magnum-trace-micro\/#breadcrumb","itemListElement":[{"@type":"ListItem","position":1,"name":"Prad\u017eia","item":"https:\/\/eheating.lt\/en\/"},{"@type":"ListItem","position":2,"name":"Shop","item":"https:\/\/eheating.lt\/en\/?page_id=5734"},{"@type":"ListItem","position":3,"name":"Lauko \u0161ildymo kabelis 1m 11W\/m MAGNUM Trace Micro"}]},{"@type":"WebSite","@id":"https:\/\/eheating.lt\/#website","url":"https:\/\/eheating.lt\/","name":"eHeating","description":"Elektronika ir \u0161ildymas","potentialAction":[{"@type":"SearchAction","target":{"@type":"EntryPoint","urlTemplate":"https:\/\/eheating.lt\/?s={search_term_string}"},"query-input":{"@type":"PropertyValueSpecification","valueRequired":true,"valueName":"search_term_string"}}],"inLanguage":"en-US"}]},"product_price_amount":"6.53","product_price_currency":"EUR","og_availability":"backorder","product_availability":"available for order","product_retailer_item_id":"MAGNUM-TRACE-MICRO-1-11W","product_condition":"new"},"_links":{"self":[{"href":"https:\/\/eheating.lt\/en\/wp-json\/wp\/v2\/product\/34438","targetHints":{"allow":["GET"]}}],"collection":[{"href":"https:\/\/eheating.lt\/en\/wp-json\/wp\/v2\/product"}],"about":[{"href":"https:\/\/eheating.lt\/en\/wp-json\/wp\/v2\/types\/product"}],"replies":[{"embeddable":true,"href":"https:\/\/eheating.lt\/en\/wp-json\/wp\/v2\/comments?post=34438"}],"version-history":[{"count":2,"href":"https:\/\/eheating.lt\/en\/wp-json\/wp\/v2\/product\/34438\/revisions"}],"predecessor-version":[{"id":38510,"href":"https:\/\/eheating.lt\/en\/wp-json\/wp\/v2\/product\/34438\/revisions\/38510"}],"wp:featuredmedia":[{"embeddable":true,"href":"https:\/\/eheating.lt\/en\/wp-json\/wp\/v2\/media\/8692"}],"wp:attachment":[{"href":"https:\/\/eheating.lt\/en\/wp-json\/wp\/v2\/media?parent=34438"}],"wp:term":[{"taxonomy":"product_brand","embeddable":true,"href":"https:\/\/eheating.lt\/en\/wp-json\/wp\/v2\/product_brand?post=34438"},{"taxonomy":"product_cat","embeddable":true,"href":"https:\/\/eheating.lt\/en\/wp-json\/wp\/v2\/product_cat?post=34438"},{"taxonomy":"product_tag","embeddable":true,"href":"https:\/\/eheating.lt\/en\/wp-json\/wp\/v2\/product_tag?post=34438"}],"curies":[{"name":"wp","href":"https:\/\/api.w.org\/{rel}","templated":true}]}}