{"id":34433,"date":"2024-09-21T20:43:34","date_gmt":"2024-09-21T17:43:34","guid":{"rendered":"https:\/\/eheating.lt\/?post_type=product&#038;p=34433"},"modified":"2025-02-25T20:03:27","modified_gmt":"2025-02-25T18:03:27","slug":"lauko-sildymo-kabelis-9m-magnum-trace-micro-plug-go","status":"publish","type":"product","link":"https:\/\/eheating.lt\/en\/produktas\/lauko-sildymo-kabelis-9m-magnum-trace-micro-plug-go\/","title":{"rendered":"Lauko \u0161ildymo kabelis 9m MAGNUM Trace"},"content":{"rendered":"<p>\u0160is kabelis ypa\u010d tinka naudoti ma\u017eo skersmens vamzd\u017eiams ir \u012frenginiams. Taip pat gali b\u016bti trumpinamas pagal poreik\u012f. Neperkaista ir nesudega, net kai kabeliai persidengia. Srov\u0117 reguliuojasi pagal temperat\u016br\u0105 vamzdyje. Laidi polimero \u0161erdis automati\u0161kai i\u0161skiria reikiam\u0105 \u0161ilum\u0105 bet kurioje vamzd\u017eio vietoje nenaudojant termostato.<\/p>\n<hr \/>\n<p><span style=\"font-size: 18px;\"><strong>Papildoma informacija:<\/strong><\/span><\/p>\n<ul>\n<li>Komplekte greita jungtis ir u\u017ebaigimo dangtelis<\/li>\n<li>Rekomenduojama naudoti papildom\u0105 temperat\u016bros reguliatori\u0173. Veiksmingiausias yra valdiklis, matuojantis aplinkos temperat\u016br\u0105.<\/li>\n<li>Maks temperat\u016bra &#8211; 65\u00b0C<\/li>\n<li>Min. darbin\u0117 temperat\u016bra \u2013 30\u00b0C<\/li>\n<li>Suveikimo temperat\u016bra +5\u00b0C<\/li>\n<li>Maks. var\u017ea 18 Ohm\/km<\/li>\n<li>Galia prie 10\u00b0C 11\/17W<\/li>\n<li>Nominali \u012ftampa 230V<\/li>\n<li>I\u0161orinis \u0161arvas \u2013 Alavuotas varis<\/li>\n<li>100 % atsparus vandeniui<\/li>\n<li>Matmenys 8 x 5 mm<\/li>\n<li>Min. lenkimo spindulys 25 mm<\/li>\n<li>Svoris 7 kg\/100 m<\/li>\n<li>Spalva Raudona\/M\u0117lyna (Fluoropolimerin\u0117)<\/li>\n<li>DIN EN 62395-1 sertifikatas<\/li>\n<li>IP67 atsparumas<\/li>\n<li>Garantija 2 metai<\/li>\n<\/ul>\n<p>&nbsp;<\/p>\n<p><img decoding=\"async\" style=\"height: 30px;\" src=\"http:\/\/eheating.lt\/wp-content\/uploads\/2022\/12\/pdf.png\" \/><a href=\"http:\/\/eheating.lt\/wp-content\/uploads\/2023\/01\/Magnum-Heating-Trace-Micro-Plug-Go.pdf\"><strong>Specifikacijos (Angl\u0173 k.)<\/strong><\/a><\/p>\n<p>&nbsp;<\/p>\n<hr \/>\n<p>&nbsp;<\/p>\n<figure class=\"wp-block-table is-style-stripes\">\n<table>\n<tbody>\n<tr>\n<td><strong>Produkto numeris\u00a0<\/strong><\/td>\n<td><strong>Apra\u0161ymas<\/strong><\/td>\n<td><strong>Ilgis<\/strong><\/td>\n<td><b>Galia<\/b><\/td>\n<td><strong>\u012etampa<\/strong><\/td>\n<\/tr>\n<tr>\n<td>159703<\/td>\n<td>MAGNUM Trace Micro Plug &amp; Go 3<\/td>\n<td>3 m<\/td>\n<td>33 W @ 10\u00b0C<\/td>\n<td>230 V<\/td>\n<\/tr>\n<tr>\n<td>159705<\/td>\n<td>MAGNUM Trace Micro Plug &amp; Go 5<\/td>\n<td>5 m<\/td>\n<td>55 W @ 10\u00b0C<\/td>\n<td>230 V<\/td>\n<\/tr>\n<tr>\n<td>159709<\/td>\n<td>MAGNUM Trace Micro Plug &amp; Go 9<\/td>\n<td>9 m<\/td>\n<td>99 W @ 10\u00b0C<\/td>\n<td>230 V<\/td>\n<\/tr>\n<\/tbody>\n<\/table>\n<\/figure>\n","protected":false},"excerpt":{"rendered":"<p><strong>MAGNUM Trace Micro Plug &amp; Go<\/strong> yra pramoninio lygio savireguliuojanti \u0161ildymo juosta, kuri gali b\u016bti naudojama apsaugai nuo u\u017e\u0161alimo arba vamzdyn\u0173 ir vandens talp\u0173 temperat\u016brai palaikyti iki 65\u00b0C.<\/p>\n","protected":false},"featured_media":8702,"comment_status":"closed","ping_status":"closed","template":"","meta":[],"product_brand":[],"product_cat":[151,152,156],"product_tag":[974],"class_list":{"0":"post-34433","1":"product","2":"type-product","3":"status-publish","4":"has-post-thumbnail","6":"product_cat-apsauga-nuo-uzsalimo-apledejimo","7":"product_cat-lauko-sildymo-kabeliai","8":"product_cat-savireguliuojantys","9":"product_tag-ean","11":"first","12":"onbackorder","13":"taxable","14":"shipping-taxable","15":"purchasable","16":"product-type-simple"},"yoast_head":"<!-- This site is optimized with the Yoast SEO Premium plugin v21.5 (Yoast SEO v27.4) - https:\/\/yoast.com\/product\/yoast-seo-premium-wordpress\/ -->\n<title>Lauko \u0161ildymo kabelis 9m MAGNUM Trace Micro Plug &amp; Go<\/title>\n<meta name=\"robots\" content=\"index, follow, max-snippet:-1, max-image-preview:large, max-video-preview:-1\" \/>\n<link rel=\"canonical\" href=\"https:\/\/eheating.lt\/produktas\/lauko-sildymo-kabelis-9m-magnum-trace-micro-plug-go\/\" \/>\n<meta property=\"og:locale\" content=\"en_US\" \/>\n<meta property=\"og:type\" content=\"article\" \/>\n<meta property=\"og:title\" content=\"Lauko \u0161ildymo kabelis 9m MAGNUM Trace Micro Plug &amp; Go\" \/>\n<meta property=\"og:description\" content=\"MAGNUM Trace Micro Plug &amp; Go yra pramoninio lygio savireguliuojanti \u0161ildymo juosta, kuri gali b\u016bti naudojama apsaugai nuo u\u017e\u0161alimo arba vamzdyn\u0173 ir vandens talp\u0173 temperat\u016brai palaikyti iki 65\u00b0C.\" \/>\n<meta property=\"og:url\" content=\"https:\/\/eheating.lt\/produktas\/lauko-sildymo-kabelis-9m-magnum-trace-micro-plug-go\/\" \/>\n<meta property=\"og:site_name\" content=\"Elektronika Namams\" \/>\n<meta property=\"article:publisher\" content=\"https:\/\/www.facebook.com\/ElektronikaNamams\" \/>\n<meta property=\"article:modified_time\" content=\"2025-02-25T18:03:27+00:00\" \/>\n<meta property=\"og:image\" content=\"https:\/\/eheating.lt\/wp-content\/uploads\/2022\/09\/MagnumHeating-Trace-Micro-Plug-Go-6.png\" \/>\n\t<meta property=\"og:image:width\" content=\"800\" \/>\n\t<meta property=\"og:image:height\" content=\"800\" \/>\n\t<meta property=\"og:image:type\" content=\"image\/png\" \/>\n<meta name=\"twitter:card\" content=\"summary_large_image\" \/>\n<meta name=\"twitter:label1\" content=\"Price\" \/>\n\t<meta name=\"twitter:data1\" content=\"158,81&nbsp;&euro;\" \/>\n\t<meta name=\"twitter:label2\" content=\"Availability\" \/>\n\t<meta name=\"twitter:data2\" content=\"On backorder\" \/>\n<script type=\"application\/ld+json\" class=\"yoast-schema-graph\">{\"@context\":\"https:\\\/\\\/schema.org\",\"@graph\":[{\"@type\":\"WebPage\",\"@id\":\"https:\\\/\\\/eheating.lt\\\/produktas\\\/lauko-sildymo-kabelis-9m-magnum-trace-micro-plug-go\\\/\",\"url\":\"https:\\\/\\\/eheating.lt\\\/produktas\\\/lauko-sildymo-kabelis-9m-magnum-trace-micro-plug-go\\\/\",\"name\":\"Lauko \u0161ildymo kabelis 9m MAGNUM Trace Micro Plug & Go\",\"isPartOf\":{\"@id\":\"https:\\\/\\\/eheating.lt\\\/#website\"},\"primaryImageOfPage\":{\"@id\":\"https:\\\/\\\/eheating.lt\\\/produktas\\\/lauko-sildymo-kabelis-9m-magnum-trace-micro-plug-go\\\/#primaryimage\"},\"image\":{\"@id\":\"https:\\\/\\\/eheating.lt\\\/produktas\\\/lauko-sildymo-kabelis-9m-magnum-trace-micro-plug-go\\\/#primaryimage\"},\"thumbnailUrl\":\"https:\\\/\\\/eheating.lt\\\/wp-content\\\/uploads\\\/2022\\\/09\\\/MagnumHeating-Trace-Micro-Plug-Go-6.png\",\"datePublished\":\"2024-09-21T17:43:34+00:00\",\"dateModified\":\"2025-02-25T18:03:27+00:00\",\"breadcrumb\":{\"@id\":\"https:\\\/\\\/eheating.lt\\\/produktas\\\/lauko-sildymo-kabelis-9m-magnum-trace-micro-plug-go\\\/#breadcrumb\"},\"inLanguage\":\"en-US\",\"potentialAction\":[{\"@type\":\"ReadAction\",\"target\":[\"https:\\\/\\\/eheating.lt\\\/produktas\\\/lauko-sildymo-kabelis-9m-magnum-trace-micro-plug-go\\\/\"]}]},{\"@type\":\"ImageObject\",\"inLanguage\":\"en-US\",\"@id\":\"https:\\\/\\\/eheating.lt\\\/produktas\\\/lauko-sildymo-kabelis-9m-magnum-trace-micro-plug-go\\\/#primaryimage\",\"url\":\"https:\\\/\\\/eheating.lt\\\/wp-content\\\/uploads\\\/2022\\\/09\\\/MagnumHeating-Trace-Micro-Plug-Go-6.png\",\"contentUrl\":\"https:\\\/\\\/eheating.lt\\\/wp-content\\\/uploads\\\/2022\\\/09\\\/MagnumHeating-Trace-Micro-Plug-Go-6.png\",\"width\":800,\"height\":800,\"caption\":\"MAGNUM Trace Micro Plug & Go\"},{\"@type\":\"BreadcrumbList\",\"@id\":\"https:\\\/\\\/eheating.lt\\\/produktas\\\/lauko-sildymo-kabelis-9m-magnum-trace-micro-plug-go\\\/#breadcrumb\",\"itemListElement\":[{\"@type\":\"ListItem\",\"position\":1,\"name\":\"Prad\u017eia\",\"item\":\"https:\\\/\\\/eheating.lt\\\/en\\\/\"},{\"@type\":\"ListItem\",\"position\":2,\"name\":\"Shop\",\"item\":\"https:\\\/\\\/eheating.lt\\\/en\\\/?page_id=5734\"},{\"@type\":\"ListItem\",\"position\":3,\"name\":\"Lauko \u0161ildymo kabelis 9m MAGNUM Trace Micro Plug &#038; Go\"}]},{\"@type\":\"WebSite\",\"@id\":\"https:\\\/\\\/eheating.lt\\\/#website\",\"url\":\"https:\\\/\\\/eheating.lt\\\/\",\"name\":\"eHeating\",\"description\":\"Elektronika ir \u0161ildymas\",\"potentialAction\":[{\"@type\":\"SearchAction\",\"target\":{\"@type\":\"EntryPoint\",\"urlTemplate\":\"https:\\\/\\\/eheating.lt\\\/?s={search_term_string}\"},\"query-input\":{\"@type\":\"PropertyValueSpecification\",\"valueRequired\":true,\"valueName\":\"search_term_string\"}}],\"inLanguage\":\"en-US\"}]}<\/script>\n<meta property=\"product:price:amount\" content=\"158.81\" \/>\n<meta property=\"product:price:currency\" content=\"EUR\" \/>\n<meta property=\"og:availability\" content=\"backorder\" \/>\n<meta property=\"product:availability\" content=\"available for order\" \/>\n<meta property=\"product:retailer_item_id\" content=\"MAGNUM-TRACE-PLUG-9\" \/>\n<meta property=\"product:condition\" content=\"new\" \/>\n<!-- \/ Yoast SEO Premium plugin. -->","yoast_head_json":{"title":"Lauko \u0161ildymo kabelis 9m MAGNUM Trace Micro Plug & Go","robots":{"index":"index","follow":"follow","max-snippet":"max-snippet:-1","max-image-preview":"max-image-preview:large","max-video-preview":"max-video-preview:-1"},"canonical":"https:\/\/eheating.lt\/produktas\/lauko-sildymo-kabelis-9m-magnum-trace-micro-plug-go\/","og_locale":"en_US","og_type":"article","og_title":"Lauko \u0161ildymo kabelis 9m MAGNUM Trace Micro Plug & Go","og_description":"MAGNUM Trace Micro Plug &amp; Go yra pramoninio lygio savireguliuojanti \u0161ildymo juosta, kuri gali b\u016bti naudojama apsaugai nuo u\u017e\u0161alimo arba vamzdyn\u0173 ir vandens talp\u0173 temperat\u016brai palaikyti iki 65\u00b0C.","og_url":"https:\/\/eheating.lt\/produktas\/lauko-sildymo-kabelis-9m-magnum-trace-micro-plug-go\/","og_site_name":"Elektronika Namams","article_publisher":"https:\/\/www.facebook.com\/ElektronikaNamams","article_modified_time":"2025-02-25T18:03:27+00:00","og_image":[{"width":800,"height":800,"url":"https:\/\/eheating.lt\/wp-content\/uploads\/2022\/09\/MagnumHeating-Trace-Micro-Plug-Go-6.png","type":"image\/png"}],"twitter_card":"summary_large_image","twitter_misc":{"Price":"158,81&nbsp;&euro;","Availability":"On backorder"},"schema":{"@context":"https:\/\/schema.org","@graph":[{"@type":"WebPage","@id":"https:\/\/eheating.lt\/produktas\/lauko-sildymo-kabelis-9m-magnum-trace-micro-plug-go\/","url":"https:\/\/eheating.lt\/produktas\/lauko-sildymo-kabelis-9m-magnum-trace-micro-plug-go\/","name":"Lauko \u0161ildymo kabelis 9m MAGNUM Trace Micro Plug & Go","isPartOf":{"@id":"https:\/\/eheating.lt\/#website"},"primaryImageOfPage":{"@id":"https:\/\/eheating.lt\/produktas\/lauko-sildymo-kabelis-9m-magnum-trace-micro-plug-go\/#primaryimage"},"image":{"@id":"https:\/\/eheating.lt\/produktas\/lauko-sildymo-kabelis-9m-magnum-trace-micro-plug-go\/#primaryimage"},"thumbnailUrl":"https:\/\/eheating.lt\/wp-content\/uploads\/2022\/09\/MagnumHeating-Trace-Micro-Plug-Go-6.png","datePublished":"2024-09-21T17:43:34+00:00","dateModified":"2025-02-25T18:03:27+00:00","breadcrumb":{"@id":"https:\/\/eheating.lt\/produktas\/lauko-sildymo-kabelis-9m-magnum-trace-micro-plug-go\/#breadcrumb"},"inLanguage":"en-US","potentialAction":[{"@type":"ReadAction","target":["https:\/\/eheating.lt\/produktas\/lauko-sildymo-kabelis-9m-magnum-trace-micro-plug-go\/"]}]},{"@type":"ImageObject","inLanguage":"en-US","@id":"https:\/\/eheating.lt\/produktas\/lauko-sildymo-kabelis-9m-magnum-trace-micro-plug-go\/#primaryimage","url":"https:\/\/eheating.lt\/wp-content\/uploads\/2022\/09\/MagnumHeating-Trace-Micro-Plug-Go-6.png","contentUrl":"https:\/\/eheating.lt\/wp-content\/uploads\/2022\/09\/MagnumHeating-Trace-Micro-Plug-Go-6.png","width":800,"height":800,"caption":"MAGNUM Trace Micro Plug & Go"},{"@type":"BreadcrumbList","@id":"https:\/\/eheating.lt\/produktas\/lauko-sildymo-kabelis-9m-magnum-trace-micro-plug-go\/#breadcrumb","itemListElement":[{"@type":"ListItem","position":1,"name":"Prad\u017eia","item":"https:\/\/eheating.lt\/en\/"},{"@type":"ListItem","position":2,"name":"Shop","item":"https:\/\/eheating.lt\/en\/?page_id=5734"},{"@type":"ListItem","position":3,"name":"Lauko \u0161ildymo kabelis 9m MAGNUM Trace Micro Plug &#038; Go"}]},{"@type":"WebSite","@id":"https:\/\/eheating.lt\/#website","url":"https:\/\/eheating.lt\/","name":"eHeating","description":"Elektronika ir \u0161ildymas","potentialAction":[{"@type":"SearchAction","target":{"@type":"EntryPoint","urlTemplate":"https:\/\/eheating.lt\/?s={search_term_string}"},"query-input":{"@type":"PropertyValueSpecification","valueRequired":true,"valueName":"search_term_string"}}],"inLanguage":"en-US"}]},"product_price_amount":"158.81","product_price_currency":"EUR","og_availability":"backorder","product_availability":"available for order","product_retailer_item_id":"MAGNUM-TRACE-PLUG-9","product_condition":"new"},"_links":{"self":[{"href":"https:\/\/eheating.lt\/en\/wp-json\/wp\/v2\/product\/34433","targetHints":{"allow":["GET"]}}],"collection":[{"href":"https:\/\/eheating.lt\/en\/wp-json\/wp\/v2\/product"}],"about":[{"href":"https:\/\/eheating.lt\/en\/wp-json\/wp\/v2\/types\/product"}],"replies":[{"embeddable":true,"href":"https:\/\/eheating.lt\/en\/wp-json\/wp\/v2\/comments?post=34433"}],"version-history":[{"count":1,"href":"https:\/\/eheating.lt\/en\/wp-json\/wp\/v2\/product\/34433\/revisions"}],"predecessor-version":[{"id":38521,"href":"https:\/\/eheating.lt\/en\/wp-json\/wp\/v2\/product\/34433\/revisions\/38521"}],"wp:featuredmedia":[{"embeddable":true,"href":"https:\/\/eheating.lt\/en\/wp-json\/wp\/v2\/media\/8702"}],"wp:attachment":[{"href":"https:\/\/eheating.lt\/en\/wp-json\/wp\/v2\/media?parent=34433"}],"wp:term":[{"taxonomy":"product_brand","embeddable":true,"href":"https:\/\/eheating.lt\/en\/wp-json\/wp\/v2\/product_brand?post=34433"},{"taxonomy":"product_cat","embeddable":true,"href":"https:\/\/eheating.lt\/en\/wp-json\/wp\/v2\/product_cat?post=34433"},{"taxonomy":"product_tag","embeddable":true,"href":"https:\/\/eheating.lt\/en\/wp-json\/wp\/v2\/product_tag?post=34433"}],"curies":[{"name":"wp","href":"https:\/\/api.w.org\/{rel}","templated":true}]}}