{"id":34284,"date":"2024-08-15T22:48:20","date_gmt":"2024-08-15T19:48:20","guid":{"rendered":"https:\/\/eheating.lt\/?post_type=product&#038;p=34284"},"modified":"2024-08-15T23:18:37","modified_gmt":"2024-08-15T20:18:37","slug":"elektrinis-kilimelis-1m%c2%b2-150w-dvilaidis-zamel-matec","status":"publish","type":"product","link":"https:\/\/eheating.lt\/en\/produktas\/elektrinis-kilimelis-1m%c2%b2-150w-dvilaidis-zamel-matec\/","title":{"rendered":"Elektrinis kilim\u0117lis 1m\u00b2 150W dvilaidis ZAMEL"},"content":{"rendered":"<ul>\n<li>Elektrinis grindinis \u0161ildymas<\/li>\n<li>Komplekte apsauginis vamzdis grindiniui temperat\u016bros jutikliui<\/li>\n<li>Optimali \u0161ildymo galia 150 W \/ m2<\/li>\n<\/ul>\n<p>&nbsp;<\/p>\n<p><img decoding=\"async\" style=\"height: 30px;\" src=\"http:\/\/eheating.lt\/wp-content\/uploads\/2022\/12\/pdf.png\" \/><a href=\"http:\/\/eheating.lt\/wp-content\/uploads\/2023\/01\/Zamel-Matec-MOJ-datasheet.pdf\"><strong>Instrukcija (Angl\u0173 k.) <\/strong><\/a><\/p>\n<p>&nbsp;<\/p>\n<div id=\"product-tab\" class=\"woocommerce-tabs woocommerce-tabs-dmp083c4 resp-htabs\">\n<div class=\"resp-tabs-container\">\n<div id=\"tab-description\" class=\"tab-content resp-tab-content resp-tab-content-active\" aria-labelledby=\"tab_item-1\">\n<figure class=\"wp-block-table is-style-stripes\">\n<figure class=\"wp-block-table is-style-stripes\">\n<table style=\"height: 185px;\" width=\"983\">\n<tbody>\n<tr>\n<td><span style=\"font-size: 14px;\"><strong>Produkto pavadinimas<\/strong><\/span><\/td>\n<td><span style=\"font-size: 14px;\"><strong>Plotis<\/strong><\/span><\/td>\n<td><span style=\"font-size: 14px;\"><strong>W \u012f 1m\u00b2<\/strong><\/span><\/td>\n<td><span style=\"font-size: 14px;\"><strong>Storis<\/strong><\/span><\/td>\n<td><span style=\"font-size: 14px;\"><strong>Lipnus<\/strong><\/span><\/td>\n<td>\n<p style=\"text-align: left;\"><span style=\"font-size: 14px;\"><b>\u0160ildomas<\/b><\/span><\/p>\n<p style=\"text-align: left;\"><span style=\"font-size: 14px;\"><b> pavir\u0161ius<\/b><\/span><\/p>\n<\/td>\n<td><span style=\"font-size: 14px;\"><strong>Komplekte <\/strong><\/span><\/p>\n<p><span style=\"font-size: 14px;\"><strong>termostatas<\/strong><\/span><\/td>\n<td><span style=\"font-size: 14px;\"><strong>Ilgis<\/strong><\/span><\/td>\n<td><span style=\"font-size: 14px;\"><strong>Laidinink\u0173 <\/strong><\/span><\/p>\n<p><span style=\"font-size: 14px;\"><strong style=\"font-family: inherit;\">skai\u010dius<\/strong><\/span><\/td>\n<td><span style=\"font-size: 14px;\"><strong>Laidininko<\/strong><\/span><\/p>\n<p><span style=\"font-size: 14px;\"><strong> ilgis<\/strong><\/span><\/td>\n<td><span style=\"font-size: 14px;\"><strong>Komplekte <\/strong><\/span><\/p>\n<p><span style=\"font-size: 14px;\"><strong>valdiklis<\/strong><\/span><\/td>\n<td><span style=\"font-size: 14px;\"><strong>Prijungimo <\/strong><\/span><\/p>\n<p><span style=\"font-size: 14px;\"><strong>\u012ftampa<\/strong><\/span><\/td>\n<td><span style=\"font-size: 14px;\"><strong>Galia<\/strong><\/span><\/td>\n<td><span style=\"font-size: 14px;\"><strong>Komplekte grind\u0173<\/strong><\/span><\/p>\n<p><span style=\"font-size: 14px;\"><strong>jutiklis<\/strong><\/span><\/td>\n<\/tr>\n<tr>\n<td><span style=\"font-size: 14px;\">MOJ-10<\/span><\/td>\n<td><span style=\"font-size: 14px;\">500 mm<\/span><\/td>\n<td><span style=\"font-size: 14px;\">150 W<\/span><\/td>\n<td><span style=\"font-size: 14px;\">3,58 mm<\/span><\/td>\n<td><span style=\"font-size: 14px;\">Ne<\/span><\/td>\n<td><span style=\"font-size: 14px;\">1,0 m2<\/span><\/td>\n<td><span style=\"font-size: 14px;\">Ne<\/span><\/td>\n<td><span style=\"font-size: 14px;\">2,0 m<\/span><\/td>\n<td style=\"text-align: center;\"><span style=\"font-size: 14px;\">1<\/span><\/td>\n<td><span style=\"font-size: 14px;\">3,0 m<\/span><\/td>\n<td><span style=\"font-size: 14px;\">Ne<\/span><\/td>\n<td><span style=\"font-size: 14px;\">230 V<\/span><\/td>\n<td><span style=\"font-size: 14px;\">150W<\/span><\/td>\n<td><span style=\"font-size: 14px;\">Ne<\/span><\/td>\n<\/tr>\n<tr>\n<td><span style=\"font-size: 14px;\">MOJ-15<\/span><\/td>\n<td><span style=\"font-size: 14px;\">500 mm<\/span><\/td>\n<td><span style=\"font-size: 14px;\">150 W<\/span><\/td>\n<td><span style=\"font-size: 14px;\">3,98 mm<\/span><\/td>\n<td><span style=\"font-size: 14px;\">Ne<\/span><\/td>\n<td><span style=\"font-size: 14px;\">1,5 m2<\/span><\/td>\n<td><span style=\"font-size: 14px;\">Ne<\/span><\/td>\n<td><span style=\"font-size: 14px;\">3,0 m<\/span><\/td>\n<td style=\"text-align: center;\"><span style=\"font-size: 14px;\">1<\/span><\/td>\n<td><span style=\"font-size: 14px;\">3,0 m<\/span><\/td>\n<td><span style=\"font-size: 14px;\">Ne<\/span><\/td>\n<td><span style=\"font-size: 14px;\">230 V<\/span><\/td>\n<td><span style=\"font-size: 14px;\">225W<\/span><\/td>\n<td><span style=\"font-size: 14px;\">Ne<\/span><\/td>\n<\/tr>\n<tr>\n<td><span style=\"font-size: 14px;\">MOJ-20<\/span><\/td>\n<td><span style=\"font-size: 14px;\">500 mm<\/span><\/td>\n<td><span style=\"font-size: 14px;\">150 W<\/span><\/td>\n<td><span style=\"font-size: 14px;\">3,73 mm<\/span><\/td>\n<td><span style=\"font-size: 14px;\">Ne<\/span><\/td>\n<td><span style=\"font-size: 14px;\">2,0 m2<\/span><\/td>\n<td><span style=\"font-size: 14px;\">Ne<\/span><\/td>\n<td><span style=\"font-size: 14px;\">4,0 m<\/span><\/td>\n<td style=\"text-align: center;\"><span style=\"font-size: 14px;\">1<\/span><\/td>\n<td><span style=\"font-size: 14px;\">3,0 m<\/span><\/td>\n<td><span style=\"font-size: 14px;\">Ne<\/span><\/td>\n<td><span style=\"font-size: 14px;\">230 V<\/span><\/td>\n<td><span style=\"font-size: 14px;\">300W\u00a0<\/span><\/td>\n<td><span style=\"font-size: 14px;\">Ne<\/span><\/td>\n<\/tr>\n<tr>\n<td><span style=\"font-size: 14px;\">MOJ-25<\/span><\/td>\n<td><span style=\"font-size: 14px;\">500 mm<\/span><\/td>\n<td><span style=\"font-size: 14px;\">150 W<\/span><\/td>\n<td><span style=\"font-size: 14px;\">4,08 mm<\/span><\/td>\n<td><span style=\"font-size: 14px;\">Ne<\/span><\/td>\n<td><span style=\"font-size: 14px;\">2,5 m2<\/span><\/td>\n<td><span style=\"font-size: 14px;\">Ne<\/span><\/td>\n<td><span style=\"font-size: 14px;\">5,0 m<\/span><\/td>\n<td style=\"text-align: center;\"><span style=\"font-size: 14px;\">1<\/span><\/td>\n<td><span style=\"font-size: 14px;\">3,0 m<\/span><\/td>\n<td><span style=\"font-size: 14px;\">Ne<\/span><\/td>\n<td><span style=\"font-size: 14px;\">230 V<\/span><\/td>\n<td><span style=\"font-size: 14px;\">375W<\/span><\/td>\n<td><span style=\"font-size: 14px;\">Ne<\/span><\/td>\n<\/tr>\n<tr>\n<td><span style=\"font-size: 14px;\">MOJ-30<\/span><\/td>\n<td><span style=\"font-size: 14px;\">500 mm<\/span><\/td>\n<td><span style=\"font-size: 14px;\">150 W<\/span><\/td>\n<td><span style=\"font-size: 14px;\">3,88 mm<\/span><\/td>\n<td><span style=\"font-size: 14px;\">Ne<\/span><\/td>\n<td><span style=\"font-size: 14px;\">3,0 m2<\/span><\/td>\n<td><span style=\"font-size: 14px;\">Ne<\/span><\/td>\n<td><span style=\"font-size: 14px;\">6,0 m<\/span><\/td>\n<td style=\"text-align: center;\"><span style=\"font-size: 14px;\">1<\/span><\/td>\n<td><span style=\"font-size: 14px;\">3,0 m<\/span><\/td>\n<td><span style=\"font-size: 14px;\">Ne<\/span><\/td>\n<td><span style=\"font-size: 14px;\">230 V<\/span><\/td>\n<td><span style=\"font-size: 14px;\">450W\u00a0<\/span><\/td>\n<td><span style=\"font-size: 14px;\">Ne<\/span><\/td>\n<\/tr>\n<tr>\n<td><span style=\"font-size: 14px;\">MOJ-40<\/span><\/td>\n<td><span style=\"font-size: 14px;\">500 mm<\/span><\/td>\n<td><span style=\"font-size: 14px;\">150 W<\/span><\/td>\n<td><span style=\"font-size: 14px;\">4,20 mm<\/span><\/td>\n<td><span style=\"font-size: 14px;\">Ne<\/span><\/td>\n<td><span style=\"font-size: 14px;\">4,0 m2<\/span><\/td>\n<td><span style=\"font-size: 14px;\">Ne<\/span><\/td>\n<td><span style=\"font-size: 14px;\">8,0 m<\/span><\/td>\n<td style=\"text-align: center;\"><span style=\"font-size: 14px;\">1<\/span><\/td>\n<td><span style=\"font-size: 14px;\">3,0 m<\/span><\/td>\n<td><span style=\"font-size: 14px;\">Ne<\/span><\/td>\n<td><span style=\"font-size: 14px;\">230 V<\/span><\/td>\n<td><span style=\"font-size: 14px;\">600W\u00a0<\/span><\/td>\n<td><span style=\"font-size: 14px;\">Ne<\/span><\/td>\n<\/tr>\n<tr>\n<td><span style=\"font-size: 14px;\">MOJ-50<\/span><\/td>\n<td><span style=\"font-size: 14px;\">500 mm<\/span><\/td>\n<td><span style=\"font-size: 14px;\">150 W<\/span><\/td>\n<td><span style=\"font-size: 14px;\">4,48 mm<\/span><\/td>\n<td><span style=\"font-size: 14px;\">Ne<\/span><\/td>\n<td><span style=\"font-size: 14px;\">5,0 m2<\/span><\/td>\n<td><span style=\"font-size: 14px;\">Ne<\/span><\/td>\n<td><span style=\"font-size: 14px;\">10,0 m<\/span><\/td>\n<td style=\"text-align: center;\"><span style=\"font-size: 14px;\">1<\/span><\/td>\n<td><span style=\"font-size: 14px;\">3,0 m<\/span><\/td>\n<td><span style=\"font-size: 14px;\">Ne<\/span><\/td>\n<td><span style=\"font-size: 14px;\">230 V<\/span><\/td>\n<td><span style=\"font-size: 14px;\">750W\u00a0<\/span><\/td>\n<td><span style=\"font-size: 14px;\">Ne<\/span><\/td>\n<\/tr>\n<tr>\n<td><span style=\"font-size: 14px;\">MOJ-60<\/span><\/td>\n<td><span style=\"font-size: 14px;\">500 mm<\/span><\/td>\n<td><span style=\"font-size: 14px;\">150 W<\/span><\/td>\n<td><span style=\"font-size: 14px;\">4,48 mm<\/span><\/td>\n<td><span style=\"font-size: 14px;\">Ne<\/span><\/td>\n<td><span style=\"font-size: 14px;\">6,0 m2<\/span><\/td>\n<td><span style=\"font-size: 14px;\">Ne<\/span><\/td>\n<td><span style=\"font-size: 14px;\">12,0 m<\/span><\/td>\n<td style=\"text-align: center;\"><span style=\"font-size: 14px;\">1<\/span><\/td>\n<td><span style=\"font-size: 14px;\">3,0 m<\/span><\/td>\n<td><span style=\"font-size: 14px;\">Ne<\/span><\/td>\n<td><span style=\"font-size: 14px;\">230 V<\/span><\/td>\n<td><span style=\"font-size: 14px;\">900W\u00a0<\/span><\/td>\n<td><span style=\"font-size: 14px;\">Ne<\/span><\/td>\n<\/tr>\n<tr>\n<td><span style=\"font-size: 14px;\">MOJ-70<\/span><\/td>\n<td><span style=\"font-size: 14px;\">500 mm<\/span><\/td>\n<td><span style=\"font-size: 14px;\">150 W<\/span><\/td>\n<td><span style=\"font-size: 14px;\">4,48 mm<\/span><\/td>\n<td><span style=\"font-size: 14px;\">Ne<\/span><\/td>\n<td><span style=\"font-size: 14px;\">7,0 m2<\/span><\/td>\n<td><span style=\"font-size: 14px;\">Ne<\/span><\/td>\n<td><span style=\"font-size: 14px;\">14,0 m<\/span><\/td>\n<td style=\"text-align: center;\"><span style=\"font-size: 14px;\">1<\/span><\/td>\n<td><span style=\"font-size: 14px;\">3,0 m<\/span><\/td>\n<td><span style=\"font-size: 14px;\">Ne<\/span><\/td>\n<td><span style=\"font-size: 14px;\">230 V<\/span><\/td>\n<td><span style=\"font-size: 14px;\">1050W\u00a0<\/span><\/td>\n<td><span style=\"font-size: 14px;\">Ne<\/span><\/td>\n<\/tr>\n<tr>\n<td><span style=\"font-size: 14px;\">MOJ-80<\/span><\/td>\n<td><span style=\"font-size: 14px;\">500 mm<\/span><\/td>\n<td><span style=\"font-size: 14px;\">150 W<\/span><\/td>\n<td><span style=\"font-size: 14px;\">4,48 mm<\/span><\/td>\n<td><span style=\"font-size: 14px;\">Ne<\/span><\/td>\n<td><span style=\"font-size: 14px;\">8,0 m2<\/span><\/td>\n<td><span style=\"font-size: 14px;\">Ne<\/span><\/td>\n<td><span style=\"font-size: 14px;\">16,0 m<\/span><\/td>\n<td style=\"text-align: center;\"><span style=\"font-size: 14px;\">1<\/span><\/td>\n<td><span style=\"font-size: 14px;\">3,0 m<\/span><\/td>\n<td><span style=\"font-size: 14px;\">Ne<\/span><\/td>\n<td><span style=\"font-size: 14px;\">230 V<\/span><\/td>\n<td><span style=\"font-size: 14px;\">1200W\u00a0<\/span><\/td>\n<td><span style=\"font-size: 14px;\">Ne<\/span><\/td>\n<\/tr>\n<tr>\n<td><span style=\"font-size: 14px;\">MOJ-105<\/span><\/td>\n<td><span style=\"font-size: 14px;\">500 mm<\/span><\/td>\n<td><span style=\"font-size: 14px;\">150 W<\/span><\/td>\n<td><span style=\"font-size: 14px;\">4,48 mm<\/span><\/td>\n<td><span style=\"font-size: 14px;\">Ne<\/span><\/td>\n<td><span style=\"font-size: 14px;\">10,5 m2<\/span><\/td>\n<td><span style=\"font-size: 14px;\">Ne<\/span><\/td>\n<td><span style=\"font-size: 14px;\">21,0 m<\/span><\/td>\n<td style=\"text-align: center;\"><span style=\"font-size: 14px;\">1<\/span><\/td>\n<td><span style=\"font-size: 14px;\">3,0 m<\/span><\/td>\n<td><span style=\"font-size: 14px;\">Ne<\/span><\/td>\n<td><span style=\"font-size: 14px;\">230 V<\/span><\/td>\n<td><span style=\"font-size: 14px;\">1575W\u00a0<\/span><\/td>\n<td><span style=\"font-size: 14px;\">Ne<\/span><\/td>\n<\/tr>\n<tr>\n<td><span style=\"font-size: 14px;\">MOJ-125<\/span><\/td>\n<td><span style=\"font-size: 14px;\">500 mm<\/span><\/td>\n<td><span style=\"font-size: 14px;\">150 W<\/span><\/td>\n<td><span style=\"font-size: 14px;\">4,48 mm<\/span><\/td>\n<td><span style=\"font-size: 14px;\">Ne<\/span><\/td>\n<td><span style=\"font-size: 14px;\">12,5 m2<\/span><\/td>\n<td><span style=\"font-size: 14px;\">Ne<\/span><\/td>\n<td><span style=\"font-size: 14px;\">25,0 m<\/span><\/td>\n<td style=\"text-align: center;\"><span style=\"font-size: 14px;\">1<\/span><\/td>\n<td><span style=\"font-size: 14px;\">3,0 m<\/span><\/td>\n<td><span style=\"font-size: 14px;\">Ne<\/span><\/td>\n<td><span style=\"font-size: 14px;\">230 V<\/span><\/td>\n<td><span style=\"font-size: 14px;\">1875W\u00a0<\/span><\/td>\n<td><span style=\"font-size: 14px;\">Ne<\/span><\/td>\n<\/tr>\n<\/tbody>\n<\/table>\n<\/figure>\n<\/figure>\n<\/div>\n<\/div>\n<\/div>\n<p>&nbsp;<\/p>\n<p>&nbsp;<\/p>\n<p style=\"text-align: center;\"><iframe src=\"\/\/www.youtube.com\/embed\/ztJT-eRWSg0\" width=\"560\" height=\"314\" allowfullscreen=\"allowfullscreen\"><\/iframe><\/p>\n<p>&nbsp;<\/p>\n<p>&nbsp;<\/p>\n","protected":false},"excerpt":{"rendered":"<p>Grind\u0173 \u0161ildymo kilim\u0117lis tinka naujoms ar renovuojamoms \u0161ildomoms grindims \u012frengti. <strong>ZAMEL Matec<\/strong> gali b\u016bti klojamas \u012f i\u0161lyginam\u0105j\u012f sluoksn\u012f arba plon\u0105 plyteli\u0173 klij\u0173 sluoksn\u012f. Maitinimas i\u0161 vienos pus\u0117s<\/p>\n","protected":false},"featured_media":8523,"comment_status":"closed","ping_status":"closed","template":"","meta":[],"product_brand":[],"product_cat":[141,142,140],"product_tag":[974],"class_list":{"0":"post-34284","1":"product","2":"type-product","3":"status-publish","4":"has-post-thumbnail","6":"product_cat-elektriniai-kilimeliai","7":"product_cat-elektriniai-sildymo-kilimeliai","8":"product_cat-elektriniai-sildymo-kilimeliai-kabeliai","9":"product_tag-ean","11":"first","12":"onbackorder","13":"purchasable","14":"product-type-simple"},"yoast_head":"<!-- This site is optimized with the Yoast SEO Premium plugin v21.5 (Yoast SEO v27.3) - https:\/\/yoast.com\/product\/yoast-seo-premium-wordpress\/ -->\n<title>Elektrinis kilim\u0117lis 1m\u00b2 150W dvilaidis ZAMEL Matec<\/title>\n<meta name=\"description\" content=\"Elektrinis kilim\u0117lis Zamel Matec ; 1m\u00b2 ; Dvilaidis ; \u0160ildymo galia 150W \/ m\u00b2 ; Komplekte apsauginis vamzdis grindiniui temperat\u016bros jutikliui\" \/>\n<meta name=\"robots\" content=\"index, follow, max-snippet:-1, max-image-preview:large, max-video-preview:-1\" \/>\n<link rel=\"canonical\" href=\"https:\/\/eheating.lt\/en\/produktas\/elektrinis-kilimelis-1m\u00b2-150w-dvilaidis-zamel-matec\/\" \/>\n<meta property=\"og:locale\" content=\"en_US\" \/>\n<meta property=\"og:type\" content=\"article\" \/>\n<meta property=\"og:title\" content=\"Elektrinis kilim\u0117lis 1m\u00b2 150W dvilaidis ZAMEL Matec\" \/>\n<meta property=\"og:description\" content=\"Elektrinis kilim\u0117lis Zamel Matec ; 1m\u00b2 ; Dvilaidis ; \u0160ildymo galia 150W \/ m\u00b2 ; Komplekte apsauginis vamzdis grindiniui temperat\u016bros jutikliui\" \/>\n<meta property=\"og:url\" content=\"https:\/\/eheating.lt\/en\/produktas\/elektrinis-kilimelis-1m\u00b2-150w-dvilaidis-zamel-matec\/\" \/>\n<meta property=\"og:site_name\" content=\"Elektronika Namams\" \/>\n<meta property=\"article:publisher\" content=\"https:\/\/www.facebook.com\/ElektronikaNamams\" \/>\n<meta property=\"article:modified_time\" content=\"2024-08-15T20:18:37+00:00\" \/>\n<meta property=\"og:image\" content=\"https:\/\/eheating.lt\/wp-content\/uploads\/2022\/10\/ZAMEL-Matec-MOJ-2.png\" \/>\n\t<meta property=\"og:image:width\" content=\"800\" \/>\n\t<meta property=\"og:image:height\" content=\"800\" \/>\n\t<meta property=\"og:image:type\" content=\"image\/png\" \/>\n<meta name=\"twitter:card\" content=\"summary_large_image\" \/>\n<meta name=\"twitter:label1\" content=\"Price\" \/>\n\t<meta name=\"twitter:data1\" content=\"69,31&nbsp;&euro;\" \/>\n\t<meta name=\"twitter:label2\" content=\"Availability\" \/>\n\t<meta name=\"twitter:data2\" content=\"On backorder\" \/>\n<script type=\"application\/ld+json\" class=\"yoast-schema-graph\">{\"@context\":\"https:\\\/\\\/schema.org\",\"@graph\":[{\"@type\":\"WebPage\",\"@id\":\"https:\\\/\\\/eheating.lt\\\/en\\\/produktas\\\/elektrinis-kilimelis-1m%c2%b2-150w-dvilaidis-zamel-matec\\\/\",\"url\":\"https:\\\/\\\/eheating.lt\\\/en\\\/produktas\\\/elektrinis-kilimelis-1m%c2%b2-150w-dvilaidis-zamel-matec\\\/\",\"name\":\"Elektrinis kilim\u0117lis 1m\u00b2 150W dvilaidis ZAMEL Matec\",\"isPartOf\":{\"@id\":\"https:\\\/\\\/eheating.lt\\\/#website\"},\"primaryImageOfPage\":{\"@id\":\"https:\\\/\\\/eheating.lt\\\/en\\\/produktas\\\/elektrinis-kilimelis-1m%c2%b2-150w-dvilaidis-zamel-matec\\\/#primaryimage\"},\"image\":{\"@id\":\"https:\\\/\\\/eheating.lt\\\/en\\\/produktas\\\/elektrinis-kilimelis-1m%c2%b2-150w-dvilaidis-zamel-matec\\\/#primaryimage\"},\"thumbnailUrl\":\"https:\\\/\\\/eheating.lt\\\/wp-content\\\/uploads\\\/2022\\\/10\\\/ZAMEL-Matec-MOJ-2.png\",\"datePublished\":\"2024-08-15T19:48:20+00:00\",\"dateModified\":\"2024-08-15T20:18:37+00:00\",\"description\":\"Elektrinis kilim\u0117lis Zamel Matec ; 1m\u00b2 ; Dvilaidis ; \u0160ildymo galia 150W \\\/ m\u00b2 ; Komplekte apsauginis vamzdis grindiniui temperat\u016bros jutikliui\",\"breadcrumb\":{\"@id\":\"https:\\\/\\\/eheating.lt\\\/en\\\/produktas\\\/elektrinis-kilimelis-1m%c2%b2-150w-dvilaidis-zamel-matec\\\/#breadcrumb\"},\"inLanguage\":\"en-US\",\"potentialAction\":[{\"@type\":\"ReadAction\",\"target\":[\"https:\\\/\\\/eheating.lt\\\/en\\\/produktas\\\/elektrinis-kilimelis-1m%c2%b2-150w-dvilaidis-zamel-matec\\\/\"]}]},{\"@type\":\"ImageObject\",\"inLanguage\":\"en-US\",\"@id\":\"https:\\\/\\\/eheating.lt\\\/en\\\/produktas\\\/elektrinis-kilimelis-1m%c2%b2-150w-dvilaidis-zamel-matec\\\/#primaryimage\",\"url\":\"https:\\\/\\\/eheating.lt\\\/wp-content\\\/uploads\\\/2022\\\/10\\\/ZAMEL-Matec-MOJ-2.png\",\"contentUrl\":\"https:\\\/\\\/eheating.lt\\\/wp-content\\\/uploads\\\/2022\\\/10\\\/ZAMEL-Matec-MOJ-2.png\",\"width\":800,\"height\":800,\"caption\":\"Zamel matec MOJ\"},{\"@type\":\"BreadcrumbList\",\"@id\":\"https:\\\/\\\/eheating.lt\\\/en\\\/produktas\\\/elektrinis-kilimelis-1m%c2%b2-150w-dvilaidis-zamel-matec\\\/#breadcrumb\",\"itemListElement\":[{\"@type\":\"ListItem\",\"position\":1,\"name\":\"Prad\u017eia\",\"item\":\"https:\\\/\\\/eheating.lt\\\/en\\\/\"},{\"@type\":\"ListItem\",\"position\":2,\"name\":\"Shop\",\"item\":\"https:\\\/\\\/eheating.lt\\\/en\\\/?page_id=5734\"},{\"@type\":\"ListItem\",\"position\":3,\"name\":\"Elektrinis kilim\u0117lis 1m\u00b2 150W dvilaidis ZAMEL Matec\"}]},{\"@type\":\"WebSite\",\"@id\":\"https:\\\/\\\/eheating.lt\\\/#website\",\"url\":\"https:\\\/\\\/eheating.lt\\\/\",\"name\":\"eHeating\",\"description\":\"Elektronika ir \u0161ildymas\",\"potentialAction\":[{\"@type\":\"SearchAction\",\"target\":{\"@type\":\"EntryPoint\",\"urlTemplate\":\"https:\\\/\\\/eheating.lt\\\/?s={search_term_string}\"},\"query-input\":{\"@type\":\"PropertyValueSpecification\",\"valueRequired\":true,\"valueName\":\"search_term_string\"}}],\"inLanguage\":\"en-US\"}]}<\/script>\n<meta property=\"product:price:amount\" content=\"69.31\" \/>\n<meta property=\"product:price:currency\" content=\"EUR\" \/>\n<meta property=\"og:availability\" content=\"backorder\" \/>\n<meta property=\"product:availability\" content=\"available for order\" \/>\n<meta property=\"product:retailer_item_id\" content=\"ZAMEL-MOJ10\" \/>\n<meta property=\"product:condition\" content=\"new\" \/>\n<!-- \/ Yoast SEO Premium plugin. -->","yoast_head_json":{"title":"Elektrinis kilim\u0117lis 1m\u00b2 150W dvilaidis ZAMEL Matec","description":"Elektrinis kilim\u0117lis Zamel Matec ; 1m\u00b2 ; Dvilaidis ; \u0160ildymo galia 150W \/ m\u00b2 ; Komplekte apsauginis vamzdis grindiniui temperat\u016bros jutikliui","robots":{"index":"index","follow":"follow","max-snippet":"max-snippet:-1","max-image-preview":"max-image-preview:large","max-video-preview":"max-video-preview:-1"},"canonical":"https:\/\/eheating.lt\/en\/produktas\/elektrinis-kilimelis-1m\u00b2-150w-dvilaidis-zamel-matec\/","og_locale":"en_US","og_type":"article","og_title":"Elektrinis kilim\u0117lis 1m\u00b2 150W dvilaidis ZAMEL Matec","og_description":"Elektrinis kilim\u0117lis Zamel Matec ; 1m\u00b2 ; Dvilaidis ; \u0160ildymo galia 150W \/ m\u00b2 ; Komplekte apsauginis vamzdis grindiniui temperat\u016bros jutikliui","og_url":"https:\/\/eheating.lt\/en\/produktas\/elektrinis-kilimelis-1m\u00b2-150w-dvilaidis-zamel-matec\/","og_site_name":"Elektronika Namams","article_publisher":"https:\/\/www.facebook.com\/ElektronikaNamams","article_modified_time":"2024-08-15T20:18:37+00:00","og_image":[{"width":800,"height":800,"url":"https:\/\/eheating.lt\/wp-content\/uploads\/2022\/10\/ZAMEL-Matec-MOJ-2.png","type":"image\/png"}],"twitter_card":"summary_large_image","twitter_misc":{"Price":"69,31&nbsp;&euro;","Availability":"On backorder"},"schema":{"@context":"https:\/\/schema.org","@graph":[{"@type":"WebPage","@id":"https:\/\/eheating.lt\/en\/produktas\/elektrinis-kilimelis-1m%c2%b2-150w-dvilaidis-zamel-matec\/","url":"https:\/\/eheating.lt\/en\/produktas\/elektrinis-kilimelis-1m%c2%b2-150w-dvilaidis-zamel-matec\/","name":"Elektrinis kilim\u0117lis 1m\u00b2 150W dvilaidis ZAMEL Matec","isPartOf":{"@id":"https:\/\/eheating.lt\/#website"},"primaryImageOfPage":{"@id":"https:\/\/eheating.lt\/en\/produktas\/elektrinis-kilimelis-1m%c2%b2-150w-dvilaidis-zamel-matec\/#primaryimage"},"image":{"@id":"https:\/\/eheating.lt\/en\/produktas\/elektrinis-kilimelis-1m%c2%b2-150w-dvilaidis-zamel-matec\/#primaryimage"},"thumbnailUrl":"https:\/\/eheating.lt\/wp-content\/uploads\/2022\/10\/ZAMEL-Matec-MOJ-2.png","datePublished":"2024-08-15T19:48:20+00:00","dateModified":"2024-08-15T20:18:37+00:00","description":"Elektrinis kilim\u0117lis Zamel Matec ; 1m\u00b2 ; Dvilaidis ; \u0160ildymo galia 150W \/ m\u00b2 ; Komplekte apsauginis vamzdis grindiniui temperat\u016bros jutikliui","breadcrumb":{"@id":"https:\/\/eheating.lt\/en\/produktas\/elektrinis-kilimelis-1m%c2%b2-150w-dvilaidis-zamel-matec\/#breadcrumb"},"inLanguage":"en-US","potentialAction":[{"@type":"ReadAction","target":["https:\/\/eheating.lt\/en\/produktas\/elektrinis-kilimelis-1m%c2%b2-150w-dvilaidis-zamel-matec\/"]}]},{"@type":"ImageObject","inLanguage":"en-US","@id":"https:\/\/eheating.lt\/en\/produktas\/elektrinis-kilimelis-1m%c2%b2-150w-dvilaidis-zamel-matec\/#primaryimage","url":"https:\/\/eheating.lt\/wp-content\/uploads\/2022\/10\/ZAMEL-Matec-MOJ-2.png","contentUrl":"https:\/\/eheating.lt\/wp-content\/uploads\/2022\/10\/ZAMEL-Matec-MOJ-2.png","width":800,"height":800,"caption":"Zamel matec MOJ"},{"@type":"BreadcrumbList","@id":"https:\/\/eheating.lt\/en\/produktas\/elektrinis-kilimelis-1m%c2%b2-150w-dvilaidis-zamel-matec\/#breadcrumb","itemListElement":[{"@type":"ListItem","position":1,"name":"Prad\u017eia","item":"https:\/\/eheating.lt\/en\/"},{"@type":"ListItem","position":2,"name":"Shop","item":"https:\/\/eheating.lt\/en\/?page_id=5734"},{"@type":"ListItem","position":3,"name":"Elektrinis kilim\u0117lis 1m\u00b2 150W dvilaidis ZAMEL Matec"}]},{"@type":"WebSite","@id":"https:\/\/eheating.lt\/#website","url":"https:\/\/eheating.lt\/","name":"eHeating","description":"Elektronika ir \u0161ildymas","potentialAction":[{"@type":"SearchAction","target":{"@type":"EntryPoint","urlTemplate":"https:\/\/eheating.lt\/?s={search_term_string}"},"query-input":{"@type":"PropertyValueSpecification","valueRequired":true,"valueName":"search_term_string"}}],"inLanguage":"en-US"}]},"product_price_amount":"69.31","product_price_currency":"EUR","og_availability":"backorder","product_availability":"available for order","product_retailer_item_id":"ZAMEL-MOJ10","product_condition":"new"},"_links":{"self":[{"href":"https:\/\/eheating.lt\/en\/wp-json\/wp\/v2\/product\/34284","targetHints":{"allow":["GET"]}}],"collection":[{"href":"https:\/\/eheating.lt\/en\/wp-json\/wp\/v2\/product"}],"about":[{"href":"https:\/\/eheating.lt\/en\/wp-json\/wp\/v2\/types\/product"}],"replies":[{"embeddable":true,"href":"https:\/\/eheating.lt\/en\/wp-json\/wp\/v2\/comments?post=34284"}],"version-history":[{"count":0,"href":"https:\/\/eheating.lt\/en\/wp-json\/wp\/v2\/product\/34284\/revisions"}],"wp:featuredmedia":[{"embeddable":true,"href":"https:\/\/eheating.lt\/en\/wp-json\/wp\/v2\/media\/8523"}],"wp:attachment":[{"href":"https:\/\/eheating.lt\/en\/wp-json\/wp\/v2\/media?parent=34284"}],"wp:term":[{"taxonomy":"product_brand","embeddable":true,"href":"https:\/\/eheating.lt\/en\/wp-json\/wp\/v2\/product_brand?post=34284"},{"taxonomy":"product_cat","embeddable":true,"href":"https:\/\/eheating.lt\/en\/wp-json\/wp\/v2\/product_cat?post=34284"},{"taxonomy":"product_tag","embeddable":true,"href":"https:\/\/eheating.lt\/en\/wp-json\/wp\/v2\/product_tag?post=34284"}],"curies":[{"name":"wp","href":"https:\/\/api.w.org\/{rel}","templated":true}]}}