{"id":34138,"date":"2024-08-02T17:02:22","date_gmt":"2024-08-02T14:02:22","guid":{"rendered":"https:\/\/eheating.lt\/?post_type=product&#038;p=34138"},"modified":"2024-09-13T10:13:14","modified_gmt":"2024-09-13T07:13:14","slug":"morek-ikrovimo-stoteliu-rfid-kortele","status":"publish","type":"product","link":"https:\/\/eheating.lt\/en\/produktas\/morek-ikrovimo-stoteliu-rfid-kortele\/","title":{"rendered":"Morek \u012fkrovimo stoteli\u0173 RFID kortel\u0117"},"content":{"rendered":"<p>Morek firmin\u0117 RFID kortel\u0117, skirta EVC gamini\u0173 asortimentui.<\/p>\n<hr \/>\n<p><span style=\"font-size: 20px;\"><strong>Technin\u0117s specifikacijos:<\/strong><\/span><\/p>\n<ul>\n<li>Gamintojo kodas &#8211; MEVA01HURFID<\/li>\n<li>Svoris: 0,006kg<\/li>\n<\/ul>\n","protected":false},"excerpt":{"rendered":"<p>Morek RFID kortel\u0117, skirta EV stotel\u0117ms.<\/p>\n","protected":false},"featured_media":34139,"comment_status":"closed","ping_status":"closed","template":"","meta":[],"product_brand":[],"product_cat":[190,247],"product_tag":[974],"class_list":{"0":"post-34138","1":"product","2":"type-product","3":"status-publish","4":"has-post-thumbnail","6":"product_cat-elektromobiliu-ikrovimo-stoteles","7":"product_cat-ikrovimo-stoteliu-priedai","8":"product_tag-ean","10":"first","11":"instock","12":"taxable","13":"shipping-taxable","14":"purchasable","15":"product-type-simple"},"yoast_head":"<!-- This site is optimized with the Yoast SEO Premium plugin v21.5 (Yoast SEO v27.5) - https:\/\/yoast.com\/product\/yoast-seo-premium-wordpress\/ -->\n<title>Morek \u012fkrovimo stoteli\u0173 RFID kortel\u0117<\/title>\n<meta name=\"description\" content=\"Morek \u012fkrovimo stoteli\u0173 RFID kortel\u0117 ; Gamintojo kodas - MEVA01HURFID ; Svoris: 0,006kg ; Skirta Morek EVC gamini\u0173 asortimentui\" \/>\n<meta name=\"robots\" content=\"index, follow, max-snippet:-1, max-image-preview:large, max-video-preview:-1\" \/>\n<link rel=\"canonical\" href=\"https:\/\/eheating.lt\/en\/produktas\/morek-ikrovimo-stoteliu-rfid-kortele\/\" \/>\n<meta property=\"og:locale\" content=\"en_US\" \/>\n<meta property=\"og:type\" content=\"article\" \/>\n<meta property=\"og:title\" content=\"Morek \u012fkrovimo stoteli\u0173 RFID kortel\u0117\" \/>\n<meta property=\"og:description\" content=\"Morek \u012fkrovimo stoteli\u0173 RFID kortel\u0117 ; Gamintojo kodas - MEVA01HURFID ; Svoris: 0,006kg ; Skirta Morek EVC gamini\u0173 asortimentui\" \/>\n<meta property=\"og:url\" content=\"https:\/\/eheating.lt\/en\/produktas\/morek-ikrovimo-stoteliu-rfid-kortele\/\" \/>\n<meta property=\"og:site_name\" content=\"Elektronika Namams\" \/>\n<meta property=\"article:publisher\" content=\"https:\/\/www.facebook.com\/ElektronikaNamams\" \/>\n<meta property=\"article:modified_time\" content=\"2024-09-13T07:13:14+00:00\" \/>\n<meta property=\"og:image\" content=\"https:\/\/eheating.lt\/wp-content\/uploads\/2024\/08\/Morek-ikrovimo-stoteliu-RFID-kortele.png\" \/>\n\t<meta property=\"og:image:width\" content=\"800\" \/>\n\t<meta property=\"og:image:height\" content=\"800\" \/>\n\t<meta property=\"og:image:type\" content=\"image\/png\" \/>\n<meta name=\"twitter:card\" content=\"summary_large_image\" \/>\n<meta name=\"twitter:label1\" content=\"Price\" \/>\n\t<meta name=\"twitter:data1\" content=\"5,08&nbsp;&euro;\" \/>\n\t<meta name=\"twitter:label2\" content=\"Availability\" \/>\n\t<meta name=\"twitter:data2\" content=\"In stock\" \/>\n<script type=\"application\/ld+json\" class=\"yoast-schema-graph\">{\"@context\":\"https:\\\/\\\/schema.org\",\"@graph\":[{\"@type\":\"WebPage\",\"@id\":\"https:\\\/\\\/eheating.lt\\\/en\\\/produktas\\\/morek-ikrovimo-stoteliu-rfid-kortele\\\/\",\"url\":\"https:\\\/\\\/eheating.lt\\\/en\\\/produktas\\\/morek-ikrovimo-stoteliu-rfid-kortele\\\/\",\"name\":\"Morek \u012fkrovimo stoteli\u0173 RFID kortel\u0117\",\"isPartOf\":{\"@id\":\"https:\\\/\\\/eheating.lt\\\/#website\"},\"primaryImageOfPage\":{\"@id\":\"https:\\\/\\\/eheating.lt\\\/en\\\/produktas\\\/morek-ikrovimo-stoteliu-rfid-kortele\\\/#primaryimage\"},\"image\":{\"@id\":\"https:\\\/\\\/eheating.lt\\\/en\\\/produktas\\\/morek-ikrovimo-stoteliu-rfid-kortele\\\/#primaryimage\"},\"thumbnailUrl\":\"https:\\\/\\\/eheating.lt\\\/wp-content\\\/uploads\\\/2024\\\/08\\\/Morek-ikrovimo-stoteliu-RFID-kortele.png\",\"datePublished\":\"2024-08-02T14:02:22+00:00\",\"dateModified\":\"2024-09-13T07:13:14+00:00\",\"description\":\"Morek \u012fkrovimo stoteli\u0173 RFID kortel\u0117 ; Gamintojo kodas - MEVA01HURFID ; Svoris: 0,006kg ; Skirta Morek EVC gamini\u0173 asortimentui\",\"breadcrumb\":{\"@id\":\"https:\\\/\\\/eheating.lt\\\/en\\\/produktas\\\/morek-ikrovimo-stoteliu-rfid-kortele\\\/#breadcrumb\"},\"inLanguage\":\"en-US\",\"potentialAction\":[{\"@type\":\"ReadAction\",\"target\":[\"https:\\\/\\\/eheating.lt\\\/en\\\/produktas\\\/morek-ikrovimo-stoteliu-rfid-kortele\\\/\"]}]},{\"@type\":\"ImageObject\",\"inLanguage\":\"en-US\",\"@id\":\"https:\\\/\\\/eheating.lt\\\/en\\\/produktas\\\/morek-ikrovimo-stoteliu-rfid-kortele\\\/#primaryimage\",\"url\":\"https:\\\/\\\/eheating.lt\\\/wp-content\\\/uploads\\\/2024\\\/08\\\/Morek-ikrovimo-stoteliu-RFID-kortele.png\",\"contentUrl\":\"https:\\\/\\\/eheating.lt\\\/wp-content\\\/uploads\\\/2024\\\/08\\\/Morek-ikrovimo-stoteliu-RFID-kortele.png\",\"width\":800,\"height\":800,\"caption\":\"Morek \u012fkrovimo stoteli\u0173 RFID kortel\u0117\"},{\"@type\":\"BreadcrumbList\",\"@id\":\"https:\\\/\\\/eheating.lt\\\/en\\\/produktas\\\/morek-ikrovimo-stoteliu-rfid-kortele\\\/#breadcrumb\",\"itemListElement\":[{\"@type\":\"ListItem\",\"position\":1,\"name\":\"Prad\u017eia\",\"item\":\"https:\\\/\\\/eheating.lt\\\/en\\\/\"},{\"@type\":\"ListItem\",\"position\":2,\"name\":\"Shop\",\"item\":\"https:\\\/\\\/eheating.lt\\\/en\\\/?page_id=5734\"},{\"@type\":\"ListItem\",\"position\":3,\"name\":\"Morek \u012fkrovimo stoteli\u0173 RFID kortel\u0117\"}]},{\"@type\":\"WebSite\",\"@id\":\"https:\\\/\\\/eheating.lt\\\/#website\",\"url\":\"https:\\\/\\\/eheating.lt\\\/\",\"name\":\"eHeating\",\"description\":\"Elektronika ir \u0161ildymas\",\"potentialAction\":[{\"@type\":\"SearchAction\",\"target\":{\"@type\":\"EntryPoint\",\"urlTemplate\":\"https:\\\/\\\/eheating.lt\\\/?s={search_term_string}\"},\"query-input\":{\"@type\":\"PropertyValueSpecification\",\"valueRequired\":true,\"valueName\":\"search_term_string\"}}],\"inLanguage\":\"en-US\"}]}<\/script>\n<meta property=\"product:price:amount\" content=\"5.08\" \/>\n<meta property=\"product:price:currency\" content=\"EUR\" \/>\n<meta property=\"og:availability\" content=\"instock\" \/>\n<meta property=\"product:availability\" content=\"instock\" \/>\n<meta property=\"product:retailer_item_id\" content=\"MEVA01HURFID\" \/>\n<meta property=\"product:condition\" content=\"new\" \/>\n<!-- \/ Yoast SEO Premium plugin. -->","yoast_head_json":{"title":"Morek \u012fkrovimo stoteli\u0173 RFID kortel\u0117","description":"Morek \u012fkrovimo stoteli\u0173 RFID kortel\u0117 ; Gamintojo kodas - MEVA01HURFID ; Svoris: 0,006kg ; Skirta Morek EVC gamini\u0173 asortimentui","robots":{"index":"index","follow":"follow","max-snippet":"max-snippet:-1","max-image-preview":"max-image-preview:large","max-video-preview":"max-video-preview:-1"},"canonical":"https:\/\/eheating.lt\/en\/produktas\/morek-ikrovimo-stoteliu-rfid-kortele\/","og_locale":"en_US","og_type":"article","og_title":"Morek \u012fkrovimo stoteli\u0173 RFID kortel\u0117","og_description":"Morek \u012fkrovimo stoteli\u0173 RFID kortel\u0117 ; Gamintojo kodas - MEVA01HURFID ; Svoris: 0,006kg ; Skirta Morek EVC gamini\u0173 asortimentui","og_url":"https:\/\/eheating.lt\/en\/produktas\/morek-ikrovimo-stoteliu-rfid-kortele\/","og_site_name":"Elektronika Namams","article_publisher":"https:\/\/www.facebook.com\/ElektronikaNamams","article_modified_time":"2024-09-13T07:13:14+00:00","og_image":[{"width":800,"height":800,"url":"https:\/\/eheating.lt\/wp-content\/uploads\/2024\/08\/Morek-ikrovimo-stoteliu-RFID-kortele.png","type":"image\/png"}],"twitter_card":"summary_large_image","twitter_misc":{"Price":"5,08&nbsp;&euro;","Availability":"In stock"},"schema":{"@context":"https:\/\/schema.org","@graph":[{"@type":"WebPage","@id":"https:\/\/eheating.lt\/en\/produktas\/morek-ikrovimo-stoteliu-rfid-kortele\/","url":"https:\/\/eheating.lt\/en\/produktas\/morek-ikrovimo-stoteliu-rfid-kortele\/","name":"Morek \u012fkrovimo stoteli\u0173 RFID kortel\u0117","isPartOf":{"@id":"https:\/\/eheating.lt\/#website"},"primaryImageOfPage":{"@id":"https:\/\/eheating.lt\/en\/produktas\/morek-ikrovimo-stoteliu-rfid-kortele\/#primaryimage"},"image":{"@id":"https:\/\/eheating.lt\/en\/produktas\/morek-ikrovimo-stoteliu-rfid-kortele\/#primaryimage"},"thumbnailUrl":"https:\/\/eheating.lt\/wp-content\/uploads\/2024\/08\/Morek-ikrovimo-stoteliu-RFID-kortele.png","datePublished":"2024-08-02T14:02:22+00:00","dateModified":"2024-09-13T07:13:14+00:00","description":"Morek \u012fkrovimo stoteli\u0173 RFID kortel\u0117 ; Gamintojo kodas - MEVA01HURFID ; Svoris: 0,006kg ; Skirta Morek EVC gamini\u0173 asortimentui","breadcrumb":{"@id":"https:\/\/eheating.lt\/en\/produktas\/morek-ikrovimo-stoteliu-rfid-kortele\/#breadcrumb"},"inLanguage":"en-US","potentialAction":[{"@type":"ReadAction","target":["https:\/\/eheating.lt\/en\/produktas\/morek-ikrovimo-stoteliu-rfid-kortele\/"]}]},{"@type":"ImageObject","inLanguage":"en-US","@id":"https:\/\/eheating.lt\/en\/produktas\/morek-ikrovimo-stoteliu-rfid-kortele\/#primaryimage","url":"https:\/\/eheating.lt\/wp-content\/uploads\/2024\/08\/Morek-ikrovimo-stoteliu-RFID-kortele.png","contentUrl":"https:\/\/eheating.lt\/wp-content\/uploads\/2024\/08\/Morek-ikrovimo-stoteliu-RFID-kortele.png","width":800,"height":800,"caption":"Morek \u012fkrovimo stoteli\u0173 RFID kortel\u0117"},{"@type":"BreadcrumbList","@id":"https:\/\/eheating.lt\/en\/produktas\/morek-ikrovimo-stoteliu-rfid-kortele\/#breadcrumb","itemListElement":[{"@type":"ListItem","position":1,"name":"Prad\u017eia","item":"https:\/\/eheating.lt\/en\/"},{"@type":"ListItem","position":2,"name":"Shop","item":"https:\/\/eheating.lt\/en\/?page_id=5734"},{"@type":"ListItem","position":3,"name":"Morek \u012fkrovimo stoteli\u0173 RFID kortel\u0117"}]},{"@type":"WebSite","@id":"https:\/\/eheating.lt\/#website","url":"https:\/\/eheating.lt\/","name":"eHeating","description":"Elektronika ir \u0161ildymas","potentialAction":[{"@type":"SearchAction","target":{"@type":"EntryPoint","urlTemplate":"https:\/\/eheating.lt\/?s={search_term_string}"},"query-input":{"@type":"PropertyValueSpecification","valueRequired":true,"valueName":"search_term_string"}}],"inLanguage":"en-US"}]},"product_price_amount":"5.08","product_price_currency":"EUR","og_availability":"instock","product_availability":"instock","product_retailer_item_id":"MEVA01HURFID","product_condition":"new"},"_links":{"self":[{"href":"https:\/\/eheating.lt\/en\/wp-json\/wp\/v2\/product\/34138","targetHints":{"allow":["GET"]}}],"collection":[{"href":"https:\/\/eheating.lt\/en\/wp-json\/wp\/v2\/product"}],"about":[{"href":"https:\/\/eheating.lt\/en\/wp-json\/wp\/v2\/types\/product"}],"replies":[{"embeddable":true,"href":"https:\/\/eheating.lt\/en\/wp-json\/wp\/v2\/comments?post=34138"}],"version-history":[{"count":0,"href":"https:\/\/eheating.lt\/en\/wp-json\/wp\/v2\/product\/34138\/revisions"}],"wp:featuredmedia":[{"embeddable":true,"href":"https:\/\/eheating.lt\/en\/wp-json\/wp\/v2\/media\/34139"}],"wp:attachment":[{"href":"https:\/\/eheating.lt\/en\/wp-json\/wp\/v2\/media?parent=34138"}],"wp:term":[{"taxonomy":"product_brand","embeddable":true,"href":"https:\/\/eheating.lt\/en\/wp-json\/wp\/v2\/product_brand?post=34138"},{"taxonomy":"product_cat","embeddable":true,"href":"https:\/\/eheating.lt\/en\/wp-json\/wp\/v2\/product_cat?post=34138"},{"taxonomy":"product_tag","embeddable":true,"href":"https:\/\/eheating.lt\/en\/wp-json\/wp\/v2\/product_tag?post=34138"}],"curies":[{"name":"wp","href":"https:\/\/api.w.org\/{rel}","templated":true}]}}