{"id":34131,"date":"2024-08-02T16:43:31","date_gmt":"2024-08-02T13:43:31","guid":{"rendered":"https:\/\/eheating.lt\/?post_type=product&#038;p=34131"},"modified":"2024-09-13T10:13:32","modified_gmt":"2024-09-13T07:13:32","slug":"morek-ac-ikrovimo-stoteles-stovas-metalinis-remas","status":"publish","type":"product","link":"https:\/\/eheating.lt\/en\/produktas\/morek-ac-ikrovimo-stoteles-stovas-metalinis-remas\/","title":{"rendered":"Morek AC \u012fkrovimo stotel\u0117s stovas, metalinis"},"content":{"rendered":"<p>Morek AC \u012fkrovimo stotel\u0117s stovas, tvirtinamas ant \u017eem\u0117s metaliniu r\u0117mu. Suprojektuotas taip, kad b\u016bt\u0173 patvarus ir paprastas naudoti kaip alternatyva betoniniam \u012ftvirtinimui tinkamo tipo dirvo\u017eemyje. R\u0117mas cinkuotas, kad b\u016bt\u0173 ilgaam\u017eis. Jis pritaikytas Morek AC \u012fkrovimo stotel\u0117s stovui ir gali b\u016bti montuojamas po \u017eeme. Montavimo r\u0117mas tiekiamas su kabeli\u0173 rai\u0161\u010diais ir yra su montavimui reikalingais var\u017etais.<\/p>\n<hr \/>\n<p><span style=\"font-size: 20px;\"><strong>Technin\u0117s specifikacijos:<\/strong><\/span><\/p>\n<ul>\n<li>Cinkuotas<\/li>\n<li>Auk\u0161tis: 1000 mm<\/li>\n<li>Gylis: 245 mm<\/li>\n<li>Plotis: 360 mm<\/li>\n<li>Gamintojo kodas &#8211; MEV003N7021STD<\/li>\n<\/ul>\n<p>&nbsp;<\/p>\n","protected":false},"excerpt":{"rendered":"<p>Morek AC \u012fkrovimo stotel\u0117s cinkuotas stovas, gali b\u016bti montuojamas po \u017eeme kaip alternatyva betonavimui.<\/p>\n","protected":false},"featured_media":34132,"comment_status":"closed","ping_status":"closed","template":"","meta":[],"product_brand":[],"product_cat":[190,247],"product_tag":[974],"class_list":{"0":"post-34131","1":"product","2":"type-product","3":"status-publish","4":"has-post-thumbnail","6":"product_cat-elektromobiliu-ikrovimo-stoteles","7":"product_cat-ikrovimo-stoteliu-priedai","8":"product_tag-ean","10":"first","11":"instock","12":"taxable","13":"shipping-taxable","14":"purchasable","15":"product-type-simple"},"yoast_head":"<!-- This site is optimized with the Yoast SEO Premium plugin v21.5 (Yoast SEO v27.5) - https:\/\/yoast.com\/product\/yoast-seo-premium-wordpress\/ -->\n<title>Morek AC \u012fkrovimo stotel\u0117s stovas, metalinis r\u0117mas<\/title>\n<meta name=\"description\" content=\"Morek AC \u012fkrovimo stotel\u0117s stovas ; Cinkuotas ; Auk\u0161tis 1000 mm ; Gylis: 245 mm ; Plotis 360 mm ; Gamintojo kodas - MEV003N7021STD\" \/>\n<meta name=\"robots\" content=\"index, follow, max-snippet:-1, max-image-preview:large, max-video-preview:-1\" \/>\n<link rel=\"canonical\" href=\"https:\/\/eheating.lt\/produktas\/morek-ac-ikrovimo-stoteles-stovas-metalinis-remas\/\" \/>\n<meta property=\"og:locale\" content=\"en_US\" \/>\n<meta property=\"og:type\" content=\"article\" \/>\n<meta property=\"og:title\" content=\"Morek AC \u012fkrovimo stotel\u0117s stovas, metalinis r\u0117mas\" \/>\n<meta property=\"og:description\" content=\"Morek AC \u012fkrovimo stotel\u0117s stovas ; Cinkuotas ; Auk\u0161tis 1000 mm ; Gylis: 245 mm ; Plotis 360 mm ; Gamintojo kodas - MEV003N7021STD\" \/>\n<meta property=\"og:url\" content=\"https:\/\/eheating.lt\/produktas\/morek-ac-ikrovimo-stoteles-stovas-metalinis-remas\/\" \/>\n<meta property=\"og:site_name\" content=\"Elektronika Namams\" \/>\n<meta property=\"article:publisher\" content=\"https:\/\/www.facebook.com\/ElektronikaNamams\" \/>\n<meta property=\"article:modified_time\" content=\"2024-09-13T07:13:32+00:00\" \/>\n<meta property=\"og:image\" content=\"https:\/\/eheating.lt\/wp-content\/uploads\/2024\/08\/Morek-AC-ikrovimo-stoteles-stovas-metalinis-remas.png\" \/>\n\t<meta property=\"og:image:width\" content=\"800\" \/>\n\t<meta property=\"og:image:height\" content=\"800\" \/>\n\t<meta property=\"og:image:type\" content=\"image\/png\" \/>\n<meta name=\"twitter:card\" content=\"summary_large_image\" \/>\n<meta name=\"twitter:label1\" content=\"Price\" \/>\n\t<meta name=\"twitter:data1\" content=\"254,10&nbsp;&euro;\" \/>\n\t<meta name=\"twitter:label2\" content=\"Availability\" \/>\n\t<meta name=\"twitter:data2\" content=\"In stock\" \/>\n<script type=\"application\/ld+json\" class=\"yoast-schema-graph\">{\"@context\":\"https:\\\/\\\/schema.org\",\"@graph\":[{\"@type\":\"WebPage\",\"@id\":\"https:\\\/\\\/eheating.lt\\\/produktas\\\/morek-ac-ikrovimo-stoteles-stovas-metalinis-remas\\\/\",\"url\":\"https:\\\/\\\/eheating.lt\\\/produktas\\\/morek-ac-ikrovimo-stoteles-stovas-metalinis-remas\\\/\",\"name\":\"Morek AC \u012fkrovimo stotel\u0117s stovas, metalinis r\u0117mas\",\"isPartOf\":{\"@id\":\"https:\\\/\\\/eheating.lt\\\/#website\"},\"primaryImageOfPage\":{\"@id\":\"https:\\\/\\\/eheating.lt\\\/produktas\\\/morek-ac-ikrovimo-stoteles-stovas-metalinis-remas\\\/#primaryimage\"},\"image\":{\"@id\":\"https:\\\/\\\/eheating.lt\\\/produktas\\\/morek-ac-ikrovimo-stoteles-stovas-metalinis-remas\\\/#primaryimage\"},\"thumbnailUrl\":\"https:\\\/\\\/eheating.lt\\\/wp-content\\\/uploads\\\/2024\\\/08\\\/Morek-AC-ikrovimo-stoteles-stovas-metalinis-remas.png\",\"datePublished\":\"2024-08-02T13:43:31+00:00\",\"dateModified\":\"2024-09-13T07:13:32+00:00\",\"description\":\"Morek AC \u012fkrovimo stotel\u0117s stovas ; Cinkuotas ; Auk\u0161tis 1000 mm ; Gylis: 245 mm ; Plotis 360 mm ; Gamintojo kodas - MEV003N7021STD\",\"breadcrumb\":{\"@id\":\"https:\\\/\\\/eheating.lt\\\/produktas\\\/morek-ac-ikrovimo-stoteles-stovas-metalinis-remas\\\/#breadcrumb\"},\"inLanguage\":\"en-US\",\"potentialAction\":[{\"@type\":\"ReadAction\",\"target\":[\"https:\\\/\\\/eheating.lt\\\/produktas\\\/morek-ac-ikrovimo-stoteles-stovas-metalinis-remas\\\/\"]}]},{\"@type\":\"ImageObject\",\"inLanguage\":\"en-US\",\"@id\":\"https:\\\/\\\/eheating.lt\\\/produktas\\\/morek-ac-ikrovimo-stoteles-stovas-metalinis-remas\\\/#primaryimage\",\"url\":\"https:\\\/\\\/eheating.lt\\\/wp-content\\\/uploads\\\/2024\\\/08\\\/Morek-AC-ikrovimo-stoteles-stovas-metalinis-remas.png\",\"contentUrl\":\"https:\\\/\\\/eheating.lt\\\/wp-content\\\/uploads\\\/2024\\\/08\\\/Morek-AC-ikrovimo-stoteles-stovas-metalinis-remas.png\",\"width\":800,\"height\":800,\"caption\":\"Morek AC \u012fkrovimo stotel\u0117s stovas, metalinis r\u0117mas\"},{\"@type\":\"BreadcrumbList\",\"@id\":\"https:\\\/\\\/eheating.lt\\\/produktas\\\/morek-ac-ikrovimo-stoteles-stovas-metalinis-remas\\\/#breadcrumb\",\"itemListElement\":[{\"@type\":\"ListItem\",\"position\":1,\"name\":\"Prad\u017eia\",\"item\":\"https:\\\/\\\/eheating.lt\\\/en\\\/\"},{\"@type\":\"ListItem\",\"position\":2,\"name\":\"Shop\",\"item\":\"https:\\\/\\\/eheating.lt\\\/en\\\/?page_id=5734\"},{\"@type\":\"ListItem\",\"position\":3,\"name\":\"Morek AC \u012fkrovimo stotel\u0117s stovas, metalinis r\u0117mas\"}]},{\"@type\":\"WebSite\",\"@id\":\"https:\\\/\\\/eheating.lt\\\/#website\",\"url\":\"https:\\\/\\\/eheating.lt\\\/\",\"name\":\"eHeating\",\"description\":\"Elektronika ir \u0161ildymas\",\"potentialAction\":[{\"@type\":\"SearchAction\",\"target\":{\"@type\":\"EntryPoint\",\"urlTemplate\":\"https:\\\/\\\/eheating.lt\\\/?s={search_term_string}\"},\"query-input\":{\"@type\":\"PropertyValueSpecification\",\"valueRequired\":true,\"valueName\":\"search_term_string\"}}],\"inLanguage\":\"en-US\"}]}<\/script>\n<meta property=\"product:price:amount\" content=\"254.10\" \/>\n<meta property=\"product:price:currency\" content=\"EUR\" \/>\n<meta property=\"og:availability\" content=\"instock\" \/>\n<meta property=\"product:availability\" content=\"instock\" \/>\n<meta property=\"product:retailer_item_id\" content=\"MEV003N7021STD\" \/>\n<meta property=\"product:condition\" content=\"new\" \/>\n<!-- \/ Yoast SEO Premium plugin. -->","yoast_head_json":{"title":"Morek AC \u012fkrovimo stotel\u0117s stovas, metalinis r\u0117mas","description":"Morek AC \u012fkrovimo stotel\u0117s stovas ; Cinkuotas ; Auk\u0161tis 1000 mm ; Gylis: 245 mm ; Plotis 360 mm ; Gamintojo kodas - MEV003N7021STD","robots":{"index":"index","follow":"follow","max-snippet":"max-snippet:-1","max-image-preview":"max-image-preview:large","max-video-preview":"max-video-preview:-1"},"canonical":"https:\/\/eheating.lt\/produktas\/morek-ac-ikrovimo-stoteles-stovas-metalinis-remas\/","og_locale":"en_US","og_type":"article","og_title":"Morek AC \u012fkrovimo stotel\u0117s stovas, metalinis r\u0117mas","og_description":"Morek AC \u012fkrovimo stotel\u0117s stovas ; Cinkuotas ; Auk\u0161tis 1000 mm ; Gylis: 245 mm ; Plotis 360 mm ; Gamintojo kodas - MEV003N7021STD","og_url":"https:\/\/eheating.lt\/produktas\/morek-ac-ikrovimo-stoteles-stovas-metalinis-remas\/","og_site_name":"Elektronika Namams","article_publisher":"https:\/\/www.facebook.com\/ElektronikaNamams","article_modified_time":"2024-09-13T07:13:32+00:00","og_image":[{"width":800,"height":800,"url":"https:\/\/eheating.lt\/wp-content\/uploads\/2024\/08\/Morek-AC-ikrovimo-stoteles-stovas-metalinis-remas.png","type":"image\/png"}],"twitter_card":"summary_large_image","twitter_misc":{"Price":"254,10&nbsp;&euro;","Availability":"In stock"},"schema":{"@context":"https:\/\/schema.org","@graph":[{"@type":"WebPage","@id":"https:\/\/eheating.lt\/produktas\/morek-ac-ikrovimo-stoteles-stovas-metalinis-remas\/","url":"https:\/\/eheating.lt\/produktas\/morek-ac-ikrovimo-stoteles-stovas-metalinis-remas\/","name":"Morek AC \u012fkrovimo stotel\u0117s stovas, metalinis r\u0117mas","isPartOf":{"@id":"https:\/\/eheating.lt\/#website"},"primaryImageOfPage":{"@id":"https:\/\/eheating.lt\/produktas\/morek-ac-ikrovimo-stoteles-stovas-metalinis-remas\/#primaryimage"},"image":{"@id":"https:\/\/eheating.lt\/produktas\/morek-ac-ikrovimo-stoteles-stovas-metalinis-remas\/#primaryimage"},"thumbnailUrl":"https:\/\/eheating.lt\/wp-content\/uploads\/2024\/08\/Morek-AC-ikrovimo-stoteles-stovas-metalinis-remas.png","datePublished":"2024-08-02T13:43:31+00:00","dateModified":"2024-09-13T07:13:32+00:00","description":"Morek AC \u012fkrovimo stotel\u0117s stovas ; Cinkuotas ; Auk\u0161tis 1000 mm ; Gylis: 245 mm ; Plotis 360 mm ; Gamintojo kodas - MEV003N7021STD","breadcrumb":{"@id":"https:\/\/eheating.lt\/produktas\/morek-ac-ikrovimo-stoteles-stovas-metalinis-remas\/#breadcrumb"},"inLanguage":"en-US","potentialAction":[{"@type":"ReadAction","target":["https:\/\/eheating.lt\/produktas\/morek-ac-ikrovimo-stoteles-stovas-metalinis-remas\/"]}]},{"@type":"ImageObject","inLanguage":"en-US","@id":"https:\/\/eheating.lt\/produktas\/morek-ac-ikrovimo-stoteles-stovas-metalinis-remas\/#primaryimage","url":"https:\/\/eheating.lt\/wp-content\/uploads\/2024\/08\/Morek-AC-ikrovimo-stoteles-stovas-metalinis-remas.png","contentUrl":"https:\/\/eheating.lt\/wp-content\/uploads\/2024\/08\/Morek-AC-ikrovimo-stoteles-stovas-metalinis-remas.png","width":800,"height":800,"caption":"Morek AC \u012fkrovimo stotel\u0117s stovas, metalinis r\u0117mas"},{"@type":"BreadcrumbList","@id":"https:\/\/eheating.lt\/produktas\/morek-ac-ikrovimo-stoteles-stovas-metalinis-remas\/#breadcrumb","itemListElement":[{"@type":"ListItem","position":1,"name":"Prad\u017eia","item":"https:\/\/eheating.lt\/en\/"},{"@type":"ListItem","position":2,"name":"Shop","item":"https:\/\/eheating.lt\/en\/?page_id=5734"},{"@type":"ListItem","position":3,"name":"Morek AC \u012fkrovimo stotel\u0117s stovas, metalinis r\u0117mas"}]},{"@type":"WebSite","@id":"https:\/\/eheating.lt\/#website","url":"https:\/\/eheating.lt\/","name":"eHeating","description":"Elektronika ir \u0161ildymas","potentialAction":[{"@type":"SearchAction","target":{"@type":"EntryPoint","urlTemplate":"https:\/\/eheating.lt\/?s={search_term_string}"},"query-input":{"@type":"PropertyValueSpecification","valueRequired":true,"valueName":"search_term_string"}}],"inLanguage":"en-US"}]},"product_price_amount":"254.10","product_price_currency":"EUR","og_availability":"instock","product_availability":"instock","product_retailer_item_id":"MEV003N7021STD","product_condition":"new"},"_links":{"self":[{"href":"https:\/\/eheating.lt\/en\/wp-json\/wp\/v2\/product\/34131","targetHints":{"allow":["GET"]}}],"collection":[{"href":"https:\/\/eheating.lt\/en\/wp-json\/wp\/v2\/product"}],"about":[{"href":"https:\/\/eheating.lt\/en\/wp-json\/wp\/v2\/types\/product"}],"replies":[{"embeddable":true,"href":"https:\/\/eheating.lt\/en\/wp-json\/wp\/v2\/comments?post=34131"}],"version-history":[{"count":0,"href":"https:\/\/eheating.lt\/en\/wp-json\/wp\/v2\/product\/34131\/revisions"}],"wp:featuredmedia":[{"embeddable":true,"href":"https:\/\/eheating.lt\/en\/wp-json\/wp\/v2\/media\/34132"}],"wp:attachment":[{"href":"https:\/\/eheating.lt\/en\/wp-json\/wp\/v2\/media?parent=34131"}],"wp:term":[{"taxonomy":"product_brand","embeddable":true,"href":"https:\/\/eheating.lt\/en\/wp-json\/wp\/v2\/product_brand?post=34131"},{"taxonomy":"product_cat","embeddable":true,"href":"https:\/\/eheating.lt\/en\/wp-json\/wp\/v2\/product_cat?post=34131"},{"taxonomy":"product_tag","embeddable":true,"href":"https:\/\/eheating.lt\/en\/wp-json\/wp\/v2\/product_tag?post=34131"}],"curies":[{"name":"wp","href":"https:\/\/api.w.org\/{rel}","templated":true}]}}