{"id":34094,"date":"2024-08-02T16:03:41","date_gmt":"2024-08-02T13:03:41","guid":{"rendered":"https:\/\/eheating.lt\/?post_type=product&#038;p=34094"},"modified":"2024-09-13T10:14:42","modified_gmt":"2024-09-13T07:14:42","slug":"morek-mobilus-11-kw-ac-ikroviklis","status":"publish","type":"product","link":"https:\/\/eheating.lt\/en\/produktas\/morek-mobilus-11-kw-ac-ikroviklis\/","title":{"rendered":"Morek mobilus 11 kW AC \u012fkroviklis"},"content":{"rendered":"<p>Kompakti\u0161kas mobilusis \u012fkrovimo adapteris, kuris visada tur\u0117t\u0173 b\u016bti kiekviename elektriniame automobilyje. Naudokite j\u012f keliaudami arba namuose.<\/p>\n<p>Atraskite ma\u017eo, lengvo ir ne\u0161iojamo elektromobili\u0173 \u012fkrovimo patogum\u0105. \u0160is universalus \u012fkroviklis puikiai tinka naudoti keliaujant arba b\u016bnant toli nuo nam\u0173 \u012fkroviklio. Sertifikuotas saugumui, jis pasi\u017eymi IP66 ir IK08 apsaugos laipsniais, u\u017etikrinan\u010diais atsparum\u0105 vandeniui ir dulk\u0117ms, tod\u0117l j\u012f galima saugiai \u012frengti patalpose ir lauke.<\/p>\n<hr \/>\n<p><span style=\"font-size: 20px;\"><strong>Technin\u0117s specifikacijos:<\/strong><\/span><\/p>\n<ul>\n<li>Trifazis 11 kW \/ 32 A \/ 16 A<\/li>\n<li>Type 2 kabelis<\/li>\n<li>LCD ekranas<\/li>\n<li>5 m ilgio kabelis<\/li>\n<li>Apsaugos klas\u0117: IP66<\/li>\n<li>Gamintojo kodas &#8211; MEV11DNNNN5T2<\/li>\n<\/ul>\n<p>&nbsp;<\/p>\n<p><img decoding=\"async\" style=\"height: 30px;\" src=\"http:\/\/eheating.lt\/wp-content\/uploads\/2022\/12\/pdf.png\" \/><a href=\"https:\/\/eheating.lt\/wp-content\/uploads\/2024\/08\/Morek-MEV11DNNNN5T2-datasheet.pdf\"><strong>Specifikacijos (Angl\u0173 k.)<\/strong><\/a><\/p>\n<p>&nbsp;<\/p>\n","protected":false},"excerpt":{"rendered":"<p>Morek mobilus 11 kW AC \u012fkroviklis, trifazis, kabelis, LCD ekranas.<\/p>\n","protected":false},"featured_media":34097,"comment_status":"closed","ping_status":"closed","template":"","meta":[],"product_brand":[],"product_cat":[876,1195],"product_tag":[975],"class_list":{"0":"post-34094","1":"product","2":"type-product","3":"status-publish","4":"has-post-thumbnail","6":"product_cat-ev-charging-stations","7":"product_cat-nesiojami-ikrovimo-kabeliai","8":"product_tag-ean-en","10":"first","11":"instock","12":"taxable","13":"shipping-taxable","14":"purchasable","15":"product-type-simple"},"yoast_head":"<!-- This site is optimized with the Yoast SEO Premium plugin v21.5 (Yoast SEO v27.5) - https:\/\/yoast.com\/product\/yoast-seo-premium-wordpress\/ -->\n<title>Morek mobilus 11 kW AC \u012fkroviklis<\/title>\n<meta name=\"description\" content=\"Morek mobilus 11 kW AC \u012fkroviklis ; trifazis ; TYPE 2 kabelis ; Gamintojo kodas - MEV11DNNNN5T2 ; LCD ekranas ; 5 m ilgio kabelis\" \/>\n<meta name=\"robots\" content=\"index, follow, max-snippet:-1, max-image-preview:large, max-video-preview:-1\" \/>\n<link rel=\"canonical\" href=\"https:\/\/eheating.lt\/produktas\/morek-mobilus-11-kw-ac-ikroviklis\/\" \/>\n<meta property=\"og:locale\" content=\"en_US\" \/>\n<meta property=\"og:type\" content=\"article\" \/>\n<meta property=\"og:title\" content=\"Morek mobilus 11 kW AC \u012fkroviklis\" \/>\n<meta property=\"og:description\" content=\"Morek mobilus 11 kW AC \u012fkroviklis ; trifazis ; TYPE 2 kabelis ; Gamintojo kodas - MEV11DNNNN5T2 ; LCD ekranas ; 5 m ilgio kabelis\" \/>\n<meta property=\"og:url\" content=\"https:\/\/eheating.lt\/produktas\/morek-mobilus-11-kw-ac-ikroviklis\/\" \/>\n<meta property=\"og:site_name\" content=\"Elektronika Namams\" \/>\n<meta property=\"article:publisher\" content=\"https:\/\/www.facebook.com\/ElektronikaNamams\" \/>\n<meta property=\"article:modified_time\" content=\"2024-09-13T07:14:42+00:00\" \/>\n<meta property=\"og:image\" content=\"https:\/\/eheating.lt\/wp-content\/uploads\/2024\/08\/Morek-mobilus-11-kW-AC-ikroviklis.png\" \/>\n\t<meta property=\"og:image:width\" content=\"800\" \/>\n\t<meta property=\"og:image:height\" content=\"800\" \/>\n\t<meta property=\"og:image:type\" content=\"image\/png\" \/>\n<meta name=\"twitter:card\" content=\"summary_large_image\" \/>\n<meta name=\"twitter:label1\" content=\"Price\" \/>\n\t<meta name=\"twitter:data1\" content=\"400,20&nbsp;&euro;\" \/>\n\t<meta name=\"twitter:label2\" content=\"Availability\" \/>\n\t<meta name=\"twitter:data2\" content=\"In stock\" \/>\n<script type=\"application\/ld+json\" class=\"yoast-schema-graph\">{\"@context\":\"https:\\\/\\\/schema.org\",\"@graph\":[{\"@type\":\"WebPage\",\"@id\":\"https:\\\/\\\/eheating.lt\\\/produktas\\\/morek-mobilus-11-kw-ac-ikroviklis\\\/\",\"url\":\"https:\\\/\\\/eheating.lt\\\/produktas\\\/morek-mobilus-11-kw-ac-ikroviklis\\\/\",\"name\":\"Morek mobilus 11 kW AC \u012fkroviklis\",\"isPartOf\":{\"@id\":\"https:\\\/\\\/eheating.lt\\\/#website\"},\"primaryImageOfPage\":{\"@id\":\"https:\\\/\\\/eheating.lt\\\/produktas\\\/morek-mobilus-11-kw-ac-ikroviklis\\\/#primaryimage\"},\"image\":{\"@id\":\"https:\\\/\\\/eheating.lt\\\/produktas\\\/morek-mobilus-11-kw-ac-ikroviklis\\\/#primaryimage\"},\"thumbnailUrl\":\"https:\\\/\\\/eheating.lt\\\/wp-content\\\/uploads\\\/2024\\\/08\\\/Morek-mobilus-11-kW-AC-ikroviklis.png\",\"datePublished\":\"2024-08-02T13:03:41+00:00\",\"dateModified\":\"2024-09-13T07:14:42+00:00\",\"description\":\"Morek mobilus 11 kW AC \u012fkroviklis ; trifazis ; TYPE 2 kabelis ; Gamintojo kodas - MEV11DNNNN5T2 ; LCD ekranas ; 5 m ilgio kabelis\",\"breadcrumb\":{\"@id\":\"https:\\\/\\\/eheating.lt\\\/produktas\\\/morek-mobilus-11-kw-ac-ikroviklis\\\/#breadcrumb\"},\"inLanguage\":\"en-US\",\"potentialAction\":[{\"@type\":\"ReadAction\",\"target\":[\"https:\\\/\\\/eheating.lt\\\/produktas\\\/morek-mobilus-11-kw-ac-ikroviklis\\\/\"]}]},{\"@type\":\"ImageObject\",\"inLanguage\":\"en-US\",\"@id\":\"https:\\\/\\\/eheating.lt\\\/produktas\\\/morek-mobilus-11-kw-ac-ikroviklis\\\/#primaryimage\",\"url\":\"https:\\\/\\\/eheating.lt\\\/wp-content\\\/uploads\\\/2024\\\/08\\\/Morek-mobilus-11-kW-AC-ikroviklis.png\",\"contentUrl\":\"https:\\\/\\\/eheating.lt\\\/wp-content\\\/uploads\\\/2024\\\/08\\\/Morek-mobilus-11-kW-AC-ikroviklis.png\",\"width\":800,\"height\":800,\"caption\":\"Morek mobilus 11 kW AC \u012fkroviklis\"},{\"@type\":\"BreadcrumbList\",\"@id\":\"https:\\\/\\\/eheating.lt\\\/produktas\\\/morek-mobilus-11-kw-ac-ikroviklis\\\/#breadcrumb\",\"itemListElement\":[{\"@type\":\"ListItem\",\"position\":1,\"name\":\"Prad\u017eia\",\"item\":\"https:\\\/\\\/eheating.lt\\\/en\\\/\"},{\"@type\":\"ListItem\",\"position\":2,\"name\":\"Shop\",\"item\":\"https:\\\/\\\/eheating.lt\\\/en\\\/?page_id=5734\"},{\"@type\":\"ListItem\",\"position\":3,\"name\":\"Morek mobilus 11 kW AC \u012fkroviklis\"}]},{\"@type\":\"WebSite\",\"@id\":\"https:\\\/\\\/eheating.lt\\\/#website\",\"url\":\"https:\\\/\\\/eheating.lt\\\/\",\"name\":\"eHeating\",\"description\":\"Elektronika ir \u0161ildymas\",\"potentialAction\":[{\"@type\":\"SearchAction\",\"target\":{\"@type\":\"EntryPoint\",\"urlTemplate\":\"https:\\\/\\\/eheating.lt\\\/?s={search_term_string}\"},\"query-input\":{\"@type\":\"PropertyValueSpecification\",\"valueRequired\":true,\"valueName\":\"search_term_string\"}}],\"inLanguage\":\"en-US\"}]}<\/script>\n<meta property=\"product:price:amount\" content=\"400.20\" \/>\n<meta property=\"product:price:currency\" content=\"EUR\" \/>\n<meta property=\"og:availability\" content=\"instock\" \/>\n<meta property=\"product:availability\" content=\"instock\" \/>\n<meta property=\"product:retailer_item_id\" content=\"MEV11DNNNN5T2\" \/>\n<meta property=\"product:condition\" content=\"new\" \/>\n<!-- \/ Yoast SEO Premium plugin. -->","yoast_head_json":{"title":"Morek mobilus 11 kW AC \u012fkroviklis","description":"Morek mobilus 11 kW AC \u012fkroviklis ; trifazis ; TYPE 2 kabelis ; Gamintojo kodas - MEV11DNNNN5T2 ; LCD ekranas ; 5 m ilgio kabelis","robots":{"index":"index","follow":"follow","max-snippet":"max-snippet:-1","max-image-preview":"max-image-preview:large","max-video-preview":"max-video-preview:-1"},"canonical":"https:\/\/eheating.lt\/produktas\/morek-mobilus-11-kw-ac-ikroviklis\/","og_locale":"en_US","og_type":"article","og_title":"Morek mobilus 11 kW AC \u012fkroviklis","og_description":"Morek mobilus 11 kW AC \u012fkroviklis ; trifazis ; TYPE 2 kabelis ; Gamintojo kodas - MEV11DNNNN5T2 ; LCD ekranas ; 5 m ilgio kabelis","og_url":"https:\/\/eheating.lt\/produktas\/morek-mobilus-11-kw-ac-ikroviklis\/","og_site_name":"Elektronika Namams","article_publisher":"https:\/\/www.facebook.com\/ElektronikaNamams","article_modified_time":"2024-09-13T07:14:42+00:00","og_image":[{"width":800,"height":800,"url":"https:\/\/eheating.lt\/wp-content\/uploads\/2024\/08\/Morek-mobilus-11-kW-AC-ikroviklis.png","type":"image\/png"}],"twitter_card":"summary_large_image","twitter_misc":{"Price":"400,20&nbsp;&euro;","Availability":"In stock"},"schema":{"@context":"https:\/\/schema.org","@graph":[{"@type":"WebPage","@id":"https:\/\/eheating.lt\/produktas\/morek-mobilus-11-kw-ac-ikroviklis\/","url":"https:\/\/eheating.lt\/produktas\/morek-mobilus-11-kw-ac-ikroviklis\/","name":"Morek mobilus 11 kW AC \u012fkroviklis","isPartOf":{"@id":"https:\/\/eheating.lt\/#website"},"primaryImageOfPage":{"@id":"https:\/\/eheating.lt\/produktas\/morek-mobilus-11-kw-ac-ikroviklis\/#primaryimage"},"image":{"@id":"https:\/\/eheating.lt\/produktas\/morek-mobilus-11-kw-ac-ikroviklis\/#primaryimage"},"thumbnailUrl":"https:\/\/eheating.lt\/wp-content\/uploads\/2024\/08\/Morek-mobilus-11-kW-AC-ikroviklis.png","datePublished":"2024-08-02T13:03:41+00:00","dateModified":"2024-09-13T07:14:42+00:00","description":"Morek mobilus 11 kW AC \u012fkroviklis ; trifazis ; TYPE 2 kabelis ; Gamintojo kodas - MEV11DNNNN5T2 ; LCD ekranas ; 5 m ilgio kabelis","breadcrumb":{"@id":"https:\/\/eheating.lt\/produktas\/morek-mobilus-11-kw-ac-ikroviklis\/#breadcrumb"},"inLanguage":"en-US","potentialAction":[{"@type":"ReadAction","target":["https:\/\/eheating.lt\/produktas\/morek-mobilus-11-kw-ac-ikroviklis\/"]}]},{"@type":"ImageObject","inLanguage":"en-US","@id":"https:\/\/eheating.lt\/produktas\/morek-mobilus-11-kw-ac-ikroviklis\/#primaryimage","url":"https:\/\/eheating.lt\/wp-content\/uploads\/2024\/08\/Morek-mobilus-11-kW-AC-ikroviklis.png","contentUrl":"https:\/\/eheating.lt\/wp-content\/uploads\/2024\/08\/Morek-mobilus-11-kW-AC-ikroviklis.png","width":800,"height":800,"caption":"Morek mobilus 11 kW AC \u012fkroviklis"},{"@type":"BreadcrumbList","@id":"https:\/\/eheating.lt\/produktas\/morek-mobilus-11-kw-ac-ikroviklis\/#breadcrumb","itemListElement":[{"@type":"ListItem","position":1,"name":"Prad\u017eia","item":"https:\/\/eheating.lt\/en\/"},{"@type":"ListItem","position":2,"name":"Shop","item":"https:\/\/eheating.lt\/en\/?page_id=5734"},{"@type":"ListItem","position":3,"name":"Morek mobilus 11 kW AC \u012fkroviklis"}]},{"@type":"WebSite","@id":"https:\/\/eheating.lt\/#website","url":"https:\/\/eheating.lt\/","name":"eHeating","description":"Elektronika ir \u0161ildymas","potentialAction":[{"@type":"SearchAction","target":{"@type":"EntryPoint","urlTemplate":"https:\/\/eheating.lt\/?s={search_term_string}"},"query-input":{"@type":"PropertyValueSpecification","valueRequired":true,"valueName":"search_term_string"}}],"inLanguage":"en-US"}]},"product_price_amount":"400.20","product_price_currency":"EUR","og_availability":"instock","product_availability":"instock","product_retailer_item_id":"MEV11DNNNN5T2","product_condition":"new"},"_links":{"self":[{"href":"https:\/\/eheating.lt\/en\/wp-json\/wp\/v2\/product\/34094","targetHints":{"allow":["GET"]}}],"collection":[{"href":"https:\/\/eheating.lt\/en\/wp-json\/wp\/v2\/product"}],"about":[{"href":"https:\/\/eheating.lt\/en\/wp-json\/wp\/v2\/types\/product"}],"replies":[{"embeddable":true,"href":"https:\/\/eheating.lt\/en\/wp-json\/wp\/v2\/comments?post=34094"}],"version-history":[{"count":0,"href":"https:\/\/eheating.lt\/en\/wp-json\/wp\/v2\/product\/34094\/revisions"}],"wp:featuredmedia":[{"embeddable":true,"href":"https:\/\/eheating.lt\/en\/wp-json\/wp\/v2\/media\/34097"}],"wp:attachment":[{"href":"https:\/\/eheating.lt\/en\/wp-json\/wp\/v2\/media?parent=34094"}],"wp:term":[{"taxonomy":"product_brand","embeddable":true,"href":"https:\/\/eheating.lt\/en\/wp-json\/wp\/v2\/product_brand?post=34094"},{"taxonomy":"product_cat","embeddable":true,"href":"https:\/\/eheating.lt\/en\/wp-json\/wp\/v2\/product_cat?post=34094"},{"taxonomy":"product_tag","embeddable":true,"href":"https:\/\/eheating.lt\/en\/wp-json\/wp\/v2\/product_tag?post=34094"}],"curies":[{"name":"wp","href":"https:\/\/api.w.org\/{rel}","templated":true}]}}