{"id":33281,"date":"2024-04-05T15:52:25","date_gmt":"2024-04-05T12:52:25","guid":{"rendered":"https:\/\/eheating.lt\/?post_type=product&#038;p=33281"},"modified":"2025-01-17T18:02:08","modified_gmt":"2025-01-17T16:02:08","slug":"termostatas-konveka-mt230-16","status":"publish","type":"product","link":"https:\/\/eheating.lt\/en\/produktas\/termostatas-konveka-mt230-16\/","title":{"rendered":"Termostatas Konveka MT230-16"},"content":{"rendered":"<p>Konveka MT230 skirtas kambario temperat\u016bros reguliavimui esant elektriniam ar hidrauliniam grind\u0173 \u0161ildymui. Termostatas valdomas sukant valdymo ratuk\u0105. LED indikatorius rodo \u0161ildymo sistemos aktyvumo b\u016bsen\u0105.<\/p>\n<hr \/>\n<p><span style=\"font-size: 18px;\"><strong>Technin\u0117s specifikacijos:<\/strong><\/span><\/p>\n<ul>\n<li>Maitinimas: AC230V\u00b110%, 50-60Hz<\/li>\n<li>Maksimali srov\u0117: 16A<\/li>\n<li>Temperat\u016bros nustatymo diapazonas: 5 &#8211; 40\u00b0C<\/li>\n<li>Maksimali temperat\u016bra: 50\u00b0C<\/li>\n<li>Temperat\u016bros nustatymo tikslumas: \u00b10.5\u00b0C<\/li>\n<li>Eksploatavimo temperat\u016bra: -5 &#8211; 50\u00b0C<\/li>\n<li>Saugos klas\u0117: IP20<\/li>\n<li>Korpuso med\u017eiaga: Ugniai atsparus PC<\/li>\n<li>Grind\u0173 jutiklio kabelio ilgis: 3 m<\/li>\n<li>Matmenys: 86 x 86 x 50 mm<\/li>\n<\/ul>\n<hr \/>\n<p><span style=\"font-size: 16px;\"><strong>Komplektacijoje:<\/strong><\/span><\/p>\n<ul>\n<li>Termostatas<\/li>\n<li>Grind\u0173 jutiklis<\/li>\n<li>Tvirtinimo var\u017etai<\/li>\n<li>Naudotojo instrukcija<\/li>\n<\/ul>\n<p>&nbsp;<\/p>\n<p>&nbsp;<\/p>\n<p><img decoding=\"async\" style=\"height: 30px;\" src=\"http:\/\/eheating.lt\/wp-content\/uploads\/2022\/12\/pdf.png\" \/><a href=\"http:\/\/eheating.lt\/wp-content\/uploads\/2024\/04\/Konveka-MT230-16-datasheet.pdf\"><strong>Specifikacijos (Lietuvi\u0173 k.)<\/strong><\/a><\/p>\n<p><img decoding=\"async\" style=\"height: 30px;\" src=\"http:\/\/eheating.lt\/wp-content\/uploads\/2022\/12\/pdf.png\" \/><a href=\"http:\/\/eheating.lt\/wp-content\/uploads\/2024\/04\/Konveka-MT230-16-manual.pdf\"><strong>Instrukcija (Lietuvi\u0173 k.)<\/strong><\/a><\/p>\n<p>&nbsp;<\/p>\n","protected":false},"excerpt":{"rendered":"<p><strong>Konveka MT230-16<\/strong>\u00a0termostatas baltos spalvos.<\/p>\n","protected":false},"featured_media":33283,"comment_status":"closed","ping_status":"closed","template":"","meta":[],"product_brand":[],"product_cat":[271,225,223],"product_tag":[975],"class_list":{"0":"post-33281","1":"product","2":"type-product","3":"status-publish","4":"has-post-thumbnail","6":"product_cat-electric-mat-thermostats","7":"product_cat-room-thermostats","8":"product_cat-heating-control-automation","9":"product_tag-ean-en","11":"first","12":"instock","13":"purchasable","14":"product-type-simple"},"yoast_head":"<!-- This site is optimized with the Yoast SEO Premium plugin v21.5 (Yoast SEO v27.3) - https:\/\/yoast.com\/product\/yoast-seo-premium-wordpress\/ -->\n<title>Termostatas Konveka MT230-16<\/title>\n<meta name=\"description\" content=\"Termostatas Konveka MT230-16 baltas ; \u012etampa 230V ; Termostatas valdomas sukant valdymo ratuk\u0105 ; LED indikatorius rodo \u0161ildymo sistemos aktyvumo b\u016bsen\u0105\" \/>\n<meta name=\"robots\" content=\"index, follow, max-snippet:-1, max-image-preview:large, max-video-preview:-1\" \/>\n<link rel=\"canonical\" href=\"https:\/\/eheating.lt\/produktas\/termostatas-konveka-mt230-16\/\" \/>\n<meta property=\"og:locale\" content=\"en_US\" \/>\n<meta property=\"og:type\" content=\"article\" \/>\n<meta property=\"og:title\" content=\"Termostatas Konveka MT230-16\" \/>\n<meta property=\"og:description\" content=\"Termostatas Konveka MT230-16 baltas ; \u012etampa 230V ; Termostatas valdomas sukant valdymo ratuk\u0105 ; LED indikatorius rodo \u0161ildymo sistemos aktyvumo b\u016bsen\u0105\" \/>\n<meta property=\"og:url\" content=\"https:\/\/eheating.lt\/produktas\/termostatas-konveka-mt230-16\/\" \/>\n<meta property=\"og:site_name\" content=\"Elektronika Namams\" \/>\n<meta property=\"article:publisher\" content=\"https:\/\/www.facebook.com\/ElektronikaNamams\" \/>\n<meta property=\"article:modified_time\" content=\"2025-01-17T16:02:08+00:00\" \/>\n<meta property=\"og:image\" content=\"https:\/\/eheating.lt\/wp-content\/uploads\/2024\/04\/Termostatas-Konveka-MT230-16.png\" \/>\n\t<meta property=\"og:image:width\" content=\"800\" \/>\n\t<meta property=\"og:image:height\" content=\"800\" \/>\n\t<meta property=\"og:image:type\" content=\"image\/png\" \/>\n<meta name=\"twitter:card\" content=\"summary_large_image\" \/>\n<meta name=\"twitter:label1\" content=\"Price\" \/>\n\t<meta name=\"twitter:data1\" content=\"30,63&nbsp;&euro;\" \/>\n\t<meta name=\"twitter:label2\" content=\"Availability\" \/>\n\t<meta name=\"twitter:data2\" content=\"In stock\" \/>\n<script type=\"application\/ld+json\" class=\"yoast-schema-graph\">{\"@context\":\"https:\\\/\\\/schema.org\",\"@graph\":[{\"@type\":\"WebPage\",\"@id\":\"https:\\\/\\\/eheating.lt\\\/produktas\\\/termostatas-konveka-mt230-16\\\/\",\"url\":\"https:\\\/\\\/eheating.lt\\\/produktas\\\/termostatas-konveka-mt230-16\\\/\",\"name\":\"Termostatas Konveka MT230-16\",\"isPartOf\":{\"@id\":\"https:\\\/\\\/eheating.lt\\\/#website\"},\"primaryImageOfPage\":{\"@id\":\"https:\\\/\\\/eheating.lt\\\/produktas\\\/termostatas-konveka-mt230-16\\\/#primaryimage\"},\"image\":{\"@id\":\"https:\\\/\\\/eheating.lt\\\/produktas\\\/termostatas-konveka-mt230-16\\\/#primaryimage\"},\"thumbnailUrl\":\"https:\\\/\\\/eheating.lt\\\/wp-content\\\/uploads\\\/2024\\\/04\\\/Termostatas-Konveka-MT230-16.png\",\"datePublished\":\"2024-04-05T12:52:25+00:00\",\"dateModified\":\"2025-01-17T16:02:08+00:00\",\"description\":\"Termostatas Konveka MT230-16 baltas ; \u012etampa 230V ; Termostatas valdomas sukant valdymo ratuk\u0105 ; LED indikatorius rodo \u0161ildymo sistemos aktyvumo b\u016bsen\u0105\",\"breadcrumb\":{\"@id\":\"https:\\\/\\\/eheating.lt\\\/produktas\\\/termostatas-konveka-mt230-16\\\/#breadcrumb\"},\"inLanguage\":\"en-US\",\"potentialAction\":[{\"@type\":\"ReadAction\",\"target\":[\"https:\\\/\\\/eheating.lt\\\/produktas\\\/termostatas-konveka-mt230-16\\\/\"]}]},{\"@type\":\"ImageObject\",\"inLanguage\":\"en-US\",\"@id\":\"https:\\\/\\\/eheating.lt\\\/produktas\\\/termostatas-konveka-mt230-16\\\/#primaryimage\",\"url\":\"https:\\\/\\\/eheating.lt\\\/wp-content\\\/uploads\\\/2024\\\/04\\\/Termostatas-Konveka-MT230-16.png\",\"contentUrl\":\"https:\\\/\\\/eheating.lt\\\/wp-content\\\/uploads\\\/2024\\\/04\\\/Termostatas-Konveka-MT230-16.png\",\"width\":800,\"height\":800,\"caption\":\"Termostatas Konveka MT230-16\"},{\"@type\":\"BreadcrumbList\",\"@id\":\"https:\\\/\\\/eheating.lt\\\/produktas\\\/termostatas-konveka-mt230-16\\\/#breadcrumb\",\"itemListElement\":[{\"@type\":\"ListItem\",\"position\":1,\"name\":\"Prad\u017eia\",\"item\":\"https:\\\/\\\/eheating.lt\\\/en\\\/\"},{\"@type\":\"ListItem\",\"position\":2,\"name\":\"Shop\",\"item\":\"https:\\\/\\\/eheating.lt\\\/en\\\/?page_id=5734\"},{\"@type\":\"ListItem\",\"position\":3,\"name\":\"Termostatas Konveka MT230-16\"}]},{\"@type\":\"WebSite\",\"@id\":\"https:\\\/\\\/eheating.lt\\\/#website\",\"url\":\"https:\\\/\\\/eheating.lt\\\/\",\"name\":\"eHeating\",\"description\":\"Elektronika ir \u0161ildymas\",\"potentialAction\":[{\"@type\":\"SearchAction\",\"target\":{\"@type\":\"EntryPoint\",\"urlTemplate\":\"https:\\\/\\\/eheating.lt\\\/?s={search_term_string}\"},\"query-input\":{\"@type\":\"PropertyValueSpecification\",\"valueRequired\":true,\"valueName\":\"search_term_string\"}}],\"inLanguage\":\"en-US\"}]}<\/script>\n<meta property=\"product:price:amount\" content=\"30.63\" \/>\n<meta property=\"product:price:currency\" content=\"EUR\" \/>\n<meta property=\"og:availability\" content=\"instock\" \/>\n<meta property=\"product:availability\" content=\"instock\" \/>\n<meta property=\"product:retailer_item_id\" content=\"KONVEKA-MT230-16\" \/>\n<meta property=\"product:condition\" content=\"new\" \/>\n<!-- \/ Yoast SEO Premium plugin. -->","yoast_head_json":{"title":"Termostatas Konveka MT230-16","description":"Termostatas Konveka MT230-16 baltas ; \u012etampa 230V ; Termostatas valdomas sukant valdymo ratuk\u0105 ; LED indikatorius rodo \u0161ildymo sistemos aktyvumo b\u016bsen\u0105","robots":{"index":"index","follow":"follow","max-snippet":"max-snippet:-1","max-image-preview":"max-image-preview:large","max-video-preview":"max-video-preview:-1"},"canonical":"https:\/\/eheating.lt\/produktas\/termostatas-konveka-mt230-16\/","og_locale":"en_US","og_type":"article","og_title":"Termostatas Konveka MT230-16","og_description":"Termostatas Konveka MT230-16 baltas ; \u012etampa 230V ; Termostatas valdomas sukant valdymo ratuk\u0105 ; LED indikatorius rodo \u0161ildymo sistemos aktyvumo b\u016bsen\u0105","og_url":"https:\/\/eheating.lt\/produktas\/termostatas-konveka-mt230-16\/","og_site_name":"Elektronika Namams","article_publisher":"https:\/\/www.facebook.com\/ElektronikaNamams","article_modified_time":"2025-01-17T16:02:08+00:00","og_image":[{"width":800,"height":800,"url":"https:\/\/eheating.lt\/wp-content\/uploads\/2024\/04\/Termostatas-Konveka-MT230-16.png","type":"image\/png"}],"twitter_card":"summary_large_image","twitter_misc":{"Price":"30,63&nbsp;&euro;","Availability":"In stock"},"schema":{"@context":"https:\/\/schema.org","@graph":[{"@type":"WebPage","@id":"https:\/\/eheating.lt\/produktas\/termostatas-konveka-mt230-16\/","url":"https:\/\/eheating.lt\/produktas\/termostatas-konveka-mt230-16\/","name":"Termostatas Konveka MT230-16","isPartOf":{"@id":"https:\/\/eheating.lt\/#website"},"primaryImageOfPage":{"@id":"https:\/\/eheating.lt\/produktas\/termostatas-konveka-mt230-16\/#primaryimage"},"image":{"@id":"https:\/\/eheating.lt\/produktas\/termostatas-konveka-mt230-16\/#primaryimage"},"thumbnailUrl":"https:\/\/eheating.lt\/wp-content\/uploads\/2024\/04\/Termostatas-Konveka-MT230-16.png","datePublished":"2024-04-05T12:52:25+00:00","dateModified":"2025-01-17T16:02:08+00:00","description":"Termostatas Konveka MT230-16 baltas ; \u012etampa 230V ; Termostatas valdomas sukant valdymo ratuk\u0105 ; LED indikatorius rodo \u0161ildymo sistemos aktyvumo b\u016bsen\u0105","breadcrumb":{"@id":"https:\/\/eheating.lt\/produktas\/termostatas-konveka-mt230-16\/#breadcrumb"},"inLanguage":"en-US","potentialAction":[{"@type":"ReadAction","target":["https:\/\/eheating.lt\/produktas\/termostatas-konveka-mt230-16\/"]}]},{"@type":"ImageObject","inLanguage":"en-US","@id":"https:\/\/eheating.lt\/produktas\/termostatas-konveka-mt230-16\/#primaryimage","url":"https:\/\/eheating.lt\/wp-content\/uploads\/2024\/04\/Termostatas-Konveka-MT230-16.png","contentUrl":"https:\/\/eheating.lt\/wp-content\/uploads\/2024\/04\/Termostatas-Konveka-MT230-16.png","width":800,"height":800,"caption":"Termostatas Konveka MT230-16"},{"@type":"BreadcrumbList","@id":"https:\/\/eheating.lt\/produktas\/termostatas-konveka-mt230-16\/#breadcrumb","itemListElement":[{"@type":"ListItem","position":1,"name":"Prad\u017eia","item":"https:\/\/eheating.lt\/en\/"},{"@type":"ListItem","position":2,"name":"Shop","item":"https:\/\/eheating.lt\/en\/?page_id=5734"},{"@type":"ListItem","position":3,"name":"Termostatas Konveka MT230-16"}]},{"@type":"WebSite","@id":"https:\/\/eheating.lt\/#website","url":"https:\/\/eheating.lt\/","name":"eHeating","description":"Elektronika ir \u0161ildymas","potentialAction":[{"@type":"SearchAction","target":{"@type":"EntryPoint","urlTemplate":"https:\/\/eheating.lt\/?s={search_term_string}"},"query-input":{"@type":"PropertyValueSpecification","valueRequired":true,"valueName":"search_term_string"}}],"inLanguage":"en-US"}]},"product_price_amount":"30.63","product_price_currency":"EUR","og_availability":"instock","product_availability":"instock","product_retailer_item_id":"KONVEKA-MT230-16","product_condition":"new"},"_links":{"self":[{"href":"https:\/\/eheating.lt\/en\/wp-json\/wp\/v2\/product\/33281","targetHints":{"allow":["GET"]}}],"collection":[{"href":"https:\/\/eheating.lt\/en\/wp-json\/wp\/v2\/product"}],"about":[{"href":"https:\/\/eheating.lt\/en\/wp-json\/wp\/v2\/types\/product"}],"replies":[{"embeddable":true,"href":"https:\/\/eheating.lt\/en\/wp-json\/wp\/v2\/comments?post=33281"}],"version-history":[{"count":1,"href":"https:\/\/eheating.lt\/en\/wp-json\/wp\/v2\/product\/33281\/revisions"}],"predecessor-version":[{"id":37817,"href":"https:\/\/eheating.lt\/en\/wp-json\/wp\/v2\/product\/33281\/revisions\/37817"}],"wp:featuredmedia":[{"embeddable":true,"href":"https:\/\/eheating.lt\/en\/wp-json\/wp\/v2\/media\/33283"}],"wp:attachment":[{"href":"https:\/\/eheating.lt\/en\/wp-json\/wp\/v2\/media?parent=33281"}],"wp:term":[{"taxonomy":"product_brand","embeddable":true,"href":"https:\/\/eheating.lt\/en\/wp-json\/wp\/v2\/product_brand?post=33281"},{"taxonomy":"product_cat","embeddable":true,"href":"https:\/\/eheating.lt\/en\/wp-json\/wp\/v2\/product_cat?post=33281"},{"taxonomy":"product_tag","embeddable":true,"href":"https:\/\/eheating.lt\/en\/wp-json\/wp\/v2\/product_tag?post=33281"}],"curies":[{"name":"wp","href":"https:\/\/api.w.org\/{rel}","templated":true}]}}