{"id":33267,"date":"2024-04-04T17:06:22","date_gmt":"2024-04-04T14:06:22","guid":{"rendered":"https:\/\/eheating.lt\/?post_type=product&#038;p=33267"},"modified":"2025-01-17T18:02:19","modified_gmt":"2025-01-17T16:02:19","slug":"belaide-zigbee-centrale-konveka-gz","status":"publish","type":"product","link":"https:\/\/eheating.lt\/en\/produktas\/belaide-zigbee-centrale-konveka-gz\/","title":{"rendered":"Belaid\u0117 Zigbee central\u0117 Konveka GZ"},"content":{"rendered":"<p>Belaid\u0117\u00a0ZigBee central\u0117\u00a0(GZ) yra naudojama kaip centrin\u0117\u00a0valdymo stotis Zigbee \u012frenginiams. Per i\u0161mani\u0105j\u0105 program\u0117l\u0119 naudotojai gali\u00a0prijungti \u012frenginius prie tinklo, integruoti tre\u010di\u0173j\u0173 \u0161ali\u0173 valdymo sistemas ir\u00a0valdyti ZigBee \u012frengini\u0173 grupes. \u0160i galimyb\u0117 efektyviai sprend\u017eia \u012fvairius i\u0161mani\u0173j\u0173 nam\u0173 poreikius.<\/p>\n<hr \/>\n<p><span style=\"font-size: 18px;\"><strong>Technin\u0117s specifikacijos:<\/strong><\/span><\/p>\n<ul>\n<li>Maitinimo jungtis: Micro USB<\/li>\n<li>Srov\u0117: 1A<\/li>\n<li>\u012etampa: 5V DC<\/li>\n<li>Eksploatavimo temperat\u016bra: 0 &#8211; 45\u00b0C<\/li>\n<li>Eksploatavimo ir sand\u0117liavimo dr\u0117gm\u0117: 5 &#8211; 95% RH (be kondensavimosi)<\/li>\n<li>Sand\u0117liavimo temperat\u016bra: -10 iki 45\u00b0C<\/li>\n<li>Ry\u0161io protokolas: Wi-Fi 802.11 b\/g\/n ZigBee 802.15.4<\/li>\n<li>Matmenys: 66.5 x 66.5 x 14 mm<\/li>\n<li>Svoris: 58 g<\/li>\n<\/ul>\n<p>&nbsp;<\/p>\n<p>&nbsp;<\/p>\n<p><img decoding=\"async\" style=\"height: 30px;\" src=\"http:\/\/eheating.lt\/wp-content\/uploads\/2022\/12\/pdf.png\" \/><a href=\"http:\/\/eheating.lt\/wp-content\/uploads\/2024\/04\/Konveka-GZ-manual.pdf\"><strong>Instrukcija (Lietuvi\u0173 k.)<\/strong><\/a><\/p>\n<p><img decoding=\"async\" style=\"height: 30px;\" src=\"http:\/\/eheating.lt\/wp-content\/uploads\/2022\/12\/pdf.png\" \/><a href=\"http:\/\/eheating.lt\/wp-content\/uploads\/2024\/04\/Konveka-GZ-datasheet.pdf\"><strong>Specifikacijos (Lietuvi\u0173 k.) <\/strong><\/a><\/p>\n<p>&nbsp;<\/p>\n<p>&nbsp;<\/p>\n","protected":false},"excerpt":{"rendered":"<p>Belaid\u0117 Zigbee central\u0117 Konveka GZ, kuri skirta valdyti termostatinei galvai Konveka THZ.<\/p>\n","protected":false},"featured_media":33273,"comment_status":"closed","ping_status":"closed","template":"","meta":[],"product_brand":[],"product_cat":[223,233],"product_tag":[975],"class_list":{"0":"post-33267","1":"product","2":"type-product","3":"status-publish","4":"has-post-thumbnail","6":"product_cat-heating-control-automation","7":"product_cat-control-panels","8":"product_tag-ean-en","10":"first","11":"instock","12":"taxable","13":"shipping-taxable","14":"purchasable","15":"product-type-simple"},"yoast_head":"<!-- This site is optimized with the Yoast SEO Premium plugin v21.5 (Yoast SEO v27.3) - https:\/\/yoast.com\/product\/yoast-seo-premium-wordpress\/ -->\n<title>Belaid\u0117 Zigbee central\u0117 Konveka GZ<\/title>\n<meta name=\"description\" content=\"Belaid\u0117 Zigbee central\u0117 Konveka GZ ; Skirta valdyti termostatinei galvai Konveka THZ ; Ry\u0161io protokolas: Wi-Fi 802.11 b\/g\/n ZigBee 802.15.4\" \/>\n<meta name=\"robots\" content=\"index, follow, max-snippet:-1, max-image-preview:large, max-video-preview:-1\" \/>\n<link rel=\"canonical\" href=\"https:\/\/eheating.lt\/en\/produktas\/belaide-zigbee-centrale-konveka-gz\/\" \/>\n<meta property=\"og:locale\" content=\"en_US\" \/>\n<meta property=\"og:type\" content=\"article\" \/>\n<meta property=\"og:title\" content=\"Belaid\u0117 Zigbee central\u0117 Konveka GZ\" \/>\n<meta property=\"og:description\" content=\"Belaid\u0117 Zigbee central\u0117 Konveka GZ ; Skirta valdyti termostatinei galvai Konveka THZ ; Ry\u0161io protokolas: Wi-Fi 802.11 b\/g\/n ZigBee 802.15.4\" \/>\n<meta property=\"og:url\" content=\"https:\/\/eheating.lt\/en\/produktas\/belaide-zigbee-centrale-konveka-gz\/\" \/>\n<meta property=\"og:site_name\" content=\"Elektronika Namams\" \/>\n<meta property=\"article:publisher\" content=\"https:\/\/www.facebook.com\/ElektronikaNamams\" \/>\n<meta property=\"article:modified_time\" content=\"2025-01-17T16:02:19+00:00\" \/>\n<meta property=\"og:image\" content=\"https:\/\/eheating.lt\/wp-content\/uploads\/2024\/04\/Belaide-Zigbee-centrale-Konveka-GZ.png\" \/>\n\t<meta property=\"og:image:width\" content=\"800\" \/>\n\t<meta property=\"og:image:height\" content=\"800\" \/>\n\t<meta property=\"og:image:type\" content=\"image\/png\" \/>\n<meta name=\"twitter:card\" content=\"summary_large_image\" \/>\n<meta name=\"twitter:label1\" content=\"Price\" \/>\n\t<meta name=\"twitter:data1\" content=\"72,93&nbsp;&euro;\" \/>\n\t<meta name=\"twitter:label2\" content=\"Availability\" \/>\n\t<meta name=\"twitter:data2\" content=\"In stock\" \/>\n<script type=\"application\/ld+json\" class=\"yoast-schema-graph\">{\"@context\":\"https:\\\/\\\/schema.org\",\"@graph\":[{\"@type\":\"WebPage\",\"@id\":\"https:\\\/\\\/eheating.lt\\\/en\\\/produktas\\\/belaide-zigbee-centrale-konveka-gz\\\/\",\"url\":\"https:\\\/\\\/eheating.lt\\\/en\\\/produktas\\\/belaide-zigbee-centrale-konveka-gz\\\/\",\"name\":\"Belaid\u0117 Zigbee central\u0117 Konveka GZ\",\"isPartOf\":{\"@id\":\"https:\\\/\\\/eheating.lt\\\/#website\"},\"primaryImageOfPage\":{\"@id\":\"https:\\\/\\\/eheating.lt\\\/en\\\/produktas\\\/belaide-zigbee-centrale-konveka-gz\\\/#primaryimage\"},\"image\":{\"@id\":\"https:\\\/\\\/eheating.lt\\\/en\\\/produktas\\\/belaide-zigbee-centrale-konveka-gz\\\/#primaryimage\"},\"thumbnailUrl\":\"https:\\\/\\\/eheating.lt\\\/wp-content\\\/uploads\\\/2024\\\/04\\\/Belaide-Zigbee-centrale-Konveka-GZ.png\",\"datePublished\":\"2024-04-04T14:06:22+00:00\",\"dateModified\":\"2025-01-17T16:02:19+00:00\",\"description\":\"Belaid\u0117 Zigbee central\u0117 Konveka GZ ; Skirta valdyti termostatinei galvai Konveka THZ ; Ry\u0161io protokolas: Wi-Fi 802.11 b\\\/g\\\/n ZigBee 802.15.4\",\"breadcrumb\":{\"@id\":\"https:\\\/\\\/eheating.lt\\\/en\\\/produktas\\\/belaide-zigbee-centrale-konveka-gz\\\/#breadcrumb\"},\"inLanguage\":\"en-US\",\"potentialAction\":[{\"@type\":\"ReadAction\",\"target\":[\"https:\\\/\\\/eheating.lt\\\/en\\\/produktas\\\/belaide-zigbee-centrale-konveka-gz\\\/\"]}]},{\"@type\":\"ImageObject\",\"inLanguage\":\"en-US\",\"@id\":\"https:\\\/\\\/eheating.lt\\\/en\\\/produktas\\\/belaide-zigbee-centrale-konveka-gz\\\/#primaryimage\",\"url\":\"https:\\\/\\\/eheating.lt\\\/wp-content\\\/uploads\\\/2024\\\/04\\\/Belaide-Zigbee-centrale-Konveka-GZ.png\",\"contentUrl\":\"https:\\\/\\\/eheating.lt\\\/wp-content\\\/uploads\\\/2024\\\/04\\\/Belaide-Zigbee-centrale-Konveka-GZ.png\",\"width\":800,\"height\":800,\"caption\":\"Belaid\u0117 Zigbee central\u0117 Konveka GZ\"},{\"@type\":\"BreadcrumbList\",\"@id\":\"https:\\\/\\\/eheating.lt\\\/en\\\/produktas\\\/belaide-zigbee-centrale-konveka-gz\\\/#breadcrumb\",\"itemListElement\":[{\"@type\":\"ListItem\",\"position\":1,\"name\":\"Prad\u017eia\",\"item\":\"https:\\\/\\\/eheating.lt\\\/en\\\/\"},{\"@type\":\"ListItem\",\"position\":2,\"name\":\"Shop\",\"item\":\"https:\\\/\\\/eheating.lt\\\/en\\\/?page_id=5734\"},{\"@type\":\"ListItem\",\"position\":3,\"name\":\"Belaid\u0117 Zigbee central\u0117 Konveka GZ\"}]},{\"@type\":\"WebSite\",\"@id\":\"https:\\\/\\\/eheating.lt\\\/#website\",\"url\":\"https:\\\/\\\/eheating.lt\\\/\",\"name\":\"eHeating\",\"description\":\"Elektronika ir \u0161ildymas\",\"potentialAction\":[{\"@type\":\"SearchAction\",\"target\":{\"@type\":\"EntryPoint\",\"urlTemplate\":\"https:\\\/\\\/eheating.lt\\\/?s={search_term_string}\"},\"query-input\":{\"@type\":\"PropertyValueSpecification\",\"valueRequired\":true,\"valueName\":\"search_term_string\"}}],\"inLanguage\":\"en-US\"}]}<\/script>\n<meta property=\"product:price:amount\" content=\"72.93\" \/>\n<meta property=\"product:price:currency\" content=\"EUR\" \/>\n<meta property=\"og:availability\" content=\"instock\" \/>\n<meta property=\"product:availability\" content=\"instock\" \/>\n<meta property=\"product:retailer_item_id\" content=\"KONVEKA-GZ\" \/>\n<meta property=\"product:condition\" content=\"new\" \/>\n<!-- \/ Yoast SEO Premium plugin. -->","yoast_head_json":{"title":"Belaid\u0117 Zigbee central\u0117 Konveka GZ","description":"Belaid\u0117 Zigbee central\u0117 Konveka GZ ; Skirta valdyti termostatinei galvai Konveka THZ ; Ry\u0161io protokolas: Wi-Fi 802.11 b\/g\/n ZigBee 802.15.4","robots":{"index":"index","follow":"follow","max-snippet":"max-snippet:-1","max-image-preview":"max-image-preview:large","max-video-preview":"max-video-preview:-1"},"canonical":"https:\/\/eheating.lt\/en\/produktas\/belaide-zigbee-centrale-konveka-gz\/","og_locale":"en_US","og_type":"article","og_title":"Belaid\u0117 Zigbee central\u0117 Konveka GZ","og_description":"Belaid\u0117 Zigbee central\u0117 Konveka GZ ; Skirta valdyti termostatinei galvai Konveka THZ ; Ry\u0161io protokolas: Wi-Fi 802.11 b\/g\/n ZigBee 802.15.4","og_url":"https:\/\/eheating.lt\/en\/produktas\/belaide-zigbee-centrale-konveka-gz\/","og_site_name":"Elektronika Namams","article_publisher":"https:\/\/www.facebook.com\/ElektronikaNamams","article_modified_time":"2025-01-17T16:02:19+00:00","og_image":[{"width":800,"height":800,"url":"https:\/\/eheating.lt\/wp-content\/uploads\/2024\/04\/Belaide-Zigbee-centrale-Konveka-GZ.png","type":"image\/png"}],"twitter_card":"summary_large_image","twitter_misc":{"Price":"72,93&nbsp;&euro;","Availability":"In stock"},"schema":{"@context":"https:\/\/schema.org","@graph":[{"@type":"WebPage","@id":"https:\/\/eheating.lt\/en\/produktas\/belaide-zigbee-centrale-konveka-gz\/","url":"https:\/\/eheating.lt\/en\/produktas\/belaide-zigbee-centrale-konveka-gz\/","name":"Belaid\u0117 Zigbee central\u0117 Konveka GZ","isPartOf":{"@id":"https:\/\/eheating.lt\/#website"},"primaryImageOfPage":{"@id":"https:\/\/eheating.lt\/en\/produktas\/belaide-zigbee-centrale-konveka-gz\/#primaryimage"},"image":{"@id":"https:\/\/eheating.lt\/en\/produktas\/belaide-zigbee-centrale-konveka-gz\/#primaryimage"},"thumbnailUrl":"https:\/\/eheating.lt\/wp-content\/uploads\/2024\/04\/Belaide-Zigbee-centrale-Konveka-GZ.png","datePublished":"2024-04-04T14:06:22+00:00","dateModified":"2025-01-17T16:02:19+00:00","description":"Belaid\u0117 Zigbee central\u0117 Konveka GZ ; Skirta valdyti termostatinei galvai Konveka THZ ; Ry\u0161io protokolas: Wi-Fi 802.11 b\/g\/n ZigBee 802.15.4","breadcrumb":{"@id":"https:\/\/eheating.lt\/en\/produktas\/belaide-zigbee-centrale-konveka-gz\/#breadcrumb"},"inLanguage":"en-US","potentialAction":[{"@type":"ReadAction","target":["https:\/\/eheating.lt\/en\/produktas\/belaide-zigbee-centrale-konveka-gz\/"]}]},{"@type":"ImageObject","inLanguage":"en-US","@id":"https:\/\/eheating.lt\/en\/produktas\/belaide-zigbee-centrale-konveka-gz\/#primaryimage","url":"https:\/\/eheating.lt\/wp-content\/uploads\/2024\/04\/Belaide-Zigbee-centrale-Konveka-GZ.png","contentUrl":"https:\/\/eheating.lt\/wp-content\/uploads\/2024\/04\/Belaide-Zigbee-centrale-Konveka-GZ.png","width":800,"height":800,"caption":"Belaid\u0117 Zigbee central\u0117 Konveka GZ"},{"@type":"BreadcrumbList","@id":"https:\/\/eheating.lt\/en\/produktas\/belaide-zigbee-centrale-konveka-gz\/#breadcrumb","itemListElement":[{"@type":"ListItem","position":1,"name":"Prad\u017eia","item":"https:\/\/eheating.lt\/en\/"},{"@type":"ListItem","position":2,"name":"Shop","item":"https:\/\/eheating.lt\/en\/?page_id=5734"},{"@type":"ListItem","position":3,"name":"Belaid\u0117 Zigbee central\u0117 Konveka GZ"}]},{"@type":"WebSite","@id":"https:\/\/eheating.lt\/#website","url":"https:\/\/eheating.lt\/","name":"eHeating","description":"Elektronika ir \u0161ildymas","potentialAction":[{"@type":"SearchAction","target":{"@type":"EntryPoint","urlTemplate":"https:\/\/eheating.lt\/?s={search_term_string}"},"query-input":{"@type":"PropertyValueSpecification","valueRequired":true,"valueName":"search_term_string"}}],"inLanguage":"en-US"}]},"product_price_amount":"72.93","product_price_currency":"EUR","og_availability":"instock","product_availability":"instock","product_retailer_item_id":"KONVEKA-GZ","product_condition":"new"},"_links":{"self":[{"href":"https:\/\/eheating.lt\/en\/wp-json\/wp\/v2\/product\/33267","targetHints":{"allow":["GET"]}}],"collection":[{"href":"https:\/\/eheating.lt\/en\/wp-json\/wp\/v2\/product"}],"about":[{"href":"https:\/\/eheating.lt\/en\/wp-json\/wp\/v2\/types\/product"}],"replies":[{"embeddable":true,"href":"https:\/\/eheating.lt\/en\/wp-json\/wp\/v2\/comments?post=33267"}],"version-history":[{"count":1,"href":"https:\/\/eheating.lt\/en\/wp-json\/wp\/v2\/product\/33267\/revisions"}],"predecessor-version":[{"id":37818,"href":"https:\/\/eheating.lt\/en\/wp-json\/wp\/v2\/product\/33267\/revisions\/37818"}],"wp:featuredmedia":[{"embeddable":true,"href":"https:\/\/eheating.lt\/en\/wp-json\/wp\/v2\/media\/33273"}],"wp:attachment":[{"href":"https:\/\/eheating.lt\/en\/wp-json\/wp\/v2\/media?parent=33267"}],"wp:term":[{"taxonomy":"product_brand","embeddable":true,"href":"https:\/\/eheating.lt\/en\/wp-json\/wp\/v2\/product_brand?post=33267"},{"taxonomy":"product_cat","embeddable":true,"href":"https:\/\/eheating.lt\/en\/wp-json\/wp\/v2\/product_cat?post=33267"},{"taxonomy":"product_tag","embeddable":true,"href":"https:\/\/eheating.lt\/en\/wp-json\/wp\/v2\/product_tag?post=33267"}],"curies":[{"name":"wp","href":"https:\/\/api.w.org\/{rel}","templated":true}]}}