{"id":33255,"date":"2024-04-04T16:28:42","date_gmt":"2024-04-04T13:28:42","guid":{"rendered":"https:\/\/eheating.lt\/?post_type=product&#038;p=33255"},"modified":"2025-01-17T18:02:28","modified_gmt":"2025-01-17T16:02:28","slug":"ismanioji-termostatine-galva-konveka-thz","status":"publish","type":"product","link":"https:\/\/eheating.lt\/en\/produktas\/ismanioji-termostatine-galva-konveka-thz\/","title":{"rendered":"I\u0161manioji termostatin\u0117 galva Konveka THZ"},"content":{"rendered":"<p>I\u0161manioji termostatin\u0117 galva\u00a0THZ\u00a0valdo\u00a0vieno \u0161ildymo prietaiso (radiatoriaus arba konvektoriaus)\u00a0\u0161ilumos gali\u0105 pagal u\u017eduot\u0105 patalpos temperat\u016br\u0105. Ji tvirtinama prie \u0161ildymo prietaiso termostatinio vo\u017etuvo. Standartin\u0117je komplektacijoje yra adapteriai da\u017eniausiai naudojamiems termostatiniams vo\u017etuvams. THZ turi spalvot\u0105\u00a0lie\u010diam\u0105j\u012f ekran\u0105. J\u0105 galima valdyti tiesiogiai\u00a0ekrane\u00a0arba naudojant\u00a0mobiliasias program\u0117les \u201eSmart Life\u201c arba \u201eTuya Smart\u201c. Norint valdyti mobiliosiomis program\u0117l\u0117mis, THZ turi b\u016bti prijungtas prie Zigbee Gateway (Konveka GZ). Zigbee ry\u0161ys u\u017etikrina patikim\u0105 ir energij\u0105 taupant\u012f ry\u0161\u012f tarp THZ ir Zigbee Gateway.<\/p>\n<hr \/>\n<p><span style=\"font-size: 18px;\"><strong>Pagrindiniai ypatumai:<\/strong><\/span><\/p>\n<ul>\n<li>Uz\u030cduotos temperatu\u0304ros patalpoje palaikymas<\/li>\n<li>Savaitinis programavimas<\/li>\n<li>Ekonominis rez\u030cimas<\/li>\n<li>Baterijos veikimo laikas 3-4 metai<\/li>\n<li>Apsauga nuo uz\u030cs\u030calimo<\/li>\n<li>Atviro lango aptikimas<\/li>\n<li>Atostogu\u0328 rez\u030cimas<\/li>\n<li>Temperatu\u0304ros kompensavimas<\/li>\n<li>Histereze\u0307s nustatymas<\/li>\n<li>Temperatu\u0304ros kreive\u0307<\/li>\n<li>Laikmatis<\/li>\n<li>Ekrano rys\u030ckumo reguliavimas<\/li>\n<\/ul>\n<hr \/>\n<p><span style=\"font-size: 18px;\"><strong>Pagrindiniai ypatumai:<\/strong><\/span><\/p>\n<ul>\n<li>Maitinimas: 3V, 2 x AA baterijos (nekomplektuojama)<\/li>\n<li>Maksimali eiga: 4,5 mm<\/li>\n<li>Temperat\u016bros tikslumas: \u00b1 0,5\u00b0C<\/li>\n<li>Temperat\u016bros nustatymo diapazonas: 5 \u2013 45\u00b0C<\/li>\n<li>Eksploatavimo temperat\u016bra: 0 &#8211; 45\u00b0C<\/li>\n<li>Eksploatavimo ir sand\u0117liavimo dr\u0117gm\u0117: 5 &#8211; 95% RH (be kondensavimosi)<\/li>\n<li>Sand\u0117liavimo temperat\u016bra: -10 to 45\u00b0C<\/li>\n<li>Laiko paklaida: &lt; 1%<\/li>\n<li>Saugos klas\u0117: IP20<\/li>\n<li>Mygtukai: Jutikliniai mygtukai<\/li>\n<li>Matmenys: 85 x 53 mm<\/li>\n<\/ul>\n<hr \/>\n<p><span style=\"font-size: 16px;\"><strong>Komplektacijoje:<\/strong><\/span><\/p>\n<ul>\n<li>Termostatin\u0117 galva<\/li>\n<li>Naudotojo instrukcija<\/li>\n<li>RA adapteris<\/li>\n<li>RAV adapteris<\/li>\n<li>RAVL adapteris<\/li>\n<li>Comap adapteris<\/li>\n<li>T+A Herz adapteris<\/li>\n<li>Herz adapteris<\/li>\n<\/ul>\n<p>&nbsp;<\/p>\n<p>&nbsp;<\/p>\n<p><img decoding=\"async\" style=\"height: 30px;\" src=\"http:\/\/eheating.lt\/wp-content\/uploads\/2022\/12\/pdf.png\" \/><a href=\"http:\/\/eheating.lt\/wp-content\/uploads\/2024\/04\/Konveka-THZ-manual.pdf\"><strong>Instrukcija (Lietuvi\u0173 k.) <\/strong><\/a><\/p>\n<p><img decoding=\"async\" style=\"height: 30px;\" src=\"http:\/\/eheating.lt\/wp-content\/uploads\/2022\/12\/pdf.png\" \/><a href=\"http:\/\/eheating.lt\/wp-content\/uploads\/2024\/04\/Konveka-THZ-datasheet.pdf\"><strong>Specifikacijos (Lietuvi\u0173 k.)<\/strong><\/a><\/p>\n<p>&nbsp;<\/p>\n","protected":false},"excerpt":{"rendered":"<p><strong>THZ<\/strong> yra elektronin\u0117 termostatin\u0117 galva, kuri yra alternatyva tradicin\u0117ms termo galvoms. Galimyb\u0117 nustatyti temperat\u016bros parametrus dienos ir savait\u0117s cikle kartu su daugybe papildom\u0173 funkcij\u0173 pagerina patalp\u0173 \u0161ilumin\u012f komfort\u0105 ir \u017eenkliai suma\u017eina i\u0161laidas, susijusias su \u0161ildymu.<\/p>\n","protected":false},"featured_media":33261,"comment_status":"closed","ping_status":"closed","template":"","meta":[],"product_brand":[],"product_cat":[274,223],"product_tag":[975],"class_list":{"0":"post-33255","1":"product","2":"type-product","3":"status-publish","4":"has-post-thumbnail","6":"product_cat-radiator-thermostatic-heads","7":"product_cat-heating-control-automation","8":"product_tag-ean-en","10":"first","11":"instock","12":"taxable","13":"shipping-taxable","14":"purchasable","15":"product-type-simple"},"yoast_head":"<!-- This site is optimized with the Yoast SEO Premium plugin v21.5 (Yoast SEO v27.3) - https:\/\/yoast.com\/product\/yoast-seo-premium-wordpress\/ -->\n<title>I\u0161manioji termostatin\u0117 galva Konveka THZ<\/title>\n<meta name=\"description\" content=\"Konveka THZ termostatin\u0117 galva ; Galima valdyti tiesiogiai\u00a0ekrane\u00a0arba naudojant\u00a0mobiliasias program\u0117les \u201eSmart Life\u201c arba \u201eTuya Smart\u201c\" \/>\n<meta name=\"robots\" content=\"index, follow, max-snippet:-1, max-image-preview:large, max-video-preview:-1\" \/>\n<link rel=\"canonical\" href=\"https:\/\/eheating.lt\/produktas\/ismanioji-termostatine-galva-konveka-thz\/\" \/>\n<meta property=\"og:locale\" content=\"en_US\" \/>\n<meta property=\"og:type\" content=\"article\" \/>\n<meta property=\"og:title\" content=\"I\u0161manioji termostatin\u0117 galva Konveka THZ\" \/>\n<meta property=\"og:description\" content=\"Konveka THZ termostatin\u0117 galva ; Galima valdyti tiesiogiai\u00a0ekrane\u00a0arba naudojant\u00a0mobiliasias program\u0117les \u201eSmart Life\u201c arba \u201eTuya Smart\u201c\" \/>\n<meta property=\"og:url\" content=\"https:\/\/eheating.lt\/produktas\/ismanioji-termostatine-galva-konveka-thz\/\" \/>\n<meta property=\"og:site_name\" content=\"Elektronika Namams\" \/>\n<meta property=\"article:publisher\" content=\"https:\/\/www.facebook.com\/ElektronikaNamams\" \/>\n<meta property=\"article:modified_time\" content=\"2025-01-17T16:02:28+00:00\" \/>\n<meta property=\"og:image\" content=\"https:\/\/eheating.lt\/wp-content\/uploads\/2024\/04\/Ismanioji-termostatine-galva-Konveka-THZ.png\" \/>\n\t<meta property=\"og:image:width\" content=\"800\" \/>\n\t<meta property=\"og:image:height\" content=\"800\" \/>\n\t<meta property=\"og:image:type\" content=\"image\/png\" \/>\n<meta name=\"twitter:card\" content=\"summary_large_image\" \/>\n<meta name=\"twitter:label1\" content=\"Price\" \/>\n\t<meta name=\"twitter:data1\" content=\"72,53&nbsp;&euro;\" \/>\n\t<meta name=\"twitter:label2\" content=\"Availability\" \/>\n\t<meta name=\"twitter:data2\" content=\"In stock\" \/>\n<script type=\"application\/ld+json\" class=\"yoast-schema-graph\">{\"@context\":\"https:\\\/\\\/schema.org\",\"@graph\":[{\"@type\":\"WebPage\",\"@id\":\"https:\\\/\\\/eheating.lt\\\/produktas\\\/ismanioji-termostatine-galva-konveka-thz\\\/\",\"url\":\"https:\\\/\\\/eheating.lt\\\/produktas\\\/ismanioji-termostatine-galva-konveka-thz\\\/\",\"name\":\"I\u0161manioji termostatin\u0117 galva Konveka THZ\",\"isPartOf\":{\"@id\":\"https:\\\/\\\/eheating.lt\\\/#website\"},\"primaryImageOfPage\":{\"@id\":\"https:\\\/\\\/eheating.lt\\\/produktas\\\/ismanioji-termostatine-galva-konveka-thz\\\/#primaryimage\"},\"image\":{\"@id\":\"https:\\\/\\\/eheating.lt\\\/produktas\\\/ismanioji-termostatine-galva-konveka-thz\\\/#primaryimage\"},\"thumbnailUrl\":\"https:\\\/\\\/eheating.lt\\\/wp-content\\\/uploads\\\/2024\\\/04\\\/Ismanioji-termostatine-galva-Konveka-THZ.png\",\"datePublished\":\"2024-04-04T13:28:42+00:00\",\"dateModified\":\"2025-01-17T16:02:28+00:00\",\"description\":\"Konveka THZ termostatin\u0117 galva ; Galima valdyti tiesiogiai\u00a0ekrane\u00a0arba naudojant\u00a0mobiliasias program\u0117les \u201eSmart Life\u201c arba \u201eTuya Smart\u201c\",\"breadcrumb\":{\"@id\":\"https:\\\/\\\/eheating.lt\\\/produktas\\\/ismanioji-termostatine-galva-konveka-thz\\\/#breadcrumb\"},\"inLanguage\":\"en-US\",\"potentialAction\":[{\"@type\":\"ReadAction\",\"target\":[\"https:\\\/\\\/eheating.lt\\\/produktas\\\/ismanioji-termostatine-galva-konveka-thz\\\/\"]}]},{\"@type\":\"ImageObject\",\"inLanguage\":\"en-US\",\"@id\":\"https:\\\/\\\/eheating.lt\\\/produktas\\\/ismanioji-termostatine-galva-konveka-thz\\\/#primaryimage\",\"url\":\"https:\\\/\\\/eheating.lt\\\/wp-content\\\/uploads\\\/2024\\\/04\\\/Ismanioji-termostatine-galva-Konveka-THZ.png\",\"contentUrl\":\"https:\\\/\\\/eheating.lt\\\/wp-content\\\/uploads\\\/2024\\\/04\\\/Ismanioji-termostatine-galva-Konveka-THZ.png\",\"width\":800,\"height\":800,\"caption\":\"I\u0161manioji termostatin\u0117 galva Konveka THZ\"},{\"@type\":\"BreadcrumbList\",\"@id\":\"https:\\\/\\\/eheating.lt\\\/produktas\\\/ismanioji-termostatine-galva-konveka-thz\\\/#breadcrumb\",\"itemListElement\":[{\"@type\":\"ListItem\",\"position\":1,\"name\":\"Prad\u017eia\",\"item\":\"https:\\\/\\\/eheating.lt\\\/en\\\/\"},{\"@type\":\"ListItem\",\"position\":2,\"name\":\"Shop\",\"item\":\"https:\\\/\\\/eheating.lt\\\/en\\\/?page_id=5734\"},{\"@type\":\"ListItem\",\"position\":3,\"name\":\"I\u0161manioji termostatin\u0117 galva Konveka THZ\"}]},{\"@type\":\"WebSite\",\"@id\":\"https:\\\/\\\/eheating.lt\\\/#website\",\"url\":\"https:\\\/\\\/eheating.lt\\\/\",\"name\":\"eHeating\",\"description\":\"Elektronika ir \u0161ildymas\",\"potentialAction\":[{\"@type\":\"SearchAction\",\"target\":{\"@type\":\"EntryPoint\",\"urlTemplate\":\"https:\\\/\\\/eheating.lt\\\/?s={search_term_string}\"},\"query-input\":{\"@type\":\"PropertyValueSpecification\",\"valueRequired\":true,\"valueName\":\"search_term_string\"}}],\"inLanguage\":\"en-US\"}]}<\/script>\n<meta property=\"product:price:amount\" content=\"72.53\" \/>\n<meta property=\"product:price:currency\" content=\"EUR\" \/>\n<meta property=\"og:availability\" content=\"instock\" \/>\n<meta property=\"product:availability\" content=\"instock\" \/>\n<meta property=\"product:retailer_item_id\" content=\"KONVEKA-THZ\" \/>\n<meta property=\"product:condition\" content=\"new\" \/>\n<!-- \/ Yoast SEO Premium plugin. -->","yoast_head_json":{"title":"I\u0161manioji termostatin\u0117 galva Konveka THZ","description":"Konveka THZ termostatin\u0117 galva ; Galima valdyti tiesiogiai\u00a0ekrane\u00a0arba naudojant\u00a0mobiliasias program\u0117les \u201eSmart Life\u201c arba \u201eTuya Smart\u201c","robots":{"index":"index","follow":"follow","max-snippet":"max-snippet:-1","max-image-preview":"max-image-preview:large","max-video-preview":"max-video-preview:-1"},"canonical":"https:\/\/eheating.lt\/produktas\/ismanioji-termostatine-galva-konveka-thz\/","og_locale":"en_US","og_type":"article","og_title":"I\u0161manioji termostatin\u0117 galva Konveka THZ","og_description":"Konveka THZ termostatin\u0117 galva ; Galima valdyti tiesiogiai\u00a0ekrane\u00a0arba naudojant\u00a0mobiliasias program\u0117les \u201eSmart Life\u201c arba \u201eTuya Smart\u201c","og_url":"https:\/\/eheating.lt\/produktas\/ismanioji-termostatine-galva-konveka-thz\/","og_site_name":"Elektronika Namams","article_publisher":"https:\/\/www.facebook.com\/ElektronikaNamams","article_modified_time":"2025-01-17T16:02:28+00:00","og_image":[{"width":800,"height":800,"url":"https:\/\/eheating.lt\/wp-content\/uploads\/2024\/04\/Ismanioji-termostatine-galva-Konveka-THZ.png","type":"image\/png"}],"twitter_card":"summary_large_image","twitter_misc":{"Price":"72,53&nbsp;&euro;","Availability":"In stock"},"schema":{"@context":"https:\/\/schema.org","@graph":[{"@type":"WebPage","@id":"https:\/\/eheating.lt\/produktas\/ismanioji-termostatine-galva-konveka-thz\/","url":"https:\/\/eheating.lt\/produktas\/ismanioji-termostatine-galva-konveka-thz\/","name":"I\u0161manioji termostatin\u0117 galva Konveka THZ","isPartOf":{"@id":"https:\/\/eheating.lt\/#website"},"primaryImageOfPage":{"@id":"https:\/\/eheating.lt\/produktas\/ismanioji-termostatine-galva-konveka-thz\/#primaryimage"},"image":{"@id":"https:\/\/eheating.lt\/produktas\/ismanioji-termostatine-galva-konveka-thz\/#primaryimage"},"thumbnailUrl":"https:\/\/eheating.lt\/wp-content\/uploads\/2024\/04\/Ismanioji-termostatine-galva-Konveka-THZ.png","datePublished":"2024-04-04T13:28:42+00:00","dateModified":"2025-01-17T16:02:28+00:00","description":"Konveka THZ termostatin\u0117 galva ; Galima valdyti tiesiogiai\u00a0ekrane\u00a0arba naudojant\u00a0mobiliasias program\u0117les \u201eSmart Life\u201c arba \u201eTuya Smart\u201c","breadcrumb":{"@id":"https:\/\/eheating.lt\/produktas\/ismanioji-termostatine-galva-konveka-thz\/#breadcrumb"},"inLanguage":"en-US","potentialAction":[{"@type":"ReadAction","target":["https:\/\/eheating.lt\/produktas\/ismanioji-termostatine-galva-konveka-thz\/"]}]},{"@type":"ImageObject","inLanguage":"en-US","@id":"https:\/\/eheating.lt\/produktas\/ismanioji-termostatine-galva-konveka-thz\/#primaryimage","url":"https:\/\/eheating.lt\/wp-content\/uploads\/2024\/04\/Ismanioji-termostatine-galva-Konveka-THZ.png","contentUrl":"https:\/\/eheating.lt\/wp-content\/uploads\/2024\/04\/Ismanioji-termostatine-galva-Konveka-THZ.png","width":800,"height":800,"caption":"I\u0161manioji termostatin\u0117 galva Konveka THZ"},{"@type":"BreadcrumbList","@id":"https:\/\/eheating.lt\/produktas\/ismanioji-termostatine-galva-konveka-thz\/#breadcrumb","itemListElement":[{"@type":"ListItem","position":1,"name":"Prad\u017eia","item":"https:\/\/eheating.lt\/en\/"},{"@type":"ListItem","position":2,"name":"Shop","item":"https:\/\/eheating.lt\/en\/?page_id=5734"},{"@type":"ListItem","position":3,"name":"I\u0161manioji termostatin\u0117 galva Konveka THZ"}]},{"@type":"WebSite","@id":"https:\/\/eheating.lt\/#website","url":"https:\/\/eheating.lt\/","name":"eHeating","description":"Elektronika ir \u0161ildymas","potentialAction":[{"@type":"SearchAction","target":{"@type":"EntryPoint","urlTemplate":"https:\/\/eheating.lt\/?s={search_term_string}"},"query-input":{"@type":"PropertyValueSpecification","valueRequired":true,"valueName":"search_term_string"}}],"inLanguage":"en-US"}]},"product_price_amount":"72.53","product_price_currency":"EUR","og_availability":"instock","product_availability":"instock","product_retailer_item_id":"KONVEKA-THZ","product_condition":"new"},"_links":{"self":[{"href":"https:\/\/eheating.lt\/en\/wp-json\/wp\/v2\/product\/33255","targetHints":{"allow":["GET"]}}],"collection":[{"href":"https:\/\/eheating.lt\/en\/wp-json\/wp\/v2\/product"}],"about":[{"href":"https:\/\/eheating.lt\/en\/wp-json\/wp\/v2\/types\/product"}],"replies":[{"embeddable":true,"href":"https:\/\/eheating.lt\/en\/wp-json\/wp\/v2\/comments?post=33255"}],"version-history":[{"count":1,"href":"https:\/\/eheating.lt\/en\/wp-json\/wp\/v2\/product\/33255\/revisions"}],"predecessor-version":[{"id":37819,"href":"https:\/\/eheating.lt\/en\/wp-json\/wp\/v2\/product\/33255\/revisions\/37819"}],"wp:featuredmedia":[{"embeddable":true,"href":"https:\/\/eheating.lt\/en\/wp-json\/wp\/v2\/media\/33261"}],"wp:attachment":[{"href":"https:\/\/eheating.lt\/en\/wp-json\/wp\/v2\/media?parent=33255"}],"wp:term":[{"taxonomy":"product_brand","embeddable":true,"href":"https:\/\/eheating.lt\/en\/wp-json\/wp\/v2\/product_brand?post=33255"},{"taxonomy":"product_cat","embeddable":true,"href":"https:\/\/eheating.lt\/en\/wp-json\/wp\/v2\/product_cat?post=33255"},{"taxonomy":"product_tag","embeddable":true,"href":"https:\/\/eheating.lt\/en\/wp-json\/wp\/v2\/product_tag?post=33255"}],"curies":[{"name":"wp","href":"https:\/\/api.w.org\/{rel}","templated":true}]}}