{"id":33247,"date":"2024-04-04T15:51:14","date_gmt":"2024-04-04T12:51:14","guid":{"rendered":"https:\/\/eheating.lt\/?post_type=product&#038;p=33247"},"modified":"2025-01-17T18:18:56","modified_gmt":"2025-01-17T16:18:56","slug":"elektrotermine-pavara-konveka-a230nc","status":"publish","type":"product","link":"https:\/\/eheating.lt\/en\/produktas\/elektrotermine-pavara-konveka-a230nc\/","title":{"rendered":"Elektrotermin\u0117 pavara Konveka A230NC"},"content":{"rendered":"<p>Elektrotermine\u0307 pavara Konveka A230NC (normaliai uz\u030cdaryta) skirta s\u030cildymo, ve\u0307sinimo sistemos termostatiniu\u0328\u00a0voz\u030ctuvu\u0328 ar kolektoriu\u0328 valdymui. Ji gali bu\u0304ti valdoma valdikliu i\u0161duodanc\u030ciu signala\u0328 i\u0328jungta\/is\u030cjungta arba jungikliu. Toks valdymas leidz\u030cia\u00a0ekonomis\u030ckai naudoti s\u030ciluma\u0328 ir\/arba s\u030calti\u0328 tokiose sistemose kaip grindinis s\u030cildymas, radiatoriai, fankoilai, konvektoriai ir kt. Pavara atidaro vo\u017etuv\u0105, kai elektros srov\u0117 tiekiama, ir u\u017edaro, kai srov\u0117 neteka arba dingus elektrai. Pavara veikia termoelektriniu principu tod\u0117l neskleid\u017eia jokio garso, turi pad\u0117ties<br \/>\nindikatori\u0173.<\/p>\n<hr \/>\n<p><span style=\"font-size: 18px;\"><strong>Technin\u0117s specifikacijos:<\/strong><\/span><\/p>\n<ul>\n<li>Tipas: Normaliai u\u017edaryta (NC)<\/li>\n<li>Vo\u017etuvo jungtis: M30 x 1.5 sriegis<\/li>\n<li>Maitinimas: 230V AC, 50 &#8211; 60Hz<\/li>\n<li>Valdymo signalas: \u012ejungta \/ I\u0161jungta<\/li>\n<li>Maksimali atidarymo\/u\u017edarymo srov\u0117: 50mA<\/li>\n<li>Maksimali atidarymo\/u\u017edarymo galia: 11,5W<\/li>\n<li>Rimties b\u016bsenos srov\u0117: 6,5 mA<\/li>\n<li>Rimties b\u016bsenos energijos s\u0105naudos: 2W<\/li>\n<li>Maksimali j\u0117ga: 110N<\/li>\n<li>Koto eiga: 4mm<\/li>\n<li>Koto eigos trukm\u0117: 180s<\/li>\n<li>IP klas\u0117: IP54<\/li>\n<li>Apsaugos klas\u0117: II (dviguba izoliacija)<\/li>\n<li>Maksimali darbin\u0117 temperat\u016bra: 120\u00b0C<\/li>\n<li>Eksploatavimo temperat\u016bra: 0 &#8211; 45\u00b0C<\/li>\n<li>Eksploatavimo ir sand\u0117liavimo dr\u0117gm\u0117: 5 &#8211; 95% RH (be kondensato)<\/li>\n<li>Sand\u0117liavimo temperat\u016bra: -10 to 45\u00b0C<\/li>\n<li>Laido ilgis: 0,65 m<\/li>\n<li>Matmenys: 62 x 39 mm<\/li>\n<li>Svoris: 0,15 kg<\/li>\n<\/ul>\n<p>&nbsp;<\/p>\n<p>&nbsp;<\/p>\n<p><img decoding=\"async\" style=\"height: 30px;\" src=\"http:\/\/eheating.lt\/wp-content\/uploads\/2022\/12\/pdf.png\" \/><a href=\"http:\/\/eheating.lt\/wp-content\/uploads\/2024\/04\/Konveka-A230NC-datasheet-1.pdf\"><strong>Specifikacijos (Lietuvi\u0173 k.)<\/strong><\/a><\/p>\n<p><img decoding=\"async\" style=\"height: 30px;\" src=\"http:\/\/eheating.lt\/wp-content\/uploads\/2022\/12\/pdf.png\" \/><a href=\"http:\/\/eheating.lt\/wp-content\/uploads\/2024\/04\/Konveka-A230NC-manual-1.pdf\"><strong>Instrukcija (Lietuvi\u0173 k.)<\/strong><\/a><\/p>\n","protected":false},"excerpt":{"rendered":"<p>\u0160ios elektrotermin\u0117s pavaros naudojamos automatiniam vo\u017etuv\u0173 valdymui. Kai pavaros yra sumontuotos ant grindinio \u0161ildymo kolektoriaus, jos automati\u0161kai i\u0161jungia arba \u012fjungia vandens tiekim\u0105 i\u0161 katilo.<\/p>\n","protected":false},"featured_media":33249,"comment_status":"closed","ping_status":"closed","template":"","meta":[],"product_brand":[],"product_cat":[136,161,159,133],"product_tag":[974],"class_list":{"0":"post-33247","1":"product","2":"type-product","3":"status-publish","4":"has-post-thumbnail","6":"product_cat-elektrotermines-pavaros","7":"product_cat-elektrotermines-pavaros-kolektoriai","8":"product_cat-kolektoriai","9":"product_cat-sildymo-valdymo-automatika","10":"product_tag-ean","12":"first","13":"instock","14":"sale","15":"taxable","16":"shipping-taxable","17":"purchasable","18":"product-type-simple"},"yoast_head":"<!-- This site is optimized with the Yoast SEO Premium plugin v21.5 (Yoast SEO v27.3) - https:\/\/yoast.com\/product\/yoast-seo-premium-wordpress\/ -->\n<title>Elektrotermin\u0117 pavara Konveka A230NC<\/title>\n<meta name=\"description\" content=\"Elektrotermin\u0117 pavara Konveka A230NC ; Maitinimas: 230V ; Kontaktai: NC ; Valdymo signalas: \u012ejungta \/ I\u0161jungta ; IP klas\u0117: IP54\" \/>\n<meta name=\"robots\" content=\"index, follow, max-snippet:-1, max-image-preview:large, max-video-preview:-1\" \/>\n<link rel=\"canonical\" href=\"https:\/\/eheating.lt\/produktas\/elektrotermine-pavara-konveka-a230nc\/\" \/>\n<meta property=\"og:locale\" content=\"en_US\" \/>\n<meta property=\"og:type\" content=\"article\" \/>\n<meta property=\"og:title\" content=\"Elektrotermin\u0117 pavara Konveka A230NC\" \/>\n<meta property=\"og:description\" content=\"Elektrotermin\u0117 pavara Konveka A230NC ; Maitinimas: 230V ; Kontaktai: NC ; Valdymo signalas: \u012ejungta \/ I\u0161jungta ; IP klas\u0117: IP54\" \/>\n<meta property=\"og:url\" content=\"https:\/\/eheating.lt\/produktas\/elektrotermine-pavara-konveka-a230nc\/\" \/>\n<meta property=\"og:site_name\" content=\"Elektronika Namams\" \/>\n<meta property=\"article:publisher\" content=\"https:\/\/www.facebook.com\/ElektronikaNamams\" \/>\n<meta property=\"article:modified_time\" content=\"2025-01-17T16:18:56+00:00\" \/>\n<meta property=\"og:image\" content=\"https:\/\/eheating.lt\/wp-content\/uploads\/2024\/04\/Elektrotermine-pavara-Konveka-A230NC.png\" \/>\n\t<meta property=\"og:image:width\" content=\"800\" \/>\n\t<meta property=\"og:image:height\" content=\"800\" \/>\n\t<meta property=\"og:image:type\" content=\"image\/png\" \/>\n<meta name=\"twitter:card\" content=\"summary_large_image\" \/>\n<meta name=\"twitter:label1\" content=\"Price\" \/>\n\t<meta name=\"twitter:data1\" content=\"17,00&nbsp;&euro; Original price was: 17,00&nbsp;&euro;.15,00&nbsp;&euro;Current price is: 15,00&nbsp;&euro;.\" \/>\n\t<meta name=\"twitter:label2\" content=\"Availability\" \/>\n\t<meta name=\"twitter:data2\" content=\"In stock\" \/>\n<script type=\"application\/ld+json\" class=\"yoast-schema-graph\">{\"@context\":\"https:\\\/\\\/schema.org\",\"@graph\":[{\"@type\":\"WebPage\",\"@id\":\"https:\\\/\\\/eheating.lt\\\/produktas\\\/elektrotermine-pavara-konveka-a230nc\\\/\",\"url\":\"https:\\\/\\\/eheating.lt\\\/produktas\\\/elektrotermine-pavara-konveka-a230nc\\\/\",\"name\":\"Elektrotermin\u0117 pavara Konveka A230NC\",\"isPartOf\":{\"@id\":\"https:\\\/\\\/eheating.lt\\\/#website\"},\"primaryImageOfPage\":{\"@id\":\"https:\\\/\\\/eheating.lt\\\/produktas\\\/elektrotermine-pavara-konveka-a230nc\\\/#primaryimage\"},\"image\":{\"@id\":\"https:\\\/\\\/eheating.lt\\\/produktas\\\/elektrotermine-pavara-konveka-a230nc\\\/#primaryimage\"},\"thumbnailUrl\":\"https:\\\/\\\/eheating.lt\\\/wp-content\\\/uploads\\\/2024\\\/04\\\/Elektrotermine-pavara-Konveka-A230NC.png\",\"datePublished\":\"2024-04-04T12:51:14+00:00\",\"dateModified\":\"2025-01-17T16:18:56+00:00\",\"description\":\"Elektrotermin\u0117 pavara Konveka A230NC ; Maitinimas: 230V ; Kontaktai: NC ; Valdymo signalas: \u012ejungta \\\/ I\u0161jungta ; IP klas\u0117: IP54\",\"breadcrumb\":{\"@id\":\"https:\\\/\\\/eheating.lt\\\/produktas\\\/elektrotermine-pavara-konveka-a230nc\\\/#breadcrumb\"},\"inLanguage\":\"en-US\",\"potentialAction\":[{\"@type\":\"ReadAction\",\"target\":[\"https:\\\/\\\/eheating.lt\\\/produktas\\\/elektrotermine-pavara-konveka-a230nc\\\/\"]}]},{\"@type\":\"ImageObject\",\"inLanguage\":\"en-US\",\"@id\":\"https:\\\/\\\/eheating.lt\\\/produktas\\\/elektrotermine-pavara-konveka-a230nc\\\/#primaryimage\",\"url\":\"https:\\\/\\\/eheating.lt\\\/wp-content\\\/uploads\\\/2024\\\/04\\\/Elektrotermine-pavara-Konveka-A230NC.png\",\"contentUrl\":\"https:\\\/\\\/eheating.lt\\\/wp-content\\\/uploads\\\/2024\\\/04\\\/Elektrotermine-pavara-Konveka-A230NC.png\",\"width\":800,\"height\":800,\"caption\":\"Elektrotermin\u0117 pavara Konveka A230NC\"},{\"@type\":\"BreadcrumbList\",\"@id\":\"https:\\\/\\\/eheating.lt\\\/produktas\\\/elektrotermine-pavara-konveka-a230nc\\\/#breadcrumb\",\"itemListElement\":[{\"@type\":\"ListItem\",\"position\":1,\"name\":\"Prad\u017eia\",\"item\":\"https:\\\/\\\/eheating.lt\\\/en\\\/\"},{\"@type\":\"ListItem\",\"position\":2,\"name\":\"Shop\",\"item\":\"https:\\\/\\\/eheating.lt\\\/en\\\/?page_id=5734\"},{\"@type\":\"ListItem\",\"position\":3,\"name\":\"Elektrotermin\u0117 pavara Konveka A230NC\"}]},{\"@type\":\"WebSite\",\"@id\":\"https:\\\/\\\/eheating.lt\\\/#website\",\"url\":\"https:\\\/\\\/eheating.lt\\\/\",\"name\":\"eHeating\",\"description\":\"Elektronika ir \u0161ildymas\",\"potentialAction\":[{\"@type\":\"SearchAction\",\"target\":{\"@type\":\"EntryPoint\",\"urlTemplate\":\"https:\\\/\\\/eheating.lt\\\/?s={search_term_string}\"},\"query-input\":{\"@type\":\"PropertyValueSpecification\",\"valueRequired\":true,\"valueName\":\"search_term_string\"}}],\"inLanguage\":\"en-US\"}]}<\/script>\n<meta property=\"product:price:amount\" content=\"15.00\" \/>\n<meta property=\"product:price:currency\" content=\"EUR\" \/>\n<meta property=\"og:availability\" content=\"instock\" \/>\n<meta property=\"product:availability\" content=\"instock\" \/>\n<meta property=\"product:retailer_item_id\" content=\"KONVEKA-A230NC\" \/>\n<meta property=\"product:condition\" content=\"new\" \/>\n<!-- \/ Yoast SEO Premium plugin. -->","yoast_head_json":{"title":"Elektrotermin\u0117 pavara Konveka A230NC","description":"Elektrotermin\u0117 pavara Konveka A230NC ; Maitinimas: 230V ; Kontaktai: NC ; Valdymo signalas: \u012ejungta \/ I\u0161jungta ; IP klas\u0117: IP54","robots":{"index":"index","follow":"follow","max-snippet":"max-snippet:-1","max-image-preview":"max-image-preview:large","max-video-preview":"max-video-preview:-1"},"canonical":"https:\/\/eheating.lt\/produktas\/elektrotermine-pavara-konveka-a230nc\/","og_locale":"en_US","og_type":"article","og_title":"Elektrotermin\u0117 pavara Konveka A230NC","og_description":"Elektrotermin\u0117 pavara Konveka A230NC ; Maitinimas: 230V ; Kontaktai: NC ; Valdymo signalas: \u012ejungta \/ I\u0161jungta ; IP klas\u0117: IP54","og_url":"https:\/\/eheating.lt\/produktas\/elektrotermine-pavara-konveka-a230nc\/","og_site_name":"Elektronika Namams","article_publisher":"https:\/\/www.facebook.com\/ElektronikaNamams","article_modified_time":"2025-01-17T16:18:56+00:00","og_image":[{"width":800,"height":800,"url":"https:\/\/eheating.lt\/wp-content\/uploads\/2024\/04\/Elektrotermine-pavara-Konveka-A230NC.png","type":"image\/png"}],"twitter_card":"summary_large_image","twitter_misc":{"Price":"17,00&nbsp;&euro; Original price was: 17,00&nbsp;&euro;.15,00&nbsp;&euro;Current price is: 15,00&nbsp;&euro;.","Availability":"In stock"},"schema":{"@context":"https:\/\/schema.org","@graph":[{"@type":"WebPage","@id":"https:\/\/eheating.lt\/produktas\/elektrotermine-pavara-konveka-a230nc\/","url":"https:\/\/eheating.lt\/produktas\/elektrotermine-pavara-konveka-a230nc\/","name":"Elektrotermin\u0117 pavara Konveka A230NC","isPartOf":{"@id":"https:\/\/eheating.lt\/#website"},"primaryImageOfPage":{"@id":"https:\/\/eheating.lt\/produktas\/elektrotermine-pavara-konveka-a230nc\/#primaryimage"},"image":{"@id":"https:\/\/eheating.lt\/produktas\/elektrotermine-pavara-konveka-a230nc\/#primaryimage"},"thumbnailUrl":"https:\/\/eheating.lt\/wp-content\/uploads\/2024\/04\/Elektrotermine-pavara-Konveka-A230NC.png","datePublished":"2024-04-04T12:51:14+00:00","dateModified":"2025-01-17T16:18:56+00:00","description":"Elektrotermin\u0117 pavara Konveka A230NC ; Maitinimas: 230V ; Kontaktai: NC ; Valdymo signalas: \u012ejungta \/ I\u0161jungta ; IP klas\u0117: IP54","breadcrumb":{"@id":"https:\/\/eheating.lt\/produktas\/elektrotermine-pavara-konveka-a230nc\/#breadcrumb"},"inLanguage":"en-US","potentialAction":[{"@type":"ReadAction","target":["https:\/\/eheating.lt\/produktas\/elektrotermine-pavara-konveka-a230nc\/"]}]},{"@type":"ImageObject","inLanguage":"en-US","@id":"https:\/\/eheating.lt\/produktas\/elektrotermine-pavara-konveka-a230nc\/#primaryimage","url":"https:\/\/eheating.lt\/wp-content\/uploads\/2024\/04\/Elektrotermine-pavara-Konveka-A230NC.png","contentUrl":"https:\/\/eheating.lt\/wp-content\/uploads\/2024\/04\/Elektrotermine-pavara-Konveka-A230NC.png","width":800,"height":800,"caption":"Elektrotermin\u0117 pavara Konveka A230NC"},{"@type":"BreadcrumbList","@id":"https:\/\/eheating.lt\/produktas\/elektrotermine-pavara-konveka-a230nc\/#breadcrumb","itemListElement":[{"@type":"ListItem","position":1,"name":"Prad\u017eia","item":"https:\/\/eheating.lt\/en\/"},{"@type":"ListItem","position":2,"name":"Shop","item":"https:\/\/eheating.lt\/en\/?page_id=5734"},{"@type":"ListItem","position":3,"name":"Elektrotermin\u0117 pavara Konveka A230NC"}]},{"@type":"WebSite","@id":"https:\/\/eheating.lt\/#website","url":"https:\/\/eheating.lt\/","name":"eHeating","description":"Elektronika ir \u0161ildymas","potentialAction":[{"@type":"SearchAction","target":{"@type":"EntryPoint","urlTemplate":"https:\/\/eheating.lt\/?s={search_term_string}"},"query-input":{"@type":"PropertyValueSpecification","valueRequired":true,"valueName":"search_term_string"}}],"inLanguage":"en-US"}]},"product_price_amount":"15.00","product_price_currency":"EUR","og_availability":"instock","product_availability":"instock","product_retailer_item_id":"KONVEKA-A230NC","product_condition":"new"},"_links":{"self":[{"href":"https:\/\/eheating.lt\/en\/wp-json\/wp\/v2\/product\/33247","targetHints":{"allow":["GET"]}}],"collection":[{"href":"https:\/\/eheating.lt\/en\/wp-json\/wp\/v2\/product"}],"about":[{"href":"https:\/\/eheating.lt\/en\/wp-json\/wp\/v2\/types\/product"}],"replies":[{"embeddable":true,"href":"https:\/\/eheating.lt\/en\/wp-json\/wp\/v2\/comments?post=33247"}],"version-history":[{"count":2,"href":"https:\/\/eheating.lt\/en\/wp-json\/wp\/v2\/product\/33247\/revisions"}],"predecessor-version":[{"id":38005,"href":"https:\/\/eheating.lt\/en\/wp-json\/wp\/v2\/product\/33247\/revisions\/38005"}],"wp:featuredmedia":[{"embeddable":true,"href":"https:\/\/eheating.lt\/en\/wp-json\/wp\/v2\/media\/33249"}],"wp:attachment":[{"href":"https:\/\/eheating.lt\/en\/wp-json\/wp\/v2\/media?parent=33247"}],"wp:term":[{"taxonomy":"product_brand","embeddable":true,"href":"https:\/\/eheating.lt\/en\/wp-json\/wp\/v2\/product_brand?post=33247"},{"taxonomy":"product_cat","embeddable":true,"href":"https:\/\/eheating.lt\/en\/wp-json\/wp\/v2\/product_cat?post=33247"},{"taxonomy":"product_tag","embeddable":true,"href":"https:\/\/eheating.lt\/en\/wp-json\/wp\/v2\/product_tag?post=33247"}],"curies":[{"name":"wp","href":"https:\/\/api.w.org\/{rel}","templated":true}]}}