{"id":33231,"date":"2024-04-04T15:10:28","date_gmt":"2024-04-04T12:10:28","guid":{"rendered":"https:\/\/eheating.lt\/?post_type=product&#038;p=33231"},"modified":"2025-01-17T18:02:45","modified_gmt":"2025-01-17T16:02:45","slug":"belaidis-termostatas-konveka-tr","status":"publish","type":"product","link":"https:\/\/eheating.lt\/en\/produktas\/belaidis-termostatas-konveka-tr\/","title":{"rendered":"Belaidis termostatas Konveka TR"},"content":{"rendered":"<p>Termostatai Konveka TR, radijo ry\u0161iu komunikuodami su valdikliu Konveka CR8, reguliuoja vienos patalpos \u0161ildym\u0105. Tai leid\u017eia nustatyti tam tikr\u0105 temperat\u016bros lyg\u012f patalpoje ir sukurti atskir\u0105 savait\u0117s temperat\u016brin\u012f grafik\u0105, u\u017etikrinant didesn\u012f komfort\u0105 ir \u017eenkl\u0173 energijos taupym\u0105. Konveka TR da\u017eniausiai naudojami patalpoms, kur \u0161ildymas \u012frengtas jau anks\u010diau ir n\u0117ra galimyb\u0117s pravesti laidinio termostato laid\u0173.<\/p>\n<hr \/>\n<p><span style=\"font-size: 18px;\"><strong>Pagrindiniai ypatumai:<\/strong><\/span><\/p>\n<ul>\n<li>U\u017eduotos temperat\u016bros patalpoje palaikymas<\/li>\n<li>Savaitinis programavimas<\/li>\n<li>Ekonominis re\u017eimas<\/li>\n<li>Apsauga nuo u\u017e\u0161alimo<\/li>\n<li>Atostog\u0173 re\u017eimas<\/li>\n<li>Temperat\u016bros kompensavimas<\/li>\n<li>Histerez\u0117s nustatymas<\/li>\n<li>Laikmatis<\/li>\n<li>Ekrano u\u017erakinimas<\/li>\n<\/ul>\n<hr \/>\n<p><span style=\"font-size: 18px;\"><strong>Technin\u0117s specifikacijos:<\/strong><\/span><\/p>\n<ul>\n<li>Maitinimo \u0161altinis: 4 x AAA tipo baterijos<\/li>\n<li>Temperat\u016bros tikslumas: 0,5\u00b0C<\/li>\n<li>Temperat\u016bros jutiklis: NTC (10k) 1%<\/li>\n<li>Eksploatavimo temperat\u016bra: 0 &#8211; 45\u00b0C<\/li>\n<li>Eksploatavimo ir sand\u0117liavimo dr\u0117gm\u0117: 5 &#8211; 95% RH (be kondensavimosi)<\/li>\n<li>Sand\u0117liavimo temperat\u016bra: -10 iki 45\u00b0C<\/li>\n<li>Temperat\u016bros reguliavimo diapazonas: 5 \u2013 35\u00b0C<\/li>\n<li>Matmenys: 130 x 90 x 25mm<\/li>\n<\/ul>\n<hr \/>\n<p><span style=\"font-size: 16px;\"><strong>Komplektacijoje:<\/strong><\/span><\/p>\n<ul>\n<li>Termostatas<\/li>\n<li>Naudotojo instrukcija<\/li>\n<\/ul>\n<p>&nbsp;<\/p>\n<p>&nbsp;<\/p>\n<p><img decoding=\"async\" style=\"height: 30px;\" src=\"http:\/\/eheating.lt\/wp-content\/uploads\/2022\/12\/pdf.png\" \/><a href=\"http:\/\/eheating.lt\/wp-content\/uploads\/2024\/04\/Konveka-TR-datasheet.pdf\"><strong>Specifikacijos (Lietuvi\u0173 k.)<\/strong><\/a><\/p>\n<p><img decoding=\"async\" style=\"height: 30px;\" src=\"http:\/\/eheating.lt\/wp-content\/uploads\/2022\/12\/pdf.png\" \/><a href=\"http:\/\/eheating.lt\/wp-content\/uploads\/2024\/04\/Konveka-TR-manual.pdf\"><strong>Instrukcija (Lietuvi\u0173 k.)<\/strong><\/a><\/p>\n<p>&nbsp;<\/p>\n","protected":false},"excerpt":{"rendered":"<p><strong>Konveka TR <\/strong>belaidis\u00a0termostatas baltos spalvos.<\/p>\n","protected":false},"featured_media":33235,"comment_status":"closed","ping_status":"closed","template":"","meta":[],"product_brand":[],"product_cat":[223,224],"product_tag":[974],"class_list":{"0":"post-33231","1":"product","2":"type-product","3":"status-publish","4":"has-post-thumbnail","6":"product_cat-heating-control-automation","7":"product_cat-wireless-wi-fi-thermostats","8":"product_tag-ean","10":"first","11":"instock","12":"purchasable","13":"product-type-simple"},"yoast_head":"<!-- This site is optimized with the Yoast SEO Premium plugin v21.5 (Yoast SEO v27.3) - https:\/\/yoast.com\/product\/yoast-seo-premium-wordpress\/ -->\n<title>Belaidis termostatas Konveka TR<\/title>\n<meta name=\"description\" content=\"Belaidis termostatas Konveka TR ; Maitinimas 4 x AAA tipo baterijos ; Matmenys: 130 x 90 x 25mm ; Temperat\u016bros jutiklis: NTC (10k)\" \/>\n<meta name=\"robots\" content=\"index, follow, max-snippet:-1, max-image-preview:large, max-video-preview:-1\" \/>\n<link rel=\"canonical\" href=\"https:\/\/eheating.lt\/produktas\/belaidis-termostatas-konveka-tr\/\" \/>\n<meta property=\"og:locale\" content=\"en_US\" \/>\n<meta property=\"og:type\" content=\"article\" \/>\n<meta property=\"og:title\" content=\"Belaidis termostatas Konveka TR\" \/>\n<meta property=\"og:description\" content=\"Belaidis termostatas Konveka TR ; Maitinimas 4 x AAA tipo baterijos ; Matmenys: 130 x 90 x 25mm ; Temperat\u016bros jutiklis: NTC (10k)\" \/>\n<meta property=\"og:url\" content=\"https:\/\/eheating.lt\/produktas\/belaidis-termostatas-konveka-tr\/\" \/>\n<meta property=\"og:site_name\" content=\"Elektronika Namams\" \/>\n<meta property=\"article:publisher\" content=\"https:\/\/www.facebook.com\/ElektronikaNamams\" \/>\n<meta property=\"article:modified_time\" content=\"2025-01-17T16:02:45+00:00\" \/>\n<meta property=\"og:image\" content=\"https:\/\/eheating.lt\/wp-content\/uploads\/2024\/04\/Belaidis-termostatas-Konveka-TR.png\" \/>\n\t<meta property=\"og:image:width\" content=\"800\" \/>\n\t<meta property=\"og:image:height\" content=\"800\" \/>\n\t<meta property=\"og:image:type\" content=\"image\/png\" \/>\n<meta name=\"twitter:card\" content=\"summary_large_image\" \/>\n<meta name=\"twitter:label1\" content=\"Price\" \/>\n\t<meta name=\"twitter:data1\" content=\"95,65&nbsp;&euro;\" \/>\n\t<meta name=\"twitter:label2\" content=\"Availability\" \/>\n\t<meta name=\"twitter:data2\" content=\"In stock\" \/>\n<script type=\"application\/ld+json\" class=\"yoast-schema-graph\">{\"@context\":\"https:\\\/\\\/schema.org\",\"@graph\":[{\"@type\":\"WebPage\",\"@id\":\"https:\\\/\\\/eheating.lt\\\/produktas\\\/belaidis-termostatas-konveka-tr\\\/\",\"url\":\"https:\\\/\\\/eheating.lt\\\/produktas\\\/belaidis-termostatas-konveka-tr\\\/\",\"name\":\"Belaidis termostatas Konveka TR\",\"isPartOf\":{\"@id\":\"https:\\\/\\\/eheating.lt\\\/#website\"},\"primaryImageOfPage\":{\"@id\":\"https:\\\/\\\/eheating.lt\\\/produktas\\\/belaidis-termostatas-konveka-tr\\\/#primaryimage\"},\"image\":{\"@id\":\"https:\\\/\\\/eheating.lt\\\/produktas\\\/belaidis-termostatas-konveka-tr\\\/#primaryimage\"},\"thumbnailUrl\":\"https:\\\/\\\/eheating.lt\\\/wp-content\\\/uploads\\\/2024\\\/04\\\/Belaidis-termostatas-Konveka-TR.png\",\"datePublished\":\"2024-04-04T12:10:28+00:00\",\"dateModified\":\"2025-01-17T16:02:45+00:00\",\"description\":\"Belaidis termostatas Konveka TR ; Maitinimas 4 x AAA tipo baterijos ; Matmenys: 130 x 90 x 25mm ; Temperat\u016bros jutiklis: NTC (10k)\",\"breadcrumb\":{\"@id\":\"https:\\\/\\\/eheating.lt\\\/produktas\\\/belaidis-termostatas-konveka-tr\\\/#breadcrumb\"},\"inLanguage\":\"en-US\",\"potentialAction\":[{\"@type\":\"ReadAction\",\"target\":[\"https:\\\/\\\/eheating.lt\\\/produktas\\\/belaidis-termostatas-konveka-tr\\\/\"]}]},{\"@type\":\"ImageObject\",\"inLanguage\":\"en-US\",\"@id\":\"https:\\\/\\\/eheating.lt\\\/produktas\\\/belaidis-termostatas-konveka-tr\\\/#primaryimage\",\"url\":\"https:\\\/\\\/eheating.lt\\\/wp-content\\\/uploads\\\/2024\\\/04\\\/Belaidis-termostatas-Konveka-TR.png\",\"contentUrl\":\"https:\\\/\\\/eheating.lt\\\/wp-content\\\/uploads\\\/2024\\\/04\\\/Belaidis-termostatas-Konveka-TR.png\",\"width\":800,\"height\":800,\"caption\":\"Belaidis termostatas Konveka TR\"},{\"@type\":\"BreadcrumbList\",\"@id\":\"https:\\\/\\\/eheating.lt\\\/produktas\\\/belaidis-termostatas-konveka-tr\\\/#breadcrumb\",\"itemListElement\":[{\"@type\":\"ListItem\",\"position\":1,\"name\":\"Prad\u017eia\",\"item\":\"https:\\\/\\\/eheating.lt\\\/en\\\/\"},{\"@type\":\"ListItem\",\"position\":2,\"name\":\"Shop\",\"item\":\"https:\\\/\\\/eheating.lt\\\/en\\\/?page_id=5734\"},{\"@type\":\"ListItem\",\"position\":3,\"name\":\"Belaidis termostatas Konveka TR\"}]},{\"@type\":\"WebSite\",\"@id\":\"https:\\\/\\\/eheating.lt\\\/#website\",\"url\":\"https:\\\/\\\/eheating.lt\\\/\",\"name\":\"eHeating\",\"description\":\"Elektronika ir \u0161ildymas\",\"potentialAction\":[{\"@type\":\"SearchAction\",\"target\":{\"@type\":\"EntryPoint\",\"urlTemplate\":\"https:\\\/\\\/eheating.lt\\\/?s={search_term_string}\"},\"query-input\":{\"@type\":\"PropertyValueSpecification\",\"valueRequired\":true,\"valueName\":\"search_term_string\"}}],\"inLanguage\":\"en-US\"}]}<\/script>\n<meta property=\"product:price:amount\" content=\"95.65\" \/>\n<meta property=\"product:price:currency\" content=\"EUR\" \/>\n<meta property=\"og:availability\" content=\"instock\" \/>\n<meta property=\"product:availability\" content=\"instock\" \/>\n<meta property=\"product:retailer_item_id\" content=\"KONVEKA-TR\" \/>\n<meta property=\"product:condition\" content=\"new\" \/>\n<!-- \/ Yoast SEO Premium plugin. -->","yoast_head_json":{"title":"Belaidis termostatas Konveka TR","description":"Belaidis termostatas Konveka TR ; Maitinimas 4 x AAA tipo baterijos ; Matmenys: 130 x 90 x 25mm ; Temperat\u016bros jutiklis: NTC (10k)","robots":{"index":"index","follow":"follow","max-snippet":"max-snippet:-1","max-image-preview":"max-image-preview:large","max-video-preview":"max-video-preview:-1"},"canonical":"https:\/\/eheating.lt\/produktas\/belaidis-termostatas-konveka-tr\/","og_locale":"en_US","og_type":"article","og_title":"Belaidis termostatas Konveka TR","og_description":"Belaidis termostatas Konveka TR ; Maitinimas 4 x AAA tipo baterijos ; Matmenys: 130 x 90 x 25mm ; Temperat\u016bros jutiklis: NTC (10k)","og_url":"https:\/\/eheating.lt\/produktas\/belaidis-termostatas-konveka-tr\/","og_site_name":"Elektronika Namams","article_publisher":"https:\/\/www.facebook.com\/ElektronikaNamams","article_modified_time":"2025-01-17T16:02:45+00:00","og_image":[{"width":800,"height":800,"url":"https:\/\/eheating.lt\/wp-content\/uploads\/2024\/04\/Belaidis-termostatas-Konveka-TR.png","type":"image\/png"}],"twitter_card":"summary_large_image","twitter_misc":{"Price":"95,65&nbsp;&euro;","Availability":"In stock"},"schema":{"@context":"https:\/\/schema.org","@graph":[{"@type":"WebPage","@id":"https:\/\/eheating.lt\/produktas\/belaidis-termostatas-konveka-tr\/","url":"https:\/\/eheating.lt\/produktas\/belaidis-termostatas-konveka-tr\/","name":"Belaidis termostatas Konveka TR","isPartOf":{"@id":"https:\/\/eheating.lt\/#website"},"primaryImageOfPage":{"@id":"https:\/\/eheating.lt\/produktas\/belaidis-termostatas-konveka-tr\/#primaryimage"},"image":{"@id":"https:\/\/eheating.lt\/produktas\/belaidis-termostatas-konveka-tr\/#primaryimage"},"thumbnailUrl":"https:\/\/eheating.lt\/wp-content\/uploads\/2024\/04\/Belaidis-termostatas-Konveka-TR.png","datePublished":"2024-04-04T12:10:28+00:00","dateModified":"2025-01-17T16:02:45+00:00","description":"Belaidis termostatas Konveka TR ; Maitinimas 4 x AAA tipo baterijos ; Matmenys: 130 x 90 x 25mm ; Temperat\u016bros jutiklis: NTC (10k)","breadcrumb":{"@id":"https:\/\/eheating.lt\/produktas\/belaidis-termostatas-konveka-tr\/#breadcrumb"},"inLanguage":"en-US","potentialAction":[{"@type":"ReadAction","target":["https:\/\/eheating.lt\/produktas\/belaidis-termostatas-konveka-tr\/"]}]},{"@type":"ImageObject","inLanguage":"en-US","@id":"https:\/\/eheating.lt\/produktas\/belaidis-termostatas-konveka-tr\/#primaryimage","url":"https:\/\/eheating.lt\/wp-content\/uploads\/2024\/04\/Belaidis-termostatas-Konveka-TR.png","contentUrl":"https:\/\/eheating.lt\/wp-content\/uploads\/2024\/04\/Belaidis-termostatas-Konveka-TR.png","width":800,"height":800,"caption":"Belaidis termostatas Konveka TR"},{"@type":"BreadcrumbList","@id":"https:\/\/eheating.lt\/produktas\/belaidis-termostatas-konveka-tr\/#breadcrumb","itemListElement":[{"@type":"ListItem","position":1,"name":"Prad\u017eia","item":"https:\/\/eheating.lt\/en\/"},{"@type":"ListItem","position":2,"name":"Shop","item":"https:\/\/eheating.lt\/en\/?page_id=5734"},{"@type":"ListItem","position":3,"name":"Belaidis termostatas Konveka TR"}]},{"@type":"WebSite","@id":"https:\/\/eheating.lt\/#website","url":"https:\/\/eheating.lt\/","name":"eHeating","description":"Elektronika ir \u0161ildymas","potentialAction":[{"@type":"SearchAction","target":{"@type":"EntryPoint","urlTemplate":"https:\/\/eheating.lt\/?s={search_term_string}"},"query-input":{"@type":"PropertyValueSpecification","valueRequired":true,"valueName":"search_term_string"}}],"inLanguage":"en-US"}]},"product_price_amount":"95.65","product_price_currency":"EUR","og_availability":"instock","product_availability":"instock","product_retailer_item_id":"KONVEKA-TR","product_condition":"new"},"_links":{"self":[{"href":"https:\/\/eheating.lt\/en\/wp-json\/wp\/v2\/product\/33231","targetHints":{"allow":["GET"]}}],"collection":[{"href":"https:\/\/eheating.lt\/en\/wp-json\/wp\/v2\/product"}],"about":[{"href":"https:\/\/eheating.lt\/en\/wp-json\/wp\/v2\/types\/product"}],"replies":[{"embeddable":true,"href":"https:\/\/eheating.lt\/en\/wp-json\/wp\/v2\/comments?post=33231"}],"version-history":[{"count":1,"href":"https:\/\/eheating.lt\/en\/wp-json\/wp\/v2\/product\/33231\/revisions"}],"predecessor-version":[{"id":37821,"href":"https:\/\/eheating.lt\/en\/wp-json\/wp\/v2\/product\/33231\/revisions\/37821"}],"wp:featuredmedia":[{"embeddable":true,"href":"https:\/\/eheating.lt\/en\/wp-json\/wp\/v2\/media\/33235"}],"wp:attachment":[{"href":"https:\/\/eheating.lt\/en\/wp-json\/wp\/v2\/media?parent=33231"}],"wp:term":[{"taxonomy":"product_brand","embeddable":true,"href":"https:\/\/eheating.lt\/en\/wp-json\/wp\/v2\/product_brand?post=33231"},{"taxonomy":"product_cat","embeddable":true,"href":"https:\/\/eheating.lt\/en\/wp-json\/wp\/v2\/product_cat?post=33231"},{"taxonomy":"product_tag","embeddable":true,"href":"https:\/\/eheating.lt\/en\/wp-json\/wp\/v2\/product_tag?post=33231"}],"curies":[{"name":"wp","href":"https:\/\/api.w.org\/{rel}","templated":true}]}}