{"id":33221,"date":"2024-04-04T14:59:41","date_gmt":"2024-04-04T11:59:41","guid":{"rendered":"https:\/\/eheating.lt\/?post_type=product&#038;p=33221"},"modified":"2024-09-20T14:16:38","modified_gmt":"2024-09-20T11:16:38","slug":"konveka-cr8-grindu-sildymo-valdiklis","status":"publish","type":"product","link":"https:\/\/eheating.lt\/en\/produktas\/konveka-cr8-grindu-sildymo-valdiklis\/","title":{"rendered":"Konveka CR8 grind\u0173 \u0161ildymo valdiklis"},"content":{"rendered":"<p>Konveka CR8, radijo ry\u0161iu susijungdamas su kambario termostatais Konveka TR, reguliuoja iki 8 patalp\u0173 temperat\u016br\u0105. Tai leid\u017eia palaikyti skirting\u0105 temperat\u016br\u0105 kiekvienoje patalpoje, u\u017etikrinant didesn\u012f komfort\u0105 ir energijos taupym\u0105. CR8, si\u0173sdamas 230V \u012fjungimo\/i\u0161jungimo signal\u0105, valdo pavaras, katilus ir cirkuliacinius siurblius.<\/p>\n<hr \/>\n<p><span style=\"font-size: 18px;\"><strong>Pagrindiniai ypatumai:<\/strong><\/span><\/p>\n<ul>\n<li>Iki 8 patalp\u0173 \u0161ildymo ir v\u0117sinimo valdymas<\/li>\n<li>Katilo ar \u0161ilumos siurblio valdymas<\/li>\n<li>Cirkuliacinio siurblio valdymas<\/li>\n<li>Skyst\u0173j\u0173 kristal\u0173 ekranas<\/li>\n<li>Montavimas ant DIN b\u0117gelio<\/li>\n<li>Lengvas ir greitas laid\u0173 prijungimas<\/li>\n<\/ul>\n<hr \/>\n<p><span style=\"font-size: 18px;\"><strong>Technin\u0117s specifikacijos:<\/strong><\/span><\/p>\n<ul>\n<li>Maitinimo \u012ftampa: 100 \u2013 240V AC, 50\/60 Hz<\/li>\n<li>Maksimali srov\u0117: 5A<\/li>\n<li>Eksploatavimo temperat\u016bra: 0 &#8211; 45\u00b0C<\/li>\n<li>Eksploatavimo ir sand\u0117liavimo dr\u0117gm\u0117: 5 &#8211; 95% RH (be kondensavimosi)<\/li>\n<li>Sand\u0117liavimo temperat\u016bra: -10 iki 45\u00b0C<\/li>\n<li>Matmenys: 320 x 95 x 38 mm<\/li>\n<\/ul>\n<hr \/>\n<p><strong><span style=\"font-size: 16px;\">Komplektacijoje:<\/span><\/strong><\/p>\n<ul>\n<li>Valdiklis<\/li>\n<li>Naudotojo instrukcija<\/li>\n<\/ul>\n<p>&nbsp;<\/p>\n<p>&nbsp;<\/p>\n<p><img decoding=\"async\" style=\"height: 30px;\" src=\"http:\/\/eheating.lt\/wp-content\/uploads\/2022\/12\/pdf.png\" \/><a href=\"http:\/\/eheating.lt\/wp-content\/uploads\/2024\/04\/Konveka-CR8-manual.pdf\"><strong>Instrukcija (Lietuvi\u0173 k.)<\/strong><\/a><\/p>\n<p>&nbsp;<\/p>\n","protected":false},"excerpt":{"rendered":"<p><strong>Konveka CR8<\/strong> yra belaid\u0117 valdymo sistema, skirta vandens grindinio \u0161ildymo sistemoms.<\/p>\n","protected":false},"featured_media":33223,"comment_status":"closed","ping_status":"closed","template":"","meta":[],"product_brand":[],"product_cat":[223,233],"product_tag":[975],"class_list":{"0":"post-33221","1":"product","2":"type-product","3":"status-publish","4":"has-post-thumbnail","6":"product_cat-heating-control-automation","7":"product_cat-control-panels","8":"product_tag-ean-en","10":"first","11":"instock","12":"taxable","13":"shipping-taxable","14":"purchasable","15":"product-type-simple"},"yoast_head":"<!-- This site is optimized with the Yoast SEO Premium plugin v21.5 (Yoast SEO v27.3) - https:\/\/yoast.com\/product\/yoast-seo-premium-wordpress\/ -->\n<title>Konveka CR8 grind\u0173 \u0161ildymo valdiklis<\/title>\n<meta name=\"description\" content=\"Konveka CR8 grind\u0173 \u0161ildymo valdymo central\u0117 ; Iki 8 patalp\u0173 \u0161ildymo ir v\u0117sinimo valdymas ; Skyst\u0173j\u0173 kristal\u0173 ekranas ; Lengvas ir greitas laid\u0173 prijungimas\" \/>\n<meta name=\"robots\" content=\"index, follow, max-snippet:-1, max-image-preview:large, max-video-preview:-1\" \/>\n<link rel=\"canonical\" href=\"https:\/\/eheating.lt\/produktas\/konveka-cr8-grindu-sildymo-valdiklis\/\" \/>\n<meta property=\"og:locale\" content=\"en_US\" \/>\n<meta property=\"og:type\" content=\"article\" \/>\n<meta property=\"og:title\" content=\"Konveka CR8 grind\u0173 \u0161ildymo valdiklis\" \/>\n<meta property=\"og:description\" content=\"Konveka CR8 grind\u0173 \u0161ildymo valdymo central\u0117 ; Iki 8 patalp\u0173 \u0161ildymo ir v\u0117sinimo valdymas ; Skyst\u0173j\u0173 kristal\u0173 ekranas ; Lengvas ir greitas laid\u0173 prijungimas\" \/>\n<meta property=\"og:url\" content=\"https:\/\/eheating.lt\/produktas\/konveka-cr8-grindu-sildymo-valdiklis\/\" \/>\n<meta property=\"og:site_name\" content=\"Elektronika Namams\" \/>\n<meta property=\"article:publisher\" content=\"https:\/\/www.facebook.com\/ElektronikaNamams\" \/>\n<meta property=\"article:modified_time\" content=\"2024-09-20T11:16:38+00:00\" \/>\n<meta property=\"og:image\" content=\"https:\/\/eheating.lt\/wp-content\/uploads\/2024\/04\/Konveka-CR8-grindu-sildymo-valdiklis.png\" \/>\n\t<meta property=\"og:image:width\" content=\"800\" \/>\n\t<meta property=\"og:image:height\" content=\"800\" \/>\n\t<meta property=\"og:image:type\" content=\"image\/png\" \/>\n<meta name=\"twitter:card\" content=\"summary_large_image\" \/>\n<meta name=\"twitter:label1\" content=\"Price\" \/>\n\t<meta name=\"twitter:data1\" content=\"133,38&nbsp;&euro;\" \/>\n\t<meta name=\"twitter:label2\" content=\"Availability\" \/>\n\t<meta name=\"twitter:data2\" content=\"In stock\" \/>\n<script type=\"application\/ld+json\" class=\"yoast-schema-graph\">{\"@context\":\"https:\\\/\\\/schema.org\",\"@graph\":[{\"@type\":\"WebPage\",\"@id\":\"https:\\\/\\\/eheating.lt\\\/produktas\\\/konveka-cr8-grindu-sildymo-valdiklis\\\/\",\"url\":\"https:\\\/\\\/eheating.lt\\\/produktas\\\/konveka-cr8-grindu-sildymo-valdiklis\\\/\",\"name\":\"Konveka CR8 grind\u0173 \u0161ildymo valdiklis\",\"isPartOf\":{\"@id\":\"https:\\\/\\\/eheating.lt\\\/#website\"},\"primaryImageOfPage\":{\"@id\":\"https:\\\/\\\/eheating.lt\\\/produktas\\\/konveka-cr8-grindu-sildymo-valdiklis\\\/#primaryimage\"},\"image\":{\"@id\":\"https:\\\/\\\/eheating.lt\\\/produktas\\\/konveka-cr8-grindu-sildymo-valdiklis\\\/#primaryimage\"},\"thumbnailUrl\":\"https:\\\/\\\/eheating.lt\\\/wp-content\\\/uploads\\\/2024\\\/04\\\/Konveka-CR8-grindu-sildymo-valdiklis.png\",\"datePublished\":\"2024-04-04T11:59:41+00:00\",\"dateModified\":\"2024-09-20T11:16:38+00:00\",\"description\":\"Konveka CR8 grind\u0173 \u0161ildymo valdymo central\u0117 ; Iki 8 patalp\u0173 \u0161ildymo ir v\u0117sinimo valdymas ; Skyst\u0173j\u0173 kristal\u0173 ekranas ; Lengvas ir greitas laid\u0173 prijungimas\",\"breadcrumb\":{\"@id\":\"https:\\\/\\\/eheating.lt\\\/produktas\\\/konveka-cr8-grindu-sildymo-valdiklis\\\/#breadcrumb\"},\"inLanguage\":\"en-US\",\"potentialAction\":[{\"@type\":\"ReadAction\",\"target\":[\"https:\\\/\\\/eheating.lt\\\/produktas\\\/konveka-cr8-grindu-sildymo-valdiklis\\\/\"]}]},{\"@type\":\"ImageObject\",\"inLanguage\":\"en-US\",\"@id\":\"https:\\\/\\\/eheating.lt\\\/produktas\\\/konveka-cr8-grindu-sildymo-valdiklis\\\/#primaryimage\",\"url\":\"https:\\\/\\\/eheating.lt\\\/wp-content\\\/uploads\\\/2024\\\/04\\\/Konveka-CR8-grindu-sildymo-valdiklis.png\",\"contentUrl\":\"https:\\\/\\\/eheating.lt\\\/wp-content\\\/uploads\\\/2024\\\/04\\\/Konveka-CR8-grindu-sildymo-valdiklis.png\",\"width\":800,\"height\":800,\"caption\":\"Konveka CR8 grind\u0173 \u0161ildymo valdiklis\"},{\"@type\":\"BreadcrumbList\",\"@id\":\"https:\\\/\\\/eheating.lt\\\/produktas\\\/konveka-cr8-grindu-sildymo-valdiklis\\\/#breadcrumb\",\"itemListElement\":[{\"@type\":\"ListItem\",\"position\":1,\"name\":\"Prad\u017eia\",\"item\":\"https:\\\/\\\/eheating.lt\\\/en\\\/\"},{\"@type\":\"ListItem\",\"position\":2,\"name\":\"Shop\",\"item\":\"https:\\\/\\\/eheating.lt\\\/en\\\/?page_id=5734\"},{\"@type\":\"ListItem\",\"position\":3,\"name\":\"Konveka CR8 grind\u0173 \u0161ildymo valdiklis\"}]},{\"@type\":\"WebSite\",\"@id\":\"https:\\\/\\\/eheating.lt\\\/#website\",\"url\":\"https:\\\/\\\/eheating.lt\\\/\",\"name\":\"eHeating\",\"description\":\"Elektronika ir \u0161ildymas\",\"potentialAction\":[{\"@type\":\"SearchAction\",\"target\":{\"@type\":\"EntryPoint\",\"urlTemplate\":\"https:\\\/\\\/eheating.lt\\\/?s={search_term_string}\"},\"query-input\":{\"@type\":\"PropertyValueSpecification\",\"valueRequired\":true,\"valueName\":\"search_term_string\"}}],\"inLanguage\":\"en-US\"}]}<\/script>\n<meta property=\"product:price:amount\" content=\"133.38\" \/>\n<meta property=\"product:price:currency\" content=\"EUR\" \/>\n<meta property=\"og:availability\" content=\"instock\" \/>\n<meta property=\"product:availability\" content=\"instock\" \/>\n<meta property=\"product:retailer_item_id\" content=\"KONVEKA-CR8\" \/>\n<meta property=\"product:condition\" content=\"new\" \/>\n<!-- \/ Yoast SEO Premium plugin. -->","yoast_head_json":{"title":"Konveka CR8 grind\u0173 \u0161ildymo valdiklis","description":"Konveka CR8 grind\u0173 \u0161ildymo valdymo central\u0117 ; Iki 8 patalp\u0173 \u0161ildymo ir v\u0117sinimo valdymas ; Skyst\u0173j\u0173 kristal\u0173 ekranas ; Lengvas ir greitas laid\u0173 prijungimas","robots":{"index":"index","follow":"follow","max-snippet":"max-snippet:-1","max-image-preview":"max-image-preview:large","max-video-preview":"max-video-preview:-1"},"canonical":"https:\/\/eheating.lt\/produktas\/konveka-cr8-grindu-sildymo-valdiklis\/","og_locale":"en_US","og_type":"article","og_title":"Konveka CR8 grind\u0173 \u0161ildymo valdiklis","og_description":"Konveka CR8 grind\u0173 \u0161ildymo valdymo central\u0117 ; Iki 8 patalp\u0173 \u0161ildymo ir v\u0117sinimo valdymas ; Skyst\u0173j\u0173 kristal\u0173 ekranas ; Lengvas ir greitas laid\u0173 prijungimas","og_url":"https:\/\/eheating.lt\/produktas\/konveka-cr8-grindu-sildymo-valdiklis\/","og_site_name":"Elektronika Namams","article_publisher":"https:\/\/www.facebook.com\/ElektronikaNamams","article_modified_time":"2024-09-20T11:16:38+00:00","og_image":[{"width":800,"height":800,"url":"https:\/\/eheating.lt\/wp-content\/uploads\/2024\/04\/Konveka-CR8-grindu-sildymo-valdiklis.png","type":"image\/png"}],"twitter_card":"summary_large_image","twitter_misc":{"Price":"133,38&nbsp;&euro;","Availability":"In stock"},"schema":{"@context":"https:\/\/schema.org","@graph":[{"@type":"WebPage","@id":"https:\/\/eheating.lt\/produktas\/konveka-cr8-grindu-sildymo-valdiklis\/","url":"https:\/\/eheating.lt\/produktas\/konveka-cr8-grindu-sildymo-valdiklis\/","name":"Konveka CR8 grind\u0173 \u0161ildymo valdiklis","isPartOf":{"@id":"https:\/\/eheating.lt\/#website"},"primaryImageOfPage":{"@id":"https:\/\/eheating.lt\/produktas\/konveka-cr8-grindu-sildymo-valdiklis\/#primaryimage"},"image":{"@id":"https:\/\/eheating.lt\/produktas\/konveka-cr8-grindu-sildymo-valdiklis\/#primaryimage"},"thumbnailUrl":"https:\/\/eheating.lt\/wp-content\/uploads\/2024\/04\/Konveka-CR8-grindu-sildymo-valdiklis.png","datePublished":"2024-04-04T11:59:41+00:00","dateModified":"2024-09-20T11:16:38+00:00","description":"Konveka CR8 grind\u0173 \u0161ildymo valdymo central\u0117 ; Iki 8 patalp\u0173 \u0161ildymo ir v\u0117sinimo valdymas ; Skyst\u0173j\u0173 kristal\u0173 ekranas ; Lengvas ir greitas laid\u0173 prijungimas","breadcrumb":{"@id":"https:\/\/eheating.lt\/produktas\/konveka-cr8-grindu-sildymo-valdiklis\/#breadcrumb"},"inLanguage":"en-US","potentialAction":[{"@type":"ReadAction","target":["https:\/\/eheating.lt\/produktas\/konveka-cr8-grindu-sildymo-valdiklis\/"]}]},{"@type":"ImageObject","inLanguage":"en-US","@id":"https:\/\/eheating.lt\/produktas\/konveka-cr8-grindu-sildymo-valdiklis\/#primaryimage","url":"https:\/\/eheating.lt\/wp-content\/uploads\/2024\/04\/Konveka-CR8-grindu-sildymo-valdiklis.png","contentUrl":"https:\/\/eheating.lt\/wp-content\/uploads\/2024\/04\/Konveka-CR8-grindu-sildymo-valdiklis.png","width":800,"height":800,"caption":"Konveka CR8 grind\u0173 \u0161ildymo valdiklis"},{"@type":"BreadcrumbList","@id":"https:\/\/eheating.lt\/produktas\/konveka-cr8-grindu-sildymo-valdiklis\/#breadcrumb","itemListElement":[{"@type":"ListItem","position":1,"name":"Prad\u017eia","item":"https:\/\/eheating.lt\/en\/"},{"@type":"ListItem","position":2,"name":"Shop","item":"https:\/\/eheating.lt\/en\/?page_id=5734"},{"@type":"ListItem","position":3,"name":"Konveka CR8 grind\u0173 \u0161ildymo valdiklis"}]},{"@type":"WebSite","@id":"https:\/\/eheating.lt\/#website","url":"https:\/\/eheating.lt\/","name":"eHeating","description":"Elektronika ir \u0161ildymas","potentialAction":[{"@type":"SearchAction","target":{"@type":"EntryPoint","urlTemplate":"https:\/\/eheating.lt\/?s={search_term_string}"},"query-input":{"@type":"PropertyValueSpecification","valueRequired":true,"valueName":"search_term_string"}}],"inLanguage":"en-US"}]},"product_price_amount":"133.38","product_price_currency":"EUR","og_availability":"instock","product_availability":"instock","product_retailer_item_id":"KONVEKA-CR8","product_condition":"new"},"_links":{"self":[{"href":"https:\/\/eheating.lt\/en\/wp-json\/wp\/v2\/product\/33221","targetHints":{"allow":["GET"]}}],"collection":[{"href":"https:\/\/eheating.lt\/en\/wp-json\/wp\/v2\/product"}],"about":[{"href":"https:\/\/eheating.lt\/en\/wp-json\/wp\/v2\/types\/product"}],"replies":[{"embeddable":true,"href":"https:\/\/eheating.lt\/en\/wp-json\/wp\/v2\/comments?post=33221"}],"version-history":[{"count":0,"href":"https:\/\/eheating.lt\/en\/wp-json\/wp\/v2\/product\/33221\/revisions"}],"wp:featuredmedia":[{"embeddable":true,"href":"https:\/\/eheating.lt\/en\/wp-json\/wp\/v2\/media\/33223"}],"wp:attachment":[{"href":"https:\/\/eheating.lt\/en\/wp-json\/wp\/v2\/media?parent=33221"}],"wp:term":[{"taxonomy":"product_brand","embeddable":true,"href":"https:\/\/eheating.lt\/en\/wp-json\/wp\/v2\/product_brand?post=33221"},{"taxonomy":"product_cat","embeddable":true,"href":"https:\/\/eheating.lt\/en\/wp-json\/wp\/v2\/product_cat?post=33221"},{"taxonomy":"product_tag","embeddable":true,"href":"https:\/\/eheating.lt\/en\/wp-json\/wp\/v2\/product_tag?post=33221"}],"curies":[{"name":"wp","href":"https:\/\/api.w.org\/{rel}","templated":true}]}}