{"id":33194,"date":"2024-04-04T14:27:36","date_gmt":"2024-04-04T11:27:36","guid":{"rendered":"https:\/\/eheating.lt\/?post_type=product&#038;p=33194"},"modified":"2025-01-17T18:03:03","modified_gmt":"2025-01-17T16:03:03","slug":"wifi-termostatas-konveka-tw230-16-juodas","status":"publish","type":"product","link":"https:\/\/eheating.lt\/en\/produktas\/wifi-termostatas-konveka-tw230-16-juodas\/","title":{"rendered":"WiFi termostatas Konveka TW230-16 juodas"},"content":{"rendered":"<p>Konveka TW 230-16 reguliuoja vienos patalpos \u0161ildym\u0105 ir v\u0117sinim\u0105. Tai leid\u017eia nustatyti tam tikr\u0105 temperat\u016bros lyg\u012f patalpoje ir sukurti savait\u0117s temperat\u016brin\u012f grafik\u0105, u\u017etikrinant didesn\u012f komfort\u0105 ir \u017eenkl\u0173 energijos taupym\u0105. Termostatas gali b\u016bti valdomas jo ekrane arba naudojant mobili\u0105sias program\u0117les: \u201eSmart Life\u201c arba \u201eTuya Smart\u201c.<\/p>\n<hr \/>\n<p>TW 230-16 gali valdyti:<\/p>\n<ul>\n<li>Vandenin\u012f grindin\u012f \u0161ildym\u0105, radiatorius, konvektorius ir fankoilus;<\/li>\n<li>Elektrin\u012f grindin\u012f \u0161ildym\u0105, elektrinius radiatorius;<\/li>\n<li>Infraraudon\u0173j\u0173 spinduli\u0173 \u0161ildytuvus.<\/li>\n<\/ul>\n<hr \/>\n<p><span style=\"font-size: 18px;\"><strong>Pagrindiniai ypatumai:<\/strong><\/span><\/p>\n<ul>\n<li>U\u017eduotos temperat\u016bros patalpoje palaikymas<\/li>\n<li>Savaitinis programavimas<\/li>\n<li>Ekonominis re\u017eimas<\/li>\n<li>Apsauga nuo u\u017e\u0161alimo<\/li>\n<li>Atostog\u0173 re\u017eimas<\/li>\n<li>Temperat\u016bros kompensavimas<\/li>\n<li>Histerez\u0117s nustatymas<\/li>\n<li>Dienos ir nakties ekrano ry\u0161kumo reguliavimas<\/li>\n<li>Laikmatis<\/li>\n<li>Ekrano u\u017erakinimas<\/li>\n<\/ul>\n<hr \/>\n<p><span style=\"font-size: 18px;\"><strong>Technin\u0117s specifikacijos:<\/strong><\/span><\/p>\n<ul>\n<li>Maitinimas: 95 ~240 VAC, 50~60Hz<\/li>\n<li>Maksimali srov\u0117: 16A<\/li>\n<li>Temperat\u016bros jutiklis: NTC3950, 10K<\/li>\n<li>Temperat\u016bros tikslumas: \u00b1 0,5\u00b0C<\/li>\n<li>Energijos s\u0105naudos: &lt; 1,5W<\/li>\n<li>Temperat\u016bros nustatymo diapazonas: 5 &#8211; 35\u00b0C<\/li>\n<li>Eksploatavimo temperat\u016bra: 0 &#8211; 45\u00b0C<\/li>\n<li>Eksploatavimo ir sand\u0117liavimo dr\u0117gm\u0117: 5 &#8211; 95% RH (be kondensavimosi)<\/li>\n<li>Sand\u0117liavimo temperat\u016bra: -10 iki 45\u00b0C<\/li>\n<li>Laiko paklaida: &lt; 1%<\/li>\n<li>Korpuso med\u017eiaga: PC + ABS (ugniai atsparus)<\/li>\n<li>Montavimo d\u0117\u017eut\u0117: Standartin\u0117 60 mm apvali instaliacin\u0117 arba 86&#215;86 mm kvadratin\u0117 d\u0117\u017eut\u0117<\/li>\n<li>Saugos klas\u0117: IP20<\/li>\n<li>Mygtukai: Jutikliniai mygtukai<\/li>\n<li>Matmenys: 88 x 88 x 37,5 mm<\/li>\n<\/ul>\n<hr \/>\n<p><span style=\"font-size: 16px;\"><strong>Komplektacijoje:<\/strong><\/span><\/p>\n<ul>\n<li>Termostatas<\/li>\n<li>Grind\u0173 jutiklis<\/li>\n<li>Tvirtinimo var\u017etai<\/li>\n<li>Naudotojo instrukcija<\/li>\n<\/ul>\n<p>&nbsp;<\/p>\n<p>&nbsp;<\/p>\n<p><img decoding=\"async\" style=\"height: 30px;\" src=\"http:\/\/eheating.lt\/wp-content\/uploads\/2022\/12\/pdf.png\" \/><a href=\"http:\/\/eheating.lt\/wp-content\/uploads\/2024\/04\/Konveka-TW230-16-datasheet.pdf\"><strong>Specifikacijos (Lietuvi\u0173 k.)<\/strong><\/a><\/p>\n<p><img decoding=\"async\" style=\"height: 30px;\" src=\"http:\/\/eheating.lt\/wp-content\/uploads\/2022\/12\/pdf.png\" \/><a href=\"http:\/\/eheating.lt\/wp-content\/uploads\/2024\/04\/Konveka-TW230-16-manual.pdf\"><strong>Instrukcija (Lietuvi\u0173 k.)<\/strong><\/a><\/p>\n<p>&nbsp;<\/p>\n","protected":false},"excerpt":{"rendered":"<p><strong>Konveka TW230-16 <\/strong>WiFi termostatas juodos spalvos.<\/p>\n","protected":false},"featured_media":33196,"comment_status":"closed","ping_status":"closed","template":"","meta":[],"product_brand":[],"product_cat":[146,134,133,135],"product_tag":[974],"class_list":{"0":"post-33194","1":"product","2":"type-product","3":"status-publish","4":"has-post-thumbnail","6":"product_cat-elektriniu-kilimeliu-termostatai","7":"product_cat-laidiniai-termostatai","8":"product_cat-sildymo-valdymo-automatika","9":"product_cat-wifi-termostatai","10":"product_tag-ean","12":"first","13":"instock","14":"purchasable","15":"product-type-simple"},"yoast_head":"<!-- This site is optimized with the Yoast SEO Premium plugin v21.5 (Yoast SEO v27.3) - https:\/\/yoast.com\/product\/yoast-seo-premium-wordpress\/ -->\n<title>WiFi termostatas Konveka TW230-16 juodas<\/title>\n<meta name=\"description\" content=\"WiFi termostatas Konveka TW230-16 juodas ; \u012etampa 230V ; Termostatas gali b\u016bti valdomas naudojant mobili\u0105sias program\u0117les: \u201eSmart Life\u201c arba \u201eTuya Smart&quot;\" \/>\n<meta name=\"robots\" content=\"index, follow, max-snippet:-1, max-image-preview:large, max-video-preview:-1\" \/>\n<link rel=\"canonical\" href=\"https:\/\/eheating.lt\/produktas\/wifi-termostatas-konveka-tw230-16-juodas\/\" \/>\n<meta property=\"og:locale\" content=\"en_US\" \/>\n<meta property=\"og:type\" content=\"article\" \/>\n<meta property=\"og:title\" content=\"WiFi termostatas Konveka TW230-16 juodas\" \/>\n<meta property=\"og:description\" content=\"WiFi termostatas Konveka TW230-16 juodas ; \u012etampa 230V ; Termostatas gali b\u016bti valdomas naudojant mobili\u0105sias program\u0117les: \u201eSmart Life\u201c arba \u201eTuya Smart&quot;\" \/>\n<meta property=\"og:url\" content=\"https:\/\/eheating.lt\/produktas\/wifi-termostatas-konveka-tw230-16-juodas\/\" \/>\n<meta property=\"og:site_name\" content=\"Elektronika Namams\" \/>\n<meta property=\"article:publisher\" content=\"https:\/\/www.facebook.com\/ElektronikaNamams\" \/>\n<meta property=\"article:modified_time\" content=\"2025-01-17T16:03:03+00:00\" \/>\n<meta property=\"og:image\" content=\"https:\/\/eheating.lt\/wp-content\/uploads\/2024\/04\/WiFi-termostatas-Konveka-TW230-16-juodas.png\" \/>\n\t<meta property=\"og:image:width\" content=\"800\" \/>\n\t<meta property=\"og:image:height\" content=\"800\" \/>\n\t<meta property=\"og:image:type\" content=\"image\/png\" \/>\n<meta name=\"twitter:card\" content=\"summary_large_image\" \/>\n<meta name=\"twitter:label1\" content=\"Price\" \/>\n\t<meta name=\"twitter:data1\" content=\"74,28&nbsp;&euro;\" \/>\n\t<meta name=\"twitter:label2\" content=\"Availability\" \/>\n\t<meta name=\"twitter:data2\" content=\"In stock\" \/>\n<script type=\"application\/ld+json\" class=\"yoast-schema-graph\">{\"@context\":\"https:\\\/\\\/schema.org\",\"@graph\":[{\"@type\":\"WebPage\",\"@id\":\"https:\\\/\\\/eheating.lt\\\/produktas\\\/wifi-termostatas-konveka-tw230-16-juodas\\\/\",\"url\":\"https:\\\/\\\/eheating.lt\\\/produktas\\\/wifi-termostatas-konveka-tw230-16-juodas\\\/\",\"name\":\"WiFi termostatas Konveka TW230-16 juodas\",\"isPartOf\":{\"@id\":\"https:\\\/\\\/eheating.lt\\\/#website\"},\"primaryImageOfPage\":{\"@id\":\"https:\\\/\\\/eheating.lt\\\/produktas\\\/wifi-termostatas-konveka-tw230-16-juodas\\\/#primaryimage\"},\"image\":{\"@id\":\"https:\\\/\\\/eheating.lt\\\/produktas\\\/wifi-termostatas-konveka-tw230-16-juodas\\\/#primaryimage\"},\"thumbnailUrl\":\"https:\\\/\\\/eheating.lt\\\/wp-content\\\/uploads\\\/2024\\\/04\\\/WiFi-termostatas-Konveka-TW230-16-juodas.png\",\"datePublished\":\"2024-04-04T11:27:36+00:00\",\"dateModified\":\"2025-01-17T16:03:03+00:00\",\"description\":\"WiFi termostatas Konveka TW230-16 juodas ; \u012etampa 230V ; Termostatas gali b\u016bti valdomas naudojant mobili\u0105sias program\u0117les: \u201eSmart Life\u201c arba \u201eTuya Smart\\\"\",\"breadcrumb\":{\"@id\":\"https:\\\/\\\/eheating.lt\\\/produktas\\\/wifi-termostatas-konveka-tw230-16-juodas\\\/#breadcrumb\"},\"inLanguage\":\"en-US\",\"potentialAction\":[{\"@type\":\"ReadAction\",\"target\":[\"https:\\\/\\\/eheating.lt\\\/produktas\\\/wifi-termostatas-konveka-tw230-16-juodas\\\/\"]}]},{\"@type\":\"ImageObject\",\"inLanguage\":\"en-US\",\"@id\":\"https:\\\/\\\/eheating.lt\\\/produktas\\\/wifi-termostatas-konveka-tw230-16-juodas\\\/#primaryimage\",\"url\":\"https:\\\/\\\/eheating.lt\\\/wp-content\\\/uploads\\\/2024\\\/04\\\/WiFi-termostatas-Konveka-TW230-16-juodas.png\",\"contentUrl\":\"https:\\\/\\\/eheating.lt\\\/wp-content\\\/uploads\\\/2024\\\/04\\\/WiFi-termostatas-Konveka-TW230-16-juodas.png\",\"width\":800,\"height\":800,\"caption\":\"WiFi termostatas Konveka TW230-16 juodas\"},{\"@type\":\"BreadcrumbList\",\"@id\":\"https:\\\/\\\/eheating.lt\\\/produktas\\\/wifi-termostatas-konveka-tw230-16-juodas\\\/#breadcrumb\",\"itemListElement\":[{\"@type\":\"ListItem\",\"position\":1,\"name\":\"Prad\u017eia\",\"item\":\"https:\\\/\\\/eheating.lt\\\/en\\\/\"},{\"@type\":\"ListItem\",\"position\":2,\"name\":\"Shop\",\"item\":\"https:\\\/\\\/eheating.lt\\\/en\\\/?page_id=5734\"},{\"@type\":\"ListItem\",\"position\":3,\"name\":\"WiFi termostatas Konveka TW230-16 juodas\"}]},{\"@type\":\"WebSite\",\"@id\":\"https:\\\/\\\/eheating.lt\\\/#website\",\"url\":\"https:\\\/\\\/eheating.lt\\\/\",\"name\":\"eHeating\",\"description\":\"Elektronika ir \u0161ildymas\",\"potentialAction\":[{\"@type\":\"SearchAction\",\"target\":{\"@type\":\"EntryPoint\",\"urlTemplate\":\"https:\\\/\\\/eheating.lt\\\/?s={search_term_string}\"},\"query-input\":{\"@type\":\"PropertyValueSpecification\",\"valueRequired\":true,\"valueName\":\"search_term_string\"}}],\"inLanguage\":\"en-US\"}]}<\/script>\n<meta property=\"product:price:amount\" content=\"74.28\" \/>\n<meta property=\"product:price:currency\" content=\"EUR\" \/>\n<meta property=\"og:availability\" content=\"instock\" \/>\n<meta property=\"product:availability\" content=\"instock\" \/>\n<meta property=\"product:retailer_item_id\" content=\"KONVEKA-TW230-16-BL\" \/>\n<meta property=\"product:condition\" content=\"new\" \/>\n<!-- \/ Yoast SEO Premium plugin. -->","yoast_head_json":{"title":"WiFi termostatas Konveka TW230-16 juodas","description":"WiFi termostatas Konveka TW230-16 juodas ; \u012etampa 230V ; Termostatas gali b\u016bti valdomas naudojant mobili\u0105sias program\u0117les: \u201eSmart Life\u201c arba \u201eTuya Smart\"","robots":{"index":"index","follow":"follow","max-snippet":"max-snippet:-1","max-image-preview":"max-image-preview:large","max-video-preview":"max-video-preview:-1"},"canonical":"https:\/\/eheating.lt\/produktas\/wifi-termostatas-konveka-tw230-16-juodas\/","og_locale":"en_US","og_type":"article","og_title":"WiFi termostatas Konveka TW230-16 juodas","og_description":"WiFi termostatas Konveka TW230-16 juodas ; \u012etampa 230V ; Termostatas gali b\u016bti valdomas naudojant mobili\u0105sias program\u0117les: \u201eSmart Life\u201c arba \u201eTuya Smart\"","og_url":"https:\/\/eheating.lt\/produktas\/wifi-termostatas-konveka-tw230-16-juodas\/","og_site_name":"Elektronika Namams","article_publisher":"https:\/\/www.facebook.com\/ElektronikaNamams","article_modified_time":"2025-01-17T16:03:03+00:00","og_image":[{"width":800,"height":800,"url":"https:\/\/eheating.lt\/wp-content\/uploads\/2024\/04\/WiFi-termostatas-Konveka-TW230-16-juodas.png","type":"image\/png"}],"twitter_card":"summary_large_image","twitter_misc":{"Price":"74,28&nbsp;&euro;","Availability":"In stock"},"schema":{"@context":"https:\/\/schema.org","@graph":[{"@type":"WebPage","@id":"https:\/\/eheating.lt\/produktas\/wifi-termostatas-konveka-tw230-16-juodas\/","url":"https:\/\/eheating.lt\/produktas\/wifi-termostatas-konveka-tw230-16-juodas\/","name":"WiFi termostatas Konveka TW230-16 juodas","isPartOf":{"@id":"https:\/\/eheating.lt\/#website"},"primaryImageOfPage":{"@id":"https:\/\/eheating.lt\/produktas\/wifi-termostatas-konveka-tw230-16-juodas\/#primaryimage"},"image":{"@id":"https:\/\/eheating.lt\/produktas\/wifi-termostatas-konveka-tw230-16-juodas\/#primaryimage"},"thumbnailUrl":"https:\/\/eheating.lt\/wp-content\/uploads\/2024\/04\/WiFi-termostatas-Konveka-TW230-16-juodas.png","datePublished":"2024-04-04T11:27:36+00:00","dateModified":"2025-01-17T16:03:03+00:00","description":"WiFi termostatas Konveka TW230-16 juodas ; \u012etampa 230V ; Termostatas gali b\u016bti valdomas naudojant mobili\u0105sias program\u0117les: \u201eSmart Life\u201c arba \u201eTuya Smart\"","breadcrumb":{"@id":"https:\/\/eheating.lt\/produktas\/wifi-termostatas-konveka-tw230-16-juodas\/#breadcrumb"},"inLanguage":"en-US","potentialAction":[{"@type":"ReadAction","target":["https:\/\/eheating.lt\/produktas\/wifi-termostatas-konveka-tw230-16-juodas\/"]}]},{"@type":"ImageObject","inLanguage":"en-US","@id":"https:\/\/eheating.lt\/produktas\/wifi-termostatas-konveka-tw230-16-juodas\/#primaryimage","url":"https:\/\/eheating.lt\/wp-content\/uploads\/2024\/04\/WiFi-termostatas-Konveka-TW230-16-juodas.png","contentUrl":"https:\/\/eheating.lt\/wp-content\/uploads\/2024\/04\/WiFi-termostatas-Konveka-TW230-16-juodas.png","width":800,"height":800,"caption":"WiFi termostatas Konveka TW230-16 juodas"},{"@type":"BreadcrumbList","@id":"https:\/\/eheating.lt\/produktas\/wifi-termostatas-konveka-tw230-16-juodas\/#breadcrumb","itemListElement":[{"@type":"ListItem","position":1,"name":"Prad\u017eia","item":"https:\/\/eheating.lt\/en\/"},{"@type":"ListItem","position":2,"name":"Shop","item":"https:\/\/eheating.lt\/en\/?page_id=5734"},{"@type":"ListItem","position":3,"name":"WiFi termostatas Konveka TW230-16 juodas"}]},{"@type":"WebSite","@id":"https:\/\/eheating.lt\/#website","url":"https:\/\/eheating.lt\/","name":"eHeating","description":"Elektronika ir \u0161ildymas","potentialAction":[{"@type":"SearchAction","target":{"@type":"EntryPoint","urlTemplate":"https:\/\/eheating.lt\/?s={search_term_string}"},"query-input":{"@type":"PropertyValueSpecification","valueRequired":true,"valueName":"search_term_string"}}],"inLanguage":"en-US"}]},"product_price_amount":"74.28","product_price_currency":"EUR","og_availability":"instock","product_availability":"instock","product_retailer_item_id":"KONVEKA-TW230-16-BL","product_condition":"new"},"_links":{"self":[{"href":"https:\/\/eheating.lt\/en\/wp-json\/wp\/v2\/product\/33194","targetHints":{"allow":["GET"]}}],"collection":[{"href":"https:\/\/eheating.lt\/en\/wp-json\/wp\/v2\/product"}],"about":[{"href":"https:\/\/eheating.lt\/en\/wp-json\/wp\/v2\/types\/product"}],"replies":[{"embeddable":true,"href":"https:\/\/eheating.lt\/en\/wp-json\/wp\/v2\/comments?post=33194"}],"version-history":[{"count":1,"href":"https:\/\/eheating.lt\/en\/wp-json\/wp\/v2\/product\/33194\/revisions"}],"predecessor-version":[{"id":37823,"href":"https:\/\/eheating.lt\/en\/wp-json\/wp\/v2\/product\/33194\/revisions\/37823"}],"wp:featuredmedia":[{"embeddable":true,"href":"https:\/\/eheating.lt\/en\/wp-json\/wp\/v2\/media\/33196"}],"wp:attachment":[{"href":"https:\/\/eheating.lt\/en\/wp-json\/wp\/v2\/media?parent=33194"}],"wp:term":[{"taxonomy":"product_brand","embeddable":true,"href":"https:\/\/eheating.lt\/en\/wp-json\/wp\/v2\/product_brand?post=33194"},{"taxonomy":"product_cat","embeddable":true,"href":"https:\/\/eheating.lt\/en\/wp-json\/wp\/v2\/product_cat?post=33194"},{"taxonomy":"product_tag","embeddable":true,"href":"https:\/\/eheating.lt\/en\/wp-json\/wp\/v2\/product_tag?post=33194"}],"curies":[{"name":"wp","href":"https:\/\/api.w.org\/{rel}","templated":true}]}}