{"id":33151,"date":"2023-03-21T08:12:21","date_gmt":"2023-03-21T06:12:21","guid":{"rendered":"https:\/\/eheating.lt\/product\/danfoss-icon-24v-floor-heating-controller-15-zones-088u1142\/"},"modified":"2024-03-21T19:50:58","modified_gmt":"2024-03-21T17:50:58","slug":"danfoss-icon-24v-floor-heating-controller-15-zones-088u1142","status":"publish","type":"product","link":"https:\/\/eheating.lt\/en\/produktas\/danfoss-icon-24v-floor-heating-controller-15-zones-088u1142\/","title":{"rendered":"Danfoss Icon 24V floor heating controller"},"content":{"rendered":"<p><strong>Danfoss Icon<\/strong> controller for Icon 24V series thermostats. Intended for zone control, circulation pump activation in case of heating demand, heating boiler control.<\/p>\n<hr \/>\n<ul>\n<li>Manufacturer &#8211; Danfoss<\/li>\n<li>Power supply 230V<\/li>\n<li>15 channels<\/li>\n<li>NC \/ NO 24V actuators<\/li>\n<li>Heating boiler relay control (no voltage)<\/li>\n<li>Max. 15 actuators<\/li>\n<li>&#8220;Exercising&#8221; the valve<\/li>\n<li>PWM or on\/off control<\/li>\n<li>Expandable by connecting App module, extension module and radio module<\/li>\n<li>Max. 3 controllers in one system<\/li>\n<li>230V pump relay<\/li>\n<li>Automatic balancing<\/li>\n<li>Compatible with wireless room thermostats (wireless module required) and 24V room thermostats<\/li>\n<li>The manufacturer&#8217;s code &#8211; 088U1142<\/li>\n<\/ul>\n<p>&nbsp;<\/p>\n<p><img decoding=\"async\" style=\"height: 30px;\" src=\"https:\/\/eheating.lt\/wp-content\/uploads\/2022\/12\/pdf-e1720524145211.png\" \/><a href=\"http:\/\/eheating.lt\/wp-content\/uploads\/2023\/03\/Danfoss-Icon-24V-grindu-sildymo-valdiklis-manual.pdf\"><strong>Instructions (in Lithuanian)<\/strong><\/a><\/p>\n<p><img decoding=\"async\" style=\"height: 30px;\" src=\"https:\/\/eheating.lt\/wp-content\/uploads\/2022\/12\/pdf-e1720524145211.png\" \/><a href=\"http:\/\/eheating.lt\/wp-content\/uploads\/2023\/03\/Danfoss-Icon-24V-grindu-sildymo-valdiklis-datasheet-1.pdf\"><strong>Specifications (English) <\/strong><\/a><\/p>\n<p>&nbsp;<\/p>\n<p>More about this product: <strong><br \/>\n<a href=\"https:\/\/store.danfoss.com\/lt\/lt\/Climate-Solutions-for-heating\/Grind%C5%B3-%C5%A1ildymas-vandeniu\/Kambari%C5%B3-reguliatoriai\/Grind%C5%B3-%C5%A1ildymo-valdikliai%2C-Danfoss-Icon%2C-Pagrindinis-valdiklis%2C-24-0-V%2C-I%C5%A1%C4%97jimo-%C4%AFtampa-%5BV%5D-kint-sr-%3A-24%2C-Kanal%C5%B3-skai%C4%8Dius%3A-15%2C-Vir%C5%A1tinkinis\/p\/088U1142\">https:\/\/www.store.danfoss.com<\/a><br \/>\n<\/strong><\/p>\n<p>&nbsp;<\/p>\n","protected":false},"excerpt":{"rendered":"<p>Danfoss Icon 24V master 10-channel controller.<\/p>\n","protected":false},"featured_media":9362,"comment_status":"closed","ping_status":"closed","template":"","meta":[],"product_brand":[],"product_cat":[233,223],"product_tag":[975],"class_list":{"0":"post-33151","1":"product","2":"type-product","3":"status-publish","4":"has-post-thumbnail","6":"product_cat-control-panels","7":"product_cat-heating-control-automation","8":"product_tag-ean-en","10":"first","11":"onbackorder","12":"sale","13":"taxable","14":"shipping-taxable","15":"purchasable","16":"product-type-simple"},"yoast_head":"<!-- This site is optimized with the Yoast SEO Premium plugin v21.5 (Yoast SEO v27.3) - https:\/\/yoast.com\/product\/yoast-seo-premium-wordpress\/ -->\n<title>Danfoss Icon 24V floor heating controller 15 zones 088U1142<\/title>\n<meta name=\"description\" content=\"Danfoss controller 15 zones; for Icon 24V series thermostats; 15 channels; NC \/ NO 24V actuators; Valve &quot;exercise&quot; ; Manufacturer code - 088U1142\" \/>\n<meta name=\"robots\" content=\"index, follow, max-snippet:-1, max-image-preview:large, max-video-preview:-1\" \/>\n<link rel=\"canonical\" href=\"https:\/\/eheating.lt\/en\/produktas\/danfoss-icon-24v-floor-heating-controller-15-zones-088u1142\/\" \/>\n<meta property=\"og:locale\" content=\"en_US\" \/>\n<meta property=\"og:type\" content=\"article\" \/>\n<meta property=\"og:title\" content=\"Danfoss Icon 24V floor heating controller 15 zones 088U1142\" \/>\n<meta property=\"og:description\" content=\"Danfoss controller 15 zones; for Icon 24V series thermostats; 15 channels; NC \/ NO 24V actuators; Valve &quot;exercise&quot; ; Manufacturer code - 088U1142\" \/>\n<meta property=\"og:url\" content=\"https:\/\/eheating.lt\/en\/produktas\/danfoss-icon-24v-floor-heating-controller-15-zones-088u1142\/\" \/>\n<meta property=\"og:site_name\" content=\"Elektronika Namams\" \/>\n<meta property=\"article:publisher\" content=\"https:\/\/www.facebook.com\/ElektronikaNamams\" \/>\n<meta property=\"article:modified_time\" content=\"2024-03-21T17:50:58+00:00\" \/>\n<meta property=\"og:image\" content=\"https:\/\/eheating.lt\/wp-content\/uploads\/2023\/03\/Danfoss-Icon-24V-grindu-sildymo-valdiklis-15-zonu-2.png\" \/>\n\t<meta property=\"og:image:width\" content=\"800\" \/>\n\t<meta property=\"og:image:height\" content=\"800\" \/>\n\t<meta property=\"og:image:type\" content=\"image\/png\" \/>\n<meta name=\"twitter:card\" content=\"summary_large_image\" \/>\n<meta name=\"twitter:label1\" content=\"Price\" \/>\n\t<meta name=\"twitter:data1\" content=\"477,43&nbsp;&euro; Original price was: 477,43&nbsp;&euro;.405,82&nbsp;&euro;Current price is: 405,82&nbsp;&euro;.\" \/>\n\t<meta name=\"twitter:label2\" content=\"Availability\" \/>\n\t<meta name=\"twitter:data2\" content=\"On backorder\" \/>\n<script type=\"application\/ld+json\" class=\"yoast-schema-graph\">{\"@context\":\"https:\\\/\\\/schema.org\",\"@graph\":[{\"@type\":\"WebPage\",\"@id\":\"https:\\\/\\\/eheating.lt\\\/en\\\/produktas\\\/danfoss-icon-24v-floor-heating-controller-15-zones-088u1142\\\/\",\"url\":\"https:\\\/\\\/eheating.lt\\\/en\\\/produktas\\\/danfoss-icon-24v-floor-heating-controller-15-zones-088u1142\\\/\",\"name\":\"Danfoss Icon 24V floor heating controller 15 zones 088U1142\",\"isPartOf\":{\"@id\":\"https:\\\/\\\/eheating.lt\\\/#website\"},\"primaryImageOfPage\":{\"@id\":\"https:\\\/\\\/eheating.lt\\\/en\\\/produktas\\\/danfoss-icon-24v-floor-heating-controller-15-zones-088u1142\\\/#primaryimage\"},\"image\":{\"@id\":\"https:\\\/\\\/eheating.lt\\\/en\\\/produktas\\\/danfoss-icon-24v-floor-heating-controller-15-zones-088u1142\\\/#primaryimage\"},\"thumbnailUrl\":\"https:\\\/\\\/eheating.lt\\\/wp-content\\\/uploads\\\/2023\\\/03\\\/Danfoss-Icon-24V-grindu-sildymo-valdiklis-15-zonu-2.png\",\"datePublished\":\"2023-03-21T06:12:21+00:00\",\"dateModified\":\"2024-03-21T17:50:58+00:00\",\"description\":\"Danfoss controller 15 zones; for Icon 24V series thermostats; 15 channels; NC \\\/ NO 24V actuators; Valve \\\"exercise\\\" ; Manufacturer code - 088U1142\",\"breadcrumb\":{\"@id\":\"https:\\\/\\\/eheating.lt\\\/en\\\/produktas\\\/danfoss-icon-24v-floor-heating-controller-15-zones-088u1142\\\/#breadcrumb\"},\"inLanguage\":\"en-US\",\"potentialAction\":[{\"@type\":\"ReadAction\",\"target\":[\"https:\\\/\\\/eheating.lt\\\/en\\\/produktas\\\/danfoss-icon-24v-floor-heating-controller-15-zones-088u1142\\\/\"]}]},{\"@type\":\"ImageObject\",\"inLanguage\":\"en-US\",\"@id\":\"https:\\\/\\\/eheating.lt\\\/en\\\/produktas\\\/danfoss-icon-24v-floor-heating-controller-15-zones-088u1142\\\/#primaryimage\",\"url\":\"https:\\\/\\\/eheating.lt\\\/wp-content\\\/uploads\\\/2023\\\/03\\\/Danfoss-Icon-24V-grindu-sildymo-valdiklis-15-zonu-2.png\",\"contentUrl\":\"https:\\\/\\\/eheating.lt\\\/wp-content\\\/uploads\\\/2023\\\/03\\\/Danfoss-Icon-24V-grindu-sildymo-valdiklis-15-zonu-2.png\",\"width\":800,\"height\":800,\"caption\":\"Danfoss Icon 24V grind\u0173 \u0161ildymo valdiklis 15 zon\u0173 088U1141\"},{\"@type\":\"BreadcrumbList\",\"@id\":\"https:\\\/\\\/eheating.lt\\\/en\\\/produktas\\\/danfoss-icon-24v-floor-heating-controller-15-zones-088u1142\\\/#breadcrumb\",\"itemListElement\":[{\"@type\":\"ListItem\",\"position\":1,\"name\":\"Prad\u017eia\",\"item\":\"https:\\\/\\\/eheating.lt\\\/en\\\/\"},{\"@type\":\"ListItem\",\"position\":2,\"name\":\"Shop\",\"item\":\"https:\\\/\\\/eheating.lt\\\/en\\\/?page_id=5734\"},{\"@type\":\"ListItem\",\"position\":3,\"name\":\"Danfoss Icon 24V floor heating controller 15 zones 088U1142\"}]},{\"@type\":\"WebSite\",\"@id\":\"https:\\\/\\\/eheating.lt\\\/#website\",\"url\":\"https:\\\/\\\/eheating.lt\\\/\",\"name\":\"eHeating\",\"description\":\"Elektronika ir \u0161ildymas\",\"potentialAction\":[{\"@type\":\"SearchAction\",\"target\":{\"@type\":\"EntryPoint\",\"urlTemplate\":\"https:\\\/\\\/eheating.lt\\\/?s={search_term_string}\"},\"query-input\":{\"@type\":\"PropertyValueSpecification\",\"valueRequired\":true,\"valueName\":\"search_term_string\"}}],\"inLanguage\":\"en-US\"}]}<\/script>\n<meta property=\"product:price:amount\" content=\"405.82\" \/>\n<meta property=\"product:price:currency\" content=\"EUR\" \/>\n<meta property=\"og:availability\" content=\"backorder\" \/>\n<meta property=\"product:availability\" content=\"available for order\" \/>\n<meta property=\"product:retailer_item_id\" content=\"DANFOSS-ICON-24V-VALDIKLIS-15Z\" \/>\n<meta property=\"product:condition\" content=\"new\" \/>\n<!-- \/ Yoast SEO Premium plugin. -->","yoast_head_json":{"title":"Danfoss Icon 24V floor heating controller 15 zones 088U1142","description":"Danfoss controller 15 zones; for Icon 24V series thermostats; 15 channels; NC \/ NO 24V actuators; Valve \"exercise\" ; Manufacturer code - 088U1142","robots":{"index":"index","follow":"follow","max-snippet":"max-snippet:-1","max-image-preview":"max-image-preview:large","max-video-preview":"max-video-preview:-1"},"canonical":"https:\/\/eheating.lt\/en\/produktas\/danfoss-icon-24v-floor-heating-controller-15-zones-088u1142\/","og_locale":"en_US","og_type":"article","og_title":"Danfoss Icon 24V floor heating controller 15 zones 088U1142","og_description":"Danfoss controller 15 zones; for Icon 24V series thermostats; 15 channels; NC \/ NO 24V actuators; Valve \"exercise\" ; Manufacturer code - 088U1142","og_url":"https:\/\/eheating.lt\/en\/produktas\/danfoss-icon-24v-floor-heating-controller-15-zones-088u1142\/","og_site_name":"Elektronika Namams","article_publisher":"https:\/\/www.facebook.com\/ElektronikaNamams","article_modified_time":"2024-03-21T17:50:58+00:00","og_image":[{"width":800,"height":800,"url":"https:\/\/eheating.lt\/wp-content\/uploads\/2023\/03\/Danfoss-Icon-24V-grindu-sildymo-valdiklis-15-zonu-2.png","type":"image\/png"}],"twitter_card":"summary_large_image","twitter_misc":{"Price":"477,43&nbsp;&euro; Original price was: 477,43&nbsp;&euro;.405,82&nbsp;&euro;Current price is: 405,82&nbsp;&euro;.","Availability":"On backorder"},"schema":{"@context":"https:\/\/schema.org","@graph":[{"@type":"WebPage","@id":"https:\/\/eheating.lt\/en\/produktas\/danfoss-icon-24v-floor-heating-controller-15-zones-088u1142\/","url":"https:\/\/eheating.lt\/en\/produktas\/danfoss-icon-24v-floor-heating-controller-15-zones-088u1142\/","name":"Danfoss Icon 24V floor heating controller 15 zones 088U1142","isPartOf":{"@id":"https:\/\/eheating.lt\/#website"},"primaryImageOfPage":{"@id":"https:\/\/eheating.lt\/en\/produktas\/danfoss-icon-24v-floor-heating-controller-15-zones-088u1142\/#primaryimage"},"image":{"@id":"https:\/\/eheating.lt\/en\/produktas\/danfoss-icon-24v-floor-heating-controller-15-zones-088u1142\/#primaryimage"},"thumbnailUrl":"https:\/\/eheating.lt\/wp-content\/uploads\/2023\/03\/Danfoss-Icon-24V-grindu-sildymo-valdiklis-15-zonu-2.png","datePublished":"2023-03-21T06:12:21+00:00","dateModified":"2024-03-21T17:50:58+00:00","description":"Danfoss controller 15 zones; for Icon 24V series thermostats; 15 channels; NC \/ NO 24V actuators; Valve \"exercise\" ; Manufacturer code - 088U1142","breadcrumb":{"@id":"https:\/\/eheating.lt\/en\/produktas\/danfoss-icon-24v-floor-heating-controller-15-zones-088u1142\/#breadcrumb"},"inLanguage":"en-US","potentialAction":[{"@type":"ReadAction","target":["https:\/\/eheating.lt\/en\/produktas\/danfoss-icon-24v-floor-heating-controller-15-zones-088u1142\/"]}]},{"@type":"ImageObject","inLanguage":"en-US","@id":"https:\/\/eheating.lt\/en\/produktas\/danfoss-icon-24v-floor-heating-controller-15-zones-088u1142\/#primaryimage","url":"https:\/\/eheating.lt\/wp-content\/uploads\/2023\/03\/Danfoss-Icon-24V-grindu-sildymo-valdiklis-15-zonu-2.png","contentUrl":"https:\/\/eheating.lt\/wp-content\/uploads\/2023\/03\/Danfoss-Icon-24V-grindu-sildymo-valdiklis-15-zonu-2.png","width":800,"height":800,"caption":"Danfoss Icon 24V grind\u0173 \u0161ildymo valdiklis 15 zon\u0173 088U1141"},{"@type":"BreadcrumbList","@id":"https:\/\/eheating.lt\/en\/produktas\/danfoss-icon-24v-floor-heating-controller-15-zones-088u1142\/#breadcrumb","itemListElement":[{"@type":"ListItem","position":1,"name":"Prad\u017eia","item":"https:\/\/eheating.lt\/en\/"},{"@type":"ListItem","position":2,"name":"Shop","item":"https:\/\/eheating.lt\/en\/?page_id=5734"},{"@type":"ListItem","position":3,"name":"Danfoss Icon 24V floor heating controller 15 zones 088U1142"}]},{"@type":"WebSite","@id":"https:\/\/eheating.lt\/#website","url":"https:\/\/eheating.lt\/","name":"eHeating","description":"Elektronika ir \u0161ildymas","potentialAction":[{"@type":"SearchAction","target":{"@type":"EntryPoint","urlTemplate":"https:\/\/eheating.lt\/?s={search_term_string}"},"query-input":{"@type":"PropertyValueSpecification","valueRequired":true,"valueName":"search_term_string"}}],"inLanguage":"en-US"}]},"product_price_amount":"405.82","product_price_currency":"EUR","og_availability":"backorder","product_availability":"available for order","product_retailer_item_id":"DANFOSS-ICON-24V-VALDIKLIS-15Z","product_condition":"new"},"_links":{"self":[{"href":"https:\/\/eheating.lt\/en\/wp-json\/wp\/v2\/product\/33151","targetHints":{"allow":["GET"]}}],"collection":[{"href":"https:\/\/eheating.lt\/en\/wp-json\/wp\/v2\/product"}],"about":[{"href":"https:\/\/eheating.lt\/en\/wp-json\/wp\/v2\/types\/product"}],"replies":[{"embeddable":true,"href":"https:\/\/eheating.lt\/en\/wp-json\/wp\/v2\/comments?post=33151"}],"version-history":[{"count":0,"href":"https:\/\/eheating.lt\/en\/wp-json\/wp\/v2\/product\/33151\/revisions"}],"wp:featuredmedia":[{"embeddable":true,"href":"https:\/\/eheating.lt\/en\/wp-json\/wp\/v2\/media\/9362"}],"wp:attachment":[{"href":"https:\/\/eheating.lt\/en\/wp-json\/wp\/v2\/media?parent=33151"}],"wp:term":[{"taxonomy":"product_brand","embeddable":true,"href":"https:\/\/eheating.lt\/en\/wp-json\/wp\/v2\/product_brand?post=33151"},{"taxonomy":"product_cat","embeddable":true,"href":"https:\/\/eheating.lt\/en\/wp-json\/wp\/v2\/product_cat?post=33151"},{"taxonomy":"product_tag","embeddable":true,"href":"https:\/\/eheating.lt\/en\/wp-json\/wp\/v2\/product_tag?post=33151"}],"curies":[{"name":"wp","href":"https:\/\/api.w.org\/{rel}","templated":true}]}}