{"id":32993,"date":"2024-11-21T14:48:08","date_gmt":"2024-11-21T12:48:08","guid":{"rendered":"https:\/\/eheating.lt\/?post_type=product&#038;p=32993"},"modified":"2024-11-24T17:10:38","modified_gmt":"2024-11-24T15:10:38","slug":"kistukinis-lizdas-su-izeminimu-jung-ls1520swm-juodas-matinis-16a-250v","status":"publish","type":"product","link":"https:\/\/eheating.lt\/en\/produktas\/kistukinis-lizdas-su-izeminimu-jung-ls1520swm-juodas-matinis-16a-250v\/","title":{"rendered":"Ki\u0161tukinis lizdas su \u012f\u017eeminimu JUNG LS1520SWM"},"content":{"rendered":"","protected":false},"excerpt":{"rendered":"<ul>\n<li>Gamintojas: JUNG<\/li>\n<li>Spalva: juoda, matin\u0117<\/li>\n<li>Vardin\u0117 srov\u0117: 16A<\/li>\n<li>Vardin\u0117 \u012ftampa: 250V<\/li>\n<li>Su \u012f\u017eeminimu<\/li>\n<\/ul>\n","protected":false},"featured_media":37478,"comment_status":"closed","ping_status":"closed","template":"","meta":[],"product_brand":[],"product_cat":[1346,1364,1518],"product_tag":[],"class_list":{"0":"post-32993","1":"product","2":"type-product","3":"status-publish","4":"has-post-thumbnail","6":"product_cat-elektros-prekes","7":"product_cat-jungikliai-kistukiniai-lizdai","8":"product_cat-potinkiniai-kistukiniai-lizdai","10":"first","11":"instock","12":"purchasable","13":"product-type-simple"},"yoast_head":"<!-- This site is optimized with the Yoast SEO Premium plugin v21.5 (Yoast SEO v27.3) - https:\/\/yoast.com\/product\/yoast-seo-premium-wordpress\/ -->\n<title>Ki\u0161tukinis lizdas su \u012f\u017eeminimu JUNG LS1520SWM (juodas, matinis, 16A\/250V)<\/title>\n<meta name=\"robots\" content=\"index, follow, max-snippet:-1, max-image-preview:large, max-video-preview:-1\" \/>\n<link rel=\"canonical\" href=\"https:\/\/eheating.lt\/en\/produktas\/kistukinis-lizdas-su-izeminimu-jung-ls1520swm-juodas-matinis-16a-250v\/\" \/>\n<meta property=\"og:locale\" content=\"en_US\" \/>\n<meta property=\"og:type\" content=\"article\" \/>\n<meta property=\"og:title\" content=\"Ki\u0161tukinis lizdas su \u012f\u017eeminimu JUNG LS1520SWM (juodas, matinis, 16A\/250V)\" \/>\n<meta property=\"og:description\" content=\"Gamintojas: JUNG  Spalva: juoda, matin\u0117  Vardin\u0117 srov\u0117: 16A  Vardin\u0117 \u012ftampa: 250V  Su \u012f\u017eeminimu\" \/>\n<meta property=\"og:url\" content=\"https:\/\/eheating.lt\/en\/produktas\/kistukinis-lizdas-su-izeminimu-jung-ls1520swm-juodas-matinis-16a-250v\/\" \/>\n<meta property=\"og:site_name\" content=\"Elektronika Namams\" \/>\n<meta property=\"article:publisher\" content=\"https:\/\/www.facebook.com\/ElektronikaNamams\" \/>\n<meta property=\"article:modified_time\" content=\"2024-11-24T15:10:38+00:00\" \/>\n<meta property=\"og:image\" content=\"https:\/\/eheating.lt\/wp-content\/uploads\/2024\/02\/Kistukinis-lizdas-su-izeminimu-JUNG-LS1520SWM-juodas-matinis-16A250V.png\" \/>\n\t<meta property=\"og:image:width\" content=\"800\" \/>\n\t<meta property=\"og:image:height\" content=\"800\" \/>\n\t<meta property=\"og:image:type\" content=\"image\/png\" \/>\n<meta name=\"twitter:card\" content=\"summary_large_image\" \/>\n<meta name=\"twitter:label1\" content=\"Price\" \/>\n\t<meta name=\"twitter:data1\" content=\"18,97&nbsp;&euro;\" \/>\n\t<meta name=\"twitter:label2\" content=\"Availability\" \/>\n\t<meta name=\"twitter:data2\" content=\"In stock\" \/>\n<script type=\"application\/ld+json\" class=\"yoast-schema-graph\">{\"@context\":\"https:\\\/\\\/schema.org\",\"@graph\":[{\"@type\":\"WebPage\",\"@id\":\"https:\\\/\\\/eheating.lt\\\/en\\\/produktas\\\/kistukinis-lizdas-su-izeminimu-jung-ls1520swm-juodas-matinis-16a-250v\\\/\",\"url\":\"https:\\\/\\\/eheating.lt\\\/en\\\/produktas\\\/kistukinis-lizdas-su-izeminimu-jung-ls1520swm-juodas-matinis-16a-250v\\\/\",\"name\":\"Ki\u0161tukinis lizdas su \u012f\u017eeminimu JUNG LS1520SWM (juodas, matinis, 16A\\\/250V)\",\"isPartOf\":{\"@id\":\"https:\\\/\\\/eheating.lt\\\/#website\"},\"primaryImageOfPage\":{\"@id\":\"https:\\\/\\\/eheating.lt\\\/en\\\/produktas\\\/kistukinis-lizdas-su-izeminimu-jung-ls1520swm-juodas-matinis-16a-250v\\\/#primaryimage\"},\"image\":{\"@id\":\"https:\\\/\\\/eheating.lt\\\/en\\\/produktas\\\/kistukinis-lizdas-su-izeminimu-jung-ls1520swm-juodas-matinis-16a-250v\\\/#primaryimage\"},\"thumbnailUrl\":\"https:\\\/\\\/eheating.lt\\\/wp-content\\\/uploads\\\/2024\\\/02\\\/Kistukinis-lizdas-su-izeminimu-JUNG-LS1520SWM-juodas-matinis-16A250V.png\",\"datePublished\":\"2024-11-21T12:48:08+00:00\",\"dateModified\":\"2024-11-24T15:10:38+00:00\",\"breadcrumb\":{\"@id\":\"https:\\\/\\\/eheating.lt\\\/en\\\/produktas\\\/kistukinis-lizdas-su-izeminimu-jung-ls1520swm-juodas-matinis-16a-250v\\\/#breadcrumb\"},\"inLanguage\":\"en-US\",\"potentialAction\":[{\"@type\":\"ReadAction\",\"target\":[\"https:\\\/\\\/eheating.lt\\\/en\\\/produktas\\\/kistukinis-lizdas-su-izeminimu-jung-ls1520swm-juodas-matinis-16a-250v\\\/\"]}]},{\"@type\":\"ImageObject\",\"inLanguage\":\"en-US\",\"@id\":\"https:\\\/\\\/eheating.lt\\\/en\\\/produktas\\\/kistukinis-lizdas-su-izeminimu-jung-ls1520swm-juodas-matinis-16a-250v\\\/#primaryimage\",\"url\":\"https:\\\/\\\/eheating.lt\\\/wp-content\\\/uploads\\\/2024\\\/02\\\/Kistukinis-lizdas-su-izeminimu-JUNG-LS1520SWM-juodas-matinis-16A250V.png\",\"contentUrl\":\"https:\\\/\\\/eheating.lt\\\/wp-content\\\/uploads\\\/2024\\\/02\\\/Kistukinis-lizdas-su-izeminimu-JUNG-LS1520SWM-juodas-matinis-16A250V.png\",\"width\":800,\"height\":800,\"caption\":\"Ki\u0161tukinis lizdas su \u012f\u017eeminimu JUNG LS1520SWM (juodas, matinis, 16A\\\/250V)\"},{\"@type\":\"BreadcrumbList\",\"@id\":\"https:\\\/\\\/eheating.lt\\\/en\\\/produktas\\\/kistukinis-lizdas-su-izeminimu-jung-ls1520swm-juodas-matinis-16a-250v\\\/#breadcrumb\",\"itemListElement\":[{\"@type\":\"ListItem\",\"position\":1,\"name\":\"Prad\u017eia\",\"item\":\"https:\\\/\\\/eheating.lt\\\/en\\\/\"},{\"@type\":\"ListItem\",\"position\":2,\"name\":\"Shop\",\"item\":\"https:\\\/\\\/eheating.lt\\\/en\\\/?page_id=5734\"},{\"@type\":\"ListItem\",\"position\":3,\"name\":\"Ki\u0161tukinis lizdas su \u012f\u017eeminimu JUNG LS1520SWM (juodas, matinis, 16A\\\/250V)\"}]},{\"@type\":\"WebSite\",\"@id\":\"https:\\\/\\\/eheating.lt\\\/#website\",\"url\":\"https:\\\/\\\/eheating.lt\\\/\",\"name\":\"eHeating\",\"description\":\"Elektronika ir \u0161ildymas\",\"potentialAction\":[{\"@type\":\"SearchAction\",\"target\":{\"@type\":\"EntryPoint\",\"urlTemplate\":\"https:\\\/\\\/eheating.lt\\\/?s={search_term_string}\"},\"query-input\":{\"@type\":\"PropertyValueSpecification\",\"valueRequired\":true,\"valueName\":\"search_term_string\"}}],\"inLanguage\":\"en-US\"}]}<\/script>\n<meta property=\"product:price:amount\" content=\"18.97\" \/>\n<meta property=\"product:price:currency\" content=\"EUR\" \/>\n<meta property=\"og:availability\" content=\"instock\" \/>\n<meta property=\"product:availability\" content=\"instock\" \/>\n<meta property=\"product:retailer_item_id\" content=\"prj6izeenaqu\" \/>\n<meta property=\"product:condition\" content=\"new\" \/>\n<!-- \/ Yoast SEO Premium plugin. -->","yoast_head_json":{"title":"Ki\u0161tukinis lizdas su \u012f\u017eeminimu JUNG LS1520SWM (juodas, matinis, 16A\/250V)","robots":{"index":"index","follow":"follow","max-snippet":"max-snippet:-1","max-image-preview":"max-image-preview:large","max-video-preview":"max-video-preview:-1"},"canonical":"https:\/\/eheating.lt\/en\/produktas\/kistukinis-lizdas-su-izeminimu-jung-ls1520swm-juodas-matinis-16a-250v\/","og_locale":"en_US","og_type":"article","og_title":"Ki\u0161tukinis lizdas su \u012f\u017eeminimu JUNG LS1520SWM (juodas, matinis, 16A\/250V)","og_description":"Gamintojas: JUNG  Spalva: juoda, matin\u0117  Vardin\u0117 srov\u0117: 16A  Vardin\u0117 \u012ftampa: 250V  Su \u012f\u017eeminimu","og_url":"https:\/\/eheating.lt\/en\/produktas\/kistukinis-lizdas-su-izeminimu-jung-ls1520swm-juodas-matinis-16a-250v\/","og_site_name":"Elektronika Namams","article_publisher":"https:\/\/www.facebook.com\/ElektronikaNamams","article_modified_time":"2024-11-24T15:10:38+00:00","og_image":[{"width":800,"height":800,"url":"https:\/\/eheating.lt\/wp-content\/uploads\/2024\/02\/Kistukinis-lizdas-su-izeminimu-JUNG-LS1520SWM-juodas-matinis-16A250V.png","type":"image\/png"}],"twitter_card":"summary_large_image","twitter_misc":{"Price":"18,97&nbsp;&euro;","Availability":"In stock"},"schema":{"@context":"https:\/\/schema.org","@graph":[{"@type":"WebPage","@id":"https:\/\/eheating.lt\/en\/produktas\/kistukinis-lizdas-su-izeminimu-jung-ls1520swm-juodas-matinis-16a-250v\/","url":"https:\/\/eheating.lt\/en\/produktas\/kistukinis-lizdas-su-izeminimu-jung-ls1520swm-juodas-matinis-16a-250v\/","name":"Ki\u0161tukinis lizdas su \u012f\u017eeminimu JUNG LS1520SWM (juodas, matinis, 16A\/250V)","isPartOf":{"@id":"https:\/\/eheating.lt\/#website"},"primaryImageOfPage":{"@id":"https:\/\/eheating.lt\/en\/produktas\/kistukinis-lizdas-su-izeminimu-jung-ls1520swm-juodas-matinis-16a-250v\/#primaryimage"},"image":{"@id":"https:\/\/eheating.lt\/en\/produktas\/kistukinis-lizdas-su-izeminimu-jung-ls1520swm-juodas-matinis-16a-250v\/#primaryimage"},"thumbnailUrl":"https:\/\/eheating.lt\/wp-content\/uploads\/2024\/02\/Kistukinis-lizdas-su-izeminimu-JUNG-LS1520SWM-juodas-matinis-16A250V.png","datePublished":"2024-11-21T12:48:08+00:00","dateModified":"2024-11-24T15:10:38+00:00","breadcrumb":{"@id":"https:\/\/eheating.lt\/en\/produktas\/kistukinis-lizdas-su-izeminimu-jung-ls1520swm-juodas-matinis-16a-250v\/#breadcrumb"},"inLanguage":"en-US","potentialAction":[{"@type":"ReadAction","target":["https:\/\/eheating.lt\/en\/produktas\/kistukinis-lizdas-su-izeminimu-jung-ls1520swm-juodas-matinis-16a-250v\/"]}]},{"@type":"ImageObject","inLanguage":"en-US","@id":"https:\/\/eheating.lt\/en\/produktas\/kistukinis-lizdas-su-izeminimu-jung-ls1520swm-juodas-matinis-16a-250v\/#primaryimage","url":"https:\/\/eheating.lt\/wp-content\/uploads\/2024\/02\/Kistukinis-lizdas-su-izeminimu-JUNG-LS1520SWM-juodas-matinis-16A250V.png","contentUrl":"https:\/\/eheating.lt\/wp-content\/uploads\/2024\/02\/Kistukinis-lizdas-su-izeminimu-JUNG-LS1520SWM-juodas-matinis-16A250V.png","width":800,"height":800,"caption":"Ki\u0161tukinis lizdas su \u012f\u017eeminimu JUNG LS1520SWM (juodas, matinis, 16A\/250V)"},{"@type":"BreadcrumbList","@id":"https:\/\/eheating.lt\/en\/produktas\/kistukinis-lizdas-su-izeminimu-jung-ls1520swm-juodas-matinis-16a-250v\/#breadcrumb","itemListElement":[{"@type":"ListItem","position":1,"name":"Prad\u017eia","item":"https:\/\/eheating.lt\/en\/"},{"@type":"ListItem","position":2,"name":"Shop","item":"https:\/\/eheating.lt\/en\/?page_id=5734"},{"@type":"ListItem","position":3,"name":"Ki\u0161tukinis lizdas su \u012f\u017eeminimu JUNG LS1520SWM (juodas, matinis, 16A\/250V)"}]},{"@type":"WebSite","@id":"https:\/\/eheating.lt\/#website","url":"https:\/\/eheating.lt\/","name":"eHeating","description":"Elektronika ir \u0161ildymas","potentialAction":[{"@type":"SearchAction","target":{"@type":"EntryPoint","urlTemplate":"https:\/\/eheating.lt\/?s={search_term_string}"},"query-input":{"@type":"PropertyValueSpecification","valueRequired":true,"valueName":"search_term_string"}}],"inLanguage":"en-US"}]},"product_price_amount":"18.97","product_price_currency":"EUR","og_availability":"instock","product_availability":"instock","product_retailer_item_id":"prj6izeenaqu","product_condition":"new"},"_links":{"self":[{"href":"https:\/\/eheating.lt\/en\/wp-json\/wp\/v2\/product\/32993","targetHints":{"allow":["GET"]}}],"collection":[{"href":"https:\/\/eheating.lt\/en\/wp-json\/wp\/v2\/product"}],"about":[{"href":"https:\/\/eheating.lt\/en\/wp-json\/wp\/v2\/types\/product"}],"replies":[{"embeddable":true,"href":"https:\/\/eheating.lt\/en\/wp-json\/wp\/v2\/comments?post=32993"}],"version-history":[{"count":0,"href":"https:\/\/eheating.lt\/en\/wp-json\/wp\/v2\/product\/32993\/revisions"}],"wp:featuredmedia":[{"embeddable":true,"href":"https:\/\/eheating.lt\/en\/wp-json\/wp\/v2\/media\/37478"}],"wp:attachment":[{"href":"https:\/\/eheating.lt\/en\/wp-json\/wp\/v2\/media?parent=32993"}],"wp:term":[{"taxonomy":"product_brand","embeddable":true,"href":"https:\/\/eheating.lt\/en\/wp-json\/wp\/v2\/product_brand?post=32993"},{"taxonomy":"product_cat","embeddable":true,"href":"https:\/\/eheating.lt\/en\/wp-json\/wp\/v2\/product_cat?post=32993"},{"taxonomy":"product_tag","embeddable":true,"href":"https:\/\/eheating.lt\/en\/wp-json\/wp\/v2\/product_tag?post=32993"}],"curies":[{"name":"wp","href":"https:\/\/api.w.org\/{rel}","templated":true}]}}